{"id":6655,"date":"2026-04-06T10:51:52","date_gmt":"2026-04-06T08:51:52","guid":{"rendered":"https:\/\/apexvape.de\/?post_type=product&#038;p=6655"},"modified":"2026-04-06T10:52:28","modified_gmt":"2026-04-06T08:52:28","slug":"airmez-fox-6-in-1-140k","status":"publish","type":"product","link":"https:\/\/apexvape.de\/hu\/product\/airmez-fox-6-in-1-140k\/","title":{"rendered":"Airmez FOX 6 IN 1 140K puff 140K puff eldobhat\u00f3 vape"},"content":{"rendered":"<h1>Airmez FOX 6 IN 1 140K Puffs eldobhat\u00f3 vape | 6 \u00edz egy k\u00e9sz\u00fcl\u00e9kben<\/h1>\n<p>Az Airmez FOX 6 IN 1 140K hat \u00edz\u00e9lm\u00e9nyt k\u00edn\u00e1l egyetlen k\u00e9sz\u00fcl\u00e9kben, amelyet a h\u00e1rom tart\u00e1lyban l\u00e9v\u0151 45 ml-es teljes e-folyad\u00e9k kapacit\u00e1s t\u00e1mogat az extra hossz\u00fa haszn\u00e1lati id\u0151 \u00e9rdek\u00e9ben. A fejlett h\u00e1l\u00f3s tekercs egyenletes f\u0171t\u00e9st \u00e9s sima, \u00edzgazdag g\u0151zt biztos\u00edt minden egyes slukkn\u00e1l. A 650 mAh-s akkumul\u00e1tor C-t\u00edpus\u00fa gyorst\u00f6lt\u00e9ssel stabil teljes\u00edtm\u00e9nyt \u00e9s minim\u00e1lis le\u00e1ll\u00e1si id\u0151t biztos\u00edt. Az egyszer\u0171 h\u00faz\u00e1saktiv\u00e1l\u00f3 rendszernek k\u00f6sz\u00f6nhet\u0151en nincs sz\u00fcks\u00e9g gombokra vagy be\u00e1ll\u00edt\u00e1sra. A 3 % nikotin er\u0151ss\u00e9g\u0171 nikotinb\u00f3l \u00e1ll\u00f3 k\u00e9sz\u00fcl\u00e9k m\u00e1r a dobozb\u00f3l kiv\u00e9ve kiel\u00e9g\u00edt\u0151 \u00e9lm\u00e9nyt ny\u00fajt.<\/p>\n<p><img decoding=\"async\" class=\"alignnone size-large wp-image-6678\" src=\"https:\/\/spcdn.shortpixel.ai\/spio\/ret_img,q_cdnize,to_webp,s_webp\/apexvape.de\/wp-content\/uploads\/2026\/04\/banner-1024x320.png\" alt=\"Airmez FOX 6 IN 1 140K\" width=\"1024\" height=\"320\" srcset=\"https:\/\/spcdn.shortpixel.ai\/spio\/ret_img,q_cdnize,to_webp,s_webp\/apexvape.de\/wp-content\/uploads\/2026\/04\/banner-1024x320.png 1024w, https:\/\/spcdn.shortpixel.ai\/spio\/ret_img,q_cdnize,to_webp,s_webp\/apexvape.de\/wp-content\/uploads\/2026\/04\/banner-300x94.png 300w, https:\/\/spcdn.shortpixel.ai\/spio\/ret_img,q_cdnize,to_webp,s_webp\/apexvape.de\/wp-content\/uploads\/2026\/04\/banner-768x240.png 768w, https:\/\/spcdn.shortpixel.ai\/spio\/ret_img,q_cdnize,to_webp,s_webp\/apexvape.de\/wp-content\/uploads\/2026\/04\/banner-1536x480.png 1536w, https:\/\/spcdn.shortpixel.ai\/spio\/ret_img,q_cdnize,to_webp,s_webp\/apexvape.de\/wp-content\/uploads\/2026\/04\/banner-2048x640.png 2048w, https:\/\/spcdn.shortpixel.ai\/spio\/ret_img,q_cdnize,to_webp,s_webp\/apexvape.de\/wp-content\/uploads\/2026\/04\/banner-18x6.png 18w, https:\/\/spcdn.shortpixel.ai\/spio\/ret_img,q_cdnize,to_webp,s_webp\/apexvape.de\/wp-content\/uploads\/2026\/04\/banner-1200x375.png 1200w, https:\/\/spcdn.shortpixel.ai\/spio\/ret_img,q_cdnize,to_webp,s_webp\/apexvape.de\/wp-content\/uploads\/2026\/04\/banner-150x47.png 150w\" sizes=\"(max-width: 1024px) 100vw, 1024px\" \/><\/p>\n<h2>Airmez FOX 6 IN 1 140K Puffs - A legfontosabb tudnival\u00f3k<\/h2>\n<p>Az Airmez FOX 6 IN 1 140K a kompromisszumok n\u00e9lk\u00fcli v\u00e1ltozatoss\u00e1got keres\u0151 vaperek sz\u00e1m\u00e1ra lett kifejlesztve. A 6 az 1-ben \u00edzrendszer hat k\u00fcl\u00f6nb\u00f6z\u0151 \u00edz\u00e9lm\u00e9nyt ny\u00fajt egyetlen k\u00e9sz\u00fcl\u00e9kben, m\u00edg a nagyvonal\u00fa, 15 ml \u00d7 3 tart\u00e1lyos e-folyad\u00e9k kapacit\u00e1s hossz\u00fa t\u00e1v\u00fa haszn\u00e1latot biztos\u00edt gyakori csere n\u00e9lk\u00fcl.<\/p>\n<p>A teljes\u00edtm\u00e9nyt egy fejlett h\u00e1l\u00f3s tekercs hajtja, amely egyenletes f\u0171t\u00e9st, jobb \u00edzvil\u00e1got \u00e9s egyenletesen egyenletes g\u0151z\u00f6l\u00e9st biztos\u00edt. A C t\u00edpus\u00fa t\u00f6lt\u0151porttal ell\u00e1tott 650 mAh-s akkumul\u00e1tor stabil teljes\u00edtm\u00e9nyt \u00e9s mindennapi k\u00e9nyelmet biztos\u00edt a k\u00e9sz\u00fcl\u00e9knek.<\/p>\n<p>A k\u00e9sz\u00fcl\u00e9ket az egyszer\u0171s\u00e9gre tervezt\u00e9k - nincsenek gombok, nincs be\u00e1ll\u00edt\u00e1s, csak h\u00fazza az aktiv\u00e1l\u00e1shoz. A szabv\u00e1nyos\u00edtott 3 % nikotiner\u0151ss\u00e9ggel kiel\u00e9g\u00edt\u0151 \u00e9s megfelel\u0151 \u00e9lm\u00e9nyt ny\u00fajt, amely a felhaszn\u00e1l\u00f3k sz\u00e9les k\u00f6r\u00e9nek alkalmas a dobozb\u00f3l kiv\u00e9ve.<\/p>\n<h2>M\u0171szaki adatok - Airmez FOX 6 IN 1 140K Puff - Airmez FOX 6 IN 1 140K Puffs<\/h2>\n<table>\n<thead>\n<tr>\n<th>Jellemz\u0151<\/th>\n<th>r\u00e9szletek<\/th>\n<\/tr>\n<\/thead>\n<tbody>\n<tr>\n<td>A vonatok maxim\u00e1lis sz\u00e1ma<\/td>\n<td>140 000 vonat<\/td>\n<\/tr>\n<tr>\n<td>Nikotin er\u0151ss\u00e9ge<\/td>\n<td>3 %<\/td>\n<\/tr>\n<tr>\n<td>El\u0151re felt\u00f6lt\u00f6tt kapacit\u00e1s<\/td>\n<td>15 ml \u00d7 3 tart\u00e1ly (\u00f6sszesen 45 ml)<\/td>\n<\/tr>\n<tr>\n<td>Az akkumul\u00e1tor kapacit\u00e1sa<\/td>\n<td>650 mAh<\/td>\n<\/tr>\n<tr>\n<td>T\u00f6lt\u0151csatlakoz\u00e1s<\/td>\n<td>USB Type-C<\/td>\n<\/tr>\n<tr>\n<td>Csomagol\u00e1si egys\u00e9g<\/td>\n<td>1 doboz = 10 darab<\/td>\n<\/tr>\n<tr>\n<td>M\u0171velet<\/td>\n<td>Vonat aktiv\u00e1l\u00e1sa<\/td>\n<\/tr>\n<\/tbody>\n<\/table>\n<h2>Airmez FOX 6 IN 1 140K Puffs - El\u00e9rhet\u0151 \u00edzek<\/h2>\n<ol>\n<li>Szerelem 66 \/ Bogy\u00f3s limon\u00e1d\u00e9 \/ Fizzy Cherry<\/li>\n<li>Vegyes bogy\u00f3s gy\u00fcm\u00f6lcs\u00f6k \/ Blue Razz limon\u00e1d\u00e9 \/ Cherry Berry<\/li>\n<li>S\u00e1rk\u00e1nygy\u00fcm\u00f6lcs j\u00e9g \/ Gy\u00fcm\u00f6lcs\u00f6s f\u00fazi\u00f3 \/ M\u00e1lna g\u00f6r\u00f6gdinnye<\/li>\n<li>Cseresznye \/ Cola Ice \/ Mang\u00f3 Ice<\/li>\n<li>Barack j\u00e9g \/ Mang\u00f3 j\u00e9g \/ Dr. K\u00e9k<\/li>\n<li>Eper Ban\u00e1n \/ Vimto \/ \u00c1fonya Cseresznye \u00c1fonya<\/li>\n<li>Eper j\u00e9g \/ R\u00f3zsasz\u00edn limon\u00e1d\u00e9 \/ Bingo Crush<\/li>\n<li>Szerelem 66 \/ Eper Kiwi \/ Barack Mango<\/li>\n<li>Eper g\u00f6r\u00f6gdinnye \/ H\u00e1romszoros dinnye \/ K\u00e9k Razz Ice<\/li>\n<li>G\u00f6r\u00f6gdinnye j\u00e9g \/ Bingo Crush \/ Vegyes bogy\u00f3s gy\u00fcm\u00f6lcs\u00f6k<\/li>\n<\/ol>\n<h2>Gyakran ism\u00e9telt k\u00e9rd\u00e9sek (GYIK) - Airmez FOX 6 IN 1 140K Puffok<\/h2>\n<p><strong>1. k\u00e9rd\u00e9s: Mi k\u00fcl\u00f6nb\u00f6zteti meg az Airmez FOX 6 IN 1 140K-t a t\u00f6bbi eldobhat\u00f3 p\u00e1rologtat\u00f3t\u00f3l?<\/strong> Az Airmez FOX 6 IN 1 140K kiemelkedik a 6 az 1-ben \u00edzrendszer\u00e9vel, amely hat k\u00fcl\u00f6nb\u00f6z\u0151 \u00edz\u00e9lm\u00e9nyt k\u00edn\u00e1l egyetlen k\u00e9sz\u00fcl\u00e9kben - a k\u00fcl\u00f6n\u00f6sen hossz\u00fa \u00e9lettartamot biztos\u00edt\u00f3 45 ml-es teljes e-folyad\u00e9k kapacit\u00e1ssal kombin\u00e1lva.<\/p>\n<p><strong>2. k\u00e9rd\u00e9s: Mennyi e-folyad\u00e9k f\u00e9r el ebben a k\u00e9sz\u00fcl\u00e9kben?<\/strong> A k\u00e9sz\u00fcl\u00e9k h\u00e1rom k\u00fcl\u00f6n\u00e1ll\u00f3 15 ml-es tart\u00e1llyal rendelkezik, amelyek teljes kapacit\u00e1sa 45 ml e-folyad\u00e9k - \u00fagy tervezt\u00e9k, hogy cs\u00f6kkentse a gyakori cser\u00e9ket \u00e9s hosszabb g\u0151z\u00f6l\u00e9st tegyen lehet\u0151v\u00e9.<\/p>\n<p><strong>3. k\u00e9rd\u00e9s: Milyen t\u00edpus\u00fa tekercset haszn\u00e1l ez a p\u00e1rologtat\u00f3?<\/strong> Fejlett h\u00e1l\u00f3s tekerccsel van felszerelve, amely egyenletes f\u0171t\u00e9st, jobb \u00edzvil\u00e1got \u00e9s egyenletesen egyenletes g\u0151z\u00f6l\u00e9st biztos\u00edt minden egyes slukkn\u00e1l.<\/p>\n<p><strong>4. k\u00e9rd\u00e9s: Hogyan m\u0171k\u00f6dik az akkumul\u00e1tor \u00e9s a t\u00f6lt\u00e9s?<\/strong> A k\u00e9sz\u00fcl\u00e9ket egy 650 mAh kapacit\u00e1s\u00fa akkumul\u00e1tor t\u00e1pl\u00e1lja C-t\u00edpus\u00fa t\u00f6lt\u0151csatlakoz\u00e1ssal, \u00e9s stabil teljes\u00edtm\u00e9nyt, valamint gyors \u00e9s k\u00e9nyelmes t\u00f6lt\u00e9st biztos\u00edt b\u00e1rmikor.<\/p>\n<p><strong>5. k\u00e9rd\u00e9s: Alkalmas ez a k\u00e9sz\u00fcl\u00e9k kezd\u0151knek?<\/strong> Abszol\u00fat. A k\u00e9sz\u00fcl\u00e9k nem ig\u00e9nyel gombokat vagy be\u00e1ll\u00edt\u00e1sokat - egyszer\u0171en csak h\u00fazza meg az aktiv\u00e1l\u00e1shoz. Az egyszer\u0171 3 % nikotiner\u0151ss\u00e9g\u0171 k\u00e9sz\u00fcl\u00e9k minden tapasztalati szint sz\u00e1m\u00e1ra probl\u00e9mamentes v\u00e1laszt\u00e1s.<\/p>\n<h2>Fedezzen fel t\u00f6bb AIRMEZ VAPE-t az Apexvape-n\u00e9l<\/h2>\n<p>Az Airmez FOX 6 IN 1 140K csak egy a k\u00edn\u00e1latunkban tal\u00e1lhat\u00f3 sz\u00e1mos izgalmas lehet\u0151s\u00e9g k\u00f6z\u00fcl. Az \u00f6sszes el\u00e9rhet\u0151 term\u00e9k teljes \u00e1ttekint\u00e9s\u00e9t megtal\u00e1lja a k\u00f6vetkez\u0151 weboldalunkon <strong><a href=\"https:\/\/apexvape.de\/hu\/\">honlap<\/a><\/strong>. Az \u00f6sszes Airmez m\u00e1rk\u00e1j\u00fa modell - bele\u00e9rtve a leg\u00fajabb kiad\u00e1sokat is - egy\u00e9rtelm\u0171en szerepel a <strong><a href=\"https:\/\/apexvape.de\/hu\/product-category\/airmez-vape\/\">Airmez Vape kateg\u00f3ria<\/a><\/strong> \u00f6sszefoglalva.<\/p>","protected":false},"excerpt":{"rendered":"<p class=\"font-claude-response-body break-words whitespace-normal leading-[1.7]\">Der Airmez FOX 6 IN 1 140K bietet 140.000 Z\u00fcge, 45 ml E-Liquid auf 3 Tanks und ein 6-in-1-Aromasystem. Advanced Mesh Coil, zugaktiviert ohne Kn\u00f6pfe, 650-mAh-Akku mit Type-C-Schnellladung \u2013 mit 3 % Nikotin direkt einsatzbereit.<\/p>\n<p class=\"font-claude-response-body break-words whitespace-normal leading-[1.7]\">\n","protected":false},"featured_media":6667,"comment_status":"open","ping_status":"closed","template":"","meta":[],"product_brand":[],"product_cat":[86],"product_tag":[],"class_list":{"0":"post-6655","1":"product","2":"type-product","3":"status-publish","4":"has-post-thumbnail","6":"product_cat-airmez-vape","8":"first","9":"instock","10":"shipping-taxable","11":"purchasable","12":"product-type-variable"},"_links":{"self":[{"href":"https:\/\/apexvape.de\/hu\/wp-json\/wp\/v2\/product\/6655","targetHints":{"allow":["GET"]}}],"collection":[{"href":"https:\/\/apexvape.de\/hu\/wp-json\/wp\/v2\/product"}],"about":[{"href":"https:\/\/apexvape.de\/hu\/wp-json\/wp\/v2\/types\/product"}],"replies":[{"embeddable":true,"href":"https:\/\/apexvape.de\/hu\/wp-json\/wp\/v2\/comments?post=6655"}],"version-history":[{"count":0,"href":"https:\/\/apexvape.de\/hu\/wp-json\/wp\/v2\/product\/6655\/revisions"}],"wp:featuredmedia":[{"embeddable":true,"href":"https:\/\/apexvape.de\/hu\/wp-json\/wp\/v2\/media\/6667"}],"wp:attachment":[{"href":"https:\/\/apexvape.de\/hu\/wp-json\/wp\/v2\/media?parent=6655"}],"wp:term":[{"taxonomy":"product_brand","embeddable":true,"href":"https:\/\/apexvape.de\/hu\/wp-json\/wp\/v2\/product_brand?post=6655"},{"taxonomy":"product_cat","embeddable":true,"href":"https:\/\/apexvape.de\/hu\/wp-json\/wp\/v2\/product_cat?post=6655"},{"taxonomy":"product_tag","embeddable":true,"href":"https:\/\/apexvape.de\/hu\/wp-json\/wp\/v2\/product_tag?post=6655"}],"curies":[{"name":"wp","href":"https:\/\/api.w.org\/{rel}","templated":true}]}}