{"id":6531,"date":"2026-03-15T14:21:33","date_gmt":"2026-03-15T13:21:33","guid":{"rendered":"https:\/\/apexvape.de\/?post_type=product&#038;p=6531"},"modified":"2026-03-15T14:22:48","modified_gmt":"2026-03-15T13:22:48","slug":"airmez-tornado-25000","status":"publish","type":"product","link":"https:\/\/apexvape.de\/hu\/product\/airmez-tornado-25000\/","title":{"rendered":"Airmez Tornado 25000 puffs eldobhat\u00f3 vape"},"content":{"rendered":"<h1>Airmez Tornado 25000 puffs - eldobhat\u00f3 e-cigaretta<\/h1>\n<p>A <strong>Airmez Tornado 25000<\/strong> egy kiv\u00e1l\u00f3 min\u0151s\u00e9g\u0171 eldobhat\u00f3 e-cigaretta a hosszan tart\u00f3 \u00e9s \u00edzletes p\u00e1rologtat\u00e1si \u00e9lm\u00e9nyek\u00e9rt. Ak\u00e1r <strong>25,000 vonat<\/strong>, <strong>25 ml el\u0151re t\u00f6lt\u00f6tt e-folyad\u00e9k<\/strong> \u00e9s egy <strong>5 % nikotinkoncentr\u00e1ci\u00f3ja<\/strong> kiv\u00e9teles \u00e1ll\u00f3k\u00e9pess\u00e9get biztos\u00edt. A <strong>H\u00e1l\u00f3s tekercs<\/strong> biztos\u00edtja az egyenletes f\u0171t\u00e9st, m\u00edg a <strong>Integr\u00e1lt kijelz\u0151<\/strong> az akkumul\u00e1tor \u00e9s az e-folyad\u00e9k szintje vil\u00e1gosan l\u00e1that\u00f3. Az \u00fajrat\u00f6lthet\u0151 akkumul\u00e1tornak k\u00f6sz\u00f6nhet\u0151en nincs sz\u00fcks\u00e9g gyakori t\u00f6lt\u00e9sre - a megszak\u00edt\u00e1s n\u00e9lk\u00fcli p\u00e1rolg\u00e1s \u00e9lvezete \u00e9rdek\u00e9ben. A <strong>Automatikus porlaszt\u00e1si technol\u00f3gia<\/strong> a p\u00e1rologtat\u00e1st gyerekj\u00e1t\u00e9kk\u00e1 teszi minden tapasztalati szint sz\u00e1m\u00e1ra.<\/p>\n<p><img decoding=\"async\" class=\"alignnone size-large wp-image-6548\" src=\"https:\/\/spcdn.shortpixel.ai\/spio\/ret_img,q_cdnize,to_webp,s_webp\/apexvape.de\/wp-content\/uploads\/2026\/03\/AIRMEZ-25K-banner-1024x427.png\" alt=\"Airmez Tornado 25000\" width=\"1024\" height=\"427\" srcset=\"https:\/\/spcdn.shortpixel.ai\/spio\/ret_img,q_cdnize,to_webp,s_webp\/apexvape.de\/wp-content\/uploads\/2026\/03\/AIRMEZ-25K-banner-1024x427.png 1024w, https:\/\/spcdn.shortpixel.ai\/spio\/ret_img,q_cdnize,to_webp,s_webp\/apexvape.de\/wp-content\/uploads\/2026\/03\/AIRMEZ-25K-banner-300x125.png 300w, https:\/\/spcdn.shortpixel.ai\/spio\/ret_img,q_cdnize,to_webp,s_webp\/apexvape.de\/wp-content\/uploads\/2026\/03\/AIRMEZ-25K-banner-768x320.png 768w, https:\/\/spcdn.shortpixel.ai\/spio\/ret_img,q_cdnize,to_webp,s_webp\/apexvape.de\/wp-content\/uploads\/2026\/03\/AIRMEZ-25K-banner-1536x640.png 1536w, https:\/\/spcdn.shortpixel.ai\/spio\/ret_img,q_cdnize,to_webp,s_webp\/apexvape.de\/wp-content\/uploads\/2026\/03\/AIRMEZ-25K-banner-18x8.png 18w, https:\/\/spcdn.shortpixel.ai\/spio\/ret_img,q_cdnize,to_webp,s_webp\/apexvape.de\/wp-content\/uploads\/2026\/03\/AIRMEZ-25K-banner-1200x500.png 1200w, https:\/\/spcdn.shortpixel.ai\/spio\/ret_img,q_cdnize,to_webp,s_webp\/apexvape.de\/wp-content\/uploads\/2026\/03\/AIRMEZ-25K-banner-150x63.png 150w, https:\/\/spcdn.shortpixel.ai\/spio\/ret_img,q_cdnize,to_webp,s_webp\/apexvape.de\/wp-content\/uploads\/2026\/03\/AIRMEZ-25K-banner.png 1920w\" sizes=\"(max-width: 1024px) 100vw, 1024px\" \/><\/p>\n<h2>Airmez Tornado 25000 Puffs - Kiemelt term\u00e9kek<\/h2>\n<p>A <strong>Airmez Tornado 25000<\/strong> egy cs\u00facsmin\u0151s\u00e9g\u0171 automata porlaszt\u00f3 - ide\u00e1lis a hossz\u00fa \u00e9s arom\u00e1s \u00e9lm\u00e9nyt \u00e9rt\u00e9kel\u0151 vaperek sz\u00e1m\u00e1ra. A fejlett porlaszt\u00e1si technol\u00f3gia lehet\u0151v\u00e9 teszi a p\u00e1rologtat\u00e1st inhal\u00e1l\u00e1s n\u00e9lk\u00fcl - olyan term\u00e9szetes \u00e9s egyszer\u0171, mint a l\u00e9gz\u00e9s.<\/p>\n<p>A <strong>25,000 vonat<\/strong> \u00e9s <strong>25 ml e-folyad\u00e9k<\/strong> a  c\u00edmen <strong>5 % (50 mg) Nikotintartalom<\/strong> a Tornado 25000 k\u00fcl\u00f6n\u00f6sen hosszan tart\u00f3 g\u0151z\u00f6l\u00e9si \u00e9lm\u00e9nyt ny\u00fajt. A <strong>H\u00e1l\u00f3s tekercs<\/strong> biztos\u00edtja az egyenletes f\u0171t\u00e9st az egyenletesen egyenletes huzat \u00e9rdek\u00e9ben, m\u00edg a <strong>Integr\u00e1lt kijelz\u0151<\/strong> Az akkumul\u00e1tor \u00e9s a t\u00f6lt\u00f6tts\u00e9gi szint k\u00f6nnyed\u00e9n l\u00e1that\u00f3.<\/p>\n<p>A hatalmas, <strong>\u00dajrat\u00f6lthet\u0151 850 mAh akkumul\u00e1tor<\/strong> kik\u00fcsz\u00f6b\u00f6li a gyakori \u00fajrat\u00f6lt\u00e9s sz\u00fcks\u00e9gess\u00e9g\u00e9t, \u00e9s minden egyes p\u00e1rol\u00e1si munkamenet sor\u00e1n l\u00e9p\u00e9st tart - az elej\u00e9t\u0151l a v\u00e9g\u00e9ig. A maxim\u00e1lis kitart\u00e1sra tervezt\u00e9k, \u00edgy meghosszabb\u00edtja a porlaszt\u00e1si id\u0151t a megszak\u00edt\u00e1s n\u00e9lk\u00fcli \u00e9lm\u00e9ny \u00e9rdek\u00e9ben.<\/p>\n<h2>M\u0171szaki adatok<\/h2>\n<table>\n<thead>\n<tr>\n<th>Jellemz\u0151<\/th>\n<th>r\u00e9szletek<\/th>\n<\/tr>\n<\/thead>\n<tbody>\n<tr>\n<td>E-folyad\u00e9k<\/td>\n<td>25 ml<\/td>\n<\/tr>\n<tr>\n<td>Vonatok sz\u00e1ma<\/td>\n<td>25 000 vonat<\/td>\n<\/tr>\n<tr>\n<td>tekercs<\/td>\n<td>Kett\u0151s h\u00e1l\u00f3s tekercs<\/td>\n<\/tr>\n<tr>\n<td>akkumul\u00e1tor<\/td>\n<td>850 mAh, \u00fajrat\u00f6lthet\u0151<\/td>\n<\/tr>\n<tr>\n<td>G\u0151z \u00fczemm\u00f3dok<\/td>\n<td>T\u00f6bbf\u00e9le \u00fczemm\u00f3d \u00e1ll rendelkez\u00e9sre<\/td>\n<\/tr>\n<tr>\n<td>Megjelen\u00edt\u00e9s<\/td>\n<td>Akkumul\u00e1tor \u00e9s e-folyad\u00e9k kijelz\u0151<\/td>\n<\/tr>\n<tr>\n<td>Nikotin tartalom<\/td>\n<td>5 %<\/td>\n<\/tr>\n<tr>\n<td>T\u00f6lt\u0151port<\/td>\n<td>USB-C<\/td>\n<\/tr>\n<tr>\n<td>T\u00edpus<\/td>\n<td>MTL e-cigaretta<\/td>\n<\/tr>\n<\/tbody>\n<\/table>\n<h2>Airmez Tornado 25000 - Kaphat\u00f3 \u00edzek<\/h2>\n<ol>\n<li>Eper-g\u00f6r\u00f6gdinnye <em>(Eper \u00e9s g\u00f6r\u00f6gdinnye)<\/em><\/li>\n<li>Kivi Passi\u00f3gy\u00fcm\u00f6lcs Guava <em>(kiwi, maracuja \u00e9s guava)<\/em><\/li>\n<li>Blueberry j\u00e9gen <em>(\u00c1fonya j\u00e9gen)<\/em><\/li>\n<li>\u0150szibarack mang\u00f3 <em>(Barack \u00e9s mang\u00f3)<\/em><\/li>\n<li>Eper j\u00e9gkr\u00e9m <em>(Eper fagylalton)<\/em><\/li>\n<li>Vegyes bogy\u00f3s gy\u00fcm\u00f6lcs\u00f6k <em>(Vegyes bogy\u00f3k)<\/em><\/li>\n<li>Lush Ice <em>(G\u00f6r\u00f6gdinnye j\u00e9gen)<\/em><\/li>\n<li>Sz\u0151l\u0151j\u00e9g <em>(Sz\u0151l\u0151 j\u00e9gen)<\/em><\/li>\n<li>Peach Ice <em>(Barack a fagylalton)<\/em><\/li>\n<li>Bogy\u00f3s limon\u00e1d\u00e9 <em>(bogy\u00f3s limon\u00e1d\u00e9)<\/em><\/li>\n<li>S\u00e1rk\u00e1nygy\u00fcm\u00f6lcs j\u00e9gkr\u00e9m <em>(S\u00e1rk\u00e1nygy\u00fcm\u00f6lcs j\u00e9gen)<\/em><\/li>\n<li>Citrom \u00e9s lime <em>(citrom \u00e9s lime)<\/em><\/li>\n<li>H\u00e1rmas bogy\u00f3s gy\u00fcm\u00f6lcs <em>(tripla bogy\u00f3)<\/em><\/li>\n<li>Cseresznye <em>(cseresznye)<\/em><\/li>\n<li>Savany\u00fa alma <em>(Savany\u00fa alma)<\/em><\/li>\n<\/ol>\n<h2>Gyakran ism\u00e9telt k\u00e9rd\u00e9sek (GYIK)<\/h2>\n<p><strong>1. k\u00e9rd\u00e9s: Mi az Airmez Tornado 25000 \u00e9s h\u00e1ny f\u00faj\u00e1st k\u00edn\u00e1l?<\/strong> Az Airmez Tornado 25000 egy fejlett eldobhat\u00f3 e-cigaretta, amely ak\u00e1r <strong>25,000 vonat<\/strong>, <strong>25 ml el\u0151re t\u00f6lt\u00f6tt e-folyad\u00e9k<\/strong> \u00e9s egy <strong>5 % nikotintartalma<\/strong>.<\/p>\n<p><strong>2. k\u00e9rd\u00e9s: A Tornado 25000 k\u00e9sz\u00fcl\u00e9ket gyakran kell t\u00f6lteni?<\/strong> Nem. A nagy teljes\u00edtm\u00e9ny\u0171, \u00fajrat\u00f6lthet\u0151 akkumul\u00e1tor jelent\u0151sen meghosszabb\u00edtja a porlaszt\u00e1si id\u0151t, \u00e9s megszak\u00edt\u00e1s n\u00e9lk\u00fcli g\u0151z\u00f6l\u00e9st biztos\u00edt - a felt\u00f6lt\u00e9ssel j\u00e1r\u00f3 gondok n\u00e9lk\u00fcl.<\/p>\n<p><strong>3. k\u00e9rd\u00e9s: Milyen technol\u00f3gia biztos\u00edtja a Tornado 25000 kellemes g\u0151z\u00f6l\u00e9si \u00e9lm\u00e9ny\u00e9t?<\/strong> A <strong>H\u00e1l\u00f3s tekercs<\/strong> egyenletes f\u0171t\u00e9st tesz lehet\u0151v\u00e9 az egyenletesen egyenletes huzat \u00e9rdek\u00e9ben. A <strong>Integr\u00e1lt kijelz\u0151<\/strong> mindig vil\u00e1gosan mutatja az akkumul\u00e1tor \u00e9s az e-folyad\u00e9k szintj\u00e9t.<\/p>\n<p><strong>4. k\u00e9rd\u00e9s: A Tornado 25000 kezd\u0151knek is alkalmas?<\/strong> Abszol\u00fat. H\u00e1la a <strong>automatikus porlaszt\u00e1si technol\u00f3gia<\/strong> a p\u00e1rolg\u00e1s olyan egyszer\u0171, mint a l\u00e9gz\u00e9s - nincs sz\u00fcks\u00e9g bonyolult be\u00e1ll\u00edt\u00e1sra. T\u00f6k\u00e9letes minden tapasztalati szint sz\u00e1m\u00e1ra.<\/p>\n<h2>Fedezze fel most az Apex Vape<\/h2>\n<p>Az Airmez Tornado 25000 ide\u00e1lis v\u00e1laszt\u00e1s mindazok sz\u00e1m\u00e1ra, akik kiv\u00e1l\u00f3 min\u0151s\u00e9g\u0171, hosszan tart\u00f3 \u00e9s \u00edzletes p\u00e1rologtat\u00e1si \u00e9lm\u00e9nyt keresnek. B\u00f6ng\u00e9sszen teljes k\u00edn\u00e1latunkban a <strong><a href=\"https:\/\/apexvape.de\/hu\/\">Apex Vape<\/a><\/strong> vagy fedezzen fel t\u00f6bb cs\u00facsterm\u00e9ket a <strong><a href=\"https:\/\/apexvape.de\/hu\/product-category\/airmez-vape\/\">Airmez Vape kateg\u00f3ria<\/a><\/strong> - az els\u0151 oszt\u00e1ly\u00fa min\u0151s\u00e9g\u00e9rt \u00e9s az \u00edzek hatalmas v\u00e1laszt\u00e9k\u00e1\u00e9rt.<\/p>","protected":false},"excerpt":{"rendered":"<p class=\"font-claude-response-body break-words whitespace-normal leading-[1.7]\">Der Airmez Tornado 25000 bietet bis zu 25.000 Z\u00fcge, 25 ml E-Liquid mit 5 % Nikotin und einen Dual-Mesh-Coil f\u00fcr gleichm\u00e4\u00dfigen Dampfgenuss. Mit wiederaufladbarem 850-mAh-Akku, integriertem Display und USB-C-Ladeanschluss \u2013 perfekt f\u00fcr Einsteiger und Profis.<\/p>\n<p class=\"font-claude-response-body break-words whitespace-normal leading-[1.7]\">\n","protected":false},"featured_media":6549,"comment_status":"open","ping_status":"closed","template":"","meta":[],"product_brand":[],"product_cat":[86],"product_tag":[],"class_list":{"0":"post-6531","1":"product","2":"type-product","3":"status-publish","4":"has-post-thumbnail","6":"product_cat-airmez-vape","8":"first","9":"instock","10":"shipping-taxable","11":"purchasable","12":"product-type-variable"},"_links":{"self":[{"href":"https:\/\/apexvape.de\/hu\/wp-json\/wp\/v2\/product\/6531","targetHints":{"allow":["GET"]}}],"collection":[{"href":"https:\/\/apexvape.de\/hu\/wp-json\/wp\/v2\/product"}],"about":[{"href":"https:\/\/apexvape.de\/hu\/wp-json\/wp\/v2\/types\/product"}],"replies":[{"embeddable":true,"href":"https:\/\/apexvape.de\/hu\/wp-json\/wp\/v2\/comments?post=6531"}],"version-history":[{"count":3,"href":"https:\/\/apexvape.de\/hu\/wp-json\/wp\/v2\/product\/6531\/revisions"}],"predecessor-version":[{"id":6562,"href":"https:\/\/apexvape.de\/hu\/wp-json\/wp\/v2\/product\/6531\/revisions\/6562"}],"wp:featuredmedia":[{"embeddable":true,"href":"https:\/\/apexvape.de\/hu\/wp-json\/wp\/v2\/media\/6549"}],"wp:attachment":[{"href":"https:\/\/apexvape.de\/hu\/wp-json\/wp\/v2\/media?parent=6531"}],"wp:term":[{"taxonomy":"product_brand","embeddable":true,"href":"https:\/\/apexvape.de\/hu\/wp-json\/wp\/v2\/product_brand?post=6531"},{"taxonomy":"product_cat","embeddable":true,"href":"https:\/\/apexvape.de\/hu\/wp-json\/wp\/v2\/product_cat?post=6531"},{"taxonomy":"product_tag","embeddable":true,"href":"https:\/\/apexvape.de\/hu\/wp-json\/wp\/v2\/product_tag?post=6531"}],"curies":[{"name":"wp","href":"https:\/\/api.w.org\/{rel}","templated":true}]}}