{"id":6323,"date":"2025-12-20T13:03:01","date_gmt":"2025-12-20T12:03:01","guid":{"rendered":"https:\/\/apexvape.de\/?post_type=product&#038;p=6323"},"modified":"2025-12-20T13:03:19","modified_gmt":"2025-12-20T12:03:19","slug":"lavande-nebula-15000","status":"publish","type":"product","link":"https:\/\/apexvape.de\/hu\/product\/lavande-nebula-15000\/","title":{"rendered":"Lavande NEBULA 15000 sz\u00edv\u00e1sos eldobhat\u00f3 e-cigaretta"},"content":{"rendered":"<h1>Lavande NEBULA 15000 Puffs LED-kijelz\u0151 | Eldobhat\u00f3 | \u00dajrat\u00f6lthet\u0151 e-cigaretta<\/h1>\n<p>A Lavande NEBULA 15000 \u00fagy lett kialak\u00edtva, hogy tart\u00f3s \u00edzt \u00e9s hossz\u00fa \u00e9lettartam\u00fa teljes\u00edtm\u00e9nyt ny\u00fajtson, leny\u0171g\u00f6z\u0151 15 000 sz\u00edv\u00e1s kapacit\u00e1ssal. 2% \u00e9s 5% nikotintartalommal kaphat\u00f3, \u00edgy k\u00fcl\u00f6nb\u00f6z\u0151 \u00edzl\u00e9svil\u00e1goknak felel meg, \u00e9s hossz\u00fa t\u00e1v\u00fa el\u00e9gedetts\u00e9get garant\u00e1l. A b\u0151s\u00e9ges 16 ml-es e-liquid kapacit\u00e1snak k\u00f6sz\u00f6nhet\u0151en hossz\u00fa ideig \u00e9lvezheti a g\u0151z\u00f6l\u00e9st an\u00e9lk\u00fcl, hogy gyakran kellene cser\u00e9lnie, \u00edgy t\u00f6k\u00e9letes v\u00e1laszt\u00e1s a mindennapi haszn\u00e1latra. A nagy kapacit\u00e1s \u00e9s a nikotin opci\u00f3k kombin\u00e1ci\u00f3ja rugalmass\u00e1got \u00e9s k\u00e9nyelmet biztos\u00edt azoknak a g\u0151z\u00f6l\u0151knek, akik megb\u00edzhat\u00f3 eszk\u00f6zt keresnek.<\/p>\n<h2>Lavande NEBULA 15000 Puffs F\u0151bb jellemz\u0151k:<\/h2>\n<p>Maradjon t\u00e1j\u00e9kozott \u00e9s tartsa k\u00e9zben az ir\u00e1ny\u00edt\u00e1st az intelligens LED-k\u00e9perny\u0151vel, amely val\u00f3s id\u0151ben figyeli a k\u00e9sz\u00fcl\u00e9k \u00e1llapot\u00e1t. Ez a felhaszn\u00e1l\u00f3bar\u00e1t funkci\u00f3 egy pillant\u00e1sra megmutatja mind az akkumul\u00e1tor t\u00f6lt\u00f6tts\u00e9gi szintj\u00e9t, mind az e-liquid szintj\u00e9t, \u00edgy mindig tudja, mikor kell felt\u00f6lteni vagy kicser\u00e9lni a k\u00e9sz\u00fcl\u00e9ket. Az 550 mAh-s \u00fajrat\u00f6lthet\u0151 akkumul\u00e1tor eg\u00e9sz napos teljes\u00edtm\u00e9nyt biztos\u00edt, m\u00edg a Type-C t\u00f6lt\u0151csatlakoz\u00f3 ultranagy sebess\u00e9g\u0171 t\u00f6lt\u00e9st k\u00edn\u00e1l a minim\u00e1lis le\u00e1ll\u00e1si id\u0151 \u00e9rdek\u00e9ben. Ez a hat\u00e9kony energiarendszer mindig k\u00e9szenl\u00e9tben tartja a k\u00e9sz\u00fcl\u00e9ket, amikor sz\u00fcks\u00e9ge van r\u00e1, \u00e9s \u00f6tv\u00f6zi a hordozhat\u00f3s\u00e1got a praktikus funkcionalit\u00e1ssal.<\/p>\n<p>A k\u00e9sz\u00fcl\u00e9k fejlett 1,2 \u03a9-os h\u00e1l\u00f3s tekercs technol\u00f3gi\u00e1val rendelkezik, amely pr\u00e9mium szintre emeli a g\u0151z\u00f6l\u00e9si \u00e9lm\u00e9nyt. Ez a technol\u00f3gia gazdag, l\u00e1gy \u00edzt \u00e9s s\u0171r\u0171 g\u0151ztermel\u00e9st biztos\u00edt minden slukk ut\u00e1n, \u00e9s a k\u00e9sz\u00fcl\u00e9k teljes \u00e9lettartama alatt \u00e1lland\u00f3 min\u0151s\u00e9get garant\u00e1l. A h\u00e1l\u00f3s tekercs optimaliz\u00e1lja az e-liquid felsz\u00edv\u00f3d\u00e1s\u00e1t a maxim\u00e1lis \u00edzintenzit\u00e1s \u00e9rdek\u00e9ben, \u00e9s minden alkalommal kiel\u00e9g\u00edt\u0151 g\u0151z\u00f6l\u00e9si \u00e9lm\u00e9nyt biztos\u00edt.<\/p>\n<p>Szem\u00e9lyre szabhatja \u00e9lm\u00e9ny\u00e9t az \u00e1ll\u00edthat\u00f3 l\u00e9g\u00e1ram-szab\u00e1lyoz\u00f3 rendszerrel, amely lehet\u0151v\u00e9 teszi, hogy a sz\u00edv\u00e1s intenzit\u00e1s\u00e1t pontosan az \u00d6n ig\u00e9nyeihez igaz\u00edtsa. Ak\u00e1r sz\u0171kebb, ak\u00e1r t\u00e1gabb l\u00e9g\u00e1raml\u00e1st prefer\u00e1l, a k\u00e9sz\u00fcl\u00e9ket k\u00f6nnyed\u00e9n be\u00e1ll\u00edthatja a saj\u00e1t g\u0151z\u00f6l\u00e9si st\u00edlus\u00e1hoz illeszked\u0151, finom, prec\u00edz sz\u00edv\u00e1sokhoz. Ez a fok\u00fa kontroll, kombin\u00e1lva a k\u00e9sz\u00fcl\u00e9k kompakt \u00e9s hordozhat\u00f3 kialak\u00edt\u00e1s\u00e1val, a Lavande NEBULA 15000-et kiv\u00e1l\u00f3 v\u00e1laszt\u00e1ss\u00e1 teszi azok sz\u00e1m\u00e1ra, akik \u00e9rt\u00e9kelik a teljes\u00edtm\u00e9nyt \u00e9s a k\u00e9nyelmet egy eleg\u00e1ns csomagban.<\/p>\n<h2>M\u0171szaki adatok:<\/h2>\n<p>Vonatok: 15 000<br \/>\nTekercs: 1,2 \u03a9 h\u00e1l\u00f3s tekercs<br \/>\nAkkumul\u00e1tor: 550 mAh \u00fajrat\u00f6lthet\u0151 (Type-C)<br \/>\nE-liquid kapacit\u00e1s: 16 ml<br \/>\nNikotin er\u0151ss\u00e9g: 2% \/ 5%<br \/>\nLED-k\u00e9perny\u0151: Igen (akkumul\u00e1tor \u00e9s e-liquid kijelz\u0151)<br \/>\n\u00cdzek: 10 lehet\u0151s\u00e9g<\/p>\n<h2>Lavande NEBULA 15000 Puffs \u00cdzv\u00e1laszt\u00e9k:<\/h2>\n<ol>\n<li>G\u00f6r\u00f6gdinnye-m\u00e1lna<\/li>\n<li>G\u00f6r\u00f6gdinnye j\u00e9gkr\u00e9m<\/li>\n<li>Eper j\u00e9gkr\u00e9m<\/li>\n<li>Alberry Ice<\/li>\n<li>\u00c1fonya M\u00e1lna<\/li>\n<li>\u00c1fonya, m\u00e1lna, cseresznye<\/li>\n<li>\u00c1fonya j\u00e9g<\/li>\n<li>L\u00e9d\u00fas \u0151szibarackok<\/li>\n<li>Fekete szeder j\u00e9g<\/li>\n<li>Csereszny\u00e9s k\u00f3la<\/li>\n<\/ol>\n<h2>Lavande NEBULA 15000 Puffs Gyakran ism\u00e9telt k\u00e9rd\u00e9sek (GYIK)<\/h2>\n<p><strong>1. Milyen nikotintartalmak \u00e9rhet\u0151k el ehhez az eldobhat\u00f3 e-cigarett\u00e1hoz?<\/strong><br \/>\nA k\u00e9sz\u00fcl\u00e9k 2% \u00e9s 5% nikotintartalommal kaphat\u00f3, \u00edgy k\u00fcl\u00f6nb\u00f6z\u0151 \u00edzl\u00e9svil\u00e1goknak felel meg, mik\u00f6zben tart\u00f3s el\u00e9gedetts\u00e9get garant\u00e1l. Mindk\u00e9t v\u00e1ltozat \u00e1lland\u00f3 \u00edzt biztos\u00edt a teljes g\u0151z\u00f6l\u00e9si \u00e9lm\u00e9ny sor\u00e1n.<\/p>\n<p><strong>2. H\u00e1ny mozdulatot k\u00edn\u00e1l a Lavande NEBULA 15000?<\/strong><br \/>\nEz a vaporiz\u00e1tor leny\u0171g\u00f6z\u0151 15 000 sz\u00edv\u00e1st biztos\u00edt, 16 ml-es e-liquid kapacit\u00e1ssal. A nagy kapacit\u00e1snak k\u00f6sz\u00f6nhet\u0151en hosszabb ideig \u00e9lvezheti a vaporiz\u00e1l\u00e1st, an\u00e9lk\u00fcl, hogy gyakran kellene cser\u00e9lnie a folyad\u00e9kot, \u00edgy ide\u00e1lis mindennapi haszn\u00e1latra.<\/p>\n<p><strong>3. Van kijelz\u0151je ennek a vaporiz\u00e1tornak?<\/strong><br \/>\nIgen, intelligens LED-k\u00e9perny\u0151vel rendelkezik, amely val\u00f3s idej\u0171 inform\u00e1ci\u00f3kat jelen\u00edt meg az akkumul\u00e1tor t\u00f6lt\u00f6tts\u00e9gi \u00e1llapot\u00e1r\u00f3l \u00e9s az e-liquid szintj\u00e9r\u0151l. Ez a felhaszn\u00e1l\u00f3bar\u00e1t funkci\u00f3 seg\u00edt abban, hogy mindig t\u00e1j\u00e9kozott maradjon, \u00e9s pontosan tudja, mikor kell felt\u00f6lteni vagy kicser\u00e9lni a k\u00e9sz\u00fcl\u00e9ket.<\/p>\n<p><strong>4. Milyen tekercstechnol\u00f3gi\u00e1t haszn\u00e1l ez a k\u00e9sz\u00fcl\u00e9k?<\/strong><br \/>\nA Vape fejlett 1,2 \u03a9-os h\u00e1l\u00f3s tekercs technol\u00f3gi\u00e1t alkalmaz, amely gazdag, l\u00e1gy \u00edzt \u00e9s s\u0171r\u0171 g\u0151ztermel\u00e9st biztos\u00edt. Ez a technol\u00f3gia \u00e1lland\u00f3 min\u0151s\u00e9get \u00e9s maxim\u00e1lis \u00edzintenzit\u00e1st garant\u00e1l minden slukk ut\u00e1n.<\/p>\n<p><strong>5. Be\u00e1ll\u00edthat\u00f3-e az \u00e1raml\u00e1s ennek az eldobhat\u00f3 e-cigarett\u00e1nak?<\/strong><br \/>\nIgen, a k\u00e9sz\u00fcl\u00e9k rendelkezik \u00e1ll\u00edthat\u00f3 l\u00e9g\u00e1ram-szab\u00e1lyoz\u00f3val, amely lehet\u0151v\u00e9 teszi, hogy a sz\u00edv\u00e1s intenzit\u00e1s\u00e1t az \u00d6n preferenci\u00e1i alapj\u00e1n \u00e1ll\u00edtsa be. K\u00f6nnyed\u00e9n be\u00e1ll\u00edthatja a l\u00e9g\u00e1ramot sz\u0171kebb vagy t\u00e1gabb\u00e1, \u00edgy szem\u00e9lyre szabott g\u0151z\u00f6l\u00e9si \u00e9lm\u00e9nyt teremthet, amely illeszkedik az \u00d6n st\u00edlus\u00e1hoz.<\/p>\n<h2>Fedezze fel a LAVANDE VAPE tov\u00e1bbi term\u00e9keit az Apexvape weboldalon!<\/h2>\n<p>A Lavande NEBULA 15000 innovat\u00edv technol\u00f3gi\u00e1t \u00e9s felhaszn\u00e1l\u00f3bar\u00e1t kialak\u00edt\u00e1st \u00f6tv\u00f6z a maxim\u00e1lis g\u0151z\u00e9lm\u00e9ny \u00e9rdek\u00e9ben. Tov\u00e1bbi kiv\u00e1l\u00f3 min\u0151s\u00e9g\u0171 e-cigarett\u00e1kat \u00e9s pr\u00e9mium folyad\u00e9kokat keres? Web\u00e1ruh\u00e1zunkban <strong><a href=\"https:\/\/apexvape.de\/hu\/\">Apex Vape online \u00e1ruh\u00e1z<\/a><\/strong> A legjobb m\u00e1rk\u00e1k, a leg\u00fajabb k\u00e9sz\u00fcl\u00e9kek \u00e9s els\u0151 oszt\u00e1ly\u00fa \u00fcgyf\u00e9lszolg\u00e1lat v\u00e1rja \u00d6nt. A teljes <strong><a href=\"https:\/\/apexvape.de\/hu\/product-category\/lavande-vape\/\">LAVANDE VAPE term\u00e9kcsal\u00e1d<\/a><\/strong> innovat\u00edv megold\u00e1sokat k\u00edn\u00e1l mindenf\u00e9le g\u0151z\u00f6l\u00e9si st\u00edlushoz \u2013 a kezd\u0151kt\u0151l a tapasztalt g\u0151z\u00f6l\u0151kig. Gy\u0151z\u0151dj\u00f6n meg saj\u00e1t maga min\u0151s\u00e9g\u00fcnkr\u0151l, \u00e9s rendeljen m\u00e9g ma 50 \u20ac feletti v\u00e1s\u00e1rl\u00e1s eset\u00e9n ingyenes sz\u00e1ll\u00edt\u00e1ssal.<\/p>","protected":false},"excerpt":{"rendered":"<p class=\"font-claude-response-body break-words whitespace-normal leading-[1.7]\">Der Lavande NEBULA 15000 bietet bis zu 15.000 Z\u00fcge mit intelligentem LED-Display. 16ml E-Liquid, 550mAh Type-C-Akku, 1.2\u03a9 Mesh-Coil und einstellbarer Airflow garantieren intensiven Geschmack. Erh\u00e4ltlich in 2% und 5% Nikotin mit 10 Geschmacksrichtungen f\u00fcr langanhaltenden Dampfgenuss.<\/p>\n","protected":false},"featured_media":6346,"comment_status":"open","ping_status":"closed","template":"","meta":[],"product_brand":[],"product_cat":[85],"product_tag":[],"class_list":{"0":"post-6323","1":"product","2":"type-product","3":"status-publish","4":"has-post-thumbnail","6":"product_cat-lavande-vape","8":"first","9":"instock","10":"shipping-taxable","11":"purchasable","12":"product-type-variable"},"_links":{"self":[{"href":"https:\/\/apexvape.de\/hu\/wp-json\/wp\/v2\/product\/6323","targetHints":{"allow":["GET"]}}],"collection":[{"href":"https:\/\/apexvape.de\/hu\/wp-json\/wp\/v2\/product"}],"about":[{"href":"https:\/\/apexvape.de\/hu\/wp-json\/wp\/v2\/types\/product"}],"replies":[{"embeddable":true,"href":"https:\/\/apexvape.de\/hu\/wp-json\/wp\/v2\/comments?post=6323"}],"version-history":[{"count":0,"href":"https:\/\/apexvape.de\/hu\/wp-json\/wp\/v2\/product\/6323\/revisions"}],"wp:featuredmedia":[{"embeddable":true,"href":"https:\/\/apexvape.de\/hu\/wp-json\/wp\/v2\/media\/6346"}],"wp:attachment":[{"href":"https:\/\/apexvape.de\/hu\/wp-json\/wp\/v2\/media?parent=6323"}],"wp:term":[{"taxonomy":"product_brand","embeddable":true,"href":"https:\/\/apexvape.de\/hu\/wp-json\/wp\/v2\/product_brand?post=6323"},{"taxonomy":"product_cat","embeddable":true,"href":"https:\/\/apexvape.de\/hu\/wp-json\/wp\/v2\/product_cat?post=6323"},{"taxonomy":"product_tag","embeddable":true,"href":"https:\/\/apexvape.de\/hu\/wp-json\/wp\/v2\/product_tag?post=6323"}],"curies":[{"name":"wp","href":"https:\/\/api.w.org\/{rel}","templated":true}]}}