{"id":6287,"date":"2025-12-20T12:53:02","date_gmt":"2025-12-20T11:53:02","guid":{"rendered":"https:\/\/apexvape.de\/?post_type=product&#038;p=6287"},"modified":"2025-12-20T12:53:42","modified_gmt":"2025-12-20T11:53:42","slug":"lavande-bm18000","status":"publish","type":"product","link":"https:\/\/apexvape.de\/hu\/product\/lavande-bm18000\/","title":{"rendered":"Lavande BM18000 eldobhat\u00f3 e-cigaretta"},"content":{"rendered":"<h1>Lavande BM18000 Puffs digit\u00e1lis kijelz\u0151 18K alacsony nikotintartalom nagykereskedelmi \u00fajrat\u00f6lthet\u0151 e-cigaretta<\/h1>\n<p>A Lavande BM18000 egy nagy teljes\u00edtm\u00e9ny\u0171 vape eszk\u00f6z, amely leny\u0171g\u00f6z\u0151 18 000 sz\u00edv\u00e1st biztos\u00edt, \u00e9s hossz\u00fa t\u00e1v\u00fa haszn\u00e1latot tesz lehet\u0151v\u00e9 an\u00e9lk\u00fcl, hogy folyamatosan cser\u00e9lni kellene. Ez a b\u0151s\u00e9ges kapacit\u00e1s azt jelenti, hogy hosszabb g\u0151z\u00f6l\u00e9si \u00fcl\u00e9seket \u00e9lvezhet megszak\u00edt\u00e1s n\u00e9lk\u00fcl, ami ide\u00e1lisv\u00e1 teszi a mindennapi haszn\u00e1latra. A k\u00e9sz\u00fcl\u00e9k \u00fagy lett kialak\u00edtva, hogy a kezdetekt\u0151l a v\u00e9g\u00e9ig megb\u00edzhat\u00f3 teljes\u00edtm\u00e9nyt ny\u00fajtson, \u00edgy \u00d6n a g\u0151z\u00f6l\u00e9s \u00e9lm\u00e9ny\u00e9re koncentr\u00e1lhat, an\u00e9lk\u00fcl, hogy agg\u00f3dnia kellene, hogy lemer\u00fcl.<\/p>\n<h2>Lavande BM18000 Puffs F\u0151bb jellemz\u0151k:<\/h2>\n<p>A k\u00e9sz\u00fcl\u00e9k egy 650 mAh-\u00e1s \u00fajrat\u00f6lthet\u0151 akkumul\u00e1torral m\u0171k\u00f6dik, amely Type-C gyors t\u00f6lt\u0151csatlakoz\u00f3val rendelkezik, ami gyors \u00e9s egyszer\u0171 energiavisszat\u00f6lt\u00e9st tesz lehet\u0151v\u00e9. Ez a hat\u00e9kony akkumul\u00e1torrendszer \u00e1lland\u00f3 teljes\u00edtm\u00e9nyt biztos\u00edt az eg\u00e9sz haszn\u00e1lat sor\u00e1n, \u00e9s megakad\u00e1lyozza a teljes\u00edtm\u00e9nycs\u00f6kken\u00e9st vagy a m\u0171k\u00f6d\u00e9si zavarokat. A gyors t\u00f6lt\u00e9s kevesebb v\u00e1rakoz\u00e1si id\u0151t \u00e9s t\u00f6bb g\u0151z\u00f6l\u00e9si id\u0151t jelent, \u00edgy a k\u00e9sz\u00fcl\u00e9k mindig k\u00e9szen \u00e1ll, amikor sz\u00fcks\u00e9ge van r\u00e1.<\/p>\n<p>A fejlett 1,0 \u03a9-os h\u00e1l\u00f3s tekercs technol\u00f3gi\u00e1val ell\u00e1tott Lavande BM18000 s\u0171r\u0171 g\u0151zfelh\u0151ket \u00e9s tiszta, intenz\u00edv \u00edzt biztos\u00edt minden slukk ut\u00e1n. Az \u00e1ll\u00edthat\u00f3 l\u00e9g\u00e1raml\u00e1s-szab\u00e1lyoz\u00f3val be\u00e1ll\u00edthatja a sz\u00edv\u00e1si ellen\u00e1ll\u00e1st a szem\u00e9lyre szabott Direct-to-Lung (DTL) g\u0151z\u00e9lm\u00e9ny \u00e9rdek\u00e9ben. Ez azt jelenti, hogy finomhangolhatja k\u00e9sz\u00fcl\u00e9k\u00e9t az \u00d6n preferenci\u00e1ihoz \u2013 f\u00fcggetlen\u00fcl att\u00f3l, hogy sz\u0171kebb vagy nyitottabb sz\u00edv\u00e1sokat prefer\u00e1l a maxim\u00e1lis \u00e9lvezet \u00e9rdek\u00e9ben.<\/p>\n<p>A Lavande BM18000 k\u00fcl\u00f6nlegess\u00e9ge az \u00fajrat\u00f6lthet\u0151 e-liquid rendszer, amely k\u00f6lts\u00e9gmegtakar\u00edt\u00e1st \u00e9s k\u00f6rnyezetv\u00e9delmi el\u0151ny\u00f6ket is k\u00edn\u00e1l. A k\u00e9sz\u00fcl\u00e9ket egyszer\u0171en ut\u00e1nt\u00f6ltheti kedvenc pr\u00e9mium e-liquidjeivel, ami szabads\u00e1got ad \u00d6nnek, hogy k\u00fcl\u00f6nb\u00f6z\u0151 \u00edzekkel k\u00eds\u00e9rletezzen \u00e9s szem\u00e9lyre szabhassa \u00e9lm\u00e9ny\u00e9t. Ez az ut\u00e1nt\u00f6lthet\u0151 kialak\u00edt\u00e1s cs\u00f6kkenti a hullad\u00e9kot, mik\u00f6zben jobb hossz\u00fa t\u00e1v\u00fa \u00e9rt\u00e9ket k\u00edn\u00e1l, ami kiv\u00e1l\u00f3 v\u00e1laszt\u00e1ss\u00e1 teszi azok sz\u00e1m\u00e1ra, akik min\u0151s\u00e9get, rugalmass\u00e1got \u00e9s fenntarthat\u00f3s\u00e1got szeretn\u00e9nek egy k\u00e9sz\u00fcl\u00e9kben.<\/p>\n<h2>M\u0171szaki adatok:<\/h2>\n<p>\u2611 S\u00f3-nikotin: 0,3%<br \/>\n\u2611 Sz\u00edv\u00e1sok: 18 000<br \/>\n\u2611 20 \u00edzben kaphat\u00f3<br \/>\n\u2611 650 mAh \u00fajrat\u00f6lthet\u0151<br \/>\n\u2611 H\u00e1l\u00f3s tekercs<br \/>\n\u2611 Norm\u00e1l\/Boost m\u00f3d<br \/>\n\u2611 C t\u00edpus\u00fa<br \/>\n\u2611 \u00c1ll\u00edthat\u00f3 l\u00e9g\u00e1raml\u00e1s<br \/>\n\u2611 1-2 alkalommal \u00fajrat\u00f6lthet\u0151<\/p>\n<h2>Lavande BM18000 Puffs \u00edzv\u00e1laszt\u00e9k:<\/h2>\n<ol>\n<li>Berry Mint<\/li>\n<li>Fekete ribizli j\u00e9gkr\u00e9m<\/li>\n<li>\u00c1fonya j\u00e9g<\/li>\n<li>\u00c1fonya-menta<\/li>\n<li>R\u00e1g\u00f3s menta<\/li>\n<li>R\u00e1g\u00f3s g\u00f6r\u00f6gdinnye<\/li>\n<li>Dupla alma<\/li>\n<li>Dupla sz\u0151l\u0151<\/li>\n<li>Sz\u0151l\u0151-menta<\/li>\n<li>Citrom menta<\/li>\n<li>Love66<\/li>\n<li>Mang\u00f3 S\u00e1rk\u00e1nygy\u00fcm\u00f6lcs<\/li>\n<li>Mang\u00f3 j\u00e9gkr\u00e9m<\/li>\n<li>Mr. Blue<\/li>\n<li>Peach Ice<\/li>\n<li>Anan\u00e1sz j\u00e9g<\/li>\n<li>Rainbow Skittz<\/li>\n<li>Eper j\u00e9gkr\u00e9m<\/li>\n<li>G\u00f6r\u00f6gdinnye j\u00e9gkr\u00e9m<\/li>\n<li>G\u00f6r\u00f6gdinnye-m\u00e1lna<\/li>\n<\/ol>\n<h2>Lavande BM18000 Puffs Gyakran ism\u00e9telt k\u00e9rd\u00e9sek (GYIK)<\/h2>\n<p><strong>1. H\u00e1ny mozdulatot k\u00edn\u00e1l a Lavande BM18000?<\/strong><br \/>\nA k\u00e9sz\u00fcl\u00e9k leny\u0171g\u00f6z\u0151 18 000 sz\u00edv\u00e1st biztos\u00edt, \u00e9s hossz\u00fa \u00e9lettartam\u00fa teljes\u00edtm\u00e9nyt ny\u00fajt, an\u00e9lk\u00fcl, hogy gyakran kellene cser\u00e9lni. Ez a b\u0151s\u00e9ges kapacit\u00e1s t\u00f6k\u00e9letess\u00e9 teszi hosszabb haszn\u00e1latra \u00e9s napi g\u0151z\u00f6l\u00e9sre.<\/p>\n<p><strong>2. Milyen t\u00edpus\u00fa akkumul\u00e1torral \u00e9s t\u00f6lt\u00e9si funkci\u00f3val rendelkezik ez a vaporiz\u00e1tor?<\/strong><br \/>\n650 mAh-s \u00fajrat\u00f6lthet\u0151 akkumul\u00e1torral rendelkezik, Type-C gyors t\u00f6lt\u0151csatlakoz\u00f3val. Ez biztos\u00edtja a gyors energia-visszat\u00f6lt\u00e9st \u00e9s az \u00e1lland\u00f3 teljes\u00edtm\u00e9nyt az eg\u00e9sz g\u0151z\u00f6l\u00e9s sor\u00e1n.<\/p>\n<p><strong>3. Milyen tekercs technol\u00f3gi\u00e1t alkalmaznak ebben a k\u00e9sz\u00fcl\u00e9kben?<\/strong><br \/>\nA vaporiz\u00e1tor fejlett 1,0 \u03a9-os h\u00e1l\u00f3s tekercs technol\u00f3gi\u00e1t alkalmaz, amely s\u0171r\u0171 g\u0151zfelh\u0151ket \u00e9s tiszta, intenz\u00edv \u00edzt biztos\u00edt minden slukk ut\u00e1n. Ez garant\u00e1lja az optim\u00e1lis teljes\u00edtm\u00e9nyt \u00e9s a kiel\u00e9g\u00edt\u0151 \u00edzt.<\/p>\n<p><strong>4. Be\u00e1ll\u00edthat\u00f3-e az \u00e1raml\u00e1s ennek a vaporiz\u00e1tornak?<\/strong><br \/>\nIgen, rendelkezik \u00e1ll\u00edthat\u00f3 l\u00e9g\u00e1ram-szab\u00e1lyoz\u00f3val, amely lehet\u0151v\u00e9 teszi a sz\u00edv\u00e1si ellen\u00e1ll\u00e1s be\u00e1ll\u00edt\u00e1s\u00e1t. Ez a funkci\u00f3 lehet\u0151v\u00e9 teszi, hogy a Direct-to-Lung (DTL) g\u0151z\u00f6l\u00e9si \u00e9lm\u00e9nyt szem\u00e9lyes preferenci\u00e1i alapj\u00e1n finom\u00edtsa.<\/p>\n<p><strong>5. Az e-liquid rendszer \u00fajrat\u00f6lthet\u0151 vagy eldobhat\u00f3?<\/strong><br \/>\nA k\u00e9sz\u00fcl\u00e9k \u00fajrat\u00f6lthet\u0151 e-liquid rendszerrel rendelkezik, amely lehet\u0151v\u00e9 teszi, hogy kedvenc pr\u00e9mium e-liquidjeit haszn\u00e1lja. Ez k\u00f6lts\u00e9gmegtakar\u00edt\u00e1st jelent, cs\u00f6kkenti a hullad\u00e9kot, \u00e9s szabads\u00e1got ad \u00d6nnek, hogy k\u00fcl\u00f6nb\u00f6z\u0151 \u00edzekkel k\u00eds\u00e9rletezzen az egy\u00e9ni \u00e9lm\u00e9ny \u00e9rdek\u00e9ben.<\/p>\n<h2>Fedezze fel a LAVANDE VAPE tov\u00e1bbi term\u00e9keit az Apexvape weboldalon!<\/h2>\n<p>Fedezze fel a Lavande BM18000-et \u00e9s m\u00e1s kiv\u00e1l\u00f3 min\u0151s\u00e9g\u0171 vape term\u00e9keket online \u00e1ruh\u00e1zunkban. <strong><a href=\"https:\/\/apexvape.de\/hu\/\">Apex Vape<\/a><\/strong> sz\u00e9les v\u00e1laszt\u00e9kban tal\u00e1l pr\u00e9mium e-cigarett\u00e1kat \u00e9s kieg\u00e9sz\u00edt\u0151ket az els\u0151 oszt\u00e1ly\u00fa g\u0151z\u00f6l\u00e9si \u00e9lm\u00e9nyhez. Szeretne t\u00f6bb term\u00e9ket felfedezni a Lavande sorozatb\u00f3l? L\u00e1togasson el weboldalunkra <strong><a href=\"https:\/\/apexvape.de\/hu\/product-category\/lavande-vape\/\">LAVANDE VAPE kateg\u00f3ria<\/a><\/strong> \u00e9s tal\u00e1lja meg az \u00d6n ig\u00e9nyeinek legink\u00e1bb megfelel\u0151 k\u00e9sz\u00fcl\u00e9ket. Gyors sz\u00e1ll\u00edt\u00e1s, vonz\u00f3 nagykereskedelmi \u00e1rak \u00e9s szak\u00e9rt\u0151 tan\u00e1csad\u00e1s v\u00e1rja \u00d6nt.<\/p>","protected":false},"excerpt":{"rendered":"<p class=\"font-claude-response-body break-words whitespace-normal leading-[1.7]\">Der Lavande BM18000 bietet bis zu 18.000 Z\u00fcge mit nachf\u00fcllbarem E-Liquid-System. 650mAh Type-C-Akku, 1.0\u03a9 Mesh-Coil, einstellbarer Airflow und Normal\/Boost-Modus. 1-2x nachf\u00fcllbar mit 0,3% Salznikotin. 20 Geschmacksrichtungen f\u00fcr individuelles, nachhaltiges Dampferlebnis.<\/p>\n","protected":false},"featured_media":6310,"comment_status":"open","ping_status":"closed","template":"","meta":[],"product_brand":[],"product_cat":[85],"product_tag":[],"class_list":{"0":"post-6287","1":"product","2":"type-product","3":"status-publish","4":"has-post-thumbnail","6":"product_cat-lavande-vape","8":"first","9":"instock","10":"shipping-taxable","11":"purchasable","12":"product-type-variable"},"_links":{"self":[{"href":"https:\/\/apexvape.de\/hu\/wp-json\/wp\/v2\/product\/6287","targetHints":{"allow":["GET"]}}],"collection":[{"href":"https:\/\/apexvape.de\/hu\/wp-json\/wp\/v2\/product"}],"about":[{"href":"https:\/\/apexvape.de\/hu\/wp-json\/wp\/v2\/types\/product"}],"replies":[{"embeddable":true,"href":"https:\/\/apexvape.de\/hu\/wp-json\/wp\/v2\/comments?post=6287"}],"version-history":[{"count":0,"href":"https:\/\/apexvape.de\/hu\/wp-json\/wp\/v2\/product\/6287\/revisions"}],"wp:featuredmedia":[{"embeddable":true,"href":"https:\/\/apexvape.de\/hu\/wp-json\/wp\/v2\/media\/6310"}],"wp:attachment":[{"href":"https:\/\/apexvape.de\/hu\/wp-json\/wp\/v2\/media?parent=6287"}],"wp:term":[{"taxonomy":"product_brand","embeddable":true,"href":"https:\/\/apexvape.de\/hu\/wp-json\/wp\/v2\/product_brand?post=6287"},{"taxonomy":"product_cat","embeddable":true,"href":"https:\/\/apexvape.de\/hu\/wp-json\/wp\/v2\/product_cat?post=6287"},{"taxonomy":"product_tag","embeddable":true,"href":"https:\/\/apexvape.de\/hu\/wp-json\/wp\/v2\/product_tag?post=6287"}],"curies":[{"name":"wp","href":"https:\/\/api.w.org\/{rel}","templated":true}]}}