{"id":6255,"date":"2025-12-19T11:49:02","date_gmt":"2025-12-19T10:49:02","guid":{"rendered":"https:\/\/apexvape.de\/?post_type=product&#038;p=6255"},"modified":"2025-12-19T11:52:24","modified_gmt":"2025-12-19T10:52:24","slug":"spaceman-sp40000","status":"publish","type":"product","link":"https:\/\/apexvape.de\/hu\/product\/spaceman-sp40000\/","title":{"rendered":"Spaceman SP40000 eldobhat\u00f3 e-cigaretta"},"content":{"rendered":"<p>&nbsp;<\/p>\n<h1>Spaceman SP40000 eldobhat\u00f3 e-cigaretta \u2013 20 ml e-liquid<\/h1>\n<p>A Spaceman SP40000 egy nagy teljes\u00edtm\u00e9ny\u0171, rendk\u00edv\u00fcli kapacit\u00e1s\u00fa eldobhat\u00f3 e-cigaretta, amely leny\u0171g\u00f6z\u0151 40 000 sz\u00edv\u00e1st biztos\u00edt, \u00edgy az egyik legtart\u00f3sabb eszk\u00f6z a piacon. A nagym\u00e9ret\u0171, 20 ml-es e-liquid tart\u00e1llyal \u00e9s 2% nikotintartalommal ez a k\u00e9sz\u00fcl\u00e9k hossz\u00fa t\u00e1v\u00fa haszn\u00e1latra lett kifejlesztve, an\u00e9lk\u00fcl, hogy gyakran kellene cser\u00e9lni. A nagy sz\u00e1m\u00fa sz\u00edv\u00e1s \u00e9s a nagy e-liquid tart\u00e1ly biztos\u00edtja a tart\u00f3s teljes\u00edtm\u00e9nyt \u00e9s \u00edzt hosszabb ideig, \u00e9s kiv\u00e9teles \u00e9rt\u00e9ket \u00e9s k\u00e9nyelmet ny\u00fajt mind a napi, mind az alkalmi felhaszn\u00e1l\u00f3k sz\u00e1m\u00e1ra.<\/p>\n<h2>Spaceman SP40000 vonatok \u2013 f\u0151bb jellemz\u0151k:<\/h2>\n<p>Az SP40000 fejlett Dual Mesh Coil technol\u00f3gi\u00e1val rendelkezik, \u00e9s kiv\u00e1l\u00f3 g\u0151ztermel\u00e9st, valamint intenz\u00edvebb \u00edz\u00e9rzetet biztos\u00edt minden slukk ut\u00e1n. A k\u00e9sz\u00fcl\u00e9k n\u00e9gy be\u00e1ll\u00edthat\u00f3 teljes\u00edtm\u00e9nyszinttel rendelkezik 10 \u00e9s 26 watt k\u00f6z\u00f6tt, \u00edgy a felhaszn\u00e1l\u00f3k szem\u00e9lyes preferenci\u00e1iknak megfelel\u0151en \u00e1ll\u00edthatj\u00e1k be a g\u0151z intenzit\u00e1s\u00e1t. Ez a teljes\u00edtm\u00e9nybe\u00e1ll\u00edt\u00e1s lehet\u0151v\u00e9 teszi, hogy finomhangolja az \u00e9lm\u00e9nyt \u2013 f\u00fcggetlen\u00fcl att\u00f3l, hogy ink\u00e1bb egy enyhe, l\u00e1gy slukkot prefer\u00e1l alacsonyabb watt\u00e9rt\u00e9kek mellett, vagy egy er\u0151teljesebb, intenz\u00edvebb slukkot magasabb be\u00e1ll\u00edt\u00e1sok mellett. \u00cdgy garant\u00e1lt az optim\u00e1lis el\u00e9gedetts\u00e9g az \u00d6n egy\u00e9ni g\u0151z\u00f6l\u00e9si st\u00edlus\u00e1nak megfelel\u0151en.<\/p>\n<p>Az SP40000 praktikus digit\u00e1lis kijelz\u0151vel rendelkezik, amely val\u00f3s idej\u0171 inform\u00e1ci\u00f3kat jelen\u00edt meg az e-liquid \u00e9s az akkumul\u00e1tor \u00e1llapot\u00e1r\u00f3l. Ez kik\u00fcsz\u00f6b\u00f6li a bizonytalans\u00e1got, \u00e9s folyamatosan t\u00e1j\u00e9koztatja \u00d6nt a g\u0151z\u00f6l\u00e9s sor\u00e1n. Az innovat\u00edv j\u00e9g\/nikotin-vez\u00e9rl\u0151 funkci\u00f3 tov\u00e1bbi szem\u00e9lyre szab\u00e1si lehet\u0151s\u00e9geket k\u00edn\u00e1l, \u00e9s lehet\u0151v\u00e9 teszi, hogy a h\u0171t\u0151hat\u00e1st \u00e9s a nikotinadagot hangulat\u00e1hoz \u00e9s preferenci\u00e1ihoz igaz\u00edtsa. Ezek az intelligens funkci\u00f3k egy\u00fcttesen egy felhaszn\u00e1l\u00f3bar\u00e1t \u00e9lm\u00e9nyt ny\u00fajtanak, amely teljes ellen\u0151rz\u00e9st biztos\u00edt \u00d6nnek, \u00e9s megk\u00f6nny\u00edti a k\u00e9sz\u00fcl\u00e9k figyelemmel k\u00eds\u00e9r\u00e9s\u00e9t \u00e9s be\u00e1ll\u00edt\u00e1s\u00e1t a t\u00f6k\u00e9letes g\u0151z\u00f6l\u00e9s \u00e9lm\u00e9nye \u00e9rdek\u00e9ben.<\/p>\n<p>A robusztus 1000 mAh-s akkumul\u00e1torral \u00e9s USB-C t\u00f6lt\u00e9si funkci\u00f3val ell\u00e1tott k\u00e9sz\u00fcl\u00e9k gyors \u00e9s hat\u00e9kony t\u00f6lt\u00e9st biztos\u00edt, minimaliz\u00e1lva az \u00fczemsz\u00fcneteket a haszn\u00e1lat k\u00f6z\u00f6tti id\u0151szakokban. A modern USB-C t\u00f6lt\u00e9si technol\u00f3gia gyorsabb t\u00f6lt\u00e9si sebess\u00e9get biztos\u00edt a hagyom\u00e1nyos mikro-USB csatlakoz\u00f3khoz k\u00e9pest, \u00edgy hamarabb folytathatja a g\u0151z\u00f6l\u00e9st. A nagy teljes\u00edtm\u00e9ny\u0171 akkumul\u00e1tor, a gyors t\u00f6lt\u00e9s, a testreszabhat\u00f3 teljes\u00edtm\u00e9nybe\u00e1ll\u00edt\u00e1sok \u00e9s a hossz\u00fa \u00e9lettartam\u00fa e-liquid kapacit\u00e1s kombin\u00e1ci\u00f3ja a Spaceman SP40000-et sokoldal\u00fa \u00e9s praktikus v\u00e1laszt\u00e1ss\u00e1 teszi azoknak a g\u0151z\u00f6l\u0151knek, akik teljes\u00edtm\u00e9nyt \u00e9s rugalmass\u00e1got keresnek egyetlen eszk\u00f6zben.<\/p>\n<h2>M\u0171szaki adatok:<\/h2>\n<ul>\n<li>El\u0151re felt\u00f6lt\u00f6tt e-liquid kapacit\u00e1s: 20 ml<\/li>\n<li>Akkukapacit\u00e1s: 1000 mAh (\u00fajrat\u00f6lthet\u0151)<\/li>\n<li>Maxim\u00e1lis h\u00faz\u00e1sok: Ak\u00e1r 40 000<\/li>\n<li>Nikotin er\u0151ss\u00e9g: 2% (50 mg)<\/li>\n<li>M\u0171k\u00f6dtet\u00e9s: H\u00faz\u00e1ssal aktiv\u00e1lhat\u00f3<\/li>\n<li>Teljes\u00edtm\u00e9nytartom\u00e1ny: 10 W \/ 16 W \/ 20 W \/ 26 W<\/li>\n<li>F\u0171t\u0151elem: kett\u0151s h\u00e1l\u00f3s tekercsek<\/li>\n<li>L\u00e9g\u00e1raml\u00e1s: \u00c1lland\u00f3<\/li>\n<li>Kijelz\u0151: digit\u00e1lis k\u00e9perny\u0151 kijelz\u0151kkel<\/li>\n<li>T\u00f6lt\u00e9s: USB Type-C gyors t\u00f6lt\u00e9s<\/li>\n<li>Akkumul\u00e1tor t\u00f6lt\u00f6tts\u00e9gi szintjelz\u0151 \u00e9s e-liquid t\u00f6lt\u00f6tts\u00e9gi szintjelz\u0151<\/li>\n<li>J\u00e9g\/nikotin-ellen\u0151rz\u0151 funkci\u00f3<\/li>\n<\/ul>\n<h2>Spaceman SP40000 vonatok \u2013 \u00edzek:<\/h2>\n<ol>\n<li>Ban\u00e1n j\u00e9gkr\u00e9m<\/li>\n<li>Bogy\u00f3s limon\u00e1d\u00e9<\/li>\n<li>Fekete mamba<\/li>\n<li>K\u00e9k razz cseresznye<\/li>\n<li>K\u00e9k Razz limon\u00e1d\u00e9<\/li>\n<li>K\u00e9k savany\u00fa m\u00e1lna<\/li>\n<li>\u00c1fonya-gr\u00e1n\u00e1talma<\/li>\n<li>\u00c1fonya M\u00e1lna<\/li>\n<li>Csereszny\u00e9s k\u00f3la<\/li>\n<li>Fizzy Cherry<\/li>\n<li>Citrom-lime<\/li>\n<li>Mr Blue<\/li>\n<li>\u0150szibarack-\u00e1fonya cukorka<\/li>\n<li>gy\u00f6k\u00e9rs\u00f6r<\/li>\n<li>Eper sz\u0151l\u0151<\/li>\n<\/ol>\n<h2>Spaceman SP40000 vonatok \u2013 Gyakran ism\u00e9telt k\u00e9rd\u00e9sek<\/h2>\n<p><strong>1. H\u00e1ny mozdulatot v\u00e9gez ez a k\u00e9sz\u00fcl\u00e9k?<\/strong><\/p>\n<p>Ez az eldobhat\u00f3 vape leny\u0171g\u00f6z\u0151 40 000 slukkot biztos\u00edt 20 ml-es e-liquid kapacit\u00e1ssal. A nagy slukkok sz\u00e1ma miatt ez az egyik legtart\u00f3sabb eszk\u00f6z a piacon \u2013 t\u00f6k\u00e9letes hossz\u00fa t\u00e1v\u00fa haszn\u00e1latra, gyakori cser\u00e9k n\u00e9lk\u00fcl.<\/p>\n<p><strong>2. Milyen teljes\u00edtm\u00e9nybe\u00e1ll\u00edt\u00e1sok \u00e1llnak rendelkez\u00e9sre?<\/strong><\/p>\n<p>A k\u00e9sz\u00fcl\u00e9k n\u00e9gy be\u00e1ll\u00edthat\u00f3 teljes\u00edtm\u00e9nyszinttel rendelkezik, 10 \u00e9s 26 watt k\u00f6z\u00f6tt. Ez lehet\u0151v\u00e9 teszi, hogy a g\u0151z intenzit\u00e1s\u00e1t az \u00d6n preferenci\u00e1i szerint \u00e1ll\u00edtsa be, egy enyhe, l\u00e1gy slukk\u00e1t\u00f3l egy er\u0151sebb, intenz\u00edvebb slukkig.<\/p>\n<p><strong>3. Van akkumul\u00e1tor-kijelz\u0151je?<\/strong><\/p>\n<p>Igen, digit\u00e1lis kijelz\u0151vel rendelkezik, amely val\u00f3s id\u0151ben jelzi az e-liquid \u00e9s az akkumul\u00e1tor \u00e1llapot\u00e1t. Ez a praktikus kijelz\u0151 t\u00e1j\u00e9koztat\u00e1st ny\u00fajt a haszn\u00e1lat sor\u00e1n, \u00e9s kik\u00fcsz\u00f6b\u00f6li a bizonytalans\u00e1got azzal kapcsolatban, hogy mikor kell felt\u00f6lteni vagy cser\u00e9lni a k\u00e9sz\u00fcl\u00e9ket.<\/p>\n<p><strong>4. Mi az a j\u00e9g\/nikotin-ellen\u0151rz\u0151 funkci\u00f3?<\/strong><\/p>\n<p>Ez az innovat\u00edv funkci\u00f3 lehet\u0151v\u00e9 teszi, hogy mind a h\u0171t\u0151hat\u00e1st, mind a nikotinadagot a hangulat\u00e1hoz igaz\u00edtsa. Tov\u00e1bbi szem\u00e9lyre szab\u00e1si lehet\u0151s\u00e9geket k\u00edn\u00e1l, \u00e9s lehet\u0151v\u00e9 teszi, hogy a g\u0151z\u00f6l\u00e9si \u00e9lm\u00e9ny\u00e9t b\u00e1rmikor finomhangolhassa az optim\u00e1lis el\u00e9gedetts\u00e9g \u00e9rdek\u00e9ben.<\/p>\n<p><strong>5. Hogyan kell t\u00f6lteni az akkumul\u00e1tort?<\/strong><\/p>\n<p>A k\u00e9sz\u00fcl\u00e9k 1000 mAh-s akkumul\u00e1torral rendelkezik, amely USB-C-n kereszt\u00fcl gyorsan \u00e9s hat\u00e9konyan t\u00f6lthet\u0151 fel. Ez a modern t\u00f6lt\u00e9si technol\u00f3gia minim\u00e1lisra cs\u00f6kkenti az \u00fczemsz\u00fcneteket, \u00e9s gyorsan visszat\u00e9rhet a g\u0151z\u00f6l\u00e9shez.<\/p>\n<h2>Fedezze fel a t\u00f6bbi SMOK VAPE term\u00e9ket az Apexvape-n\u00e9l<\/h2>\n<p>Fedezze fel a Spaceman SP40000-et \u00e9s m\u00e1s pr\u00e9mium min\u0151s\u00e9g\u0171 vape term\u00e9keket a <strong><a href=\"https:\/\/apexvape.de\/hu\/\">Apex Vape<\/a><\/strong>, a megb\u00edzhat\u00f3 online \u00e1ruh\u00e1zunkban, ahol kiv\u00e1l\u00f3 min\u0151s\u00e9g\u0171 e-cigarett\u00e1kat \u00e9s g\u0151z\u00f6l\u0151 eszk\u00f6z\u00f6ket tal\u00e1l. A Spaceman SP40000 mellett sz\u00e1mos m\u00e1s vezet\u0151 m\u00e1rka term\u00e9keit is k\u00edn\u00e1ljuk. N\u00e9zze meg n\u00e9pszer\u0171 <strong><a href=\"https:\/\/apexvape.de\/hu\/product-category\/smok-vape\/\">SMOK VAPE kateg\u00f3ria<\/a><\/strong> ahol innovat\u00edv eszk\u00f6z\u00f6ket \u00e9s kieg\u00e9sz\u00edt\u0151ket tal\u00e1lhat az ipar\u00e1g egyik vezet\u0151 gy\u00e1rt\u00f3j\u00e1t\u00f3l. Az Apex Vape-n\u00e9l gyors sz\u00e1ll\u00edt\u00e1st, els\u0151 oszt\u00e1ly\u00fa \u00fcgyf\u00e9lszolg\u00e1latot \u00e9s garant\u00e1lt term\u00e9kmin\u0151s\u00e9get kap, hogy t\u00f6k\u00e9letes g\u0151z\u00f6l\u00e9si \u00e9lm\u00e9nyben r\u00e9szes\u00fclj\u00f6n.<\/p>","protected":false},"excerpt":{"rendered":"<p class=\"font-claude-response-body break-words whitespace-normal leading-[1.7]\">Der Spaceman SP40000 Einweg-Vape bietet beeindruckende 40.000 Z\u00fcge mit 20 ml E-Liquid und 2% Nikotin. Dual-Mesh-Coils und vier Leistungsstufen (10-26W) sorgen f\u00fcr intensiven Geschmack. Mit 1000-mAh-Akku, USB-C-Schnellladung, digitalem Display und Ice\/Nikotin-Kontrolle \u2013 maximale Flexibilit\u00e4t und Leistung.<\/p>\n","protected":false},"featured_media":6272,"comment_status":"open","ping_status":"closed","template":"","meta":[],"product_brand":[],"product_cat":[84],"product_tag":[],"class_list":{"0":"post-6255","1":"product","2":"type-product","3":"status-publish","4":"has-post-thumbnail","6":"product_cat-smok-vape","8":"first","9":"instock","10":"shipping-taxable","11":"purchasable","12":"product-type-variable"},"_links":{"self":[{"href":"https:\/\/apexvape.de\/hu\/wp-json\/wp\/v2\/product\/6255","targetHints":{"allow":["GET"]}}],"collection":[{"href":"https:\/\/apexvape.de\/hu\/wp-json\/wp\/v2\/product"}],"about":[{"href":"https:\/\/apexvape.de\/hu\/wp-json\/wp\/v2\/types\/product"}],"replies":[{"embeddable":true,"href":"https:\/\/apexvape.de\/hu\/wp-json\/wp\/v2\/comments?post=6255"}],"version-history":[{"count":0,"href":"https:\/\/apexvape.de\/hu\/wp-json\/wp\/v2\/product\/6255\/revisions"}],"wp:featuredmedia":[{"embeddable":true,"href":"https:\/\/apexvape.de\/hu\/wp-json\/wp\/v2\/media\/6272"}],"wp:attachment":[{"href":"https:\/\/apexvape.de\/hu\/wp-json\/wp\/v2\/media?parent=6255"}],"wp:term":[{"taxonomy":"product_brand","embeddable":true,"href":"https:\/\/apexvape.de\/hu\/wp-json\/wp\/v2\/product_brand?post=6255"},{"taxonomy":"product_cat","embeddable":true,"href":"https:\/\/apexvape.de\/hu\/wp-json\/wp\/v2\/product_cat?post=6255"},{"taxonomy":"product_tag","embeddable":true,"href":"https:\/\/apexvape.de\/hu\/wp-json\/wp\/v2\/product_tag?post=6255"}],"curies":[{"name":"wp","href":"https:\/\/api.w.org\/{rel}","templated":true}]}}