{"id":6193,"date":"2025-12-19T11:28:46","date_gmt":"2025-12-19T10:28:46","guid":{"rendered":"https:\/\/apexvape.de\/?post_type=product&#038;p=6193"},"modified":"2026-02-27T08:21:39","modified_gmt":"2026-02-27T07:21:39","slug":"al-fakher-8000-crystal","status":"publish","type":"product","link":"https:\/\/apexvape.de\/hu\/product\/al-fakher-8000-crystal\/","title":{"rendered":"AL Fakher 8000 Crystal egyedi haszn\u00e1lat\u00fa vape"},"content":{"rendered":"<h1>AL Fakher 8000 Crystal Puffs eldobhat\u00f3 e-cigaretta<\/h1>\n<p>Az AL Fakher 8000 Crystal 8000 sz\u00edv\u00e1st biztos\u00edt el\u0151re felt\u00f6lt\u00f6tt 18 ml-es tart\u00e1llyal \u00e9s \u00fajrat\u00f6lthet\u0151 650 mAh-s akkumul\u00e1torral a hossz\u00fa \u00e9lettartam \u00e9rdek\u00e9ben. A k\u00e9sz\u00fcl\u00e9k 0,6 ohmos h\u00e1l\u00f3s tekercsel\u00e9ssel rendelkezik az \u00e1lland\u00f3 \u00edz \u00e9s s\u0171r\u0171 g\u0151z \u00e9rdek\u00e9ben, sz\u00edv\u00e1ssal aktiv\u00e1lt m\u0171k\u00f6d\u00e9ssel az egyszer\u0171 kezelhet\u0151s\u00e9g \u00e9rdek\u00e9ben, valamint 5 mg nikotintartalommal a kiegyens\u00falyozott el\u00e9gedetts\u00e9g \u00e9rdek\u00e9ben. Ez a felhaszn\u00e1l\u00f3bar\u00e1t k\u00e9sz\u00fcl\u00e9k nem ig\u00e9nyel ut\u00e1nt\u00f6lt\u00e9st vagy bonyolult be\u00e1ll\u00edt\u00e1sokat \u2013 egyszer\u0171en csak sz\u00edvjon bel\u0151le, \u00e9s \u00e9lvezze a sima, megb\u00edzhat\u00f3 g\u0151z\u00f6lg\u00e9si \u00e9lm\u00e9nyt. T\u00f6k\u00e9letes a napi g\u0151z\u00f6l\u0151k sz\u00e1m\u00e1ra, egyetlen felt\u00f6lt\u00e9ssel t\u00f6bb napig tart, \u00e9s autentikus g\u0151z\u00f6l\u00e9si \u00e9lm\u00e9nyt ny\u00fajt, egyenletes meleg\u00edt\u00e9ssel \u00e9s kiel\u00e9g\u00edt\u0151 g\u0151zs\u0171r\u0171s\u00e9ggel minden haszn\u00e1lat sor\u00e1n.<\/p>\n<h2>AL Fakher 8000 Crystal Puffs F\u00e9nypontok<\/h2>\n<p>Az AL Fakher 8000 Crystal egyetlen k\u00e9sz\u00fcl\u00e9kben leny\u0171g\u00f6z\u0151 8000 sz\u00edv\u00e1st biztos\u00edt, \u00edgy ide\u00e1lis azoknak a napi g\u0151z\u00f6l\u0151knek, akik el akarj\u00e1k ker\u00fclni a gyakori cser\u00e9t. A b\u0151s\u00e9ges, 18 ml-es el\u0151re felt\u00f6lt\u00f6tt e-liquid kapacit\u00e1snak k\u00f6sz\u00f6nhet\u0151en hossz\u00fa \u00e9lettartam\u00fa \u00edz\u00e9lm\u00e9nyt \u00e9s sima g\u0151z\u00f6l\u00e9st kaphat k\u00f6zvetlen\u00fcl a csomagol\u00e1sb\u00f3l, an\u00e9lk\u00fcl, hogy \u00fajrat\u00f6ltenie kellene. Ez a haszn\u00e1latra k\u00e9sz kialak\u00edt\u00e1s id\u0151t \u00e9s er\u0151fesz\u00edt\u00e9st takar\u00edt meg, mik\u00f6zben biztos\u00edtja az \u00e1lland\u00f3 teljes\u00edtm\u00e9nyt a k\u00e9sz\u00fcl\u00e9k teljes \u00e9lettartama alatt \u2013 megb\u00edzhat\u00f3 el\u00e9gedetts\u00e9g otthon, utaz\u00e1s k\u00f6zben vagy t\u00e1rsas\u00e1gi helyzetekben.<\/p>\n<p>A 650 mAh-s \u00fajrat\u00f6lthet\u0151 akkumul\u00e1torral m\u0171k\u00f6d\u0151 k\u00e9sz\u00fcl\u00e9k hosszabb haszn\u00e1latra lett tervezve, teljes\u00edtm\u00e9nyroml\u00e1s n\u00e9lk\u00fcl. Az akkumul\u00e1tor gyorsan felt\u00f6lthet\u0151, \u00e9s eg\u00e9sz nap megb\u00edzhat\u00f3 g\u0151z\u00f6l\u00e9st biztos\u00edt, \u00edgy mindig rendelkez\u00e9sre \u00e1ll az energia, amikor sz\u00fcks\u00e9ge van r\u00e1. A nagy e-liquid kapacit\u00e1ssal kombin\u00e1lva az akkumul\u00e1tor \u00e9lettartama t\u00f6k\u00e9letesen kieg\u00e9sz\u00edti a 8000 sz\u00edv\u00e1s kapacit\u00e1st, \u00e9s m\u00e9rs\u00e9kelt felhaszn\u00e1l\u00f3knak napokig tart\u00f3 g\u0151z\u00f6l\u00e9si \u00e9lm\u00e9nyt, alkalmi felhaszn\u00e1l\u00f3knak pedig m\u00e9g hosszabb id\u0151t biztos\u00edt a cser\u00e9k k\u00f6z\u00f6tt.<\/p>\n<p>A k\u00e9sz\u00fcl\u00e9k 0,6 ohmos h\u00e1l\u00f3s tekercsel\u00e9ssel rendelkezik, amely minden slukk alkalm\u00e1val egyenletes meleg\u00edt\u00e9st \u00e9s \u00e1lland\u00f3 \u00edzt biztos\u00edt, s\u0171r\u0171 g\u0151zt termelve, mik\u00f6zben meg\u0151rzi az egyes \u00edzprofilok integrit\u00e1s\u00e1t. Slukk-aktiv\u00e1lt rendszerrel m\u0171k\u00f6dik, nincs sz\u00fcks\u00e9g gombokra vagy bonyolult be\u00e1ll\u00edt\u00e1sokra \u2013 egyszer\u0171en csak bel\u00e9legezni kell az aktiv\u00e1l\u00e1shoz, \u00edgy kellemes, felhaszn\u00e1l\u00f3bar\u00e1t \u00e9lm\u00e9nyt ny\u00fajt. Az 5 mg-os nikotintartalom kiegyens\u00falyozott torok\u00e9rzetet \u00e9s kiel\u00e9g\u00edt\u0151 \u00e9lm\u00e9nyt ny\u00fajt an\u00e9lk\u00fcl, hogy t\u00fal er\u0151s vagy intenz\u00edv lenne, \u00edgy t\u00f6k\u00e9letes azok sz\u00e1m\u00e1ra, akik kellemes nikotinbevitelt keresnek.<\/p>\n<p>Az AL Fakher Crystal 8000 hiteles g\u0151z\u00e9lm\u00e9nyt ny\u00fajt, \u00e1lland\u00f3 \u00edzzel minden haszn\u00e1lat alkalm\u00e1val \u00e9s kiel\u00e9g\u00edt\u0151 g\u0151zs\u0171r\u0171s\u00e9ggel. A h\u00e1l\u00f3s tekercs technol\u00f3gia biztos\u00edtja az egyenletes felmeleged\u00e9st minden sz\u00edv\u00e1sn\u00e1l, m\u00edg a magas sz\u00edv\u00e1ssz\u00e1m, a nagy e-liquid kapacit\u00e1s \u00e9s a megb\u00edzhat\u00f3 akkumul\u00e1tor kombin\u00e1ci\u00f3ja olyan eszk\u00f6zt hoz l\u00e9tre, amely k\u00fcl\u00f6nb\u00f6z\u0151 k\u00f6rnyezetekben is haszn\u00e1lhat\u00f3. A felhaszn\u00e1l\u00f3k magabiztosan sz\u00e1m\u00edthatnak j\u00f3 teljes\u00edtm\u00e9nyre, egyszer\u0171 sz\u00edv\u00e1sra \u00e9s sz\u00e9les k\u00f6r\u0171 \u00edzletes arom\u00e1kra, amelyek minden g\u0151z\u00f6l\u00e9si alkalmat sz\u00f3rakoztat\u00f3v\u00e1 \u00e9s kifizet\u0151d\u0151v\u00e9 tesznek.<\/p>\n<h2>M\u0171szaki specifik\u00e1ci\u00f3k<\/h2>\n<ul>\n<li><strong>Vonatsz\u00e1m:<\/strong> Ak\u00e1r 8000 vonat<\/li>\n<li><strong>E-liquid kapacit\u00e1s:<\/strong> 18 ml el\u0151re felt\u00f6ltve<\/li>\n<li><strong>Nikotin er\u0151ss\u00e9ge:<\/strong> 5 mg\/ml (0,5 %)<\/li>\n<li><strong>Akkumul\u00e1tor:<\/strong> 650 mAh \u00fajrat\u00f6lthet\u0151<\/li>\n<li><strong>Tekercs t\u00edpus:<\/strong> H\u00e1l\u00f3s tekercs (0,6 ohm)<\/li>\n<li><strong>\u00dczemm\u00f3dok:<\/strong> Eco \u00e9s Boost m\u00f3d<\/li>\n<li><strong>Kijelz\u0151k:<\/strong> Akkumul\u00e1tor \u00e1llapot\u00e1nak \u00e9s e-liquid szintj\u00e9nek kijelz\u0151je<\/li>\n<\/ul>\n<h2>AL Fakher 8000 Crystal Puffs \u00edzv\u00e1laszt\u00e9k<\/h2>\n<ol>\n<li>Berry Blue<\/li>\n<li>Berry Ice<\/li>\n<li>Fekete ribizli j\u00e9gkr\u00e9m<\/li>\n<li>Fekete ribizli menta<\/li>\n<li>K\u00e9k Razz Blast<\/li>\n<li>K\u00e9k Razz limon\u00e1d\u00e9<\/li>\n<li>\u00c1fonya-cseresznye<\/li>\n<li>\u00c1fonya r\u00e1g\u00f3gumi<\/li>\n<li>\u00c1fonya limon\u00e1d\u00e9<\/li>\n<li>\u00c1fonya-menta<\/li>\n<li>\u00c1fonya M\u00e1lna<\/li>\n<li>\u00c1fonya-savany\u00fa m\u00e1lna<\/li>\n<li>Csereszny\u00e9s fiesta<\/li>\n<li>Csereszny\u00e9s pezsg\u0151<\/li>\n<li>Csereszny\u00e9s j\u00e9gkr\u00e9m<\/li>\n<li>H\u0171v\u00f6s mang\u00f3<\/li>\n<li>F\u00fazi\u00f3s pop<\/li>\n<li>Sz\u0151l\u0151<\/li>\n<li>Sz\u0151l\u0151bogy\u00f3<\/li>\n<li>Sz\u0151l\u0151-menta<\/li>\n<li>Gum Mint<\/li>\n<li>Hubba<\/li>\n<li>J\u00e9gk\u00e9k<\/li>\n<li>Citrom-lime<\/li>\n<li>Citrom-lime-cseresznye fizz<\/li>\n<li>Citrom menta<\/li>\n<li>Lush Ice<\/li>\n<li>M\u00e1gikus szerelem<\/li>\n<li>Mang\u00f3 Anan\u00e1sz<\/li>\n<li>mentol<\/li>\n<li>Mint<\/li>\n<li>Vegyes bogy\u00f3s gy\u00fcm\u00f6lcs\u00f6k<\/li>\n<li>Narancs-menta<\/li>\n<li>Peach Ice<\/li>\n<li>Anan\u00e1sz j\u00e9g<\/li>\n<li>\u0170r\u00e1lom<\/li>\n<li>Spearmint<\/li>\n<li>Eper Cseresznye<\/li>\n<li>Eper puncs<\/li>\n<li>Ny\u00e1ri \u00e1lom<\/li>\n<li>K\u00e9t alma<\/li>\n<li>G\u00f6r\u00f6gdinnye Cseresznye<\/li>\n<li>G\u00f6r\u00f6gdinnye-kivi<\/li>\n<li>G\u00f6r\u00f6gdinnye-lime<\/li>\n<li>G\u00f6r\u00f6gdinnye Anan\u00e1sz<\/li>\n<\/ol>\n<h2>Gyakran ism\u00e9telt k\u00e9rd\u00e9sek (GYIK)<\/h2>\n<p><strong>1. H\u00e1ny mozdulatot k\u00edn\u00e1l ez a k\u00e9sz\u00fcl\u00e9k?<\/strong> Ez az eldobhat\u00f3 e-cigaretta ak\u00e1r 8000 sz\u00edv\u00e1st is biztos\u00edt, \u00edgy t\u00f6k\u00e9letes azoknak a napi felhaszn\u00e1l\u00f3knak, akik szeretn\u00e9k elker\u00fclni a gyakori cser\u00e9t. A nagy sz\u00edv\u00e1ssz\u00e1m \u00e9s a 18 ml-es e-liquid kapacit\u00e1s egy\u00fcttesen garant\u00e1lja a tart\u00f3s teljes\u00edtm\u00e9nyt t\u00f6bb napos haszn\u00e1lat eset\u00e9n is.<\/p>\n<p><strong>2. Milyen t\u00edpus\u00fa tekercset haszn\u00e1l a k\u00e9sz\u00fcl\u00e9k?<\/strong> A k\u00e9sz\u00fcl\u00e9k 0,6 ohmos h\u00e1l\u00f3s tekercsel\u00e9ssel rendelkezik, amely egyenletes meleg\u00edt\u00e9st \u00e9s \u00e1lland\u00f3 \u00edzt biztos\u00edt minden slukk ut\u00e1n. Ez a tekercsel\u00e9si technol\u00f3gia s\u0171r\u0171 g\u0151zt hoz l\u00e9tre, mik\u00f6zben meg\u0151rzi az \u00edz min\u0151s\u00e9g\u00e9t a teljes g\u0151z\u00f6l\u00e9s sor\u00e1n.<\/p>\n<p><strong>3. Az akkumul\u00e1tor \u00fajrat\u00f6lthet\u0151?<\/strong> Igen, egy \u00fajrat\u00f6lthet\u0151 650 mAh-s akkumul\u00e1torral van felszerelve, amely hosszabb haszn\u00e1latot t\u00e1mogat \u00e9s gyorsan felt\u00f6lthet\u0151. Az akkumul\u00e1tor t\u00f6bb haszn\u00e1lati ciklusra is alkalmas, \u00e9s eg\u00e9sz nap megb\u00edzhat\u00f3 teljes\u00edtm\u00e9nyt biztos\u00edt.<\/p>\n<p><strong>4. Hogyan lehet bekapcsolni ezt az e-cigarett\u00e1t?<\/strong> Zugaktiv\u00e1lt kezel\u00e9st alkalmaz, ami azt jelenti, hogy nincs sz\u00fcks\u00e9g gombokra vagy bonyolult be\u00e1ll\u00edt\u00e1sokra. Egyszer\u0171en csak bel\u00e9legezzen, hogy aktiv\u00e1lja a k\u00e9sz\u00fcl\u00e9ket, \u00e9s \u00e9lvezze az egyszer\u0171, felhaszn\u00e1l\u00f3bar\u00e1t \u00e9lm\u00e9nyt.<\/p>\n<p><strong>5. Milyen nikotintartalom \u00e1ll rendelkez\u00e9sre?<\/strong> A k\u00e9sz\u00fcl\u00e9k 5 mg nikotintartalommal rendelkezik, amely kiegyens\u00falyozott torok\u00e9rzetet biztos\u00edt an\u00e9lk\u00fcl, hogy t\u00fal er\u0151s lenne. Ez a nikotintartalom kiel\u00e9g\u00edt\u0151 nikotinbevitelt biztos\u00edt, amely a legt\u00f6bb felhaszn\u00e1l\u00f3 sz\u00e1m\u00e1ra kellemes.<\/p>\n<h2>Fedezze fel az AL FAKHER VAPE tov\u00e1bbi term\u00e9keit az Apexvape-n\u00e9l<\/h2>\n<p>Fedezze fel az AL Fakher 8000 Crystal \u00e9s egy\u00e9b pr\u00e9mium term\u00e9keket online \u00e1ruh\u00e1zunkban. A <strong><a href=\"https:\/\/apexvape.de\/hu\/\">Apex Vape<\/a><\/strong> sz\u00e9les v\u00e1laszt\u00e9kban tal\u00e1lhat kiv\u00e1l\u00f3 min\u0151s\u00e9g\u0171 e-cigarett\u00e1kat \u00e9s vaping term\u00e9keket minden \u00edzl\u00e9snek. \u00c9rdekelnek az AL Fakher term\u00e9kek? L\u00e1togasson el weboldalunkra! <strong><a href=\"https:\/\/apexvape.de\/hu\/product-category\/al-fakher-vape\/\">AL FAKHER VAPE kateg\u00f3ria<\/a><\/strong> \u00e9s fedezze fel ennek a n\u00e9pszer\u0171 m\u00e1rk\u00e1nak a teljes term\u00e9kpalett\u00e1j\u00e1t. Gyors sz\u00e1ll\u00edt\u00e1s, kiv\u00e1l\u00f3 \u00fcgyf\u00e9lszolg\u00e1lat \u00e9s eredeti term\u00e9kek el\u0151nyeit \u00e9lvezheti, k\u00f6zvetlen\u00fcl az otthon\u00e1ba sz\u00e1ll\u00edtva.<\/p>","protected":false},"excerpt":{"rendered":"<p class=\"font-claude-response-body break-words whitespace-normal leading-[1.7]\">Die AL Fakher 8000 Crystal Einweg-E-Zigarette bietet bis zu 8.000 Z\u00fcge mit 18 ml vorbef\u00fclltem E-Liquid und 5 mg Nikotin. Der wiederaufladbare 650-mAh-Akku und die 0,6-Ohm-Mesh-Coil sorgen f\u00fcr konstanten Geschmack und dichten Dampf. Zugaktiviert, mit Eco- und Boost-Modus sowie praktischen Displays f\u00fcr Akku und F\u00fcllstand.<\/p>\n","protected":false},"featured_media":6240,"comment_status":"open","ping_status":"closed","template":"","meta":[],"product_brand":[],"product_cat":[83],"product_tag":[],"class_list":{"0":"post-6193","1":"product","2":"type-product","3":"status-publish","4":"has-post-thumbnail","6":"product_cat-al-fakher-vape","8":"first","9":"instock","10":"shipping-taxable","11":"purchasable","12":"product-type-variable"},"_links":{"self":[{"href":"https:\/\/apexvape.de\/hu\/wp-json\/wp\/v2\/product\/6193","targetHints":{"allow":["GET"]}}],"collection":[{"href":"https:\/\/apexvape.de\/hu\/wp-json\/wp\/v2\/product"}],"about":[{"href":"https:\/\/apexvape.de\/hu\/wp-json\/wp\/v2\/types\/product"}],"replies":[{"embeddable":true,"href":"https:\/\/apexvape.de\/hu\/wp-json\/wp\/v2\/comments?post=6193"}],"version-history":[{"count":0,"href":"https:\/\/apexvape.de\/hu\/wp-json\/wp\/v2\/product\/6193\/revisions"}],"wp:featuredmedia":[{"embeddable":true,"href":"https:\/\/apexvape.de\/hu\/wp-json\/wp\/v2\/media\/6240"}],"wp:attachment":[{"href":"https:\/\/apexvape.de\/hu\/wp-json\/wp\/v2\/media?parent=6193"}],"wp:term":[{"taxonomy":"product_brand","embeddable":true,"href":"https:\/\/apexvape.de\/hu\/wp-json\/wp\/v2\/product_brand?post=6193"},{"taxonomy":"product_cat","embeddable":true,"href":"https:\/\/apexvape.de\/hu\/wp-json\/wp\/v2\/product_cat?post=6193"},{"taxonomy":"product_tag","embeddable":true,"href":"https:\/\/apexvape.de\/hu\/wp-json\/wp\/v2\/product_tag?post=6193"}],"curies":[{"name":"wp","href":"https:\/\/api.w.org\/{rel}","templated":true}]}}