{"id":6152,"date":"2025-12-16T15:04:49","date_gmt":"2025-12-16T14:04:49","guid":{"rendered":"https:\/\/apexvape.de\/?post_type=product&#038;p=6152"},"modified":"2025-12-16T15:06:50","modified_gmt":"2025-12-16T14:06:50","slug":"fihp-60000","status":"publish","type":"product","link":"https:\/\/apexvape.de\/hu\/product\/fihp-60000\/","title":{"rendered":"FIHP 60000 sz\u00edv\u00e1s\u00fa eldobhat\u00f3 e-cigaretta"},"content":{"rendered":"<h1>FIHP 60000 Triple 3-in-1 | 60000 slukkos, h\u00e1rom \u00edz\u0171, egyszer haszn\u00e1latos e-cigaretta nagykereskedelmi \u00e1ron<\/h1>\n<p>A FIHP 60000 Z\u00fcge Vape kiv\u00e9teles teljes\u00edtm\u00e9nyt ny\u00fajt a tart\u00f3s \u00e9lvezet \u00e9rdek\u00e9ben, \u00e9s leny\u0171g\u00f6z\u0151, ak\u00e1r 60 000 sz\u00edv\u00e1sig terjed\u0151 kapacit\u00e1s\u00e1val hosszabb g\u0151z\u00f6l\u00e9si munkameneteket tesz lehet\u0151v\u00e9 an\u00e9lk\u00fcl, hogy gyakran kellene cser\u00e9lni. Ez a nagy teljes\u00edtm\u00e9ny\u0171 eszk\u00f6z k\u00fcl\u00f6nb\u00f6z\u0151 preferenci\u00e1knak felel meg, 2% \u00e9s 5% nikotintartalommal, \u00edgy a felhaszn\u00e1l\u00f3k az egy\u00e9ni ig\u00e9nyeiknek megfelel\u0151en v\u00e1laszthatnak a gyeng\u00e9d, m\u00e9rs\u00e9kelt \u00e9lvezet vagy az er\u0151s, intenz\u00edv sz\u00edv\u00e1sok k\u00f6z\u00f6tt.<\/p>\n<h2>FIHP 60000 vonat F\u0151bb jellemz\u0151k:<\/h2>\n<p>A fejlett technol\u00f3gia hajtja ezt az eszk\u00f6zt, amelynek hatalmas, 54 ml-es e-liquid kapacit\u00e1sa \u00e9s kifinomult kett\u0151s h\u00e1l\u00f3s tekercsrendszere minden slukk ut\u00e1n gazdag, arom\u00e1s g\u0151zfelh\u0151ket hoz l\u00e9tre. A kett\u0151s h\u00e1l\u00f3s technol\u00f3gia biztos\u00edtja az \u00e1lland\u00f3 g\u0151ztermel\u00e9st \u00e9s a jobb \u00edz\u00e9lm\u00e9nyt, \u00edgy az els\u0151t\u0151l az utols\u00f3 slukkig maxim\u00e1lis min\u0151s\u00e9g\u0171 g\u0151z\u00f6l\u00e9si \u00e9lm\u00e9nyt ny\u00fajt.<\/p>\n<p>Ami ezt a vaporizert igaz\u00e1n kiemeli a t\u00f6bbi k\u00f6z\u00fcl, az az innovat\u00edv Triple-Flavor rendszer, amely lehet\u0151v\u00e9 teszi a felhaszn\u00e1l\u00f3k sz\u00e1m\u00e1ra, hogy egy eszk\u00f6z\u00f6n bel\u00fcl z\u00f6kken\u0151mentesen v\u00e1lthassanak h\u00e1rom k\u00fcl\u00f6nb\u00f6z\u0151 \u00edz k\u00f6z\u00f6tt. 10 izgalmas \u00edzv\u00e1laszt\u00e9kkal ez a funkci\u00f3 dinamikus \u00e9s izgalmas \u00e9lm\u00e9nyt ny\u00fajt a vaporiz\u00e1l\u00e1s sor\u00e1n, megakad\u00e1lyozza az \u00edzf\u00e1rad\u00e1st, \u00e9s rendk\u00edv\u00fcli v\u00e1ltozatoss\u00e1got k\u00edn\u00e1l an\u00e9lk\u00fcl, hogy t\u00f6bb eszk\u00f6zt kellene mag\u00e1val cipelnie.<\/p>\n<p>A k\u00e9nyelem \u00e9s a megb\u00edzhat\u00f3s\u00e1g tal\u00e1lkozik az integr\u00e1lt 650 mAh-s \u00fajrat\u00f6lthet\u0151 akkumul\u00e1tor \u00e9s a Type-C gyors t\u00f6lt\u00e9si funkci\u00f3 r\u00e9v\u00e9n, amely minim\u00e1lis le\u00e1ll\u00e1si id\u0151t garant\u00e1l, ha energi\u00e1ra van sz\u00fcks\u00e9ge. Az intelligens LED-kijelz\u0151 vil\u00e1gos, val\u00f3s idej\u0171 inform\u00e1ci\u00f3kat ny\u00fajt az akkumul\u00e1tor t\u00f6lt\u00f6tts\u00e9gi \u00e1llapot\u00e1r\u00f3l \u00e9s az e-liquid szintj\u00e9r\u0151l, \u00edgy mindig teljes k\u00f6r\u0171en t\u00e1j\u00e9kozott \u00e9s ellen\u0151rz\u00e9s alatt tartja a z\u00f6kken\u0151mentes, probl\u00e9mamentes g\u0151z\u00f6l\u00e9si \u00e9lm\u00e9nyt, amely \u00f6tv\u00f6zi a teljes\u00edtm\u00e9nyt, a sokoldal\u00fas\u00e1got \u00e9s a felhaszn\u00e1l\u00f3bar\u00e1t funkcionalit\u00e1st.<\/p>\n<h2>Term\u00e9kle\u00edr\u00e1s:<\/h2>\n<ul>\n<li><strong>Vonatok:<\/strong> Ak\u00e1r 60 000 vonat<\/li>\n<li><strong>Nikotin:<\/strong> 2%\/5%<\/li>\n<li><strong>Kett\u0151s h\u00e1l\u00f3s tekercs<\/strong><\/li>\n<li><strong>E-folyad\u00e9k:<\/strong> 54 ml<\/li>\n<li><strong>Akkumul\u00e1tor:<\/strong> 650 mAh<\/li>\n<li><strong>\u00dajrat\u00f6lthet\u0151:<\/strong> C t\u00edpus<\/li>\n<li><strong>H\u00e1rmas \u00edz<\/strong><\/li>\n<li><strong>10 \u00edz k\u00f6z\u00fcl v\u00e1laszthat<\/strong><\/li>\n<\/ul>\n<h2>FIHP 60000 vonat \u00cdzv\u00e1laszt\u00e9k:<\/h2>\n<ol>\n<li>G\u00f6r\u00f6gdinnye j\u00e9gkr\u00e9m\/Red Bull\/eper kiwi<\/li>\n<li>Citrom, lime\/eper, g\u00f6r\u00f6gdinnye\/\u00e1fonya j\u00e9gkr\u00e9m<\/li>\n<li>Eper Ban\u00e1n\/Dupla alma\/M\u00e1lna G\u00f6r\u00f6gdinnye<\/li>\n<li>Eper Kiwi\/Savany\u00fa mang\u00f3 Anan\u00e1sz\/Red Bull<\/li>\n<li>Tr\u00f3pusi gy\u00fcm\u00f6lcs\u00f6k\/eper G\u00f6r\u00f6gdinnye\/citrom \u0150szibarack<\/li>\n<li>Anan\u00e1sz K\u00f3kusz\/Blue Razz\/Eper Ban\u00e1n<\/li>\n<li>Eper, m\u00e1lna\/h\u00e1romszoros dinnye\/savany\u00fa mang\u00f3, anan\u00e1sz<\/li>\n<li>Vegyes bogy\u00f3s gy\u00fcm\u00f6lcs\u00f6k\/m\u00e1lna G\u00f6r\u00f6gdinnye\/mang\u00f3 \u0150szibarack<\/li>\n<li>\u00c1fonya M\u00e1lna\/eper Van\u00edlia Cola\/citrom Lime<\/li>\n<li>G\u00f6r\u00f6gdinnye j\u00e9gkr\u00e9m\/\u0150szibarack bogy\u00f3s gy\u00fcm\u00f6lcs\/Tripla dinnye<\/li>\n<\/ol>\n<h2>FIHP 60000 vonat Gyakran ism\u00e9telt k\u00e9rd\u00e9sek<\/h2>\n<p><strong>1. H\u00e1ny slukkot k\u00edn\u00e1l ez a nagy teljes\u00edtm\u00e9ny\u0171 vaporiz\u00e1tor?<\/strong><\/p>\n<p>Ez az eszk\u00f6z ak\u00e1r 60 000 sz\u00edv\u00e1st is biztos\u00edt, \u00edgy hossz\u00fa ideig tart\u00f3 g\u0151z\u00f6l\u00e9shez is elegend\u0151, an\u00e9lk\u00fcl, hogy gyakran kellene cser\u00e9lni. A hatalmas, 54 ml-es e-liquid kapacit\u00e1s hossz\u00fa t\u00e1v\u00fa teljes\u00edtm\u00e9nyt biztos\u00edt azoknak a g\u0151z\u00f6l\u0151knek, akik megb\u00edzhat\u00f3s\u00e1got v\u00e1rnak el.<\/p>\n<p><strong>2. Mi az a Triple Flavor rendszer?<\/strong><\/p>\n<p>Az innovat\u00edv Triple-Flavor rendszer lehet\u0151v\u00e9 teszi, hogy egy eszk\u00f6z\u00f6n bel\u00fcl z\u00f6kken\u0151mentesen v\u00e1lthasson h\u00e1rom k\u00fcl\u00f6nb\u00f6z\u0151 \u00edz k\u00f6z\u00f6tt. A 10 izgalmas \u00edzv\u00e1laszt\u00e9knak k\u00f6sz\u00f6nhet\u0151en dinamikusan alak\u00edthatja szekci\u00f3it, \u00e9s elker\u00fclheti az \u00edzf\u00e1rad\u00e1st.<\/p>\n<p><strong>3. Milyen nikotintartalmak k\u00f6z\u00fcl v\u00e1laszthatok?<\/strong><\/p>\n<p>2% \u00e9s 5% nikotintartalom k\u00f6z\u00fcl v\u00e1laszthat. Ez a rugalmass\u00e1g lehet\u0151v\u00e9 teszi, hogy szem\u00e9lyre szabja az \u00e9lm\u00e9nyt, f\u00fcggetlen\u00fcl att\u00f3l, hogy enyhe, k\u00f6zepes vagy er\u0151s, intenz\u00edv \u00e9lm\u00e9nyt prefer\u00e1l.<\/p>\n<p><strong>4. Hogyan jav\u00edtja a teljes\u00edtm\u00e9nyt a kett\u0151s h\u00e1l\u00f3s tekercs?<\/strong><\/p>\n<p>A fejlett Dual Mesh Coil rendszer gazdag, arom\u00e1s g\u0151zfelh\u0151ket hoz l\u00e9tre, \u00e1lland\u00f3 g\u0151ztermel\u00e9ssel. Ez a technol\u00f3gia jav\u00edtja az \u00edz\u00e9lm\u00e9nyt \u00e9s garant\u00e1lja a min\u0151s\u00e9gi teljes\u00edtm\u00e9nyt az els\u0151t\u0151l az utols\u00f3 slukkig.<\/p>\n<p><strong>5. Mely funkci\u00f3k seg\u00edtenek a k\u00e9sz\u00fcl\u00e9k \u00e1llapot\u00e1nak figyelemmel k\u00eds\u00e9r\u00e9s\u00e9ben?<\/strong><\/p>\n<p>Az intelligens LED-kijelz\u0151 vil\u00e1gos, val\u00f3s idej\u0171 inform\u00e1ci\u00f3kat ny\u00fajt az akkumul\u00e1tor t\u00f6lt\u00f6tts\u00e9gi \u00e1llapot\u00e1r\u00f3l \u00e9s az e-liquid szintj\u00e9r\u0151l. A 650 mAh-s \u00fajrat\u00f6lthet\u0151 akkumul\u00e1torral \u00e9s a Type-C gyors t\u00f6lt\u00e9ssel kombin\u00e1lva mindig t\u00e1j\u00e9kozott maradhat, \u00e9s minim\u00e1lisra cs\u00f6kkentheti az \u00fczemsz\u00fcneteket.<\/p>\n<h2>Rendeljen most FIHP 60000 nagykereskedelmi \u00e1ron<\/h2>\n<p>Fedezze fel a FIHP 60000 Triple 3-in-1 Vape term\u00e9ket, \u00e9s \u00e9lvezze vonz\u00f3 nagykereskedelmi aj\u00e1nlatunkat. <strong><a href=\"https:\/\/apexvape.de\/hu\/\">Apex Vape<\/a><\/strong> sz\u00e9les v\u00e1laszt\u00e9kban tal\u00e1lhat kiv\u00e1l\u00f3 min\u0151s\u00e9g\u0171, versenyk\u00e9pes \u00e1ron kaphat\u00f3 eldobhat\u00f3 e-cigarett\u00e1kat. B\u00f6ng\u00e9sszen teljes k\u00edn\u00e1latunkban! <strong><a href=\"https:\/\/apexvape.de\/hu\/product-category\/fihp-vape\/\">FIHP VAPE kollekci\u00f3<\/a><\/strong> \u00e9s szerezze be \u00fczlet\u00e9be a leg\u00fajabb modelleket innovat\u00edv Triple-Flavor technol\u00f3gi\u00e1val. Haszn\u00e1lja ki a gyors sz\u00e1ll\u00edt\u00e1st, a megb\u00edzhat\u00f3 szolg\u00e1ltat\u00e1st \u00e9s a pr\u00e9mium min\u0151s\u00e9get \u00fcgyfelei sz\u00e1m\u00e1ra.<\/p>","protected":false},"excerpt":{"rendered":"<div class=\"group relative pb-3\" data-is-streaming=\"false\">\n<div class=\"font-claude-response relative leading-[1.65rem] [&amp;_pre&gt;div]:bg-bg-000\/50 [&amp;_pre&gt;div]:border-0.5 [&amp;_pre&gt;div]:border-border-400 [&amp;_.ignore-pre-bg&gt;div]:bg-transparent [&amp;_.standard-markdown_:is(p,blockquote,h1,h2,h3,h4,h5,h6)]:pl-2 [&amp;_.standard-markdown_:is(p,blockquote,ul,ol,h1,h2,h3,h4,h5,h6)]:pr-8 [&amp;_.progressive-markdown_:is(p,blockquote,h1,h2,h3,h4,h5,h6)]:pl-2 [&amp;_.progressive-markdown_:is(p,blockquote,ul,ol,h1,h2,h3,h4,h5,h6)]:pr-8\">\n<div>\n<div class=\"standard-markdown grid-cols-1 grid gap-4 [&amp;_&gt;_*]:min-w-0 standard-markdown\">\n<p class=\"font-claude-response-body break-words whitespace-normal leading-[1.7]\">Der FIHP 60000 Z\u00fcge \u00fcberzeugt mit revolution\u00e4rem Triple-Flavor-System f\u00fcr drei Geschmacksrichtungen in einem Ger\u00e4t. Mit 54ml E-Liquid-Kapazit\u00e4t, Dual-Mesh-Coil-Technologie und 650mAh Type-C Schnelllade-Akku bietet er maximale Leistung. Das LED-Display zeigt Batterie- und F\u00fcllstand. Erh\u00e4ltlich in 10 Geschmacksrichtungen.<\/p>\n<\/div>\n<\/div>\n<\/div>\n<\/div>\n<div class=\"flex justify-start opacity-0 group-hover:opacity-100 group-focus-within:opacity-100 transition\" role=\"group\" aria-label=\"Message actions\">\n<div class=\"text-text-300\">\n<div class=\"text-text-300 flex items-stretch justify-between\">\n<div class=\"w-fit\" data-state=\"closed\">\n<div class=\"relative text-text-500 group-hover\/btn:text-text-100\">\n<div class=\"flex items-center justify-center transition-all opacity-100 scale-100\"><\/div>\n<div class=\"flex items-center justify-center absolute top-0 left-0 transition-all opacity-0 scale-50\"><\/div>\n<\/div>\n<\/div>\n<div class=\"w-fit\" data-state=\"closed\">\n<div class=\"flex items-center justify-center text-text-500 group-hover\/btn:text-text-100\"><\/div>\n<\/div>\n<div class=\"w-fit\" data-state=\"closed\">\n<div class=\"flex items-center justify-center text-text-500 group-hover\/btn:text-text-100\"><\/div>\n<\/div>\n<div class=\"flex items-center\"><\/div>\n<\/div>\n<\/div>\n<\/div>\n","protected":false},"featured_media":6153,"comment_status":"open","ping_status":"closed","template":"","meta":[],"product_brand":[],"product_cat":[82],"product_tag":[],"class_list":{"0":"post-6152","1":"product","2":"type-product","3":"status-publish","4":"has-post-thumbnail","6":"product_cat-fihp-vape","8":"first","9":"instock","10":"shipping-taxable","11":"purchasable","12":"product-type-variable"},"_links":{"self":[{"href":"https:\/\/apexvape.de\/hu\/wp-json\/wp\/v2\/product\/6152","targetHints":{"allow":["GET"]}}],"collection":[{"href":"https:\/\/apexvape.de\/hu\/wp-json\/wp\/v2\/product"}],"about":[{"href":"https:\/\/apexvape.de\/hu\/wp-json\/wp\/v2\/types\/product"}],"replies":[{"embeddable":true,"href":"https:\/\/apexvape.de\/hu\/wp-json\/wp\/v2\/comments?post=6152"}],"version-history":[{"count":0,"href":"https:\/\/apexvape.de\/hu\/wp-json\/wp\/v2\/product\/6152\/revisions"}],"wp:featuredmedia":[{"embeddable":true,"href":"https:\/\/apexvape.de\/hu\/wp-json\/wp\/v2\/media\/6153"}],"wp:attachment":[{"href":"https:\/\/apexvape.de\/hu\/wp-json\/wp\/v2\/media?parent=6152"}],"wp:term":[{"taxonomy":"product_brand","embeddable":true,"href":"https:\/\/apexvape.de\/hu\/wp-json\/wp\/v2\/product_brand?post=6152"},{"taxonomy":"product_cat","embeddable":true,"href":"https:\/\/apexvape.de\/hu\/wp-json\/wp\/v2\/product_cat?post=6152"},{"taxonomy":"product_tag","embeddable":true,"href":"https:\/\/apexvape.de\/hu\/wp-json\/wp\/v2\/product_tag?post=6152"}],"curies":[{"name":"wp","href":"https:\/\/api.w.org\/{rel}","templated":true}]}}