{"id":6089,"date":"2025-12-16T14:35:33","date_gmt":"2025-12-16T13:35:33","guid":{"rendered":"https:\/\/apexvape.de\/?post_type=product&#038;p=6089"},"modified":"2025-12-16T14:36:52","modified_gmt":"2025-12-16T13:36:52","slug":"fihp-120k-6in1-multi","status":"publish","type":"product","link":"https:\/\/apexvape.de\/hu\/product\/fihp-120k-6in1-multi\/","title":{"rendered":"FIHP 120k 6in1 Multi Z\u00fcge eldobhat\u00f3 vape"},"content":{"rendered":"<h1>FIHP 120k 6in1 Multi Flavor eldobhat\u00f3 e-cigaretta | 120000 sz\u00edv\u00e1s Smart \u00fajrat\u00f6lthet\u0151 vape 6 e-liquid tart\u00e1llyal<\/h1>\n<p>A FIHP 120k 6in1 Multi rendk\u00edv\u00fcli 120 000 sz\u00edv\u00e1st biztos\u00edt hatalmas, 64 ml-es e-liquid kapacit\u00e1ssal, ami hetekig tart\u00f3 g\u0151z\u00f6lg\u00e9si \u00e9lm\u00e9nyt garant\u00e1l. Az innovat\u00edv 6 az 1-ben rendszer lehet\u0151v\u00e9 teszi a hat gondosan kiv\u00e1lasztott \u00edz k\u00f6z\u00f6tti azonnali v\u00e1lt\u00e1st. A fejlett 0,9 ohmos kett\u0151s h\u00e1l\u00f3s tekercs technol\u00f3gia s\u0171r\u0171 g\u0151zt \u00e9s intenz\u00edv \u00edzt biztos\u00edt, m\u00edg a 2% \u00e9s 5% nikotintartalom az \u00d6n ig\u00e9nyeinek megfelel\u0151en \u00e1ll\u00edthat\u00f3. A 650 mAh-s akkumul\u00e1tor Type-C gyorst\u00f6lt\u00e9ssel rendelkezik, \u00e9s egy LED-kijelz\u0151 figyeli az akkumul\u00e1tor \u00e9s az e-liquid szintj\u00e9t. A kompakt m\u00e9retek (44\u00d744\u00d7112 mm) garant\u00e1lj\u00e1k a hordozhat\u00f3s\u00e1got a teljes\u00edtm\u00e9ny roml\u00e1sa n\u00e9lk\u00fcl, \u00e9s t\u00f6k\u00e9letes all-in-one megold\u00e1ss\u00e1 teszik.<\/p>\n<h2>FIHP 120k 6in1 Multi K\u00fcl\u00f6nleges jellemz\u0151k:<\/h2>\n<p>A FIHP 120k 6in1 Multi forradalmas\u00edtja az eldobhat\u00f3 e-cigarett\u00e1kat rendk\u00edv\u00fcli, 120 000 sz\u00edv\u00e1s kapacit\u00e1s\u00e1val, amely hetekig tart\u00f3, megszak\u00edt\u00e1s n\u00e9lk\u00fcli \u00e9lvezetet biztos\u00edt, \u00e9s a piacon el\u00e9rhet\u0151 legmagasabb sz\u00edv\u00e1ssz\u00e1mok k\u00f6z\u00e9 tartozik. Ezt a hatalmas kapacit\u00e1st egy nagym\u00e9ret\u0171, 64 ml-es pr\u00e9mium e-liquid tart\u00e1ly t\u00e1mogatja, \u00edgy a k\u00e9sz\u00fcl\u00e9k val\u00f3ban tart\u00f3s, \u00e9s nincs sz\u00fcks\u00e9g gyakori cser\u00e9re.<\/p>\n<p>Ami ezt az eszk\u00f6zt k\u00fcl\u00f6nlegess\u00e9 teszi, az az innovat\u00edv 6 az 1-ben \u00edzrendszere, amely lehet\u0151v\u00e9 teszi, hogy k\u00f6nnyed\u00e9n v\u00e1lthasson hat gondosan \u00f6ssze\u00e1ll\u00edtott \u00edz k\u00f6z\u00f6tt, \u00edgy eg\u00e9sz nap igazodhat hangulat\u00e1hoz \u00e9s preferenci\u00e1ihoz. A fejlett, 0,9 ohmos ellen\u00e1ll\u00e1s\u00fa kett\u0151s h\u00e1l\u00f3s tekercs technol\u00f3gia egyenletes meleg\u00edt\u00e9st biztos\u00edt, \u00e9s minden slukk ut\u00e1n gazdag, s\u0171r\u0171 g\u0151zt \u00e9s tiszta, intenz\u00edv \u00edzt eredm\u00e9nyez. A 2% \u00e9s 5% testreszabhat\u00f3 nikotinszintek lehet\u0151v\u00e9 teszik, hogy a g\u0151z\u00f6l\u00e9si \u00e9lm\u00e9nyt t\u00f6k\u00e9letesen az egy\u00e9ni ig\u00e9nyeihez igaz\u00edtsa.<\/p>\n<p>A megb\u00edzhat\u00f3, be\u00e9p\u00edtett 650 mAh-s akkumul\u00e1tor \u00e1lland\u00f3 teljes\u00edtm\u00e9nyt biztos\u00edt a teljes \u00e9lettartam alatt, m\u00edg a Type-C gyors t\u00f6lt\u00e9si technol\u00f3gia minim\u00e1lisra cs\u00f6kkenti az \u00fczemsz\u00fcneteket, \u00e9s gyorsan visszat\u00e9rhet a g\u0151z\u00f6l\u00e9shez. Az intuit\u00edv LED-kijelz\u0151 teljes ellen\u0151rz\u00e9st biztos\u00edt, \u00e9s egy pillant\u00e1sra inform\u00e1ci\u00f3t ny\u00fajt az akkumul\u00e1tor \u00e1llapot\u00e1r\u00f3l \u00e9s az e-folyad\u00e9k szintj\u00e9r\u0151l, \u00edgy soha nem \u00e9rheti felk\u00e9sz\u00fcletlens\u00e9g.<\/p>\n<p>Leny\u0171g\u00f6z\u0151 k\u00e9pess\u00e9gei ellen\u00e9re a FIHP 120k 6in1 Multi karcs\u00fa \u00e9s hordozhat\u00f3 kialak\u00edt\u00e1s\u00fa, kompakt m\u00e9retei 44\u00d744\u00d7112 mm. Ergon\u00f3mikus kialak\u00edt\u00e1sa k\u00e9nyelmesen tarthat\u00f3 \u00e9s k\u00f6nnyen hordozhat\u00f3 b\u00e1rhov\u00e1, bizony\u00edtva, hogy a maxim\u00e1lis teljes\u00edtm\u00e9ny nem j\u00e1r a hordozhat\u00f3s\u00e1g vagy a st\u00edlus felad\u00e1s\u00e1val. Ez a k\u00e9sz\u00fcl\u00e9k t\u00f6k\u00e9letesen \u00f6tv\u00f6zi az innov\u00e1ci\u00f3t, a sokoldal\u00fas\u00e1got \u00e9s a k\u00e9nyelmet azoknak a g\u0151z\u00f6l\u0151knek, akik kiv\u00e9teles all-in-one megold\u00e1st keresnek.<\/p>\n<h2>M\u0171szaki adatok:<\/h2>\n<ul>\n<li><strong>Vonatok:<\/strong> Ak\u00e1r 120 000 vonat<\/li>\n<li><strong>Nikotin er\u0151ss\u00e9ge:<\/strong> 2%, 5%<\/li>\n<li><strong>E-folyad\u00e9k:<\/strong> 64 ml<\/li>\n<li><strong>\u00cdzek:<\/strong> 6 be\u00e1ll\u00edthat\u00f3 aroma<\/li>\n<li><strong>Elp\u00e1rologtat\u00f3 fej:<\/strong> Kett\u0151s h\u00e1l\u00f3s tekercs<\/li>\n<li><strong>Akkumul\u00e1tor kapacit\u00e1s:<\/strong> 650 mAh<\/li>\n<li><strong>Kijelz\u0151:<\/strong> LED-kijelz\u0151<\/li>\n<li><strong>T\u00f6lt\u00e9s:<\/strong> C t\u00edpus\u00fa gyors t\u00f6lt\u00e9s<\/li>\n<li><strong>Csomagol\u00e1s:<\/strong> 10 darab\/doboz<\/li>\n<\/ul>\n<h2>FIHP 120k 6in1 Multi \u00edzv\u00e1laszt\u00e9k:<\/h2>\n<p><strong>1. lehet\u0151s\u00e9g:<\/strong> Eper-g\u00f6r\u00f6gdinnye \/ G\u00f6r\u00f6gdinnye-j\u00e9gkr\u00e9m \/ Red Bull \/ Eper-kiwi \/ \u00c1fonya-j\u00e9gkr\u00e9m \/ Citrom-lime<\/p>\n<p><strong>2. lehet\u0151s\u00e9g:<\/strong> Citrom-\u0151szibarack \/ Eper-ban\u00e1n \/ Kett\u0151s alma \/ M\u00e1lna-g\u00f6r\u00f6gdinnye \/ Savany\u00fa mang\u00f3-anan\u00e1sz \/ Tr\u00f3pusi gy\u00fcm\u00f6lcs\u00f6k<\/p>\n<p><strong>3. lehet\u0151s\u00e9g:<\/strong> Eper-van\u00edlia-k\u00f3la \/ Anan\u00e1sz-k\u00f3kusz \/ Blue Razz \/ Vegyes bogy\u00f3s gy\u00fcm\u00f6lcs\u00f6k \/ Mang\u00f3-\u0151szibarack \/ \u00c1fonya-m\u00e1lna<\/p>\n<p><strong>4. lehet\u0151s\u00e9g:<\/strong> Gumicukor \/ \u0151szibarack-bogy\u00f3s gy\u00fcm\u00f6lcs \/ h\u00e1rmas dinnye \/ sz\u0151l\u0151-j\u00e9gkr\u00e9m \/ Black Dragon Ice \/ szikr\u00e1z\u00f3 cseresznye-j\u00e9gkr\u00e9m<\/p>\n<p><strong>5. lehet\u0151s\u00e9g:<\/strong> \u0150szibarackos j\u00e9gkr\u00e9m \/ Rainbow Candy \/ Csereszny\u00e9s k\u00f3l\u00e1s j\u00e9gkr\u00e9m \/ Love 666 \/ Mang\u00f3s j\u00e9gkr\u00e9m \/ \u00c1fony\u00e1s vattacukor<\/p>\n<p><strong>6. lehet\u0151s\u00e9g:<\/strong> G\u00f6r\u00f6gdinnye-citrom \/ Aloe-licsi j\u00e9gkr\u00e9m \/ R\u00f3zsasz\u00edn citrom \/ Gleccser j\u00e9gkr\u00e9m \/ Feny\u0151 t\u0171level\u0171 menta \/ Fekete ribizli j\u00e9gkr\u00e9m<\/p>\n<h2>Gyakran ism\u00e9telt k\u00e9rd\u00e9sek (GYIK)<\/h2>\n<p><strong>1. H\u00e1ny slukkot lehet venni ebb\u0151l a 6 az 1-ben eldobhat\u00f3 e-cigarett\u00e1b\u00f3l?<\/strong><\/p>\n<p>Ez az eszk\u00f6z leny\u0171g\u00f6z\u0151 120 000 sz\u00edv\u00e1st biztos\u00edt, \u00edgy az egyik legtart\u00f3sabb el\u00e9rhet\u0151 opci\u00f3. Hatalmas, 64 ml-es e-liquid kapacit\u00e1s\u00e1val \u00fagy lett kialak\u00edtva, hogy hetekig tart\u00f3, megszak\u00edt\u00e1s n\u00e9lk\u00fcli g\u0151z\u00f6lg\u00e9si \u00e9lm\u00e9nyt ny\u00fajtson.<\/p>\n<p><strong>2. Mi teszi a 6 az 1-ben \u00edzrendszert olyan k\u00fcl\u00f6nlegess\u00e9?<\/strong><\/p>\n<p>Az innovat\u00edv aromarendszer lehet\u0151v\u00e9 teszi, hogy egyetlen eszk\u00f6z\u00f6n bel\u00fcl hat k\u00fcl\u00f6nb\u00f6z\u0151 \u00edz k\u00f6z\u00fcl v\u00e1lasszon. Ez azt jelenti, hogy k\u00f6nnyed\u00e9n hozz\u00e1igaz\u00edthatja a vaporiz\u00e1l\u00f3t a hangulat\u00e1hoz, an\u00e9lk\u00fcl, hogy t\u00f6bb eszk\u00f6zt vagy patronokat kellene mag\u00e1val cipelnie.<\/p>\n<p><strong>3. Milyen nikotintartalmak \u00e1llnak rendelkez\u00e9sre?<\/strong><\/p>\n<p>2% \u00e9s 5% nikotin opci\u00f3k k\u00f6z\u00fcl v\u00e1laszthat, \u00edgy szem\u00e9lyes preferenci\u00e1i \u00e9s ig\u00e9nyei alapj\u00e1n testreszabhatja \u00e9lm\u00e9ny\u00e9t.<\/p>\n<p><strong>4. Mennyi id\u0151 alatt t\u00f6lt\u0151dik fel az akkumul\u00e1tor?<\/strong><\/p>\n<p>A be\u00e9p\u00edtett 650 mAh-s akkumul\u00e1tor t\u00e1mogatja a Type-C gyors t\u00f6lt\u00e9st, minimaliz\u00e1lja az \u00fczemsz\u00fcneteket \u00e9s gyorsan visszat\u00e9rhet a g\u0151z\u00f6l\u00e9shez. A LED-kijelz\u0151 t\u00e1j\u00e9koztatja \u00d6nt az akkumul\u00e1tor t\u00f6lt\u00f6tts\u00e9gi \u00e1llapot\u00e1r\u00f3l, \u00edgy a megfelel\u0151 id\u0151ben felt\u00f6ltheti azt.<\/p>\n<p><strong>5. K\u00f6nnyen sz\u00e1ll\u00edthat\u00f3 ez a k\u00e9sz\u00fcl\u00e9k?<\/strong><\/p>\n<p>Igen, nagy kapacit\u00e1sa ellen\u00e9re kompakt \u00e9s ergon\u00f3mikus kialak\u00edt\u00e1s\u00fa, m\u00e9retei 44\u00d744\u00d7112 mm. Karcs\u00fa kialak\u00edt\u00e1sa k\u00e9nyelmesen tarthat\u00f3 \u00e9s hordozhat\u00f3, \u00edgy b\u00e1rhov\u00e1 mag\u00e1val viheti.<\/p>\n<h2>Fedezze fel az Apex Vape k\u00edn\u00e1lat\u00e1t!<\/h2>\n<p>A FIHP 120k 6in1 Multi csak egy a sok kiv\u00e1l\u00f3 min\u0151s\u00e9g\u0171 vaping term\u00e9k k\u00f6z\u00fcl, amelyek megtal\u00e1lhat\u00f3k a k\u00edn\u00e1latunkban. L\u00e1togasson el weboldalunkra! <strong><a href=\"https:\/\/apexvape.de\/hu\/\">honlap<\/a><\/strong>, hogy felfedezze a teljes term\u00e9kpalett\u00e1t, vagy b\u00f6ng\u00e9sszen \u00e1t kiterjedt k\u00edn\u00e1latunkat. <strong><a href=\"https:\/\/apexvape.de\/hu\/product-category\/fihp-vape\/\">FIHP VAPE kollekci\u00f3<\/a><\/strong>, ahol tov\u00e1bbi innovat\u00edv eldobhat\u00f3 e-cigarett\u00e1kat \u00e9s pr\u00e9mium min\u0151s\u00e9g\u0171 vaping megold\u00e1sokat tal\u00e1l. Az Apex Vape-n\u00e9l els\u0151 oszt\u00e1ly\u00fa min\u0151s\u00e9get, gyors sz\u00e1ll\u00edt\u00e1st \u00e9s kiv\u00e1l\u00f3 \u00fcgyf\u00e9lszolg\u00e1latot k\u00edn\u00e1lunk a t\u00f6k\u00e9letes vaping \u00e9lm\u00e9ny \u00e9rdek\u00e9ben.<\/p>","protected":false},"excerpt":{"rendered":"<p class=\"font-claude-response-body break-words whitespace-normal leading-[1.7]\">Die FIHP 120k 6in1 Multi bietet revolution\u00e4re 120.000 Z\u00fcge mit 64ml E-Liquid-Kapazit\u00e4t. Wechseln Sie m\u00fchelos zwischen 6 Premium-Geschmacksrichtungen, genie\u00dfen Sie intensiven Dampf dank Dual-Mesh-Coil und profitieren Sie von Type-C Schnellladung. LED-Display zeigt Akku- und Liquid-Stand. Kompakt, leistungsstark, perfekt!<\/p>\n","protected":false},"featured_media":6090,"comment_status":"open","ping_status":"closed","template":"","meta":[],"product_brand":[],"product_cat":[82],"product_tag":[],"class_list":{"0":"post-6089","1":"product","2":"type-product","3":"status-publish","4":"has-post-thumbnail","6":"product_cat-fihp-vape","8":"first","9":"instock","10":"shipping-taxable","11":"purchasable","12":"product-type-variable"},"_links":{"self":[{"href":"https:\/\/apexvape.de\/hu\/wp-json\/wp\/v2\/product\/6089","targetHints":{"allow":["GET"]}}],"collection":[{"href":"https:\/\/apexvape.de\/hu\/wp-json\/wp\/v2\/product"}],"about":[{"href":"https:\/\/apexvape.de\/hu\/wp-json\/wp\/v2\/types\/product"}],"replies":[{"embeddable":true,"href":"https:\/\/apexvape.de\/hu\/wp-json\/wp\/v2\/comments?post=6089"}],"version-history":[{"count":0,"href":"https:\/\/apexvape.de\/hu\/wp-json\/wp\/v2\/product\/6089\/revisions"}],"wp:featuredmedia":[{"embeddable":true,"href":"https:\/\/apexvape.de\/hu\/wp-json\/wp\/v2\/media\/6090"}],"wp:attachment":[{"href":"https:\/\/apexvape.de\/hu\/wp-json\/wp\/v2\/media?parent=6089"}],"wp:term":[{"taxonomy":"product_brand","embeddable":true,"href":"https:\/\/apexvape.de\/hu\/wp-json\/wp\/v2\/product_brand?post=6089"},{"taxonomy":"product_cat","embeddable":true,"href":"https:\/\/apexvape.de\/hu\/wp-json\/wp\/v2\/product_cat?post=6089"},{"taxonomy":"product_tag","embeddable":true,"href":"https:\/\/apexvape.de\/hu\/wp-json\/wp\/v2\/product_tag?post=6089"}],"curies":[{"name":"wp","href":"https:\/\/api.w.org\/{rel}","templated":true}]}}