{"id":6027,"date":"2025-12-15T11:19:05","date_gmt":"2025-12-15T10:19:05","guid":{"rendered":"https:\/\/apexvape.de\/?post_type=product&#038;p=6027"},"modified":"2025-12-15T11:20:07","modified_gmt":"2025-12-15T10:20:07","slug":"okso-shisha-max-40000","status":"publish","type":"product","link":"https:\/\/apexvape.de\/hu\/product\/okso-shisha-max-40000\/","title":{"rendered":"OKSO Shisha Max 40000 sz\u00edv\u00e1sos eldobhat\u00f3 e-cigaretta"},"content":{"rendered":"<h1>OKSO Shisha Max 40000 40K Puffs eldobhat\u00f3 e-cigaretta 0% 2% 3% 5% nikotin 10 \u00edz LED-kijelz\u0151vel K\u00f6zvetlen\u00fcl a gy\u00e1rt\u00f3t\u00f3l<\/h1>\n<p>Az OKSO Shisha Max 40000 40K Puffs eldobhat\u00f3 e-cigaretta ak\u00e1r 40 000 sz\u00edv\u00e1sig tart\u00f3, hossz\u00fa \u00e9lettartam\u00fa teljes\u00edtm\u00e9nyt ny\u00fajt, \u00edgy nincs sz\u00fcks\u00e9g gyakori cser\u00e9re, ugyanakkor kiv\u00e9teles \u00e1r-\u00e9rt\u00e9k ar\u00e1nyt biztos\u00edt. A nagylelk\u0171 36 ml-es e-liquid kapacit\u00e1ssal ez az eszk\u00f6z minimaliz\u00e1lja az ut\u00e1nt\u00f6lt\u00e9seket \u00e9s eg\u00e9sz napos, hosszan tart\u00f3 g\u0151z\u00f6l\u00e9si \u00fcl\u00e9seket tesz lehet\u0151v\u00e9. A megb\u00edzhat\u00f3 800 mAh-s akkumul\u00e1torral ell\u00e1tott eszk\u00f6z \u00e1lland\u00f3 teljes\u00edtm\u00e9nyt ny\u00fajt, Type-C gyorst\u00f6lt\u00e9ssel a k\u00e9nyelmes energia-vissza\u00e1ll\u00edt\u00e1shoz, minim\u00e1lis le\u00e1ll\u00e1si id\u0151vel. V\u00e1lasszon 10 v\u00e1ltozatos \u00edz k\u00f6z\u00fcl, amelyek k\u00fcl\u00f6nb\u00f6z\u0151 \u00edzl\u00e9snek \u00e9s preferenci\u00e1knak felelnek meg, \u00e9s biztos\u00edtj\u00e1k, hogy minden g\u0151z\u00f6l\u0151 megtal\u00e1lja a neki val\u00f3t.<\/p>\n<h2>OKSO Shisha Max 40000 Puffs F\u0151bb jellemz\u0151k:<\/h2>\n<p>A fejlett 0,6 \u03a9-os h\u00e1l\u00f3s tekercs gyorsan felmelegszik, hogy minden slukk ut\u00e1n l\u00e1gy g\u0151zt \u00e9s intenz\u00edv \u00edz\u00e9lm\u00e9nyt biztos\u00edtson. Ez a hat\u00e9kony f\u0171t\u00e9si rendszer maximaliz\u00e1lja az aroma kivon\u00e1s\u00e1t \u00e9s optim\u00e1lis teljes\u00edtm\u00e9nyt biztos\u00edt a k\u00e9sz\u00fcl\u00e9k teljes \u00e9lettartama alatt, \u00edgy az elej\u00e9t\u0151l a v\u00e9g\u00e9ig \u00e1lland\u00f3an intenz\u00edv \u00edz\u00e9lm\u00e9nyt ny\u00fajt. A h\u00e1l\u00f3szerkezet biztos\u00edtja az egyenletes h\u0151eloszl\u00e1st, megakad\u00e1lyozza a sz\u00e1raz slukkokat \u00e9s pr\u00e9mium min\u0151s\u00e9g\u0171 g\u0151zt biztos\u00edt.<\/p>\n<p>Szem\u00e9lyre szabhatja a g\u0151z\u00f6l\u00e9s \u00e9lm\u00e9ny\u00e9t a kett\u0151s be\u00e1ll\u00edt\u00e1si funkci\u00f3k seg\u00edts\u00e9g\u00e9vel, amelyek k\u00f6z\u00f6tt megtal\u00e1lhat\u00f3 a teljes\u00edtm\u00e9ny be\u00e1ll\u00edt\u00e1sa a v\u00e1ltoz\u00f3 watt-vez\u00e9rl\u00e9shez \u00e9s az \u00e1ll\u00edthat\u00f3 l\u00e9g\u00e1raml\u00e1s a szem\u00e9lyre szabott sz\u00edv\u00e1si ellen\u00e1ll\u00e1shoz. Ak\u00e1r intenz\u00edv, er\u0151teljes sz\u00edv\u00e1sokat, ak\u00e1r l\u00e1gyabb, kontroll\u00e1ltabb sz\u00edv\u00e1sokat prefer\u00e1l, ezek a testreszabhat\u00f3 be\u00e1ll\u00edt\u00e1sok lehet\u0151v\u00e9 teszik, hogy a g\u0151z intenzit\u00e1s\u00e1t \u00e9s a l\u00e9g\u00e1raml\u00e1st pontosan az \u00d6n preferenci\u00e1ihoz igaz\u00edtsa. A LED-kijelz\u0151 vil\u00e1gos, val\u00f3s idej\u0171 figyelemmel k\u00eds\u00e9r\u00e9st biztos\u00edt az akkumul\u00e1tor \u00e9s az e-liquid t\u00f6lt\u00f6tts\u00e9gi szintj\u00e9r\u0151l, \u00e9s t\u00e1j\u00e9koztatja \u00d6nt a haszn\u00e1lat sor\u00e1n.<\/p>\n<p>A biztons\u00e1g el\u0151t\u00e9rben \u00e1ll az integr\u00e1lt gyermekbiztons\u00e1gi funkci\u00f3val, amely megakad\u00e1lyozza a v\u00e9letlen aktiv\u00e1l\u00e1st, \u00e9s nyugalmat biztos\u00edt gyermekes h\u00e1ztart\u00e1sokban vagy k\u00f6z\u00f6s haszn\u00e1lat\u00fa k\u00f6rnyezetben. Minden csomag 10 darabot tartalmaz, \u00edgy ide\u00e1lis mind kiskereskedelmi forgalmaz\u00e1shoz, mind nagykereskedelmi v\u00e1s\u00e1rl\u00e1sokhoz. Ez a praktikus csomagol\u00e1si form\u00e1tum azoknak az egy\u00e9ni felhaszn\u00e1l\u00f3knak sz\u00f3l, akik v\u00e1ltozatoss\u00e1got keresnek, valamint azoknak a v\u00e1llalkoz\u00e1soknak, amelyek hat\u00e9kony rakt\u00e1rk\u00e9szlet-megold\u00e1sokat keresnek.<\/p>\n<h2>M\u0171szaki adatok:<\/h2>\n<ul>\n<li><strong>Vonatkapacit\u00e1s:<\/strong> 40 000 puff<\/li>\n<li><strong>Nikotin er\u0151ss\u00e9ge:<\/strong> 0 %, 2 %, 3 %, 5 %<\/li>\n<li><strong>E-liquid kapacit\u00e1s:<\/strong> 36 ml<\/li>\n<li><strong>Akkumul\u00e1tor:<\/strong> 800 mAh \u00fajrat\u00f6lthet\u0151<\/li>\n<li><strong>Tekercs t\u00edpus:<\/strong> 0,6 \u03a9 h\u00e1l\u00f3s tekercs<\/li>\n<li><strong>T\u00f6lt\u0151csatlakoz\u00f3:<\/strong> USB C t\u00edpus<\/li>\n<li><strong>LED-kijelz\u0151:<\/strong> Megjelen\u00edti az akkumul\u00e1tor \u00e9s az e-liquid t\u00f6lt\u00f6tts\u00e9gi szintj\u00e9t<\/li>\n<li><strong>Teljes\u00edtm\u00e9ny-kiigaz\u00edt\u00e1s:<\/strong> Igen<\/li>\n<li><strong>L\u00e9g\u00e1raml\u00e1s:<\/strong> \u00c1ll\u00edthat\u00f3<\/li>\n<li><strong>Gyermekbiztons\u00e1gi z\u00e1r:<\/strong> Igen<\/li>\n<li><strong>Csomagol\u00e1s:<\/strong> 10 darabos csomagol\u00e1s<\/li>\n<li><strong>\u00cdzv\u00e1laszt\u00e9k:<\/strong> 10 \u00edz<\/li>\n<\/ul>\n<h2>OKSO Shisha Max 40000 \u00edzv\u00e1laszt\u00e9k:<\/h2>\n<ol>\n<li>K\u00e9t alma<\/li>\n<li>Sz\u0151l\u0151menta<\/li>\n<li>Csereszny\u00e9s fiesta<\/li>\n<li>\u0150szibarack j\u00e9gkr\u00e9m<\/li>\n<li>M\u00e1gikus szerelem<\/li>\n<li>Eper puncs<\/li>\n<li>K\u00e9k Razz Ice<\/li>\n<li>Lush Ice<\/li>\n<li>Eper G\u00f6r\u00f6gdinnye<\/li>\n<li>Bogy\u00f3s gy\u00fcm\u00f6lcs\u00f6k, menta<\/li>\n<\/ol>\n<h2>Gyakran feltett k\u00e9rd\u00e9sek az OKSO Shisha Max 40000-r\u0151l<\/h2>\n<p><strong>1. H\u00e1ny sz\u00edv\u00e1st k\u00edn\u00e1l az OKSO Shisha Max?<\/strong><\/p>\n<p>Ez az eszk\u00f6z ak\u00e1r 40 000 sz\u00edv\u00e1st biztos\u00edt, 36 ml-es e-liquid kapacit\u00e1ssal, \u00e9s tart\u00f3s teljes\u00edtm\u00e9nyt ny\u00fajt, kevesebb ut\u00e1nt\u00f6lt\u00e9ssel, \u00edgy hosszabb haszn\u00e1latra is alkalmas.<\/p>\n<p><strong>2. Ez az e-cigaretta rendelkezik \u00e1ll\u00edthat\u00f3 teljes\u00edtm\u00e9nybe\u00e1ll\u00edt\u00e1sokkal?<\/strong><\/p>\n<p>Igen, teljes\u00edtm\u00e9nybe\u00e1ll\u00edt\u00e1ssal rendelkezik a wattok szab\u00e1lyoz\u00e1s\u00e1ra, amely lehet\u0151v\u00e9 teszi a g\u0151z intenzit\u00e1s\u00e1nak be\u00e1ll\u00edt\u00e1s\u00e1t a l\u00e1gy, kontroll\u00e1lt slukkokt\u00f3l az intenz\u00edv, er\u0151teljes slukkokig.<\/p>\n<p><strong>3. Milyen t\u00edpus\u00fa tekercset haszn\u00e1l ez az eldobhat\u00f3 e-cigaretta?<\/strong><\/p>\n<p>0,6 \u03a9-os h\u00e1l\u00f3s tekercsel\u00e9ssel van felszerelve, amely gyorsan felmelegszik, \u00edgy l\u00e1gy g\u0151ztermel\u00e9st \u00e9s er\u0151teljes \u00edzhat\u00e1st biztos\u00edt, egyenletes h\u0151eloszl\u00e1ssal a teljes haszn\u00e1lat sor\u00e1n.<\/p>\n<p><strong>4. Van-e biztons\u00e1gi funkci\u00f3ja ennek az eszk\u00f6znek?<\/strong><\/p>\n<p>Igen, be\u00e9p\u00edtett gyermekbiztons\u00e1gi funkci\u00f3val rendelkezik, amely megakad\u00e1lyozza a v\u00e9letlen bekapcsol\u00e1st, \u00e9s nyugalmat biztos\u00edt gyermekes h\u00e1ztart\u00e1sokban vagy k\u00f6z\u00f6s haszn\u00e1lat\u00fa k\u00f6rnyezetben.<\/p>\n<p><strong>5. Be\u00e1ll\u00edthat\u00f3-e az e-cigaretta l\u00e9g\u00e1raml\u00e1sa?<\/strong><\/p>\n<p>Term\u00e9szetesen, az \u00e1ll\u00edthat\u00f3 l\u00e9g\u00e1raml\u00e1s-rendszer lehet\u0151v\u00e9 teszi, hogy a sz\u00edv\u00e1si ellen\u00e1ll\u00e1st az \u00d6n ig\u00e9nyei szerint \u00e1ll\u00edtsa be, a szoros, korl\u00e1tozott sz\u00e1j-t\u00fcd\u0151 sz\u00edv\u00e1sokt\u00f3l a nyitott, leveg\u0151s k\u00f6zvetlen t\u00fcd\u0151 sz\u00edv\u00e1sokig.<\/p>\n<h2>V\u00e1ltoz\u00f3 teljes\u00edtm\u00e9ny az egy\u00e9ni \u00e9lvezet\u00e9rt<\/h2>\n<p>Az OKSO Shisha Max 40000 teljes ellen\u0151rz\u00e9st biztos\u00edt a g\u0151z\u00f6l\u00e9s \u00e9lm\u00e9nye felett. A teljes\u00edtm\u00e9ny be\u00e1ll\u00edt\u00e1s\u00e1val \u00e9s a v\u00e1ltoz\u00f3 l\u00e9g\u00e1raml\u00e1ssal minden slukkot az \u00d6n ig\u00e9nyei szerint alak\u00edthat. A mi <strong><a href=\"https:\/\/apexvape.de\/hu\/\">E-cigaretta bolt<\/a><\/strong> megkapja ezt a cs\u00facsmodellt gyermekbiztons\u00e1gi funkci\u00f3val \u00e9s LED-kijelz\u0151vel nagykereskedelmi \u00e1ron. Fedezze fel teljes k\u00edn\u00e1latunkat <strong><a href=\"https:\/\/apexvape.de\/hu\/product-category\/okso-vape\/\">OKSO v\u00e1laszt\u00e9k<\/a><\/strong> a legmodernebb technol\u00f3gi\u00e1val \u00e9s els\u0151 oszt\u00e1ly\u00fa kivitelez\u00e9ssel. Gyors sz\u00e1ll\u00edt\u00e1st, biztons\u00e1gos fizet\u00e9st \u00e9s kiv\u00e1l\u00f3 \u00fcgyf\u00e9lszolg\u00e1latot garant\u00e1lunk.<\/p>","protected":false},"excerpt":{"rendered":"<div data-test-render-count=\"1\">\n<div class=\"group\">\n<div class=\"group relative pb-3\" data-is-streaming=\"false\">\n<div class=\"font-claude-response relative leading-[1.65rem] [&amp;_pre&gt;div]:bg-bg-000\/50 [&amp;_pre&gt;div]:border-0.5 [&amp;_pre&gt;div]:border-border-400 [&amp;_.ignore-pre-bg&gt;div]:bg-transparent [&amp;_.standard-markdown_:is(p,blockquote,h1,h2,h3,h4,h5,h6)]:pl-2 [&amp;_.standard-markdown_:is(p,blockquote,ul,ol,h1,h2,h3,h4,h5,h6)]:pr-8 [&amp;_.progressive-markdown_:is(p,blockquote,h1,h2,h3,h4,h5,h6)]:pl-2 [&amp;_.progressive-markdown_:is(p,blockquote,ul,ol,h1,h2,h3,h4,h5,h6)]:pr-8\">\n<div>\n<div class=\"standard-markdown grid-cols-1 grid gap-4 [&amp;_&gt;_*]:min-w-0 standard-markdown\">\n<p class=\"font-claude-response-body break-words whitespace-normal leading-[1.7]\">Die OKSO Shisha Max 40000 \u00fcberzeugt mit 40.000 Z\u00fcgen und 36ml E-Liquid-Kapazit\u00e4t. Die 0,6\u03a9 Mesh Coil garantiert intensiven Geschmack, 800mAh Akku mit USB-C Schnellladung sorgt f\u00fcr zuverl\u00e4ssige Leistung. Einstellbare Leistung &amp; Airflow erm\u00f6glichen personalisiertes Dampfen. Mit LED-Display &amp; Kindersicherung.<\/p>\n<\/div>\n<\/div>\n<\/div>\n<\/div>\n<div class=\"flex justify-start\" role=\"group\" aria-label=\"Message actions\">\n<div class=\"text-text-300\">\n<div class=\"text-text-300 flex items-stretch justify-between\">\n<div class=\"w-fit\" data-state=\"closed\">\n<div class=\"relative text-text-500 group-hover\/btn:text-text-100\">\n<div class=\"flex items-center justify-center transition-all opacity-100 scale-100\"><\/div>\n<div class=\"flex items-center justify-center absolute top-0 left-0 transition-all opacity-0 scale-50\"><\/div>\n<\/div>\n<\/div>\n<div class=\"w-fit\" data-state=\"closed\">\n<div class=\"flex items-center justify-center text-text-500 group-hover\/btn:text-text-100\"><\/div>\n<\/div>\n<div class=\"w-fit\" data-state=\"closed\">\n<div class=\"flex items-center justify-center text-text-500 group-hover\/btn:text-text-100\"><\/div>\n<\/div>\n<div class=\"flex items-center\">\n<div class=\"w-fit\" data-state=\"closed\">\n<div class=\"flex items-center justify-center text-text-500 group-hover\/btn:text-text-100\"><\/div>\n<\/div>\n<\/div>\n<\/div>\n<\/div>\n<\/div>\n<\/div>\n<\/div>\n<div class=\"h-px w-full pointer-events-none\" aria-hidden=\"true\"><\/div>\n","protected":false},"featured_media":6082,"comment_status":"open","ping_status":"closed","template":"","meta":[],"product_brand":[],"product_cat":[81],"product_tag":[],"class_list":{"0":"post-6027","1":"product","2":"type-product","3":"status-publish","4":"has-post-thumbnail","6":"product_cat-okso-vape","8":"first","9":"instock","10":"shipping-taxable","11":"purchasable","12":"product-type-variable"},"_links":{"self":[{"href":"https:\/\/apexvape.de\/hu\/wp-json\/wp\/v2\/product\/6027","targetHints":{"allow":["GET"]}}],"collection":[{"href":"https:\/\/apexvape.de\/hu\/wp-json\/wp\/v2\/product"}],"about":[{"href":"https:\/\/apexvape.de\/hu\/wp-json\/wp\/v2\/types\/product"}],"replies":[{"embeddable":true,"href":"https:\/\/apexvape.de\/hu\/wp-json\/wp\/v2\/comments?post=6027"}],"version-history":[{"count":0,"href":"https:\/\/apexvape.de\/hu\/wp-json\/wp\/v2\/product\/6027\/revisions"}],"wp:featuredmedia":[{"embeddable":true,"href":"https:\/\/apexvape.de\/hu\/wp-json\/wp\/v2\/media\/6082"}],"wp:attachment":[{"href":"https:\/\/apexvape.de\/hu\/wp-json\/wp\/v2\/media?parent=6027"}],"wp:term":[{"taxonomy":"product_brand","embeddable":true,"href":"https:\/\/apexvape.de\/hu\/wp-json\/wp\/v2\/product_brand?post=6027"},{"taxonomy":"product_cat","embeddable":true,"href":"https:\/\/apexvape.de\/hu\/wp-json\/wp\/v2\/product_cat?post=6027"},{"taxonomy":"product_tag","embeddable":true,"href":"https:\/\/apexvape.de\/hu\/wp-json\/wp\/v2\/product_tag?post=6027"}],"curies":[{"name":"wp","href":"https:\/\/api.w.org\/{rel}","templated":true}]}}