{"id":5969,"date":"2025-12-15T11:14:16","date_gmt":"2025-12-15T10:14:16","guid":{"rendered":"https:\/\/apexvape.de\/?post_type=product&#038;p=5969"},"modified":"2025-12-15T11:14:34","modified_gmt":"2025-12-15T10:14:34","slug":"okso-shisha-hookah-mega-50000","status":"publish","type":"product","link":"https:\/\/apexvape.de\/hu\/product\/okso-shisha-hookah-mega-50000\/","title":{"rendered":"OKSO Shisha Hookah Mega 50000 sz\u00edv\u00e1s\u00fa eldobhat\u00f3 e-cigaretta"},"content":{"rendered":"<h1>OKSO Shisha Hookah Mega 50000 Puffs eldobhat\u00f3 e-cigaretta 0% 2% 3% 5% nikotin 10 \u00edz LED-kijelz\u0151 K\u00f6zvetlen\u00fcl a gy\u00e1rt\u00f3t\u00f3l<\/h1>\n<p>Az OKSO Shisha Hookah Mega 50000 Puffs eldobhat\u00f3 e-cigaretta hossz\u00fa t\u00e1v\u00fa haszn\u00e1latra lett tervezve, \u00e9s ak\u00e1r 50 000 slukkot is biztos\u00edt, mik\u00f6zben ritk\u00e1bban kell cser\u00e9lni, \u00edgy kiv\u00e9teles \u00e1r-\u00e9rt\u00e9k ar\u00e1nyt \u00e9s nagy k\u00e9nyelmet k\u00edn\u00e1l. A 40 ml-es nagylelk\u0171 e-liquid kapacit\u00e1ssal ez a k\u00e9sz\u00fcl\u00e9k hossz\u00fa g\u0151z\u00f6l\u00e9si munkameneteket t\u00e1mogat an\u00e9lk\u00fcl, hogy gyakran kellene ut\u00e1nt\u00f6lteni, \u00edgy t\u00f6k\u00e9letes intenz\u00edv felhaszn\u00e1l\u00f3k \u00e9s eg\u00e9sz napos g\u0151z\u00f6l\u0151k sz\u00e1m\u00e1ra. A robusztus 1100 mAh-s akkumul\u00e1torral eg\u00e9sz nap stabil \u00e9s megb\u00edzhat\u00f3 energi\u00e1t biztos\u00edt, \u00e9s reggelt\u0151l estig \u00e1lland\u00f3 teljes\u00edtm\u00e9nyt garant\u00e1l. V\u00e1lasszon 10 k\u00fcl\u00f6nb\u00f6z\u0151 \u00edz k\u00f6z\u00fcl, hogy kiel\u00e9g\u00edtse a k\u00fcl\u00f6nb\u00f6z\u0151 \u00edzpreferenci\u00e1kat \u00e9s v\u00e1ltozatosabb\u00e1 tegye \u00e9lm\u00e9ny\u00e9t.<\/p>\n<h2>OKSO Shisha Hookah Mega 50000 Puffs F\u0151bb jellemz\u0151k:<\/h2>\n<p>A fejlett Triple Mesh Coil technol\u00f3gia kiemeli ezt az eszk\u00f6zt, mivel s\u0171r\u0171 g\u0151ztermel\u00e9st, gyors felmeleged\u00e9st \u00e9s intenz\u00edv, gazdag \u00edzt biztos\u00edt egy igaz\u00e1n els\u0151 oszt\u00e1ly\u00fa g\u0151z\u00f6l\u00e9si \u00e9lm\u00e9nyhez. Ez az innovat\u00edv h\u00e1romtekercses rendszer maximaliz\u00e1lja az e-liquiddel val\u00f3 \u00e9rintkez\u00e9si fel\u00fcletet, \u00e9s optim\u00e1lis aroma-kivon\u00e1st, valamint \u00e1lland\u00f3 teljes\u00edtm\u00e9nyt biztos\u00edt az eszk\u00f6z teljes \u00e9lettartama alatt. A Triple Mesh kialak\u00edt\u00e1s megakad\u00e1lyozza a sz\u00e1raz slukkokat \u00e9s kiv\u00e1l\u00f3 \u00edzmin\u0151s\u00e9get biztos\u00edt az els\u0151t\u0151l az utols\u00f3 slukkig.<\/p>\n<p>Szem\u00e9lyre szabhatja a g\u0151z\u00f6l\u00e9s \u00e9lm\u00e9ny\u00e9t az \u00e1ll\u00edthat\u00f3 l\u00e9g\u00e1raml\u00e1s funkci\u00f3val, amely lehet\u0151v\u00e9 teszi, hogy a sz\u00edv\u00e1si ellen\u00e1ll\u00e1st szem\u00e9lyes preferenci\u00e1i szerint szab\u00e1lyozza. Ak\u00e1r szoros, korl\u00e1tozott sz\u00edv\u00e1sokat prefer\u00e1l a sz\u00e1j-t\u00fcd\u0151 g\u0151z\u00f6l\u00e9shez, ak\u00e1r nyitott, l\u00e9gies sz\u00edv\u00e1sokat a k\u00f6zvetlen t\u00fcd\u0151 g\u0151z\u00f6l\u00e9shez, ez a sokoldal\u00fa l\u00e9g\u00e1raml\u00e1s rendszer alkalmazkodik az \u00d6n st\u00edlus\u00e1hoz. A LED-kijelz\u0151 val\u00f3s id\u0151ben figyeli az akkumul\u00e1tor \u00e9s az e-liquid t\u00f6lt\u00f6tts\u00e9gi szintj\u00e9t, \u00edgy mindig t\u00e1j\u00e9kozott maradhat, \u00e9s elker\u00fclheti a meglepet\u00e9seket a g\u0151z\u00f6l\u00e9s k\u00f6zben.<\/p>\n<p>Az USB Type-C t\u00f6lt\u00e9s gyors \u00e9s hat\u00e9kony energiavisszat\u00f6lt\u00e9st biztos\u00edt, minim\u00e1lis le\u00e1ll\u00e1si id\u0151vel a haszn\u00e1latok k\u00f6z\u00f6tt, \u00e9s gyorsabban visszat\u00e9rhet a g\u0151z\u00f6l\u00e9shez, mint a hagyom\u00e1nyos t\u00f6lt\u00e9si m\u00f3dszerekkel. Minden csomag 10 darabot tartalmaz, \u00e9s praktikus lehet\u0151s\u00e9geket k\u00edn\u00e1l mind a kiskereskedelmi, mind a nagykereskedelmi forgalmaz\u00e1s sz\u00e1m\u00e1ra. Ez a praktikus csomagol\u00e1si form\u00e1tum megk\u00f6nny\u00edti a v\u00e1llalkoz\u00e1sok sz\u00e1m\u00e1ra a k\u00e9szlet\u00fck felt\u00f6lt\u00e9s\u00e9t, a felhaszn\u00e1l\u00f3k sz\u00e1m\u00e1ra pedig a k\u00fcl\u00f6nb\u00f6z\u0151 \u00edzek rendelkez\u00e9sre \u00e1ll\u00e1s\u00e1t.<\/p>\n<h2>M\u0171szaki adatok:<\/h2>\n<ul>\n<li><strong>Vonatkapacit\u00e1s:<\/strong> 50 000 puff<\/li>\n<li><strong>Nikotin er\u0151ss\u00e9ge:<\/strong> 0 %, 2 %, 3 %, 5 %<\/li>\n<li><strong>E-liquid kapacit\u00e1s:<\/strong> 40 ml<\/li>\n<li><strong>Akkumul\u00e1tor:<\/strong> 1100 mAh \u00fajrat\u00f6lthet\u0151<\/li>\n<li><strong>Tekercs t\u00edpus:<\/strong> H\u00e1rmas h\u00e1l\u00f3s tekercs<\/li>\n<li><strong>L\u00e9g\u00e1raml\u00e1s:<\/strong> \u00c1ll\u00edthat\u00f3<\/li>\n<li><strong>T\u00f6lt\u0151csatlakoz\u00f3:<\/strong> USB C t\u00edpus<\/li>\n<li><strong>LED-kijelz\u0151:<\/strong> Igen, mutatja az akkumul\u00e1tor \u00e9s az e-liquid t\u00f6lt\u00f6tts\u00e9gi szintj\u00e9t<\/li>\n<li><strong>Csomagol\u00e1s:<\/strong> 10 darabos csomagol\u00e1s<\/li>\n<li><strong>\u00cdzv\u00e1laszt\u00e9k:<\/strong> 10 \u00edz<\/li>\n<\/ul>\n<h2>OKSO Shisha Hookah Mega 50000 \u00edzv\u00e1laszt\u00e9k:<\/h2>\n<ol>\n<li>Lush Ice<\/li>\n<li>K\u00e9t alma<\/li>\n<li>Eper G\u00f6r\u00f6gdinnye R\u00e1g\u00f3gumi<\/li>\n<li>\u0150szibarack j\u00e9gkr\u00e9m<\/li>\n<li>\u00c1fonya, m\u00e1lna, cseresznye<\/li>\n<li>Szerelem 66<\/li>\n<li>Mang\u00f3 j\u00e9gkr\u00e9m<\/li>\n<li>Eper Kiwi<\/li>\n<li>Lady Killa<\/li>\n<li>Sz\u0151l\u0151 Ice<\/li>\n<\/ol>\n<h2>Gyakran feltett k\u00e9rd\u00e9sek az OKSO Shisha Hookah Mega 50000-r\u0151l<\/h2>\n<p><strong>1. H\u00e1ny sz\u00edv\u00e1st k\u00edn\u00e1l az OKSO Shisha Hookah Mega?<\/strong><\/p>\n<p>Ez az eszk\u00f6z ak\u00e1r 50 000 sz\u00edv\u00e1sra is k\u00e9pes, 40 ml-es e-liquid kapacit\u00e1ssal rendelkezik, \u00e9s hossz\u00fa t\u00e1v\u00fa haszn\u00e1latra lett tervezve, kevesebb cser\u00e9vel \u00e9s minim\u00e1lis ut\u00e1nt\u00f6lt\u00e9ssel.<\/p>\n<p><strong>2. Mi az a Triple Mesh Coil technol\u00f3gia?<\/strong><\/p>\n<p>A fejlett h\u00e1romtekercses rendszer s\u0171r\u0171 g\u0151ztermel\u00e9st, gyors felmeleged\u00e9st \u00e9s intenz\u00edv, gazdag \u00edzt biztos\u00edt az\u00e1ltal, hogy maximaliz\u00e1lja az \u00e9rintkez\u00e9si fel\u00fcletet az optim\u00e1lis e-liquid kivon\u00e1s \u00e9rdek\u00e9ben a teljes haszn\u00e1lat sor\u00e1n.<\/p>\n<p><strong>3. Ez az e-cigaretta \u00e1ll\u00edthat\u00f3 l\u00e9g\u00e1raml\u00e1ssal rendelkezik?<\/strong><\/p>\n<p>Igen, \u00e1ll\u00edthat\u00f3 l\u00e9g\u00e1raml\u00e1s-szab\u00e1lyoz\u00f3val rendelkezik, amely lehet\u0151v\u00e9 teszi a sz\u00edv\u00e1si ellen\u00e1ll\u00e1s be\u00e1ll\u00edt\u00e1s\u00e1t a szoros, korl\u00e1tozott sz\u00e1j-t\u00fcd\u0151 sz\u00edv\u00e1sokt\u00f3l a nyitott, leveg\u0151s k\u00f6zvetlen t\u00fcd\u0151 sz\u00edv\u00e1sokig.<\/p>\n<p><strong>4. Hogyan lehet ellen\u0151rizni az akkumul\u00e1tor \u00e9s az e-liquid t\u00f6lt\u00f6tts\u00e9gi szintj\u00e9t?<\/strong><\/p>\n<p>A k\u00e9sz\u00fcl\u00e9k LED-kijelz\u0151vel rendelkezik, amely val\u00f3s id\u0151ben figyeli az akkumul\u00e1tor \u00e9s az e-liquid \u00e1llapot\u00e1t, \u00e9s folyamatosan t\u00e1j\u00e9koztatja \u00d6nt, hogy elker\u00fclje a meglepet\u00e9seket a g\u0151z\u00f6l\u00e9s sor\u00e1n.<\/p>\n<p><strong>5. Milyen t\u00edpus\u00fa t\u00f6ltetet haszn\u00e1l ez az eldobhat\u00f3 e-cigaretta?<\/strong><\/p>\n<p>1100 mAh-s, C-t\u00edpus\u00fa t\u00f6lt\u00e9ssel ell\u00e1tott akkumul\u00e1torral m\u0171k\u00f6dik, amely gyors, hat\u00e9kony energiavisszat\u00f6lt\u00e9st \u00e9s minim\u00e1lis le\u00e1ll\u00e1si id\u0151t biztos\u00edt a g\u0151z\u00f6l\u00e9si szakaszok k\u00f6z\u00f6tt.<\/p>\n<h2>Shisha-\u00e9rz\u00e9s \u00fatk\u00f6zben<\/h2>\n<p>Az OKSO Shisha Hookah Mega 50000 kompakt form\u00e1tum\u00fa, autentikus v\u00edzipip\u00e1z\u00e1si \u00e9lm\u00e9nyt ny\u00fajt. Az egyed\u00fcl\u00e1ll\u00f3 Triple-Mesh technol\u00f3gia \u00e9s az \u00e1ll\u00edthat\u00f3 l\u00e9g\u00e1raml\u00e1s maxim\u00e1lis g\u0151z\u00e9lvezet\u00e9st biztos\u00edt. Rendeljen most web\u00e1ruh\u00e1zunkban! <strong><a href=\"https:\/\/apexvape.de\/hu\/\">Vape szak\u00fczlet<\/a><\/strong> \u00e9s profit\u00e1ljon a legjobb nagykereskedelmi \u00e1rakb\u00f3l. A mi <strong><a href=\"https:\/\/apexvape.de\/hu\/product-category\/okso-vape\/\">OKSO k\u00e9sz\u00fcl\u00e9kek gy\u0171jtem\u00e9nye<\/a><\/strong> a leg\u00fajabb innov\u00e1ci\u00f3kat k\u00edn\u00e1lja \u00d6nnek, bev\u00e1lt min\u0151s\u00e9ggel. Gyors sz\u00e1ll\u00edt\u00e1s, m\u00e9lt\u00e1nyos \u00e1rak \u00e9s szak\u00e9rt\u0151 tan\u00e1csad\u00e1s \u2013 ez az Apex Vape.<\/p>","protected":false},"excerpt":{"rendered":"<div data-test-render-count=\"1\">\n<div class=\"group\">\n<div class=\"group relative pb-3\" data-is-streaming=\"false\">\n<div class=\"font-claude-response relative leading-[1.65rem] [&amp;_pre&gt;div]:bg-bg-000\/50 [&amp;_pre&gt;div]:border-0.5 [&amp;_pre&gt;div]:border-border-400 [&amp;_.ignore-pre-bg&gt;div]:bg-transparent [&amp;_.standard-markdown_:is(p,blockquote,h1,h2,h3,h4,h5,h6)]:pl-2 [&amp;_.standard-markdown_:is(p,blockquote,ul,ol,h1,h2,h3,h4,h5,h6)]:pr-8 [&amp;_.progressive-markdown_:is(p,blockquote,h1,h2,h3,h4,h5,h6)]:pl-2 [&amp;_.progressive-markdown_:is(p,blockquote,ul,ol,h1,h2,h3,h4,h5,h6)]:pr-8\">\n<div>\n<div class=\"standard-markdown grid-cols-1 grid gap-4 [&amp;_&gt;_*]:min-w-0 standard-markdown\">\n<p class=\"font-claude-response-body break-words whitespace-normal leading-[1.7]\">Die OKSO Shisha Hookah Mega 50000 bietet 50.000 Z\u00fcge mit innovativer Triple Mesh Coil-Technologie f\u00fcr dichten Dampf und intensiven Geschmack. 40ml Tank, leistungsstarker 1100mAh Akku und einstellbarer Airflow garantieren Premium-Erlebnis. LED-Display zeigt Akku &amp; Liquid-Stand. USB-C Schnellladung inklusive.<\/p>\n<\/div>\n<\/div>\n<\/div>\n<\/div>\n<div class=\"flex justify-start\" role=\"group\" aria-label=\"Message actions\">\n<div class=\"text-text-300\">\n<div class=\"text-text-300 flex items-stretch justify-between\">\n<div class=\"w-fit\" data-state=\"closed\">\n<div class=\"relative text-text-500 group-hover\/btn:text-text-100\">\n<div class=\"flex items-center justify-center transition-all opacity-100 scale-100\"><\/div>\n<div class=\"flex items-center justify-center absolute top-0 left-0 transition-all opacity-0 scale-50\"><\/div>\n<\/div>\n<\/div>\n<div class=\"w-fit\" data-state=\"closed\">\n<div class=\"flex items-center justify-center text-text-500 group-hover\/btn:text-text-100\"><\/div>\n<\/div>\n<div class=\"w-fit\" data-state=\"closed\">\n<div class=\"flex items-center justify-center text-text-500 group-hover\/btn:text-text-100\"><\/div>\n<\/div>\n<div class=\"flex items-center\">\n<div class=\"w-fit\" data-state=\"closed\">\n<div class=\"flex items-center justify-center text-text-500 group-hover\/btn:text-text-100\"><\/div>\n<\/div>\n<\/div>\n<\/div>\n<\/div>\n<\/div>\n<\/div>\n<\/div>\n<div class=\"h-px w-full pointer-events-none\" aria-hidden=\"true\"><\/div>\n","protected":false},"featured_media":6023,"comment_status":"open","ping_status":"closed","template":"","meta":[],"product_brand":[],"product_cat":[81],"product_tag":[],"class_list":{"0":"post-5969","1":"product","2":"type-product","3":"status-publish","4":"has-post-thumbnail","6":"product_cat-okso-vape","8":"first","9":"instock","10":"shipping-taxable","11":"purchasable","12":"product-type-variable"},"_links":{"self":[{"href":"https:\/\/apexvape.de\/hu\/wp-json\/wp\/v2\/product\/5969","targetHints":{"allow":["GET"]}}],"collection":[{"href":"https:\/\/apexvape.de\/hu\/wp-json\/wp\/v2\/product"}],"about":[{"href":"https:\/\/apexvape.de\/hu\/wp-json\/wp\/v2\/types\/product"}],"replies":[{"embeddable":true,"href":"https:\/\/apexvape.de\/hu\/wp-json\/wp\/v2\/comments?post=5969"}],"version-history":[{"count":0,"href":"https:\/\/apexvape.de\/hu\/wp-json\/wp\/v2\/product\/5969\/revisions"}],"wp:featuredmedia":[{"embeddable":true,"href":"https:\/\/apexvape.de\/hu\/wp-json\/wp\/v2\/media\/6023"}],"wp:attachment":[{"href":"https:\/\/apexvape.de\/hu\/wp-json\/wp\/v2\/media?parent=5969"}],"wp:term":[{"taxonomy":"product_brand","embeddable":true,"href":"https:\/\/apexvape.de\/hu\/wp-json\/wp\/v2\/product_brand?post=5969"},{"taxonomy":"product_cat","embeddable":true,"href":"https:\/\/apexvape.de\/hu\/wp-json\/wp\/v2\/product_cat?post=5969"},{"taxonomy":"product_tag","embeddable":true,"href":"https:\/\/apexvape.de\/hu\/wp-json\/wp\/v2\/product_tag?post=5969"}],"curies":[{"name":"wp","href":"https:\/\/api.w.org\/{rel}","templated":true}]}}