{"id":5907,"date":"2025-12-15T11:07:58","date_gmt":"2025-12-15T10:07:58","guid":{"rendered":"https:\/\/apexvape.de\/?post_type=product&#038;p=5907"},"modified":"2025-12-15T11:08:29","modified_gmt":"2025-12-15T10:08:29","slug":"okso-magic-mirror-50000","status":"publish","type":"product","link":"https:\/\/apexvape.de\/hu\/product\/okso-magic-mirror-50000\/","title":{"rendered":"OKSO Magic Mirror 50000 sz\u00edv\u00e1sos eldobhat\u00f3 e-cigaretta"},"content":{"rendered":"<h1>OKSO Magic Mirror 50000 Puffs | RGB LED, kett\u0151s h\u00e1l\u00f3, LED-kijelz\u0151, 40 ml \u00fajrat\u00f6lthet\u0151 eldobhat\u00f3 e-cigaretta nagykereskedelem<\/h1>\n<p>Az OKSO Magic Mirror 50000 50K Puffs eldobhat\u00f3 e-cigaretta ak\u00e1r 50 000 sz\u00edv\u00e1ssal is hosszabb g\u0151z\u00f6l\u00e9si \u00e9lm\u00e9nyt biztos\u00edt, \u00e9s \u00fagy lett kialak\u00edtva, hogy ritk\u00e1bban kell cser\u00e9lni \u00e9s hosszabb ideig haszn\u00e1lhat\u00f3. 40 ml-es hatalmas e-liquid kapacit\u00e1s\u00e1val ez a k\u00e9sz\u00fcl\u00e9k ide\u00e1lis azoknak az intenz\u00edv g\u0151z\u00f6l\u0151knek, akik minimaliz\u00e1lni szeretn\u00e9k az ut\u00e1nt\u00f6lt\u00e9seket \u00e9s maximaliz\u00e1lni a k\u00e9nyelmet. 850 mAh-s akkumul\u00e1torral m\u0171k\u00f6dik, megb\u00edzhat\u00f3 energi\u00e1t biztos\u00edt eg\u00e9sz napos haszn\u00e1latra, \u00e1lland\u00f3 teljes\u00edtm\u00e9nyt ny\u00fajtva, amely lehet\u0151v\u00e9 teszi a g\u0151z\u00f6l\u00e9st megszak\u00edt\u00e1s n\u00e9lk\u00fcl. V\u00e1lasszon 10 k\u00fcl\u00f6nb\u00f6z\u0151 \u00edz k\u00f6z\u00fcl, hogy kiel\u00e9g\u00edtse a k\u00fcl\u00f6nb\u00f6z\u0151 \u00edzpreferenci\u00e1kat, \u00e9s friss \u00e9s izgalmas maradjon a g\u0151z\u00f6l\u00e9si \u00e9lm\u00e9ny.<\/p>\n<h2>OKSO Magic Mirror 50000 Puffs F\u0151bb jellemz\u0151k:<\/h2>\n<p>A fejlett Dual Mesh Coil technol\u00f3gia gyorsabb felmeleged\u00e9st tesz lehet\u0151v\u00e9, mik\u00f6zben jobb \u00edzt \u00e9s g\u0151ztermel\u00e9st biztos\u00edt, \u00edgy minden slukk l\u00e1gyabb \u00e9s intenz\u00edvebb lesz. Ez az innovat\u00edv f\u0171t\u00e9si rendszer egyenletes eloszl\u00e1st biztos\u00edt a tekercs fel\u00fclet\u00e9n, maximaliz\u00e1lja az aroma kivon\u00e1s\u00e1t \u00e9s kiv\u00e1l\u00f3 \u00edzmin\u0151s\u00e9get biztos\u00edt a k\u00e9sz\u00fcl\u00e9k teljes \u00e9lettartama alatt. A kett\u0151s tekercs kialak\u00edt\u00e1s megakad\u00e1lyozza a sz\u00e1raz slukkokat, \u00e9s az els\u0151t\u0151l az utols\u00f3 slukkig optim\u00e1lis teljes\u00edtm\u00e9nyt biztos\u00edt.<\/p>\n<p>Az eleg\u00e1ns t\u00fck\u00f6rfel\u00fclet\u0171 kivitel pr\u00e9mium eszt\u00e9tik\u00e1t k\u00f6lcs\u00f6n\u00f6z a k\u00e9sz\u00fcl\u00e9knek, amely modern eleganci\u00e1j\u00e1val \u00e9s st\u00edlus\u00e1val t\u0171nik ki a t\u00f6megb\u0151l. A dinamikus RGB LED-es f\u00e9nyeffektusok m\u00e9g tov\u00e1bb fokozz\u00e1k a k\u00e9sz\u00fcl\u00e9k vizu\u00e1lis vonzerej\u00e9t, \u00e9s minden haszn\u00e1lat\u00e1t m\u00e9g \u00e9lvezetesebb\u00e9 \u00e9s kellemesebb\u00e9 teszik. A LED-kijelz\u0151 val\u00f3s id\u0151ben figyeli az akkumul\u00e1tor \u00e9s az e-liquid t\u00f6lt\u00f6tts\u00e9gi szintj\u00e9t, \u00edgy egy pillant\u00e1ssal t\u00e1j\u00e9koz\u00f3dhat k\u00e9sz\u00fcl\u00e9ke \u00e1llapot\u00e1r\u00f3l \u2013 a maxim\u00e1lis k\u00e9nyelem \u00e9rdek\u00e9ben.<\/p>\n<p>A biztons\u00e1g el\u0151t\u00e9rben \u00e1ll az integr\u00e1lt gyermekbiztons\u00e1gi z\u00e1rral, amely megakad\u00e1lyozza a v\u00e9letlen haszn\u00e1latot, \u00e9s nyugalmat biztos\u00edt a gyermekes felhaszn\u00e1l\u00f3knak vagy a k\u00f6z\u00f6s haszn\u00e1lat\u00fa k\u00f6rnyezetben. Minden csomag 10 darabot tartalmaz, ami t\u00f6k\u00e9letess\u00e9 teszi nagy mennyis\u00e9g\u0171 megrendel\u00e9sekhez vagy kiskereskedelmi forgalmaz\u00e1shoz. Ez a sokoldal\u00fa csomagol\u00e1si lehet\u0151s\u00e9g mind az egy\u00e9ni felhaszn\u00e1l\u00f3knak, akik v\u00e1ltozatoss\u00e1got keresnek, mind a nagykereskedelmi megold\u00e1sokat keres\u0151 v\u00e1llalkoz\u00e1soknak megfelel.<\/p>\n<h2>M\u0171szaki adatok:<\/h2>\n<ul>\n<li><strong>Vonatkapacit\u00e1s:<\/strong> 50 000 puff<\/li>\n<li><strong>Nikotin er\u0151ss\u00e9ge:<\/strong> 0 %, 2 %, 3 %, 5 %<\/li>\n<li><strong>E-liquid kapacit\u00e1s:<\/strong> 40 ml<\/li>\n<li><strong>Akkumul\u00e1tor:<\/strong> 850 mAh \u00fajrat\u00f6lthet\u0151<\/li>\n<li><strong>Tekercs t\u00edpus:<\/strong> Kett\u0151s h\u00e1l\u00f3s tekercs<\/li>\n<li><strong>T\u00f6lt\u0151csatlakoz\u00f3:<\/strong> USB C t\u00edpus<\/li>\n<li><strong>Tervez\u00e9s:<\/strong> T\u00fck\u00f6rfel\u00fclet RGB LED-es vil\u00e1g\u00edt\u00e1ssal<\/li>\n<li><strong>LED-kijelz\u0151:<\/strong> Megjelen\u00edti az akkumul\u00e1tor \u00e9s az e-liquid t\u00f6lt\u00f6tts\u00e9gi szintj\u00e9t<\/li>\n<li><strong>Gyermekbiztons\u00e1gi z\u00e1r:<\/strong> Igen<\/li>\n<li><strong>Csomagol\u00e1s:<\/strong> 10 darabos csomagol\u00e1s<\/li>\n<li><strong>\u00cdzv\u00e1laszt\u00e9k:<\/strong> 10 \u00edz<\/li>\n<\/ul>\n<h2>OKSO Magic Mirror 50000 \u00cdzv\u00e1laszt\u00e9k:<\/h2>\n<ol>\n<li>K\u00e9k Razz Ice<\/li>\n<li>Lush Ice<\/li>\n<li>Eper j\u00e9gkr\u00e9m<\/li>\n<li>Sz\u0151l\u0151 Ice<\/li>\n<li>LOVE 66<\/li>\n<li>Lady Killa<\/li>\n<li>Menta Ice<\/li>\n<li>Eper G\u00f6r\u00f6gdinnye<\/li>\n<li>Kivi Passi\u00f3gy\u00fcm\u00f6lcs<\/li>\n<li>bogy\u00f3s gy\u00fcm\u00f6lcs\u00f6k kever\u00e9ke<\/li>\n<\/ol>\n<h2>Gyakran feltett k\u00e9rd\u00e9sek az OKSO Magic Mirror 50000-r\u0151l<\/h2>\n<p><strong>1. H\u00e1ny mozdulatot k\u00edn\u00e1l az OKSO Magic Mirror?<\/strong><\/p>\n<p>Ez az eszk\u00f6z ak\u00e1r 50 000 slukkot is biztos\u00edt, 40 ml-es e-liquid kapacit\u00e1ssal, \u00e9s hosszabb g\u0151z\u00f6l\u00e9si munk\u00e1khoz lett kialak\u00edtva, kevesebb cser\u00e9vel.<\/p>\n<p><strong>2. Milyen biztons\u00e1gi funkci\u00f3kkal rendelkezik ez az eldobhat\u00f3 e-cigaretta?<\/strong><\/p>\n<p>Be\u00e9p\u00edtett gyermekbiztons\u00e1gi funkci\u00f3val rendelkezik, amely megakad\u00e1lyozza a v\u00e9letlen haszn\u00e1latot, \u00e9s nyugalmat biztos\u00edt a gyermekes felhaszn\u00e1l\u00f3knak vagy a k\u00f6z\u00f6s haszn\u00e1lat\u00fa k\u00f6rnyezetben.<\/p>\n<p><strong>3. Van kijelz\u0151je ennek az e-cigarett\u00e1nak?<\/strong><\/p>\n<p>Igen, LED-kijelz\u0151vel rendelkezik, amely val\u00f3s id\u0151ben figyeli az akkumul\u00e1tor \u00e9s az e-liquid t\u00f6lt\u00f6tts\u00e9gi szintj\u00e9t, \u00e9s egy pillant\u00e1ssal t\u00e1j\u00e9koztatja \u00d6nt a k\u00e9sz\u00fcl\u00e9k \u00e1llapot\u00e1r\u00f3l.<\/p>\n<p><strong>4. Mi teszi k\u00fcl\u00f6nlegess\u00e9 a t\u00fck\u00f6r kialak\u00edt\u00e1s\u00e1t?<\/strong><\/p>\n<p>Az eleg\u00e1ns t\u00fck\u00f6rfel\u00fclet pr\u00e9mium eszt\u00e9tik\u00e1t k\u00f6lcs\u00f6n\u00f6z a modern eleganci\u00e1nak, amelyet a dinamikus RGB LED-es f\u00e9nyeffektusok m\u00e9g tov\u00e1bb fokoznak, vizu\u00e1lis \u00e9lm\u00e9nyt adva a g\u0151z\u00f6l\u00e9snek.<\/p>\n<p><strong>5. Milyen tekercs technol\u00f3gi\u00e1t haszn\u00e1l ez a k\u00e9sz\u00fcl\u00e9k?<\/strong><\/p>\n<p>Kett\u0151s h\u00e1l\u00f3s tekercsekkel van felszerelve, amelyek gyorsabb felmeleged\u00e9st tesznek lehet\u0151v\u00e9, \u00e9s jobb \u00edzt \u00e9s g\u0151ztermel\u00e9st biztos\u00edtanak a haszn\u00e1lat sor\u00e1n, \u00edgy sim\u00e1bb, intenz\u00edvebb sz\u00edv\u00e1sok \u00e9rhet\u0151k el.<\/p>\n<h2>Pr\u00e9mium min\u0151s\u00e9g k\u00f6zvetlen\u00fcl rendelhet\u0151<\/h2>\n<p>Az OKSO Magic Mirror 50000 a st\u00edlust \u00e9s a teljes\u00edtm\u00e9nyt \u00f6tv\u00f6zi a legmagasabb szinten. Egyed\u00fcl\u00e1ll\u00f3 t\u00fck\u00f6r kialak\u00edt\u00e1s\u00e1val \u00e9s RGB effektjeivel \u00faj m\u00e9rc\u00e9t \u00e1ll\u00edt fel a vape szegmensben. L\u00e1togasson el weboldalunkra <strong><a href=\"https:\/\/apexvape.de\/hu\/\">Apex Vape online \u00e1ruh\u00e1z<\/a><\/strong> \u00e9s vonz\u00f3 mennyis\u00e9gi kedvezm\u00e9nyeket biztos\u00edtunk \u00d6nnek. Teljes k\u00edn\u00e1latunkban <strong><a href=\"https:\/\/apexvape.de\/hu\/product-category\/okso-vape\/\">OKSO term\u00e9kv\u00e1laszt\u00e9k<\/a><\/strong> innovat\u00edv g\u0151ztechnikai megold\u00e1sokat tal\u00e1l minden ig\u00e9nyhez. B\u00edzzon az els\u0151 oszt\u00e1ly\u00fa min\u0151s\u00e9gben, a gyors feldolgoz\u00e1sban \u00e9s az \u00fcgyf\u00e9lk\u00f6zpont\u00fa szolg\u00e1ltat\u00e1sban.<\/p>","protected":false},"excerpt":{"rendered":"<div data-test-render-count=\"1\">\n<div class=\"group\">\n<div class=\"group relative pb-3\" data-is-streaming=\"false\">\n<div class=\"font-claude-response relative leading-[1.65rem] [&amp;_pre&gt;div]:bg-bg-000\/50 [&amp;_pre&gt;div]:border-0.5 [&amp;_pre&gt;div]:border-border-400 [&amp;_.ignore-pre-bg&gt;div]:bg-transparent [&amp;_.standard-markdown_:is(p,blockquote,h1,h2,h3,h4,h5,h6)]:pl-2 [&amp;_.standard-markdown_:is(p,blockquote,ul,ol,h1,h2,h3,h4,h5,h6)]:pr-8 [&amp;_.progressive-markdown_:is(p,blockquote,h1,h2,h3,h4,h5,h6)]:pl-2 [&amp;_.progressive-markdown_:is(p,blockquote,ul,ol,h1,h2,h3,h4,h5,h6)]:pr-8\">\n<div>\n<div class=\"standard-markdown grid-cols-1 grid gap-4 [&amp;_&gt;_*]:min-w-0 standard-markdown\">\n<p class=\"font-claude-response-body break-words whitespace-normal leading-[1.7]\">Die OKSO Magic Mirror 50000 beeindruckt mit Premium-Spiegel-Design und 50.000 Z\u00fcgen. Dual Mesh Coils garantieren intensiven Geschmack, 40ml Tank und 850mAh Akku bieten Ganztagesleistung. LED-Display \u00fcberwacht Akku &amp; Liquid-Stand, RGB-Beleuchtung sorgt f\u00fcr visuelles Highlight. Mit Kindersicherung.<\/p>\n<\/div>\n<\/div>\n<\/div>\n<\/div>\n<div class=\"flex justify-start\" role=\"group\" aria-label=\"Message actions\">\n<div class=\"text-text-300\">\n<div class=\"text-text-300 flex items-stretch justify-between\">\n<div class=\"w-fit\" data-state=\"closed\">\n<div class=\"relative text-text-500 group-hover\/btn:text-text-100\">\n<div class=\"flex items-center justify-center transition-all opacity-100 scale-100\"><\/div>\n<div class=\"flex items-center justify-center absolute top-0 left-0 transition-all opacity-0 scale-50\"><\/div>\n<\/div>\n<\/div>\n<div class=\"w-fit\" data-state=\"closed\">\n<div class=\"flex items-center justify-center text-text-500 group-hover\/btn:text-text-100\"><\/div>\n<\/div>\n<div class=\"w-fit\" data-state=\"closed\">\n<div class=\"flex items-center justify-center text-text-500 group-hover\/btn:text-text-100\"><\/div>\n<\/div>\n<div class=\"flex items-center\">\n<div class=\"w-fit\" data-state=\"closed\">\n<div class=\"flex items-center justify-center text-text-500 group-hover\/btn:text-text-100\"><\/div>\n<\/div>\n<\/div>\n<\/div>\n<\/div>\n<\/div>\n<\/div>\n<\/div>\n<div class=\"h-px w-full pointer-events-none\" aria-hidden=\"true\"><\/div>\n","protected":false},"featured_media":5909,"comment_status":"open","ping_status":"closed","template":"","meta":[],"product_brand":[],"product_cat":[81],"product_tag":[],"class_list":{"0":"post-5907","1":"product","2":"type-product","3":"status-publish","4":"has-post-thumbnail","6":"product_cat-okso-vape","8":"first","9":"instock","10":"shipping-taxable","11":"purchasable","12":"product-type-variable"},"_links":{"self":[{"href":"https:\/\/apexvape.de\/hu\/wp-json\/wp\/v2\/product\/5907","targetHints":{"allow":["GET"]}}],"collection":[{"href":"https:\/\/apexvape.de\/hu\/wp-json\/wp\/v2\/product"}],"about":[{"href":"https:\/\/apexvape.de\/hu\/wp-json\/wp\/v2\/types\/product"}],"replies":[{"embeddable":true,"href":"https:\/\/apexvape.de\/hu\/wp-json\/wp\/v2\/comments?post=5907"}],"version-history":[{"count":0,"href":"https:\/\/apexvape.de\/hu\/wp-json\/wp\/v2\/product\/5907\/revisions"}],"wp:featuredmedia":[{"embeddable":true,"href":"https:\/\/apexvape.de\/hu\/wp-json\/wp\/v2\/media\/5909"}],"wp:attachment":[{"href":"https:\/\/apexvape.de\/hu\/wp-json\/wp\/v2\/media?parent=5907"}],"wp:term":[{"taxonomy":"product_brand","embeddable":true,"href":"https:\/\/apexvape.de\/hu\/wp-json\/wp\/v2\/product_brand?post=5907"},{"taxonomy":"product_cat","embeddable":true,"href":"https:\/\/apexvape.de\/hu\/wp-json\/wp\/v2\/product_cat?post=5907"},{"taxonomy":"product_tag","embeddable":true,"href":"https:\/\/apexvape.de\/hu\/wp-json\/wp\/v2\/product_tag?post=5907"}],"curies":[{"name":"wp","href":"https:\/\/api.w.org\/{rel}","templated":true}]}}