{"id":5847,"date":"2025-12-15T10:56:01","date_gmt":"2025-12-15T09:56:01","guid":{"rendered":"https:\/\/apexvape.de\/?post_type=product&#038;p=5847"},"modified":"2025-12-15T10:56:47","modified_gmt":"2025-12-15T09:56:47","slug":"okso-double-flavor-60000","status":"publish","type":"product","link":"https:\/\/apexvape.de\/hu\/product\/okso-double-flavor-60000\/","title":{"rendered":"OKSO Double Flavor 60000 slukk egyszer haszn\u00e1latos e-cigaretta"},"content":{"rendered":"<h1>OKSO Double Flavor 60000 60K Puffs eldobhat\u00f3 e-cigaretta 0% 2% 3% 5% nikotin 10 \u00edz LED-kijelz\u0151 K\u00f6zvetlen\u00fcl a gy\u00e1rt\u00f3t\u00f3l<\/h1>\n<p>Az OKSO Double Flavor 60000 rendk\u00edv\u00fcl hossz\u00fa \u00e9lettartamot biztos\u00edt, ak\u00e1r 60 000 sz\u00edv\u00e1ssal, \u00edgy jelent\u0151sen cs\u00f6kkenti a gyakori cser\u00e9k sz\u00fcks\u00e9gess\u00e9g\u00e9t, mik\u00f6zben kiv\u00e1l\u00f3 \u00e1r-\u00e9rt\u00e9k ar\u00e1nyt k\u00edn\u00e1l. Az innovat\u00edv kett\u0151s aroma rendszer \u00e9s a k\u00e9t k\u00fcl\u00f6n\u00e1ll\u00f3 25 ml-es tart\u00e1ly seg\u00edts\u00e9g\u00e9vel z\u00f6kken\u0151mentesen v\u00e1lthat k\u00e9t k\u00fcl\u00f6nb\u00f6z\u0151 \u00edz k\u00f6z\u00f6tt, an\u00e9lk\u00fcl, hogy azok keveredn\u00e9nek vagy szennyez\u0151dn\u00e9nek. A leny\u0171g\u00f6z\u0151, \u00f6sszesen 50 ml-es e-liquid kapacit\u00e1s hossz\u00fa g\u0151z\u00f6l\u00e9si munkameneteket tesz lehet\u0151v\u00e9, \u00edgy a k\u00e9sz\u00fcl\u00e9k eg\u00e9sz napos haszn\u00e1latra ide\u00e1lis. 0 %, 2 %, 3 % \u00e9s 5 % nikotin opci\u00f3kban kaphat\u00f3, \u00edgy a k\u00e9sz\u00fcl\u00e9k a legk\u00fcl\u00f6nb\u00f6z\u0151bb preferenci\u00e1knak is megfelel \u2013 a nikotinmentes \u00e9lvezett\u0151l az intenz\u00edvebb \u00e9lm\u00e9nyekig.<\/p>\n<h2>OKSO Double Flavor 60000 Puffs F\u0151bb jellemz\u0151k:<\/h2>\n<p>A kett\u0151s 0,8 \u03a9-os h\u00e1l\u00f3s tekercsekkel felszerelt k\u00e9sz\u00fcl\u00e9k gyors felmeleged\u00e9st \u00e9s gazdag g\u0151ztermel\u00e9st biztos\u00edt, \u00edgy minden slukk er\u0151teljes, intenz\u00edv \u00edzt eredm\u00e9nyez. Ez a fejlett tekercstechnol\u00f3gia egyenletes h\u0151eloszl\u00e1st \u00e9s optim\u00e1lis aroma-kivon\u00e1st biztos\u00edt mindk\u00e9t tart\u00e1lyb\u00f3l, \u00e9s \u00e1lland\u00f3an kiv\u00e1l\u00f3 \u00edzt ny\u00fajt, f\u00fcggetlen\u00fcl att\u00f3l, hogy melyik arom\u00e1t v\u00e1lasztja. A h\u00e1l\u00f3szerkezet maxim\u00e1lis \u00e9rintkez\u00e9si fel\u00fcletet biztos\u00edt az e-liquiddel, \u00edgy a k\u00e9sz\u00fcl\u00e9k teljes \u00e9lettartama alatt kiv\u00e1l\u00f3 teljes\u00edtm\u00e9nyt ny\u00fajt.<\/p>\n<p>A megb\u00edzhat\u00f3 650 mAh-s akkumul\u00e1torral a k\u00e9sz\u00fcl\u00e9k stabil teljes\u00edtm\u00e9nyt \u00e9s \u00e1lland\u00f3 napi teljes\u00edtm\u00e9nyt ny\u00fajt, amely eg\u00e9sz napos g\u0151z\u00f6l\u00e9st tesz lehet\u0151v\u00e9. A Type-C gyors t\u00f6lt\u00e9si funkci\u00f3 gyors \u00e9s k\u00e9nyelmes t\u00f6lt\u00e9st biztos\u00edt, minim\u00e1lis le\u00e1ll\u00e1si id\u0151vel a haszn\u00e1lat k\u00f6z\u00f6tt. A LED-kijelz\u0151 val\u00f3s idej\u0171 inform\u00e1ci\u00f3kat jelen\u00edt meg, bele\u00e9rtve az akkumul\u00e1tor \u00e1llapot\u00e1t \u00e9s a m\u00f3d be\u00e1ll\u00edt\u00e1sait, \u00edgy egy pillant\u00e1ssal figyelemmel k\u00eds\u00e9rheti k\u00e9sz\u00fcl\u00e9k\u00e9t, \u00e9s t\u00e1j\u00e9kozott maradhat annak teljes\u00edtm\u00e9ny\u00e9r\u0151l.<\/p>\n<p>V\u00e1lasszon 10 izgalmas kett\u0151s \u00edz\u0171 kombin\u00e1ci\u00f3 k\u00f6z\u00fcl, amelyek sz\u00e9les \u00edz\u00e9lm\u00e9nyt ny\u00fajtanak minden \u00edzl\u00e9snek \u00e9s preferenci\u00e1nak. Minden csomag 10 darabot tartalmaz, \u00edgy nagykereskedelmi \u00e9s kiskereskedelmi forgalmaz\u00e1sra egyar\u00e1nt alkalmas. Ez a sokoldal\u00fa csomagol\u00e1si lehet\u0151s\u00e9g rugalmass\u00e1got biztos\u00edt a v\u00e1llalkoz\u00e1sok sz\u00e1m\u00e1ra, mik\u00f6zben garant\u00e1lja, hogy a v\u00e1s\u00e1rl\u00f3k t\u00f6bb \u00edzkombin\u00e1ci\u00f3 k\u00f6z\u00fcl v\u00e1logathassanak.<\/p>\n<h2>M\u0171szaki adatok:<\/h2>\n<ul>\n<li><strong>Vonatkapacit\u00e1s:<\/strong> Ak\u00e1r 60 000 slukk<\/li>\n<li><strong>Nikotin er\u0151ss\u00e9ge:<\/strong> 0 %, 2 %, 3 %, 5 %<\/li>\n<li><strong>E-liquid kapacit\u00e1s:<\/strong> \u00d6sszesen 50 ml (25 ml + 25 ml)<\/li>\n<li><strong>Akkumul\u00e1tor:<\/strong> 650 mAh \u00fajrat\u00f6lthet\u0151<\/li>\n<li><strong>Tekercs t\u00edpus:<\/strong> Kett\u0151s 0,8 \u03a9 h\u00e1l\u00f3s tekercsek<\/li>\n<li><strong>T\u00f6lt\u0151csatlakoz\u00f3:<\/strong> USB Type-C gyors t\u00f6lt\u00e9s<\/li>\n<li><strong>Kijelz\u0151:<\/strong> LED-kijelz\u0151 akkumul\u00e1tor- \u00e9s \u00fczemm\u00f3d-kijelz\u0151vel<\/li>\n<li><strong>Csomagol\u00e1s:<\/strong> 10 darabos csomagol\u00e1s<\/li>\n<li><strong>\u00cdzv\u00e1laszt\u00e9k:<\/strong> 10 kett\u0151s \u00edz kombin\u00e1ci\u00f3<\/li>\n<\/ul>\n<h2>OKSO Double Flavor 60000 \u00cdzv\u00e1laszt\u00e9k:<\/h2>\n<ol>\n<li>\u00c1fonya Ice \/ Fekete ribizli<\/li>\n<li>K\u00e9k Razz cseresznye \u00e1fonya \/ menta<\/li>\n<li>Eper, g\u00f6r\u00f6gdinnye \/ K\u00e9t alma<\/li>\n<li>Red Energy Ice \/ Sz\u0151l\u0151 Ice<\/li>\n<li>K\u00e9k Razz limon\u00e1d\u00e9 \/ alma-\u0151szibarack<\/li>\n<li>G\u00f6r\u00f6gdinnye j\u00e9g \/ \u0151szibarack mang\u00f3<\/li>\n<li>Eper ban\u00e1n \/ Cherry Fiesta<\/li>\n<li>G\u00f6r\u00f6gdinnye r\u00e1g\u00f3gumi \/ gy\u00fcm\u00f6lcskever\u00e9k<\/li>\n<li>K\u00e9k Razz \/ Szerelem 66<\/li>\n<li>Eper Cseresznye \/ Kivi Passi\u00f3gy\u00fcm\u00f6lcs Guava<\/li>\n<\/ol>\n<h2>Gyakran feltett k\u00e9rd\u00e9sek az OKSO Double Flavor 60000-r\u0151l<\/h2>\n<p><strong>1. H\u00e1ny sz\u00edv\u00e1st k\u00edn\u00e1l az OKSO Double Flavor?<\/strong><\/p>\n<p>Ez az eszk\u00f6z ak\u00e1r 60 000 sz\u00edv\u00e1st biztos\u00edt 50 ml kombin\u00e1lt e-liquid kapacit\u00e1ssal, \u00e9s rendk\u00edv\u00fcl hossz\u00fa \u00e9lettartamot k\u00edn\u00e1l, mik\u00f6zben cs\u00f6kkenti a gyakori cser\u00e9k sz\u00fcks\u00e9gess\u00e9g\u00e9t.<\/p>\n<p><strong>2. Mi az a kett\u0151s aromarendszer?<\/strong><\/p>\n<p>Az innovat\u00edv kett\u0151s tart\u00e1lyos kialak\u00edt\u00e1s k\u00e9t k\u00fcl\u00f6n\u00e1ll\u00f3 25 ml-es tart\u00e1llyal rendelkezik, amelyek lehet\u0151v\u00e9 teszik, hogy k\u00e9t k\u00fcl\u00f6nb\u00f6z\u0151 \u00edz k\u00f6z\u00f6tt z\u00f6kken\u0151mentesen v\u00e1ltson, kevered\u00e9s vagy szennyez\u0151d\u00e9s n\u00e9lk\u00fcl.<\/p>\n<p><strong>3. Milyen tekercstechnol\u00f3gi\u00e1t haszn\u00e1l ez az e-cigaretta?<\/strong><\/p>\n<p>Kett\u0151s 0,8 \u03a9-os h\u00e1l\u00f3s tekercsekkel rendelkezik, amelyek gyors felmeleged\u00e9st \u00e9s gazdag g\u0151ztermel\u00e9st biztos\u00edtanak, mik\u00f6zben er\u0151teljes, intenz\u00edv \u00edzt \u00e9s optim\u00e1lis kivonatot garant\u00e1lnak mindk\u00e9t tart\u00e1lyb\u00f3l.<\/p>\n<p><strong>4. Milyen nikotintartalmak \u00e1llnak rendelkez\u00e9sre?<\/strong><\/p>\n<p>A k\u00e9sz\u00fcl\u00e9k 0 %, 2 %, 3 % \u00e9s 5 % nikotinopci\u00f3kkal kaphat\u00f3, \u00edgy a nikotinmentes \u00e9lvezetekt\u0151l az intenz\u00edvebb g\u0151z\u00f6lg\u00e9si \u00e9lm\u00e9nyig a legk\u00fcl\u00f6nb\u00f6z\u0151bb preferenci\u00e1knak is megfelel.<\/p>\n<p><strong>5. Hogyan lehet felt\u00f6lteni ezt az eldobhat\u00f3 e-cigarett\u00e1t?<\/strong><\/p>\n<p>650 mAh-s akkumul\u00e1torral m\u0171k\u00f6dik, C t\u00edpus\u00fa gyorst\u00f6lt\u00e9ssel, ami gyors, k\u00e9nyelmes t\u00f6lt\u00e9st \u00e9s stabil napi teljes\u00edtm\u00e9nyt biztos\u00edt minim\u00e1lis le\u00e1ll\u00e1si id\u0151vel.<\/p>\n<h2>OKSO Double Flavor 60000 v\u00e1s\u00e1rl\u00e1s az Apex Vape-n\u00e9l<\/h2>\n<p>Er\u0151teljes, kett\u0151s \u00edz\u0171 rendszert keres, amely rendk\u00edv\u00fcli sz\u00edv\u00f3kapacit\u00e1ssal rendelkezik? Az OKSO Double Flavor 60000 a t\u00f6k\u00e9letes v\u00e1laszt\u00e1s az ig\u00e9nyes g\u0151z\u00f6l\u0151k sz\u00e1m\u00e1ra. A mi <strong><a href=\"https:\/\/apexvape.de\/hu\/\">Vape-bolt<\/a><\/strong> ezt a pr\u00e9mium modellt kedvez\u0151 nagykereskedelmi \u00e1ron kaphatja meg. Fedezze fel teljes k\u00edn\u00e1latunkat is! <strong><a href=\"https:\/\/apexvape.de\/hu\/product-category\/okso-vape\/\">OKSO VAPE sorozat<\/a><\/strong> innovat\u00edv funkci\u00f3kkal \u00e9s els\u0151 oszt\u00e1ly\u00fa min\u0151s\u00e9ggel. Gyorsan \u00e9s megb\u00edzhat\u00f3an sz\u00e1ll\u00edtunk, \u00e9s professzion\u00e1lis t\u00e1mogat\u00e1st ny\u00fajtunk v\u00e1llalkoz\u00e1s\u00e1nak.<\/p>","protected":false},"excerpt":{"rendered":"<div data-test-render-count=\"1\">\n<div class=\"group\">\n<div class=\"group relative pb-3\" data-is-streaming=\"false\">\n<div class=\"font-claude-response relative leading-[1.65rem] [&amp;_pre&gt;div]:bg-bg-000\/50 [&amp;_pre&gt;div]:border-0.5 [&amp;_pre&gt;div]:border-border-400 [&amp;_.ignore-pre-bg&gt;div]:bg-transparent [&amp;_.standard-markdown_:is(p,blockquote,h1,h2,h3,h4,h5,h6)]:pl-2 [&amp;_.standard-markdown_:is(p,blockquote,ul,ol,h1,h2,h3,h4,h5,h6)]:pr-8 [&amp;_.progressive-markdown_:is(p,blockquote,h1,h2,h3,h4,h5,h6)]:pl-2 [&amp;_.progressive-markdown_:is(p,blockquote,ul,ol,h1,h2,h3,h4,h5,h6)]:pr-8\">\n<div>\n<div class=\"standard-markdown grid-cols-1 grid gap-4 [&amp;_&gt;_*]:min-w-0 standard-markdown\">\n<p class=\"font-claude-response-body break-words whitespace-normal leading-[1.7]\">Die OKSO Double Flavor 60000 bietet 60.000 Z\u00fcge mit innovativem Dual-Tank-System (2\u00d725ml). Wechseln Sie m\u00fchelos zwischen zwei Aromen ohne Vermischung. Duale 0,8\u03a9 Mesh-Coils garantieren intensiven Geschmack, 650mAh USB-C Akku sorgt f\u00fcr Ganztagesleistung. LED-Display zeigt Akkustatus &amp; Modus an.<\/p>\n<\/div>\n<\/div>\n<\/div>\n<\/div>\n<div class=\"flex justify-start\" role=\"group\" aria-label=\"Message actions\">\n<div class=\"text-text-300\">\n<div class=\"text-text-300 flex items-stretch justify-between\">\n<div class=\"w-fit\" data-state=\"closed\">\n<div class=\"relative text-text-500 group-hover\/btn:text-text-100\">\n<div class=\"flex items-center justify-center transition-all opacity-100 scale-100\"><\/div>\n<div class=\"flex items-center justify-center absolute top-0 left-0 transition-all opacity-0 scale-50\"><\/div>\n<\/div>\n<\/div>\n<div class=\"w-fit\" data-state=\"closed\">\n<div class=\"flex items-center justify-center text-text-500 group-hover\/btn:text-text-100\"><\/div>\n<\/div>\n<div class=\"w-fit\" data-state=\"closed\">\n<div class=\"flex items-center justify-center text-text-500 group-hover\/btn:text-text-100\"><\/div>\n<\/div>\n<div class=\"flex items-center\">\n<div class=\"w-fit\" data-state=\"closed\">\n<div class=\"flex items-center justify-center text-text-500 group-hover\/btn:text-text-100\"><\/div>\n<\/div>\n<\/div>\n<\/div>\n<\/div>\n<\/div>\n<\/div>\n<\/div>\n<div class=\"h-px w-full pointer-events-none\" aria-hidden=\"true\"><\/div>\n","protected":false},"featured_media":5858,"comment_status":"open","ping_status":"closed","template":"","meta":[],"product_brand":[],"product_cat":[81],"product_tag":[],"class_list":{"0":"post-5847","1":"product","2":"type-product","3":"status-publish","4":"has-post-thumbnail","6":"product_cat-okso-vape","8":"first","9":"instock","10":"shipping-taxable","11":"purchasable","12":"product-type-variable"},"_links":{"self":[{"href":"https:\/\/apexvape.de\/hu\/wp-json\/wp\/v2\/product\/5847","targetHints":{"allow":["GET"]}}],"collection":[{"href":"https:\/\/apexvape.de\/hu\/wp-json\/wp\/v2\/product"}],"about":[{"href":"https:\/\/apexvape.de\/hu\/wp-json\/wp\/v2\/types\/product"}],"replies":[{"embeddable":true,"href":"https:\/\/apexvape.de\/hu\/wp-json\/wp\/v2\/comments?post=5847"}],"version-history":[{"count":0,"href":"https:\/\/apexvape.de\/hu\/wp-json\/wp\/v2\/product\/5847\/revisions"}],"wp:featuredmedia":[{"embeddable":true,"href":"https:\/\/apexvape.de\/hu\/wp-json\/wp\/v2\/media\/5858"}],"wp:attachment":[{"href":"https:\/\/apexvape.de\/hu\/wp-json\/wp\/v2\/media?parent=5847"}],"wp:term":[{"taxonomy":"product_brand","embeddable":true,"href":"https:\/\/apexvape.de\/hu\/wp-json\/wp\/v2\/product_brand?post=5847"},{"taxonomy":"product_cat","embeddable":true,"href":"https:\/\/apexvape.de\/hu\/wp-json\/wp\/v2\/product_cat?post=5847"},{"taxonomy":"product_tag","embeddable":true,"href":"https:\/\/apexvape.de\/hu\/wp-json\/wp\/v2\/product_tag?post=5847"}],"curies":[{"name":"wp","href":"https:\/\/api.w.org\/{rel}","templated":true}]}}