{"id":5788,"date":"2025-12-15T10:43:50","date_gmt":"2025-12-15T09:43:50","guid":{"rendered":"https:\/\/apexvape.de\/?post_type=product&#038;p=5788"},"modified":"2025-12-15T10:44:05","modified_gmt":"2025-12-15T09:44:05","slug":"okso-crystal-bar-800","status":"publish","type":"product","link":"https:\/\/apexvape.de\/hu\/product\/okso-crystal-bar-800\/","title":{"rendered":"OKSO Crystal Bar 800 sz\u00edv\u00e1sos eldobhat\u00f3 e-cigaretta"},"content":{"rendered":"<h1>OKSO Crystal Bar 800 Puffs | Mesh Coil, RGB LED, 0\u20135% nikotin egyszeri haszn\u00e1latos e-cigaretta nagykereskedelem<\/h1>\n<p>Az OKSO Crystal Bar 800 Puffs \u00e1lland\u00f3 teljes\u00edtm\u00e9nyt ny\u00fajt, ak\u00e1r 800 sz\u00edv\u00e1ssal, hossz\u00fa \u00e9lvezetet biztos\u00edtva kompakt, felhaszn\u00e1l\u00f3bar\u00e1t kialak\u00edt\u00e1sban. A rugalmas nikotinopci\u00f3k 0 %, 2 %, 3 % \u00e9s 5 % koncentr\u00e1ci\u00f3kban minden ig\u00e9nyt kiel\u00e9g\u00edtenek \u2013 a nikotinmentes g\u0151z\u00f6l\u00e9st\u0151l az intenz\u00edvebb \u00e9lm\u00e9nyekig. 2 ml kiv\u00e1l\u00f3 min\u0151s\u00e9g\u0171 e-liquiddel el\u0151re felt\u00f6ltve, egyszer\u0171 haszn\u00e1latot biztos\u00edt, an\u00e9lk\u00fcl, hogy bonyolult ut\u00e1nt\u00f6lt\u00e9sre vagy karbantart\u00e1sra lenne sz\u00fcks\u00e9g, \u00edgy t\u00f6k\u00e9letes v\u00e1laszt\u00e1s kezd\u0151k \u00e9s tapasztalt g\u0151z\u00f6l\u0151k sz\u00e1m\u00e1ra egyar\u00e1nt.<\/p>\n<h2>OKSO Crystal Bar 800 Puffs F\u0151bb jellemz\u0151k:<\/h2>\n<p>A fejlett Mesh Coil technol\u00f3gia jav\u00edtja mind az \u00edzpontoss\u00e1got, mind a g\u0151ztermel\u00e9st, \u00e9s minden slukk ut\u00e1n kellemes torok\u00e9rzetet biztos\u00edt. Ez az innovat\u00edv f\u0171t\u00e9si rendszer egyenletes h\u0151eloszl\u00e1st biztos\u00edt a tekercs teljes fel\u00fclet\u00e9n, maximaliz\u00e1lja az aroma kivon\u00e1s\u00e1t, \u00e9s az els\u0151t\u0151l az utols\u00f3 slukkig \u00e1lland\u00f3an intenz\u00edv \u00edzt biztos\u00edt. A kiv\u00e1l\u00f3 min\u0151s\u00e9g\u0171 tekercs kialak\u00edt\u00e1s megakad\u00e1lyozza a sz\u00e1raz slukkokat, \u00e9s optim\u00e1lis teljes\u00edtm\u00e9nyt biztos\u00edt a k\u00e9sz\u00fcl\u00e9k teljes \u00e9lettartama alatt.<\/p>\n<p>A megb\u00edzhat\u00f3 400 mAh-s akkumul\u00e1torral felszerelt k\u00e9sz\u00fcl\u00e9k \u00e1lland\u00f3 teljes\u00edtm\u00e9nyt ny\u00fajt, hogy teljes h\u00faz\u00f3er\u0151vel m\u0171k\u00f6dj\u00f6n, teljes\u00edtm\u00e9nyveszt\u00e9s n\u00e9lk\u00fcl. Az akkumul\u00e1tor t\u00f6k\u00e9letesen \u00fagy van be\u00e1ll\u00edtva, hogy az e-liquid teljes ki\u00fcr\u00fcl\u00e9s\u00e9ig kitartson, \u00edgy minden csepp \u00e9lvezetet kihozhat a k\u00e9sz\u00fcl\u00e9k\u00e9b\u0151l. Ez a hat\u00e9kony energiagazd\u00e1lkod\u00e1s kik\u00fcsz\u00f6b\u00f6li a korai akkumul\u00e1tor-meghib\u00e1sod\u00e1s okozta frusztr\u00e1ci\u00f3t.<\/p>\n<p>A felt\u0171n\u0151 RGB LED-es vil\u00e1g\u00edt\u00e1ssal ell\u00e1tott e-cigaretta \u00f6tv\u00f6zi a funkcionalit\u00e1st \u00e9s a kiv\u00e1l\u00f3 eszt\u00e9tik\u00e1t, \u00edgy st\u00edlusos g\u0151z\u00f6l\u00e9si \u00e9lm\u00e9nyt ny\u00fajt. A csomagol\u00e1sb\u00f3l kiv\u00e9ve azonnal haszn\u00e1latra k\u00e9sz, nem kell t\u00f6lteni vagy ut\u00e1nt\u00f6lteni \u2013 csak ki kell nyitni, \u00e9s m\u00e1ris \u00e9lvezheti. Ez a praktikus, eldobhat\u00f3 form\u00e1tum ide\u00e1lis utaz\u00e1shoz vagy a g\u0151z\u00f6l\u00e9s megkezd\u00e9s\u00e9hez.<\/p>\n<h2>M\u0171szaki adatok:<\/h2>\n<ul>\n<li><strong>Vonatok:<\/strong> Ak\u00e1r 800 slukk<\/li>\n<li><strong>Nikotin:<\/strong> 0 % \/ 2 % \/ 3 % \/ 5 %<\/li>\n<li><strong>E-folyad\u00e9k:<\/strong> 2 ml<\/li>\n<li><strong>Akkumul\u00e1tor:<\/strong> 400 mAh<\/li>\n<li><strong>Tekercs:<\/strong> H\u00e1l\u00f3s tekercs<\/li>\n<li><strong>Vil\u00e1g\u00edt\u00e1s:<\/strong> RGB LED<\/li>\n<li><strong>Nem \u00fajrat\u00f6lthet\u0151<\/strong><\/li>\n<li><strong>Csomagol\u00e1s:<\/strong> 10 darab\/csomag<\/li>\n<li><strong>\u00cdzek:<\/strong> 10 opci\u00f3<\/li>\n<\/ul>\n<h2>OKSO Crystal Bar 800 \u00cdzv\u00e1laszt\u00e9k:<\/h2>\n<ol>\n<li>menta<\/li>\n<li>\u0150szibarack j\u00e9gkr\u00e9m<\/li>\n<li>R\u00f3zsasz\u00edn citrom<\/li>\n<li>Tigrisv\u00e9r<\/li>\n<li>Sz\u0151l\u0151 Ice<\/li>\n<li>G\u00f6r\u00f6gdinnye j\u00e9g<\/li>\n<li>K\u00e9k Razz Ice<\/li>\n<li>\u0150szibarack Mang\u00f3 G\u00f6r\u00f6gdinnye<\/li>\n<li>Cseresznye Ice<\/li>\n<li>Eper j\u00e9gkr\u00e9m<\/li>\n<\/ol>\n<h2>Gyakran feltett k\u00e9rd\u00e9sek az OKSO Crystal Bar 800-r\u00f3l<\/h2>\n<p><strong>1. H\u00e1ny vonatot k\u00edn\u00e1l az OKSO Crystal Bar?<\/strong><\/p>\n<p>Ez az eszk\u00f6z ak\u00e1r 800 sz\u00edv\u00e1st is biztos\u00edt a hossz\u00fa \u00e9lvezet \u00e9rdek\u00e9ben, kompakt kivitelben, el\u0151re felt\u00f6ltve 2 ml kiv\u00e1l\u00f3 min\u0151s\u00e9g\u0171 e-liquiddel az egyszer\u0171 haszn\u00e1lat \u00e9rdek\u00e9ben.<\/p>\n<p><strong>2. Milyen nikotin opci\u00f3k \u00e1llnak rendelkez\u00e9sre ehhez az eldobhat\u00f3 e-cigarett\u00e1hoz?<\/strong><\/p>\n<p>A k\u00e9sz\u00fcl\u00e9k rugalmas nikotintartalommal rendelkezik, 0 %, 2 %, 3 % \u00e9s 5 % koncentr\u00e1ci\u00f3kban, \u00edgy kiel\u00e9g\u00edti a nikotinmentes g\u0151z\u00f6l\u00e9st\u0151l az intenz\u00edvebb \u00e9lm\u00e9nyig terjed\u0151 preferenci\u00e1kat.<\/p>\n<p><strong>3. Ez az e-cigaretta h\u00e1l\u00f3s tekercs technol\u00f3gi\u00e1t haszn\u00e1l?<\/strong><\/p>\n<p>Igen, fejlett h\u00e1l\u00f3s tekercs technol\u00f3gi\u00e1val rendelkezik, amely jav\u00edtja az \u00edzpontoss\u00e1got \u00e9s a g\u0151ztermel\u00e9st, mik\u00f6zben \u00e1lland\u00f3 teljes\u00edtm\u00e9ny mellett kellemes torok\u00e9rzetet biztos\u00edt.<\/p>\n<p><strong>4. Ezt a k\u00e9sz\u00fcl\u00e9ket haszn\u00e1lat el\u0151tt fel kell t\u00f6lteni?<\/strong><\/p>\n<p>Nem, a csomagol\u00e1sb\u00f3l kiv\u00e9ve azonnal haszn\u00e1latra k\u00e9sz, felt\u00f6lt\u00e9s vagy ut\u00e1nt\u00f6lt\u00e9s n\u00e9lk\u00fcl \u2013 egyszer\u0171en nyissa ki, \u00e9s \u00e9lvezze a 400 mAh-s akkumul\u00e1torral az azonnali \u00e9lm\u00e9nyt.<\/p>\n<p><strong>5. Milyen k\u00fcl\u00f6nleges tervez\u00e9si jellemz\u0151kkel rendelkezik ez az e-cigaretta?<\/strong><\/p>\n<p>A k\u00e9sz\u00fcl\u00e9k felt\u0171n\u0151 RGB LED-es vil\u00e1g\u00edt\u00e1ssal rendelkezik, amely \u00f6tv\u00f6zi a funkcionalit\u00e1st \u00e9s a kiv\u00e1l\u00f3 eszt\u00e9tik\u00e1t egy st\u00edlusos \u00e9s modern g\u0151z\u00f6l\u00e9si \u00e9lm\u00e9ny \u00e9rdek\u00e9ben.<\/p>\n<h2>Rendeljen most az Apex Vape-n\u00e1l<\/h2>\n<p>Az OKSO Crystal Bar 800 Puffs kompakt kialak\u00edt\u00e1s\u00e1val \u00e9s megb\u00edzhat\u00f3 teljes\u00edtm\u00e9ny\u00e9vel gy\u0151zi meg a felhaszn\u00e1l\u00f3kat. A mi <strong><a href=\"https:\/\/apexvape.de\/hu\/\">online \u00e1ruh\u00e1z<\/a><\/strong> nemcsak ezt a modellt, hanem sz\u00e1mos m\u00e1s pr\u00e9mium term\u00e9ket is vonz\u00f3 nagykereskedelmi \u00e1ron tal\u00e1l. B\u00f6ng\u00e9sszen teljes k\u00edn\u00e1latunkban! <strong><a href=\"https:\/\/apexvape.de\/hu\/product-category\/okso-vape\/\">OKSO VAPE term\u00e9kcsal\u00e1d<\/a><\/strong> \u00e9s \u00e9lvezze a gyors sz\u00e1ll\u00edt\u00e1s, a szak\u00e9rt\u0151 tan\u00e1csad\u00e1s \u00e9s az els\u0151 oszt\u00e1ly\u00fa viszontelad\u00f3i szolg\u00e1ltat\u00e1s el\u0151nyeit.<\/p>","protected":false},"excerpt":{"rendered":"<div data-test-render-count=\"1\">\n<div class=\"group\">\n<div class=\"group relative pb-3\" data-is-streaming=\"false\">\n<div class=\"font-claude-response relative leading-[1.65rem] [&amp;_pre&gt;div]:bg-bg-000\/50 [&amp;_pre&gt;div]:border-0.5 [&amp;_pre&gt;div]:border-border-400 [&amp;_.ignore-pre-bg&gt;div]:bg-transparent [&amp;_.standard-markdown_:is(p,blockquote,h1,h2,h3,h4,h5,h6)]:pl-2 [&amp;_.standard-markdown_:is(p,blockquote,ul,ol,h1,h2,h3,h4,h5,h6)]:pr-8 [&amp;_.progressive-markdown_:is(p,blockquote,h1,h2,h3,h4,h5,h6)]:pl-2 [&amp;_.progressive-markdown_:is(p,blockquote,ul,ol,h1,h2,h3,h4,h5,h6)]:pr-8\">\n<div>\n<div class=\"standard-markdown grid-cols-1 grid gap-4 [&amp;_&gt;_*]:min-w-0 standard-markdown\">\n<p class=\"font-claude-response-body break-words whitespace-normal leading-[1.7]\">Die OKSO Crystal Bar 800 Puffs \u00fcberzeugt mit fortschrittlicher Mesh-Coil-Technologie f\u00fcr intensiven Geschmack und sanften Throat-Hit. Das kompakte Einwegger\u00e4t bietet 2ml Premium-Liquid, 400mAh Akku und stylisches RGB-LED-Design. Sofort einsatzbereit ohne Aufladen \u2013 perfekt f\u00fcr unterwegs und Dampfeinsteiger.<\/p>\n<\/div>\n<\/div>\n<\/div>\n<\/div>\n<div class=\"flex justify-start\" role=\"group\" aria-label=\"Message actions\">\n<div class=\"text-text-300\">\n<div class=\"text-text-300 flex items-stretch justify-between\">\n<div class=\"w-fit\" data-state=\"closed\">\n<div class=\"relative text-text-500 group-hover\/btn:text-text-100\">\n<div class=\"flex items-center justify-center transition-all opacity-100 scale-100\"><\/div>\n<div class=\"flex items-center justify-center absolute top-0 left-0 transition-all opacity-0 scale-50\"><\/div>\n<\/div>\n<\/div>\n<div class=\"w-fit\" data-state=\"closed\">\n<div class=\"flex items-center justify-center text-text-500 group-hover\/btn:text-text-100\"><\/div>\n<\/div>\n<div class=\"w-fit\" data-state=\"closed\">\n<div class=\"flex items-center justify-center text-text-500 group-hover\/btn:text-text-100\"><\/div>\n<\/div>\n<div class=\"flex items-center\">\n<div class=\"w-fit\" data-state=\"closed\">\n<div class=\"flex items-center justify-center text-text-500 group-hover\/btn:text-text-100\"><\/div>\n<\/div>\n<\/div>\n<\/div>\n<\/div>\n<\/div>\n<\/div>\n<\/div>\n<div class=\"h-px w-full pointer-events-none\" aria-hidden=\"true\"><\/div>\n","protected":false},"featured_media":5789,"comment_status":"open","ping_status":"closed","template":"","meta":[],"product_brand":[],"product_cat":[81],"product_tag":[],"class_list":{"0":"post-5788","1":"product","2":"type-product","3":"status-publish","4":"has-post-thumbnail","6":"product_cat-okso-vape","8":"first","9":"instock","10":"shipping-taxable","11":"purchasable","12":"product-type-variable"},"_links":{"self":[{"href":"https:\/\/apexvape.de\/hu\/wp-json\/wp\/v2\/product\/5788","targetHints":{"allow":["GET"]}}],"collection":[{"href":"https:\/\/apexvape.de\/hu\/wp-json\/wp\/v2\/product"}],"about":[{"href":"https:\/\/apexvape.de\/hu\/wp-json\/wp\/v2\/types\/product"}],"replies":[{"embeddable":true,"href":"https:\/\/apexvape.de\/hu\/wp-json\/wp\/v2\/comments?post=5788"}],"version-history":[{"count":0,"href":"https:\/\/apexvape.de\/hu\/wp-json\/wp\/v2\/product\/5788\/revisions"}],"wp:featuredmedia":[{"embeddable":true,"href":"https:\/\/apexvape.de\/hu\/wp-json\/wp\/v2\/media\/5789"}],"wp:attachment":[{"href":"https:\/\/apexvape.de\/hu\/wp-json\/wp\/v2\/media?parent=5788"}],"wp:term":[{"taxonomy":"product_brand","embeddable":true,"href":"https:\/\/apexvape.de\/hu\/wp-json\/wp\/v2\/product_brand?post=5788"},{"taxonomy":"product_cat","embeddable":true,"href":"https:\/\/apexvape.de\/hu\/wp-json\/wp\/v2\/product_cat?post=5788"},{"taxonomy":"product_tag","embeddable":true,"href":"https:\/\/apexvape.de\/hu\/wp-json\/wp\/v2\/product_tag?post=5788"}],"curies":[{"name":"wp","href":"https:\/\/api.w.org\/{rel}","templated":true}]}}