{"id":5729,"date":"2025-12-15T10:33:57","date_gmt":"2025-12-15T09:33:57","guid":{"rendered":"https:\/\/apexvape.de\/?post_type=product&#038;p=5729"},"modified":"2025-12-15T10:34:39","modified_gmt":"2025-12-15T09:34:39","slug":"okso-3in1-70000","status":"publish","type":"product","link":"https:\/\/apexvape.de\/hu\/product\/okso-3in1-70000\/","title":{"rendered":"OKSO 3IN1 70000 sz\u00edv\u00e1sos eldobhat\u00f3 e-cigaretta"},"content":{"rendered":"<h1>OKSO 3IN1 70000 Puffs \u00dajrat\u00f6lthet\u0151 eldobhat\u00f3 e-cigaretta Nagykereskedelmi Alacsony nikotintartalom<\/h1>\n<p>Az OKSO 3IN1 70000 Puffs ipar\u00e1gvezet\u0151 70 000 sz\u00edv\u00e1s kapacit\u00e1st k\u00edn\u00e1l egyetlen eszk\u00f6zb\u0151l, ezzel jelent\u0151sen meghaladva a hagyom\u00e1nyos eldobhat\u00f3 e-cigarett\u00e1k \u00e9lettartam\u00e1t. Ez a kiv\u00e9teles tart\u00f3ss\u00e1g kiv\u00e1l\u00f3 \u00e1r-\u00e9rt\u00e9k ar\u00e1nyt biztos\u00edt, \u00e9s cs\u00f6kkenti a gyakori cser\u00e9k sz\u00fcks\u00e9gess\u00e9g\u00e9t, ami az egyik legk\u00f6lts\u00e9ghat\u00e9konyabb v\u00e1laszt\u00e1ss\u00e1 teszi a piacon. A 0 %, 2 %, 3 % \u00e9s 5 % rugalmas nikotintartalommal ez a k\u00e9sz\u00fcl\u00e9k a legk\u00fcl\u00f6nb\u00f6z\u0151bb felhaszn\u00e1l\u00f3i ig\u00e9nyeket szolg\u00e1lja ki \u2013 a nikotinmentes \u00e9lvezett\u0151l az intenz\u00edv torok\u00e9rz\u00e9sig.<\/p>\n<h2>OKSO 3IN1 70000 Puffs F\u0151bb jellemz\u0151k:<\/h2>\n<p>Az innovat\u00edv 3 az 1-ben \u00edzkapszula-rendszer lehet\u0151v\u00e9 teszi h\u00e1rom k\u00fcl\u00f6nb\u00f6z\u0151 \u00edzprofil k\u00f6z\u00f6tti v\u00e1lt\u00e1st egyetlen eszk\u00f6z\u00f6n bel\u00fcl, \u00e9s garant\u00e1lja a tart\u00f3s frissess\u00e9get \u00e9s v\u00e1ltozatoss\u00e1got az eg\u00e9sz g\u0151z\u00f6l\u00e9si \u00e9lm\u00e9ny sor\u00e1n. Ez a forradalmi t\u00f6bbtart\u00e1lyos kialak\u00edt\u00e1s lehet\u0151v\u00e9 teszi, hogy k\u00fcl\u00f6nb\u00f6z\u0151 \u00edzeket \u00e9lvezhessen an\u00e9lk\u00fcl, hogy t\u00f6bbf\u00e9le g\u0151z\u00f6l\u0151t kellene mag\u00e1val cipelnie \u2013 p\u00e1ratlan sokoldal\u00fas\u00e1got \u00e9s k\u00e9nyelmet biztos\u00edtva. Minden aroma k\u00fcl\u00f6n \u00e9s frissen marad, \u00edgy elker\u00fclhet\u0151 az \u00edzek kevered\u00e9se \u00e9s biztos\u00edthat\u00f3 az optim\u00e1lis \u00edzmin\u0151s\u00e9g.<\/p>\n<p>H\u00e1rom f\u00fcggetlen 16 ml-es kapszul\u00e1val a k\u00e9sz\u00fcl\u00e9k b\u0151s\u00e9ges e-liquid kapacit\u00e1st k\u00edn\u00e1l, amely hossz\u00fa t\u00e1v\u00fa haszn\u00e1latot \u00e9s eg\u00e9sz napos g\u0151z\u00f6l\u00e9st tesz lehet\u0151v\u00e9. Ez a nagy tart\u00e1ly cs\u00f6kkenti a gyakori ut\u00e1nt\u00f6lt\u00e9s vagy csere sz\u00fcks\u00e9gess\u00e9g\u00e9t, \u00edgy ide\u00e1lis intenz\u00edv felhaszn\u00e1l\u00f3k \u00e9s mindazok sz\u00e1m\u00e1ra, akik \u00e9rt\u00e9kelik a k\u00e9nyelmet. A nagy kapacit\u00e1s biztos\u00edtja, hogy a v\u00e1lasztott \u00edzprofil f\u00fcggetlen\u00fcl elegend\u0151 e-liquid \u00e1lljon rendelkez\u00e9sre.<\/p>\n<p>A be\u00e9p\u00edtett 650 mAh-s akkumul\u00e1torral \u00e9s USB Type-C gyors t\u00f6lt\u00e9si funkci\u00f3val ez az eszk\u00f6z megb\u00edzhat\u00f3 eg\u00e9sz napos teljes\u00edtm\u00e9nyt ny\u00fajt minim\u00e1lis le\u00e1ll\u00e1si id\u0151vel. Az energiahat\u00e9kony rendszer gyors t\u00f6lt\u00e9si ciklusokat tesz lehet\u0151v\u00e9, \u00edgy soha nem kell sok\u00e1ig n\u00e9lk\u00fcl\u00f6znie az e-cigarett\u00e1j\u00e1t. A jelent\u0151s akkumul\u00e1tor-kapacit\u00e1s \u00e9s a gyors t\u00f6lt\u00e9si technol\u00f3gia kombin\u00e1ci\u00f3ja maximaliz\u00e1lja a felhaszn\u00e1l\u00f3i \u00e9lm\u00e9nyt \u00e9s a k\u00e9nyelmet a modern g\u0151z\u00f6l\u0151k sz\u00e1m\u00e1ra.<\/p>\n<h2>M\u0171szaki adatok:<\/h2>\n<ul>\n<li><strong>Folyad\u00e9k kapacit\u00e1s:<\/strong> 16 ml \u00d7 3<\/li>\n<li><strong>Vonatok:<\/strong> 70 000 puff<\/li>\n<li><strong>Akkumul\u00e1tor:<\/strong> 650 mAh<\/li>\n<li><strong>Nikotin:<\/strong> 0 %, 2 %, 3 %, 5 %<\/li>\n<li><strong>Tekercs:<\/strong> H\u00e1l\u00f3s tekercs \u00d7 3<\/li>\n<li><strong>T\u00f6lt\u0151:<\/strong> USB Type-C \u00fajrat\u00f6lthet\u0151<\/li>\n<li><strong>Tervez\u00e9s:<\/strong> LED-kijelz\u0151<\/li>\n<li><strong>\u00cdzek:<\/strong> 10 el\u00e9rhet\u0151 aroma<\/li>\n<\/ul>\n<h2>OKSO 3IN1 70000 Puffs \u00cdzv\u00e1laszt\u00e9k:<\/h2>\n<ol>\n<li>\u00c1fonya, m\u00e1lna \/ bogy\u00f3s gy\u00fcm\u00f6lcs\u00f6k kever\u00e9ke \/ alma, \u0151szibarack<\/li>\n<li>G\u00f6r\u00f6gdinnye Ice \/ Mr Blue \/ Z\u00f6ld sz\u0151l\u0151 G\u00f6r\u00f6gdinnye<\/li>\n<li>Eper Ice \/ Jungle Juice \/ S\u00e1rk\u00e1nydinnye<\/li>\n<li>Sz\u0151l\u0151 Ice \/ Fekete ribizli Ice \/ Bogy\u00f3s gy\u00fcm\u00f6lcslekv\u00e1r<\/li>\n<li>Cseresznye Ice \/ K\u00e9t alma \/ Eper m\u00e1lna Cseresznye Ice<\/li>\n<li>L\u00e9d\u00fas \u0151szibarack \/ csereszny\u00e9s k\u00f3la \/ csereszny\u00e9s cukorka<\/li>\n<li>Eper-kiwi \/ g\u00f6r\u00f6gdinnye-r\u00e1g\u00f3gumi \/ h\u00e1rmas mang\u00f3 j\u00e9gkr\u00e9m<\/li>\n<li>Kivi Passi\u00f3gy\u00fcm\u00f6lcs Guava \/ Cola Ice \/ Passi\u00f3gy\u00fcm\u00f6lcs Mango Ice<\/li>\n<li>Anan\u00e1sz j\u00e9gkr\u00e9m \/ Eper g\u00f6r\u00f6gdinnye \/ Eper sz\u0151l\u0151<\/li>\n<li>Friss menta \/ citrom, lime \/ g\u00f6r\u00f6gdinnye mojito<\/li>\n<\/ol>\n<h2>Gyakran feltett k\u00e9rd\u00e9sek az OKSO 3IN1 70000 Puffs term\u00e9kkel kapcsolatban<\/h2>\n<p><strong>1. H\u00e1ny mozdulatot k\u00edn\u00e1l az OKSO 3IN1?<\/strong><\/p>\n<p>Ez az eszk\u00f6z ipar\u00e1gvezet\u0151 70 000 slukkot k\u00edn\u00e1l egyetlen egys\u00e9gb\u0151l, ezzel jelent\u0151sen fel\u00fclm\u00falja a hagyom\u00e1nyos eldobhat\u00f3 e-cigarett\u00e1kat, \u00e9s kiv\u00e9teles \u00e9rt\u00e9ket ny\u00fajt a cser\u00e9l\u00e9s gyakoris\u00e1g\u00e1nak cs\u00f6kken\u00e9s\u00e9vel.<\/p>\n<p><strong>2. Mi az a 3 az 1-ben \u00edzkapszula-rendszer?<\/strong><\/p>\n<p>Az innovat\u00edv Multi-Tank rendszer lehet\u0151v\u00e9 teszi h\u00e1rom k\u00fcl\u00f6nb\u00f6z\u0151 \u00edzprofil k\u00f6z\u00f6tti v\u00e1lt\u00e1st egy eszk\u00f6z\u00f6n bel\u00fcl, \u00e9s tart\u00f3s frissess\u00e9get \u00e9s v\u00e1ltozatoss\u00e1got biztos\u00edt an\u00e9lk\u00fcl, hogy t\u00f6bbf\u00e9le e-cigarett\u00e1t kellene mag\u00e1val hordania.<\/p>\n<p><strong>3. Mekkora az e-cigaretta e-liquid kapacit\u00e1sa?<\/strong><\/p>\n<p>H\u00e1rom f\u00fcggetlen 16 ml-es kapszul\u00e1val rendelkezik, amelyek b\u0151s\u00e9ges e-liquid kapacit\u00e1st biztos\u00edtanak, \u00edgy eg\u00e9sz napos g\u0151z\u00f6l\u00e9shez elegend\u0151ek, \u00e9s cs\u00f6kkenti a gyakori ut\u00e1nt\u00f6lt\u00e9s vagy cser\u00e9l\u00e9s sz\u00fcks\u00e9gess\u00e9g\u00e9t.<\/p>\n<p><strong>4. Milyen nikotintartalmak \u00e1llnak rendelkez\u00e9sre?<\/strong><\/p>\n<p>A k\u00e9sz\u00fcl\u00e9k 0 %, 2 %, 3 % \u00e9s 5 % nikotinkoncentr\u00e1ci\u00f3val kaphat\u00f3, \u00edgy a legk\u00fcl\u00f6nb\u00f6z\u0151bb ig\u00e9nyeknek is megfelel \u2013 a nikotinmentes \u00e9lvezett\u0151l az intenz\u00edv torok\u00e9rz\u00e9sig.<\/p>\n<p><strong>5. Hogyan lehet felt\u00f6lteni ezt az eldobhat\u00f3 e-cigarett\u00e1t?<\/strong><\/p>\n<p>650 mAh-s akkumul\u00e1torral m\u0171k\u00f6dik, USB Type-C gyors t\u00f6lt\u00e9si funkci\u00f3val, megb\u00edzhat\u00f3 eg\u00e9sz napos teljes\u00edtm\u00e9nyt ny\u00fajt, gyors t\u00f6lt\u00e9si ciklusokkal \u00e9s minim\u00e1lis le\u00e1ll\u00e1si id\u0151vel.<\/p>\n<h2>Tov\u00e1bbi inform\u00e1ci\u00f3k \u00e9s megrendel\u00e9s<\/h2>\n<p>Fedezze fel az OKSO 3IN1 70000 Puffs \u00e9s tov\u00e1bbi kiv\u00e1l\u00f3 min\u0151s\u00e9g\u0171 e-cigarett\u00e1kat k\u00edn\u00e1latunkban. L\u00e1togasson el weboldalunkra! <strong><a href=\"https:\/\/apexvape.de\/hu\/\">F\u0151oldal<\/a><\/strong> a teljes term\u00e9kv\u00e1laszt\u00e9k\u00e9rt, vagy fedezze fel sz\u00e9les k\u00f6r\u0171 <strong><a href=\"https:\/\/apexvape.de\/hu\/product-category\/okso-vape\/\">OKSO VAPE kollekci\u00f3<\/a><\/strong> minden el\u00e9rhet\u0151 OKSO modellel. Pr\u00e9mium min\u0151s\u00e9g\u0171 e-cigarett\u00e1k vezet\u0151 nagykeresked\u0151jek\u00e9nt kiv\u00e1l\u00f3 min\u0151s\u00e9get, gyors sz\u00e1ll\u00edt\u00e1st \u00e9s vonz\u00f3 felt\u00e9teleket k\u00edn\u00e1lunk \u00fczleti \u00fcgyfeleinknek.<\/p>","protected":false},"excerpt":{"rendered":"<div data-test-render-count=\"1\">\n<div class=\"group\">\n<div class=\"group relative pb-3\" data-is-streaming=\"false\">\n<div class=\"font-claude-response relative leading-[1.65rem] [&amp;_pre&gt;div]:bg-bg-000\/50 [&amp;_pre&gt;div]:border-0.5 [&amp;_pre&gt;div]:border-border-400 [&amp;_.ignore-pre-bg&gt;div]:bg-transparent [&amp;_.standard-markdown_:is(p,blockquote,h1,h2,h3,h4,h5,h6)]:pl-2 [&amp;_.standard-markdown_:is(p,blockquote,ul,ol,h1,h2,h3,h4,h5,h6)]:pr-8 [&amp;_.progressive-markdown_:is(p,blockquote,h1,h2,h3,h4,h5,h6)]:pl-2 [&amp;_.progressive-markdown_:is(p,blockquote,ul,ol,h1,h2,h3,h4,h5,h6)]:pr-8\">\n<div>\n<div class=\"standard-markdown grid-cols-1 grid gap-4 [&amp;_&gt;_*]:min-w-0 standard-markdown\">\n<p class=\"font-claude-response-body break-words whitespace-normal leading-[1.7]\">Die OKSO 3IN1 70000 revolutioniert das Dampferlebnis mit 70.000 Z\u00fcgen und innovativem 3-Pod-System. Wechseln Sie m\u00fchelos zwischen drei Geschmacksrichtungen in einem Ger\u00e4t. Mit 3\u00d716ml Tanks, 650mAh Schnellladeakku und flexiblen Nikotinst\u00e4rken (0-5%) bietet sie maximale Vielseitigkeit und Kosteneffizienz.<\/p>\n<\/div>\n<\/div>\n<\/div>\n<\/div>\n<div class=\"flex justify-start\" role=\"group\" aria-label=\"Message actions\">\n<div class=\"text-text-300\">\n<div class=\"text-text-300 flex items-stretch justify-between\">\n<div class=\"w-fit\" data-state=\"closed\">\n<div class=\"relative text-text-500 group-hover\/btn:text-text-100\">\n<div class=\"flex items-center justify-center transition-all opacity-100 scale-100\"><\/div>\n<div class=\"flex items-center justify-center absolute top-0 left-0 transition-all opacity-0 scale-50\"><\/div>\n<\/div>\n<\/div>\n<div class=\"w-fit\" data-state=\"closed\">\n<div class=\"flex items-center justify-center text-text-500 group-hover\/btn:text-text-100\"><\/div>\n<\/div>\n<div class=\"w-fit\" data-state=\"closed\">\n<div class=\"flex items-center justify-center text-text-500 group-hover\/btn:text-text-100\"><\/div>\n<\/div>\n<div class=\"flex items-center\">\n<div class=\"w-fit\" data-state=\"closed\">\n<div class=\"flex items-center justify-center text-text-500 group-hover\/btn:text-text-100\"><\/div>\n<\/div>\n<\/div>\n<\/div>\n<\/div>\n<\/div>\n<\/div>\n<\/div>\n<div class=\"h-px w-full pointer-events-none\" aria-hidden=\"true\"><\/div>\n","protected":false},"featured_media":5730,"comment_status":"open","ping_status":"closed","template":"","meta":[],"product_brand":[],"product_cat":[81],"product_tag":[],"class_list":{"0":"post-5729","1":"product","2":"type-product","3":"status-publish","4":"has-post-thumbnail","6":"product_cat-okso-vape","8":"first","9":"instock","10":"shipping-taxable","11":"purchasable","12":"product-type-variable"},"_links":{"self":[{"href":"https:\/\/apexvape.de\/hu\/wp-json\/wp\/v2\/product\/5729","targetHints":{"allow":["GET"]}}],"collection":[{"href":"https:\/\/apexvape.de\/hu\/wp-json\/wp\/v2\/product"}],"about":[{"href":"https:\/\/apexvape.de\/hu\/wp-json\/wp\/v2\/types\/product"}],"replies":[{"embeddable":true,"href":"https:\/\/apexvape.de\/hu\/wp-json\/wp\/v2\/comments?post=5729"}],"version-history":[{"count":0,"href":"https:\/\/apexvape.de\/hu\/wp-json\/wp\/v2\/product\/5729\/revisions"}],"wp:featuredmedia":[{"embeddable":true,"href":"https:\/\/apexvape.de\/hu\/wp-json\/wp\/v2\/media\/5730"}],"wp:attachment":[{"href":"https:\/\/apexvape.de\/hu\/wp-json\/wp\/v2\/media?parent=5729"}],"wp:term":[{"taxonomy":"product_brand","embeddable":true,"href":"https:\/\/apexvape.de\/hu\/wp-json\/wp\/v2\/product_brand?post=5729"},{"taxonomy":"product_cat","embeddable":true,"href":"https:\/\/apexvape.de\/hu\/wp-json\/wp\/v2\/product_cat?post=5729"},{"taxonomy":"product_tag","embeddable":true,"href":"https:\/\/apexvape.de\/hu\/wp-json\/wp\/v2\/product_tag?post=5729"}],"curies":[{"name":"wp","href":"https:\/\/api.w.org\/{rel}","templated":true}]}}