{"id":5671,"date":"2025-12-14T10:04:08","date_gmt":"2025-12-14T09:04:08","guid":{"rendered":"https:\/\/apexvape.de\/?post_type=product&#038;p=5671"},"modified":"2025-12-18T09:09:07","modified_gmt":"2025-12-18T08:09:07","slug":"elf-box-pulse-x-25000","status":"publish","type":"product","link":"https:\/\/apexvape.de\/hu\/product\/elf-box-pulse-x-25000\/","title":{"rendered":"ELF BOX PULSE X 25000 slukk egyszer haszn\u00e1latos e-cigaretta"},"content":{"rendered":"<h1>ELF BOX PULSE X 25000 slukk 0% 2% 3% 5% Alacsony nikotintartalom 3D \u00edvelt LED-kijelz\u0151 Nagykereskedelmi \u00fajrat\u00f6lthet\u0151 e-cigaretta Eldobhat\u00f3<\/h1>\n<p>Az ELF BOX PULSE X 25000 ak\u00e1r 25 000 sz\u00edv\u00e1st biztos\u00edt norm\u00e1l m\u00f3dban \u00e9s 15 000-et pulzus m\u00f3dban. Kett\u0151s h\u00e1l\u00f3s tekercsrendszerrel (0,8 ohm + 0,8 ohm), 18 ml e-liquid kapacit\u00e1ssal \u00e9s 750 mAh-s akkumul\u00e1torral rendelkezik, amely Type-C-vel t\u00f6lthet\u0151. 0%, 2%, 3% \u00e9s 5% nikotintartalommal kaphat\u00f3. Az innovat\u00edv funkci\u00f3k k\u00f6z\u00f6tt megtal\u00e1lhat\u00f3 a 3D \u00edvelt k\u00e9perny\u0151, az AI teljes\u00edtm\u00e9nybe\u00e1ll\u00edt\u00e1s, a Pulse Power, a Super Boost m\u00f3dok \u00e9s a VPU Inside technol\u00f3gia az optim\u00e1lis teljes\u00edtm\u00e9ny \u00e9rdek\u00e9ben. V\u00e1lasszon 10 k\u00fcl\u00f6nb\u00f6z\u0151 \u00edz k\u00f6z\u00fcl, praktikus 5 darabos csomagokban. Tapasztalja meg a legmodernebb vaping technol\u00f3gi\u00e1t, \u00e1lland\u00f3 \u00edzadagol\u00e1ssal \u00e9s eleg\u00e1ns diz\u00e1jnnal.<\/p>\n<h2>ELF BOX PULSE X 25000 sz\u00edv\u00e1s \u2013 Term\u00e9kle\u00edr\u00e1s<\/h2>\n<p>Az ELF BOX PULSE X 25000 sz\u00edv\u00e1sos eldobhat\u00f3 e-cigaretta a legjobb v\u00e1laszt\u00e1s azoknak a g\u0151z\u00f6l\u0151knek, akik er\u0151teljes \u00e9s prec\u00edz g\u0151z\u00f6l\u00e9si \u00e9lm\u00e9nyt ig\u00e9nyelnek. A legmodernebb technol\u00f3gi\u00e1val kifejlesztett innovat\u00edv eszk\u00f6z ak\u00e1r 25 000 sz\u00edv\u00e1st biztos\u00edt norm\u00e1l m\u00f3dban \u00e9s 15 000 sz\u00edv\u00e1st pulzus m\u00f3dban, \u00edgy hossz\u00fa \u00e9lvezetet garant\u00e1l, amely t\u00f6k\u00e9letesen igazodik az egy\u00e9ni preferenci\u00e1khoz \u00e9s a g\u0151z\u00f6l\u00e9si st\u00edlushoz.<\/p>\n<p>A fejlett Dual Mesh Coil rendszerrel (0,8 ohm + 0,8 ohm) felszerelt k\u00e9sz\u00fcl\u00e9k intenz\u00edv, tel\u00edtett \u00edzeket \u00e9s s\u0171r\u0171 g\u0151zt biztos\u00edt minden slukk ut\u00e1n. A b\u0151s\u00e9ges 18 ml-es e-liquid kapacit\u00e1s \u00e9s a 0%, 2%, 3% \u00e9s 5% nikotintartalommal egyar\u00e1nt kiel\u00e9g\u00edti az \u00faj \u00e9s a tapasztalt g\u0151z\u00f6l\u0151k ig\u00e9nyeit, m\u00edg a nagy teljes\u00edtm\u00e9ny\u0171, 750 mAh-s \u00fajrat\u00f6lthet\u0151 akkumul\u00e1tor Type-C t\u00f6lt\u00e9ssel biztos\u00edtja, hogy mindig k\u00e9szen \u00e1lljon a hosszabb haszn\u00e1latra.<\/p>\n<p>Ami igaz\u00e1n kiemeli ezt a k\u00e9sz\u00fcl\u00e9ket, azok az innovat\u00edv funkci\u00f3i, k\u00f6zt\u00fck a leny\u0171g\u00f6z\u0151 3D \u00edvelt k\u00e9perny\u0151 \u00e9s az AI Power Adjustment, amely automatikusan, val\u00f3s id\u0151ben optimaliz\u00e1lja a g\u0151z\u00f6l\u00e9si \u00e9lm\u00e9nyt. A Pulse Power \u00e9s a Super Boost m\u00f3dok extra lend\u00fcletet adnak, ha fokozott teljes\u00edtm\u00e9nyre van sz\u00fcks\u00e9g, m\u00edg a VPU Inside technol\u00f3gia \u00e1lland\u00f3 \u00edz\u00e9lm\u00e9nyt \u00e9s megb\u00edzhat\u00f3 teljes\u00edtm\u00e9nyt biztos\u00edt a k\u00e9sz\u00fcl\u00e9k leny\u0171g\u00f6z\u0151 \u00e9lettartama alatt.<\/p>\n<p>Eleg\u00e1ns, st\u00edlusos kialak\u00edt\u00e1s\u00e1val \u00e9s fejlett funkcionalit\u00e1s\u00e1val ez az eldobhat\u00f3 e-cigaretta t\u00f6k\u00e9letesen \u00f6tv\u00f6zi az eszt\u00e9tik\u00e1t \u00e9s a teljes\u00edtm\u00e9nyt. V\u00e1lasszon 10 k\u00fcl\u00f6nb\u00f6z\u0151, gondosan \u00f6ssze\u00e1ll\u00edtott \u00edz k\u00f6z\u00fcl, amelyek minden \u00edzl\u00e9snek megfelelnek, \u00e9s praktikus 5 darabos csomagokban kaphat\u00f3k. Fedezze fel a vaporiz\u00e1l\u00e1s j\u00f6v\u0151j\u00e9t, ahol a legmodernebb technol\u00f3gia p\u00e1ratlan \u00edzekkel tal\u00e1lkozik, \u00e9s a min\u0151s\u00e9g, a k\u00e9nyelem \u00e9s az innov\u00e1ci\u00f3 egy pr\u00e9mium csomagban egyes\u00fcl.<\/p>\n<h2>M\u0171szaki adatok:<\/h2>\n<p><strong>Norm\u00e1l m\u00f3d:<\/strong> 25 000 vonat<br \/>\n<strong>Impulzus m\u00f3d:<\/strong> 15 000 vonat<br \/>\n<strong>Kett\u0151s h\u00e1l\u00f3s tekercs:<\/strong> 0,8 ohm+0,8 ohm<br \/>\n<strong>E-folyad\u00e9k:<\/strong> 18 ml<br \/>\n<strong>Nikotin:<\/strong> 0% \/ 2% \/ 3% \/ 5%<br \/>\n<strong>Akkumul\u00e1tor:<\/strong> 750 mAh<br \/>\n<strong>3D \u00edvelt k\u00e9perny\u0151<\/strong><br \/>\n<strong>AI teljes\u00edtm\u00e9ny-be\u00e1ll\u00edt\u00e1s<\/strong><br \/>\n<strong>Impulzus teljes\u00edtm\u00e9ny, szuper boost<\/strong><br \/>\n<strong>T\u00f6lthet\u0151:<\/strong> C t\u00edpus<br \/>\n<strong>Csomagol\u00e1s:<\/strong> 5 darab\/csomag<\/p>\n<h2>ELF BOX PULSE X 25000 \u00edzek:<\/h2>\n<ol>\n<li>K\u00e9k Razz Ice<\/li>\n<li>Eper j\u00e9gkr\u00e9m<\/li>\n<li>Sz\u0151l\u0151j\u00e9g<\/li>\n<li>Peach Ice<\/li>\n<li>Csereszny\u00e9s sz\u00f3dav\u00edz<\/li>\n<li>Eper-g\u00f6r\u00f6gdinnye<\/li>\n<li>Lush Ice<\/li>\n<li>Red Bull<\/li>\n<li>Eper-ban\u00e1n<\/li>\n<li>Kivi Passi\u00f3gy\u00fcm\u00f6lcs<\/li>\n<\/ol>\n<h2>ELF BOX PULSE X 25000 \u2013 Gyakran ism\u00e9telt k\u00e9rd\u00e9sek<\/h2>\n<p><strong>1. H\u00e1ny slukkot lehet elsz\u00edvni ezzel az e-cigarett\u00e1val?<\/strong><br \/>\nA k\u00e9sz\u00fcl\u00e9k ak\u00e1r 25 000 sz\u00edv\u00e1st biztos\u00edt norm\u00e1l m\u00f3dban \u00e9s 15 000 sz\u00edv\u00e1st pulzus m\u00f3dban, \u00edgy hossz\u00fa \u00e9lvezetet garant\u00e1l.<\/p>\n<p><strong>2. Milyen nikotintartalmak \u00e1llnak rendelkez\u00e9sre?<\/strong><br \/>\n0%, 2%, 3% \u00e9s 5% nikotin opci\u00f3kban kaphat\u00f3, hogy kiel\u00e9g\u00edtse a k\u00fcl\u00f6nb\u00f6z\u0151 preferenci\u00e1kat \u00e9s g\u0151z\u00f6l\u00e9si ig\u00e9nyeket.<\/p>\n<p><strong>3. Mekkora az e-liquid kapacit\u00e1s \u00e9s az akkumul\u00e1tor kapacit\u00e1sa?<\/strong><br \/>\nA k\u00e9sz\u00fcl\u00e9k 18 ml e-liquid kapacit\u00e1ssal \u00e9s egy nagy teljes\u00edtm\u00e9ny\u0171, 750 mAh-s \u00fajrat\u00f6lthet\u0151 akkumul\u00e1torral rendelkezik, amely Type-C-csatlakoz\u00f3val t\u00f6lthet\u0151.<\/p>\n<p><strong>4. Milyen k\u00fcl\u00f6nleges funkci\u00f3k vannak benne?<\/strong><br \/>\nAz e-cigaretta 3D \u00edvelt k\u00e9perny\u0151vel, AI teljes\u00edtm\u00e9nybe\u00e1ll\u00edt\u00e1ssal, Pulse Power m\u00f3ddal, Super Boost m\u00f3ddal \u00e9s VPU Inside technol\u00f3gi\u00e1val rendelkezik az optim\u00e1lis teljes\u00edtm\u00e9ny \u00e9rdek\u00e9ben.<\/p>\n<p><strong>5. Milyen tekercsrendszert haszn\u00e1lnak?<\/strong><br \/>\nKett\u0151s h\u00e1l\u00f3s tekercs rendszert (0,8 ohm + 0,8 ohm) haszn\u00e1l az intenz\u00edv \u00edzek \u00e9s a s\u0171r\u0171 g\u0151ztermel\u00e9s \u00e9rdek\u00e9ben minden slukk ut\u00e1n.<\/p>\n<h2>Tov\u00e1bbi pr\u00e9mium term\u00e9kek az ApexVape-n\u00e9l<\/h2>\n<p>\u00c9rdekli az innovat\u00edv vaping technol\u00f3gia? A mi <strong><a href=\"https:\/\/apexvape.de\/hu\/\">honlap<\/a><\/strong> megtal\u00e1lja a vezet\u0151 gy\u00e1rt\u00f3k teljes v\u00e1laszt\u00e9k\u00e1t a kiv\u00e1l\u00f3 min\u0151s\u00e9g\u0171 e-cigarett\u00e1k \u00e9s g\u0151z\u00f6l\u0151 k\u00e9sz\u00fcl\u00e9kek ter\u00e9n. Az ELF BOX PULSE X csak egy a sok kiv\u00e1l\u00f3 term\u00e9k k\u00f6z\u00fcl a mi <strong><a href=\"https:\/\/apexvape.de\/hu\/product-category\/elf-box-vape\/\">ELF BOX VAPE kateg\u00f3ria<\/a><\/strong>, ahol tov\u00e1bbi cs\u00facsmodelleket tal\u00e1lhat k\u00fcl\u00f6nb\u00f6z\u0151 funkci\u00f3kkal, kapacit\u00e1sokkal \u00e9s \u00edzekkel. Az ApexVape a min\u0151s\u00e9get, a megb\u00edzhat\u00f3s\u00e1got \u00e9s az els\u0151 oszt\u00e1ly\u00fa szolg\u00e1ltat\u00e1st k\u00e9pviseli \u2013 gy\u0151z\u0151dj\u00f6n meg saj\u00e1t maga sz\u00e9les k\u00edn\u00e1latunkr\u00f3l, \u00e9s profit\u00e1ljon vonz\u00f3 nagykereskedelmi \u00e1rakb\u00f3l \u00e9s gyors sz\u00e1ll\u00edt\u00e1sb\u00f3l.<\/p>","protected":false},"excerpt":{"rendered":"<p class=\"font-claude-response-body break-words whitespace-normal leading-[1.7]\">Die ELF BOX PULSE X 25000 setzt neue Ma\u00dfst\u00e4be: bis zu 25.000 Z\u00fcge, Dual Mesh Coil System, 18ml Liquid und 750mAh Akku. Das 3D Curved Display, AI Power Adjustment und Pulse\/Super Boost Modi bieten maximale Performance. Erh\u00e4ltlich in 0-5% Nikotin und 10 Geschmacksrichtungen \u2013 Innovation trifft Genuss.<\/p>\n","protected":false},"featured_media":5672,"comment_status":"open","ping_status":"closed","template":"","meta":[],"product_brand":[],"product_cat":[80],"product_tag":[],"class_list":{"0":"post-5671","1":"product","2":"type-product","3":"status-publish","4":"has-post-thumbnail","6":"product_cat-elf-box-vape","8":"first","9":"instock","10":"shipping-taxable","11":"purchasable","12":"product-type-variable"},"_links":{"self":[{"href":"https:\/\/apexvape.de\/hu\/wp-json\/wp\/v2\/product\/5671","targetHints":{"allow":["GET"]}}],"collection":[{"href":"https:\/\/apexvape.de\/hu\/wp-json\/wp\/v2\/product"}],"about":[{"href":"https:\/\/apexvape.de\/hu\/wp-json\/wp\/v2\/types\/product"}],"replies":[{"embeddable":true,"href":"https:\/\/apexvape.de\/hu\/wp-json\/wp\/v2\/comments?post=5671"}],"version-history":[{"count":0,"href":"https:\/\/apexvape.de\/hu\/wp-json\/wp\/v2\/product\/5671\/revisions"}],"wp:featuredmedia":[{"embeddable":true,"href":"https:\/\/apexvape.de\/hu\/wp-json\/wp\/v2\/media\/5672"}],"wp:attachment":[{"href":"https:\/\/apexvape.de\/hu\/wp-json\/wp\/v2\/media?parent=5671"}],"wp:term":[{"taxonomy":"product_brand","embeddable":true,"href":"https:\/\/apexvape.de\/hu\/wp-json\/wp\/v2\/product_brand?post=5671"},{"taxonomy":"product_cat","embeddable":true,"href":"https:\/\/apexvape.de\/hu\/wp-json\/wp\/v2\/product_cat?post=5671"},{"taxonomy":"product_tag","embeddable":true,"href":"https:\/\/apexvape.de\/hu\/wp-json\/wp\/v2\/product_tag?post=5671"}],"curies":[{"name":"wp","href":"https:\/\/api.w.org\/{rel}","templated":true}]}}