{"id":5552,"date":"2025-12-13T15:26:40","date_gmt":"2025-12-13T14:26:40","guid":{"rendered":"https:\/\/apexvape.de\/?post_type=product&#038;p=5552"},"modified":"2026-02-27T09:26:15","modified_gmt":"2026-02-27T08:26:15","slug":"razz-bar-40000-with-screen","status":"publish","type":"product","link":"https:\/\/apexvape.de\/hu\/product\/razz-bar-40000-with-screen\/","title":{"rendered":"Razz Bar 40000 k\u00e9perny\u0151vel, eldobhat\u00f3 vape"},"content":{"rendered":"<h1>Razz Bar 40000 k\u00e9perny\u0151vel Alacsony nikotintartalom Nagykereskedelem Eredeti \u00fajrat\u00f6lthet\u0151 eldobhat\u00f3 e-cigaretta Nagykereskedelem<\/h1>\n<p>A Razz Bar 40000 with screen 40 000 sz\u00edv\u00e1st biztos\u00edt hosszabb g\u0151z\u00f6l\u00e9si \u00e9lm\u00e9nyhez. Intelligens kijelz\u0151vel rendelkezik, amely val\u00f3s id\u0151ben jelzi az akkumul\u00e1tor \u00e9s az e-liquid t\u00f6lt\u00f6tts\u00e9gi szintj\u00e9t, \u00edgy soha nem \u00e9rhet meglepet\u00e9s. A fejlett h\u00e1l\u00f3s tekercs technol\u00f3gia minden sz\u00edv\u00e1sn\u00e1l tiszta, \u00e1lland\u00f3 \u00edzt biztos\u00edt. \u00dajrat\u00f6lthet\u0151 650 mAh-s akkumul\u00e1torral m\u0171k\u00f6dik, Type-C gyorst\u00f6lt\u00e9ssel a gyors felt\u00f6lt\u00e9s \u00e9rdek\u00e9ben. 2% vagy 5% nikotintartalommal kaphat\u00f3 a l\u00e1gyabb sz\u00edv\u00e1sok\u00e9rt. Kompakt, st\u00edlusos kialak\u00edt\u00e1sa k\u00e9nyelmesen illeszkedik a k\u00e9zbe \u00e9s k\u00f6nnyen hordozhat\u00f3. A nagykereskedelmi csomagol\u00e1s 200 darabot tartalmaz kartononk\u00e9nt, ide\u00e1lis viszontelad\u00f3k \u00e9s forgalmaz\u00f3k sz\u00e1m\u00e1ra, akik kiv\u00e1l\u00f3 min\u0151s\u00e9g\u0171 eldobhat\u00f3 eszk\u00f6z\u00f6ket keresnek.<\/p>\n<h2>Razz Bar 40000 k\u00e9perny\u0151vel F\u0151bb jellemz\u0151k<\/h2>\n<p>A Razz Bar 40000 with screen rendk\u00edv\u00fcli tart\u00f3ss\u00e1got k\u00edn\u00e1l, ak\u00e1r 40 000 sz\u00edv\u00e1ssal, \u00e9s hosszabb g\u0151z\u00f6l\u00e9si id\u0151t biztos\u00edt a gyakori cser\u00e9k n\u00e9lk\u00fcl. Ez a leny\u0171g\u00f6z\u0151 kapacit\u00e1s \u00e1lland\u00f3 teljes\u00edtm\u00e9nyt garant\u00e1l hetekig tart\u00f3 megb\u00edzhat\u00f3 haszn\u00e1lat mellett, \u00edgy ide\u00e1lis v\u00e1laszt\u00e1s azoknak a g\u0151z\u00f6l\u0151knek, akik a k\u00e9nyelmet \u00e9s a tart\u00f3s min\u0151s\u00e9get helyezik el\u0151t\u00e9rbe a mindennapi g\u0151z\u00f6l\u00e9si \u00e9lm\u00e9ny\u00fckben.<\/p>\n<p>A Smart Display k\u00e9perny\u0151vel ell\u00e1tott k\u00e9sz\u00fcl\u00e9k val\u00f3s id\u0151ben t\u00e1j\u00e9koztatja \u00d6nt az akkumul\u00e1tor t\u00f6lt\u00f6tts\u00e9gi \u00e1llapot\u00e1r\u00f3l \u00e9s az e-liquid szintj\u00e9r\u0151l. Az intuit\u00edv felhaszn\u00e1l\u00f3i fel\u00fclet biztos\u00edtja, hogy soha ne \u00e9rje meglepet\u00e9sk\u00e9nt az akkumul\u00e1tor vagy a tart\u00e1ly lemer\u00fcl\u00e9se, \u00e9s lehet\u0151v\u00e9 teszi a haszn\u00e1lat hat\u00e9kony tervez\u00e9s\u00e9t. A fejlett h\u00e1l\u00f3s tekercs technol\u00f3gia minden slukk ut\u00e1n tiszta, tel\u00edtett \u00e9s \u00e1lland\u00f3 \u00edz\u00e9rzetet biztos\u00edt, \u00e9s az els\u0151t\u0151l az utols\u00f3 slukkig sima g\u0151zt \u00e9s gazdag \u00edzt ny\u00fajt.<\/p>\n<p>A 650 mAh-s \u00fajrat\u00f6lthet\u0151 akkumul\u00e1torral m\u0171k\u00f6d\u0151 k\u00e9sz\u00fcl\u00e9k eg\u00e9sz napos, egyenletes \u00e9s megb\u00edzhat\u00f3 energi\u00e1t biztos\u00edt. A praktikus Type-C gyors t\u00f6lt\u0151csatlakoz\u00f3 gyors \u00e9s hat\u00e9kony t\u00f6lt\u00e9st tesz lehet\u0151v\u00e9, minimaliz\u00e1lva az \u00fczemsz\u00fcneteket, \u00edgy gyorsan visszat\u00e9rhet a g\u0151z\u00f6l\u00e9shez. Alacsony nikotintartalm\u00fa v\u00e1ltozatokban kaphat\u00f3, 2% \u00e9s 5%, \u00edgy t\u00f6k\u00e9letes azoknak a g\u0151z\u00f6l\u0151knek, akik l\u00e1gyabb slukkokat prefer\u00e1lnak, de m\u00e9gis \u00e9lvezni szeretn\u00e9k a kiel\u00e9g\u00edt\u0151 torok\u00e9rzetet.<\/p>\n<p>A kompakt \u00e9s st\u00edlusos kialak\u00edt\u00e1snak k\u00f6sz\u00f6nhet\u0151en ez az e-cigaretta k\u00e9nyelmesen tarthat\u00f3 \u00e9s k\u00f6nnyen hordozhat\u00f3, b\u00e1rhov\u00e1 is m\u00e9sz. Karcs\u00fa profilja t\u00f6k\u00e9letesen illeszkedik a zsebekbe, an\u00e9lk\u00fcl, hogy n\u00f6veln\u00e9 a t\u00e9rfogatot, \u00e9s \u00f6tv\u00f6zi a hordozhat\u00f3s\u00e1got a modern eszt\u00e9tik\u00e1val. A nagykereskedelmi csomagol\u00e1s 200 darabot tartalmaz kartononk\u00e9nt, \u00edgy kiv\u00e1l\u00f3 v\u00e1laszt\u00e1s azoknak a viszontelad\u00f3knak \u00e9s forgalmaz\u00f3knak, akik magas min\u0151s\u00e9g\u0171, sokfunkci\u00f3s eldobhat\u00f3 e-cigarett\u00e1t szeretn\u00e9nek rakt\u00e1ron tartani.<\/p>\n<h2>Term\u00e9kle\u00edr\u00e1sok<\/h2>\n<p><strong>Vonatok:<\/strong> Ak\u00e1r 40 000 vonat<br \/>\n<strong>Kapacit\u00e1s:<\/strong> 36 ml el\u0151re felt\u00f6ltve<br \/>\n<strong>Nikotin:<\/strong> 2%\/5%<br \/>\n<strong>H\u00e1l\u00f3s tekercs:<\/strong> 1,0 \u03a9 h\u00e1l\u00f3s tekercs<br \/>\n<strong>Akkumul\u00e1tor:<\/strong> 650 mAh TYPE-C \u00fajrat\u00f6lthet\u0151<br \/>\n<strong>LED-kijelz\u0151<\/strong><br \/>\n<strong>\u00c1ll\u00edthat\u00f3 l\u00e9g\u00e1raml\u00e1s<\/strong><br \/>\n<strong>\u00cdzek:<\/strong> 16 \u00edz<br \/>\n<strong>S\u00faly:<\/strong> 103 g\/darab<br \/>\n<strong>Csomagol\u00e1s:<\/strong> 10 darab\/doboz<\/p>\n<h2>Razz Bar 40K k\u00e9perny\u0151vel \u00cdzek<\/h2>\n<ol>\n<li>Grape Burst (Sz\u0151l\u0151robban\u00e1s)<\/li>\n<li>Strawberry Ice (Eper j\u00e9gkr\u00e9m)<\/li>\n<li>Kiwi Passi\u00f3gy\u00fcm\u00f6lcs Guava (Kiwi Passi\u00f3gy\u00fcm\u00f6lcs Guava)<\/li>\n<li>Lemon Lime (citrom-lime)<\/li>\n<li>Peach Ice (\u0150szibarack j\u00e9gkr\u00e9m)<\/li>\n<li>Cherry Lemon (cseresznye-citrom)<\/li>\n<li>Lush Ice (Lush Ice)<\/li>\n<li>Skittles (Skittles)<\/li>\n<li>Eper-kivi (Erdbeere Kiwi)<\/li>\n<li>Pink Lemonade (r\u00f3zsasz\u00edn limon\u00e1d\u00e9)<\/li>\n<li>Anan\u00e1sz-k\u00f3kusz (anan\u00e1sz-k\u00f3kusz)<\/li>\n<li>Cola Ice (Cola j\u00e9g)<\/li>\n<li>Cool Mint (H\u0171s\u00edt\u0151 menta)<\/li>\n<li>Blueberry Ice (\u00e1fonya j\u00e9gkr\u00e9m)<\/li>\n<li>Gummy Bear (gumicuk)<\/li>\n<li>Mixed Berries (vegyes bogy\u00f3s gy\u00fcm\u00f6lcs\u00f6k)<\/li>\n<\/ol>\n<h2>Razz Bar 40K k\u00e9perny\u0151vel Gyakran ism\u00e9telt k\u00e9rd\u00e9sek<\/h2>\n<p><strong>1. H\u00e1ny mozdulatot k\u00edn\u00e1l a Razz Bar 40000 with screen?<\/strong><\/p>\n<p>Ez az eszk\u00f6z ak\u00e1r 40 000 sz\u00edv\u00e1st is biztos\u00edt, \u00e9s rendk\u00edv\u00fcli tart\u00f3ss\u00e1ggal rendelkezik a hosszabb g\u0151z\u00f6l\u00e9si munkamenetekhez. Leny\u0171g\u00f6z\u0151 kapacit\u00e1sa hetekig tart\u00f3 \u00e1lland\u00f3 teljes\u00edtm\u00e9nyt garant\u00e1l a gyakori cser\u00e9k n\u00e9lk\u00fcl, \u00edgy t\u00f6k\u00e9letes v\u00e1laszt\u00e1s azoknak a g\u0151z\u00f6l\u0151knek, akik \u00e9rt\u00e9kelik a k\u00e9nyelmet \u00e9s a megb\u00edzhat\u00f3s\u00e1got.<\/p>\n<p><strong>2. Mit mutat a Smart Display?<\/strong><\/p>\n<p>Az intelligens kijelz\u0151 val\u00f3s id\u0151ben figyeli mind az akkumul\u00e1tor t\u00f6lt\u00f6tts\u00e9gi szintj\u00e9t, mind az e-liquid szintj\u00e9t. Ez az intuit\u00edv funkci\u00f3 folyamatosan t\u00e1j\u00e9koztatja \u00d6nt, \u00e9s biztos\u00edtja, hogy soha ne \u00e9rje meglepet\u00e9sk\u00e9nt az akkumul\u00e1tor vagy a tart\u00e1ly lemer\u00fcl\u00e9se, \u00edgy hat\u00e9konyan tervezheti haszn\u00e1lat\u00e1t.<\/p>\n<p><strong>3. Milyen nikotintartalmak \u00e1llnak rendelkez\u00e9sre?<\/strong><\/p>\n<p>V\u00e1lasszon alacsony nikotintartalm\u00fa 2% vagy 5% opci\u00f3k k\u00f6z\u00fcl, hogy az \u00d6n ig\u00e9nyeinek megfeleljen. Ezek az er\u0151ss\u00e9gek t\u00f6k\u00e9letesek azoknak a g\u0151z\u00f6l\u0151knek, akik l\u00e1gyabb sz\u00edv\u00e1sokat prefer\u00e1lnak, de m\u00e9gis kiel\u00e9g\u00edt\u0151 torok\u00e9rzetet \u00e9s \u00edz\u00e9lm\u00e9nyt szeretn\u00e9nek \u00e9lvezni a g\u0151z\u00f6l\u00e9s sor\u00e1n.<\/p>\n<p><strong>4. Hogyan m\u0171k\u00f6dik az akkumul\u00e1tor \u00e9s a t\u00f6lt\u0151rendszer?<\/strong><\/p>\n<p>A 650 mAh-s \u00fajrat\u00f6lthet\u0151 akkumul\u00e1torral m\u0171k\u00f6d\u0151 e-cigaretta hossz\u00fa \u00e9lettartam\u00fa, egyenletes \u00e9s megb\u00edzhat\u00f3 energi\u00e1t biztos\u00edt. A Type-C gyors t\u00f6lt\u0151csatlakoz\u00f3 gyors \u00e9s hat\u00e9kony t\u00f6lt\u00e9st tesz lehet\u0151v\u00e9, minimaliz\u00e1lva az \u00fczemsz\u00fcneteket, \u00edgy hossz\u00fa v\u00e1rakoz\u00e1s n\u00e9lk\u00fcl folytathatja a g\u0151z\u00f6l\u00e9st.<\/p>\n<p><strong>5. Mi teszi k\u00fcl\u00f6nlegess\u00e9 a tekercs technol\u00f3gi\u00e1t?<\/strong><\/p>\n<p>A fejlett Mesh Coil technol\u00f3gia minden sz\u00edv\u00e1sn\u00e1l tiszta, teljes \u00e9s \u00e1lland\u00f3 \u00edz\u00e9lm\u00e9nyt biztos\u00edt. Ez a rendszer az els\u0151t\u0151l az utols\u00f3 sz\u00edv\u00e1sig l\u00e1gy g\u0151zt \u00e9s gazdag \u00edzt biztos\u00edt, \u00e9s a k\u00e9sz\u00fcl\u00e9k teljes 40 000 sz\u00edv\u00e1sos \u00e9lettartama alatt meg\u0151rzi a min\u0151s\u00e9get.<\/p>\n<h2>Az \u00d6n Razz Bar szakkeresked\u0151je, ApexVape<\/h2>\n<p>L\u00e1togasson el honlapunkra <strong><a href=\"https:\/\/apexvape.de\/hu\/\">honlap<\/a><\/strong> \u00e9s fedezze fel sz\u00e9les v\u00e1laszt\u00e9kunkat az egyszer haszn\u00e1latos e-cigarett\u00e1kb\u00f3l, amelyek minden ig\u00e9nyt \u00e9s k\u00f6lts\u00e9gvet\u00e9st kiel\u00e9g\u00edtenek. A teljes Razz Bar kollekci\u00f3t, az \u00f6sszes ki\u00e1ll\u00edt\u00e1si modellt \u00e9s technikai \u00faj\u00edt\u00e1st \u00e1ttekinthet\u0151en bemutatjuk a <strong><a href=\"https:\/\/apexvape.de\/hu\/product-category\/razz-bar-vape\/\">RAZZ BAR VAPE kateg\u00f3ria<\/a><\/strong>. Az ApexVape gyors sz\u00e1ll\u00edt\u00e1si id\u0151vel, rugalmas fizet\u00e9si lehet\u0151s\u00e9gekkel \u00e9s szem\u00e9lyre szabott tan\u00e1csad\u00e1ssal gy\u0151zi meg \u00fcgyfeleit \u2013 megb\u00edzhat\u00f3 partnere a sikeres e-cigaretta-kereskedelemben.<\/p>","protected":false},"excerpt":{"rendered":"<p class=\"font-claude-response-body break-words whitespace-normal leading-[1.7]\">Die Razz Bar 40000 with screen bietet 40.000 Z\u00fcge mit Smart-Display f\u00fcr Echtzeit-Status. Mit 36ml E-Liquid, 650mAh wiederaufladbarem Akku und Type-C-Schnellladung. Mesh-Coil-Technologie f\u00fcr konstanten Geschmack. Erh\u00e4ltlich in 2% &amp; 5% Nikotin, 16 Geschmacksrichtungen. Einstellbarer Airflow f\u00fcr personalisiertes Dampferlebnis.<\/p>\n","protected":false},"featured_media":5553,"comment_status":"open","ping_status":"closed","template":"","meta":[],"product_brand":[],"product_cat":[79],"product_tag":[],"class_list":{"0":"post-5552","1":"product","2":"type-product","3":"status-publish","4":"has-post-thumbnail","6":"product_cat-razz-bar-vape","8":"first","9":"instock","10":"shipping-taxable","11":"purchasable","12":"product-type-variable"},"_links":{"self":[{"href":"https:\/\/apexvape.de\/hu\/wp-json\/wp\/v2\/product\/5552","targetHints":{"allow":["GET"]}}],"collection":[{"href":"https:\/\/apexvape.de\/hu\/wp-json\/wp\/v2\/product"}],"about":[{"href":"https:\/\/apexvape.de\/hu\/wp-json\/wp\/v2\/types\/product"}],"replies":[{"embeddable":true,"href":"https:\/\/apexvape.de\/hu\/wp-json\/wp\/v2\/comments?post=5552"}],"version-history":[{"count":0,"href":"https:\/\/apexvape.de\/hu\/wp-json\/wp\/v2\/product\/5552\/revisions"}],"wp:featuredmedia":[{"embeddable":true,"href":"https:\/\/apexvape.de\/hu\/wp-json\/wp\/v2\/media\/5553"}],"wp:attachment":[{"href":"https:\/\/apexvape.de\/hu\/wp-json\/wp\/v2\/media?parent=5552"}],"wp:term":[{"taxonomy":"product_brand","embeddable":true,"href":"https:\/\/apexvape.de\/hu\/wp-json\/wp\/v2\/product_brand?post=5552"},{"taxonomy":"product_cat","embeddable":true,"href":"https:\/\/apexvape.de\/hu\/wp-json\/wp\/v2\/product_cat?post=5552"},{"taxonomy":"product_tag","embeddable":true,"href":"https:\/\/apexvape.de\/hu\/wp-json\/wp\/v2\/product_tag?post=5552"}],"curies":[{"name":"wp","href":"https:\/\/api.w.org\/{rel}","templated":true}]}}