{"id":5508,"date":"2025-12-13T15:19:24","date_gmt":"2025-12-13T14:19:24","guid":{"rendered":"https:\/\/apexvape.de\/?post_type=product&#038;p=5508"},"modified":"2026-02-27T09:27:09","modified_gmt":"2026-02-27T08:27:09","slug":"razz-bar-60000","status":"publish","type":"product","link":"https:\/\/apexvape.de\/hu\/product\/razz-bar-60000\/","title":{"rendered":"Razz Bar 60000 slukk eldobhat\u00f3 vape"},"content":{"rendered":"<h1>Razz Bar 60000 sz\u00edv\u00e1s Crystal Vape \u00fajrat\u00f6lthet\u0151 nagykereskedelmi nagykereskedelmi v\u00e1s\u00e1rl\u00e1s h\u00e1l\u00f3s tekercs<\/h1>\n<p>A Razz Bar 60000 rendk\u00edv\u00fcli 60 000 slukkot biztos\u00edt egy el\u0151re felt\u00f6lt\u00f6tt 20 ml-es tart\u00e1lyb\u00f3l, \u00edgy hosszabb ideig haszn\u00e1lhat\u00f3. Pr\u00e9mium krist\u00e1lykialak\u00edt\u00e1ssal rendelkezik, \u00e1tl\u00e1tsz\u00f3 h\u00e1zzal \u00e9s \u00edzspecifikus matric\u00e1kkal, ig\u00e9nyes st\u00edlus\u00faaknak. A fejlett h\u00e1l\u00f3s tekercs technol\u00f3gia gazdag \u00edzt \u00e9s l\u00e1gy g\u0151zt biztos\u00edt minden slukk ut\u00e1n. \u00dajrat\u00f6lthet\u0151 650 mAh-s akkumul\u00e1torral m\u0171k\u00f6dik, Type-C t\u00f6lt\u00e9ssel a k\u00e9nyelmes felt\u00f6lt\u00e9s \u00e9rdek\u00e9ben. 2% (20 mg) vagy 5% (50 mg) nikotins\u00f3-er\u0151ss\u00e9gben kaphat\u00f3. V\u00e1lasszon 16 n\u00e9pszer\u0171 \u00edz k\u00f6z\u00fcl, amelyek tart\u00f3s el\u00e9gedetts\u00e9get ny\u00fajtanak. T\u00f6k\u00e9letes azoknak a g\u0151z\u00f6l\u0151knek, akik maxim\u00e1lis kapacit\u00e1st, eleg\u00e1ns diz\u00e1jnt \u00e9s \u00e1lland\u00f3 teljes\u00edtm\u00e9nyt keresnek.<\/p>\n<h2>Razz Bar 60000 sz\u00edv\u00e1s F\u0151bb jellemz\u0151k<\/h2>\n<p>A Razz Bar 60000 p\u00e9ld\u00e1tlan sz\u00ednvonalat teremt a nagy kapacit\u00e1s\u00fa g\u0151z\u00f6l\u00e9s ter\u00e9n, \u00e9s rendk\u00edv\u00fcli 60 000 slukkot biztos\u00edt a nagym\u00e9ret\u0171, el\u0151re felt\u00f6lt\u00f6tt 20 ml-es tart\u00e1ly\u00e1b\u00f3l. Ez a kiv\u00e9teles tart\u00f3ss\u00e1g hossz\u00fa \u00e9lettartamot biztos\u00edt, amely messze meghaladja a tipikus eldobhat\u00f3 eszk\u00f6z\u00f6k\u00e9t, \u00e9s ide\u00e1lis v\u00e1laszt\u00e1ss\u00e1 teszi azok sz\u00e1m\u00e1ra, akik a k\u00e9nyelmet helyezik el\u0151t\u00e9rbe, \u00e9s minimaliz\u00e1lni szeretn\u00e9k az eszk\u00f6z\u00f6k cser\u00e9j\u00e9nek gyakoris\u00e1g\u00e1t, mik\u00f6zben hosszabb, megszak\u00edt\u00e1s n\u00e9lk\u00fcli g\u0151z\u00f6l\u00e9si \u00e9lm\u00e9nyt \u00e9lveznek.<\/p>\n<p>Pr\u00e9mium krist\u00e1lykialak\u00edt\u00e1ssal ell\u00e1tott k\u00e9sz\u00fcl\u00e9k\u00fcnk egys\u00e9ges, \u00e1tl\u00e1tsz\u00f3 burkolattal rendelkezik, amelyet st\u00edlusos, \u00edzl\u00e9ses matric\u00e1k eg\u00e9sz\u00edtenek ki, \u00edgy ig\u00e9nyes \u00e9s felt\u0171n\u0151 eszt\u00e9tik\u00e1t teremtve. Az eleg\u00e1ns kialak\u00edt\u00e1s nemcsak vizu\u00e1lis vonzer\u0151t ny\u00fajt, hanem lehet\u0151v\u00e9 teszi a felhaszn\u00e1l\u00f3k sz\u00e1m\u00e1ra, hogy egy pillant\u00e1ssal k\u00f6nnyen ellen\u0151rizz\u00e9k e-liquid szintj\u00fcket. Ez a modern tervez\u00e9si megk\u00f6zel\u00edt\u00e9s \u00f6tv\u00f6zi a funkcionalit\u00e1st a piack\u00e9pess\u00e9ggel, \u00e9s kiemelkedik az egyre versenyk\u00e9pesebb g\u0151zpiacon.<\/p>\n<p>A fejlett Mesh Coil technol\u00f3gia r\u00e9v\u00e9n a k\u00e9sz\u00fcl\u00e9k minden slukk ut\u00e1n gazdag \u00edz\u00e9lm\u00e9nyt \u00e9s l\u00e1gy g\u0151ztermel\u00e9st biztos\u00edt, \u00e9s leny\u0171g\u00f6z\u0151 \u00e9lettartama alatt \u00e1lland\u00f3 min\u0151s\u00e9get ny\u00fajt. Az \u00fajrat\u00f6lthet\u0151 650 mAh-s akkumul\u00e1tor megb\u00edzhat\u00f3 energi\u00e1t biztos\u00edt, \u00e9s k\u00e9nyelmesen felt\u00f6lthet\u0151 a Type-C csatlakoz\u00f3n kereszt\u00fcl, \u00edgy teljes 60 000 sz\u00edv\u00e1s \u00e9rhet\u0151 el teljes\u00edtm\u00e9nycs\u00f6kken\u00e9s n\u00e9lk\u00fcl. K\u00e9tf\u00e9le nikotinopci\u00f3ban kaphat\u00f3, 2% (20 mg) vagy 5% (50 mg) s\u00f3koncentr\u00e1ci\u00f3val, \u00edgy k\u00fcl\u00f6nb\u00f6z\u0151 felhaszn\u00e1l\u00f3i preferenci\u00e1knak \u00e9s el\u00e9gedetts\u00e9gi szinteknek felel meg.<\/p>\n<p>16 n\u00e9pszer\u0171 \u00e9s egyedi \u00edzzel, amelyek folyamatosan el\u00e9rhet\u0151k, ez az e-cigaretta sokf\u00e9le piaci ig\u00e9nyt \u00e9s \u00edzpreferenci\u00e1t kiel\u00e9g\u00edt. Minden \u00edz gondosan kidolgozott, hogy kiel\u00e9g\u00edt\u0151 \u00edz\u00e9lm\u00e9nyt ny\u00fajtson, amely az els\u0151t\u0151l az utols\u00f3 slukkig friss \u00e9s kellemes marad, \u00edgy a g\u0151z\u00f6l\u0151k mindig megtal\u00e1lhatj\u00e1k a kedvenc profiljukat, mik\u00f6zben \u00faj lehet\u0151s\u00e9geket fedeznek fel, amelyek izgalmass\u00e1 \u00e9s szem\u00e9lyre szabott\u00e1 teszik a g\u0151z\u00f6l\u00e9si \u00e9lm\u00e9ny\u00fcket.<\/p>\n<h2>Term\u00e9kle\u00edr\u00e1sok<\/h2>\n<p><strong>Vonatok:<\/strong> Ak\u00e1r 60 000 vonat<br \/>\n<strong>Nikotin er\u0151ss\u00e9ge:<\/strong> 2% \u00e9s 5%<br \/>\n<strong>Akkumul\u00e1tor:<\/strong> 650 mAh \u00fajrat\u00f6lthet\u0151<br \/>\n<strong>T\u00f6lt\u00e9s:<\/strong> C t\u00edpus\u00fa gyors t\u00f6lt\u00e9s<br \/>\n<strong>Tervez\u00e9s:<\/strong> Kompakt, hordozhat\u00f3, eldobhat\u00f3 e-cigaretta<br \/>\n<strong>\u00cdzek:<\/strong> 16 finom lehet\u0151s\u00e9g<br \/>\n<strong>Csomagol\u00e1s:<\/strong> 10 darab\/display doboz<\/p>\n<h2>Razz Bar 60000 sz\u00edv\u00e1s \u00edzek<\/h2>\n<ol>\n<li>Eper-ban\u00e1n (Erdbeere Banane)<\/li>\n<li>Juicy Peach Ice (L\u00e9d\u00fas \u0151szibarack j\u00e9gkr\u00e9m)<\/li>\n<li>Coco Loco (Coco Loco)<\/li>\n<li>Blueberry Sour Raspberry (\u00c1fonya-savany\u00fa m\u00e1lna)<\/li>\n<li>Cotton Candy (cukorgyapot)<\/li>\n<li>Gummy Bear (gumicuk)<\/li>\n<li>Blueberry Watermelon (\u00e1fonya-g\u00f6r\u00f6gdinnye)<\/li>\n<li>Lemon Peach Passion Fruit (citrom, \u0151szibarack, passi\u00f3gy\u00fcm\u00f6lcs)<\/li>\n<li>Black Ice Dragon Fruit Strawberry (Fekete j\u00e9g s\u00e1rk\u00e1nygy\u00fcm\u00f6lcs eper)<\/li>\n<li>Mixed Berries (vegyes bogy\u00f3s gy\u00fcm\u00f6lcs\u00f6k)<\/li>\n<li>Love 66 (Szerelem 66)<\/li>\n<li>Eper-kivi (Erdbeere Kiwi)<\/li>\n<li>Tropical Fruit (Tr\u00f3pusi gy\u00fcm\u00f6lcs)<\/li>\n<li>Eper-van\u00edlia k\u00f3la<\/li>\n<li>Lemon Lime (citrom-lime)<\/li>\n<li>Summer Dream (Ny\u00e1ri \u00e1lom)<\/li>\n<\/ol>\n<h2>Razz Bar 60000 sz\u00edv\u00e1s Gyakran ism\u00e9telt k\u00e9rd\u00e9sek<\/h2>\n<p><strong>1. H\u00e1ny slukkot ad a Razz Bar 60000?<\/strong><\/p>\n<p>Ez a nagy kapacit\u00e1s\u00fa eszk\u00f6z rendk\u00edv\u00fcli 60 000 slukkot biztos\u00edt a nagym\u00e9ret\u0171, el\u0151re felt\u00f6lt\u00f6tt 20 ml-es tart\u00e1ly\u00e1b\u00f3l. A rendk\u00edv\u00fcli tart\u00f3ss\u00e1g hossz\u00fa \u00e9lettartamot garant\u00e1l, ami minim\u00e1lisra cs\u00f6kkenti a gyakori cser\u00e9k sz\u00fcks\u00e9gess\u00e9g\u00e9t, \u00e9s t\u00f6k\u00e9letess\u00e9 teszi azok sz\u00e1m\u00e1ra, akik \u00e9rt\u00e9kelik a k\u00e9nyelmet \u00e9s a hosszabb g\u0151z\u00f6l\u00e9si id\u0151t.<\/p>\n<p><strong>2. Mi teszi k\u00fcl\u00f6nlegess\u00e9 a diz\u00e1jnt?<\/strong><\/p>\n<p>A k\u00e9sz\u00fcl\u00e9k pr\u00e9mium krist\u00e1ly kialak\u00edt\u00e1ssal rendelkezik, egys\u00e9ges \u00e1tl\u00e1tsz\u00f3 h\u00e1zzal \u00e9s st\u00edlusos, \u00edzl\u00e9ses matric\u00e1kkal. Ez az eleg\u00e1ns kialak\u00edt\u00e1s ig\u00e9nyes megjelen\u00e9st k\u00f6lcs\u00f6n\u00f6z, ugyanakkor lehet\u0151v\u00e9 teszi a felhaszn\u00e1l\u00f3k sz\u00e1m\u00e1ra, hogy egy pillant\u00e1ssal k\u00f6nnyed\u00e9n ellen\u0151rizz\u00e9k az e-liquid szintj\u00e9t, \u00edgy \u00f6tv\u00f6zve a vizu\u00e1lis vonzer\u0151t a praktikus funkcionalit\u00e1ssal.<\/p>\n<p><strong>3. Milyen nikotintartalmak \u00e1llnak rendelkez\u00e9sre?<\/strong><\/p>\n<p>V\u00e1lasszon a 2% (20 mg) vagy 5% (50 mg) s\u00f3koncentr\u00e1ci\u00f3j\u00fa kett\u0151s nikotinopci\u00f3k k\u00f6z\u00fcl az \u00d6n ig\u00e9nyeinek megfelel\u0151t. Ezek a rugalmas opci\u00f3k k\u00fcl\u00f6nb\u00f6z\u0151 felhaszn\u00e1l\u00f3i ig\u00e9nyeket szolg\u00e1lnak ki, f\u00fcggetlen\u00fcl att\u00f3l, hogy \u00d6n egy k\u00f6nnyebb \u00e9lm\u00e9nyt vagy egy er\u0151sebb nikotintartalmat prefer\u00e1l a maxim\u00e1lis el\u00e9gedetts\u00e9g \u00e9rdek\u00e9ben.<\/p>\n<p><strong>4. Hogyan m\u0171k\u00f6dik az akkumul\u00e1tor \u00e9s a t\u00f6lt\u00e9s?<\/strong><\/p>\n<p>A 650 mAh-s \u00fajrat\u00f6lthet\u0151 akkumul\u00e1torral m\u0171k\u00f6d\u0151 e-cigaretta k\u00e9nyelmesen felt\u00f6lthet\u0151 a Type-C csatlakoz\u00f3n kereszt\u00fcl. A megb\u00edzhat\u00f3 akkumul\u00e1tor biztos\u00edtja, hogy teljes sz\u00e1m\u00fa sz\u00edv\u00e1st \u00e9rhessen el teljes\u00edtm\u00e9nyprobl\u00e9m\u00e1k n\u00e9lk\u00fcl, \u00e9s hosszabb haszn\u00e1lat sor\u00e1n is \u00e1lland\u00f3 min\u0151s\u00e9get biztos\u00edt.<\/p>\n<p><strong>5. H\u00e1ny \u00edzv\u00e1laszt\u00e9k \u00e1ll rendelkez\u00e9sre?<\/strong><\/p>\n<p>16 n\u00e9pszer\u0171 \u00e9s egyedi \u00edzzel, amelyek folyamatosan el\u00e9rhet\u0151k, ez a k\u00e9sz\u00fcl\u00e9k sokf\u00e9le \u00edzl\u00e9snek megfelel. Minden \u00edz gondosan kidolgozott, hogy kiel\u00e9g\u00edt\u0151 \u00e9lm\u00e9nyt ny\u00fajtson, amely az els\u0151t\u0151l az utols\u00f3 slukkig friss \u00e9s kellemes marad, \u00e9s soksz\u00edn\u0171s\u00e9get k\u00edn\u00e1l minden g\u0151z\u00f6l\u0151nek.<\/p>\n<h2>Razz Bar Excellence az ApexVape-n\u00e9l<\/h2>\n<p>Fedezze fel a <strong><a href=\"https:\/\/apexvape.de\/hu\/\">honlap<\/a><\/strong> az innovat\u00edv Vape-term\u00e9kek teljes sk\u00e1l\u00e1ja a legmagasabb ig\u00e9nyeket is kiel\u00e9g\u00edti. A mi <strong><a href=\"https:\/\/apexvape.de\/hu\/product-category\/razz-bar-vape\/\">RAZZ BAR VAPE kateg\u00f3ria<\/a><\/strong> exkluz\u00edv hozz\u00e1f\u00e9r\u00e9st biztos\u00edt az \u00f6sszes Razz Bar modellhez \u2013 a bel\u00e9p\u0151 szint\u0171 k\u00e9sz\u00fcl\u00e9kt\u0151l a maxim\u00e1lis kapacit\u00e1s\u00fa pr\u00e9mium v\u00e1ltozatig. Az ApexVape-n\u00e9l k\u00f6zvetlen gy\u00e1rt\u00f3i kapcsolattart\u00e1s, \u00e1tl\u00e1that\u00f3 \u00e1rak \u00e9s \u00fcgyf\u00e9lszolg\u00e1lat \u00e1ll rendelkez\u00e9s\u00e9re, amely kompetensen v\u00e1laszol k\u00e9rd\u00e9seire.<\/p>","protected":false},"excerpt":{"rendered":"<p class=\"font-claude-response-body break-words whitespace-normal leading-[1.7]\">Die Razz Bar 60000 beeindruckt mit 60.000 Z\u00fcgen aus 20ml Tank und Premium-Kristall-Design. Mit 650mAh wiederaufladbarem Akku, Type-C-Ladung und Mesh-Coil-Technologie. Transparentes Geh\u00e4use mit geschmacksspezifischen Aufklebern. Erh\u00e4ltlich in 2% &amp; 5% Nikotin, 16 Geschmacksrichtungen. Eleganz trifft auf maximale Kapazit\u00e4t.<\/p>\n","protected":false},"featured_media":5509,"comment_status":"open","ping_status":"closed","template":"","meta":[],"product_brand":[],"product_cat":[79],"product_tag":[],"class_list":{"0":"post-5508","1":"product","2":"type-product","3":"status-publish","4":"has-post-thumbnail","6":"product_cat-razz-bar-vape","8":"first","9":"instock","10":"shipping-taxable","11":"purchasable","12":"product-type-variable"},"_links":{"self":[{"href":"https:\/\/apexvape.de\/hu\/wp-json\/wp\/v2\/product\/5508","targetHints":{"allow":["GET"]}}],"collection":[{"href":"https:\/\/apexvape.de\/hu\/wp-json\/wp\/v2\/product"}],"about":[{"href":"https:\/\/apexvape.de\/hu\/wp-json\/wp\/v2\/types\/product"}],"replies":[{"embeddable":true,"href":"https:\/\/apexvape.de\/hu\/wp-json\/wp\/v2\/comments?post=5508"}],"version-history":[{"count":0,"href":"https:\/\/apexvape.de\/hu\/wp-json\/wp\/v2\/product\/5508\/revisions"}],"wp:featuredmedia":[{"embeddable":true,"href":"https:\/\/apexvape.de\/hu\/wp-json\/wp\/v2\/media\/5509"}],"wp:attachment":[{"href":"https:\/\/apexvape.de\/hu\/wp-json\/wp\/v2\/media?parent=5508"}],"wp:term":[{"taxonomy":"product_brand","embeddable":true,"href":"https:\/\/apexvape.de\/hu\/wp-json\/wp\/v2\/product_brand?post=5508"},{"taxonomy":"product_cat","embeddable":true,"href":"https:\/\/apexvape.de\/hu\/wp-json\/wp\/v2\/product_cat?post=5508"},{"taxonomy":"product_tag","embeddable":true,"href":"https:\/\/apexvape.de\/hu\/wp-json\/wp\/v2\/product_tag?post=5508"}],"curies":[{"name":"wp","href":"https:\/\/api.w.org\/{rel}","templated":true}]}}