{"id":5462,"date":"2025-12-13T15:14:23","date_gmt":"2025-12-13T14:14:23","guid":{"rendered":"https:\/\/apexvape.de\/?post_type=product&#038;p=5462"},"modified":"2026-02-27T09:27:23","modified_gmt":"2026-02-27T08:27:23","slug":"razz-bar-50000","status":"publish","type":"product","link":"https:\/\/apexvape.de\/hu\/product\/razz-bar-50000\/","title":{"rendered":"Razz Bar 50000 sz\u00edv\u00e1sos eldobhat\u00f3 e-cigaretta"},"content":{"rendered":"<h1>Razz Bar 50000 sz\u00edv\u00e1s\u00fa eldobhat\u00f3 e-cigaretta<\/h1>\n<p>A Razz Bar 50000 rendk\u00edv\u00fcli 50 000 sz\u00edv\u00e1st biztos\u00edt fejlett h\u00e1l\u00f3s tekercs technol\u00f3gi\u00e1val, amely fokozott g\u0151ztermel\u00e9st \u00e9s gazdag \u00edzt biztos\u00edt. 2% \u00e9s 5% nikotintartalommal kaphat\u00f3, wobei 5% a legn\u00e9pszer\u0171bb v\u00e1ltozat. \u00dajrat\u00f6lthet\u0151 650 mAh-s akkumul\u00e1torral m\u0171k\u00f6dik, gyors Type-C t\u00f6lt\u00e9ssel a megb\u00edzhat\u00f3, folyamatos haszn\u00e1lat \u00e9rdek\u00e9ben. Az intelligens kijelz\u0151 val\u00f3s id\u0151ben mutatja az akkumul\u00e1tor \u00e9s az e-liquid szintj\u00e9t, \u00edgy mindig t\u00e1j\u00e9kozott maradhat. A h\u00e1l\u00f3s tekercsek nagyobb f\u0171t\u00e9si fel\u00fcletet biztos\u00edtanak a sim\u00e1bb, gazdagabb sz\u00edv\u00e1sokhoz. T\u00f6k\u00e9letes azoknak a g\u0151z\u00f6l\u0151knek, akik tart\u00f3s teljes\u00edtm\u00e9nyt, minim\u00e1lis cser\u00e9t \u00e9s intelligens fel\u00fcgyeleti funkci\u00f3kat keresnek.<\/p>\n<h2>Razz Bar 50000 sz\u00edv\u00e1s F\u0151bb jellemz\u0151k<\/h2>\n<p>A Razz Bar 50000 puffad\u00e1s rugalmas nikotinopci\u00f3kat k\u00edn\u00e1l 2% \u00e9s 5% er\u0151ss\u00e9gben, amelyek sokf\u00e9le felhaszn\u00e1l\u00f3i ig\u00e9nyt \u00e9s preferenci\u00e1t kiel\u00e9g\u00edtenek. Ak\u00e1r cs\u00f6kkenteni szeretn\u00e9 nikotinf\u00fcgg\u0151s\u00e9g\u00e9t, ak\u00e1r kiel\u00e9g\u00edt\u0151 cigaretta-helyettes\u00edt\u0151t keres, kiv\u00e1laszthatja a c\u00e9ljainak megfelel\u0151 szintet. A 5% (20 mg) nikotin opci\u00f3 tov\u00e1bbra is a legn\u00e9pszer\u0171bb v\u00e1laszt\u00e1s azok k\u00f6z\u00f6tt a g\u0151z\u00f6l\u0151k k\u00f6z\u00f6tt, akik er\u0151sebb nikotintartalmat prefer\u00e1lnak a maxim\u00e1lis el\u00e9gedetts\u00e9g \u00e9rdek\u00e9ben.<\/p>\n<p>Kiv\u00e9teles 50 000 sz\u00edv\u00e1ssal k\u00e9sz\u00fcl\u00e9kenk\u00e9nt ez az e-cigaretta \u00faj m\u00e9rc\u00e9t \u00e1ll\u00edt fel a hosszabb haszn\u00e1lat \u00e9s a k\u00e9nyelem ter\u00e9n. A leny\u0171g\u00f6z\u0151 sz\u00edv\u00e1si kapacit\u00e1s minim\u00e1lisra cs\u00f6kkenti a gyakori cser\u00e9k sz\u00fcks\u00e9gess\u00e9g\u00e9t, \u00edgy ide\u00e1lis azoknak a g\u0151z\u00f6l\u0151knek, akik \u00e9rt\u00e9kelik a tart\u00f3s teljes\u00edtm\u00e9nyt, \u00e9s el akarj\u00e1k ker\u00fclni a k\u00e9sz\u00fcl\u00e9kek \u00e1lland\u00f3 cser\u00e9j\u00e9nek f\u00e1radalm\u00e1t vagy azt, hogy v\u00e1ratlanul kifogyjanak a tartal\u00e9kok.<\/p>\n<p>A robusztus, \u00fajrat\u00f6lthet\u0151 650 mAh-s akkumul\u00e1tor \u00e9s a gyors Type-C t\u00f6lt\u00e9snek k\u00f6sz\u00f6nhet\u0151en ez az eszk\u00f6z megb\u00edzhat\u00f3 energi\u00e1t biztos\u00edt a nap folyam\u00e1n t\u00f6rt\u00e9n\u0151 folyamatos g\u0151z\u00f6l\u00e9shez. A gyors t\u00f6lt\u00e9si k\u00e9pess\u00e9g hordozhat\u00f3 \u00e9s k\u00e9nyelmes megold\u00e1st k\u00edn\u00e1l, amely minim\u00e1lis le\u00e1ll\u00e1si id\u0151vel biztos\u00edtja a g\u0151z\u00f6l\u00e9st. A fejlett h\u00e1l\u00f3s tekercs technol\u00f3gia nagyobb f\u0171t\u00e9si fel\u00fclettel fokozza mind a g\u0151ztermel\u00e9st, mind az \u00edz intenzit\u00e1s\u00e1t, \u00e9s minden slukk ut\u00e1n sim\u00e1bb, gazdagabb \u00e9lm\u00e9nyt ny\u00fajt.<\/p>\n<p>A Smart Screen kijelz\u0151 modern k\u00e9nyelmet biztos\u00edt azzal, hogy val\u00f3s id\u0151ben jelzi az olaj- \u00e9s akkumul\u00e1tor\u00e1llapotot. Ez az intuit\u00edv funkci\u00f3 lehet\u0151v\u00e9 teszi, hogy k\u00f6nnyed\u00e9n figyelemmel k\u00eds\u00e9rje k\u00e9sz\u00fcl\u00e9ke energia\u00e1llapot\u00e1t \u00e9s az e-liquid felhaszn\u00e1l\u00e1s\u00e1t, \u00edgy biztos\u00edtva, hogy soha ne \u00e9rje felk\u00e9sz\u00fcletlen\u00fcl a helyzet. A nagy kapacit\u00e1s, az intelligens fel\u00fcgyelet \u00e9s a kiv\u00e1l\u00f3 tekercstechnol\u00f3gia kombin\u00e1ci\u00f3ja a kezdetekt\u0151l a v\u00e9g\u00e9ig t\u00e1j\u00e9kozott \u00e9s kiel\u00e9g\u00edt\u0151 g\u0151z\u00f6l\u00e9si \u00e9lm\u00e9nyt biztos\u00edt.<\/p>\n<h2>M\u0171szaki adatok<\/h2>\n<p><strong>Vonatok:<\/strong> 50 000 vonat<br \/>\n<strong>Nikotin:<\/strong> 2%\/5%<br \/>\n<strong>Akkumul\u00e1tor:<\/strong> 650 mAh<br \/>\n<strong>Type-C \u00fajrat\u00f6lthet\u0151<\/strong><br \/>\n<strong>10 darab\/display doboz<\/strong><\/p>\n<h2>Razz Bar 50000 sz\u00edv\u00e1s \u00edzek<\/h2>\n<ol>\n<li>Raspberry Watermelon (m\u00e1lna-g\u00f6r\u00f6gdinnye)<\/li>\n<li>Strawberry Ice (Eper j\u00e9gkr\u00e9m)<\/li>\n<li>Red Bull Grape (Red Bull sz\u0151l\u0151)<\/li>\n<li>Tropical Fruit (Tr\u00f3pusi gy\u00fcm\u00f6lcs)<\/li>\n<li>Banana (ban\u00e1n)<\/li>\n<li>Blueberry Ice (\u00e1fonya j\u00e9gkr\u00e9m)<\/li>\n<li>Peach Ice (\u0150szibarack j\u00e9gkr\u00e9m)<\/li>\n<li>Anan\u00e1sz-k\u00f3kusz (anan\u00e1sz-k\u00f3kusz)<\/li>\n<li>Watermelon Ice (G\u00f6r\u00f6gdinnye j\u00e9gkr\u00e9m)<\/li>\n<li>Lemon Lime (citrom-lime)<\/li>\n<li>Eper-ban\u00e1n (Erdbeere Banane)<\/li>\n<li>Mr Blue (Mr Blue)<\/li>\n<li>Eper-g\u00f6r\u00f6gdinnye r\u00e1g\u00f3gumi<\/li>\n<li>Pink Lemonade (r\u00f3zsasz\u00edn limon\u00e1d\u00e9)<\/li>\n<li>Cherry Cola (csereszny\u00e9s k\u00f3la)<\/li>\n<li>Gummy Bear (gumicuk)<\/li>\n<\/ol>\n<h2>Razz Bar 50000 sz\u00edv\u00e1s Gyakran ism\u00e9telt k\u00e9rd\u00e9sek<\/h2>\n<p><strong>1. H\u00e1ny mozdulatot k\u00edn\u00e1l a Razz Bar 50000?<\/strong><\/p>\n<p>Ez a nagy kapacit\u00e1s\u00fa, eldobhat\u00f3 e-cigaretta rendk\u00edv\u00fcli 50 000 sz\u00edv\u00e1st biztos\u00edt k\u00e9sz\u00fcl\u00e9kenk\u00e9nt, ezzel \u00faj m\u00e9rc\u00e9t \u00e1ll\u00edtva a hosszabb haszn\u00e1lat \u00e9s a k\u00e9nyelem ter\u00e9n. A leny\u0171g\u00f6z\u0151 sz\u00edv\u00e1ssz\u00e1m minim\u00e1lisra cs\u00f6kkenti a gyakori cser\u00e9k sz\u00fcks\u00e9gess\u00e9g\u00e9t, \u00edgy t\u00f6k\u00e9letes azoknak a g\u0151z\u00f6l\u0151knek, akik \u00e9rt\u00e9kelik a tart\u00f3s teljes\u00edtm\u00e9nyt, \u00e9s el akarj\u00e1k ker\u00fclni, hogy folyamatosan k\u00e9sz\u00fcl\u00e9ket cser\u00e9ljenek, vagy v\u00e1ratlanul kifogyjanak a k\u00e9szlet\u00fckb\u0151l.<\/p>\n<p><strong>2. Milyen nikotintartalom-opci\u00f3k \u00e1llnak rendelkez\u00e9sre?<\/strong><\/p>\n<p>A k\u00e9sz\u00fcl\u00e9k rugalmas nikotinszinteket k\u00edn\u00e1l 2% \u00e9s 5% form\u00e1j\u00e1ban, amelyek kiel\u00e9g\u00edtik a felhaszn\u00e1l\u00f3k sokf\u00e9le ig\u00e9ny\u00e9t \u00e9s preferenci\u00e1it. Ak\u00e1r cs\u00f6kkenteni szeretn\u00e9 nikotinf\u00fcgg\u0151s\u00e9g\u00e9t, ak\u00e1r kiel\u00e9g\u00edt\u0151 cigaretta-helyettes\u00edt\u0151t keres, kiv\u00e1laszthatja a c\u00e9ljainak megfelel\u0151 er\u0151ss\u00e9get. Az 5% (20 mg) opci\u00f3 tov\u00e1bbra is a legn\u00e9pszer\u0171bb v\u00e1laszt\u00e1s azok k\u00f6z\u00f6tt a g\u0151z\u00f6l\u0151k k\u00f6z\u00f6tt, akik er\u0151sebb nikotintartalmat prefer\u00e1lnak.<\/p>\n<p><strong>3. Milyen t\u00edpus\u00fa akkumul\u00e1tort \u00e9s t\u00f6lt\u00e9si m\u00f3dot haszn\u00e1l a k\u00e9sz\u00fcl\u00e9k?<\/strong><\/p>\n<p>A robusztus, \u00fajrat\u00f6lthet\u0151 650 mAh-s akkumul\u00e1tor \u00e9s a gyors Type-C t\u00f6lt\u00e9si k\u00e9pess\u00e9gnek k\u00f6sz\u00f6nhet\u0151en ez az e-cigaretta megb\u00edzhat\u00f3 energi\u00e1t biztos\u00edt a nap folyam\u00e1n t\u00f6rt\u00e9n\u0151 folyamatos haszn\u00e1lathoz. A gyors t\u00f6lt\u00e9si funkci\u00f3 hordozhat\u00f3 \u00e9s k\u00e9nyelmes megold\u00e1st k\u00edn\u00e1l, amely minim\u00e1lis le\u00e1ll\u00e1si id\u0151vel biztos\u00edtja a folyamatos teljes\u00edtm\u00e9nyt, kompromisszumok n\u00e9lk\u00fcl.<\/p>\n<p><strong>4. Hogyan m\u0171k\u00f6dik a Mesh Coil technol\u00f3gia?<\/strong><\/p>\n<p>A fejlett h\u00e1l\u00f3s tekercs technol\u00f3gia n\u00f6veli mind a g\u0151ztermel\u00e9st, mind az \u00edz intenzit\u00e1s\u00e1t, mivel a hagyom\u00e1nyos tekercsekhez k\u00e9pest nagyobb f\u0171t\u0151fel\u00fcletet biztos\u00edt. Ez az innovat\u00edv kialak\u00edt\u00e1s minden slukk ut\u00e1n sim\u00e1bb, gazdagabb g\u0151z\u00e9lm\u00e9nyt ny\u00fajt, \u00e9s az els\u0151t\u0151l az utols\u00f3 slukkig \u00e1lland\u00f3 \u00edzt \u00e9s kiel\u00e9g\u00edt\u0151 g\u0151zfelh\u0151t biztos\u00edt.<\/p>\n<p><strong>5. Mi az a Smart Screen funkci\u00f3?<\/strong><\/p>\n<p>Az intuit\u00edv intelligens kijelz\u0151 egy pillanat alatt megmutatja az olaj \u00e9s az akkumul\u00e1tor val\u00f3s idej\u0171 \u00e1llapot\u00e1t, \u00edgy k\u00f6nnyed\u00e9n figyelemmel k\u00eds\u00e9rheti k\u00e9sz\u00fcl\u00e9ke energia\u00e1llapot\u00e1t \u00e9s az e-liquid felhaszn\u00e1l\u00e1s\u00e1t. Ez az intelligens funkci\u00f3 biztos\u00edtja, hogy soha ne \u00e9rje meglepet\u00e9sk\u00e9nt az akkumul\u00e1tor vagy a tart\u00e1ly lemer\u00fcl\u00e9se, \u00e9s a k\u00e9sz\u00fcl\u00e9k teljes \u00e9lettartama alatt t\u00e1j\u00e9kozottabb \u00e9s kiel\u00e9g\u00edt\u0151bb g\u0151z\u00f6l\u00e9si \u00e9lm\u00e9nyt biztos\u00edt.<\/p>\n<h2>Pr\u00e9mium Razz Bar term\u00e9kek az ApexVape-n\u00e9l<\/h2>\n<p>B\u00f6ng\u00e9sszen weboldalunkon <strong><a href=\"https:\/\/apexvape.de\/hu\/\">honlap<\/a><\/strong> teljes k\u00f6r\u0171, kiv\u00e1l\u00f3 min\u0151s\u00e9g\u0171 eldobhat\u00f3 e-cigaretta \u00e9s g\u0151z\u00f6l\u0151 kieg\u00e9sz\u00edt\u0151k k\u00edn\u00e1latunkkal. A leg\u00fajabb Razz Bar innov\u00e1ci\u00f3kat, k\u00fcl\u00f6nb\u00f6z\u0151 sz\u00edv\u00e1si kapacit\u00e1sokkal \u00e9s felszerelts\u00e9gi jellemz\u0151kkel, \u00e1ttekinthet\u0151en megtal\u00e1lja a <strong><a href=\"https:\/\/apexvape.de\/hu\/product-category\/razz-bar-vape\/\">RAZZ BAR VAPE kateg\u00f3ria<\/a><\/strong> \u2013 a kompakt modellekt\u0151l a nagy kapacit\u00e1s\u00fa k\u00e9sz\u00fcl\u00e9kekig. Az ApexVape garant\u00e1ltan eredeti term\u00e9keket, vonz\u00f3 mennyis\u00e9gi kedvezm\u00e9nyeket \u00e9s megb\u00edzhat\u00f3 sz\u00e1ll\u00edt\u00e1st k\u00edn\u00e1l N\u00e9metorsz\u00e1gban \u00e9s Eur\u00f3p\u00e1ban.<\/p>","protected":false},"excerpt":{"rendered":"<p class=\"font-claude-response-body break-words whitespace-normal leading-[1.7]\">Die Razz Bar 50000 beeindruckt mit 50.000 Z\u00fcgen und fortschrittlicher Mesh-Coil-Technologie. Mit 650mAh wiederaufladbarem Akku, Type-C-Schnellladung und Smart-Display f\u00fcr Echtzeit-Status. Erh\u00e4ltlich in 2% &amp; 5% Nikotin. Gr\u00f6\u00dfere Heizfl\u00e4che f\u00fcr sanftere, reichhaltigere Z\u00fcge. Perfekt f\u00fcr langanhaltende Performance mit intelligenter \u00dcberwachung.<\/p>\n","protected":false},"featured_media":5463,"comment_status":"open","ping_status":"closed","template":"","meta":[],"product_brand":[],"product_cat":[79],"product_tag":[],"class_list":{"0":"post-5462","1":"product","2":"type-product","3":"status-publish","4":"has-post-thumbnail","6":"product_cat-razz-bar-vape","8":"first","9":"instock","10":"shipping-taxable","11":"purchasable","12":"product-type-variable"},"_links":{"self":[{"href":"https:\/\/apexvape.de\/hu\/wp-json\/wp\/v2\/product\/5462","targetHints":{"allow":["GET"]}}],"collection":[{"href":"https:\/\/apexvape.de\/hu\/wp-json\/wp\/v2\/product"}],"about":[{"href":"https:\/\/apexvape.de\/hu\/wp-json\/wp\/v2\/types\/product"}],"replies":[{"embeddable":true,"href":"https:\/\/apexvape.de\/hu\/wp-json\/wp\/v2\/comments?post=5462"}],"version-history":[{"count":0,"href":"https:\/\/apexvape.de\/hu\/wp-json\/wp\/v2\/product\/5462\/revisions"}],"wp:featuredmedia":[{"embeddable":true,"href":"https:\/\/apexvape.de\/hu\/wp-json\/wp\/v2\/media\/5463"}],"wp:attachment":[{"href":"https:\/\/apexvape.de\/hu\/wp-json\/wp\/v2\/media?parent=5462"}],"wp:term":[{"taxonomy":"product_brand","embeddable":true,"href":"https:\/\/apexvape.de\/hu\/wp-json\/wp\/v2\/product_brand?post=5462"},{"taxonomy":"product_cat","embeddable":true,"href":"https:\/\/apexvape.de\/hu\/wp-json\/wp\/v2\/product_cat?post=5462"},{"taxonomy":"product_tag","embeddable":true,"href":"https:\/\/apexvape.de\/hu\/wp-json\/wp\/v2\/product_tag?post=5462"}],"curies":[{"name":"wp","href":"https:\/\/api.w.org\/{rel}","templated":true}]}}