{"id":5407,"date":"2025-12-13T15:04:10","date_gmt":"2025-12-13T14:04:10","guid":{"rendered":"https:\/\/apexvape.de\/?post_type=product&#038;p=5407"},"modified":"2026-02-27T09:27:34","modified_gmt":"2026-02-27T08:27:34","slug":"razz-bar-40000","status":"publish","type":"product","link":"https:\/\/apexvape.de\/hu\/product\/razz-bar-40000\/","title":{"rendered":"Razz Bar 40000 sz\u00edv\u00e1s\u00fa eldobhat\u00f3 vape"},"content":{"rendered":"<h1>Razz Bar 40000 sz\u00edv\u00e1sos eldobhat\u00f3 e-cigaretta 10 dupla \u00edzzel \u2013 650 mAh \u00fajrat\u00f6lthet\u0151<\/h1>\n<p>A Razz Bar 40000 rendk\u00edv\u00fcli 40 000 sz\u00edv\u00e1st biztos\u00edt k\u00e9sz\u00fcl\u00e9kenk\u00e9nt, innovat\u00edv kett\u0151s tart\u00e1lyos h\u00e1l\u00f3s tekercs technol\u00f3gi\u00e1val a fokozott g\u0151z \u00e9s az \u00e1lland\u00f3 \u00edz \u00e9rdek\u00e9ben. \u00dajrat\u00f6lthet\u0151 650 mAh-s akkumul\u00e1torral \u00e9s Type-C gyors t\u00f6lt\u00e9ssel m\u0171k\u00f6dik, minimaliz\u00e1lva az \u00fczemsz\u00fcneteket, mik\u00f6zben megb\u00edzhat\u00f3 teljes\u00edtm\u00e9nyt ny\u00fajt. V\u00e1lasszon 20 izgalmas kett\u0151s \u00edzkombin\u00e1ci\u00f3 k\u00f6z\u00fcl, hogy minden \u00edzl\u00e9snek megfeleljen. A fejlett h\u00e1l\u00f3s tekercs rendszer kik\u00fcsz\u00f6b\u00f6li a sz\u00e1raz sz\u00edv\u00e1sokat \u00e9s az \u00e9gett r\u00e9szeket, \u00e9s folyamatosan sima, kiel\u00e9g\u00edt\u0151 sz\u00edv\u00e1sokat biztos\u00edt. T\u00f6k\u00e9letes azoknak a g\u0151z\u00f6l\u0151knek, akik tart\u00f3s k\u00e9nyelmet keresnek a gyakori cser\u00e9k n\u00e9lk\u00fcl, \u00e9s kiv\u00e1l\u00f3 kapacit\u00e1st kombin\u00e1lnak gazdag \u00edzekkel \u00e9s s\u0171r\u0171 felh\u0151kkel.<\/p>\n<h2>Razz Bar 40000 sz\u00edv\u00e1s F\u0151bb jellemz\u0151k<\/h2>\n<p>A Razz Bar 40000 sz\u00edv\u00e1s \u00faj szabv\u00e1nyt \u00e1ll\u00edt fel az eldobhat\u00f3 e-cigarett\u00e1k \u00e9lettartam\u00e1t illet\u0151en, \u00e9s k\u00e9sz\u00fcl\u00e9kenk\u00e9nt rendk\u00edv\u00fcli 40 000 sz\u00edv\u00e1st biztos\u00edt. Ez a leny\u0171g\u00f6z\u0151 kapacit\u00e1s hossz\u00fa g\u0151z\u00f6l\u00e9si id\u0151t biztos\u00edt an\u00e9lk\u00fcl, hogy gyakran kellene cser\u00e9lni vagy ut\u00e1nt\u00f6lteni, \u00edgy t\u00f6k\u00e9letes v\u00e1laszt\u00e1s azok sz\u00e1m\u00e1ra, akik \u00e9rt\u00e9kelik a k\u00e9nyelmet \u00e9s a megb\u00edzhat\u00f3s\u00e1got a mindennapi haszn\u00e1lat sor\u00e1n.<\/p>\n<p>Innovat\u00edv kett\u0151s tart\u00e1lyrendszer\u00e9vel \u00e9s h\u00e1l\u00f3s tekercs technol\u00f3gi\u00e1j\u00e1val ez a k\u00e9sz\u00fcl\u00e9k fokozza a g\u0151ztermel\u00e9st, mik\u00f6zben az eg\u00e9sz \u00e9lettartama alatt \u00e1lland\u00f3 \u00edzhat\u00e1st biztos\u00edt. A fejlett tekercs kialak\u00edt\u00e1s garant\u00e1lja, hogy minden slukk sima \u00e9s kiel\u00e9g\u00edt\u0151 maradjon, kik\u00fcsz\u00f6b\u00f6li a sz\u00e1raz slukkokat \u00e9s az \u00e9gett r\u00e9szeket, \u00e9s s\u0171r\u0171, \u00edzletes felh\u0151ket hoz l\u00e9tre, amelyek m\u00e9g a legig\u00e9nyesebb g\u0151z\u00f6l\u0151k elv\u00e1r\u00e1sait is kiel\u00e9g\u00edtik.<\/p>\n<p>A robusztus, \u00fajrat\u00f6lthet\u0151 650 mAh-s akkumul\u00e1tor \u00e9s a Type-C t\u00f6lt\u00e9si k\u00e9pess\u00e9gnek k\u00f6sz\u00f6nhet\u0151en a k\u00e9sz\u00fcl\u00e9k gyors \u00e9s hat\u00e9kony t\u00f6lt\u00e9st biztos\u00edt, minim\u00e1lis le\u00e1ll\u00e1si id\u0151vel. A gyors t\u00f6lt\u0151csatlakoz\u00f3 biztos\u00edtja, hogy gyorsan visszat\u00e9rhessen a g\u0151z\u00f6l\u00e9shez, m\u00edg a megb\u00edzhat\u00f3 akkumul\u00e1tor a mozgalmas napok sor\u00e1n is \u00e1lland\u00f3 teljes\u00edtm\u00e9nyt biztos\u00edt, \u00e9s a hosszabb haszn\u00e1lathoz sz\u00fcks\u00e9ges kitart\u00e1st ny\u00fajtja an\u00e9lk\u00fcl, hogy a g\u0151z min\u0151s\u00e9ge romlana.<\/p>\n<p>20 izgalmas \u00edzkombin\u00e1ci\u00f3 k\u00f6z\u00fcl v\u00e1laszthatva a Razz Bar 40000 sokf\u00e9le \u00edzl\u00e9snek \u00e9s preferenci\u00e1nak megfelel. Minden gondosan \u00f6ssze\u00e1ll\u00edtott \u00edzkombin\u00e1ci\u00f3 egyed\u00fcl\u00e1ll\u00f3 \u00edz\u00e9lm\u00e9nyt ny\u00fajt, amely \u00e9rdekes \u00e9s kellemes \u00e9lm\u00e9nyt biztos\u00edt, \u00e9s olyan v\u00e1ltozatoss\u00e1got k\u00edn\u00e1l, amely mind az \u00faj \u00e9lm\u00e9nyeket keres\u0151 kalandos g\u0151z\u00f6l\u0151k, mind a klasszikus \u00edzprofilokat kedvel\u0151k sz\u00e1m\u00e1ra vonz\u00f3.<\/p>\n<h2>Term\u00e9kle\u00edr\u00e1sok<\/h2>\n<p><strong>Vonatok:<\/strong> 40 000 vonat<br \/>\n<strong>Akkumul\u00e1tor:<\/strong> 650 mAh \u00fajrat\u00f6lthet\u0151<br \/>\n<strong>T\u00f6lt\u00e9s:<\/strong> C t\u00edpus\u00fa gyors t\u00f6lt\u00e9s<br \/>\n<strong>Tekercs t\u00edpus:<\/strong> Kett\u0151s h\u00e1l\u00f3s tekercs<br \/>\n<strong>\u00cdzek:<\/strong> 20 dupla \u00edz<br \/>\n<strong>Term\u00e9k s\u00falya:<\/strong> 120 g<\/p>\n<h2>Razz Bar 40000 sz\u00edv\u00e1s \u00edzek<\/h2>\n<ol>\n<li>Blueberry Ice\/Love 66 (\u00c1fonya j\u00e9g\/Love 66)<\/li>\n<li>Lemon Lime\/Lush Ice (citrom-lime\/Lush Ice)<\/li>\n<li>Mixed Berries\/Watermelon Ice (Vegyes bogy\u00f3s gy\u00fcm\u00f6lcs\u00f6k\/g\u00f6r\u00f6gdinnye j\u00e9gkr\u00e9m)<\/li>\n<li>Peach Ice\/Blueberry Ice (\u0150szibarack j\u00e9gkr\u00e9m\/\u00c1fonya j\u00e9gkr\u00e9m)<\/li>\n<li>Eper-ban\u00e1n\/Red Bull j\u00e9gkr\u00e9m (Erdbeere Banane\/Red Bull Eis)<\/li>\n<li>Eper j\u00e9gkr\u00e9m\/vegyes bogy\u00f3s gy\u00fcm\u00f6lcs\u00f6k<\/li>\n<li>Eper-kiwi\/\u00e1fonya-savany\u00fa m\u00e1lna (Erdbeere Kiwi\/Blaubeere Saure Himbeere)<\/li>\n<li>Eper-g\u00f6r\u00f6gdinnye\/sz\u0151l\u0151 j\u00e9gkr\u00e9m<\/li>\n<li>Watermelon Ice\/Cola Ice (G\u00f6r\u00f6gdinnye j\u00e9g\/Cola j\u00e9g)<\/li>\n<li>Blue Razz Ice\/Strawberry Watermelon Bubble Gum (k\u00e9k m\u00e1lna j\u00e9g\/eper g\u00f6r\u00f6gdinnye r\u00e1g\u00f3gumi)<\/li>\n<li>Cseresznye-citrom\/\u00e1fonya-savany\u00fa m\u00e1lna (Cherry Lemon\/Blueberry Sour Raspberry)<\/li>\n<li>Pink Lemonade\/Blackberry Ice (R\u00f3zsasz\u00edn limon\u00e1d\u00e9\/szeder j\u00e9gkr\u00e9m)<\/li>\n<li>Lemon Lime\/Strawberry Kiwi (citrom-lime\/eper-kiwi)<\/li>\n<li>Juicy Peach Ice\/Pineapple Ice (L\u00e9d\u00fas \u0151szibarack j\u00e9gkr\u00e9m\/Anan\u00e1sz j\u00e9gkr\u00e9m)<\/li>\n<li>Kiwi Passi\u00f3gy\u00fcm\u00f6lcs Guava\/Anan\u00e1sz K\u00f3kusz (Kiwi Passi\u00f3gy\u00fcm\u00f6lcs Guava\/Anan\u00e1sz K\u00f3kusz)<\/li>\n<li>Skittles\/Grape Burst (Skittles\/Sz\u0151l\u0151 robban\u00e1s)<\/li>\n<li>Black Ice Dragon Fruit Strawberry\/Triple Melon (Fekete j\u00e9g s\u00e1rk\u00e1nygy\u00fcm\u00f6lcs eper\/h\u00e1romszoros dinnye)<\/li>\n<li>Summer Dream\/Strawberry Banana (Ny\u00e1ri \u00e1lom\/Eper-ban\u00e1n)<\/li>\n<li>Love 66\/Sour Apple (Love 66\/Savany\u00fa alma)<\/li>\n<li>Lemon Lime\/Fresh Mint (citrom-lime\/friss menta)<\/li>\n<\/ol>\n<h2>Razz Bar 40000 sz\u00edv\u00e1s Gyakran ism\u00e9telt k\u00e9rd\u00e9sek<\/h2>\n<p><strong>1. H\u00e1ny mozdulatot k\u00edn\u00e1l a Razz Bar 40000?<\/strong><\/p>\n<p>Ez a nagy kapacit\u00e1s\u00fa, eldobhat\u00f3 e-cigaretta rendk\u00edv\u00fcli 40 000 sz\u00edv\u00e1st biztos\u00edt egy eszk\u00f6z\u00f6nk\u00e9nt, ezzel \u00faj szabv\u00e1nyt teremtve a tart\u00f3ss\u00e1g ter\u00e9n. A leny\u0171g\u00f6z\u0151 sz\u00edv\u00e1ssz\u00e1m hossz\u00fa g\u0151z\u00f6l\u00e9si id\u0151t biztos\u00edt an\u00e9lk\u00fcl, hogy gyakran kellene cser\u00e9lni vagy ut\u00e1nt\u00f6lteni, \u00edgy ide\u00e1lis azoknak a g\u0151z\u00f6l\u0151knek, akik a k\u00e9nyelmet \u00e9s a tart\u00f3s teljes\u00edtm\u00e9nyt r\u00e9szes\u00edtik el\u0151nyben.<\/p>\n<p><strong>2. Mi az a kett\u0151s tart\u00e1ly technol\u00f3gia?<\/strong><\/p>\n<p>Innovat\u00edv kett\u0151s tart\u00e1lyrendszer\u00e9vel \u00e9s fejlett h\u00e1l\u00f3s tekercs technol\u00f3gi\u00e1j\u00e1val ez a k\u00e9sz\u00fcl\u00e9k fokozza a g\u0151ztermel\u00e9st, mik\u00f6zben \u00e1lland\u00f3 \u00edzhat\u00e1st biztos\u00edt. A h\u00e1l\u00f3s tekercs kialak\u00edt\u00e1s garant\u00e1lja, hogy minden slukk sima \u00e9s kiel\u00e9g\u00edt\u0151 legyen, kik\u00fcsz\u00f6b\u00f6li a sz\u00e1raz slukkokat \u00e9s az \u00e9gett r\u00e9szeket, \u00e9s a k\u00e9sz\u00fcl\u00e9k teljes \u00e9lettartama alatt s\u0171r\u0171, \u00edzletes felh\u0151ket hoz l\u00e9tre.<\/p>\n<p><strong>3. Hogyan m\u0171k\u00f6dik az akkumul\u00e1tor \u00e9s a t\u00f6lt\u0151rendszer?<\/strong><\/p>\n<p>Er\u0151s, \u00fajrat\u00f6lthet\u0151 650 mAh-s akkumul\u00e1torral m\u0171k\u00f6d\u0151 e-cigaretta, amely Type-C t\u00f6lt\u00e9ssel rendelkezik a gyors \u00e9s hat\u00e9kony felt\u00f6lt\u00e9s \u00e9rdek\u00e9ben. A gyors t\u00f6lt\u00e9si k\u00e9pess\u00e9g minim\u00e1lisra cs\u00f6kkenti az \u00fczemsz\u00fcneteket, \u00e9s lehet\u0151v\u00e9 teszi, hogy gyorsan visszat\u00e9rjen a g\u0151z\u00f6l\u00e9shez, mik\u00f6zben a forgalmas napok sor\u00e1n is \u00e1lland\u00f3 teljes\u00edtm\u00e9nyt biztos\u00edt, an\u00e9lk\u00fcl, hogy ez befoly\u00e1soln\u00e1 a g\u0151z min\u0151s\u00e9g\u00e9t vagy az \u00edz intenzit\u00e1s\u00e1t.<\/p>\n<p><strong>4. H\u00e1ny \u00edzv\u00e1laszt\u00e9k \u00e1ll rendelkez\u00e9sre?<\/strong><\/p>\n<p>V\u00e1lasszon 20 izgalmas kett\u0151s \u00edzkombin\u00e1ci\u00f3 k\u00f6z\u00fcl, amelyek sokf\u00e9le \u00edzl\u00e9snek \u00e9s preferenci\u00e1nak megfelelnek. Minden gondosan \u00f6ssze\u00e1ll\u00edtott \u00edzkombin\u00e1ci\u00f3 egyed\u00fcl\u00e1ll\u00f3 \u00edz\u00e9lm\u00e9nyt ny\u00fajt \u00e9s olyan v\u00e1ltozatoss\u00e1got k\u00edn\u00e1l, amely mind az \u00faj \u00e9lm\u00e9nyeket keres\u0151 kalandv\u00e1gy\u00f3 g\u0151z\u00f6l\u0151knek, mind azoknak tetszik, akik a klasszikus \u00edzprofilokat r\u00e9szes\u00edtik el\u0151nyben a folyamatosan kellemes \u00e9lm\u00e9ny \u00e9rdek\u00e9ben.<\/p>\n<p><strong>5. Mi k\u00fcl\u00f6nb\u00f6zteti meg ezt a k\u00e9sz\u00fcl\u00e9ket m\u00e1s eldobhat\u00f3 e-cigarett\u00e1kt\u00f3l?<\/strong><\/p>\n<p>A 40 000 sz\u00edv\u00e1s kapacit\u00e1s, a kett\u0151s tart\u00e1lyos h\u00e1l\u00f3s tekercsrendszer \u00e9s a Type-C t\u00f6lt\u00e9s\u0171 \u00fajrat\u00f6lthet\u0151 akkumul\u00e1tor kombin\u00e1ci\u00f3ja kiv\u00e1l\u00f3 g\u0151z\u00f6l\u00e9si \u00e9lm\u00e9nyt biztos\u00edt. Ez az eszk\u00f6z kik\u00fcsz\u00f6b\u00f6li a gyakori probl\u00e9m\u00e1kat, mint p\u00e9ld\u00e1ul az inkonzisztens \u00edz vagy a gyakori cser\u00e9k, \u00e9s megb\u00edzhat\u00f3, eg\u00e9sz napos teljes\u00edtm\u00e9nyt ny\u00fajt, sima g\u0151ztermel\u00e9ssel \u00e9s gazdag \u00edzzel az els\u0151t\u0151l az utols\u00f3 slukkig.<\/p>\n<h2>Razz Bar term\u00e9kv\u00e1laszt\u00e9k az ApexVape-n\u00e9l<\/h2>\n<p>Fedezze fel honlapunkon <strong><a href=\"https:\/\/apexvape.de\/hu\/\">honlap<\/a><\/strong> a pr\u00e9mium min\u0151s\u00e9g\u0171 eldobhat\u00f3 e-cigarett\u00e1k \u00e9s g\u0151zterm\u00e9kek sz\u00e9les v\u00e1laszt\u00e9k\u00e1t k\u00edn\u00e1ljuk minden ig\u00e9nynek megfelel\u0151en. A mi <strong><a href=\"https:\/\/apexvape.de\/hu\/product-category\/razz-bar-vape\/\">RAZZ BAR VAPE kateg\u00f3ria<\/a><\/strong> Bemutatjuk \u00d6nnek a teljes Razz Bar modellsorozatot, k\u00fcl\u00f6nb\u00f6z\u0151 kapacit\u00e1sokkal, \u00edzkombin\u00e1ci\u00f3kkal \u00e9s m\u0171szaki jellemz\u0151kkel. Ak\u00e1r kiskereskedelmi, ak\u00e1r nagykereskedelmi v\u00e1s\u00e1rl\u00e1sr\u00f3l van sz\u00f3 \u2013 az ApexVape garant\u00e1lja az eredeti term\u00e9keket, a tisztess\u00e9ges felt\u00e9teleket \u00e9s a kompetens tan\u00e1csad\u00e1st az \u00d6n sikeres \u00fczleti tev\u00e9kenys\u00e9g\u00e9hez.<\/p>","protected":false},"excerpt":{"rendered":"<p class=\"font-claude-response-body break-words whitespace-normal leading-[1.7]\">Die Razz Bar 40000 bietet au\u00dfergew\u00f6hnliche 40.000 Z\u00fcge mit Dual-Tank-Mesh-Coil-Technologie. Ausgestattet mit 650mAh wiederaufladbarem Akku und Type-C-Schnellladung. 20 Doppel-Geschmackskombinationen f\u00fcr vielf\u00e4ltigen Genuss. Eliminiert trockene Z\u00fcge, liefert dichte Wolken und konstanten Geschmack. Perfekt f\u00fcr Langzeitdampfer.<\/p>\n","protected":false},"featured_media":5408,"comment_status":"open","ping_status":"closed","template":"","meta":[],"product_brand":[],"product_cat":[79],"product_tag":[],"class_list":{"0":"post-5407","1":"product","2":"type-product","3":"status-publish","4":"has-post-thumbnail","6":"product_cat-razz-bar-vape","8":"first","9":"instock","10":"shipping-taxable","11":"purchasable","12":"product-type-variable"},"_links":{"self":[{"href":"https:\/\/apexvape.de\/hu\/wp-json\/wp\/v2\/product\/5407","targetHints":{"allow":["GET"]}}],"collection":[{"href":"https:\/\/apexvape.de\/hu\/wp-json\/wp\/v2\/product"}],"about":[{"href":"https:\/\/apexvape.de\/hu\/wp-json\/wp\/v2\/types\/product"}],"replies":[{"embeddable":true,"href":"https:\/\/apexvape.de\/hu\/wp-json\/wp\/v2\/comments?post=5407"}],"version-history":[{"count":0,"href":"https:\/\/apexvape.de\/hu\/wp-json\/wp\/v2\/product\/5407\/revisions"}],"wp:featuredmedia":[{"embeddable":true,"href":"https:\/\/apexvape.de\/hu\/wp-json\/wp\/v2\/media\/5408"}],"wp:attachment":[{"href":"https:\/\/apexvape.de\/hu\/wp-json\/wp\/v2\/media?parent=5407"}],"wp:term":[{"taxonomy":"product_brand","embeddable":true,"href":"https:\/\/apexvape.de\/hu\/wp-json\/wp\/v2\/product_brand?post=5407"},{"taxonomy":"product_cat","embeddable":true,"href":"https:\/\/apexvape.de\/hu\/wp-json\/wp\/v2\/product_cat?post=5407"},{"taxonomy":"product_tag","embeddable":true,"href":"https:\/\/apexvape.de\/hu\/wp-json\/wp\/v2\/product_tag?post=5407"}],"curies":[{"name":"wp","href":"https:\/\/api.w.org\/{rel}","templated":true}]}}