{"id":5360,"date":"2025-12-13T14:56:54","date_gmt":"2025-12-13T13:56:54","guid":{"rendered":"https:\/\/apexvape.de\/?post_type=product&#038;p=5360"},"modified":"2026-02-27T09:27:44","modified_gmt":"2026-02-27T08:27:44","slug":"razz-bar-30000","status":"publish","type":"product","link":"https:\/\/apexvape.de\/hu\/product\/razz-bar-30000\/","title":{"rendered":"Razz Bar 30000 sz\u00edv\u00e1sos eldobhat\u00f3 e-cigaretta"},"content":{"rendered":"<h1>Razz Bar 30000 30K sz\u00edv\u00e1s\u00fa eldobhat\u00f3 e-cigaretta kett\u0151s h\u00e1l\u00f3s tekercs \u00fajrat\u00f6lthet\u0151 2%, 5% nikotin nagykereskedelmi<\/h1>\n<p>A Razz Bar 30000 30K sz\u00edv\u00e1sos eldobhat\u00f3 e-cigaretta leny\u0171g\u00f6z\u0151 tart\u00f3ss\u00e1got k\u00edn\u00e1l, ak\u00e1r 30 000 sz\u00edv\u00e1ssal, \u00edgy t\u00f6k\u00e9letes hosszabb haszn\u00e1latra, gyakori cser\u00e9k n\u00e9lk\u00fcl. A Type-C t\u00f6lt\u00e9ssel rendelkez\u0151, \u00fajrat\u00f6lthet\u0151 650 mAh-s akkumul\u00e1torral m\u0171k\u00f6dik, kevesebb mint egy \u00f3ra alatt gyorsan felt\u00f6lthet\u0151, \u00edgy minim\u00e1lisra cs\u00f6kkenti az \u00fczemsz\u00fcneteket. A karcs\u00fa, k\u00f6nny\u0171 kialak\u00edt\u00e1s k\u00f6nnyed\u00e9n elf\u00e9r a zseb\u00e9ben, mik\u00f6zben az els\u0151t\u0151l az utols\u00f3 slukkig \u00e1lland\u00f3 \u00edzt biztos\u00edt.<\/p>\n<h2>Razz Bar 30000 sz\u00edv\u00e1s F\u0151bb jellemz\u0151k<\/h2>\n<p>Intelligens tekercs technol\u00f3gi\u00e1val ell\u00e1tott k\u00e9sz\u00fcl\u00e9k, amely minden slukk ut\u00e1n l\u00e1gy, egyenletes g\u0151zt termel. V\u00e1lasszon 16 finom \u00edz k\u00f6z\u00fcl, a gy\u00fcm\u00f6lcs\u00f6s bogy\u00f3s kever\u00e9kekt\u0151l a friss\u00edt\u0151 ment\u00e1s \u00edzekig, mindegyik 2% vagy 5% nikotintartalommal, hogy az \u00d6n \u00edzl\u00e9s\u00e9nek megfeleljen. A kett\u0151s \u00fczemm\u00f3d\u00fa rendszer lehet\u0151v\u00e9 teszi a norm\u00e1l \u00fczemm\u00f3dban t\u00f6rt\u00e9n\u0151 g\u0151z\u00f6l\u00e9st a teljes 30 000 sz\u00edv\u00e1sig, vagy a boost \u00fczemm\u00f3dra val\u00f3 \u00e1t\u00e1ll\u00e1st nagyobb felh\u0151k \u00e9s nagyobb intenzit\u00e1s \u00e9rdek\u00e9ben, ha sz\u00fcks\u00e9ges.<\/p>\n<p>A tart\u00f3ss\u00e1gra tervezett Razz Bar 30000 robusztus k\u00fcls\u0151 burkolattal rendelkezik, amely ellen\u00e1ll a karcol\u00e1soknak \u00e9s a s\u00e9r\u00fcl\u00e9seknek, ugyanakkor k\u00e9nyelmesen foghat\u00f3. T\u00f6bb sz\u00ednben kaphat\u00f3, az \u00e9l\u00e9nk v\u00f6r\u00f6s \u00e1rnyalatokt\u00f3l a h\u0171v\u00f6s k\u00e9k \u00e1rnyalatokig, \u00f6tv\u00f6zve a st\u00edlust a funkcionalit\u00e1ssal. Az ergon\u00f3mikus foganty\u00fa term\u00e9szetesen illeszkedik a k\u00e9zbe, \u00e9s k\u00e9nyelmes haszn\u00e1latot biztos\u00edt eg\u00e9sz nap, k\u00e9nyelmetlens\u00e9g n\u00e9lk\u00fcl.<\/p>\n<p>Az \u00edzmin\u0151s\u00e9g kiemeli ezt az e-cigarett\u00e1t gazdag, sokr\u00e9t\u0171 arom\u00e1kkal, amelyek frissek maradnak az eg\u00e9sz g\u0151z\u00f6l\u00e9si \u00e9lm\u00e9ny sor\u00e1n. Az egyenletesen meleged\u0151 tekercs megakad\u00e1lyozza az \u00e9gett slukkokat, \u00e9s s\u0171r\u0171 g\u0151zfelh\u0151ket biztos\u00edt, amelyek gyeng\u00e9d torok\u00e9rzetet ny\u00fajtanak. Ak\u00e1r a gy\u00fcm\u00f6lcs\u00f6s \u00edzeket, p\u00e9ld\u00e1ul a jeges jeg\u0171 m\u00e1ln\u00e1t, ak\u00e1r a klasszikus ment\u00e1t r\u00e9szes\u00edti el\u0151nyben \u2013 minden opci\u00f3 kiel\u00e9g\u00edt\u0151 \u00edzt \u00e9s \u00e1lland\u00f3 teljes\u00edtm\u00e9nyt ny\u00fajt, ami kellemes \u00e9lm\u00e9nyt biztos\u00edt a haszn\u00e1lat sor\u00e1n.<\/p>\n<h2>Term\u00e9kle\u00edr\u00e1sok<\/h2>\n<p><strong>Nikotin:<\/strong> 2% \u00e9s 5%<br \/>\n<strong>Vonatsz\u00e1m:<\/strong> Ak\u00e1r 30 000 vonat<br \/>\n<strong>Akkumul\u00e1tor:<\/strong> 650 mAh<br \/>\n<strong>Tekercs t\u00edpus:<\/strong> H\u00e1l\u00f3s tekercs<br \/>\n<strong>T\u00f6lt\u0151csatlakoz\u00f3:<\/strong> TYPE-C<\/p>\n<h2>Razz Bar 30000 sz\u00edv\u00e1s \u00edzek<\/h2>\n<ol>\n<li>Triple Melon (h\u00e1romszoros dinnye)<\/li>\n<li>Strawberry Ice (Eper j\u00e9gkr\u00e9m)<\/li>\n<li>Sour Apple (Savany\u00fa alma)<\/li>\n<li>Mango Peach Watermelon (mang\u00f3, \u0151szibarack, g\u00f6r\u00f6gdinnye)<\/li>\n<li>Eper-ban\u00e1n (Erdbeere Banane)<\/li>\n<li>Blueberry Ice (\u00e1fonya j\u00e9gkr\u00e9m)<\/li>\n<li>Juicy Peach Ice (L\u00e9d\u00fas \u0151szibarack j\u00e9gkr\u00e9m)<\/li>\n<li>Eper-kivi (Erdbeere Kiwi)<\/li>\n<li>Watermelon Ice (G\u00f6r\u00f6gdinnye j\u00e9gkr\u00e9m)<\/li>\n<li>Summer Dream (Ny\u00e1ri \u00e1lom)<\/li>\n<li>Eper-g\u00f6r\u00f6gdinnye (Erdbeere Wassermelone)<\/li>\n<li>Mixed Berries (vegyes bogy\u00f3s gy\u00fcm\u00f6lcs\u00f6k)<\/li>\n<li>Blue Razz Ice (k\u00e9k m\u00e1lna j\u00e9g)<\/li>\n<li>Lemon Lime (citrom-lime)<\/li>\n<li>Cola Ice (Cola j\u00e9g)<\/li>\n<li>Blackberry Ice (szeder j\u00e9gkr\u00e9m)<\/li>\n<\/ol>\n<h2>Razz Bar 30000 sz\u00edv\u00e1s Gyakran ism\u00e9telt k\u00e9rd\u00e9sek<\/h2>\n<p><strong>1. H\u00e1ny mozdulatot k\u00edn\u00e1l a Razz Bar 30000?<\/strong><\/p>\n<p>Ez a nagy kapacit\u00e1s\u00fa, eldobhat\u00f3 e-cigaretta norm\u00e1l m\u00f3dban leny\u0171g\u00f6z\u0151 30 000 slukkot biztos\u00edt, \u00edgy t\u00f6k\u00e9letes hosszabb haszn\u00e1latra, an\u00e9lk\u00fcl, hogy gyakran kellene cser\u00e9lni. A jelent\u0151s slukkok sz\u00e1ma biztos\u00edtja, hogy hetekig \u00e9lvezhesse az \u00e1lland\u00f3 \u00edzt \u00e9s teljes\u00edtm\u00e9nyt, m\u00edg a Boost m\u00f3d opci\u00f3 ak\u00e1r 10 000+ slukkot biztos\u00edt intenz\u00edvebb g\u0151ztermel\u00e9ssel.<\/p>\n<p><strong>2. Milyen akkumul\u00e1tor- \u00e9s t\u00f6lt\u00e9si funkci\u00f3kkal rendelkezik a k\u00e9sz\u00fcl\u00e9k?<\/strong><\/p>\n<p>Er\u0151teljes, \u00fajrat\u00f6lthet\u0151 650 mAh-s akkumul\u00e1torral ell\u00e1tott k\u00e9sz\u00fcl\u00e9k, amely a Type-C csatlakoz\u00f3n kereszt\u00fcl kevesebb mint egy \u00f3ra alatt gyorsan felt\u00f6lthet\u0151. A gyors t\u00f6lt\u00e9si funkci\u00f3 minim\u00e1lisra cs\u00f6kkenti az \u00fczemsz\u00fcneteket, \u00e9s lehet\u0151v\u00e9 teszi, hogy gyorsan folytathassa a g\u0151z\u00f6l\u00e9st. Az akkumul\u00e1tor megb\u00edzhat\u00f3an b\u00edrja a mozgalmas napokat, \u00e9s reggelt\u0151l estig \u00e1lland\u00f3 teljes\u00edtm\u00e9nyt biztos\u00edt.<\/p>\n<p><strong>3. H\u00e1ny \u00edz \u00e9s nikotin opci\u00f3 \u00e1ll rendelkez\u00e9sre?<\/strong><\/p>\n<p>V\u00e1lasszon 16 gondosan kidolgozott \u00edzprofil k\u00f6z\u00fcl, a gy\u00fcm\u00f6lcs\u00f6s bogy\u00f3s gy\u00fcm\u00f6lcs\u00f6k kever\u00e9k\u00e9t\u0151l a friss\u00edt\u0151 mentolos \u00edzekig, amelyek mindegyike gazdag, \u00f6sszetett \u00edz\u00e9lm\u00e9nyt ny\u00fajt. 2% \u00e9s 5% nikotintartalommal kaphat\u00f3, \u00edgy az \u00e9lm\u00e9nyt az \u00d6n preferenci\u00e1ihoz igaz\u00edthatja, \u00e9s mind az alkalmi, mind az intenz\u00edv felhaszn\u00e1l\u00f3k ig\u00e9nyeit kiel\u00e9g\u00edtheti.<\/p>\n<p><strong>4. Mi teszi k\u00fcl\u00f6nlegess\u00e9 a tekercs technol\u00f3gi\u00e1t?<\/strong><\/p>\n<p>A fejlett tekercstechnol\u00f3gia minden sz\u00edv\u00e1sn\u00e1l l\u00e1gy, egyenletes g\u0151zt termel, \u00e9s megakad\u00e1lyozza a sz\u00e1raz sz\u00edv\u00e1sokat \u00e9s az \u00e9gett r\u00e9szeket. Az egyenletesen meleg\u00edt\u0151 rendszer az eszk\u00f6z teljes \u00e9lettartama alatt \u00e1lland\u00f3 \u00edzt biztos\u00edt, \u00e9s s\u0171r\u0171 felh\u0151ket eredm\u00e9nyez, amelyek kiel\u00e9g\u00edt\u0151 torok\u00e9rzetet ny\u00fajtanak, de soha nem kem\u00e9nyek vagy t\u00fal er\u0151sek.<\/p>\n<p><strong>5. A kialak\u00edt\u00e1s hordhat\u00f3 \u00e9s tart\u00f3s?<\/strong><\/p>\n<p>Igen, ez az e-cigaretta karcs\u00fa, k\u00f6nny\u0171 kialak\u00edt\u00e1s\u00fa, k\u00f6nnyen elf\u00e9r a zsebben \u00e9s k\u00e9nyelmesen hordozhat\u00f3. A robusztus k\u00fcls\u0151 burkolat ellen\u00e1ll a karcol\u00e1soknak \u00e9s a s\u00e9r\u00fcl\u00e9seknek, m\u00edg az ergon\u00f3mikus foganty\u00fa k\u00e9nyelmes kezelhet\u0151s\u00e9get biztos\u00edt. T\u00f6bb sz\u00ednben kaphat\u00f3, az \u00e9l\u00e9nk v\u00f6r\u00f6s \u00e1rnyalatokt\u00f3l a h\u0171v\u00f6s k\u00e9k \u00e1rnyalatokig, \u00f6tv\u00f6zve a praktikus funkcionalit\u00e1st a szem\u00e9lyes st\u00edlussal.<\/p>\n<h2>Fedezze fel az ApexVape tov\u00e1bbi Razz Bar modelljeit<\/h2>\n<p>\u00c9rdekelnek tov\u00e1bbi pr\u00e9mium vape term\u00e9kek? A mi <strong><a href=\"https:\/\/apexvape.de\/hu\/\">honlap<\/a><\/strong> tal\u00e1lja meg teljes v\u00e1laszt\u00e9kunkat innovat\u00edv eldobhat\u00f3 e-cigarett\u00e1kb\u00f3l \u00e9s g\u0151z\u00f6l\u0151 eszk\u00f6z\u00f6kb\u0151l, minden \u00edzl\u00e9snek megfelel\u0151en. A teljes Razz Bar term\u00e9kpaletta minden modellj\u00e9vel, \u00edz\u00e9vel \u00e9s nikotintartalm\u00e1val k\u00e9nyelmesen megtekinthet\u0151 web\u00e1ruh\u00e1zunkban. <strong><a href=\"https:\/\/apexvape.de\/hu\/product-category\/razz-bar-vape\/\">RAZZ BAR VAPE kateg\u00f3ria<\/a><\/strong> b\u00f6ng\u00e9sszen. Az ApexVape megb\u00edzhat\u00f3 partnere az eredeti m\u00e1rkaterm\u00e9kek, versenyk\u00e9pes nagykereskedelmi \u00e1rak \u00e9s professzion\u00e1lis szolg\u00e1ltat\u00e1sok ter\u00e9n \u2013 t\u00f6k\u00e9letes v\u00e1laszt\u00e1s keresked\u0151k \u00e9s ig\u00e9nyes e-cigaretta-haszn\u00e1l\u00f3k sz\u00e1m\u00e1ra egyar\u00e1nt.<\/p>","protected":false},"excerpt":{"rendered":"<p class=\"font-claude-response-body break-words whitespace-normal leading-[1.7]\">Die Razz Bar 30000 beeindruckt mit bis zu 30.000 Z\u00fcgen dank Dual-Mesh-Coil-Technologie. Mit 650mAh wiederaufladbarem Akku und Type-C-Schnellladung. Erh\u00e4ltlich in 2% &amp; 5% Nikotin, 16 Geschmacksrichtungen. Dual-Modus-System f\u00fcr normale oder intensive Nutzung. Schlankes Design f\u00fcr langanhaltende Performance und Stil.<\/p>\n","protected":false},"featured_media":5361,"comment_status":"open","ping_status":"closed","template":"","meta":[],"product_brand":[],"product_cat":[79],"product_tag":[],"class_list":{"0":"post-5360","1":"product","2":"type-product","3":"status-publish","4":"has-post-thumbnail","6":"product_cat-razz-bar-vape","8":"first","9":"instock","10":"shipping-taxable","11":"purchasable","12":"product-type-variable"},"_links":{"self":[{"href":"https:\/\/apexvape.de\/hu\/wp-json\/wp\/v2\/product\/5360","targetHints":{"allow":["GET"]}}],"collection":[{"href":"https:\/\/apexvape.de\/hu\/wp-json\/wp\/v2\/product"}],"about":[{"href":"https:\/\/apexvape.de\/hu\/wp-json\/wp\/v2\/types\/product"}],"replies":[{"embeddable":true,"href":"https:\/\/apexvape.de\/hu\/wp-json\/wp\/v2\/comments?post=5360"}],"version-history":[{"count":0,"href":"https:\/\/apexvape.de\/hu\/wp-json\/wp\/v2\/product\/5360\/revisions"}],"wp:featuredmedia":[{"embeddable":true,"href":"https:\/\/apexvape.de\/hu\/wp-json\/wp\/v2\/media\/5361"}],"wp:attachment":[{"href":"https:\/\/apexvape.de\/hu\/wp-json\/wp\/v2\/media?parent=5360"}],"wp:term":[{"taxonomy":"product_brand","embeddable":true,"href":"https:\/\/apexvape.de\/hu\/wp-json\/wp\/v2\/product_brand?post=5360"},{"taxonomy":"product_cat","embeddable":true,"href":"https:\/\/apexvape.de\/hu\/wp-json\/wp\/v2\/product_cat?post=5360"},{"taxonomy":"product_tag","embeddable":true,"href":"https:\/\/apexvape.de\/hu\/wp-json\/wp\/v2\/product_tag?post=5360"}],"curies":[{"name":"wp","href":"https:\/\/api.w.org\/{rel}","templated":true}]}}