{"id":5315,"date":"2025-12-13T14:50:25","date_gmt":"2025-12-13T13:50:25","guid":{"rendered":"https:\/\/apexvape.de\/?post_type=product&#038;p=5315"},"modified":"2026-02-27T09:27:53","modified_gmt":"2026-02-27T08:27:53","slug":"razz-bar-15000","status":"publish","type":"product","link":"https:\/\/apexvape.de\/hu\/product\/razz-bar-15000\/","title":{"rendered":"Razz Bar 15000 sz\u00edv\u00e1sos eldobhat\u00f3 e-cigaretta"},"content":{"rendered":"<h1>Razz Bar 15000 sz\u00edv\u00e1s LCD kijelz\u0151 Alacsony nikotintartalom Eredeti gy\u00e1ri nagykereskedelmi v\u00e1s\u00e1rl\u00e1s \u00dajrat\u00f6lthet\u0151 eldobhat\u00f3 e-cigaretta nagykereskedelem<\/h1>\n<p>A Razz Bar 15000 15 000 sz\u00edv\u00e1st biztos\u00edt fejlett h\u00e1l\u00f3s tekercs technol\u00f3gi\u00e1val, amely intenz\u00edv \u00edzt \u00e9s l\u00e1gy g\u0151zt biztos\u00edt. 2% \u00e9s 5% s\u00f3-nikotin er\u0151ss\u00e9gben kaphat\u00f3, megfelel az EU TPD el\u0151\u00edr\u00e1soknak \u00e9s kiel\u00e9g\u00edti a k\u00fcl\u00f6nb\u00f6z\u0151 felhaszn\u00e1l\u00f3i preferenci\u00e1kat. Az \u00fajrat\u00f6lthet\u0151 650 mAh-s akkumul\u00e1tor Type-C t\u00f6lt\u00e9ssel rendelkezik a gyors \u00e9s k\u00e9nyelmes t\u00f6lt\u00e9s \u00e9rdek\u00e9ben. V\u00e1lasszon 16 gondosan kidolgozott \u00edz k\u00f6z\u00fcl, amelyek klasszikus \u00e9s innovat\u00edv profilokat \u00f6tv\u00f6znek. T\u00f6k\u00e9letes azoknak a g\u0151z\u00f6l\u0151knek, akik tart\u00f3s teljes\u00edtm\u00e9nyt \u00e9s soksz\u00edn\u0171s\u00e9get keresnek.<\/p>\n<h2>Razz Bar 15000 sz\u00edv\u00e1s F\u0151bb jellemz\u0151k<\/h2>\n<p>A Razz Bar 15000 sz\u00edv\u00e1s\u00fa e-cigaretta rendk\u00edv\u00fcli tart\u00f3ss\u00e1got biztos\u00edt leny\u0171g\u00f6z\u0151 15 000 sz\u00edv\u00e1ssal, \u00edgy hosszabb ideig haszn\u00e1lhat\u00f3, \u00e9s nem kell gyakran cser\u00e9lni. Ez a jelent\u0151s sz\u00edv\u00e1ssz\u00e1m ide\u00e1lis v\u00e1laszt\u00e1s azoknak a g\u0151z\u00f6l\u0151knek, akik megb\u00edzhat\u00f3, tart\u00f3s eszk\u00f6zt keresnek, amely k\u00e9nyelmet \u00e9s \u00e1lland\u00f3 teljes\u00edtm\u00e9nyt biztos\u00edt az eg\u00e9sz \u00e9lettartam alatt.<\/p>\n<p>2% \u00e9s 5% s\u00f3-nikotin er\u0151ss\u00e9gben kaphat\u00f3, a Razz Bar 15000 megfelel az EU TPD el\u0151\u00edr\u00e1sainak, \u00e9s egy\u00fattal sz\u00e9les k\u00f6r\u0171 felhaszn\u00e1l\u00f3i preferenci\u00e1kat is kiel\u00e9g\u00edt. Ak\u00e1r alkalmi g\u0151z\u00f6l\u0151 vagy, ak\u00e1r valaki, aki er\u0151sebb nikotintartalmat prefer\u00e1l, ezek a pontosan kalibr\u00e1lt opci\u00f3k minden felhaszn\u00e1l\u00f3t\u00edpus sz\u00e1m\u00e1ra t\u00f6k\u00e9letes egyens\u00falyt biztos\u00edtanak a kiel\u00e9g\u00fcl\u00e9s \u00e9s a simas\u00e1g k\u00f6z\u00f6tt.<\/p>\n<p>A k\u00e9sz\u00fcl\u00e9k fejlett h\u00e1l\u00f3s tekercs technol\u00f3gi\u00e1val rendelkezik, amely jav\u00edtja az \u00edz pontoss\u00e1g\u00e1t \u00e9s minden sz\u00edv\u00e1sn\u00e1l sima, \u00e1lland\u00f3 g\u0151ztermel\u00e9st biztos\u00edt. A Razz Bar 15000 egy \u00fajrat\u00f6lthet\u0151 650 mAh-s akkumul\u00e1torral m\u0171k\u00f6dik, praktikus Type-C t\u00f6lt\u00e9si funkci\u00f3val, amely el\u0151seg\u00edti a fenntarthat\u00f3s\u00e1got, ugyanakkor gyors t\u00f6lt\u00e9st \u00e9s megb\u00edzhat\u00f3, eg\u00e9sz napos teljes\u00edtm\u00e9nyt biztos\u00edt a folyamatos g\u0151z\u00e9lvezet\u00e9shez.<\/p>\n<p>16 gondosan kidolgozott \u00edzprofilj\u00e1val a Razz Bar sz\u00e9les v\u00e1laszt\u00e9kot k\u00edn\u00e1l, amely a klasszikus kedvenceket innovat\u00edv kombin\u00e1ci\u00f3kkal \u00f6tv\u00f6zi, hogy minden \u00edzl\u00e9snek megfeleljen. A 200 darabos, 45,5\u00d745,5\u00d724,6 cm m\u00e9ret\u0171 \u00e9s 21,6 kg s\u00faly\u00fa kartondobozok hat\u00e9kony csomagol\u00e1sa optim\u00e1lis sz\u00e1ll\u00edt\u00e1st \u00e9s t\u00e1rol\u00e1st biztos\u00edt, \u00edgy kiv\u00e1l\u00f3 v\u00e1laszt\u00e1s kiskeresked\u0151k \u00e9s forgalmaz\u00f3k sz\u00e1m\u00e1ra.<\/p>\n<h2>Term\u00e9kle\u00edr\u00e1sok<\/h2>\n<p><strong>M\u00e1rka \u00e9s modell:<\/strong> Razz b\u00e1r<br \/>\n<strong>Nikotin:<\/strong> 2% \u00e9s 5%<br \/>\n<strong>Vonatok:<\/strong> Ak\u00e1r 15 000<br \/>\n<strong>E-folyad\u00e9k:<\/strong> 26 ml<br \/>\n<strong>Tekercsel\u0151 ellen\u00e1ll\u00e1s:<\/strong> 0,8 \u03a9<br \/>\n<strong>Akkumul\u00e1tor:<\/strong> 650 mAh \u00fajrat\u00f6lthet\u0151 Type-C<br \/>\n<strong>\u00c1ll\u00edthat\u00f3 l\u00e9g\u00e1raml\u00e1s<\/strong><\/p>\n<h2>Razz Bar 15000 \u00edz<\/h2>\n<ol>\n<li>Raspberry Fudge (m\u00e1lna karamell)<\/li>\n<li>Strawberry Ice (Eper j\u00e9gkr\u00e9m)<\/li>\n<li>Red Bull Ice (Red Bull j\u00e9g)<\/li>\n<li>Kiwi Passi\u00f3gy\u00fcm\u00f6lcs Guava (Kiwi Passi\u00f3gy\u00fcm\u00f6lcs Guava)<\/li>\n<li>Mamba<\/li>\n<li>Blueberry Ice (\u00e1fonya j\u00e9gkr\u00e9m)<\/li>\n<li>Peach Ice (\u0150szibarack j\u00e9gkr\u00e9m)<\/li>\n<li>Eper-kivi (Erdbeere Kiwi)<\/li>\n<li>Watermelon Ice (G\u00f6r\u00f6gdinnye j\u00e9gkr\u00e9m)<\/li>\n<li>Peach Mango Pineapple (\u0150szibarack, mang\u00f3, anan\u00e1sz)<\/li>\n<li>Watermelon Bubble Gum (g\u00f6r\u00f6gdinny\u00e9s r\u00e1g\u00f3gumi)<\/li>\n<li>Mixed Berries (vegyes bogy\u00f3s gy\u00fcm\u00f6lcs\u00f6k)<\/li>\n<li>Blueberry Raspberry Lemon (\u00e1fonya, m\u00e1lna, citrom)<\/li>\n<li>Lemon Lime (citrom-lime)<\/li>\n<li>Cola Ice (Cola j\u00e9g)<\/li>\n<li>Double Apple (Dupla alma)<\/li>\n<\/ol>\n<h2>Razz Bar 15000 Gyakran feltett k\u00e9rd\u00e9sek<\/h2>\n<p><strong>1. H\u00e1ny mozdulatot k\u00edn\u00e1l a Razz Bar 15000?<\/strong><\/p>\n<p>Ez az eldobhat\u00f3 e-cigaretta leny\u0171g\u00f6z\u0151 15 000 sz\u00edv\u00e1st biztos\u00edt, \u00edgy hosszabb haszn\u00e1latot garant\u00e1l an\u00e9lk\u00fcl, hogy gyakran kellene cser\u00e9lni. A jelent\u0151s sz\u00edv\u00e1si kapacit\u00e1s ide\u00e1lis azoknak a g\u0151z\u00f6l\u0151knek, akik megb\u00edzhat\u00f3, tart\u00f3s eszk\u00f6zt keresnek, amely teljes \u00e9lettartama alatt \u00e1lland\u00f3 teljes\u00edtm\u00e9nyt ny\u00fajt.<\/p>\n<p><strong>2. Milyen nikotintartalmak \u00e1llnak rendelkez\u00e9sre?<\/strong><\/p>\n<p>A k\u00e9sz\u00fcl\u00e9k 2% \u00e9s 5% s\u00f3-nikotin opci\u00f3kkal kaphat\u00f3, \u00e9s megfelel az EU TPD el\u0151\u00edr\u00e1sainak. Ezek a pontosan kalibr\u00e1lt er\u0151ss\u00e9gek k\u00fcl\u00f6nb\u00f6z\u0151 preferenci\u00e1knak felelnek meg \u2013 f\u00fcggetlen\u00fcl att\u00f3l, hogy alkalmi haszn\u00e1l\u00f3 vagy, vagy er\u0151sebb nikotin\u00e9lm\u00e9nyt prefer\u00e1lsz, ezek a term\u00e9kek t\u00f6k\u00e9letes egyens\u00falyt biztos\u00edtanak a kiel\u00e9g\u00fcl\u00e9s \u00e9s a simas\u00e1g k\u00f6z\u00f6tt.<\/p>\n<p><strong>3. Milyen tekercstechnol\u00f3gi\u00e1t alkalmaznak?<\/strong><\/p>\n<p>A fejlett Mesh Coil technol\u00f3gi\u00e1val ell\u00e1tott e-cigaretta jav\u00edtja az \u00edzpontoss\u00e1got, \u00e9s minden slukk ut\u00e1n l\u00e1gy, egyenletes g\u0151ztermel\u00e9st biztos\u00edt. A pr\u00e9mium Coil rendszer maximaliz\u00e1lja az \u00edz intenzit\u00e1s\u00e1t, mik\u00f6zben kiv\u00e1l\u00f3 g\u0151ztermel\u00e9st biztos\u00edt a kiv\u00e1l\u00f3 g\u0151z\u00e9lm\u00e9ny \u00e9rdek\u00e9ben.<\/p>\n<p><strong>4. Hogyan m\u0171k\u00f6dik az akkumul\u00e1tor \u00e9s a t\u00f6lt\u00e9s?<\/strong><\/p>\n<p>A k\u00e9sz\u00fcl\u00e9k egy \u00fajrat\u00f6lthet\u0151 650 mAh-s akkumul\u00e1torral m\u0171k\u00f6dik, amely praktikus Type-C t\u00f6lt\u00e9si funkci\u00f3val rendelkezik, \u00edgy el\u0151seg\u00edti a fenntarthat\u00f3s\u00e1got \u00e9s egy\u00fattal gyors t\u00f6lt\u00e9st biztos\u00edt. Ez a megb\u00edzhat\u00f3 energiaforr\u00e1s eg\u00e9sz napos teljes\u00edtm\u00e9nyt ny\u00fajt a folyamatos g\u0151z\u00e9lvezet\u00e9shez.<\/p>\n<p><strong>5. H\u00e1ny \u00edz k\u00f6z\u00fcl lehet v\u00e1lasztani?<\/strong><\/p>\n<p>16 gondosan kidolgozott \u00edzprofilj\u00e1val ez az eldobhat\u00f3 e-cigaretta sz\u00e9les v\u00e1laszt\u00e9kot k\u00edn\u00e1l, amely a klasszikus kedvenceket innovat\u00edv kombin\u00e1ci\u00f3kkal \u00f6tv\u00f6zi, hogy kiel\u00e9g\u00edtse a k\u00fcl\u00f6nb\u00f6z\u0151 \u00edzl\u00e9st \u00e9s preferenci\u00e1kat.<\/p>\n<h2>Fedezze fel az ApexVape tov\u00e1bbi k\u00edn\u00e1lat\u00e1t<\/h2>\n<p>L\u00e1togasson el honlapunkra <strong><a href=\"https:\/\/apexvape.de\/hu\/\">honlap<\/a><\/strong> teljes term\u00e9kv\u00e1laszt\u00e9kunkr\u00f3l, amely kiv\u00e1l\u00f3 min\u0151s\u00e9g\u0171 e-cigarett\u00e1kat \u00e9s vape term\u00e9keket tartalmaz. Ha kifejezetten a Razz Bar sorozat \u00e9rdekli, akkor az \u00f6sszes el\u00e9rhet\u0151 modellt \u00e9s v\u00e1ltozatot megtal\u00e1lja a <strong><a href=\"https:\/\/apexvape.de\/hu\/product-category\/razz-bar-vape\/\">RAZZ BAR VAPE kateg\u00f3ria<\/a><\/strong>. Itt \u00f6sszehasonl\u00edthatja a k\u00fcl\u00f6nb\u00f6z\u0151 lehet\u0151s\u00e9geket, r\u00e9szletes term\u00e9kinform\u00e1ci\u00f3kat tekinthet meg, \u00e9s kiv\u00e1laszthatja az egy\u00e9ni ig\u00e9nyeinek legink\u00e1bb megfelel\u0151 eldobhat\u00f3 e-cigarett\u00e1t. Az ApexVape gyors sz\u00e1ll\u00edt\u00e1st, els\u0151 oszt\u00e1ly\u00fa \u00fcgyf\u00e9lszolg\u00e1latot \u00e9s garant\u00e1ltan eredeti term\u00e9keket k\u00edn\u00e1l k\u00f6zvetlen\u00fcl a gy\u00e1rt\u00f3t\u00f3l.<\/p>","protected":false},"excerpt":{"rendered":"<p class=\"font-claude-response-body break-words whitespace-normal leading-[1.7]\">Die Razz Bar 15000 liefert bis zu 15.000 Z\u00fcge mit fortschrittlicher Mesh-Coil-Technologie. Mit 26ml E-Liquid, 650mAh wiederaufladbarem Akku und Type-C-Ladung. Erh\u00e4ltlich in 2% &amp; 5% Nikotin, 16 Geschmacksrichtungen und einstellbarem Airflow. EU-TPD-konform f\u00fcr langanhaltende Performance und Vielfalt. LCD-Display.<\/p>\n","protected":false},"featured_media":5316,"comment_status":"open","ping_status":"closed","template":"","meta":[],"product_brand":[],"product_cat":[79],"product_tag":[],"class_list":{"0":"post-5315","1":"product","2":"type-product","3":"status-publish","4":"has-post-thumbnail","6":"product_cat-razz-bar-vape","8":"first","9":"instock","10":"shipping-taxable","11":"purchasable","12":"product-type-variable"},"_links":{"self":[{"href":"https:\/\/apexvape.de\/hu\/wp-json\/wp\/v2\/product\/5315","targetHints":{"allow":["GET"]}}],"collection":[{"href":"https:\/\/apexvape.de\/hu\/wp-json\/wp\/v2\/product"}],"about":[{"href":"https:\/\/apexvape.de\/hu\/wp-json\/wp\/v2\/types\/product"}],"replies":[{"embeddable":true,"href":"https:\/\/apexvape.de\/hu\/wp-json\/wp\/v2\/comments?post=5315"}],"version-history":[{"count":0,"href":"https:\/\/apexvape.de\/hu\/wp-json\/wp\/v2\/product\/5315\/revisions"}],"wp:featuredmedia":[{"embeddable":true,"href":"https:\/\/apexvape.de\/hu\/wp-json\/wp\/v2\/media\/5316"}],"wp:attachment":[{"href":"https:\/\/apexvape.de\/hu\/wp-json\/wp\/v2\/media?parent=5315"}],"wp:term":[{"taxonomy":"product_brand","embeddable":true,"href":"https:\/\/apexvape.de\/hu\/wp-json\/wp\/v2\/product_brand?post=5315"},{"taxonomy":"product_cat","embeddable":true,"href":"https:\/\/apexvape.de\/hu\/wp-json\/wp\/v2\/product_cat?post=5315"},{"taxonomy":"product_tag","embeddable":true,"href":"https:\/\/apexvape.de\/hu\/wp-json\/wp\/v2\/product_tag?post=5315"}],"curies":[{"name":"wp","href":"https:\/\/api.w.org\/{rel}","templated":true}]}}