{"id":5237,"date":"2025-12-12T04:22:37","date_gmt":"2025-12-12T03:22:37","guid":{"rendered":"https:\/\/apexvape.de\/?post_type=product&#038;p=5237"},"modified":"2025-12-12T04:22:58","modified_gmt":"2025-12-12T03:22:58","slug":"uwin-tornado-triple-60000","status":"publish","type":"product","link":"https:\/\/apexvape.de\/hu\/product\/uwin-tornado-triple-60000\/","title":{"rendered":"Uwin Tornado Triple 60000 sz\u00edv\u00e1sos eldobhat\u00f3 e-cigaretta"},"content":{"rendered":"<h1>Uwin Tornado Triple 60000 Puffs 3 az 1-ben \u00edz Alacsony nikotin T\u00f6meges v\u00e1s\u00e1rl\u00e1s Eredeti \u00dajrat\u00f6lthet\u0151 Eldobhat\u00f3 e-cigaretta Nagykereskedelem<\/h1>\n<p>Az Uwin Tornado Triple 60000 ak\u00e1r 60 000 sz\u00edv\u00e1st biztos\u00edt innovat\u00edv h\u00e1rmas \u00edzrendszer\u00e9vel, amely 3 k\u00fcl\u00f6n\u00e1ll\u00f3 tart\u00e1lyt tartalmaz a tiszta \u00edzv\u00e1lt\u00e1shoz. A h\u00e1rmas h\u00e1l\u00f3s tekercs technol\u00f3gia gyors felmeleged\u00e9st, intenz\u00edv \u00edzt \u00e9s l\u00e1gy sz\u00edv\u00e1st biztos\u00edt, jav\u00edtott g\u0151ztermel\u00e9ssel. 650 mAh-s \u00fajrat\u00f6lthet\u0151 akkumul\u00e1torral, Type-C gyors t\u00f6lt\u00e9ssel \u00e9s LED-kijelz\u0151vel az akkumul\u00e1tor \u00e9s a haszn\u00e1lat figyelemmel k\u00eds\u00e9r\u00e9s\u00e9hez. 0%, 2%, 3% \u00e9s 5% nikotintartalommal kaphat\u00f3. V\u00e1lasszon 12 izgalmas h\u00e1rmas \u00edzkombin\u00e1ci\u00f3 k\u00f6z\u00fcl, 10 darabos csomagol\u00e1sban. \u00c9lvezze a v\u00e9gs\u0151 \u00edzv\u00e1ltozatoss\u00e1got \u00e9s a tart\u00f3s teljes\u00edtm\u00e9nyt!<\/p>\n<h2>Uwin Tornado Triple 60000 Puffs F\u0151bb jellemz\u0151k<\/h2>\n<p>Az Uwin Tornado Triple 60000 60K sz\u00edv\u00e1ssal forradalmas\u00edtja a g\u0151z\u00f6l\u00e9s \u00e9lm\u00e9ny\u00e9t innovat\u00edv h\u00e1rmas \u00edzrendszer\u00e9vel \u00e9s kiv\u00e9teles teljes\u00edtm\u00e9ny\u00e9vel. Azok sz\u00e1m\u00e1ra fejlesztett\u00e9k ki, akik sokoldal\u00fas\u00e1got \u00e9s tart\u00f3ss\u00e1got ig\u00e9nyelnek, ez a k\u00e9sz\u00fcl\u00e9k ak\u00e1r 60 000 sz\u00edv\u00e1snyi tiszta \u00e9lvezetet ny\u00fajt. A forradalmian \u00faj h\u00e1rmas \u00edztechnol\u00f3gia h\u00e1rom k\u00fcl\u00f6n\u00e1ll\u00f3 tart\u00e1llyal rendelkezik, amelyek \u00edzv\u00e1laszt\u00e1sa \u00e1ll\u00edthat\u00f3, \u00edgy kedv\u00e9re v\u00e1lthat az \u00edzek k\u00f6z\u00f6tt an\u00e9lk\u00fcl, hogy azok keveredn\u00e9nek vagy keresztfert\u0151z\u0151dn\u00e9nek \u2013 minden slukk olyan tiszta \u00e9s hiteles marad, ahogyan azt sz\u00e1nt\u00e1k.<\/p>\n<p>A k\u00e9sz\u00fcl\u00e9k k\u00f6z\u00e9ppontj\u00e1ban a fejlett Triple Mesh Coil technol\u00f3gia \u00e1ll, amely gyors felmeleged\u00e9st, intenz\u00edv \u00edz\u00e9lm\u00e9nyt \u00e9s rendk\u00edv\u00fcl l\u00e1gy sz\u00edv\u00e1st biztos\u00edt minden bel\u00e9gz\u00e9sn\u00e9l. A tov\u00e1bbfejlesztett g\u0151ztermel\u0151 rendszer s\u0171r\u0171, kiel\u00e9g\u00edt\u0151 felh\u0151ket hoz l\u00e9tre, mik\u00f6zben a k\u00e9sz\u00fcl\u00e9k teljes \u00e9lettartama alatt \u00e1lland\u00f3 \u00edzmin\u0151s\u00e9get biztos\u00edt. A megb\u00edzhat\u00f3 650 mAh-s \u00fajrat\u00f6lthet\u0151 akkumul\u00e1torral \u00e9s Type-C gyors t\u00f6lt\u00e9si funkci\u00f3val a k\u00e9sz\u00fcl\u00e9k \u00e1lland\u00f3 teljes\u00edtm\u00e9nyt ny\u00fajt minden g\u0151z\u00f6l\u00e9si alkalommal, \u00e9s sz\u00fcks\u00e9g eset\u00e9n gyorsan \u00e9s k\u00e9nyelmesen felt\u00f6lthet\u0151. A be\u00e9p\u00edtett LED-kijelz\u0151 intelligens funkcionalit\u00e1st ad hozz\u00e1, mivel vil\u00e1gos, val\u00f3s idej\u0171 \u00e1llapotfriss\u00edt\u00e9seket ny\u00fajt az akkumul\u00e1tor t\u00f6lt\u00f6tts\u00e9g\u00e9r\u0151l \u00e9s a haszn\u00e1latr\u00f3l.<\/p>\n<p>0%, 2%, 3% \u00e9s 5% nikotintartalommal kaphat\u00f3, az Uwin Tornado Triple 60000 minden ig\u00e9nyt kiel\u00e9g\u00edt, a nikotinmentes g\u0151z\u00f6l\u00e9st\u0151l az er\u0151s \u00e9lvezetig. 12 gondosan \u00f6ssze\u00e1ll\u00edtott h\u00e1rmas \u00edzkombin\u00e1ci\u00f3val minden profil \u00fagy lett kialak\u00edtva, hogy kiegyens\u00falyozott \u00e9s izgalmas \u00edz\u00e9lm\u00e9nyt ny\u00fajtson, amely elvar\u00e1zsolja az \u00edzlel\u0151bimb\u00f3kat. A k\u00e9sz\u00fcl\u00e9k 10 darabos csomagol\u00e1sban ker\u00fcl forgalomba, ide\u00e1lis nagykereskedelmi forgalmaz\u00e1shoz \u00e9s kiskereskedelmi \u00fczletekhez.<\/p>\n<h2>Term\u00e9kle\u00edr\u00e1sok<\/h2>\n<p><strong>Term\u00e9kt\u00edpus:<\/strong> Eldobhat\u00f3 e-cigaretta<br \/>\n<strong>Nikotin er\u0151ss\u00e9ge:<\/strong> 0% \/ 2% \/ 3% \/ 5%<br \/>\n<strong>Vonatkapacit\u00e1s:<\/strong> Ak\u00e1r 60 000 vonat<br \/>\n<strong>\u00cdzmodok:<\/strong> 3 be\u00e1ll\u00edthat\u00f3 aroma<br \/>\n<strong>Tekercs t\u00edpus:<\/strong> H\u00e1rmas h\u00e1l\u00f3s tekercs<br \/>\n<strong>Akkumul\u00e1tor kapacit\u00e1s:<\/strong> 650 mAh, \u00fajrat\u00f6lthet\u0151<br \/>\n<strong>Kijelz\u0151 funkci\u00f3:<\/strong> Intelligens LED-kijelz\u0151<br \/>\n<strong>T\u00f6lt\u0151csatlakoz\u00f3:<\/strong> C t\u00edpus<br \/>\n<strong>Csomagol\u00e1si el\u0151\u00edr\u00e1sok:<\/strong> 10 darab\/csomag<br \/>\n<strong>\u00cdzv\u00e1laszt\u00e9k:<\/strong> 12 \u00edzkombin\u00e1ci\u00f3<\/p>\n<h2>Uwin Tornado Triple 60000 \u00cdzv\u00e1laszt\u00e9k<\/h2>\n<ol>\n<li>Cseresznye j\u00e9gkr\u00e9m \/ Eper Red Bull \/ \u00c1fonya m\u00e1lna<\/li>\n<li>\u00c1fonya j\u00e9gkr\u00e9m \/ Eper-g\u00f6r\u00f6gdinnye \/ Eper-m\u00e1lna-cseresznye j\u00e9gkr\u00e9m<\/li>\n<li>R\u00f3zsasz\u00edn limon\u00e1d\u00e9 \/ van\u00edlia j\u00e9gkr\u00e9m \/ eper-m\u00e1lna cukorka<\/li>\n<li>Eper-kiwi \/ Love 66 (passi\u00f3gy\u00fcm\u00f6lcs-dinnye) \/ Blue Razz j\u00e9gkr\u00e9m<\/li>\n<li>Citrom-lime \/ Eper-ban\u00e1n \/ Vegyes gy\u00fcm\u00f6lcs\u00f6k<\/li>\n<li>G\u00f6r\u00f6gdinnye j\u00e9gkr\u00e9m \/ Cola j\u00e9gkr\u00e9m \/ Mr Blue<\/li>\n<li>Ny\u00e1ri \u0151szibarackos j\u00e9gkr\u00e9m \/ \u00e1fonya-m\u00e1lna \/ eper Red Bull<\/li>\n<li>Kivi Passi\u00f3gy\u00fcm\u00f6lcs Guava \/ \u0150szibarack Mang\u00f3 \/ M\u00e1lna G\u00f6r\u00f6gdinnye<\/li>\n<li>Red Bull \/ csereszny\u00e9s j\u00e9gkr\u00e9m \/ citrom-lime<\/li>\n<li>Eper j\u00e9gkr\u00e9m \/ Ny\u00e1ri \u0151szibarack j\u00e9gkr\u00e9m \/ Sz\u0151l\u0151 j\u00e9gkr\u00e9m<\/li>\n<li>Vegyes bogy\u00f3s gy\u00fcm\u00f6lcs\u00f6k \/ s\u00e1rk\u00e1nygy\u00fcm\u00f6lcs j\u00e9gkr\u00e9m \/ eper-g\u00f6r\u00f6gdinnye r\u00e1g\u00f3gumi<\/li>\n<li>Csereszny\u00e9s k\u00f3la \/ Epres-van\u00edli\u00e1s k\u00f3la \/ Sz\u0151l\u0151s-bogy\u00f3s<\/li>\n<\/ol>\n<h2>Gyakran ism\u00e9telt k\u00e9rd\u00e9sek \u2013 Uwin Tornado Triple 60000<\/h2>\n<p><strong>1. Hogyan m\u0171k\u00f6dik a k\u00e9sz\u00fcl\u00e9k h\u00e1rmas \u00edzrendszere?<\/strong><\/p>\n<p>A k\u00e9sz\u00fcl\u00e9k innovat\u00edv h\u00e1rmas \u00edzrendszerrel rendelkezik, amely 3 k\u00fcl\u00f6n\u00e1ll\u00f3 tart\u00e1lyb\u00f3l \u00e1ll, \u00edgy h\u00e1rom k\u00fcl\u00f6nb\u00f6z\u0151 \u00edz k\u00f6z\u00f6tt v\u00e1lthat. Minden tart\u00e1ly f\u00fcggetlen\u00fcl m\u0171k\u00f6dik, \u00edgy biztos\u00edtva a tiszta \u00edzv\u00e1lt\u00e1st kevered\u00e9s \u00e9s keresztfert\u0151z\u00e9s n\u00e9lk\u00fcl. Ez az egyed\u00fcl\u00e1ll\u00f3 kialak\u00edt\u00e1s azt jelenti, hogy egyetlen k\u00e9sz\u00fcl\u00e9kben t\u00f6bb \u00edzprofilt is \u00e9lvezhet, \u00e9s b\u00e1rmikor teljes ellen\u0151rz\u00e9st gyakorolhat a g\u0151z\u00f6l\u00e9si \u00e9lm\u00e9ny felett.<\/p>\n<p><strong>2. H\u00e1ny slukkot kapok ebb\u0151l az e-cigarett\u00e1b\u00f3l?<\/strong><\/p>\n<p>Ez a nagy kapacit\u00e1s\u00fa, eldobhat\u00f3 e-cigaretta leny\u0171g\u00f6z\u0151, ak\u00e1r 60 000 sz\u00edv\u00e1st biztos\u00edt, \u00edgy az egyik legtart\u00f3sabb eszk\u00f6z a piacon. Ez a rendk\u00edv\u00fcli sz\u00edv\u00e1ssz\u00e1m hetekig, s\u0151t h\u00f3napokig tart\u00f3 folyamatos haszn\u00e1latot garant\u00e1l, kiv\u00e1l\u00f3 \u00e1r-\u00e9rt\u00e9k ar\u00e1nyt k\u00edn\u00e1l, \u00e9s kik\u00fcsz\u00f6b\u00f6li a gyakori p\u00f3tv\u00e1s\u00e1rl\u00e1sok sz\u00fcks\u00e9gess\u00e9g\u00e9t. T\u00f6k\u00e9letes intenz\u00edv g\u0151z\u00f6l\u0151knek vagy azoknak, akik hosszabb teljes\u00edtm\u00e9nyt szeretn\u00e9nek kompromisszumok n\u00e9lk\u00fcl.<\/p>\n<p><strong>3. Milyen nikotintartalmak \u00e1llnak rendelkez\u00e9sre?<\/strong><\/p>\n<p>Az e-cigaretta n\u00e9gy nikotintartalomszinttel kaphat\u00f3: 0%, 2%, 3% \u00e9s 5%, \u00edgy rugalmas lehet\u0151s\u00e9geket k\u00edn\u00e1l minden felhaszn\u00e1l\u00f3i ig\u00e9nynek. Ak\u00e1r nikotinmentes g\u0151z\u00f6l\u00e9st, enyhe \u00e9lm\u00e9nyt vagy er\u0151s nikotin-kiel\u00e9g\u00edt\u00e9st prefer\u00e1l, biztosan megtal\u00e1lja az ig\u00e9nyeinek megfelel\u0151 opci\u00f3t. Ez a sokoldal\u00fas\u00e1g alkalmass\u00e1 teszi mind az alkalmi felhaszn\u00e1l\u00f3k, mind a hagyom\u00e1nyos doh\u00e1nyz\u00e1sr\u00f3l \u00e1tt\u00e9r\u0151k sz\u00e1m\u00e1ra.<\/p>\n<p><strong>4. Melyik technol\u00f3gia jav\u00edtja az \u00edzt \u00e9s a g\u0151ztermel\u00e9st?<\/strong><\/p>\n<p>Ez az eszk\u00f6z h\u00e1rmas h\u00e1l\u00f3s tekercs technol\u00f3gi\u00e1t haszn\u00e1l, amely gyors felmeleged\u00e9st biztos\u00edt az azonnali g\u0151ztermel\u00e9shez, intenz\u00edv \u00edzhat\u00e1shoz \u00e9s rendk\u00edv\u00fcl l\u00e1gy slukkokhoz. A fejlett tekercsrendszer maximaliz\u00e1lja az e-liquid \u00e9rintkez\u00e9s\u00e9t \u00e9s a f\u0171t\u00e9si hat\u00e9konys\u00e1got, s\u0171r\u0171, kiel\u00e9g\u00edt\u0151 felh\u0151ket hoz l\u00e9tre, \u00e9s az eszk\u00f6z teljes \u00e9lettartama alatt \u00e1lland\u00f3 \u00edzmin\u0151s\u00e9get biztos\u00edt. A k\u00fcl\u00f6n\u00e1ll\u00f3 tart\u00e1lyrendszerrel kombin\u00e1lva minden slukkban tiszta, autentikus \u00edzt \u00e9lvezhet.<\/p>\n<p><strong>5. Hogyan ellen\u0151rizhetem az akkumul\u00e1tor t\u00f6lt\u00f6tts\u00e9gi szintj\u00e9t \u00e9s hogyan t\u00f6lthetem fel a k\u00e9sz\u00fcl\u00e9ket?<\/strong><\/p>\n<p>Az e-cigaretta praktikus LED-kijelz\u0151vel rendelkezik, amely val\u00f3s id\u0151ben jelzi az akkumul\u00e1tor \u00e1llapot\u00e1t \u00e9s a felhaszn\u00e1l\u00e1st, \u00edgy mindig tudni fogja, mikor kell t\u00f6lteni. A 650 mAh-s \u00fajrat\u00f6lthet\u0151 akkumul\u00e1torral \u00e9s Type-C gyors t\u00f6lt\u00e9ssel a k\u00e9sz\u00fcl\u00e9k gyors \u00e9s hat\u00e9kony t\u00f6lt\u00e9st biztos\u00edt a folyamatos g\u0151z\u00f6l\u00e9shez. A Type-C csatlakoz\u00f3 univerz\u00e1lis kompatibilit\u00e1st \u00e9s gyorsabb t\u00f6lt\u00e9si id\u0151t biztos\u00edt a r\u00e9gebbi t\u00f6lt\u00e9si szabv\u00e1nyokhoz k\u00e9pest.<\/p>\n<h2>Fedezze fel tov\u00e1bbi pr\u00e9mium e-cigarett\u00e1kat<\/h2>\n<p>Az Uwin Tornado Triple 60000 az exkluz\u00edv, kiv\u00e1l\u00f3 min\u0151s\u00e9g\u0171 eldobhat\u00f3 e-cigaretta term\u00e9kcsal\u00e1dunk r\u00e9sze. Fedezze fel tov\u00e1bbi innovat\u00edv g\u0151zterm\u00e9keinket a <strong><a href=\"https:\/\/apexvape.de\/hu\/product-category\/uwin-vape\/\">UWIN VAPE term\u00e9kcsal\u00e1d<\/a><\/strong>, ahol megtal\u00e1lja a leg\u00fajabb modelleket \u00e9s \u00edzv\u00e1ltozatokat. L\u00e1togasson el weboldalunkra <strong><a href=\"https:\/\/apexvape.de\/hu\/\">Apex Vape honlapja<\/a><\/strong> a pr\u00e9mium e-cigarett\u00e1k teljes v\u00e1laszt\u00e9k\u00e1\u00e9rt, nagykereskedelmi lehet\u0151s\u00e9gek\u00e9rt \u00e9s exkluz\u00edv akci\u00f3k\u00e9rt. Gyors sz\u00e1ll\u00edt\u00e1s, szak\u00e9rt\u0151 tan\u00e1csad\u00e1s \u00e9s els\u0151 oszt\u00e1ly\u00fa \u00fcgyf\u00e9lszolg\u00e1lat v\u00e1rja \u00d6nt a t\u00f6k\u00e9letes g\u0151z\u00f6l\u00e9si \u00e9lm\u00e9ny\u00e9rt.<\/p>","protected":false},"excerpt":{"rendered":"<p class=\"font-claude-response-body break-words whitespace-normal leading-[1.7]\">Der Uwin Tornado Triple 60000 revolutioniert Dampfen mit 60.000 Z\u00fcgen und 3-in-1-Geschmackssystem in separaten Tanks. Triple-Mesh-Coil, 650-mAh-Akku mit Type-C-Schnelladung und LED-Display garantieren Premium-Performance. 12 Dreifach-Kombinationen in 0-5% Nikotinst\u00e4rken. Ultimative Vielseitigkeit f\u00fcr anspruchsvolle Dampfer und Gro\u00dfhandel.<\/p>\n","protected":false},"featured_media":5242,"comment_status":"open","ping_status":"closed","template":"","meta":[],"product_brand":[],"product_cat":[78],"product_tag":[],"class_list":{"0":"post-5237","1":"product","2":"type-product","3":"status-publish","4":"has-post-thumbnail","6":"product_cat-uwin-vape","8":"first","9":"instock","10":"shipping-taxable","11":"purchasable","12":"product-type-variable"},"_links":{"self":[{"href":"https:\/\/apexvape.de\/hu\/wp-json\/wp\/v2\/product\/5237","targetHints":{"allow":["GET"]}}],"collection":[{"href":"https:\/\/apexvape.de\/hu\/wp-json\/wp\/v2\/product"}],"about":[{"href":"https:\/\/apexvape.de\/hu\/wp-json\/wp\/v2\/types\/product"}],"replies":[{"embeddable":true,"href":"https:\/\/apexvape.de\/hu\/wp-json\/wp\/v2\/comments?post=5237"}],"version-history":[{"count":0,"href":"https:\/\/apexvape.de\/hu\/wp-json\/wp\/v2\/product\/5237\/revisions"}],"wp:featuredmedia":[{"embeddable":true,"href":"https:\/\/apexvape.de\/hu\/wp-json\/wp\/v2\/media\/5242"}],"wp:attachment":[{"href":"https:\/\/apexvape.de\/hu\/wp-json\/wp\/v2\/media?parent=5237"}],"wp:term":[{"taxonomy":"product_brand","embeddable":true,"href":"https:\/\/apexvape.de\/hu\/wp-json\/wp\/v2\/product_brand?post=5237"},{"taxonomy":"product_cat","embeddable":true,"href":"https:\/\/apexvape.de\/hu\/wp-json\/wp\/v2\/product_cat?post=5237"},{"taxonomy":"product_tag","embeddable":true,"href":"https:\/\/apexvape.de\/hu\/wp-json\/wp\/v2\/product_tag?post=5237"}],"curies":[{"name":"wp","href":"https:\/\/api.w.org\/{rel}","templated":true}]}}