{"id":5170,"date":"2025-12-12T04:17:14","date_gmt":"2025-12-12T03:17:14","guid":{"rendered":"https:\/\/apexvape.de\/?post_type=product&#038;p=5170"},"modified":"2025-12-12T04:17:38","modified_gmt":"2025-12-12T03:17:38","slug":"uwin-shisha-hookah-crystal-20000","status":"publish","type":"product","link":"https:\/\/apexvape.de\/hu\/product\/uwin-shisha-hookah-crystal-20000\/","title":{"rendered":"Uwin Shisha Hookah Crystal 20000 sz\u00edv\u00e1sos eldobhat\u00f3 e-cigaretta"},"content":{"rendered":"<h1>Uwin Shisha Hookah Crystal 20000 \u2013 \u00dajrat\u00f6lthet\u0151 e-v\u00edzipipa 20 000 sz\u00edv\u00e1ssal<\/h1>\n<h2>Term\u00e9kle\u00edr\u00e1s<\/h2>\n<p>Az Uwin Shisha Hookah Crystal 20000 ak\u00e1r 20 000 sz\u00edv\u00e1st is biztos\u00edt, 22 ml-es e-liquid kapacit\u00e1s\u00e1val pedig hosszabb g\u0151z\u00f6lg\u00e9si \u00e9lm\u00e9nyt ny\u00fajt. A fejlett h\u00e1l\u00f3s tekercs technol\u00f3gia intenz\u00edv \u00edzt \u00e9s optim\u00e1lis g\u0151zk\u00e9pz\u0151d\u00e9st biztos\u00edt \u2013 ide\u00e1lis DTL (Direct-to-Lung) g\u0151z\u00f6l\u00e9shez. N\u00e9gy nikotinszintben kaphat\u00f3: 0%, 2%, 3% \u00e9s 5%, minden ig\u00e9nynek megfelel\u0151en. 650 mAh-s \u00fajrat\u00f6lthet\u0151 kobalt akkumul\u00e1torral \u00e9s Type-C t\u00f6lt\u0151csatlakoz\u00f3val ell\u00e1tva a gyors t\u00f6lt\u00e9s \u00e9rdek\u00e9ben. V\u00e1lasszon 12 finom \u00edz k\u00f6z\u00fcl. 10 darabos csomagol\u00e1sban. \u00c9lvezze az els\u0151 oszt\u00e1ly\u00fa v\u00edzipip\u00e1z\u00e1s \u00e9lm\u00e9ny\u00e9t, l\u00e1gy, er\u0151teljes \u00e9s tart\u00f3s g\u0151zzel!<\/p>\n<h2>Az Uwin Shisha Hookah Crystal 20000 term\u00e9k legfontosabb jellemz\u0151i<\/h2>\n<p>Az Uwin Shisha Hookah Crystal 20000 kifejezetten azoknak a v\u00edzipip\u00e1z\u00f3knak k\u00e9sz\u00fclt, akik gazdag \u00e9s hiteles g\u0151z\u00e9lm\u00e9nyt keresnek, amely a hagyom\u00e1nyos v\u00edzipip\u00e1z\u00e1s \u00e9lm\u00e9ny\u00e9t id\u00e9zi. Leny\u0171g\u00f6z\u0151, ak\u00e1r 20 000 sz\u00edv\u00e1sig terjed\u0151 kapacit\u00e1s\u00e1val ez az \u00fajrat\u00f6lthet\u0151, eldobhat\u00f3 e-v\u00edzipipa kiv\u00e9teles tart\u00f3ss\u00e1got \u00e9s folyamatosan sima teljes\u00edtm\u00e9nyt biztos\u00edt. A b\u0151s\u00e9ges 22 ml-es e-liquid kapacit\u00e1s hossz\u00fa \u00e9lvezetet biztos\u00edt, \u00e1lland\u00f3 \u00edzmin\u0151s\u00e9ggel \u00e9s s\u0171r\u0171, kiel\u00e9g\u00edt\u0151 g\u0151ztermel\u00e9ssel.<\/p>\n<p>A k\u00e9sz\u00fcl\u00e9k modern Mesh Coil technol\u00f3gi\u00e1val rendelkezik, amely jelent\u0151sen fokozza az \u00edz intenzit\u00e1s\u00e1t \u00e9s a g\u0151z mennyis\u00e9g\u00e9t, \u00e9s optim\u00e1lis \u00e9lm\u00e9nyt ny\u00fajt a Direct-to-Lung (DTL) g\u0151z\u00f6l\u0151knek. T\u00f6bb nikotinszintben (0%, 2%, 3% \u00e9s 5%) kaphat\u00f3, ez a sokoldal\u00fa eszk\u00f6z minden \u00edzl\u00e9snek megfelel\u0151 opci\u00f3t k\u00edn\u00e1l \u2013 a nikotinmentes v\u00e1ltozatokt\u00f3l a nagyobb nikotintartalm\u00faakig. A megb\u00edzhat\u00f3 650 mAh-s \u00fajrat\u00f6lthet\u0151 kobalt akkumul\u00e1tor \u00e9s a praktikus Type-C t\u00f6lt\u0151csatlakoz\u00f3 gyors \u00e9s hat\u00e9kony t\u00f6lt\u00e9st tesz lehet\u0151v\u00e9, \u00edgy eg\u00e9sz nap zavartalan g\u0151z\u00f6lg\u00e9s \u00e9lvezhet\u0151.<\/p>\n<p>A gondosan kidolgozott 12 \u00edzv\u00e1laszt\u00e9k\u00e1val az Uwin Shisha Hookah Crystal 20000 sokf\u00e9le lehet\u0151s\u00e9get k\u00edn\u00e1l minden \u00edzl\u00e9shez \u00e9s hangulathoz. Minden eszk\u00f6z praktikus 10 darabos dobozban van csomagolva, \u00e9s ide\u00e1lis mind szem\u00e9lyes haszn\u00e1latra, mind nagykereskedelmi forgalmaz\u00e1sra. Ak\u00e1r mag\u00e1nfelhaszn\u00e1l\u00f3, ak\u00e1r keresked\u0151 \u2013 ez a csomagol\u00e1si form\u00e1tum k\u00e9nyelmet \u00e9s hozz\u00e1adott \u00e9rt\u00e9ket k\u00edn\u00e1l.<\/p>\n<h2>M\u0171szaki adatok<\/h2>\n<ul>\n<li><strong>Nikotin er\u0151ss\u00e9ge:<\/strong> 0% \/ 2% \/ 3% \/ 5%<\/li>\n<li><strong>Vonatok:<\/strong> ak\u00e1r 20 000<\/li>\n<li><strong>Tank \u0171rtartalma:<\/strong> 22 ml<\/li>\n<li><strong>Akkumul\u00e1tor:<\/strong> 650 mAh \u00fajrat\u00f6lthet\u0151, kobalt, Type-C csatlakoz\u00f3<\/li>\n<li><strong>Elp\u00e1rologtat\u00f3 fej:<\/strong> H\u00e1l\u00f3s tekercs<\/li>\n<li><strong>H\u00faz\u00e1si technika:<\/strong> K\u00f6zvetlen\u00fcl a t\u00fcd\u0151be (DTL)<\/li>\n<li><strong>Csomagol\u00e1s:<\/strong> 10 darab\/doboz<\/li>\n<li><strong>\u00cdzek:<\/strong> 12 rendelkez\u00e9sre \u00e1ll<\/li>\n<\/ul>\n<h2>Az Uwin Shisha Hookah Crystal 20000 el\u00e9rhet\u0151 \u00edzek<\/h2>\n<ol>\n<li>Blueberry on Ice (\u00e1fonya j\u00e9gkr\u00e9m)<\/li>\n<li>Kiwi Passi\u00f3gy\u00fcm\u00f6lcs Guava (Kiwi Maracuja Guava)<\/li>\n<li>Eper-kivi (Erdbeere Kiwi)<\/li>\n<li>Vegyes bogy\u00f3s gy\u00fcm\u00f6lcs\u00f6k (bogy\u00f3s gy\u00fcm\u00f6lcskever\u00e9k)<\/li>\n<li>Eper-g\u00f6r\u00f6gdinnye (Erdbeere Wassermelone)<\/li>\n<li>Grape Ice (sz\u0151l\u0151 j\u00e9g)<\/li>\n<li>Watermelon Ice (G\u00f6r\u00f6gdinnye j\u00e9gkr\u00e9m)<\/li>\n<li>Cherry Ice (csereszny\u00e9s j\u00e9gkr\u00e9m)<\/li>\n<li>Strawberry Ice (Eper j\u00e9gkr\u00e9m)<\/li>\n<li>Peach Ice (\u0150szibarack j\u00e9gkr\u00e9m)<\/li>\n<li>Blueberry Raspberry (\u00e1fonya-m\u00e1lna)<\/li>\n<li>Szerelem 66<\/li>\n<\/ol>\n<h2>Gyakran feltett k\u00e9rd\u00e9sek az Uwin Shisha Hookah Crystal 20000-r\u0151l<\/h2>\n<p><strong>H\u00e1ny mozdulatot k\u00edn\u00e1l ez a k\u00e9sz\u00fcl\u00e9k?<\/strong><\/p>\n<p>Ez az eldobhat\u00f3 e-v\u00edzipipa leny\u0171g\u00f6z\u0151, ak\u00e1r 20 000 sz\u00edv\u00e1st is biztos\u00edt, \u00edgy az egyik legtart\u00f3sabb v\u00e1laszt\u00e1s a piacon. Ez a rendk\u00edv\u00fcli kapacit\u00e1s hossz\u00fa g\u0151z\u00f6l\u00e9si id\u0151t tesz lehet\u0151v\u00e9 an\u00e9lk\u00fcl, hogy gyakran kellene cser\u00e9lni, \u00e9s kiv\u00e1l\u00f3 \u00e1r-\u00e9rt\u00e9k ar\u00e1nyt k\u00edn\u00e1l a v\u00edzipipa rajong\u00f3knak.<\/p>\n<p><strong>Milyen nikotintartalmak \u00e1llnak rendelkez\u00e9sre?<\/strong><\/p>\n<p>A k\u00e9sz\u00fcl\u00e9k n\u00e9gy nikotintartalommal kaphat\u00f3: 0%, 2%, 3% \u00e9s 5%. Ez a sokoldal\u00fa v\u00e1laszt\u00e9k k\u00fcl\u00f6nb\u00f6z\u0151 preferenci\u00e1kat fed le \u2013 a nikotinmentes g\u0151z\u00f6l\u00e9st\u0151l az er\u0151s nikotin-kiel\u00e9g\u00edt\u00e9sig \u2013, \u00e9s lehet\u0151v\u00e9 teszi a felhaszn\u00e1l\u00f3k sz\u00e1m\u00e1ra, hogy kiv\u00e1lassz\u00e1k a sz\u00fcks\u00e9gleteiknek \u00e9s g\u0151z\u00f6l\u00e9si st\u00edlusuknak legink\u00e1bb megfelel\u0151 er\u0151ss\u00e9get.<\/p>\n<p><strong>Hogyan t\u00f6ltsem fel ezt a vaporizert, \u00e9s mennyi ideig tart az akkumul\u00e1tor?<\/strong><\/p>\n<p>A k\u00e9sz\u00fcl\u00e9k 650 mAh-\u00e1s \u00fajrat\u00f6lthet\u0151 kobalt akkumul\u00e1torral rendelkezik, praktikus Type-C t\u00f6lt\u0151csatlakoz\u00f3val a gyors \u00e9s hat\u00e9kony t\u00f6lt\u00e9s \u00e9rdek\u00e9ben. A Type-C csatlakoz\u00f3 r\u00f6vid t\u00f6lt\u00e9si id\u0151t \u00e9s univerz\u00e1lis kompatibilit\u00e1st biztos\u00edt a modern t\u00f6lt\u0151k\u00e1belekkel, \u00edgy eg\u00e9sz nap zavartalanul \u00e9lvezheti a g\u0151z\u00f6l\u00e9s \u00e9lm\u00e9ny\u00e9t.<\/p>\n<p><strong>Mi teszi ezt az eszk\u00f6zt ide\u00e1lisnak a DTL-g\u0151z\u00f6l\u00e9shez?<\/strong><\/p>\n<p>Ez a hookah st\u00edlus\u00fa e-shisha \u00f6tv\u00f6zi a fejlett h\u00e1l\u00f3s tekercs technol\u00f3gi\u00e1t egy b\u0151s\u00e9ges, 22 ml-es e-liquid kapacit\u00e1ssal, ami jelent\u0151sen fokozza az \u00edz intenzit\u00e1s\u00e1t \u00e9s s\u0171r\u0171, kiel\u00e9g\u00edt\u0151 g\u0151zfelh\u0151ket hoz l\u00e9tre. Ez a kialak\u00edt\u00e1s t\u00f6k\u00e9letess\u00e9 teszi a k\u00f6zvetlen t\u00fcd\u0151be sz\u00edv\u00e1shoz (DTL), \u00e9s minden slukk ut\u00e1n sima \u00e9s er\u0151teljes \u00e9lm\u00e9nyt ny\u00fajt.<\/p>\n<p><strong>H\u00e1ny \u00edzv\u00e1laszt\u00e9k van, \u00e9s hogyan van csomagolva a k\u00e9sz\u00fcl\u00e9k?<\/strong><\/p>\n<p>A Vape 12 gondosan kidolgozott \u00edzt k\u00edn\u00e1l a k\u00fcl\u00f6nb\u00f6z\u0151 \u00edzl\u00e9svil\u00e1gokhoz. Minden egys\u00e9g 10 darabos dobozban ker\u00fcl forgalomba, ami mind szem\u00e9lyes haszn\u00e1latra, mind nagykereskedelmi forgalmaz\u00e1sra praktikus \u2013 ide\u00e1lis azoknak a keresked\u0151knek \u00e9s mag\u00e1nfelhaszn\u00e1l\u00f3knak, akik v\u00e1ltozatoss\u00e1got \u00e9s hozz\u00e1adott \u00e9rt\u00e9ket keresnek.<\/p>\n<h2>Fedezze fel az Apex Vape tov\u00e1bbi pr\u00e9mium e-shish\u00e1it!<\/h2>\n<p>Kiv\u00e1l\u00f3 min\u0151s\u00e9g\u0171, egyszer haszn\u00e1latos e-shish\u00e1kat \u00e9s vape-eket keres, amelyek hossz\u00fa ideig tart\u00f3 g\u0151z\u00e9lvezet\u00e9st biztos\u00edtanak? A <strong><a href=\"https:\/\/apexvape.de\/hu\/\">Apex Vape<\/a><\/strong> minden \u00edzl\u00e9snek megfelel\u0151 pr\u00e9mium term\u00e9kek sz\u00e9les v\u00e1laszt\u00e9k\u00e1t tal\u00e1lja. Az Uwin Shisha Hookah Crystal 20000 csak egy a sok kiv\u00e1l\u00f3 min\u0151s\u00e9g\u0171 eszk\u00f6z k\u00f6z\u00fcl, amelyek megtal\u00e1lhat\u00f3k k\u00edn\u00e1latunkban. Fedezze fel teljes <strong><a href=\"https:\/\/apexvape.de\/hu\/product-category\/uwin-vape\/\">UWIN VAPE kollekci\u00f3<\/a><\/strong> \u00e9s fedezze fel tov\u00e1bbi innovat\u00edv vape megold\u00e1sokat, amelyek kiv\u00e9teles teljes\u00edtm\u00e9nyt, sokf\u00e9le \u00edzt \u00e9s a legmodernebb technol\u00f3gi\u00e1t k\u00edn\u00e1lnak. Ak\u00e1r mag\u00e1nc\u00e9lra, ak\u00e1r nagykereskedelmi forgalmaz\u00e1sra keres term\u00e9ket, az Apex Vape-n\u00e9l garant\u00e1ltan megtal\u00e1lja az ig\u00e9nyeinek megfelel\u0151 term\u00e9ket.<\/p>","protected":false},"excerpt":{"rendered":"<p class=\"font-claude-response-body break-words whitespace-normal leading-[1.7]\">Die Uwin Shisha Hookah Crystal 20000 bietet authentisches Shisha-Feeling mit 20.000 Z\u00fcgen und 22ml E-Liquid. Mesh-Coil-Technologie, 650-mAh-Akku mit Type-C-Ladung und DTL-Dampfen garantieren intensive Aromen und dichte Wolken. 12 Geschmacksrichtungen in 0-5% Nikotinst\u00e4rken. Perfekt f\u00fcr Shisha-Liebhaber und Gro\u00dfhandel.<\/p>\n","protected":false},"featured_media":5171,"comment_status":"open","ping_status":"closed","template":"","meta":[],"product_brand":[],"product_cat":[78],"product_tag":[],"class_list":{"0":"post-5170","1":"product","2":"type-product","3":"status-publish","4":"has-post-thumbnail","6":"product_cat-uwin-vape","8":"first","9":"instock","10":"shipping-taxable","11":"purchasable","12":"product-type-variable"},"_links":{"self":[{"href":"https:\/\/apexvape.de\/hu\/wp-json\/wp\/v2\/product\/5170","targetHints":{"allow":["GET"]}}],"collection":[{"href":"https:\/\/apexvape.de\/hu\/wp-json\/wp\/v2\/product"}],"about":[{"href":"https:\/\/apexvape.de\/hu\/wp-json\/wp\/v2\/types\/product"}],"replies":[{"embeddable":true,"href":"https:\/\/apexvape.de\/hu\/wp-json\/wp\/v2\/comments?post=5170"}],"version-history":[{"count":0,"href":"https:\/\/apexvape.de\/hu\/wp-json\/wp\/v2\/product\/5170\/revisions"}],"wp:featuredmedia":[{"embeddable":true,"href":"https:\/\/apexvape.de\/hu\/wp-json\/wp\/v2\/media\/5171"}],"wp:attachment":[{"href":"https:\/\/apexvape.de\/hu\/wp-json\/wp\/v2\/media?parent=5170"}],"wp:term":[{"taxonomy":"product_brand","embeddable":true,"href":"https:\/\/apexvape.de\/hu\/wp-json\/wp\/v2\/product_brand?post=5170"},{"taxonomy":"product_cat","embeddable":true,"href":"https:\/\/apexvape.de\/hu\/wp-json\/wp\/v2\/product_cat?post=5170"},{"taxonomy":"product_tag","embeddable":true,"href":"https:\/\/apexvape.de\/hu\/wp-json\/wp\/v2\/product_tag?post=5170"}],"curies":[{"name":"wp","href":"https:\/\/api.w.org\/{rel}","templated":true}]}}