{"id":4851,"date":"2025-12-08T16:36:11","date_gmt":"2025-12-08T15:36:11","guid":{"rendered":"https:\/\/apexvape.de\/?post_type=product&#038;p=4851"},"modified":"2025-12-08T16:39:27","modified_gmt":"2025-12-08T15:39:27","slug":"jnr-rage-gorilla-55000","status":"publish","type":"product","link":"https:\/\/apexvape.de\/hu\/product\/jnr-rage-gorilla-55000\/","title":{"rendered":"JNR Rage Gorilla 55000 sz\u00edv\u00e1sos eldobhat\u00f3 e-cigaretta"},"content":{"rendered":"<h1>JNR Rage Gorilla 55000 sz\u00edv\u00e1s 55K digit\u00e1lis LED kijelz\u0151s eldobhat\u00f3 vape<\/h1>\n<p>A JNR Rage Gorilla 55000 egy kiv\u00e9teles eldobhat\u00f3 e-cigaretta, amely 42 ml-es e-liquid kapacit\u00e1s\u00e1val ak\u00e1r 55 000 slukkot is biztos\u00edt. A kett\u0151s h\u00e1l\u00f3s tekercs technol\u00f3gi\u00e1val, amely sima, arom\u00e1s g\u0151zt biztos\u00edt, \u00e9s az akkumul\u00e1tor \u00e9lettartam\u00e1t \u00e9s a slukkok sz\u00e1m\u00e1t figyel\u0151 intelligens k\u00e9perny\u0151vel ez a k\u00e9sz\u00fcl\u00e9k \u00f6tv\u00f6zi a k\u00e9nyelmet \u00e9s a teljes\u00edtm\u00e9nyt. Az \u00fajrat\u00f6lthet\u0151 950 mAh-s akkumul\u00e1tor t\u00e1mogatja a Type-C gyors t\u00f6lt\u00e9st, \u00edgy minim\u00e1lisra cs\u00f6kkenti az \u00fczemsz\u00fcnetet. 2% nikotintartalm\u00e1val kiel\u00e9g\u00edt\u0151, m\u00e9gis sima \u00e9lm\u00e9nyt ny\u00fajt, \u00edgy az egyik legtart\u00f3sabb \u00e9s legk\u00f6nnyebben haszn\u00e1lhat\u00f3 eldobhat\u00f3 e-cigaretta azoknak a napi haszn\u00e1lat\u00fa e-cigaretta-haszn\u00e1l\u00f3knak, akik min\u0151s\u00e9get \u00e9s megb\u00edzhat\u00f3s\u00e1got keresnek.<\/p>\n<h2>JNR Rage Gorilla 55000 sz\u00edv\u00e1s F\u0151bb jellemz\u0151k<\/h2>\n<p>A JNR Rage Gorilla 55000 sz\u00edv\u00e1s az egyik legtart\u00f3sabb eldobhat\u00f3 e-cigaretta a piacon, \u00e9s leny\u0171g\u00f6z\u0151 55 000 sz\u00edv\u00e1st biztos\u00edt a b\u0151s\u00e9ges, 42 ml-es pr\u00e9mium e-liquid kapacit\u00e1s\u00e1b\u00f3l. Ez a rendk\u00edv\u00fcli sz\u00e1m\u00fa sz\u00edv\u00e1s kevesebb cser\u00e9t \u00e9s megszak\u00edt\u00e1s n\u00e9lk\u00fcli g\u0151z\u00f6l\u00e9si \u00e9lm\u00e9nyt jelent, ami ide\u00e1lis v\u00e1laszt\u00e1ss\u00e1 teszi azok sz\u00e1m\u00e1ra, akik \u00e9rt\u00e9kelik a k\u00e9nyelmet \u00e9s a tart\u00f3ss\u00e1got a g\u0151z\u00f6l\u00e9si \u00e9lm\u00e9nyben.<\/p>\n<p>A fejlett Dual-Mesh-Coil technol\u00f3gi\u00e1val ell\u00e1tott k\u00e9sz\u00fcl\u00e9k minden slukk ut\u00e1n folyamatosan l\u00e1gy \u00e9s arom\u00e1s g\u0151zt biztos\u00edt. Az intelligens k\u00e9perny\u0151 modern k\u00e9nyelmet ny\u00fajt, \u00e9s lehet\u0151v\u00e9 teszi a felhaszn\u00e1l\u00f3k sz\u00e1m\u00e1ra, hogy k\u00f6nnyed\u00e9n figyelemmel k\u00eds\u00e9rj\u00e9k az akkumul\u00e1tor \u00e9lettartam\u00e1t \u00e9s a fennmarad\u00f3 slukkok sz\u00e1m\u00e1t, \u00edgy soha nem \u00e9rheti meglepet\u00e9s, amikor elj\u00f6n az ideje a k\u00e9sz\u00fcl\u00e9k felt\u00f6lt\u00e9s\u00e9nek vagy cser\u00e9j\u00e9nek.<\/p>\n<p>Az \u00fajrat\u00f6lthet\u0151 kialak\u00edt\u00e1s egy nagy teljes\u00edtm\u00e9ny\u0171 950 mAh-s akkumul\u00e1torral \u00e9s gyors Type-C t\u00f6lt\u00e9si technol\u00f3gi\u00e1val rendelkezik, amely biztos\u00edtja, hogy minim\u00e1lis le\u00e1ll\u00e1si id\u0151vel gyorsan folytathassa a g\u0151z\u00f6l\u00e9st. Ez a jelent\u0151s akkumul\u00e1tor-kapacit\u00e1s \u00e9s hat\u00e9kony t\u00f6lt\u00e9s kombin\u00e1ci\u00f3ja a k\u00e9sz\u00fcl\u00e9ket praktikus \u00e9s felhaszn\u00e1l\u00f3bar\u00e1t eszk\u00f6zz\u00e9 teszi a mindennapi haszn\u00e1latra.<\/p>\n<p>2% nikotintartalommal a JNR Rage Gorilla kiel\u00e9g\u00edt\u0151, m\u00e9gis k\u00edm\u00e9letes g\u0151z\u00f6l\u00e9si \u00e9lm\u00e9nyt ny\u00fajt, amely egyens\u00falyt teremt a nikotinadagol\u00e1s \u00e9s az \u00edzmin\u0151s\u00e9g k\u00f6z\u00f6tt. Ez a gondosan kalibr\u00e1lt nikotinszint biztos\u00edtja a felhaszn\u00e1l\u00f3k sz\u00e1m\u00e1ra a k\u00edv\u00e1nt kiel\u00e9g\u00fcl\u00e9st, mik\u00f6zben k\u00e9nyelmes \u00e9s \u00e9lvezetes g\u0151z\u00f6l\u00e9si \u00e9lm\u00e9nyt ny\u00fajt a k\u00e9sz\u00fcl\u00e9k leny\u0171g\u00f6z\u0151 \u00e9lettartama alatt.<\/p>\n<h2>Term\u00e9kle\u00edr\u00e1sok<\/h2>\n<ul>\n<li><strong>K\u00e9sz\u00fcl\u00e9k t\u00edpus:<\/strong> \u00dajrat\u00f6lthet\u0151 eldobhat\u00f3 vape<\/li>\n<li><strong>Vonatkapacit\u00e1s:<\/strong> Ak\u00e1r 55 000 vonat<\/li>\n<li><strong>Nikotin er\u0151ss\u00e9ge:<\/strong> 2% (20 mg\/ml)<\/li>\n<li><strong>E-liquid kapacit\u00e1s:<\/strong> 42 ml el\u0151re felt\u00f6ltve<\/li>\n<li><strong>Akkumul\u00e1tor:<\/strong> 950 mAh \u00fajrat\u00f6lthet\u0151<\/li>\n<li><strong>T\u00f6lt\u0151csatlakoz\u00f3:<\/strong> USB Type-C<\/li>\n<li><strong>Tekercsrendszer:<\/strong> Kett\u0151s h\u00e1l\u00f3s tekercs<\/li>\n<li><strong>Kijelz\u0151:<\/strong> Intelligens LED-k\u00e9perny\u0151 (akkumul\u00e1tor \u00e9s e-folyad\u00e9k figyel\u00e9se)<\/li>\n<li><strong>\u00cdzsz\u00e1m:<\/strong> 20 egyedi lehet\u0151s\u00e9g<\/li>\n<li><strong>Csomagol\u00e1s:<\/strong> 10 darabos csomagol\u00e1s<\/li>\n<\/ul>\n<h2>\u00cdzek<\/h2>\n<ol>\n<li>Eper j\u00e9gkr\u00e9m<\/li>\n<li>Csereszny\u00e9s k\u00f3la<\/li>\n<li>G\u00f6r\u00f6gdinnye j\u00e9gkr\u00e9m<\/li>\n<li>K\u00e9k razz cseresznye<\/li>\n<li>Eper-kivi<\/li>\n<li>\u00c1fonya, m\u00e1lna, cseresznye<\/li>\n<li>Eper-g\u00f6r\u00f6gdinnye j\u00e9gkr\u00e9m<\/li>\n<li>Kivi-g\u00f6r\u00f6gdinnye j\u00e9gkr\u00e9m<\/li>\n<li>Vegyes bogy\u00f3s gy\u00fcm\u00f6lcs\u00f6k<\/li>\n<li>L\u00e9d\u00fas \u0151szibarackok<\/li>\n<li>\u00c1fonya j\u00e9g<\/li>\n<li>\u00c1fonya-savany\u00fa m\u00e1lna<\/li>\n<li>Feh\u00e9r \u0151szibarack Razz<\/li>\n<li>Mang\u00f3 Passi\u00f3gy\u00fcm\u00f6lcs<\/li>\n<li>\u0150szibarack, mang\u00f3, g\u00f6r\u00f6gdinnye<\/li>\n<li>G\u00f6r\u00f6gdinnye r\u00e1g\u00f3gumi<\/li>\n<li>Eper-ban\u00e1n<\/li>\n<li>Dupla alma<\/li>\n<li>Kivi Passi\u00f3gy\u00fcm\u00f6lcs Guava<\/li>\n<li>Cseresznye-bogy\u00f3<\/li>\n<\/ol>\n<h2>JNR Rage Gorilla 55000 \u2013 Gyakran ism\u00e9telt k\u00e9rd\u00e9sek<\/h2>\n<p><strong>1. H\u00e1ny mozdonyt k\u00edn\u00e1l a JNR Rage Gorilla 55000?<\/strong><\/p>\n<p>Ez az eszk\u00f6z leny\u0171g\u00f6z\u0151 55 000 sz\u00edv\u00e1st biztos\u00edt, ezzel az egyik legtart\u00f3sabb eldobhat\u00f3 e-cigaretta a piacon. Nagylelk\u0171, 42 ml-es pr\u00e9mium e-liquid kapacit\u00e1s\u00e1val a felhaszn\u00e1l\u00f3k hossz\u00fa g\u0151z\u00f6l\u00e9si \u00e9lm\u00e9nyt \u00e9lvezhetnek an\u00e9lk\u00fcl, hogy gyakran kellene cser\u00e9lni\u00fck, \u00edgy kiv\u00e9teles \u00e9rt\u00e9ket \u00e9s k\u00e9nyelmet biztos\u00edt a napi g\u0151z\u00f6l\u0151k sz\u00e1m\u00e1ra.<\/p>\n<p><strong>2. Milyen tekercs technol\u00f3gi\u00e1t haszn\u00e1l ez a vaporiz\u00e1tor?<\/strong><\/p>\n<p>A k\u00e9sz\u00fcl\u00e9k fejlett kett\u0151s h\u00e1l\u00f3s tekercs technol\u00f3gi\u00e1val rendelkezik, amely minden sz\u00edv\u00e1sn\u00e1l folyamatosan l\u00e1gy \u00e9s arom\u00e1s g\u0151zt biztos\u00edt. Ez a kett\u0151s h\u00e1l\u00f3s kialak\u00edt\u00e1s maximaliz\u00e1lja az e-liquid \u00e9rintkez\u00e9s\u00e9t \u00e9s a f\u0171t\u00e9si hat\u00e9konys\u00e1got, \u00e9s kiv\u00e1l\u00f3 \u00edzmin\u0151s\u00e9get \u00e9s g\u0151ztermel\u00e9st biztos\u00edt teljes \u00e9lettartama alatt.<\/p>\n<p><strong>3. A JNR Rage Gorilla 55000 \u00fajrat\u00f6lthet\u0151?<\/strong><\/p>\n<p>Igen, ez a modell teljesen \u00fajrat\u00f6lthet\u0151 \u00e9s egy nagy teljes\u00edtm\u00e9ny\u0171 950 mAh-s akkumul\u00e1torral van felszerelve. Praktikus Type-C gyors t\u00f6lt\u00e9si technol\u00f3gi\u00e1val rendelkezik, amely lehet\u0151v\u00e9 teszi a felhaszn\u00e1l\u00f3k sz\u00e1m\u00e1ra a gyors t\u00f6lt\u00e9st minim\u00e1lis le\u00e1ll\u00e1si id\u0151vel. Az \u00fajrat\u00f6lthet\u0151 kialak\u00edt\u00e1s biztos\u00edtja, hogy a 42 ml-es e-liquid kapacit\u00e1s minden egyes slukkj\u00e1t kihaszn\u00e1lhassa, akkumul\u00e1tor-korl\u00e1toz\u00e1sok n\u00e9lk\u00fcl.<\/p>\n<p><strong>4. Milyen nikotintartalommal rendelkezik ez az eldobhat\u00f3 e-cigaretta?<\/strong><\/p>\n<p>A term\u00e9k 2% nikotintartalommal rendelkezik, \u00e9s kiel\u00e9g\u00edt\u0151, m\u00e9gis k\u00edm\u00e9letes g\u0151z\u00f6l\u00e9si \u00e9lm\u00e9nyt ny\u00fajt. Ez a gondosan kalibr\u00e1lt nikotinszint egyens\u00falyt teremt a hat\u00e9kony nikotinadagol\u00e1s \u00e9s az \u00edzmin\u0151s\u00e9g k\u00f6z\u00f6tt, \u00edgy alkalmas azoknak a felhaszn\u00e1l\u00f3knak, akik m\u00e9rs\u00e9kelt nikotinkoncentr\u00e1ci\u00f3t prefer\u00e1lnak, amely k\u00e9nyelmes a hosszabb g\u0151z\u00f6l\u00e9si szakaszokhoz.<\/p>\n<p><strong>5. Van-e ennek a k\u00e9sz\u00fcl\u00e9knek kijelz\u0151je?<\/strong><\/p>\n<p>Igen, intelligens k\u00e9perny\u0151vel rendelkezik, amely lehet\u0151v\u00e9 teszi a felhaszn\u00e1l\u00f3k sz\u00e1m\u00e1ra, hogy k\u00f6nnyed\u00e9n figyelemmel k\u00eds\u00e9rj\u00e9k az akkumul\u00e1tor \u00e9lettartam\u00e1t \u00e9s a fennmarad\u00f3 sz\u00edv\u00e1sok sz\u00e1m\u00e1t. Ez a praktikus funkci\u00f3 jobb ellen\u0151rz\u00e9st biztos\u00edt a g\u0151z\u00f6l\u00e9si \u00e9lm\u00e9ny felett, \u00e9s garant\u00e1lja, hogy mindig tudd, mikor kell felt\u00f6lteni vagy kicser\u00e9lni a k\u00e9sz\u00fcl\u00e9ket, \u00edgy elker\u00fclhet\u0151k a v\u00e1ratlan megszak\u00edt\u00e1sok.<\/p>\n<h2>Fedezze fel az Apex Vape tov\u00e1bbi JNR term\u00e9keit<\/h2>\n<p>A JNR Rage Gorilla 55000 a legmagasabb szint\u0171 innov\u00e1ci\u00f3t \u00e9s min\u0151s\u00e9get k\u00e9pviseli. \u00c9rdekelnek m\u00e1s pr\u00e9mium k\u00e9sz\u00fcl\u00e9kek is? B\u00f6ng\u00e9sszen weboldalunkon! <strong><a href=\"https:\/\/apexvape.de\/hu\/\">honlap<\/a><\/strong> sz\u00e9les v\u00e1laszt\u00e9k\u00fa e-cigarett\u00e1ink \u00e9s kieg\u00e9sz\u00edt\u0151ink r\u00e9v\u00e9n. Speci\u00e1lis <strong><a href=\"https:\/\/apexvape.de\/hu\/product-category\/jnr-vape\/\">JNR VAPE kateg\u00f3ria<\/a><\/strong> Bemutatjuk \u00d6nnek a n\u00e9pszer\u0171 JNR sorozat teljes term\u00e9kpalett\u00e1j\u00e1t, k\u00fcl\u00f6nb\u00f6z\u0151 modellekkel, kapacit\u00e1sokkal \u00e9s \u00edzv\u00e1ltozatokkal. Gy\u0151z\u0151dj\u00f6n meg saj\u00e1t szem\u00e9vel az els\u0151 oszt\u00e1ly\u00fa min\u0151s\u00e9gr\u0151l, a megb\u00edzhat\u00f3 szolg\u00e1ltat\u00e1sr\u00f3l \u00e9s a versenyk\u00e9pes \u00e1rakr\u00f3l egyedi \u00e9s nagy mennyis\u00e9g\u0171 megrendel\u00e9sek eset\u00e9n egyar\u00e1nt.<\/p>","protected":false},"excerpt":{"rendered":"<p>A JNR Rage Gorilla 55000 Z\u00fcge egy pr\u00e9mium min\u0151s\u00e9g\u0171, egyszer haszn\u00e1latos e-cigaretta, amely leny\u0171g\u00f6z\u0151 55 000 sz\u00edv\u00e1ssal \u00e9s 42 ml e-liquid kapacit\u00e1ssal rendelkezik. A Dual-Mesh-Coil technol\u00f3gia intenz\u00edv \u00edzt biztos\u00edt, m\u00edg a Smart LED kijelz\u0151n l\u00e1that\u00f3 az akkumul\u00e1tor \u00e9s a sz\u00edv\u00e1sok sz\u00e1ma. 950 mAh-s \u00fajrat\u00f6lthet\u0151 akkumul\u00e1torral \u00e9s Type-C gyors t\u00f6lt\u00e9ssel \u2013 t\u00f6k\u00e9letes v\u00e1laszt\u00e1s a ig\u00e9nyes g\u0151z\u00f6l\u0151k sz\u00e1m\u00e1ra.<\/p>","protected":false},"featured_media":4852,"comment_status":"open","ping_status":"closed","template":"","meta":[],"product_brand":[],"product_cat":[77],"product_tag":[],"class_list":{"0":"post-4851","1":"product","2":"type-product","3":"status-publish","4":"has-post-thumbnail","6":"product_cat-jnr-vape","8":"first","9":"instock","10":"shipping-taxable","11":"purchasable","12":"product-type-variable"},"_links":{"self":[{"href":"https:\/\/apexvape.de\/hu\/wp-json\/wp\/v2\/product\/4851","targetHints":{"allow":["GET"]}}],"collection":[{"href":"https:\/\/apexvape.de\/hu\/wp-json\/wp\/v2\/product"}],"about":[{"href":"https:\/\/apexvape.de\/hu\/wp-json\/wp\/v2\/types\/product"}],"replies":[{"embeddable":true,"href":"https:\/\/apexvape.de\/hu\/wp-json\/wp\/v2\/comments?post=4851"}],"version-history":[{"count":0,"href":"https:\/\/apexvape.de\/hu\/wp-json\/wp\/v2\/product\/4851\/revisions"}],"wp:featuredmedia":[{"embeddable":true,"href":"https:\/\/apexvape.de\/hu\/wp-json\/wp\/v2\/media\/4852"}],"wp:attachment":[{"href":"https:\/\/apexvape.de\/hu\/wp-json\/wp\/v2\/media?parent=4851"}],"wp:term":[{"taxonomy":"product_brand","embeddable":true,"href":"https:\/\/apexvape.de\/hu\/wp-json\/wp\/v2\/product_brand?post=4851"},{"taxonomy":"product_cat","embeddable":true,"href":"https:\/\/apexvape.de\/hu\/wp-json\/wp\/v2\/product_cat?post=4851"},{"taxonomy":"product_tag","embeddable":true,"href":"https:\/\/apexvape.de\/hu\/wp-json\/wp\/v2\/product_tag?post=4851"}],"curies":[{"name":"wp","href":"https:\/\/api.w.org\/{rel}","templated":true}]}}