{"id":4825,"date":"2025-12-08T16:20:35","date_gmt":"2025-12-08T15:20:35","guid":{"rendered":"https:\/\/apexvape.de\/?post_type=product&#038;p=4825"},"modified":"2025-12-08T16:21:37","modified_gmt":"2025-12-08T15:21:37","slug":"jnr-fox-10000","status":"publish","type":"product","link":"https:\/\/apexvape.de\/hu\/product\/jnr-fox-10000\/","title":{"rendered":"JNR FOX 10000 sz\u00edv\u00e1s\u00fa eldobhat\u00f3 e-cigaretta"},"content":{"rendered":"<h1>JNR FOX 10000 Pod Kit eredeti \u00fajrat\u00f6lthet\u0151 vape alacsony nikotintartalommal nagykereskedelmi<\/h1>\n<p>A JNR FOX 10000 Prefilled Pod Vape Kit 20 mg-os tartalommal kiv\u00e1l\u00f3 min\u0151s\u00e9g\u0171 g\u0151z\u00e9lm\u00e9nyt ny\u00fajt, 10 000 sz\u00edv\u00e1ssal, eleg\u00e1ns, \u00fajrat\u00f6lthet\u0151 kialak\u00edt\u00e1sban. Er\u0151s 800 mAh-s akkumul\u00e1torral, 2 ml-es el\u0151re felt\u00f6lt\u00f6tt poddal \u00e9s 10 ml-es ut\u00e1nt\u00f6lthet\u0151 palackkal rendelkezik, amely k\u00e9nyelmet \u00e9s hossz\u00fa \u00e9lettartamot biztos\u00edt. A k\u00e9sz\u00fcl\u00e9k integr\u00e1lt h\u00e1l\u00f3s tekercs technol\u00f3gi\u00e1val rendelkezik az \u00edz fokoz\u00e1sa \u00e9s az egyenletes g\u0151ztermel\u00e9s \u00e9rdek\u00e9ben, kieg\u00e9sz\u00edtve egy enyhe 2% (20 mg) nikotinsterhel\u00e9ssel, amely kiel\u00e9g\u00edt\u0151, de nem \u00e9les. A biztons\u00e1g \u00e9s a min\u0151s\u00e9g tekintet\u00e9ben TPD-tan\u00fas\u00edtv\u00e1nnyal rendelkez\u0151 JNR Fox 10000 azoknak a g\u0151z\u00f6l\u0151knek k\u00e9sz\u00fclt, akik tart\u00f3s teljes\u00edtm\u00e9nyt, gazdag \u00edzt \u00e9s felhaszn\u00e1l\u00f3bar\u00e1t kezelhet\u0151s\u00e9get keresnek.<\/p>\n<h2>JNR FOX 10000 vonatok F\u0151bb jellemz\u0151k<\/h2>\n<p>A JNR FOX 10000 Z\u00fcge kiv\u00e9teles g\u0151z\u00f6l\u00e9si \u00e9lm\u00e9nyt ny\u00fajt, ak\u00e1r 10 000 slukkot is biztos\u00edtva egy k\u00e9szletben, \u00edgy nincs sz\u00fcks\u00e9g folyamatos ut\u00e1nt\u00f6lt\u00e9sre. Innovat\u00edv kialak\u00edt\u00e1s\u00e1nak k\u00f6sz\u00f6nhet\u0151en 2 ml-es el\u0151re felt\u00f6lt\u00f6tt kapszul\u00e1val \u00e9s 10 ml-es automatikus ut\u00e1nt\u00f6lt\u0151 palackkal rendelkezik, ami minim\u00e1lis er\u0151fesz\u00edt\u00e9ssel biztos\u00edtja a folyamatos g\u0151z\u00f6l\u00e9st, mik\u00f6zben maxim\u00e1lis k\u00e9nyelmet ny\u00fajt a hosszabb haszn\u00e1lat sor\u00e1n.<\/p>\n<p>Az \u00e1lland\u00f3 teljes\u00edtm\u00e9ny \u00e9rdek\u00e9ben a k\u00e9sz\u00fcl\u00e9k egy h\u00e1l\u00f3s tekercset (\u22481,1 \u03a9) haszn\u00e1l, amely egyenletes h\u0151eloszl\u00e1st \u00e9s gazdag, egys\u00e9ges \u00edzt garant\u00e1l az els\u0151t\u0151l az utols\u00f3 slukkig. A 800 mAh-s \u00fajrat\u00f6lthet\u0151 akkumul\u00e1tor Type-C t\u00f6lt\u00e9ssel megb\u00edzhat\u00f3 energi\u00e1t biztos\u00edt eg\u00e9sz nap, m\u00edg a gyors t\u00f6lt\u00e9s minim\u00e1lisra cs\u00f6kkenti az \u00fczemsz\u00fcnetet, \u00edgy zavartalanul \u00e9lvezheti a haszn\u00e1latot.<\/p>\n<p>A funkcionalit\u00e1son t\u00fal a JNR FOX vizu\u00e1lis vonzer\u0151t is biztos\u00edt sz\u00ednes l\u00e9gz\u00e9sjelz\u0151 f\u00e9ny\u00e9vel, amely minden slukk ut\u00e1n dinamikusan vil\u00e1g\u00edt, \u00e9s st\u00edlusos, vonz\u00f3 g\u0151z\u00f6l\u00e9si \u00e9lm\u00e9nyt ny\u00fajt. A 2% nikotins\u00f3-\u00f6sszet\u00e9tel t\u00f6k\u00e9letes egyens\u00falyt teremt, \u00e9s l\u00e1gy, de kiel\u00e9g\u00edt\u0151 torok\u00e9rzetet biztos\u00edt, amely ide\u00e1lis azoknak a felhaszn\u00e1l\u00f3knak, akik enyhe vagy k\u00f6zepes nikotintartalmat keresnek, \u00e9get\u0151 \u00e9rz\u00e9s n\u00e9lk\u00fcl.<\/p>\n<p>A biztons\u00e1g \u00e9s a min\u0151s\u00e9g az els\u0151dleges szempont, mivel a JNR FOX 10000 TPD-tan\u00fas\u00edtv\u00e1nnyal rendelkezik \u00e9s teljes m\u00e9rt\u00e9kben megfelel az EU vapingre vonatkoz\u00f3 el\u0151\u00edr\u00e1sainak. Ez a tan\u00fas\u00edt\u00e1s garant\u00e1lja, hogy a k\u00e9sz\u00fcl\u00e9k minden szempontb\u00f3l megfelel a szigor\u00fa eur\u00f3pai szabv\u00e1nyoknak, \u00e9s biztons\u00e1got ny\u00fajt a felhaszn\u00e1l\u00f3knak, mik\u00f6zben egy kiv\u00e1l\u00f3 min\u0151s\u00e9g\u0171, megb\u00edzhat\u00f3 \u00e9s a jogszab\u00e1lyoknak megfelel\u0151 vaping term\u00e9ket \u00e9lvezhetnek.<\/p>\n<h2>Term\u00e9kle\u00edr\u00e1sok<\/h2>\n<ul>\n<li><strong>Vonatok:<\/strong> Ak\u00e1r 10 000<\/li>\n<li><strong>Nikotin er\u0151ss\u00e9ge:<\/strong> 2%<\/li>\n<li><strong>Tekercs:<\/strong> H\u00e1l\u00f3s tekercs<\/li>\n<li><strong>Akkumul\u00e1tor:<\/strong> 800 mAh \u00fajrat\u00f6lthet\u0151<\/li>\n<li><strong>E-liquid kapacit\u00e1s:<\/strong> 10 ml (\u00fajrat\u00f6lthet\u0151)<\/li>\n<li><strong>Rakom\u00e1ny:<\/strong> USB Type-C gyors t\u00f6lt\u00e9s<\/li>\n<li><strong>LED-vil\u00e1g\u00edt\u00e1s:<\/strong> Dinamikus sz\u00ednes LED-kijelz\u0151<\/li>\n<li><strong>Megfelel\u0151s\u00e9g:<\/strong> TPD tan\u00fas\u00edtv\u00e1nnyal rendelkezik<\/li>\n<\/ul>\n<h2>\u00cdzek<\/h2>\n<ol>\n<li>\u00c1fonya j\u00e9g<\/li>\n<li>Eper j\u00e9gkr\u00e9m<\/li>\n<li>G\u00f6r\u00f6gdinnye j\u00e9gkr\u00e9m<\/li>\n<li>Eper-kivi<\/li>\n<li>K\u00e9k razz cseresznye<\/li>\n<li>K\u00e9k Razz Ice<\/li>\n<li>\u00c1fonya, m\u00e1lna, cseresznye<\/li>\n<li>Cseresznye-bogy\u00f3<\/li>\n<li>Fizzy Cherry Cola<\/li>\n<li>Sz\u0151l\u0151j\u00e9g<\/li>\n<li>Kivi Passi\u00f3gy\u00fcm\u00f6lcs Guava<\/li>\n<li>Vegyes bogy\u00f3s gy\u00fcm\u00f6lcs\u00f6k<\/li>\n<li>\u0150szibarackos-m\u00e1ln\u00e1s<\/li>\n<li>Eper-ban\u00e1n<\/li>\n<li>G\u00f6r\u00f6gdinnye r\u00e1g\u00f3gumi<\/li>\n<\/ol>\n<h2>Gyakran ism\u00e9telt k\u00e9rd\u00e9sek \u2013 JNR FOX 10000 vonatok<\/h2>\n<p><strong>1. H\u00e1ny mozdulatot k\u00edn\u00e1l ez a k\u00e9sz\u00fcl\u00e9k?<\/strong><\/p>\n<p>A JNR FOX 10000 ak\u00e1r 10 000 sz\u00edv\u00e1st biztos\u00edt egy k\u00e9szletben, \u00e9s tart\u00f3s \u00e9lvezetet ny\u00fajt an\u00e9lk\u00fcl, hogy folyamatosan ut\u00e1nt\u00f6lteni kellene. Innovat\u00edv, 2 ml-es el\u0151re megt\u00f6lt\u00f6tt kapszul\u00e1ja \u00e9s 10 ml-es automatikus ut\u00e1nt\u00f6lt\u0151 palackja egy\u00fcttesen biztos\u00edtj\u00e1k a folyamatos g\u0151z\u00f6l\u00e9st minim\u00e1lis er\u0151fesz\u00edt\u00e9ssel, \u00edgy t\u00f6k\u00e9letes v\u00e1laszt\u00e1s hosszabb haszn\u00e1latra.<\/p>\n<p><strong>2. Milyen nikotintartalm\u00fa ez a vaporiz\u00e1tor?<\/strong><\/p>\n<p>Ez az eszk\u00f6z 2% nikotins\u00f3-\u00f6sszet\u00e9tellel rendelkezik, amely enyhe, de kiel\u00e9g\u00edt\u0151 torok\u00e9rzetet biztos\u00edt. Ez a enyhe-k\u00f6zepes nikotintartalom ide\u00e1lis azoknak a felhaszn\u00e1l\u00f3knak, akik kiegyens\u00falyozott g\u0151z\u00f6l\u00e9si \u00e9lm\u00e9nyt keresnek, \u00e9get\u0151 \u00e9rz\u00e9s n\u00e9lk\u00fcl, \u00e9s minden slukk ut\u00e1n egyenletes el\u00e9gedetts\u00e9get biztos\u00edt.<\/p>\n<p><strong>3. Ez a k\u00e9sz\u00fcl\u00e9k \u00fajrat\u00f6lthet\u0151, \u00e9s mennyi ideig tart a felt\u00f6lt\u00e9se?<\/strong><\/p>\n<p>Igen, 800 mAh-s \u00fajrat\u00f6lthet\u0151 akkumul\u00e1torral \u00e9s C-t\u00edpus\u00fa t\u00f6lt\u0151csatlakoz\u00f3val rendelkezik. A C-t\u00edpus\u00fa csatlakoz\u00f3 gyors t\u00f6lt\u00e9st biztos\u00edt minim\u00e1lis le\u00e1ll\u00e1si id\u0151vel, \u00e9s megb\u00edzhat\u00f3 energi\u00e1t ny\u00fajt eg\u00e9sz nap, \u00edgy b\u00e1rmikor \u00e9lvezheti a zavartalan g\u0151z\u00f6l\u00e9st.<\/p>\n<p><strong>4. Mi teszi az \u00edz min\u0151s\u00e9g\u00e9t olyan \u00e1lland\u00f3s\u00e1?<\/strong><\/p>\n<p>A k\u00e9sz\u00fcl\u00e9k egy kiv\u00e1l\u00f3 min\u0151s\u00e9g\u0171 h\u00e1l\u00f3s tekercset (\u22481,1 \u03a9) haszn\u00e1l, amely egyenletes h\u0151eloszl\u00e1st biztos\u00edt a tekercs teljes fel\u00fclet\u00e9n. Ez a fejlett technol\u00f3gia gazdag, egyenletes \u00edzt biztos\u00edt az els\u0151t\u0151l az utols\u00f3 slukkig, \u00e9s az \u00edz min\u0151s\u00e9ge a 10 000 slukk teljes \u00e9lettartama alatt \u00e1lland\u00f3 marad.<\/p>\n<p><strong>5. Ez a vaporiz\u00e1tor Eur\u00f3p\u00e1ban leg\u00e1lis \u00e9s biztons\u00e1gosan haszn\u00e1lhat\u00f3?<\/strong><\/p>\n<p>Term\u00e9szetesen. Ez az eszk\u00f6z TPD (Tobacco Products Directive) tan\u00fas\u00edtv\u00e1nnyal rendelkezik, \u00e9s teljes m\u00e9rt\u00e9kben megfelel az EU \u00f6sszes vapingre vonatkoz\u00f3 el\u0151\u00edr\u00e1s\u00e1nak. Ez a tan\u00fas\u00edt\u00e1s garant\u00e1lja, hogy minden szempontb\u00f3l megfelel a szigor\u00fa eur\u00f3pai biztons\u00e1gi \u00e9s min\u0151s\u00e9gi el\u0151\u00edr\u00e1soknak, \u00e9s teljes biztons\u00e1got ny\u00fajt a felhaszn\u00e1l\u00f3knak, akik \u00edgy \u00e9lvezhetik a magas min\u0151s\u00e9g\u0171, t\u00f6rv\u00e9nyes vaping term\u00e9ket.<\/p>\n<h2>Fedezze fel tov\u00e1bbi pr\u00e9mium min\u0151s\u00e9g\u0171 e-cigaretta term\u00e9keket<\/h2>\n<p>L\u00e1togasson el honlapunkra <strong><a href=\"https:\/\/apexvape.de\/hu\/\">honlap<\/a><\/strong> \u00e9s fedezze fel a kiv\u00e1l\u00f3 min\u0151s\u00e9g\u0171 e-cigarett\u00e1k \u00e9s vaping term\u00e9kek teljes v\u00e1laszt\u00e9k\u00e1t, minden \u00edzl\u00e9snek megfelel\u0151en. A JNR FOX 10000 csak egy a sok kiv\u00e1l\u00f3 min\u0151s\u00e9g\u0171 eszk\u00f6z k\u00f6z\u00fcl, amelyek megtal\u00e1lhat\u00f3k a k\u00edn\u00e1latunkban. Fedezze fel tov\u00e1bbi innovat\u00edv modelleket \u00e9s \u00edzv\u00e1laszt\u00e9kot a <strong><a href=\"https:\/\/apexvape.de\/hu\/product-category\/jnr-vape\/\">JNR VAPE kateg\u00f3ria<\/a><\/strong>, ahol megtal\u00e1lja a JNR m\u00e1rka leg\u00fajabb term\u00e9keit. Haszn\u00e1lja ki a gyors sz\u00e1ll\u00edt\u00e1st, a szak\u00e9rt\u0151 tan\u00e1csad\u00e1st \u00e9s a vonz\u00f3 nagykereskedelmi \u00e1rakat vaping-ig\u00e9nyei kiel\u00e9g\u00edt\u00e9s\u00e9hez.<\/p>","protected":false},"excerpt":{"rendered":"<div data-test-render-count=\"1\">\n<div class=\"group relative pb-3\" data-is-streaming=\"false\">\n<div class=\"font-claude-response relative leading-[1.65rem] [&amp;_pre&gt;div]:bg-bg-000\/50 [&amp;_pre&gt;div]:border-0.5 [&amp;_pre&gt;div]:border-border-400 [&amp;_.ignore-pre-bg&gt;div]:bg-transparent [&amp;_.standard-markdown_:is(p,blockquote,h1,h2,h3,h4,h5,h6)]:pl-2 [&amp;_.standard-markdown_:is(p,blockquote,ul,ol,h1,h2,h3,h4,h5,h6)]:pr-8 [&amp;_.progressive-markdown_:is(p,blockquote,h1,h2,h3,h4,h5,h6)]:pl-2 [&amp;_.progressive-markdown_:is(p,blockquote,ul,ol,h1,h2,h3,h4,h5,h6)]:pr-8\">\n<div class=\"standard-markdown grid-cols-1 grid gap-4 [&amp;_&gt;_*]:min-w-0 standard-markdown\">\n<p class=\"font-claude-response-body break-words whitespace-normal \">Das JNR FOX 10000 Z\u00fcge Pod Kit bietet au\u00dfergew\u00f6hnliche Leistung mit 10.000 Z\u00fcgen, 800mAh wiederaufladbarem Akku und Mesh-Coil Technologie f\u00fcr intensiven Geschmack. Mit 2ml vorbef\u00fclltem Pod, 10ml Nachf\u00fcllflasche und 2% Nikotinsalz genie\u00dfen Sie langanhaltenden Dampfgenuss. TPD-zertifiziert \u2013 ideal f\u00fcr Gro\u00dfhandel.<\/p>\n<\/div>\n<\/div>\n<div class=\"absolute bottom-0 right-2 pointer-events-none\">\n<div class=\"rounded-lg transition min-w-max pointer-events-auto translate-x-2 translate-y-full pt-2\">\n<div class=\"text-text-300 flex items-stretch justify-between\">\n<div class=\"w-fit\" data-state=\"closed\">\n<div class=\"relative\">\n<div class=\"flex items-center justify-center transition-all opacity-100 scale-100\"><\/div>\n<div class=\"flex items-center justify-center absolute top-0 left-0 transition-all opacity-0 scale-50\"><\/div>\n<\/div>\n<\/div>\n<div class=\"w-fit\" data-state=\"closed\">\n<div class=\"flex items-center justify-center text-text-500 group-hover\/btn:text-text-100\"><\/div>\n<\/div>\n<div class=\"w-fit\" data-state=\"closed\">\n<div class=\"flex items-center justify-center text-text-500 group-hover\/btn:text-text-100\"><\/div>\n<\/div>\n<div class=\"flex items-center\">\n<div class=\"w-fit\" data-state=\"closed\">\n<div class=\"flex items-center justify-center text-text-500 group-hover\/btn:text-text-100\"><\/div>\n<\/div>\n<\/div>\n<\/div>\n<\/div>\n<\/div>\n<\/div>\n<\/div>\n<div class=\"h-px w-full pointer-events-none\" aria-hidden=\"true\"><\/div>\n","protected":false},"featured_media":4826,"comment_status":"open","ping_status":"closed","template":"","meta":[],"product_brand":[],"product_cat":[77],"product_tag":[],"class_list":{"0":"post-4825","1":"product","2":"type-product","3":"status-publish","4":"has-post-thumbnail","6":"product_cat-jnr-vape","8":"first","9":"instock","10":"shipping-taxable","11":"purchasable","12":"product-type-variable"},"_links":{"self":[{"href":"https:\/\/apexvape.de\/hu\/wp-json\/wp\/v2\/product\/4825","targetHints":{"allow":["GET"]}}],"collection":[{"href":"https:\/\/apexvape.de\/hu\/wp-json\/wp\/v2\/product"}],"about":[{"href":"https:\/\/apexvape.de\/hu\/wp-json\/wp\/v2\/types\/product"}],"replies":[{"embeddable":true,"href":"https:\/\/apexvape.de\/hu\/wp-json\/wp\/v2\/comments?post=4825"}],"version-history":[{"count":0,"href":"https:\/\/apexvape.de\/hu\/wp-json\/wp\/v2\/product\/4825\/revisions"}],"wp:featuredmedia":[{"embeddable":true,"href":"https:\/\/apexvape.de\/hu\/wp-json\/wp\/v2\/media\/4826"}],"wp:attachment":[{"href":"https:\/\/apexvape.de\/hu\/wp-json\/wp\/v2\/media?parent=4825"}],"wp:term":[{"taxonomy":"product_brand","embeddable":true,"href":"https:\/\/apexvape.de\/hu\/wp-json\/wp\/v2\/product_brand?post=4825"},{"taxonomy":"product_cat","embeddable":true,"href":"https:\/\/apexvape.de\/hu\/wp-json\/wp\/v2\/product_cat?post=4825"},{"taxonomy":"product_tag","embeddable":true,"href":"https:\/\/apexvape.de\/hu\/wp-json\/wp\/v2\/product_tag?post=4825"}],"curies":[{"name":"wp","href":"https:\/\/api.w.org\/{rel}","templated":true}]}}