{"id":4750,"date":"2025-12-05T17:04:09","date_gmt":"2025-12-05T16:04:09","guid":{"rendered":"https:\/\/apexvape.de\/?post_type=product&#038;p=4750"},"modified":"2025-12-08T15:18:04","modified_gmt":"2025-12-08T14:18:04","slug":"jnr-falcon-pro-28000","status":"publish","type":"product","link":"https:\/\/apexvape.de\/hu\/product\/jnr-falcon-pro-28000\/","title":{"rendered":"JNR Falcon Pro 28000 sz\u00edv\u00e1sos eldobhat\u00f3 e-cigaretta"},"content":{"rendered":"<h1>JNR Falcon Pro 28000 eldobhat\u00f3 e-cigaretta | Er\u0151teljes \u00e9s hiteles \u00edz<\/h1>\n<p>A JNR Falcon Pro 28000 Puffs az eredeti z\u00e1szl\u00f3shaj\u00f3 modell, amelyet sima, arom\u00e1s \u00e9s tart\u00f3s g\u0151z\u00e9lm\u00e9ny \u00e9rdek\u00e9ben fejlesztettek ki. Leny\u0171g\u00f6z\u0151, ak\u00e1r 28 000 sz\u00edv\u00e1s kapacit\u00e1s\u00e1val ez a nagy teljes\u00edtm\u00e9ny\u0171 eszk\u00f6z ide\u00e1lis azoknak a felhaszn\u00e1l\u00f3knak, akik \u00e9rt\u00e9kelik a kitart\u00e1st, a min\u0151s\u00e9get \u00e9s a st\u00edlust egy eleg\u00e1ns eszk\u00f6zben. 30 ml pr\u00e9mium e-liquiddel \u00e9s 2 % nikotinnal felszerelve a Falcon Pro \u00e1lland\u00f3 \u00e9s kiel\u00e9g\u00edt\u0151 torok\u00e9rzetet biztos\u00edt.<\/p>\n<p>A k\u00e9sz\u00fcl\u00e9k kett\u0151s h\u00e1l\u00f3s tekercsrendszerrel rendelkezik, amely optimaliz\u00e1lja a g\u0151ztermel\u00e9st \u00e9s az \u00edz tisztas\u00e1g\u00e1t, \u00e9s minden slukkot olyan intenz\u00edvv\u00e9 \u00e9s sim\u00e1v\u00e1 tesz, mint az els\u0151t. A fejlett tekercstechnol\u00f3gia z\u00f6kken\u0151mentesen m\u0171k\u00f6dik egy\u00fctt a b\u0151s\u00e9ges e-liquid kapacit\u00e1ssal, \u00e9s a k\u00e9sz\u00fcl\u00e9k teljes \u00e9lettartama alatt kiv\u00e9teles teljes\u00edtm\u00e9nyt ny\u00fajt.<\/p>\n<p>A megb\u00edzhat\u00f3, \u00fajrat\u00f6lthet\u0151 950 mAh-s akkumul\u00e1torral ell\u00e1tott e-cigaretta egyetlen felt\u00f6lt\u00e9ssel leny\u0171g\u00f6z\u0151 \u00fczemid\u0151t biztos\u00edt, \u00e9s Type-C gyors t\u00f6lt\u00e9st t\u00e1mogat a minim\u00e1lis le\u00e1ll\u00e1si id\u0151 \u00e9rdek\u00e9ben. A digit\u00e1lis LED-kijelz\u0151 val\u00f3s id\u0151ben t\u00e1j\u00e9koztatja \u00d6nt az akkumul\u00e1tor \u00e9s az e-liquid \u00e1llapot\u00e1r\u00f3l, \u00edgy minden haszn\u00e1lat sor\u00e1n biztons\u00e1gban \u00e9s ellen\u0151rz\u00e9s alatt \u00e9rezheti mag\u00e1t, \u00e9s soha nem \u00e9rheti meglepet\u00e9s.<\/p>\n<p>20 egyedi \u00edzzel a JNR Falcon Pro 28000 Puffs \u00fagy lett kifejlesztve, hogy a legk\u00fcl\u00f6nb\u00f6z\u0151bb \u00edzl\u00e9svil\u00e1gokat kiel\u00e9g\u00edtse \u2013 f\u00fcggetlen\u00fcl att\u00f3l, hogy valami gy\u00fcm\u00f6lcs\u00f6s, jeges vagy er\u0151teljes \u00edzt keres. Ez a sz\u00e9les \u00edzv\u00e1laszt\u00e9k biztos\u00edtja, hogy minden vaporiz\u00e1l\u00f3 megtal\u00e1lja a sz\u00e1m\u00e1ra legmegfelel\u0151bbet, \u00edgy sokoldal\u00fa v\u00e1laszt\u00e1s mind a kezd\u0151k, mind a tapasztalt rajong\u00f3k sz\u00e1m\u00e1ra.<\/p>\n<h2>M\u0171szaki adatok:<\/h2>\n<ul>\n<li><strong>E-folyad\u00e9k:<\/strong> 30 ml<\/li>\n<li><strong>Akkumul\u00e1tor kapacit\u00e1s:<\/strong> 950 mAh<\/li>\n<li><strong>Maxim\u00e1lis h\u00faz\u00e1sok:<\/strong> 28 000 puff<\/li>\n<li><strong>Nikotin er\u0151ss\u00e9ge:<\/strong> 2 % (20 mg)<\/li>\n<li><strong>Tekercs:<\/strong> Kett\u0151s 1,0 \u03a9-os h\u00e1l\u00f3s tekercsek a sima \u00e9s \u00edzletes sz\u00edv\u00e1sok\u00e9rt<\/li>\n<li><strong>Intelligens kijelz\u0151:<\/strong> Digit\u00e1lis kijelz\u0151<\/li>\n<li><strong>Kett\u0151s h\u00e1l\u00f3s tekercs technol\u00f3gia<\/strong><\/li>\n<li><strong>T\u00f6lt\u00e9s:<\/strong> USB Type-C<\/li>\n<li><strong>MTL-g\u0151z\u00f6l\u00e9s<\/strong> (Sz\u00e1j-t\u00fcd\u0151)<\/li>\n<\/ul>\n<h2>\u00cdzek:<\/h2>\n<ol>\n<li>Strawberry Ice (eperj\u00e9g)<\/li>\n<li>Cherry Cola (csereszny\u00e9s k\u00f3la)<\/li>\n<li>Watermelon Ice (g\u00f6r\u00f6gdinnye j\u00e9gkr\u00e9m)<\/li>\n<li>Blue Razz Cherry (k\u00e9k m\u00e1lna-cseresznye)<\/li>\n<li>Eper-kivi (Erdbeer-Kiwi)<\/li>\n<li>Blueberry Raspberry Cherry (\u00e1fonya-m\u00e1lna-cseresznye)<\/li>\n<li>Eper-g\u00f6r\u00f6gdinnye j\u00e9gkr\u00e9m<\/li>\n<li>Kiwi Watermelon Ice (kiwi-g\u00f6r\u00f6gdinnye j\u00e9gkr\u00e9m)<\/li>\n<li>Mixed Berries (vegyes bogy\u00f3s gy\u00fcm\u00f6lcs\u00f6k)<\/li>\n<li>Juicy Peaches (L\u00e9d\u00fas \u0151szibarackok)<\/li>\n<li>Blueberry Ice (\u00e1fonya j\u00e9gkr\u00e9m)<\/li>\n<li>Blueberry Sour Raspberry (\u00e1fonya-savany\u00fa m\u00e1lna)<\/li>\n<li>White Peach Razz (feh\u00e9r \u0151szibarack-m\u00e1lna)<\/li>\n<li>Mango Passion Fruit (mang\u00f3-passi\u00f3gy\u00fcm\u00f6lcs)<\/li>\n<li>Peach Mango Watermelon (\u0150szibarack-mang\u00f3-g\u00f6r\u00f6gdinnye)<\/li>\n<li>Watermelon Bubblegum (g\u00f6r\u00f6gdinnye r\u00e1g\u00f3gumi)<\/li>\n<li>Eper-ban\u00e1n<\/li>\n<li>Double Apple (Dupla alma)<\/li>\n<li>Kiwi Passion Guava (kiwi-passi\u00f3gy\u00fcm\u00f6lcs-guava)<\/li>\n<li>Cherry Berry (cseresznye-bogy\u00f3s gy\u00fcm\u00f6lcs)<\/li>\n<\/ol>\n<h2>Gyakran ism\u00e9telt k\u00e9rd\u00e9sek \u2013 JNR Falcon Pro 28000 Puffs<\/h2>\n<p><strong>1. H\u00e1ny vonatot k\u00edn\u00e1l a JNR Falcon Pro 28000?<\/strong><\/p>\n<p>Ez a k\u00e9sz\u00fcl\u00e9k ak\u00e1r 28 000 slukkot is k\u00e9pes leadni, ezzel a piacon el\u00e9rhet\u0151 leghosszabb \u00e9lettartam\u00fa eldobhat\u00f3 e-cigarett\u00e1k k\u00f6z\u00e9 tartozik. A hatalmas slukk-kapacit\u00e1s ide\u00e1lis azoknak a felhaszn\u00e1l\u00f3knak, akik kitart\u00e1st \u00e9s \u00e9rt\u00e9ket keresnek, an\u00e9lk\u00fcl, hogy gyakran kellene cser\u00e9lni\u00fck a term\u00e9ket.<\/p>\n<p><strong>2. Mekkora az e-liquid kapacit\u00e1sa \u00e9s milyen nikotintartalm\u00fa a k\u00e9sz\u00fcl\u00e9k?<\/strong><\/p>\n<p>A k\u00e9sz\u00fcl\u00e9k 30 ml pr\u00e9mium e-liquiddel el\u0151re felt\u00f6ltve, nikotintartalma 2 % (20 mg\/ml). Ez a b\u0151s\u00e9ges kapacit\u00e1s az optim\u00e1lis nikotintartalommal kombin\u00e1lva biztos\u00edtja az egyenletes \u00e9s kiel\u00e9g\u00edt\u0151 torok\u00e9rzetet a teljes \u00e9lettartam alatt.<\/p>\n<p><strong>3. Milyen tekercsrendszert haszn\u00e1l a JNR Falcon Pro 28000?<\/strong><\/p>\n<p>Fejlett kett\u0151s h\u00e1l\u00f3s tekercsrendszerrel rendelkezik, amely optimaliz\u00e1lja mind a g\u0151ztermel\u00e9st, mind az \u00edz tisztas\u00e1g\u00e1t. Ez a technol\u00f3gia biztos\u00edtja, hogy minden slukk ugyanolyan intenz\u00edv \u00e9s sima legyen, mint az els\u0151, \u00e9s kiv\u00e9teles teljes\u00edtm\u00e9nyt ny\u00fajtson az elej\u00e9t\u0151l a v\u00e9g\u00e9ig.<\/p>\n<p><strong>4. Mennyi ideig tart az akkumul\u00e1tor \u00e9s milyen t\u00f6lt\u00e9si lehet\u0151s\u00e9gek vannak?<\/strong><\/p>\n<p>A k\u00e9sz\u00fcl\u00e9ket egy megb\u00edzhat\u00f3, \u00fajrat\u00f6lthet\u0151 950 mAh-s akkumul\u00e1tor t\u00e1pl\u00e1lja, amely egyetlen felt\u00f6lt\u00e9ssel leny\u0171g\u00f6z\u0151 \u00fczemid\u0151t biztos\u00edt. T\u00e1mogatja a Type-C gyors t\u00f6lt\u00e9st a minim\u00e1lis le\u00e1ll\u00e1si id\u0151 \u00e9rdek\u00e9ben, \u00e9s a digit\u00e1lis LED-kijelz\u0151 val\u00f3s id\u0151ben mutatja az akkumul\u00e1tor \u00e1llapot\u00e1t, \u00edgy mindig t\u00e1j\u00e9kozott maradhat.<\/p>\n<p><strong>5. H\u00e1ny \u00edzben kaphat\u00f3 a JNR Falcon Pro 28000?<\/strong><\/p>\n<p>20 egyedi \u00edz \u00e1ll rendelkez\u00e9sre, hogy a legk\u00fcl\u00f6nb\u00f6z\u0151bb \u00edzl\u00e9svil\u00e1gokat kiel\u00e9g\u00edts\u00fck. Ak\u00e1r gy\u00fcm\u00f6lcs\u00f6s, jeges vagy er\u0151teljes \u00edzeket keres, ez a sz\u00e9les \u00edzv\u00e1laszt\u00e9k garant\u00e1lja, hogy minden g\u0151z\u00f6l\u0151 megtal\u00e1lja a sz\u00e1m\u00e1ra legmegfelel\u0151bbet, a kezd\u0151kt\u0151l a tapasztalt rajong\u00f3kig.<\/p>\n<h2>Az Apex Vape-r\u0151l<\/h2>\n<p>Fedezze fel a JNR Falcon Pro 28000-et \u00e9s tov\u00e1bbi pr\u00e9mium term\u00e9keket a <strong><a href=\"https:\/\/apexvape.de\/hu\/\">Apex Vape<\/a><\/strong> \u2013 a megb\u00edzhat\u00f3 online \u00e1ruh\u00e1z, ahol kiv\u00e1l\u00f3 min\u0151s\u00e9g\u0171 e-cigarett\u00e1kat \u00e9s vaping kieg\u00e9sz\u00edt\u0151ket tal\u00e1lhat N\u00e9metorsz\u00e1gban. Ha innovat\u00edv, kiv\u00e1l\u00f3 teljes\u00edtm\u00e9ny\u0171 eldobhat\u00f3 e-cigarett\u00e1kat keres, l\u00e1togasson el weboldalunkra! <strong><a href=\"https:\/\/apexvape.de\/hu\/product-category\/jnr-vape\/\">JNR VAPE kateg\u00f3ria<\/a><\/strong> \u00e9s tal\u00e1lja meg az \u00d6n egy\u00e9ni ig\u00e9nyeinek legink\u00e1bb megfelel\u0151 eszk\u00f6zt. Az Apex Vape-n\u00e9l sz\u00e9les v\u00e1laszt\u00e9kot k\u00edn\u00e1lunk els\u0151 oszt\u00e1ly\u00fa vaping term\u00e9kekb\u0151l, gyors sz\u00e1ll\u00edt\u00e1ssal \u00e9s kiv\u00e1l\u00f3 \u00fcgyf\u00e9lszolg\u00e1lattal, hogy v\u00e1s\u00e1rl\u00e1sa teljes m\u00e9rt\u00e9kben kiel\u00e9g\u00edt\u0151 legyen.<\/p>","protected":false},"excerpt":{"rendered":"<p class=\"font-claude-response-body break-words whitespace-normal\">A JNR Falcon Pro 28000 Puffs \u00f6tv\u00f6zi a teljes\u00edtm\u00e9nyt \u00e9s az eleganci\u00e1t. 30 ml e-liquiddel, kett\u0151s h\u00e1l\u00f3s tekercsel\u00e9ssel \u00e9s 950 mAh-s akkumul\u00e1torral 28 000 intenz\u00edv \u00edz\u0171 slukkot biztos\u00edt. Az intelligens LED-kijelz\u0151n l\u00e1that\u00f3 az akkumul\u00e1tor \u00e9s a folyad\u00e9k szintje, a Type-C gyorst\u00f6lt\u00e9s pedig r\u00f6vid t\u00f6lt\u00e9si id\u0151t biztos\u00edt. 20 pr\u00e9mium \u00edz 2% nikotinnal \u2013 a min\u0151s\u00e9g tal\u00e1lkozik a kitart\u00e1ssal.<\/p>","protected":false},"featured_media":4751,"comment_status":"open","ping_status":"closed","template":"","meta":[],"product_brand":[],"product_cat":[77],"product_tag":[],"class_list":{"0":"post-4750","1":"product","2":"type-product","3":"status-publish","4":"has-post-thumbnail","6":"product_cat-jnr-vape","8":"first","9":"instock","10":"shipping-taxable","11":"purchasable","12":"product-type-variable"},"_links":{"self":[{"href":"https:\/\/apexvape.de\/hu\/wp-json\/wp\/v2\/product\/4750","targetHints":{"allow":["GET"]}}],"collection":[{"href":"https:\/\/apexvape.de\/hu\/wp-json\/wp\/v2\/product"}],"about":[{"href":"https:\/\/apexvape.de\/hu\/wp-json\/wp\/v2\/types\/product"}],"replies":[{"embeddable":true,"href":"https:\/\/apexvape.de\/hu\/wp-json\/wp\/v2\/comments?post=4750"}],"version-history":[{"count":0,"href":"https:\/\/apexvape.de\/hu\/wp-json\/wp\/v2\/product\/4750\/revisions"}],"wp:featuredmedia":[{"embeddable":true,"href":"https:\/\/apexvape.de\/hu\/wp-json\/wp\/v2\/media\/4751"}],"wp:attachment":[{"href":"https:\/\/apexvape.de\/hu\/wp-json\/wp\/v2\/media?parent=4750"}],"wp:term":[{"taxonomy":"product_brand","embeddable":true,"href":"https:\/\/apexvape.de\/hu\/wp-json\/wp\/v2\/product_brand?post=4750"},{"taxonomy":"product_cat","embeddable":true,"href":"https:\/\/apexvape.de\/hu\/wp-json\/wp\/v2\/product_cat?post=4750"},{"taxonomy":"product_tag","embeddable":true,"href":"https:\/\/apexvape.de\/hu\/wp-json\/wp\/v2\/product_tag?post=4750"}],"curies":[{"name":"wp","href":"https:\/\/api.w.org\/{rel}","templated":true}]}}