{"id":4662,"date":"2025-12-05T16:40:01","date_gmt":"2025-12-05T15:40:01","guid":{"rendered":"https:\/\/apexvape.de\/?post_type=product&#038;p=4662"},"modified":"2025-12-05T16:47:42","modified_gmt":"2025-12-05T15:47:42","slug":"jnr-tank-pro-33000","status":"publish","type":"product","link":"https:\/\/apexvape.de\/hu\/product\/jnr-tank-pro-33000\/","title":{"rendered":"JNR Tank Pro 33000 sz\u00edv\u00e1s\u00fa eldobhat\u00f3 e-cigaretta"},"content":{"rendered":"<h1>JNR Tank Pro 33000 33K sz\u00edv\u00e1s E-cigaretta Eldobhat\u00f3 2% Nikotin 15 \u00edz LED digit\u00e1lis kijelz\u0151 K\u00f6zvetlen\u00fcl a gy\u00e1rt\u00f3t\u00f3l<\/h1>\n<p>A JNR Tank Pro 33000 33K sz\u00edv\u00e1s\u00fa eldobhat\u00f3 e-cigaretta kiv\u00e1l\u00f3 teljes\u00edtm\u00e9nyt ny\u00fajt, ak\u00e1r 33 000 sz\u00edv\u00e1ssal \u00e9s b\u0151s\u00e9ges, 28 ml-es e-liquid tartalommal. Megb\u00edzhat\u00f3 850 mAh-s akkumul\u00e1torral, kett\u0151s h\u00e1l\u00f3s tekercsel\u00e9ssel \u00e9s j\u00f3l olvashat\u00f3 digit\u00e1lis kijelz\u0151vel rendelkezik, els\u0151 oszt\u00e1ly\u00fa \u00edzt, l\u00e1gy g\u0151zt \u00e9s praktikus Type-C gyorst\u00f6lt\u00e9st biztos\u00edt. 15 finom \u00edzben kaphat\u00f3, 2% nikotintartalommal \u2013 ide\u00e1lis azoknak a g\u0151z\u00f6l\u0151knek, akik tart\u00f3s \u00e9lvezetet \u00e9s egyszer\u0171 kezelhet\u0151s\u00e9get keresnek.<\/p>\n<h2>JNR Tank Pro 33000 sz\u00edv\u00e1s Term\u00e9kjellemz\u0151k<\/h2>\n<p>A JNR Tank Pro 33000 egy nagy kapacit\u00e1s\u00fa, hosszabb haszn\u00e1latra tervezett eldobhat\u00f3 e-cigaretta, amely leny\u0171g\u00f6z\u0151 33 000 slukkot biztos\u00edt minim\u00e1lis ut\u00e1nt\u00f6lt\u00e9si ig\u00e9ny mellett. A b\u0151s\u00e9ges 28 ml-es e-liquid kapacit\u00e1s garant\u00e1lja a tart\u00f3s g\u0151z\u00e9lvezet\u00e9st, m\u00edg a 2% nikotintartalom sima \u00e9s kiegyens\u00falyozott torok\u00e9rzetet biztos\u00edt, amely kiel\u00e9g\u00edt\u0151, de nem t\u00falterhel\u0151. A k\u00e9sz\u00fcl\u00e9k megb\u00edzhat\u00f3s\u00e1gra \u00e9s k\u00e9nyelemre lett tervezve, \u00e9s kiv\u00e1l\u00f3 v\u00e1laszt\u00e1s azoknak a g\u0151z\u00f6l\u0151knek, akik \u00e9rt\u00e9kelik mind a teljes\u00edtm\u00e9nyt, mind a felhaszn\u00e1l\u00f3bar\u00e1t kezelhet\u0151s\u00e9get.<\/p>\n<p>A Tank Pro 33000 k\u00f6z\u00e9ppontj\u00e1ban egy kett\u0151s h\u00e1l\u00f3s tekercsrendszer \u00e1ll, amely kiv\u00e1l\u00f3 \u00edzt \u00e9s s\u0171r\u0171 g\u0151ztermel\u00e9st biztos\u00edt, elker\u00fclve az alacsonyabb min\u0151s\u00e9g\u0171 eszk\u00f6z\u00f6kn\u00e9l gyakran el\u0151fordul\u00f3 kokkol \u00edzt. A 850 mAh-s akkumul\u00e1tor eg\u00e9sz nap \u00e1lland\u00f3, megb\u00edzhat\u00f3 teljes\u00edtm\u00e9nyt ny\u00fajt, az innovat\u00edv Boost m\u00f3d pedig 15 W-os \u00e9s 20 W-os be\u00e1ll\u00edt\u00e1sokkal testreszabhat\u00f3 teljes\u00edtm\u00e9nyopci\u00f3kat k\u00edn\u00e1l, \u00edgy a felhaszn\u00e1l\u00f3k szem\u00e9lyes preferenci\u00e1iknak megfelel\u0151en alak\u00edthatj\u00e1k g\u0151z\u00f6l\u00e9si \u00e9lm\u00e9ny\u00fcket. A fejlett tekercstechnol\u00f3gia \u00e9s az \u00e1ll\u00edthat\u00f3 teljes\u00edtm\u00e9ny kombin\u00e1ci\u00f3ja biztos\u00edtja, hogy minden slukk kiel\u00e9g\u00edt\u0151 legyen.<\/p>\n<p>A k\u00e9sz\u00fcl\u00e9k felhaszn\u00e1l\u00f3bar\u00e1t digit\u00e1lis kijelz\u0151vel rendelkezik, amely megk\u00f6nny\u00edti az akkumul\u00e1tor t\u00f6lt\u00f6tts\u00e9gi \u00e1llapot\u00e1nak \u00e9s haszn\u00e1lat\u00e1nak figyelemmel k\u00eds\u00e9r\u00e9s\u00e9t, \u00e9s egy pillant\u00e1ssal t\u00e1j\u00e9koztat\u00e1st ny\u00fajt. Ha elj\u00f6n a t\u00f6lt\u00e9s ideje, a Type-C gyors t\u00f6lt\u0151csatlakoz\u00f3 k\u00e9nyelmes \u00e9s gyors \u00e1ramell\u00e1t\u00e1st biztos\u00edt, minimaliz\u00e1lja az \u00fczemsz\u00fcneteket, \u00e9s hossz\u00fa sz\u00fcnetek n\u00e9lk\u00fcl biztos\u00edtja a g\u0151z\u00f6l\u00e9st. Ezek a modern funkci\u00f3k jav\u00edtj\u00e1k az \u00e1ltal\u00e1nos felhaszn\u00e1l\u00f3i \u00e9lm\u00e9nyt, \u00e9s megk\u00fcl\u00f6nb\u00f6ztetik a Tank Pro 33000-et a hagyom\u00e1nyos eldobhat\u00f3 e-cigarett\u00e1kt\u00f3l.<\/p>\n<p>15 k\u00fcl\u00f6nb\u00f6z\u0151 \u00edzv\u00e1laszt\u00e9kkal a JNR Tank Pro 33000 minden \u00edzl\u00e9snek megfelel \u2013 a klasszikus doh\u00e1nyt\u00f3l \u00e9s a friss\u00edt\u0151 mentolt\u00f3l a gy\u00fcm\u00f6lcs\u00f6s kever\u00e9kekig \u00e9s a desszert ihlette kre\u00e1ci\u00f3kig. Ez a sz\u00e9les v\u00e1laszt\u00e9k biztos\u00edtja, hogy minden g\u0151z\u00f6l\u0151 megtal\u00e1lja a sz\u00e1m\u00e1ra t\u00f6k\u00e9letes v\u00e1laszt\u00e1st, f\u00fcggetlen\u00fcl att\u00f3l, hogy er\u0151teljes, intenz\u00edv arom\u00e1kat vagy l\u00e1gy, finom \u00edzeket prefer\u00e1l. A kiv\u00e9teles kapacit\u00e1s, a fejlett technol\u00f3gia \u00e9s az \u00edzv\u00e1laszt\u00e9k kombin\u00e1ci\u00f3ja teszi a Tank Pro 33000-et pr\u00e9mium v\u00e1laszt\u00e1ss\u00e1 az ig\u00e9nyes g\u0151z\u00f6l\u0151k sz\u00e1m\u00e1ra, akik min\u0151s\u00e9get \u00e9s k\u00e9nyelmet keresnek.<\/p>\n<h2>M\u0171szaki adatok<\/h2>\n<ul>\n<li><strong>Vonatok sz\u00e1ma:<\/strong> 33 000 vonat<\/li>\n<li><strong>E-liquid kapacit\u00e1s:<\/strong> 28 ml el\u0151re t\u00f6ltve<\/li>\n<li><strong>Akkumul\u00e1tor:<\/strong> 850 mAh \u00fajrat\u00f6lthet\u0151<\/li>\n<li><strong>T\u00f6lt\u00e9s:<\/strong> C t\u00edpus\u00fa USB<\/li>\n<li><strong>Tekercs technol\u00f3gia:<\/strong> Kett\u0151s\/h\u00e1rmas h\u00e1l\u00f3s tekercs<\/li>\n<li><strong>Teljes\u00edtm\u00e9ny:<\/strong> 15W-20W \u00e1ll\u00edthat\u00f3<\/li>\n<li><strong>Kijelz\u0151:<\/strong> Digit\u00e1lis kijelz\u0151 (akkumul\u00e1tor\/e-liquid)<\/li>\n<li><strong>Nikotin er\u0151ss\u00e9ge:<\/strong> 2% (20 mg\/ml)<\/li>\n<\/ul>\n<h2>\u00cdzek<\/h2>\n<ol>\n<li>K\u00e9k razz cseresznye<\/li>\n<li>\u00c1fonya j\u00e9g<\/li>\n<li>\u00c1fonya, m\u00e1lna, cseresznye<\/li>\n<li>\u00c1fonya-savany\u00fa m\u00e1lna<\/li>\n<li>Cseresznye-bogy\u00f3<\/li>\n<li>Csereszny\u00e9s k\u00f3la<\/li>\n<li>Dupla alma<\/li>\n<li>Hawaii<\/li>\n<li>Mr Blue<\/li>\n<li>\u0150szibarack, mang\u00f3, anan\u00e1sz<\/li>\n<li>Eper-ban\u00e1n<\/li>\n<li>Eper j\u00e9gkr\u00e9m<\/li>\n<li>Eper-kivi<\/li>\n<li>Ny\u00e1ri \u0151szibarack j\u00e9gkr\u00e9m<\/li>\n<li>G\u00f6r\u00f6gdinnye j\u00e9gkr\u00e9m<\/li>\n<\/ol>\n<h2>JNR Tank Pro 33000 Gyakran ism\u00e9telt k\u00e9rd\u00e9sek (GYIK)<\/h2>\n<p><strong>1. H\u00e1ny vonatot k\u00edn\u00e1l a JNR Tank Pro 33000?<\/strong><\/p>\n<p>Ez az eszk\u00f6z leny\u0171g\u00f6z\u0151 33 000 sz\u00edv\u00e1st biztos\u00edt, ezzel a piacon el\u00e9rhet\u0151 leghosszabb \u00e9lettartam\u00fa eldobhat\u00f3 e-cigarett\u00e1k k\u00f6z\u00e9 tartozik. A nagy sz\u00edv\u00e1ssz\u00e1mot egy hatalmas, 28 ml-es e-liquid tart\u00e1ly t\u00e1mogatja, ami minim\u00e1lisra cs\u00f6kkenti a gyakori ut\u00e1nt\u00f6lt\u00e9s vagy csere sz\u00fcks\u00e9gess\u00e9g\u00e9t. A k\u00e9sz\u00fcl\u00e9k hosszabb haszn\u00e1latra lett tervezve, \u00e9s kiv\u00e9teles \u00e9rt\u00e9ket \u00e9s k\u00e9nyelmet k\u00edn\u00e1l azoknak a g\u0151z\u00f6l\u0151knek, akik megb\u00edzhat\u00f3, tart\u00f3s megold\u00e1st keresnek.<\/p>\n<p><strong>2. Mi teszi k\u00fcl\u00f6nlegess\u00e9 a Dual Mesh Coil technol\u00f3gi\u00e1t ebben a k\u00e9sz\u00fcl\u00e9kben?<\/strong><\/p>\n<p>A Dual Mesh Coil technol\u00f3gia kiv\u00e1l\u00f3 \u00edzt \u00e9s g\u0151ztermel\u00e9st biztos\u00edt, mik\u00f6zben teljesen kik\u00fcsz\u00f6b\u00f6li a standard tekercsekn\u00e9l gyakran el\u0151fordul\u00f3 kokkol \u00edzt. Ez a fejlett tekercsrendszer egyenletesebben \u00e9s hat\u00e9konyabban meleg\u00edti az e-folyad\u00e9kot, \u00e9s gondoskodik arr\u00f3l, hogy minden slukk az els\u0151t\u0151l az utols\u00f3ig sima \u00e9s arom\u00e1s legyen. A 15 W \u00e9s 20 W teljes\u00edtm\u00e9nybe\u00e1ll\u00edt\u00e1sokat k\u00edn\u00e1l\u00f3 Boost m\u00f3d funkci\u00f3val kombin\u00e1lva a felhaszn\u00e1l\u00f3k szem\u00e9lyre szabhatj\u00e1k \u00e9lm\u00e9ny\u00fcket az optim\u00e1lis teljes\u00edtm\u00e9ny \u00e9rdek\u00e9ben.<\/p>\n<p><strong>3. Mennyi ideig tart felt\u00f6lteni ezt az eldobhat\u00f3 e-cigit?<\/strong><\/p>\n<p>Ez a modell Type-C gyors t\u00f6lt\u00e9si technol\u00f3gi\u00e1val rendelkezik, amely gyors \u00e9s k\u00e9nyelmes \u00e1ramell\u00e1t\u00e1st biztos\u00edt. A pontos t\u00f6lt\u00e9si id\u0151k v\u00e1ltozhatnak, de a Type-C t\u00f6lt\u00e9s l\u00e9nyegesen gyorsabb, mint a hagyom\u00e1nyos USB-t\u00f6lt\u00e9si m\u00f3dszerek, \u00e9s minim\u00e1lisra cs\u00f6kkenti az \u00fczemsz\u00fcneteket, \u00edgy gyorsan folytathatja a g\u0151z\u00f6l\u00e9st. A 850 mAh-s akkumul\u00e1tor kapacit\u00e1s megb\u00edzhat\u00f3, \u00e1lland\u00f3 teljes\u00edtm\u00e9nyt biztos\u00edt eg\u00e9sz nap a t\u00f6lt\u00e9sek k\u00f6z\u00f6tt.<\/p>\n<p><strong>4. Milyen nikotintartalommal rendelkezik ez a vaporiz\u00e1tor?<\/strong><\/p>\n<p>Ez az eldobhat\u00f3 vape 2% nikotintartalommal (20 mg\/ml) rendelkezik, ami sima \u00e9s kiegyens\u00falyozott torok\u00e9rzetet biztos\u00edt, ami a legt\u00f6bb vaper sz\u00e1m\u00e1ra megfelel\u0151. Ez a m\u00e9rs\u00e9kelt nikotintartalom kiel\u00e9g\u00edt\u0151 nikotinbevitelt biztos\u00edt an\u00e9lk\u00fcl, hogy t\u00fal er\u0151s lenne, \u00e9s kiv\u00e1l\u00f3 v\u00e1laszt\u00e1s mind a doh\u00e1nyz\u00e1sr\u00f3l \u00e1tt\u00e9r\u0151 volt doh\u00e1nyosok, mind a tapasztalt g\u0151z\u00f6l\u0151k sz\u00e1m\u00e1ra, akik kellemes, \u00e1lland\u00f3 \u00e9lm\u00e9nyt prefer\u00e1lnak eg\u00e9sz nap.<\/p>\n<p><strong>5. H\u00e1ny \u00edz \u00e1ll rendelkez\u00e9sre ehhez a k\u00e9sz\u00fcl\u00e9khez?<\/strong><\/p>\n<p>Ez a vaporiz\u00e1tor leny\u0171g\u00f6z\u0151 v\u00e1laszt\u00e9kot k\u00edn\u00e1l 15 k\u00fcl\u00f6nb\u00f6z\u0151 \u00edzv\u00e1ltozatb\u00f3l, minden \u00edzl\u00e9snek \u00e9s preferenci\u00e1nak megfelel\u0151en. Ez a soksz\u00edn\u0171 paletta mindent tartalmaz a klasszikus doh\u00e1nyt\u00f3l \u00e9s a friss\u00edt\u0151 mentolt\u00f3l a gy\u00fcm\u00f6lcs\u00f6s kever\u00e9kekig \u00e9s a desszert ihlette kre\u00e1ci\u00f3kig, \u00edgy minden vaporiz\u00e1tor haszn\u00e1l\u00f3 megtal\u00e1lhatja a sz\u00e1m\u00e1ra t\u00f6k\u00e9letes v\u00e1laszt\u00e1st. Ak\u00e1r az er\u0151s, intenz\u00edv arom\u00e1kat, ak\u00e1r a l\u00e1gy, finom \u00edzeket kedveli, a sz\u00e9les v\u00e1laszt\u00e9knak k\u00f6sz\u00f6nhet\u0151en k\u00f6nnyen megtal\u00e1lhatja \u00e9s \u00e9lvezheti az ide\u00e1lis g\u0151z\u00f6l\u00e9si \u00e9lm\u00e9nyt.<\/p>\n<h2>Fedezze fel az Apex Vape tov\u00e1bbi pr\u00e9mium e-cigarett\u00e1it<\/h2>\n<p>A JNR Tank Pro 33000 csak egy a sok kiv\u00e1l\u00f3 min\u0151s\u00e9g\u0171 term\u00e9k k\u00f6z\u00fcl, amelyek megtal\u00e1lhat\u00f3k k\u00edn\u00e1latunkban. L\u00e1togasson el weboldalunkra! <strong><a href=\"https:\/\/apexvape.de\/hu\/\">honlap<\/a><\/strong> hogy felfedezze a teljes v\u00e1laszt\u00e9kot az e-cigarett\u00e1k, a vape-kieg\u00e9sz\u00edt\u0151k \u00e9s az \u00fajdons\u00e1gok ter\u00e9n. Ha kifejezetten az innovat\u00edv JNR-term\u00e9kek \u00e9rdeklik, akkor a <strong><a href=\"https:\/\/apexvape.de\/hu\/product-category\/jnr-vape\/\">JNR VAPE kateg\u00f3ria<\/a><\/strong> kiterjedt v\u00e1laszt\u00e9kot k\u00edn\u00e1lunk nagy teljes\u00edtm\u00e9ny\u0171 eldobhat\u00f3 e-cigarett\u00e1kb\u00f3l \u00e9s egy\u00e9b JNR-eszk\u00f6z\u00f6kb\u0151l. Az Apex Vape-n\u00e9l garant\u00e1ljuk a gy\u00e1rt\u00f3t\u00f3l k\u00f6zvetlen\u00fcl sz\u00e1rmaz\u00f3 eredeti term\u00e9keket, gyors sz\u00e1ll\u00edt\u00e1st \u00e9s els\u0151 oszt\u00e1ly\u00fa \u00fcgyf\u00e9lszolg\u00e1latot, hogy v\u00e1s\u00e1rl\u00e1si \u00e9lm\u00e9nye teljes m\u00e9rt\u00e9kben kiel\u00e9g\u00edt\u0151 legyen.<\/p>","protected":false},"excerpt":{"rendered":"<p class=\"font-claude-response-body break-words whitespace-normal\">A JNR Tank Pro 33000 33 000 sz\u00edv\u00e1ssal, 28 ml e-liquiddel \u00e9s 850 mAh-s akkumul\u00e1torral gy\u0151zi meg a felhaszn\u00e1l\u00f3kat. A Dual Mesh Coil rendszer intenz\u00edv \u00edzt biztos\u00edt, m\u00edg a LED-kijelz\u0151 az akkumul\u00e1tor t\u00f6lt\u00f6tts\u00e9gi szintj\u00e9t \u00e9s a t\u00f6lt\u00f6tts\u00e9gi szintet jelzi. Type-C gyors t\u00f6lt\u00e9ssel, Boost m\u00f3ddal (15 W\/20 W) \u00e9s 15 \u00edzzel 2% nikotinnal \u2013 t\u00f6k\u00e9letes a tart\u00f3s g\u0151z\u00e9lvezet\u00e9shez.<\/p>","protected":false},"featured_media":4663,"comment_status":"open","ping_status":"closed","template":"","meta":[],"product_brand":[],"product_cat":[77],"product_tag":[],"class_list":{"0":"post-4662","1":"product","2":"type-product","3":"status-publish","4":"has-post-thumbnail","6":"product_cat-jnr-vape","8":"first","9":"instock","10":"shipping-taxable","11":"purchasable","12":"product-type-variable"},"_links":{"self":[{"href":"https:\/\/apexvape.de\/hu\/wp-json\/wp\/v2\/product\/4662","targetHints":{"allow":["GET"]}}],"collection":[{"href":"https:\/\/apexvape.de\/hu\/wp-json\/wp\/v2\/product"}],"about":[{"href":"https:\/\/apexvape.de\/hu\/wp-json\/wp\/v2\/types\/product"}],"replies":[{"embeddable":true,"href":"https:\/\/apexvape.de\/hu\/wp-json\/wp\/v2\/comments?post=4662"}],"version-history":[{"count":0,"href":"https:\/\/apexvape.de\/hu\/wp-json\/wp\/v2\/product\/4662\/revisions"}],"wp:featuredmedia":[{"embeddable":true,"href":"https:\/\/apexvape.de\/hu\/wp-json\/wp\/v2\/media\/4663"}],"wp:attachment":[{"href":"https:\/\/apexvape.de\/hu\/wp-json\/wp\/v2\/media?parent=4662"}],"wp:term":[{"taxonomy":"product_brand","embeddable":true,"href":"https:\/\/apexvape.de\/hu\/wp-json\/wp\/v2\/product_brand?post=4662"},{"taxonomy":"product_cat","embeddable":true,"href":"https:\/\/apexvape.de\/hu\/wp-json\/wp\/v2\/product_cat?post=4662"},{"taxonomy":"product_tag","embeddable":true,"href":"https:\/\/apexvape.de\/hu\/wp-json\/wp\/v2\/product_tag?post=4662"}],"curies":[{"name":"wp","href":"https:\/\/api.w.org\/{rel}","templated":true}]}}