{"id":4326,"date":"2025-11-28T14:11:01","date_gmt":"2025-11-28T13:11:01","guid":{"rendered":"https:\/\/apexvape.de\/?post_type=product&#038;p=4326"},"modified":"2025-11-28T14:11:38","modified_gmt":"2025-11-28T13:11:38","slug":"bang-leader-120k","status":"publish","type":"product","link":"https:\/\/apexvape.de\/hu\/product\/bang-leader-120k\/","title":{"rendered":"Bang Leader 120K sz\u00edv\u00e1s\u00fa eldobhat\u00f3 e-cigaretta"},"content":{"rendered":"<h1>Bang Leader 120K sz\u00edv\u00e1s \u2013 kett\u0151s aroma \u00e9s kett\u0151s h\u00e1l\u00f3s tekercs\u0171 eldobhat\u00f3 e-cigaretta<\/h1>\n<p>A Bang Leader 120K \u00faj m\u00e9rc\u00e9t \u00e1ll\u00edt fel hihetetlen 120 000 sz\u00edv\u00e1ssal egyetlen eszk\u00f6zben, \u00edgy nincs sz\u00fcks\u00e9g gyakori p\u00f3tl\u00f3lagos v\u00e1s\u00e1rl\u00e1sokra. A 650 mAh-s akkumul\u00e1tor \u00e9s a Type-C gyorst\u00f6lt\u00e9s eg\u00e9sz napos teljes\u00edtm\u00e9nyt biztos\u00edt minim\u00e1lis le\u00e1ll\u00e1si id\u0151vel. A fejlett 1,0 \u03a9-os h\u00e1l\u00f3s tekercs technol\u00f3gia tel\u00edtett, egyenletes \u00edzt \u00e9s l\u00e1gy g\u0151zt biztos\u00edt az els\u0151t\u0151l az utols\u00f3 slukkig. Az intelligens kijelz\u0151 val\u00f3s id\u0151ben figyeli az akkumul\u00e1tor \u00e1llapot\u00e1t \u00e9s az e-liquid szintj\u00e9t, \u00edgy mindig j\u00f3l t\u00e1j\u00e9kozott maradhat. K\u00fcl\u00f6nleges kiemelked\u0151 tulajdons\u00e1ga a kett\u0151s aroma rendszer \u2013 k\u00e9t k\u00fcl\u00f6nb\u00f6z\u0151 \u00edz egy eszk\u00f6zben, amelyek k\u00f6z\u00f6tt k\u00f6nnyed\u00e9n v\u00e1lthat a maxim\u00e1lis v\u00e1ltozatoss\u00e1g \u00e9rdek\u00e9ben. Megb\u00edzhat\u00f3 teljes\u00edtm\u00e9ny\u00e9vel \u00e9s innovat\u00edv funkci\u00f3ival azoknak a g\u0151z\u00f6l\u0151knek k\u00e9sz\u00fclt, akik tart\u00f3ss\u00e1got, k\u00e9nyelmet \u00e9s rugalmass\u00e1got ig\u00e9nyelnek egy pr\u00e9mium csomagban.<\/p>\n<h2>Bang Leader 120K sz\u00edv\u00e1sok \u2013 Term\u00e9kkiemel\u00e9sek<\/h2>\n<p>A Bang Leader 120K eldobhat\u00f3 vape ipar\u00e1gvezet\u0151 120 000 slukkot biztos\u00edt, \u00e9s kiv\u00e9teles tart\u00f3ss\u00e1ggal rendelkezik, ami jelent\u0151sen cs\u00f6kkenti a gyakori \u00fajrav\u00e1s\u00e1rl\u00e1s sz\u00fcks\u00e9gess\u00e9g\u00e9t. Ez a hatalmas kapacit\u00e1s garant\u00e1lja a zavartalan g\u0151z\u00f6l\u00e9st, \u00e9s az egyik legtart\u00f3sabb eszk\u00f6zz\u00e9 teszi a mai piacon.<\/p>\n<p>A megb\u00edzhat\u00f3 650 mAh-s akkumul\u00e1torral \u00e9s a modern Type-C t\u00f6lt\u00e9si funkci\u00f3val ell\u00e1tott k\u00e9sz\u00fcl\u00e9k eg\u00e9sz nap k\u00e9szenl\u00e9tben \u00e1ll, k\u00f6sz\u00f6nhet\u0151en a gyors, hat\u00e9kony t\u00f6lt\u00e9snek, amikor csak sz\u00fcks\u00e9g van r\u00e1. A fejlett 1,0 \u03a9-os h\u00e1l\u00f3s tekercs technol\u00f3gia egyenletes h\u0151eloszl\u00e1st biztos\u00edt egy nagyobb fel\u00fcleten, \u00e9s intenz\u00edv, \u00e1lland\u00f3 \u00edzt, valamint sim\u00e1bb g\u0151ztermel\u00e9st biztos\u00edt, amely az els\u0151t\u0151l az utols\u00f3 slukkig meg\u0151rzi min\u0151s\u00e9g\u00e9t.<\/p>\n<p>Maradjon mindig k\u00e9pben a be\u00e9p\u00edtett intelligens kijelz\u0151nek k\u00f6sz\u00f6nhet\u0151en, amely val\u00f3s id\u0151ben figyeli az akkumul\u00e1tor t\u00f6lt\u00f6tts\u00e9gi szintj\u00e9t \u00e9s az e-liquid szintj\u00e9t, \u00e9s teljes ellen\u0151rz\u00e9st biztos\u00edt a g\u0151z\u00f6l\u00e9si \u00e9lm\u00e9ny felett. Mindig pontosan tudja, hol tart \u2013 nincs tal\u00e1lgat\u00e1s \u00e9s v\u00e1ratlan megszak\u00edt\u00e1s.<\/p>\n<p>Az innovat\u00edv kett\u0151s aroma rendszer kiemeli ezt a k\u00e9sz\u00fcl\u00e9ket, mivel k\u00e9t k\u00fcl\u00f6nb\u00f6z\u0151 \u00edzt egyes\u00edt egy egys\u00e9gben, \u00e9s lehet\u0151v\u00e9 teszi, hogy b\u00e1rmikor k\u00f6nnyed\u00e9n v\u00e1lthasson k\u00f6z\u00f6tt\u00fck. Ez a sokoldal\u00fa be\u00e1ll\u00edt\u00e1s t\u00f6bb v\u00e1ltozatoss\u00e1got hoz a napi rutinj\u00e1ba, \u00e9s lehet\u0151v\u00e9 teszi, hogy minden haszn\u00e1latot a hangulat\u00e1hoz vagy preferenci\u00e1j\u00e1hoz igaz\u00edtson \u2013 an\u00e9lk\u00fcl, hogy t\u00f6bb k\u00e9sz\u00fcl\u00e9ket kellene mag\u00e1val cipelnie.<\/p>\n<h2>M\u0171szaki adatok<\/h2>\n<p>\u2611 0% 2% 3% 5% Nikotin<br \/>\n\u2611 Vonatok: 120 000<br \/>\n\u2611 12 \u00edzben kaphat\u00f3<br \/>\n\u2611 650 mAh \u00fajrat\u00f6lthet\u0151<br \/>\n\u2611 Kett\u0151s h\u00e1l\u00f3s tekercs<br \/>\n\u2611 C t\u00edpus\u00fa csatlakoz\u00f3<br \/>\n\u2611 A csomag tartalma: 1x k\u00e9sz\u00fcl\u00e9k<\/p>\n<h2>Bang Leader 120K sz\u00edv\u00e1sok \u2013 \u00edzek<\/h2>\n<ol>\n<li>Blue Razz\/Love66<\/li>\n<li>Eper Cseresznye\/Kivi Passi\u00f3gy\u00fcm\u00f6lcs Guava<\/li>\n<li>G\u00f6r\u00f6gdinnye r\u00e1g\u00f3gumi\/gy\u00fcm\u00f6lcskever\u00e9k<\/li>\n<li>Eper Ban\u00e1n\/Cseresznye Fiesta<\/li>\n<li>G\u00f6r\u00f6gdinnye j\u00e9g\/\u0150szibarack mang\u00f3<\/li>\n<li>\u00c1fonya j\u00e9g\/m\u00e1lna citrom<\/li>\n<li>Red Energy Ice\/Sz\u0151l\u0151 Ice<\/li>\n<li>Eper, g\u00f6r\u00f6gdinnye\/narancs limon\u00e1d\u00e9<\/li>\n<li>Cola Ice\/Cseresznye-\u00e1fonya<\/li>\n<li>\u00c1fonya Ice\/Fekete ribizli<\/li>\n<li>M\u00e1lna mojito \u0151szibarack j\u00e9g\/Lady Killer<\/li>\n<li>G\u00f6r\u00f6gdinnye Ice\/Eper Mamba<\/li>\n<\/ol>\n<h2>Gyakran ism\u00e9telt k\u00e9rd\u00e9sek (GYIK)<\/h2>\n<p><strong>K: Mennyi ideig tart egy k\u00e9sz\u00fcl\u00e9k?<\/strong><br \/>\nV: A Bang Leader 120K 120 000 sz\u00edv\u00e1st biztos\u00edt, \u00e9s rendszeres haszn\u00e1lat mellett \u00e1ltal\u00e1ban t\u00f6bb h\u00e9tig tart.<\/p>\n<p><strong>K: Mennyi ideig tart a felt\u00f6lt\u00e9s?<\/strong><br \/>\nV: A Type-C gyors t\u00f6lt\u00e9ssel a 650 mAh-s akkumul\u00e1tor k\u00f6r\u00fclbel\u00fcl 60 perc alatt teljesen felt\u00f6lthet\u0151.<\/p>\n<p><strong>K: Haszn\u00e1lhatom a k\u00e9sz\u00fcl\u00e9ket t\u00f6lt\u00e9s k\u00f6zben?<\/strong><br \/>\nV: Az akkumul\u00e1tor optim\u00e1lis \u00e1llapot\u00e1nak meg\u0151rz\u00e9se \u00e9rdek\u00e9ben javasoljuk, hogy a Bang Leader 120K-t ne haszn\u00e1lja t\u00f6lt\u00e9s k\u00f6zben.<\/p>\n<p><strong>K: Neh\u00e9z sz\u00e1ll\u00edtani a k\u00e9sz\u00fcl\u00e9ket?<\/strong><br \/>\nV: 105 grammos s\u00faly\u00e1val kiv\u00e1l\u00f3 tapint\u00e1s\u00fa, m\u00e9gis k\u00e9nyelmes a mindennapi sz\u00e1ll\u00edt\u00e1shoz \u00e9s haszn\u00e1lathoz.<\/p>\n<h2 class=\"font-claude-response-heading text-text-100 mt-1 -mb-0.5\">Fedezze fel most a Bang Leader 120K-t az Apex Vape-n\u00e9l!<\/h2>\n<p class=\"font-claude-response-body whitespace-normal break-words\">Fedezze fel a Bang Leader 120K-t \u00e9s m\u00e1s innovat\u00edv eldobhat\u00f3 e-cigarett\u00e1kat a mi <strong><a class=\"underline\" href=\"https:\/\/apexvape.de\/hu\/\">online \u00e1ruh\u00e1z<\/a><\/strong>. A pr\u00e9mium min\u0151s\u00e9g\u0171 vape term\u00e9kek vezet\u0151 sz\u00e1ll\u00edt\u00f3jak\u00e9nt az Apex Vape gondosan \u00f6ssze\u00e1ll\u00edtott, kiv\u00e1l\u00f3 min\u0151s\u00e9g\u0171 eszk\u00f6z\u00f6k sz\u00e9les v\u00e1laszt\u00e9k\u00e1t k\u00edn\u00e1lja vonz\u00f3 \u00e1ron. Fedezze fel teljes k\u00edn\u00e1latunkat <strong><a class=\"underline\" href=\"https:\/\/apexvape.de\/hu\/product-category\/bang-vape\/\">BANG VAPE kollekci\u00f3<\/a><\/strong> az \u00f6sszes aktu\u00e1lis modellel, \u00e9s \u00e9lvezze a gyors sz\u00e1ll\u00edt\u00e1st, a kiv\u00e1l\u00f3 \u00fcgyf\u00e9lszolg\u00e1latot \u00e9s a garant\u00e1lt term\u00e9kmin\u0151s\u00e9get. Rendeljen m\u00e9g ma, \u00e9s \u00e9lvezze a Bang Leader 120K-val a v\u00e9gs\u0151 g\u0151z\u00f6lg\u00e9si \u00e9lm\u00e9nyt!<\/p>","protected":false},"excerpt":{"rendered":"<p class=\"font-claude-response-body whitespace-normal break-words\">A Bang Leader 120K 120 000 sz\u00edv\u00e1ssal \u00e9s innovat\u00edv kett\u0151s aroma rendszerrel \u2013 k\u00e9t \u00edz egy k\u00e9sz\u00fcl\u00e9kben \u2013 gy\u0151zi meg a felhaszn\u00e1l\u00f3kat. 650 mAh-s akkumul\u00e1tor Type-C gyors t\u00f6lt\u00e9ssel, 1,0 \u03a9-os kett\u0151s h\u00e1l\u00f3s tekercs \u00e9s intelligens kijelz\u0151 az akkumul\u00e1tor \u00e9s a folyad\u00e9k szintj\u00e9nek megjelen\u00edt\u00e9s\u00e9hez. Nikotintartalom 0-5%, 12 aroma \u2013 maxim\u00e1lis rugalmass\u00e1g az ig\u00e9nyes g\u0151z\u00f6l\u0151knek!<\/p>","protected":false},"featured_media":4327,"comment_status":"open","ping_status":"closed","template":"","meta":[],"product_brand":[],"product_cat":[76],"product_tag":[],"class_list":{"0":"post-4326","1":"product","2":"type-product","3":"status-publish","4":"has-post-thumbnail","6":"product_cat-bang-vape","8":"first","9":"instock","10":"shipping-taxable","11":"purchasable","12":"product-type-variable"},"_links":{"self":[{"href":"https:\/\/apexvape.de\/hu\/wp-json\/wp\/v2\/product\/4326","targetHints":{"allow":["GET"]}}],"collection":[{"href":"https:\/\/apexvape.de\/hu\/wp-json\/wp\/v2\/product"}],"about":[{"href":"https:\/\/apexvape.de\/hu\/wp-json\/wp\/v2\/types\/product"}],"replies":[{"embeddable":true,"href":"https:\/\/apexvape.de\/hu\/wp-json\/wp\/v2\/comments?post=4326"}],"version-history":[{"count":0,"href":"https:\/\/apexvape.de\/hu\/wp-json\/wp\/v2\/product\/4326\/revisions"}],"wp:featuredmedia":[{"embeddable":true,"href":"https:\/\/apexvape.de\/hu\/wp-json\/wp\/v2\/media\/4327"}],"wp:attachment":[{"href":"https:\/\/apexvape.de\/hu\/wp-json\/wp\/v2\/media?parent=4326"}],"wp:term":[{"taxonomy":"product_brand","embeddable":true,"href":"https:\/\/apexvape.de\/hu\/wp-json\/wp\/v2\/product_brand?post=4326"},{"taxonomy":"product_cat","embeddable":true,"href":"https:\/\/apexvape.de\/hu\/wp-json\/wp\/v2\/product_cat?post=4326"},{"taxonomy":"product_tag","embeddable":true,"href":"https:\/\/apexvape.de\/hu\/wp-json\/wp\/v2\/product_tag?post=4326"}],"curies":[{"name":"wp","href":"https:\/\/api.w.org\/{rel}","templated":true}]}}