{"id":4268,"date":"2025-11-28T13:58:44","date_gmt":"2025-11-28T12:58:44","guid":{"rendered":"https:\/\/apexvape.de\/?post_type=product&#038;p=4268"},"modified":"2025-11-28T13:58:59","modified_gmt":"2025-11-28T12:58:59","slug":"bang-leader-110k","status":"publish","type":"product","link":"https:\/\/apexvape.de\/hu\/product\/bang-leader-110k\/","title":{"rendered":"Bang Leader 110K sz\u00edv\u00e1s\u00fa eldobhat\u00f3 vape"},"content":{"rendered":"<h1>Bang Leader 110K eldobhat\u00f3 vape | 110 000 slukk | \u00dajrat\u00f6lthet\u0151, h\u00e1l\u00f3s tekercsel | 6 az 1-ben \u00edz<\/h1>\n<p>A Bang Leader 110K egyedi e-cigaretta leny\u0171g\u00f6z\u0151 100 000\u2013110 000 slukkot biztos\u00edt. H\u00e1rmas h\u00e1l\u00f3s tekercsel\u00e9ssel a hat\u00e9kony f\u0171t\u00e9s\u00e9rt \u00e9s h\u00e1rom f\u00fcggetlen folyad\u00e9ktart\u00e1llyal az intenz\u00edv \u00edz \u00e9s a sokoldal\u00fa teljes\u00edtm\u00e9ny egyetlen eszk\u00f6zben. A felhaszn\u00e1l\u00f3k 6 \u00edzbe\u00e1ll\u00edt\u00e1ssal (A, B, C, A+B, A+C, B+C) szem\u00e9lyre szabhatj\u00e1k g\u0151z\u00f6l\u00e9si \u00e9lm\u00e9ny\u00fcket, \u00e9s 0% \/ 2% \/ 3% \/ 5% nikotinszintek k\u00f6z\u00fcl v\u00e1laszthatnak, hogy kiel\u00e9g\u00edts\u00e9k szem\u00e9lyes preferenci\u00e1ikat. A 850 mAh-s \u00fajrat\u00f6lthet\u0151 akkumul\u00e1tor, a gyors Type-C t\u00f6lt\u00e9s \u00e9s a j\u00f3l \u00e1ttekinthet\u0151 LED-kijelz\u0151 biztos\u00edtja a hat\u00e9kony \u00e9s k\u00e9nyelmes haszn\u00e1latot \u2013 a kijelz\u0151n fontos r\u00e9szletek, p\u00e9ld\u00e1ul az akkumul\u00e1tor \u00e1llapota \u00e9s a sz\u00edv\u00e1sok sz\u00e1ma l\u00e1that\u00f3. 10 pr\u00e9mium \u00edzkombin\u00e1ci\u00f3ban kaphat\u00f3, 10 darabos csomagol\u00e1sban, ez az e-cigaretta ide\u00e1lis szem\u00e9lyes haszn\u00e1latra, valamint nagy- \u00e9s kiskereskedelmi forgalmaz\u00e1sra.<\/p>\n<h2>Bang Leader 110K sz\u00edv\u00e1sok F\u0151bb jellemz\u0151k:<\/h2>\n<p>A Bang Leader 110K egyedi e-cigaretta forradalmi teljes\u00edtm\u00e9nyt ny\u00fajt, elk\u00e9peszt\u0151, ak\u00e1r 110 000 sz\u00edv\u00e1sig terjed\u0151 kapacit\u00e1ssal, \u00e9s \u00faj t\u00e1vlatokat nyit meg az egyedi eszk\u00f6z\u00f6k lehet\u0151s\u00e9geinek ter\u00e9n. A fejlett Triple-Mesh-Coil technol\u00f3gi\u00e1val garant\u00e1lja az \u00e1lland\u00f3 g\u0151ztermel\u00e9st, a rendk\u00edv\u00fcl sima sz\u00edv\u00e1st \u00e9s a jobb \u00edz\u00e9rzetet az els\u0151t\u0151l az utols\u00f3 sz\u00edv\u00e1sig. 0%, 2%, 3% vagy 5% nikotintartalommal kaphat\u00f3, \u00edgy pontosan be\u00e1ll\u00edthatja a saj\u00e1t \u00edzl\u00e9s\u00e9nek megfelel\u0151 el\u00e9gedetts\u00e9gi szintet.<\/p>\n<p>A k\u00e9nyelem \u00e9s az innov\u00e1ci\u00f3 tal\u00e1lkozik az integr\u00e1lt intelligens LED-kijelz\u0151vel, amely vil\u00e1gos, val\u00f3s idej\u0171 akkumul\u00e1tor- \u00e9s folyad\u00e9kszint-figyel\u00e9st biztos\u00edt, \u00edgy soha nem \u00e9rhet meglepet\u00e9s. A nagy teljes\u00edtm\u00e9ny\u0171 850 mAh-s \u00fajrat\u00f6lthet\u0151 akkumul\u00e1tor \u00e9s a Type-C gyors t\u00f6lt\u0151csatlakoz\u00f3 kombin\u00e1ci\u00f3ja hossz\u00fa \u00e9lettartamot \u00e9s minim\u00e1lis le\u00e1ll\u00e1si id\u0151t biztos\u00edt, m\u00edg a h\u00e1rom k\u00fcl\u00f6n\u00e1ll\u00f3 folyad\u00e9ktart\u00e1ly hosszabb haszn\u00e1latot \u00e9s z\u00f6kken\u0151mentes \u00e1tmenetet biztos\u00edt az \u00edzek k\u00f6z\u00f6tt, kevered\u00e9s \u00e9s \u00edzveszt\u00e9s n\u00e9lk\u00fcl.<\/p>\n<p>A Bang Leader k\u00e9sz\u00fcl\u00e9keket igaz\u00e1n k\u00fcl\u00f6nlegess\u00e9 teszi forradalmian \u00faj, 6 az 1-ben \u00edzbe\u00e1ll\u00edt\u00e1si rendszer\u00fck, amely A, B, C, A+B, A+C \u00e9s B+C kombin\u00e1ci\u00f3kat k\u00edn\u00e1l, \u00f6sszesen 10 k\u00fcl\u00f6nb\u00f6z\u0151 \u00edzbe\u00e1ll\u00edt\u00e1si lehet\u0151s\u00e9get. Ez a sokoldal\u00fa rendszer minden haszn\u00e1latot egy\u00e9nileg testreszabhat\u00f3 \u00e9lm\u00e9nny\u00e9 var\u00e1zsol, \u00e9s lehet\u0151v\u00e9 teszi, hogy \u00faj \u00edzprofilokat fedezzen fel, vagy maradjon a kedvencein\u00e9l \u2013 mindezt egyetlen eszk\u00f6zzel.<\/p>\n<p>A praktikus 10 darabos csomagol\u00e1sban kaphat\u00f3 Bang Leader 110K t\u00f6k\u00e9letesen alkalmas mind szem\u00e9lyes haszn\u00e1latra, mind nagykereskedelmi forgalmaz\u00e1sra. Ak\u00e1r elk\u00f6telezett g\u0151z\u00f6l\u0151 vagy, aki a maxim\u00e1lis v\u00e1ltozatoss\u00e1got keresi, ak\u00e1r keresked\u0151, aki piacvezet\u0151 term\u00e9ket szeretne k\u00edn\u00e1lni, ez az eszk\u00f6z p\u00e1ratlan tart\u00f3ss\u00e1got, rugalmass\u00e1got \u00e9s el\u00e9gedetts\u00e9get ny\u00fajt pr\u00e9mium csomagol\u00e1sban.<\/p>\n<h2>M\u0171szaki specifik\u00e1ci\u00f3k:<\/h2>\n<ul>\n<li><strong>Nikotin er\u0151ss\u00e9ge:<\/strong> 0% \/ 2% \/ 3% \/ 5%<\/li>\n<li><strong>Vonatsz\u00e1m:<\/strong> Ak\u00e1r 110 000 vonat<\/li>\n<li><strong>\u00cdzmodok:<\/strong> A, B, C, A+B, A+C, B+C<\/li>\n<li><strong>Folyad\u00e9ktart\u00e1ly:<\/strong> 3 tart\u00e1ly<\/li>\n<li><strong>Akkumul\u00e1tor:<\/strong> 850 mAh \u00fajrat\u00f6lthet\u0151<\/li>\n<li><strong>Tekercs:<\/strong> Tripla h\u00e1l\u00f3s tekercs<\/li>\n<li><strong>LED-kijelz\u0151:<\/strong> Igen<\/li>\n<li><strong>T\u00f6lt\u0151csatlakoz\u00f3:<\/strong> C t\u00edpus<\/li>\n<li><strong>Csomagol\u00e1s:<\/strong> 10 darab\/csomag<\/li>\n<li><strong>\u00cdzek:<\/strong> 10 opci\u00f3<\/li>\n<\/ul>\n<h2>Bang Leader 110K slukk \u00cdzv\u00e1laszt\u00e9k:<\/h2>\n<ol>\n<li>G\u00f6r\u00f6gdinnye Ice \/ Eper Mamba \/ Eper G\u00f6r\u00f6gdinnye<\/li>\n<li>Fuji Ice \/ Alma Sz\u0151l\u0151 \/ Cseresznye Gr\u00e1n\u00e1talma<\/li>\n<li>\u00c1fonya j\u00e9g \/ m\u00e1lna citrom \/ g\u00f6r\u00f6gdinnye r\u00e1g\u00f3gumi<\/li>\n<li>\u00c1fonya, m\u00e1lna \/ Savany\u00fa anan\u00e1sz, narancs \/ M\u00e1lna, g\u00f6r\u00f6gdinnye<\/li>\n<li>Sz\u0151l\u0151 Ice \/ Mang\u00f3 \u0151szibarack \/ \u00c1fonya g\u00f6r\u00f6gdinnye<\/li>\n<li>Eper j\u00e9gkr\u00e9m \/ \u0151szibarack citrom \/ kiwi passi\u00f3gy\u00fcm\u00f6lcs guava<\/li>\n<li>Anan\u00e1sz-k\u00f3kusz \/ \u00c1fonya Red Bull \/ G\u00f6r\u00f6gdinnye Ice<\/li>\n<li>Eper Kiwi \/ \u00c1fonya K\u00f3kusz \/ Bogy\u00f3s gy\u00fcm\u00f6lcs\u00f6k kever\u00e9ke<\/li>\n<li>Citrom-rom\u00e1nc \/ \u00c1fonya-m\u00e1lna \/ \u0150szibarack-mentol<\/li>\n<li>\u0150szibarack Ice \/ Fekete ribizli Anan\u00e1sz Ice \/ Z\u00f6ld alma Kiwi<\/li>\n<\/ol>\n<h2>Gyakran feltett k\u00e9rd\u00e9sek a Bang Leader 110K-r\u00f3l<\/h2>\n<p><strong>K: Mi az a Bang Leader 110K?<\/strong><br \/>\nV: A Bang Leader 110K egy nagy teljes\u00edtm\u00e9ny\u0171, eldobhat\u00f3 vape eszk\u00f6z. El\u0151re felt\u00f6lt\u00f6tt folyad\u00e9kkal rendelkezik, \u00e9s ak\u00e1r 110 000 slukkot is k\u00e9pes leadni, \u00edgy ide\u00e1lis azoknak a felhaszn\u00e1l\u00f3knak, akik hosszabb ideig szeretn\u00e9nek vape-olni an\u00e9lk\u00fcl, hogy gyakran kellene cser\u00e9lni\u00fck az eszk\u00f6zt.<\/p>\n<p><strong>K: A Bang Leader 110K \u00fajrat\u00f6lthet\u0151 akkumul\u00e1torral rendelkezik?<\/strong><br \/>\nV: Igen, 850 mAh-s \u00fajrat\u00f6lthet\u0151 akkumul\u00e1torral van felszerelve. Ez az akkumul\u00e1tor \u00fagy van kialak\u00edtva, hogy a k\u00e9sz\u00fcl\u00e9k folyad\u00e9k-tartal\u00e9k\u00e1nak teljes \u00e9lettartama alatt m\u0171k\u00f6d\u0151k\u00e9pes maradjon.<\/p>\n<p><strong>K: Hogyan t\u00f6lthetem fel a Bang Leader 110K-t?<\/strong><br \/>\nV: A k\u00e9sz\u00fcl\u00e9k Type-C t\u00f6lt\u0151csatlakoz\u00f3val rendelkezik. Haszn\u00e1lhat egy szabv\u00e1nyos Type-C t\u00f6lt\u0151k\u00e1bel (egyes esetekben nem tartoz\u00e9k) \u00e9s csatlakoztathatja egy USB-t\u00e1pforr\u00e1shoz, p\u00e9ld\u00e1ul egy fali t\u00f6lt\u0151h\u00f6z vagy egy powerbankhoz. A t\u00f6lt\u00e9s sor\u00e1n a k\u00e9sz\u00fcl\u00e9k LED-kijelz\u0151j\u00e9n l\u00e1that\u00f3 a t\u00f6lt\u00e9s \u00e1llapota.<\/p>\n<p><strong>K: Mennyi id\u0151 alatt t\u00f6lt\u0151dik fel teljesen az akkumul\u00e1tor?<\/strong><br \/>\nV: A t\u00f6lt\u00e9si id\u0151 a t\u00f6lt\u0151 forr\u00e1s\u00e1nak kimeneti teljes\u00edtm\u00e9ny\u00e9t\u0151l f\u00fcgg\u0151en v\u00e1ltozhat. \u00c1ltal\u00e1ban k\u00f6r\u00fclbel\u00fcl 1-2 \u00f3ra alatt t\u00f6lthet\u0151 fel teljesen a 850 mAh-s akkumul\u00e1tor egy tipikus 5 V\/1 A-es USB-t\u00f6lt\u0151vel. Ha azonban nagyobb teljes\u00edtm\u00e9ny\u0171 t\u00f6lt\u0151t haszn\u00e1l (amely kompatibilis a k\u00e9sz\u00fcl\u00e9k t\u00f6lt\u00e9si specifik\u00e1ci\u00f3ival), a t\u00f6lt\u00e9si id\u0151 r\u00f6videbb lehet.<\/p>\n<h2>Fedezze fel tov\u00e1bbi pr\u00e9mium min\u0151s\u00e9g\u0171 e-cigaretta term\u00e9keket<\/h2>\n<p>A Bang Leader 110K a kiv\u00e1l\u00f3 min\u0151s\u00e9g\u0171 eldobhat\u00f3 e-cigarett\u00e1k sz\u00e9les v\u00e1laszt\u00e9k\u00e1nak r\u00e9sze. <strong><a href=\"https:\/\/apexvape.de\/hu\/\">Apexvape<\/a><\/strong> tal\u00e1lhat egy sz\u00e9les v\u00e1laszt\u00e9kot innovat\u00edv vape eszk\u00f6z\u00f6kb\u0151l, minden \u00edzl\u00e9snek \u00e9s ig\u00e9nynek megfelel\u0151en. Fedezze fel tov\u00e1bbi els\u0151 oszt\u00e1ly\u00fa term\u00e9keinket a <strong><a href=\"https:\/\/apexvape.de\/hu\/product-category\/bang-vape\/\">BANG VAPE kateg\u00f3ria<\/a><\/strong>, ahol megtal\u00e1lja a Bang sorozat leg\u00fajabb modelljeit \u00e9s bestsellereit. Ak\u00e1r maxim\u00e1lis sz\u00edv\u00e1ssz\u00e1mot, sokf\u00e9le \u00edzkombin\u00e1ci\u00f3t vagy a legmodernebb technol\u00f3gi\u00e1t keresi \u2013 mi mindig a legjobb vape-megold\u00e1sokat k\u00edn\u00e1ljuk vonz\u00f3 felt\u00e9telekkel mag\u00e1n\u00fcgyfelek \u00e9s nagykeresked\u0151k sz\u00e1m\u00e1ra.<\/p>","protected":false},"excerpt":{"rendered":"<p class=\"font-claude-response-body whitespace-normal break-words\">A Bang Leader 110K forradalmi 110 000 sz\u00edv\u00e1st k\u00edn\u00e1l innovat\u00edv 6 az 1-ben \u00edzrendszerrel (A, B, C, A+B, A+C, B+C). 3 k\u00fcl\u00f6n\u00e1ll\u00f3 folyad\u00e9ktart\u00e1ly, h\u00e1rmas h\u00e1l\u00f3s tekercs, 850 mAh-s akkumul\u00e1tor Type-C gyorst\u00f6lt\u00e9ssel \u00e9s intelligens LED-kijelz\u0151vel. Nikotintartalom 0-5%, 10 pr\u00e9mium \u00edz \u2013 v\u00e9gs\u0151 egy\u00e9nis\u00e9g \u00e9s tart\u00f3ss\u00e1g!<\/p>","protected":false},"featured_media":4269,"comment_status":"open","ping_status":"closed","template":"","meta":[],"product_brand":[],"product_cat":[76],"product_tag":[],"class_list":{"0":"post-4268","1":"product","2":"type-product","3":"status-publish","4":"has-post-thumbnail","6":"product_cat-bang-vape","8":"first","9":"instock","10":"shipping-taxable","11":"purchasable","12":"product-type-variable"},"_links":{"self":[{"href":"https:\/\/apexvape.de\/hu\/wp-json\/wp\/v2\/product\/4268","targetHints":{"allow":["GET"]}}],"collection":[{"href":"https:\/\/apexvape.de\/hu\/wp-json\/wp\/v2\/product"}],"about":[{"href":"https:\/\/apexvape.de\/hu\/wp-json\/wp\/v2\/types\/product"}],"replies":[{"embeddable":true,"href":"https:\/\/apexvape.de\/hu\/wp-json\/wp\/v2\/comments?post=4268"}],"version-history":[{"count":0,"href":"https:\/\/apexvape.de\/hu\/wp-json\/wp\/v2\/product\/4268\/revisions"}],"wp:featuredmedia":[{"embeddable":true,"href":"https:\/\/apexvape.de\/hu\/wp-json\/wp\/v2\/media\/4269"}],"wp:attachment":[{"href":"https:\/\/apexvape.de\/hu\/wp-json\/wp\/v2\/media?parent=4268"}],"wp:term":[{"taxonomy":"product_brand","embeddable":true,"href":"https:\/\/apexvape.de\/hu\/wp-json\/wp\/v2\/product_brand?post=4268"},{"taxonomy":"product_cat","embeddable":true,"href":"https:\/\/apexvape.de\/hu\/wp-json\/wp\/v2\/product_cat?post=4268"},{"taxonomy":"product_tag","embeddable":true,"href":"https:\/\/apexvape.de\/hu\/wp-json\/wp\/v2\/product_tag?post=4268"}],"curies":[{"name":"wp","href":"https:\/\/api.w.org\/{rel}","templated":true}]}}