{"id":4189,"date":"2025-11-28T13:41:38","date_gmt":"2025-11-28T12:41:38","guid":{"rendered":"https:\/\/apexvape.de\/?post_type=product&#038;p=4189"},"modified":"2025-11-28T13:43:20","modified_gmt":"2025-11-28T12:43:20","slug":"bang-leader-85000","status":"publish","type":"product","link":"https:\/\/apexvape.de\/hu\/product\/bang-leader-85000\/","title":{"rendered":"Bang Leader 85000 sz\u00edv\u00e1sos eldobhat\u00f3 e-cigaretta"},"content":{"rendered":"<h1><strong>Bang Leader 85000 \u2013 85 000 slukkos e-cigaretta h\u00e1rom \u00edzben<\/strong><\/h1>\n<p>A Bang Leader 85000 eldobhat\u00f3 e-cigaretta leny\u0171g\u00f6z\u0151 85 000 slukkot k\u00edn\u00e1l 3 \u00e1ll\u00edthat\u00f3 \u00edzzel egy k\u00e9sz\u00fcl\u00e9kben, garant\u00e1lva a maxim\u00e1lis v\u00e1ltozatoss\u00e1got \u00e9s k\u00e9nyelmet. V\u00e1lasszon a 0% \/ 2% \/ 3% \/ 5% nikotinok k\u00f6z\u00fcl a t\u00f6k\u00e9letes g\u0151z\u00e9lm\u00e9ny \u00e9rdek\u00e9ben. Er\u0151teljes 850 mAh-s akkumul\u00e1torral \u00e9s h\u00e1rmas h\u00e1l\u00f3s tekercsel\u00e9ssel (1,0 \u03a9) ell\u00e1tva \u00e1lland\u00f3an s\u0171r\u0171 g\u0151zt \u00e9s intenz\u00edv \u00edzt biztos\u00edt. A LED-kijelz\u0151n l\u00e1that\u00f3 az akkumul\u00e1tor t\u00f6lt\u00f6tts\u00e9gi szintje \u00e9s az \u00edz \u00e1llapota, m\u00edg a Type-C t\u00f6lt\u0151k\u00e1bel gyors felt\u00f6lt\u00e9st tesz lehet\u0151v\u00e9. 15 pr\u00e9mium \u00edzben kaphat\u00f3, 10 darabos csomagol\u00e1sban, kiskereskedelmi \u00e9s nagykereskedelmi forgalmaz\u00e1shoz.<\/p>\n<h2><strong>Bang Leader 85000 sz\u00edv\u00e1s \u2013 Term\u00e9kjellemz\u0151k:<\/strong><\/h2>\n<p>Tapasztalja meg a rendk\u00edv\u00fcli tart\u00f3ss\u00e1got, ak\u00e1r 85 000 sz\u00edv\u00e1ssal k\u00e9sz\u00fcl\u00e9kenk\u00e9nt \u2013 ide\u00e1lis intenz\u00edv felhaszn\u00e1l\u00f3knak vagy azoknak, akik minimaliz\u00e1lni szeretn\u00e9k a p\u00f3tl\u00e1st. Minden egys\u00e9g el\u0151re felt\u00f6ltve van kiv\u00e1l\u00f3 min\u0151s\u00e9g\u0171 e-liquiddel, \u00e9s egyedi h\u00e1rmas aromarendszerrel rendelkezik, amely h\u00e1rom k\u00fcl\u00f6nb\u00f6z\u0151 \u00edzprofilt k\u00edn\u00e1l egy k\u00e9sz\u00fcl\u00e9kben. \u00c9lvezze a v\u00e1ltozatoss\u00e1got \u00e9s az el\u00e9gedetts\u00e9get minden sz\u00edv\u00e1ssal, an\u00e9lk\u00fcl, hogy ut\u00e1nt\u00f6ltenie kellene vagy k\u00fcl\u00f6nb\u00f6z\u0151 vaporiz\u00e1torok k\u00f6z\u00f6tt kellene v\u00e1ltania.<\/p>\n<p>1,0 \u03a9-os h\u00e1l\u00f3s tekercsekkel felszerelve a k\u00e9sz\u00fcl\u00e9k gazdag, egyenletes g\u0151zt \u00e9s hiteles \u00edzt biztos\u00edt az elej\u00e9t\u0151l a v\u00e9g\u00e9ig. Az egyenletes sz\u00edv\u00e1sok az eg\u00e9sz hosszabb \u00e9lettartam alatt meg\u0151rzik az \u00edz\u00fcket. Az intelligens kialak\u00edt\u00e1st egy be\u00e9p\u00edtett intelligens kijelz\u0151 eg\u00e9sz\u00edti ki, amely val\u00f3s idej\u0171 friss\u00edt\u00e9sekkel t\u00e1j\u00e9koztatja \u00d6nt az akkumul\u00e1tor \u00e1llapot\u00e1r\u00f3l, a sz\u00edv\u00e1ssz\u00e1ml\u00e1l\u00f3r\u00f3l \u00e9s az \u00fczemm\u00f3dr\u00f3l, \u00edgy a g\u0151z\u00f6l\u00e9s \u00e9lm\u00e9nye intuit\u00edvabb\u00e1 \u00e9s felhaszn\u00e1l\u00f3bar\u00e1tabb\u00e1 v\u00e1lik.<\/p>\n<p>A robusztus 850 mAh-s akkumul\u00e1tor \u00e9s a Type-C t\u00f6lt\u00e9si funkci\u00f3 gyors \u00e9s hat\u00e9kony t\u00f6lt\u00e9st biztos\u00edt, \u00edgy soha nem maradhat e-cigaretta n\u00e9lk\u00fcl. A modern t\u00f6lt\u00e9si technol\u00f3gia kevesebb v\u00e1rakoz\u00e1si id\u0151t \u00e9s t\u00f6bb g\u0151z\u00e9lvezet\u00e9st jelent.<\/p>\n<p>T\u00f6bb nikotintartalommal kaphat\u00f3 \u2013 0%, 2%, 3% \u00e9s 5% \u2013 ez a k\u00e9sz\u00fcl\u00e9k sz\u00e9les k\u00f6r\u0171 ig\u00e9nyeket \u00e9s preferenci\u00e1kat el\u00e9g\u00edt ki, f\u00fcggetlen\u00fcl att\u00f3l, hogy teljesen el akarja ker\u00fclni a nikotint, fokozatosan szeretn\u00e9 cs\u00f6kkenteni a fogyaszt\u00e1s\u00e1t, vagy er\u0151sebb \u00e9lm\u00e9nyre v\u00e1gyik. Sokoldal\u00fas\u00e1g \u00e9s teljes\u00edtm\u00e9ny egy er\u0151teljes csomagban.<\/p>\n<h2><strong>M\u0171szaki adatok:<\/strong><\/h2>\n<ul>\n<li>E-liquid kapacit\u00e1s: 60 ml<\/li>\n<li>Vonatok: 85 000 vonat<\/li>\n<li>Akkumul\u00e1tor: 850 mAh<\/li>\n<li>Nikotin: 0% \/ 2% \/ 3% \/ 5%<\/li>\n<li>Tekercs: 1,0 ohm \u00d7 3<\/li>\n<li>Design: h\u00e1rom \u00edz<\/li>\n<li>T\u00f6lt\u0151csatlakoz\u00f3: Type-C port<\/li>\n<li>\u00cdzek: 15 el\u00e9rhet\u0151 aroma<\/li>\n<\/ul>\n<h2><strong>Bang Leader 85000 sz\u00edv\u00e1s \u2013 \u00cdzv\u00e1laszt\u00e9k:<\/strong><\/h2>\n<ol>\n<li>Sz\u0151l\u0151 j\u00e9gkr\u00e9m \/ eper kiwi \/ passi\u00f3gy\u00fcm\u00f6lcs guava<\/li>\n<li>Eper j\u00e9gkr\u00e9m \/ Citrom narancs \/ G\u00f6r\u00f6gdinnye r\u00e1g\u00f3gumi<\/li>\n<li>G\u00f6r\u00f6gdinnye j\u00e9gkr\u00e9m \/ Mang\u00f3 \u0151szibarack \/ Narancs limon\u00e1d\u00e9<\/li>\n<li>Anan\u00e1szos j\u00e9gkr\u00e9m \/ Eperes Red Bull \/ Vegyes bogy\u00f3s gy\u00fcm\u00f6lcs\u00f6k<\/li>\n<li>Red Bull \/ \u00c1fonya G\u00f6r\u00f6gdinnye \/ Eperfagylalt<\/li>\n<li>Cola j\u00e9gkr\u00e9m \/ Alma-\u0151szibarack \/ R\u00f3zsasz\u00edn limon\u00e1d\u00e9<\/li>\n<li>Ban\u00e1n j\u00e9gkr\u00e9m \/ Eper g\u00f6r\u00f6gdinnye \/ Gumicukorka<\/li>\n<li>\u00c1fonya j\u00e9gkr\u00e9m \/ Blue Raz \/ Illatos k\u00f6rte<\/li>\n<li>Vegyes gy\u00fcm\u00f6lcs\u00f6k \/ Mojito \u0151szibarack \/ \u00e1fonya m\u00e1lna<\/li>\n<li>Fekete s\u00e1rk\u00e1ny j\u00e9gkr\u00e9m \/ m\u00e1lyvacukor \/ ny\u00e1ri \u00e1lom<\/li>\n<li>Eper, m\u00e1lna \/ fekete ribizli \/ eper, ban\u00e1n<\/li>\n<li>Eper-g\u00f6r\u00f6gdinnye \/ Csereszny\u00e9s k\u00f3la \/ Epercr\u00e9me<\/li>\n<li>V\u00f6r\u00f6s alma j\u00e9gkr\u00e9m \/ m\u00e1lna g\u00f6r\u00f6gdinnye \/ aloe sz\u0151l\u0151<\/li>\n<li>Cseresznye-\u00e1fonya \/ \u0151szibarack-mang\u00f3 \/ anan\u00e1sz<\/li>\n<li>Love 666 \/ \u00c1fonya-m\u00e1lna \/ Vimto<\/li>\n<\/ol>\n<h2><strong>Gyakran feltett k\u00e9rd\u00e9sek a Bang Leader 85000-r\u0151l<\/strong><\/h2>\n<p><strong>F1: H\u00e1ny slukkot lehet elsz\u00edvni a Bang Leader 85K-val?<\/strong> V: Minden eszk\u00f6z ak\u00e1r 85 000 sz\u00edv\u00e1sra is k\u00e9pes, \u00edgy rendk\u00edv\u00fcl hossz\u00fa \u00e9lettartamot biztos\u00edt, \u00e9s nem kell gyakran cser\u00e9lni.<\/p>\n<p><strong>F2: Az eszk\u00f6z \u00fajrat\u00f6lthet\u0151?<\/strong> V: Igen, \u00fajrat\u00f6lthet\u0151 akkumul\u00e1torral rendelkezik, USB-C t\u00f6lt\u0151csatlakoz\u00f3val a gyors \u00e9s k\u00e9nyelmes t\u00f6lt\u00e9s \u00e9rdek\u00e9ben.<\/p>\n<p><strong>F3: Be\u00e1ll\u00edthatom a l\u00e9g\u00e1ramot vagy a g\u0151ztermel\u00e9st?<\/strong> V: Igen, a Bang Leader 85K rendelkezik \u00e1ll\u00edthat\u00f3 l\u00e9g\u00e1ram-szab\u00e1lyoz\u00f3val, amellyel egy\u00e9nileg be\u00e1ll\u00edthatja a sz\u00edv\u00e1st \u00e9s a g\u0151z teljes\u00edtm\u00e9ny\u00e9t.<\/p>\n<p><strong>F4: Hogyan tudom, hogy az e-liquid kezd elfogyni?<\/strong> V: A k\u00e9sz\u00fcl\u00e9k intelligens kijelz\u0151vel rendelkezik, amely val\u00f3s id\u0151ben jelzi az e-liquid \u00e9s az akkumul\u00e1tor \u00e1llapot\u00e1t.<\/p>\n<p><strong>F5: Kell-e ut\u00e1nt\u00f6ltenem az e-folyad\u00e9kot?<\/strong> V: Nem, ut\u00e1nt\u00f6lt\u00e9s nem sz\u00fcks\u00e9ges \u2013 a Bang Leader 85K el\u0151re felt\u00f6lt\u00f6tt \u00e9s azonnal haszn\u00e1latra k\u00e9sz.<\/p>\n<p><strong>F6: Alkalmas kezd\u0151knek?<\/strong> A: Teljesen \u2013 a Bang Leader 85K sz\u00edv\u00e1ssal aktiv\u00e1lhat\u00f3, ez\u00e9rt mind a kezd\u0151k, mind a tapasztaltabb felhaszn\u00e1l\u00f3k sz\u00e1m\u00e1ra k\u00f6nnyen kezelhet\u0151.<\/p>\n<h2 class=\"font-claude-response-body whitespace-normal break-words\"><strong>Tov\u00e1bbi inform\u00e1ci\u00f3k \u00e9s term\u00e9kek<\/strong><\/h2>\n<p class=\"font-claude-response-body whitespace-normal break-words\">Fedezze fel a kiv\u00e1l\u00f3 min\u0151s\u00e9g\u0171 e-cigarett\u00e1k \u00e9s vape term\u00e9kek teljes v\u00e1laszt\u00e9k\u00e1t a <strong><a class=\"underline\" href=\"https:\/\/apexvape.de\/hu\/\">apexvape.de<\/a><\/strong> \u2013 a megb\u00edzhat\u00f3 online \u00e1ruh\u00e1zunkban, ahol pr\u00e9mium min\u0151s\u00e9g\u0171 g\u0151z\u00f6l\u0151 kieg\u00e9sz\u00edt\u0151ket tal\u00e1l. A Bang Leader 85000 az exkluz\u00edv term\u00e9kcsal\u00e1dunk r\u00e9sze. <strong><a class=\"underline\" href=\"https:\/\/apexvape.de\/hu\/product-category\/bang-vape\/\">BANG VAPE kollekci\u00f3<\/a><\/strong>, amely az innov\u00e1ci\u00f3, a min\u0151s\u00e9g \u00e9s a kiv\u00e9teles teljes\u00edtm\u00e9ny szimb\u00f3luma. L\u00e1togasson el kateg\u00f3ri\u00e1nkba, \u00e9s fedezze fel tov\u00e1bbi kiv\u00e1l\u00f3 min\u0151s\u00e9g\u0171 eldobhat\u00f3 e-cigarett\u00e1inkat \u00e9s vape-k\u00e9sz\u00fcl\u00e9keinket, amelyek t\u00f6k\u00e9letesen megfelelnek az \u00d6n egy\u00e9ni ig\u00e9nyeinek.<\/p>","protected":false},"excerpt":{"rendered":"<p class=\"font-claude-response-body whitespace-normal break-words\">A Bang Leader 85000 leny\u0171g\u00f6z\u0151 85 000 sz\u00edv\u00e1ssal \u00e9s egyed\u00fcl\u00e1ll\u00f3 h\u00e1rmas aroma rendszerrel rendelkezik egy k\u00e9sz\u00fcl\u00e9kben. 60 ml e-liquid, 850 mAh-s akkumul\u00e1tor Type-C t\u00f6lt\u00e9ssel, Triple Mesh Coils (1,0 \u03a9) \u00e9s intelligens kijelz\u0151 az akkumul\u00e1tor t\u00f6lt\u00f6tts\u00e9gi \u00e1llapot\u00e1nak \u00e9s a sz\u00edv\u00e1sok sz\u00e1m\u00e1nak megjelen\u00edt\u00e9s\u00e9hez. Nikotintartalom 0-5%, 15 pr\u00e9mium aroma \u2013 v\u00e9gtelen v\u00e1ltozatoss\u00e1g!<\/p>","protected":false},"featured_media":4254,"comment_status":"open","ping_status":"closed","template":"","meta":[],"product_brand":[],"product_cat":[76],"product_tag":[],"class_list":{"0":"post-4189","1":"product","2":"type-product","3":"status-publish","4":"has-post-thumbnail","6":"product_cat-bang-vape","8":"first","9":"instock","10":"shipping-taxable","11":"purchasable","12":"product-type-variable"},"_links":{"self":[{"href":"https:\/\/apexvape.de\/hu\/wp-json\/wp\/v2\/product\/4189","targetHints":{"allow":["GET"]}}],"collection":[{"href":"https:\/\/apexvape.de\/hu\/wp-json\/wp\/v2\/product"}],"about":[{"href":"https:\/\/apexvape.de\/hu\/wp-json\/wp\/v2\/types\/product"}],"replies":[{"embeddable":true,"href":"https:\/\/apexvape.de\/hu\/wp-json\/wp\/v2\/comments?post=4189"}],"version-history":[{"count":0,"href":"https:\/\/apexvape.de\/hu\/wp-json\/wp\/v2\/product\/4189\/revisions"}],"wp:featuredmedia":[{"embeddable":true,"href":"https:\/\/apexvape.de\/hu\/wp-json\/wp\/v2\/media\/4254"}],"wp:attachment":[{"href":"https:\/\/apexvape.de\/hu\/wp-json\/wp\/v2\/media?parent=4189"}],"wp:term":[{"taxonomy":"product_brand","embeddable":true,"href":"https:\/\/apexvape.de\/hu\/wp-json\/wp\/v2\/product_brand?post=4189"},{"taxonomy":"product_cat","embeddable":true,"href":"https:\/\/apexvape.de\/hu\/wp-json\/wp\/v2\/product_cat?post=4189"},{"taxonomy":"product_tag","embeddable":true,"href":"https:\/\/apexvape.de\/hu\/wp-json\/wp\/v2\/product_tag?post=4189"}],"curies":[{"name":"wp","href":"https:\/\/api.w.org\/{rel}","templated":true}]}}