{"id":4127,"date":"2025-11-28T13:33:14","date_gmt":"2025-11-28T12:33:14","guid":{"rendered":"https:\/\/apexvape.de\/?post_type=product&#038;p=4127"},"modified":"2025-11-28T13:33:31","modified_gmt":"2025-11-28T12:33:31","slug":"bang-leader-80000","status":"publish","type":"product","link":"https:\/\/apexvape.de\/hu\/product\/bang-leader-80000\/","title":{"rendered":"Bang Leader 80000 sz\u00edv\u00e1sos eldobhat\u00f3 vape"},"content":{"rendered":"<h1>Bang Leader 80000 sz\u00edv\u00e1sos e-cigaretta | 78 ml e-liquid, 850 mAh akkumul\u00e1tor, h\u00e1rmas aroma rendszer, kett\u0151s tekercs, C t\u00edpus\u00fa t\u00f6lt\u00e9s<\/h1>\n<p>A Bang Leader 80000 sz\u00edv\u00e1s 3 az 1-ben h\u00e1rmas \u00edz\u0171 eldobhat\u00f3 vape leny\u0171g\u00f6z\u0151 80 000 sz\u00edv\u00e1st k\u00edn\u00e1l egyedi h\u00e1rmas \u00edzrendszerrel. 78 ml e-liquiddel, 3 podra osztva (egyenk\u00e9nt 26 ml), ez a k\u00e9sz\u00fcl\u00e9k dinamikus g\u0151z\u00f6l\u00e9si \u00e9lm\u00e9nyt ny\u00fajt, amelynek \u00edz\u00e9t \u00fatk\u00f6zben is lehet v\u00e1ltoztatni. 850 mAh-s \u00fajrat\u00f6lthet\u0151 akkumul\u00e1torral \u00e9s 1,0 \u03a9-os h\u00e1l\u00f3s tekercsel\u00e9ssel m\u0171k\u00f6dik, sima g\u0151zt \u00e9s kiv\u00e9teles \u00edzt biztos\u00edt. 0%, 2%, 3% vagy 5% nikotintartalommal kaphat\u00f3 \u2013 a Bang Leader 80000 minden g\u0151z\u00f6l\u0151 sz\u00e1m\u00e1ra szem\u00e9lyre szabhat\u00f3 \u00e9lm\u00e9nyt garant\u00e1l.<\/p>\n<h2>Bang Leader 80000 sz\u00edv\u00e1s F\u0151bb jellemz\u0151k<\/h2>\n<p>A Bang Leader 80000 puffos vape \u00faj \u00e9rtelmet ad a kitart\u00e1snak rendk\u00edv\u00fcli, ak\u00e1r 80 000 puffos kapacit\u00e1s\u00e1val, \u00e9s ezzel \u00faj szabv\u00e1nyt teremt a vaping vil\u00e1g\u00e1ban a tart\u00f3ss\u00e1g ter\u00e9n. A kompromisszumokat nem t\u0171r\u0151, nagy teljes\u00edtm\u00e9ny\u0171 felhaszn\u00e1l\u00f3k sz\u00e1m\u00e1ra tervezve \u00f6tv\u00f6zi a hatalmas teljes\u00edtm\u00e9nyt az eleg\u00e1ns, modern diz\u00e1jnnal, \u00e9s minden haszn\u00e1lat alkalm\u00e1val mind mennyis\u00e9get, mind pedig rendk\u00edv\u00fcli \u00edzvil\u00e1got k\u00edn\u00e1l.<\/p>\n<p>Ami ezt az eszk\u00f6zt igaz\u00e1n kiemeli a t\u00f6bbi k\u00f6z\u00fcl, az az innovat\u00edv 3 az 1-ben aromakamra-rendszere, amely h\u00e1rom k\u00fcl\u00f6nb\u00f6z\u0151 e-liquid kever\u00e9ket egyes\u00edt egyetlen eszk\u00f6zben. Eg\u00e9sz nap szabadon v\u00e1lthat az arom\u00e1k k\u00f6z\u00f6tt, vagy k\u00eds\u00e9rletezhet azok kombin\u00e1l\u00e1s\u00e1val, hogy megalkossa saj\u00e1t egy\u00e9ni \u00edzprofilj\u00e1t, \u00e9s minden slukk ut\u00e1n teljesen \u00faj dimenzi\u00f3kat fedezzen fel az \u00e9lvezetben. A nagylelk\u0171, 78 ml-es el\u0151re felt\u00f6lt\u00f6tt e-liquid kapacit\u00e1snak k\u00f6sz\u00f6nhet\u0151en nincs sz\u00fcks\u00e9g \u00e1lland\u00f3 ut\u00e1nt\u00f6lt\u00e9sre, \u00e9s hosszabb ideig p\u00e1rologtathat sz\u00fcnet n\u00e9lk\u00fcl \u2013 t\u00f6k\u00e9letes azok sz\u00e1m\u00e1ra, akik b\u00e1rhol \u00e9s b\u00e1rmikor kiterjesztett, megszak\u00edt\u00e1s n\u00e9lk\u00fcli haszn\u00e1latot ig\u00e9nyelnek.<\/p>\n<p>Ezt a leny\u0171g\u00f6z\u0151 k\u00e9sz\u00fcl\u00e9ket egy gyorsan t\u00f6lthet\u0151, 850 mAh-s \u00fajrat\u00f6lthet\u0151 akkumul\u00e1tor hajtja, praktikus C-t\u00edpus\u00fa csatlakoz\u00f3val, amely \u00f3r\u00e1kon \u00e1t megb\u00edzhat\u00f3 teljes\u00edtm\u00e9nyt \u00e9s minim\u00e1lis le\u00e1ll\u00e1si id\u0151t biztos\u00edt a t\u00f6lt\u00e9s sor\u00e1n. A fejlett 1,0 \u03a9-os kett\u0151s h\u00e1l\u00f3s tekercsrendszer minden sz\u00edv\u00e1st \u00faj szintre emel, s\u0171r\u0171, arom\u00e1s g\u0151zt termelve, egyenletes konzisztenci\u00e1val az els\u0151t\u0151l az utols\u00f3 sz\u00edv\u00e1sig, mik\u00f6zben a k\u00e9sz\u00fcl\u00e9k leny\u0171g\u00f6z\u0151 \u00e9lettartama alatt meg\u0151rzi a min\u0151s\u00e9get.<\/p>\n<p>A Bang Leader 80000 0%, 2%, 3% \u00e9s 5% nikotintartalommal kaphat\u00f3, \u00edgy minden t\u00edpus\u00fa g\u0151z\u00f6l\u0151nek megfelel \u2013 a nikotinmentes opci\u00f3kat keres\u0151kt\u0151l a tapasztalt felhaszn\u00e1l\u00f3kig, akik er\u0151sebb hat\u00e1st szeretn\u00e9nek. Ez egy sokoldal\u00fa, nagy teljes\u00edtm\u00e9ny\u0171 eszk\u00f6z, amely az \u00d6n preferenci\u00e1ihoz igazodik \u00e9s l\u00e9p\u00e9st tart az \u00d6n \u00e9letst\u00edlus\u00e1val.<\/p>\n<h2>M\u0171szaki adatok<\/h2>\n<ul>\n<li><strong>Vonatok:<\/strong> Ak\u00e1r 80 000 vonat<\/li>\n<li><strong>Nikotin:<\/strong> 0% \/ 2% \/ 3% \/ 5%<\/li>\n<li><strong>Arom\u00e1k:<\/strong> 3 az 1-ben aromarendszer<\/li>\n<li><strong>E-folyad\u00e9k:<\/strong> 78 ml el\u0151re felt\u00f6ltve (3 kapszula, 26 ml + 26 ml + 26 ml)<\/li>\n<li><strong>Akkumul\u00e1tor:<\/strong> 850 mAh \u00fajrat\u00f6lthet\u0151<\/li>\n<li><strong>Tekercs:<\/strong> 1,0 \u03a9 h\u00e1l\u00f3<\/li>\n<li><strong>T\u00f6lt\u0151csatlakoz\u00f3:<\/strong> C t\u00edpus<\/li>\n<li><strong>El\u00e9rhet\u0151 \u00edzek:<\/strong> 12<\/li>\n<\/ul>\n<h2>Bang Leader 80000 sz\u00edv\u00e1s \u00cdzv\u00e1laszt\u00e9k<\/h2>\n<ol>\n<li>G\u00f6r\u00f6gdinnye j\u00e9g\/eper \u00e9s mang\u00f3\/ban\u00e1n<\/li>\n<li>M\u00e1lna-mojito \u0150szibarack-j\u00e9g\/eper \u00e9s g\u00f6r\u00f6gdinnye\/kiwi Passi\u00f3gy\u00fcm\u00f6lcs Guava<\/li>\n<li>Eper \u00e9s g\u00f6r\u00f6gdinnye\/sz\u0151l\u0151 j\u00e9g\/sziv\u00e1rv\u00e1ny cukorka<\/li>\n<li>Cola Ice\/\u00e1fonya m\u00e1lna\/\u0151szibarack mang\u00f3 g\u00f6r\u00f6gdinnye<\/li>\n<li>\u00c1fonya G\u00f6r\u00f6gdinnye\/Eper Mang\u00f3\/Fekete ribizli<\/li>\n<li>\u00c1fonya Ice\/Fekete S\u00e1rk\u00e1ny Ice\/Mang\u00f3 \u0151szibarack<\/li>\n<li>\u00c1fonya j\u00e9gkr\u00e9m\/eper \u00e9s ban\u00e1n\/vegyes bogy\u00f3s gy\u00fcm\u00f6lcs\u00f6k<\/li>\n<li>Red Bull\/\u00e1fonya g\u00f6r\u00f6gdinnye\/alma k\u00f6rte<\/li>\n<li>Red Bull\/g\u00f6r\u00f6gdinnye Bubble Candy\/eperfagylalt<\/li>\n<li>Eper Kiwi\/\u0150szibarack J\u00e9g\/Csereszny\u00e9s k\u00f3la<\/li>\n<li>Kivi Passi\u00f3\/Licsi J\u00e9g\/Mang\u00f3 \u0150szibarack Anan\u00e1sz<\/li>\n<li>Avok\u00e1d\u00f3 j\u00e9g\/citrom lime\/g\u00f6r\u00f6gdinnye m\u00e1lna<\/li>\n<\/ol>\n<h2>Gyakran feltett k\u00e9rd\u00e9sek a Bang Leader 80000 3 az 1-ben eldobhat\u00f3 vaporiz\u00e1torral kapcsolatban<\/h2>\n<p><strong>1. H\u00e1ny vonatot k\u00edn\u00e1l \u00f6sszesen a Bang Leader 80K?<\/strong><br \/>\nA k\u00e9sz\u00fcl\u00e9k \u00f6sszesen ak\u00e1r 80 000 sz\u00edv\u00e1st is biztos\u00edt, a h\u00e1rom kapszula mindegyike k\u00f6r\u00fclbel\u00fcl 26 000+ sz\u00edv\u00e1st biztos\u00edt.<\/p>\n<p><strong>2. Mit jelent a \u201e3 az 1-ben\u201c kifejez\u00e9s?<\/strong><br \/>\nA Bang Leader 80K h\u00e1rom arom\u00e1s rendszerrel rendelkezik, amelynek seg\u00edts\u00e9g\u00e9vel egy speci\u00e1lis v\u00e1laszt\u00f3mechanizmuson kereszt\u00fcl h\u00e1rom k\u00fcl\u00f6n\u00e1ll\u00f3 e-liquid kapszula k\u00f6z\u00f6tt v\u00e1lthat, amelyek mindegyike egyedi \u00edz\u0171.<\/p>\n<p><strong>3. Az eszk\u00f6z \u00fajrat\u00f6lthet\u0151?<\/strong><br \/>\nIgen. 850 mAh-s \u00fajrat\u00f6lthet\u0151 akkumul\u00e1torral m\u0171k\u00f6dik, \u00e9s t\u00e1mogatja a C t\u00edpus\u00fa gyorst\u00f6lt\u00e9st.<\/p>\n<p><strong>4. Hogyan v\u00e1lthatok az arom\u00e1k k\u00f6z\u00f6tt?<\/strong><br \/>\nAz \u00edzeket a k\u00e9sz\u00fcl\u00e9ken tal\u00e1lhat\u00f3 v\u00e1laszt\u00f3kapcsol\u00f3val lehet v\u00e1ltani, amely a h\u00e1rom be\u00e9p\u00edtett kapszula k\u00f6z\u00f6tt v\u00e1lt.<\/p>\n<p><strong>5. Mennyi id\u0151 alatt t\u00f6lt\u0151dik fel a k\u00e9sz\u00fcl\u00e9k?<\/strong><br \/>\nA t\u00f6lt\u00e9si id\u0151 \u00e1ltal\u00e1ban k\u00f6r\u00fclbel\u00fcl 60\u201390 perc a C t\u00edpus\u00fa csatlakoz\u00f3n kereszt\u00fcl.<\/p>\n<p><strong>6. Alkalmas kezd\u0151knek?<\/strong><br \/>\nIgen. H\u00faz\u00e1ssal aktiv\u00e1lhat\u00f3, gombok n\u00e9lk\u00fcl \u00e9s el\u0151re felt\u00f6ltve \u2013 ez rendk\u00edv\u00fcl egyszer\u0171v\u00e9 teszi a haszn\u00e1lat\u00e1t, m\u00e9g az els\u0151 alkalommal haszn\u00e1l\u00f3k sz\u00e1m\u00e1ra is.<\/p>\n<h2>Fedezze fel tov\u00e1bbi pr\u00e9mium min\u0151s\u00e9g\u0171 vaping term\u00e9keket<\/h2>\n<p>A Bang Leader 80000 sz\u00edv\u00e1s csak egy a sok kiv\u00e1l\u00f3 min\u0151s\u00e9g\u0171 eldobhat\u00f3 e-cigaretta k\u00f6z\u00fcl, amelyek megtal\u00e1lhat\u00f3k a k\u00edn\u00e1latunkban. L\u00e1togasson el weboldalunkra! <strong><a href=\"https:\/\/apexvape.de\/hu\/\">honlap<\/a><\/strong>, hogy felfedezze a pr\u00e9mium vaping term\u00e9kek teljes v\u00e1laszt\u00e9k\u00e1t, vagy fedezze fel <strong><a href=\"https:\/\/apexvape.de\/hu\/product-category\/bang-vape\/\">BANG VAPE kateg\u00f3ria<\/a><\/strong> tov\u00e1bbi innovat\u00edv Bang sorozat\u00fa eszk\u00f6z\u00f6k\u00e9rt, amelyek kiv\u00e9teles teljes\u00edtm\u00e9nyt \u00e9s \u00edzv\u00e1laszt\u00e9kot k\u00edn\u00e1lnak. Az Apex Vape-n\u00e9l mindig megtal\u00e1lja a leg\u00fajabb \u00e9s legjobb vaping megold\u00e1sokat minden ig\u00e9nyhez.<\/p>","protected":false},"excerpt":{"rendered":"<p class=\"font-claude-response-body whitespace-normal break-words\">A Bang Leader 80000 forradalmas\u00edtja a g\u0151z\u00f6l\u00e9st 80 000 sz\u00edv\u00e1ssal \u00e9s innovat\u00edv 3 az 1-ben aromarendszerrel. 78 ml e-liquid 3 cser\u00e9lhet\u0151 kapszul\u00e1ban, 850 mAh-s akkumul\u00e1tor C-t\u00edpus\u00fa gyorst\u00f6lt\u00e9ssel \u00e9s 1,0 \u03a9-os kett\u0151s h\u00e1l\u00f3s tekercsek garant\u00e1lj\u00e1k az intenz\u00edv \u00edzt. Nikotintartalom 0-5% \u2013 maxim\u00e1lis sokoldal\u00fas\u00e1g ig\u00e9nyes g\u0151z\u00f6l\u0151knek.<\/p>","protected":false},"featured_media":4128,"comment_status":"open","ping_status":"closed","template":"","meta":[],"product_brand":[],"product_cat":[76],"product_tag":[],"class_list":{"0":"post-4127","1":"product","2":"type-product","3":"status-publish","4":"has-post-thumbnail","6":"product_cat-bang-vape","8":"first","9":"instock","10":"shipping-taxable","11":"purchasable","12":"product-type-variable"},"_links":{"self":[{"href":"https:\/\/apexvape.de\/hu\/wp-json\/wp\/v2\/product\/4127","targetHints":{"allow":["GET"]}}],"collection":[{"href":"https:\/\/apexvape.de\/hu\/wp-json\/wp\/v2\/product"}],"about":[{"href":"https:\/\/apexvape.de\/hu\/wp-json\/wp\/v2\/types\/product"}],"replies":[{"embeddable":true,"href":"https:\/\/apexvape.de\/hu\/wp-json\/wp\/v2\/comments?post=4127"}],"version-history":[{"count":0,"href":"https:\/\/apexvape.de\/hu\/wp-json\/wp\/v2\/product\/4127\/revisions"}],"wp:featuredmedia":[{"embeddable":true,"href":"https:\/\/apexvape.de\/hu\/wp-json\/wp\/v2\/media\/4128"}],"wp:attachment":[{"href":"https:\/\/apexvape.de\/hu\/wp-json\/wp\/v2\/media?parent=4127"}],"wp:term":[{"taxonomy":"product_brand","embeddable":true,"href":"https:\/\/apexvape.de\/hu\/wp-json\/wp\/v2\/product_brand?post=4127"},{"taxonomy":"product_cat","embeddable":true,"href":"https:\/\/apexvape.de\/hu\/wp-json\/wp\/v2\/product_cat?post=4127"},{"taxonomy":"product_tag","embeddable":true,"href":"https:\/\/apexvape.de\/hu\/wp-json\/wp\/v2\/product_tag?post=4127"}],"curies":[{"name":"wp","href":"https:\/\/api.w.org\/{rel}","templated":true}]}}