{"id":4058,"date":"2025-11-28T13:24:36","date_gmt":"2025-11-28T12:24:36","guid":{"rendered":"https:\/\/apexvape.de\/?post_type=product&#038;p=4058"},"modified":"2025-11-28T13:25:35","modified_gmt":"2025-11-28T12:25:35","slug":"bang-leader-18000","status":"publish","type":"product","link":"https:\/\/apexvape.de\/hu\/product\/bang-leader-18000\/","title":{"rendered":"Bang Leader 18000 sz\u00edv\u00e1s\u00fa eldobhat\u00f3 vape"},"content":{"rendered":"<h1>Bang Leader 18000 sz\u00edv\u00e1s \u2013 \u00dajrat\u00f6lthet\u0151 eldobhat\u00f3 e-cigaretta nagykereskedelemben<\/h1>\n<p>A <strong>Bang Leader 18000<\/strong> \u00faj m\u00e9rc\u00e9t \u00e1ll\u00edt fel az eldobhat\u00f3 e-cigarett\u00e1k ter\u00fclet\u00e9n, \u00e9s azoknak a felhaszn\u00e1l\u00f3knak sz\u00f3l, akik \u00e9rt\u00e9kelik a kiv\u00e9teles tart\u00f3ss\u00e1got \u00e9s az intenz\u00edv \u00edz\u00e9lm\u00e9nyt. Kiemelked\u0151 jellemz\u0151je a leny\u0171g\u00f6z\u0151 <strong>18 000 vonat befogad\u00f3k\u00e9pess\u00e9g<\/strong>, amely a hagyom\u00e1nyos eldobhat\u00f3 eszk\u00f6z\u00f6kh\u00f6z k\u00e9pest l\u00e9nyegesen hosszabb \u00e9lettartamot biztos\u00edt. B\u0151s\u00e9ges e-liquid-mennyis\u00e9ggel el\u0151re felt\u00f6ltve \u00e9s nagy teljes\u00edtm\u00e9ny\u0171 be\u00e9p\u00edtett akkumul\u00e1torral felszerelve, ez az eszk\u00f6z hossz\u00fa \u00e9lettartam\u00fa, egyszer\u0171 haszn\u00e1latra lett tervezve. A gyakran karcs\u00fa, ergon\u00f3mikus kialak\u00edt\u00e1s \u00e9s a felhaszn\u00e1l\u00f3bar\u00e1t automatikus sz\u00edv\u00e1si mechanizmus teszi a <strong>Bang Leader Vape 18000<\/strong> meggy\u0151z\u0151 v\u00e1laszt\u00e1s azoknak a g\u0151z\u00f6l\u0151knek, akik robusztus \u00e9s nagy teljes\u00edtm\u00e9ny\u0171, karbantart\u00e1st nem ig\u00e9nyl\u0151, all-in-one megold\u00e1st keresnek.<\/p>\n<h2>Bang Leader 18000 sz\u00edv\u00e1s \u2013 A legfontosabb el\u0151ny\u00f6k<\/h2>\n<p>A k\u00e9sz\u00fcl\u00e9k rugalmas nikotintartalommal rendelkezik: 0 %, 2 %, 3 % vagy 5 %, \u00edgy szem\u00e9lyre szabhatja a g\u0151z\u00f6l\u00e9s \u00e9lm\u00e9ny\u00e9t \u2013 f\u00fcggetlen\u00fcl att\u00f3l, hogy teljesen lemond a nikotinr\u00f3l, fokozatosan cs\u00f6kkenti a fogyaszt\u00e1s\u00e1t, vagy hagyom\u00e1nyos cigarett\u00e1r\u00f3l v\u00e1lt \u00e1t. Minden opci\u00f3 \u00fagy van kialak\u00edtva, hogy pontosan ott vegye fel \u00d6nt, ahol \u00e9ppen tart a g\u0151z\u00f6l\u00e9si \u00fatj\u00e1n.<\/p>\n<p>A maxim\u00e1lis tart\u00f3ss\u00e1g \u00e9rdek\u00e9ben tervezett k\u00e9sz\u00fcl\u00e9k leny\u0171g\u00f6z\u0151 teljes\u00edtm\u00e9nyt ny\u00fajt. <strong>18 000 vonat<\/strong>, \u00edgy nincs sz\u00fcks\u00e9g gyakori p\u00f3tl\u00f3lagos v\u00e1s\u00e1rl\u00e1sokra, \u00e9s cs\u00f6kken a hullad\u00e9k mennyis\u00e9ge. Az eg\u00e9sz meghosszabb\u00edtott \u00e9lettartam alatt \u00e1lland\u00f3 teljes\u00edtm\u00e9nyre sz\u00e1m\u00edthat \u2013 ide\u00e1lis a mindennapi haszn\u00e1latra.<\/p>\n<p>A <strong>650 mAh-s akkumul\u00e1tor (\u00fajrat\u00f6lthet\u0151)<\/strong> eg\u00e9sz napos teljes\u00edtm\u00e9nyt biztos\u00edt egyetlen felt\u00f6lt\u00e9ssel. Ha m\u00e9gis \u00fajra kell t\u00f6ltenie, a <strong>C t\u00edpus\u00fa csatlakoz\u00f3<\/strong> mind\u00f6ssze 30 perc alatt \u00fajra teljes kapacit\u00e1ssal m\u0171k\u00f6dik. Er\u0151s\u00edtve <strong>1,0 ohmos h\u00e1l\u00f3s tekercsek<\/strong> A k\u00e9sz\u00fcl\u00e9k maxim\u00e1lis g\u0151ztermel\u00e9st \u00e9s \u00edzintenzit\u00e1st biztos\u00edt a kib\u0151v\u00edtett f\u0171t\u0151fel\u00fcletnek k\u00f6sz\u00f6nhet\u0151en, \u00e9s minden slukk ut\u00e1n sima, kiel\u00e9g\u00edt\u0151 felh\u0151ket biztos\u00edt.<\/p>\n<p>Az eleg\u00e1ns kialak\u00edt\u00e1s t\u00f6k\u00e9letesen \u00f6tv\u00f6zi a form\u00e1t \u00e9s a funkcionalit\u00e1st \u2013 term\u00e9szetesen fekszik a k\u00e9zben \u00e9s k\u00f6nnyed\u00e9n elf\u00e9r a t\u00e1sk\u00e1ban. Ez egy \u00e1tgondolt, a mindennapi \u00e9letre tervezett k\u00e9zm\u0171ves term\u00e9k, amely \u00f6tv\u00f6zi a k\u00e9nyelmet \u00e9s a praktikus hordozhat\u00f3s\u00e1got.<\/p>\n<h2>M\u0171szaki adatok<\/h2>\n<ul>\n<li><strong>Vonatok sz\u00e1ma:<\/strong> 18.000<\/li>\n<li><strong>Akkumul\u00e1tor kapacit\u00e1s:<\/strong> 650 mAh<\/li>\n<li><strong>Tekercsel\u0151 ellen\u00e1ll\u00e1s:<\/strong> 1,0 ohm<\/li>\n<li><strong>T\u00f6lt\u0151csatlakoz\u00f3:<\/strong> C t\u00edpus<\/li>\n<li><strong>S\u00faly:<\/strong> 67 g<\/li>\n<\/ul>\n<h2>\u00cdzek<\/h2>\n<ol>\n<li>Eper-kivi (Erdbeere Kiwi)<\/li>\n<li>Eper-g\u00f6r\u00f6gdinnye (Erdbeere Wassermelone)<\/li>\n<li>Red Bull<\/li>\n<li>Mixed Fruits (Vegyes gy\u00fcm\u00f6lcs\u00f6k)<\/li>\n<li>Blueberry Raspberry (\u00e1fonya-m\u00e1lna)<\/li>\n<li>Blueberry Watermelon (\u00e1fonya-g\u00f6r\u00f6gdinnye)<\/li>\n<li>Grape Ice (sz\u0151l\u0151 j\u00e9g)<\/li>\n<li>Raspberry Mojito Peach Ice (m\u00e1lna mojito \u0151szibarack j\u00e9gkr\u00e9m)<\/li>\n<li>Watermelon Ice (G\u00f6r\u00f6gdinnye j\u00e9gkr\u00e9m)<\/li>\n<li>Raspberry Watermelon (m\u00e1lna-g\u00f6r\u00f6gdinnye)<\/li>\n<li>Cola Ice (Cola j\u00e9g)<\/li>\n<li>Mango Peach Watermelon (mang\u00f3, \u0151szibarack, g\u00f6r\u00f6gdinnye)<\/li>\n<\/ol>\n<h2>Gyakran ism\u00e9telt k\u00e9rd\u00e9sek (GYIK)<\/h2>\n<p><strong>1. H\u00e1ny mozdulatot k\u00edn\u00e1l a Bang Leader 18000?<\/strong><br \/>\nA k\u00e9sz\u00fcl\u00e9k ak\u00e1r 18 000 sz\u00edv\u00e1sra is k\u00e9pes, \u00edgy a felhaszn\u00e1l\u00f3k hossz\u00fa t\u00e1von haszn\u00e1lhatj\u00e1k an\u00e9lk\u00fcl, hogy gyakran kellene cser\u00e9lni\u00fck.<\/p>\n<p><strong>2. A Bang Leader 18000 be\u00e1ll\u00edt\u00e1st ig\u00e9nyel?<\/strong><br \/>\nNem, nincs sz\u00fcks\u00e9g be\u00e1ll\u00edt\u00e1sra. Csak nyissa ki a csomagol\u00e1st, \u00e9s azonnal haszn\u00e1lhatja a k\u00e9sz\u00fcl\u00e9ket.<\/p>\n<p><strong>3. T\u00e1mogatja a Type-C t\u00f6lt\u00e9st?<\/strong><br \/>\nIgen. A k\u00e9sz\u00fcl\u00e9k Type-C csatlakoz\u00f3val rendelkezik, ami gyorsabb\u00e1 \u00e9s k\u00e9nyelmesebb\u00e9 teszi a t\u00f6lt\u00e9st.<\/p>\n<p><strong>4. K\u00fcl\u00f6nb\u00f6z\u0151 nikotintartalm\u00fa term\u00e9kek kaphat\u00f3k?<\/strong><br \/>\nIgen. A term\u00e9k 0 %, 2 %, 3 % \u00e9s 5 % kiszerel\u00e9sben kaphat\u00f3, \u00edgy a felhaszn\u00e1l\u00f3k kiv\u00e1laszthatj\u00e1k a sz\u00e1mukra legmegfelel\u0151bb er\u0151ss\u00e9get.<\/p>\n<h2 class=\"font-claude-response-heading text-text-100 mt-1 -mb-0.5\">Fedezze fel tov\u00e1bbi pr\u00e9mium e-cigarett\u00e1kat<\/h2>\n<p class=\"font-claude-response-body whitespace-normal break-words\">A Bang Leader 18000 a kiv\u00e1l\u00f3 min\u0151s\u00e9g\u0171 vaping term\u00e9kek sz\u00e9les v\u00e1laszt\u00e9k\u00e1nak r\u00e9sze. L\u00e1togasson el weboldalunkra <strong><a class=\"underline\" href=\"https:\/\/apexvape.de\/hu\/\">honlap<\/a><\/strong>, hogy felfedezze a teljes e-cigaretta, kieg\u00e9sz\u00edt\u0151k \u00e9s akci\u00f3k v\u00e1laszt\u00e9k\u00e1t. A m\u00e1rka tov\u00e1bbi innovat\u00edv modelljei\u00e9rt javasoljuk, hogy tekintse meg <strong><a class=\"underline\" href=\"https:\/\/apexvape.de\/hu\/product-category\/bang-vape\/\">BANG VAPE kateg\u00f3ria<\/a><\/strong>, ahol sokf\u00e9le, nagy teljes\u00edtm\u00e9ny\u0171, egyszer haszn\u00e1latos e-cigaretta k\u00f6z\u00fcl v\u00e1laszthat, k\u00fcl\u00f6nb\u00f6z\u0151 sz\u00edv\u00e1ssz\u00e1mmal, \u00edzekkel \u00e9s nikotintartalommal. Az Apexvape.de weboldalon els\u0151 oszt\u00e1ly\u00fa min\u0151s\u00e9get, gyors sz\u00e1ll\u00edt\u00e1st \u00e9s szak\u00e9rt\u0151 tan\u00e1csad\u00e1st k\u00edn\u00e1lunk az \u00d6n t\u00f6k\u00e9letes g\u0151z\u00f6l\u00e9si \u00e9lm\u00e9ny\u00e9hez.<\/p>","protected":false},"excerpt":{"rendered":"<p class=\"font-claude-response-body whitespace-normal break-words\">A Bang Leader 18000 rendk\u00edv\u00fcli 18 000 slukkot k\u00edn\u00e1l egy \u00fajrat\u00f6lthet\u0151, eldobhat\u00f3 eszk\u00f6zben. 650 mAh-s akkumul\u00e1torral, 1,0 ohmos h\u00e1l\u00f3s tekercsekkel \u00e9s C t\u00edpus\u00fa gyorst\u00f6lt\u00e9ssel intenz\u00edv \u00edzeket \u00e9s tart\u00f3s g\u0151z\u00e9lm\u00e9nyt \u00e9lvezhet. Ergon\u00f3mikus kialak\u00edt\u00e1s, rugalmas nikotinszint (0-5%) \u2013 a t\u00f6k\u00e9letes v\u00e1laszt\u00e1s ig\u00e9nyes g\u0151z\u00f6l\u0151k sz\u00e1m\u00e1ra.<\/p>","protected":false},"featured_media":4059,"comment_status":"open","ping_status":"closed","template":"","meta":[],"product_brand":[],"product_cat":[76],"product_tag":[],"class_list":{"0":"post-4058","1":"product","2":"type-product","3":"status-publish","4":"has-post-thumbnail","6":"product_cat-bang-vape","8":"first","9":"instock","10":"shipping-taxable","11":"purchasable","12":"product-type-variable"},"_links":{"self":[{"href":"https:\/\/apexvape.de\/hu\/wp-json\/wp\/v2\/product\/4058","targetHints":{"allow":["GET"]}}],"collection":[{"href":"https:\/\/apexvape.de\/hu\/wp-json\/wp\/v2\/product"}],"about":[{"href":"https:\/\/apexvape.de\/hu\/wp-json\/wp\/v2\/types\/product"}],"replies":[{"embeddable":true,"href":"https:\/\/apexvape.de\/hu\/wp-json\/wp\/v2\/comments?post=4058"}],"version-history":[{"count":0,"href":"https:\/\/apexvape.de\/hu\/wp-json\/wp\/v2\/product\/4058\/revisions"}],"wp:featuredmedia":[{"embeddable":true,"href":"https:\/\/apexvape.de\/hu\/wp-json\/wp\/v2\/media\/4059"}],"wp:attachment":[{"href":"https:\/\/apexvape.de\/hu\/wp-json\/wp\/v2\/media?parent=4058"}],"wp:term":[{"taxonomy":"product_brand","embeddable":true,"href":"https:\/\/apexvape.de\/hu\/wp-json\/wp\/v2\/product_brand?post=4058"},{"taxonomy":"product_cat","embeddable":true,"href":"https:\/\/apexvape.de\/hu\/wp-json\/wp\/v2\/product_cat?post=4058"},{"taxonomy":"product_tag","embeddable":true,"href":"https:\/\/apexvape.de\/hu\/wp-json\/wp\/v2\/product_tag?post=4058"}],"curies":[{"name":"wp","href":"https:\/\/api.w.org\/{rel}","templated":true}]}}