{"id":3990,"date":"2025-11-27T14:22:01","date_gmt":"2025-11-27T13:22:01","guid":{"rendered":"https:\/\/apexvape.de\/?post_type=product&#038;p=3990"},"modified":"2025-11-27T14:22:36","modified_gmt":"2025-11-27T13:22:36","slug":"bang-legend-150k","status":"publish","type":"product","link":"https:\/\/apexvape.de\/hu\/product\/bang-legend-150k\/","title":{"rendered":"Bang Legend 150K sz\u00edv\u00e1s\u00fa eldobhat\u00f3 vape"},"content":{"rendered":"<h1>Bang Legend 150K | 150 000 slukk 6 \u00edz 1 tart\u00f3s, t\u00f6bb \u00edz\u0171 eldobhat\u00f3 e-cigaretta<\/h1>\n<p>A Bang Legend 150K eldobhat\u00f3 e-cigaretta 6 az 1-ben funkci\u00f3val \u00faj m\u00e9rc\u00e9t \u00e1ll\u00edt fel, ak\u00e1r 150 000 slukk \u00e9s forradalmi h\u00e1romtart\u00e1lyos rendszerrel. H\u00e1rom nikotinszinttel (0%\/2%\/3%\/5%) \u00e9s hat aromam\u00f3ddal p\u00e1ratlan szem\u00e9lyre szabhat\u00f3s\u00e1got k\u00edn\u00e1l. A h\u00e1l\u00f3s tekercs intenz\u00edv \u00edz\u00e9lm\u00e9nyt ny\u00fajt, m\u00edg az intelligens LED-kijelz\u0151 \u00e9s a 850 mAh-s akkumul\u00e1tor biztos\u00edtja az ir\u00e1ny\u00edt\u00e1st \u00e9s a hossz\u00fa \u00e9lettartamot. T\u00f6k\u00e9letes v\u00e1laszt\u00e1s a g\u0151z\u00f6l\u00e9s szerelmeseinek \u00e9s a keresked\u0151knek.<\/p>\n<h2>Bang Legend 150K f\u0151bb jellemz\u0151i:<\/h2>\n<p>A Bang Legend 150K a k\u00f6vetkez\u0151 gener\u00e1ci\u00f3s nagy teljes\u00edtm\u00e9ny\u0171 vape eszk\u00f6z\u00f6ket k\u00e9pviseli, \u00e9s p\u00e9ld\u00e1tlan 150 000 slukkot biztos\u00edt egy rendk\u00edv\u00fcl hossz\u00fa g\u0151z\u00e9lm\u00e9nyhez, amely minden v\u00e1rakoz\u00e1st fel\u00fclm\u00fal. Azok sz\u00e1m\u00e1ra k\u00e9sz\u00fclt, akik teljes\u00edtm\u00e9nyt, \u00edzt \u00e9s kiv\u00e9teles tart\u00f3ss\u00e1got ig\u00e9nyelnek. Ez az eszk\u00f6z teljes testreszab\u00e1si lehet\u0151s\u00e9geket k\u00edn\u00e1l 0%, 2%, 3% \u00e9s 5% nikotinszintekkel, \u00edgy teljes ellen\u0151rz\u00e9st biztos\u00edt a g\u0151z intenzit\u00e1sa felett, m\u00edg az eleg\u00e1ns, fejlett kialak\u00edt\u00e1s a felt\u0171n\u0151 st\u00edlust \u00f6tv\u00f6zi a robusztus konstrukci\u00f3val, \u00e9s minden slukk alkalm\u00e1val folyamatosan sima \u00e9s kiel\u00e9g\u00edt\u0151 \u00e9lm\u00e9nyt garant\u00e1l.<\/p>\n<p>Fedezze fel a p\u00e1ratlan \u00edzvil\u00e1g soksz\u00edn\u0171s\u00e9g\u00e9t az innovat\u00edv 6 az 1-ben aromarendszerrel, amely hat be\u00e1ll\u00edthat\u00f3 m\u00f3dot k\u00edn\u00e1l \u2013 A, B, C, A+B, A+C \u00e9s B+C \u2013, \u00e9s szabads\u00e1got ad \u00d6nnek, hogy v\u00e9gtelen \u00edzpreferenci\u00e1kat fedezzen fel. A forradalmi h\u00e1romtart\u00e1lyos rendszer dinamikus, t\u00f6bbf\u00e9le aroma kombin\u00e1ci\u00f3kat t\u00e1mogat, \u00edgy \u00e9lvezheti az egyes arom\u00e1kat, vagy egyedi kever\u00e9keket hozhat l\u00e9tre, amelyek minden slukk ut\u00e1n friss, izgalmas \u00e9s kiel\u00e9g\u00edt\u0151 \u00edzt ny\u00fajtanak, m\u00edg a rendk\u00edv\u00fcl hat\u00e9kony h\u00e1l\u00f3s tekercs jav\u00edtja a g\u0151z simas\u00e1g\u00e1t, n\u00f6veli az \u00edz m\u00e9lys\u00e9g\u00e9t, \u00e9s azonnali felmeleged\u00e9st biztos\u00edt, hogy minden slukk ut\u00e1n teljesk\u00f6r\u0171 \u00edz\u00e9lm\u00e9nyben r\u00e9szes\u00fclj\u00f6n.<\/p>\n<p>A robusztus 850 mAh-s \u00fajrat\u00f6lthet\u0151 akkumul\u00e1torral m\u0171k\u00f6d\u0151 Bang Legend 150K megb\u00edzhat\u00f3 teljes\u00edtm\u00e9nyt ny\u00fajt a hosszabb haszn\u00e1lat sor\u00e1n, \u00e9s a modern Type-C csatlakoz\u00f3n kereszt\u00fcl gyorsan \u00e9s k\u00e9nyelmesen t\u00f6lthet\u0151, \u00edgy minim\u00e1lisra cs\u00f6kkenti az \u00fczemsz\u00fcneteket. Az intelligens LED-kijelz\u0151 egy\u00e9rtelm\u0171en jelen\u00edti meg a val\u00f3s idej\u0171 inform\u00e1ci\u00f3kat a sz\u00edv\u00e1sok sz\u00e1m\u00e1r\u00f3l \u00e9s az akkumul\u00e1tor t\u00f6lt\u00f6tts\u00e9gi szintj\u00e9r\u0151l, intelligensebb vez\u00e9rl\u00e9st \u00e9s teljes \u00e1tl\u00e1that\u00f3s\u00e1got biztos\u00edtva, \u00edgy \u00d6n magabiztosan \u00e9s k\u00f6nnyed\u00e9n figyelemmel k\u00eds\u00e9rheti haszn\u00e1lati szok\u00e1sait, \u00e9s azoknak megfelel\u0151en tervezhet.<\/p>\n<p>12 finom, szak\u00e9rt\u0151 \u00e1ltal \u00f6ssze\u00e1ll\u00edtott \u00edzben kaphat\u00f3, amelyek minden \u00edzl\u00e9snek \u00e9s preferenci\u00e1nak megfelelnek. A Bang Legend 150K praktikus 10 darabos csomagol\u00e1sban kaphat\u00f3, ami t\u00f6k\u00e9letes v\u00e1laszt\u00e1s kiskeresked\u0151k \u00e9s nagykeresked\u0151k sz\u00e1m\u00e1ra, akik pr\u00e9mium min\u0151s\u00e9g\u0171 \u00e1ruk\u00e9szletet keresnek. Ez a kiv\u00e9teles eszk\u00f6z mesteri m\u00f3don \u00f6tv\u00f6zi a legmodernebb technol\u00f3gi\u00e1t, a rendk\u00edv\u00fcli \u00edzv\u00e1laszt\u00e9kot \u00e9s a kompromisszumok n\u00e9lk\u00fcli tart\u00f3ss\u00e1got egy v\u00e9gs\u0151 g\u0151z\u00f6l\u00e9si megold\u00e1sban, \u00edgy a legig\u00e9nyesebb g\u0151z\u00f6l\u0151k sz\u00e1m\u00e1ra is a v\u00e9gs\u0151 v\u00e1laszt\u00e1s, akik nem el\u00e9gednek meg kevesebbel, mint egy kiv\u00e9teles, teljesen testreszabhat\u00f3 \u00e9s v\u00e9gtelen\u00fcl kiel\u00e9g\u00edt\u0151 g\u0151z\u00f6l\u00e9si \u00e9lm\u00e9ny.<\/p>\n<h2>M\u0171szaki adatok:<\/h2>\n<p><strong>Nikotin er\u0151ss\u00e9ge:<\/strong> 0% \/ 2% \/ 3% \/ 5%<br \/>\n<strong>Vonatsz\u00e1m:<\/strong> 150 000 vonat<br \/>\n<strong>Tart\u00e1lyrendszer:<\/strong> 3 tart\u00e1ly<br \/>\n<strong>Akkumul\u00e1tor:<\/strong> 850 mAh \u00fajrat\u00f6lthet\u0151<br \/>\n<strong>T\u00f6lt\u0151csatlakoz\u00f3:<\/strong> C t\u00edpus<br \/>\n<strong>Tekercs:<\/strong> H\u00e1l\u00f3s tekercs<br \/>\n<strong>Kijelz\u0151:<\/strong> Intelligens LED-kijelz\u0151 (h\u00faz\u00e1ssz\u00e1ml\u00e1l\u00f3, akkumul\u00e1tor, e-liquid)<br \/>\n<strong>F\u0151 jellemz\u0151:<\/strong> 6 aromam\u00f3d (A, B, C, A+B, A+C, B+C)<br \/>\n<strong>Csomagol\u00e1s:<\/strong> 10 darab\/csomag<\/p>\n<h2>Bang Legend 150K \u00edzv\u00e1laszt\u00e9k:<\/h2>\n<ol>\n<li>\u0150szibarack j\u00e9g\/mang\u00f3 \u0150szibarack\/\u00e1fonya \u0150szibarack<\/li>\n<li>Anan\u00e1sz j\u00e9g\/anan\u00e1sz k\u00f3kusz\/kiwi anan\u00e1sz j\u00e9g<\/li>\n<li>Sz\u0151l\u0151 Ice\/Sz\u0151l\u0151 r\u00e1g\u00f3gumi\/M\u00e1lna sz\u0151l\u0151<\/li>\n<li>G\u00f6r\u00f6gdinnye j\u00e9g\/g\u00f6r\u00f6gdinnye bogy\u00f3s gy\u00fcm\u00f6lcs\u00f6k\/eper g\u00f6r\u00f6gdinnye<\/li>\n<li>\u00c1fonya j\u00e9gkr\u00e9m\/\u00e1fonya m\u00e1lna\/\u00e1fonya \u00e1fonya-cseresznye<\/li>\n<li>Ban\u00e1n j\u00e9g\/eper ban\u00e1n\/citromsav narancs<\/li>\n<li>Alma j\u00e9g\/alma sz\u0151l\u0151\/\u00e1fonya sz\u0151l\u0151<\/li>\n<li>Mang\u00f3 j\u00e9g\/\u0151szibarack Mang\u00f3 g\u00f6r\u00f6gdinnye\/gumicukorka<\/li>\n<li>Cseresznye Ice\/Vegyes bogy\u00f3s gy\u00fcm\u00f6lcs\u00f6k\/V\u00f6r\u00f6s k\u00f3la<\/li>\n<li>Red Bull\/g\u00f6r\u00f6gdinnye r\u00e1g\u00f3gumi\/Love 66<\/li>\n<li>Eper j\u00e9gkr\u00e9m\/Eper kiwi\/Eper licsi<\/li>\n<li>Passi\u00f3gy\u00fcm\u00f6lcs\/guava Lime\/passi\u00f3gy\u00fcm\u00f6lcs Citrom<\/li>\n<\/ol>\n<h2>Gyakran feltett k\u00e9rd\u00e9sek a Bang Legend 150K-r\u00f3l<\/h2>\n<p><strong>F1: H\u00e1ny slukkot k\u00edn\u00e1l a Bang Legend 150K?<\/strong><br \/>\nV: A Bang Legend 150K ak\u00e1r 150 000 sz\u00edv\u00e1st is biztos\u00edt, \u00edgy az ipar\u00e1g egyik legtart\u00f3sabb g\u0151z\u00f6l\u00e9si \u00e9lm\u00e9ny\u00e9t ny\u00fajtja.<\/p>\n<p><strong>F2: Mi k\u00fcl\u00f6nb\u00f6zteti meg a Bang Legend 150K-t m\u00e1s eldobhat\u00f3 e-cigarett\u00e1kt\u00f3l?<\/strong><br \/>\nV: 6 az 1-ben aromarendszerrel rendelkezik, 3 f\u00fcggetlen folyad\u00e9ktart\u00e1llyal, amely lehet\u0151v\u00e9 teszi, hogy hat k\u00fcl\u00f6nb\u00f6z\u0151 \u00edzkombin\u00e1ci\u00f3t \u00e9lvezhessen egy eszk\u00f6zben \u2013 intelligens LED-kijelz\u0151vel, \u00e1ll\u00edthat\u00f3 l\u00e9g\u00e1raml\u00e1ssal \u00e9s C-t\u00edpus\u00fa t\u00f6lt\u00e9ssel egy\u00fctt.<\/p>\n<p><strong>F3: Hogyan m\u0171k\u00f6dik a 6 az 1-ben rendszer?<\/strong><br \/>\nV: Minden folyad\u00e9ktart\u00e1ly k\u00e9t tiszta arom\u00e1t tartalmaz, amelyek cser\u00e9lhet\u0151k vagy keverhet\u0151k, \u00edgy hat k\u00fcl\u00f6nb\u00f6z\u0151 \u00edz\u00e9lm\u00e9nyt kaphat. Egyszer\u0171en v\u00e1ltson az aromam\u00f3dok k\u00f6z\u00f6tt, hogy \u00e9lvezhesse kedvenc \u00edz\u00e9t.<\/p>\n<p><strong>F4: A Bang Legend 150K \u00fajrat\u00f6lthet\u0151?<\/strong><br \/>\nV: Igen! Nagy kapacit\u00e1s\u00fa \u00fajrat\u00f6lthet\u0151 akkumul\u00e1torral \u00e9s C t\u00edpus\u00fa gyorst\u00f6lt\u00e9ssel rendelkezik, amely folyamatos teljes\u00edtm\u00e9nyt biztos\u00edt mind a 150 000 h\u00faz\u00e1shoz.<\/p>\n<p><strong>F5: A k\u00e9sz\u00fcl\u00e9k jelzi az akkumul\u00e1tor \u00e9s az e-liquid t\u00f6lt\u00f6tts\u00e9gi szintj\u00e9t?<\/strong><br \/>\nV: Igen, intelligens HD k\u00e9perny\u0151vel rendelkezik, amely megjelen\u00edti az akkumul\u00e1tor sz\u00e1zal\u00e9kos t\u00f6lt\u00f6tts\u00e9g\u00e9t, az e-liquid \u00e1llapot\u00e1t \u00e9s a sz\u00edv\u00e1sok sz\u00e1m\u00e1t, \u00edgy val\u00f3s id\u0151ben t\u00e1j\u00e9koztatja \u00d6nt.<\/p>\n<h2>Fedezze fel tov\u00e1bbi pr\u00e9mium min\u0151s\u00e9g\u0171 e-cigaretta term\u00e9keket<\/h2>\n<p>A Bang Legend 150K a kiv\u00e1l\u00f3 min\u0151s\u00e9g\u0171 eldobhat\u00f3 e-cigarett\u00e1k sz\u00e9les v\u00e1laszt\u00e9k\u00e1nak r\u00e9sze. L\u00e1togasson el weboldalunkra! <strong><a href=\"https:\/\/apexvape.de\/hu\/\">honlap<\/a><\/strong> a pr\u00e9mium g\u0151zterm\u00e9kek teljes v\u00e1laszt\u00e9k\u00e1\u00e9rt \u00e9s exkluz\u00edv aj\u00e1nlatok\u00e9rt. Ha kifejezetten az innovat\u00edv Bang Vape k\u00e9sz\u00fcl\u00e9kek \u00e9rdeklik, fedezze fel teljes k\u00edn\u00e1latunkat <strong><a href=\"https:\/\/apexvape.de\/hu\/product-category\/bang-vape\/\">BANG VAPE kollekci\u00f3<\/a><\/strong> a leg\u00fajabb modellekkel \u00e9s \u00edzekkel. Az Apex Vape-n\u00e9l garant\u00e1ltan megtal\u00e1lja az egy\u00e9ni ig\u00e9nyeinek legink\u00e1bb megfelel\u0151 g\u0151z\u00f6l\u0151 k\u00e9sz\u00fcl\u00e9ket \u2013 gyors sz\u00e1ll\u00edt\u00e1ssal \u00e9s els\u0151 oszt\u00e1ly\u00fa \u00fcgyf\u00e9lszolg\u00e1lattal.<\/p>","protected":false},"excerpt":{"rendered":"<p class=\"font-claude-response-body whitespace-normal break-words\">A Bang Legend 150K e-cigaretta rekordot d\u00f6nt\u0151 150 000 sz\u00edv\u00e1st biztos\u00edt forradalmi 6 az 1-ben aromarendszer\u00e9vel \u00e9s 3 tart\u00e1lyos kialak\u00edt\u00e1s\u00e1val. H\u00e1l\u00f3s tekercsel, 850 mAh-s akkumul\u00e1torral, intelligens LED-kijelz\u0151vel \u00e9s USB-C t\u00f6lt\u00e9ssel. Nikotintartalom 0-5%. 12 pr\u00e9mium \u00edz v\u00e9gtelen kombin\u00e1ci\u00f3s lehet\u0151s\u00e9gekkel.<\/p>","protected":false},"featured_media":3991,"comment_status":"open","ping_status":"closed","template":"","meta":[],"product_brand":[],"product_cat":[76],"product_tag":[],"class_list":{"0":"post-3990","1":"product","2":"type-product","3":"status-publish","4":"has-post-thumbnail","6":"product_cat-bang-vape","8":"first","9":"instock","10":"shipping-taxable","11":"purchasable","12":"product-type-variable"},"_links":{"self":[{"href":"https:\/\/apexvape.de\/hu\/wp-json\/wp\/v2\/product\/3990","targetHints":{"allow":["GET"]}}],"collection":[{"href":"https:\/\/apexvape.de\/hu\/wp-json\/wp\/v2\/product"}],"about":[{"href":"https:\/\/apexvape.de\/hu\/wp-json\/wp\/v2\/types\/product"}],"replies":[{"embeddable":true,"href":"https:\/\/apexvape.de\/hu\/wp-json\/wp\/v2\/comments?post=3990"}],"version-history":[{"count":0,"href":"https:\/\/apexvape.de\/hu\/wp-json\/wp\/v2\/product\/3990\/revisions"}],"wp:featuredmedia":[{"embeddable":true,"href":"https:\/\/apexvape.de\/hu\/wp-json\/wp\/v2\/media\/3991"}],"wp:attachment":[{"href":"https:\/\/apexvape.de\/hu\/wp-json\/wp\/v2\/media?parent=3990"}],"wp:term":[{"taxonomy":"product_brand","embeddable":true,"href":"https:\/\/apexvape.de\/hu\/wp-json\/wp\/v2\/product_brand?post=3990"},{"taxonomy":"product_cat","embeddable":true,"href":"https:\/\/apexvape.de\/hu\/wp-json\/wp\/v2\/product_cat?post=3990"},{"taxonomy":"product_tag","embeddable":true,"href":"https:\/\/apexvape.de\/hu\/wp-json\/wp\/v2\/product_tag?post=3990"}],"curies":[{"name":"wp","href":"https:\/\/api.w.org\/{rel}","templated":true}]}}