{"id":3924,"date":"2025-11-27T14:08:12","date_gmt":"2025-11-27T13:08:12","guid":{"rendered":"https:\/\/apexvape.de\/?post_type=product&#038;p=3924"},"modified":"2025-11-27T14:09:10","modified_gmt":"2025-11-27T13:09:10","slug":"bang-legend-120k","status":"publish","type":"product","link":"https:\/\/apexvape.de\/hu\/product\/bang-legend-120k\/","title":{"rendered":"Bang Legend 120K sz\u00edv\u00e1s\u00fa eldobhat\u00f3 e-cigaretta"},"content":{"rendered":"<p>&nbsp;<\/p>\n<h1><strong>Bang Legend 120K 5 az 1-ben 120000 sz\u00edv\u00e1s | T\u00f6bbf\u00e9le \u00edz\u0171, \u00e1ll\u00edthat\u00f3 nagykereskedelmi e-cigaretta<\/strong><\/h1>\n<p>A Bang Legend 120K 5-in-1 eldobhat\u00f3 e-cigaretta egy kiv\u00e1l\u00f3 min\u0151s\u00e9g\u0171, hatalmas kapacit\u00e1s\u00fa eszk\u00f6z, amelyet \u00edzl\u00e9ses felhaszn\u00e1l\u00f3k \u00e9s intenz\u00edv haszn\u00e1l\u00f3k sz\u00e1m\u00e1ra fejlesztettek ki. 120 000 slukk, 50 ml-es folyad\u00e9ktart\u00e1llyal \u00e9s 5 az 1-ben \u00edzrendszerrel p\u00e1ratlan sokoldal\u00fas\u00e1got k\u00edn\u00e1l, \u00e9s egyetlen eszk\u00f6zben ak\u00e1r 5 k\u00fcl\u00f6nb\u00f6z\u0151 \u00edzt is biztos\u00edt. 1,0 \u03a9-os h\u00e1l\u00f3s tekercsel, 850 mAh-s akkumul\u00e1torral \u00e9s C t\u00edpus\u00fa gyorst\u00f6lt\u0151 csatlakoz\u00f3val felszerelve, sima g\u0151zt, tart\u00f3s teljes\u00edtm\u00e9nyt \u00e9s maxim\u00e1lis k\u00e9nyelmet biztos\u00edt. 0%, 2%, 3% \u00e9s 5% nikotintartalommal kaphat\u00f3.<\/p>\n<p><img decoding=\"async\" class=\"alignnone size-medium wp-image-3988\" src=\"https:\/\/apexvape.de\/wp-content\/uploads\/2025\/11\/\u4ea7\u54c1\u5408\u96c6\u56fe-300x120.jpg\" alt=\"Bang Legend 120K\" width=\"300\" height=\"120\" srcset=\"https:\/\/apexvape.de\/wp-content\/uploads\/2025\/11\/\u4ea7\u54c1\u5408\u96c6\u56fe-300x120.jpg 300w, https:\/\/apexvape.de\/wp-content\/uploads\/2025\/11\/\u4ea7\u54c1\u5408\u96c6\u56fe-1024x409.jpg 1024w, https:\/\/apexvape.de\/wp-content\/uploads\/2025\/11\/\u4ea7\u54c1\u5408\u96c6\u56fe-768x307.jpg 768w, https:\/\/apexvape.de\/wp-content\/uploads\/2025\/11\/\u4ea7\u54c1\u5408\u96c6\u56fe-1536x613.jpg 1536w, https:\/\/apexvape.de\/wp-content\/uploads\/2025\/11\/\u4ea7\u54c1\u5408\u96c6\u56fe-2048x817.jpg 2048w, https:\/\/apexvape.de\/wp-content\/uploads\/2025\/11\/\u4ea7\u54c1\u5408\u96c6\u56fe-18x7.jpg 18w, https:\/\/apexvape.de\/wp-content\/uploads\/2025\/11\/\u4ea7\u54c1\u5408\u96c6\u56fe-1200x479.jpg 1200w, https:\/\/apexvape.de\/wp-content\/uploads\/2025\/11\/\u4ea7\u54c1\u5408\u96c6\u56fe-150x60.jpg 150w\" sizes=\"(max-width: 300px) 100vw, 300px\" \/><\/p>\n<h2><strong>Bang Legend 120K sz\u00edv\u00e1sok F\u0151bb jellemz\u0151k:<\/strong><\/h2>\n<p>Tapasztalja meg a kiv\u00e9teles g\u0151z\u00e1ll\u00f3s\u00e1got a Bang Legend 120K egyedi e-cigarett\u00e1val, amely leny\u0171g\u00f6z\u0151, ak\u00e1r 120 000 sz\u00edv\u00e1sra elegend\u0151 kapacit\u00e1ssal rendelkezik, \u00e9s \u00faj szabv\u00e1nyt \u00e1ll\u00edt fel a tart\u00f3ss\u00e1g ter\u00e9n \u2013 gyakori cser\u00e9k n\u00e9lk\u00fcl. 0%, 2%, 3% \u00e9s 5% nikotinszintben kaphat\u00f3, \u00edgy ez a k\u00e9sz\u00fcl\u00e9k a legk\u00fcl\u00f6nb\u00f6z\u0151bb \u00edzl\u00e9svil\u00e1gnak is megfelel. A forradalmi \u00f6t tart\u00e1lyos kialak\u00edt\u00e1s 5 \u00e1ll\u00edthat\u00f3 \u00edzzel lehet\u0151v\u00e9 teszi a g\u0151z\u00f6l\u0151knek, hogy t\u00f6bb \u00edzt \u00e9lvezzenek egy eszk\u00f6zben, \u00e9s teljesen testreszabhat\u00f3 \u00edz\u00e9lm\u00e9nyt \u00e9lvezzenek, amely alkalmazkodik a hangulatukhoz, \u00e9s minden alkalmat izgalmass\u00e1 \u00e9s friss\u00e9 tesz.<\/p>\n<p>Kiv\u00e9teles teljes\u00edtm\u00e9nyre tervezve, a Bang Legend 120K egy fejlett 5-mesh tekercsrendszerrel rendelkezik, amely sima, intenz\u00edv \u00e9s folyamatosan arom\u00e1s g\u0151zt hoz l\u00e9tre, kiv\u00e1l\u00f3 f\u0171t\u00e9si hat\u00e9konys\u00e1ggal \u00e9s felh\u0151termel\u00e9ssel. A robusztus 850 mAh-s akkumul\u00e1torral m\u0171k\u00f6d\u0151 k\u00e9sz\u00fcl\u00e9k megb\u00edzhat\u00f3, tart\u00f3s teljes\u00edtm\u00e9nyt biztos\u00edt hosszabb g\u0151z\u00f6l\u00e9si szakaszok alatt, \u00e9s a sz\u00fcks\u00e9ges energi\u00e1t biztos\u00edtja a leny\u0171g\u00f6z\u0151 sz\u00edv\u00e1si kapacit\u00e1s t\u00e1mogat\u00e1s\u00e1hoz, an\u00e9lk\u00fcl, hogy a min\u0151s\u00e9g vagy a konzisztencia romlana.<\/p>\n<p>Maradjon mindig t\u00e1j\u00e9kozott \u00e9s tartsa k\u00e9zben az ir\u00e1ny\u00edt\u00e1st az intuit\u00edv LCD-kijelz\u0151vel, amely val\u00f3s idej\u0171 friss\u00edt\u00e9seket ny\u00fajt az akkumul\u00e1tor \u00e1llapot\u00e1r\u00f3l, a sz\u00edv\u00e1ssz\u00e1ml\u00e1l\u00f3r\u00f3l \u00e9s a kiv\u00e1lasztott \u00edz m\u00f3dr\u00f3l, \u00e9s teljes \u00e1tl\u00e1that\u00f3s\u00e1got \u00e9s kezelhet\u0151s\u00e9get biztos\u00edt a felhaszn\u00e1l\u00f3knak a haszn\u00e1lat sor\u00e1n. Ez az intelligens fel\u00fcgyeleti rendszer garant\u00e1lja, hogy soha ne \u00e9rje meglepet\u00e9s, \u00e9s magabiztosan tervezhesse a haszn\u00e1latot, ami maximaliz\u00e1lja a k\u00e9nyelmet \u00e9s jav\u00edtja az \u00e1ltal\u00e1nos felhaszn\u00e1l\u00f3i \u00e9lm\u00e9nyt.<\/p>\n<p>T\u00f6k\u00e9letes saj\u00e1t haszn\u00e1latra \u00e9s nagykereskedelmi forgalmaz\u00e1sra: a Bang Legend 120K praktikus csomagol\u00e1sban, 10 darabos kiszerel\u00e9sben kaphat\u00f3, \u00e9s 12 kiv\u00e1l\u00f3 min\u0151s\u00e9g\u0171, mesteri m\u00f3don elk\u00e9sz\u00edtett \u00edzben, amelyek minden \u00edzl\u00e9snek megfelelnek. Ez az eldobhat\u00f3 e-cigaretta p\u00e1ratlan sokoldal\u00fas\u00e1got, v\u00e9gs\u0151 k\u00e9nyelmet \u00e9s kiv\u00e1l\u00f3 teljes\u00edtm\u00e9nyt \u00f6tv\u00f6z egy eleg\u00e1ns csomagban, \u00e9s ide\u00e1lis v\u00e1laszt\u00e1s az ig\u00e9nyes g\u0151z\u00f6l\u0151k sz\u00e1m\u00e1ra, akik tart\u00f3s el\u00e9gedetts\u00e9get, kiv\u00e9teles \u00edzv\u00e1laszt\u00e9kot \u00e9s val\u00f3ban egyedi g\u0151z\u00f6l\u00e9si \u00e9lm\u00e9nyt keresnek, \u00e9s soha nem el\u00e9gednek meg az \u00e1tlagoss\u00e1ggal.<\/p>\n<h2><strong>M\u0171szaki adatok:<\/strong><\/h2>\n<ul>\n<li>Vonatsz\u00e1m: Ak\u00e1r 120 000 vonat<\/li>\n<li>Folyad\u00e9k kapacit\u00e1s: 50 ml<\/li>\n<li>\u00cdz\u00e9rz\u00e9kel\u0151 kamr\u00e1k: 5 az 1-ben \u00edz\u00e9rz\u00e9kel\u0151 rendszer<\/li>\n<li>Tekercs t\u00edpus: 1,0 \u03a9 h\u00e1l\u00f3s tekercs<\/li>\n<li>Akkukapacit\u00e1s: 850 mAh \u00fajrat\u00f6lthet\u0151<\/li>\n<li>T\u00f6lt\u0151csatlakoz\u00f3: Type-C gyors t\u00f6lt\u00e9s<\/li>\n<li>Nikotin er\u0151ss\u00e9g: 0%, 2%, 3% vagy 5%<\/li>\n<\/ul>\n<h2><strong>Bang Legend 120K sz\u00edv\u00e1sok \u00cdzv\u00e1laszt\u00e9k:<\/strong><\/h2>\n<ol>\n<li>Energiaital\/\u00e1fonya cseresznye\/alma sz\u0151l\u0151\/g\u00f6r\u00f6gdinnye s\u00e1rk\u00e1nygy\u00fcm\u00f6lcs\/mamba<\/li>\n<li>Energiaital\/\u0150szibarack j\u00e9g\/Mang\u00f3 j\u00e9g\/\u00c1fonya sz\u0151l\u0151\/Fekete ribizli<\/li>\n<li>\u00c1fonya, m\u00e1lna\/\u0151szibarack, mang\u00f3, g\u00f6r\u00f6gdinnye\/cseresznye, k\u00f3la\/sz\u0151l\u0151, szeder, j\u00e9g\/mang\u00f3, \u0151szibarack, s\u00e1rgabarack<\/li>\n<li>\u00c1fonya-m\u00e1lna\/Black Dragon Ice\/Sziv\u00e1rv\u00e1ny cukorka\/Fuji Ice\/G\u00f6r\u00f6gdinnye Savany\u00fa \u0151szibarack<\/li>\n<li>\u00c1fonya j\u00e9gkr\u00e9m\/kiwi passi\u00f3gy\u00fcm\u00f6lcs guava\/tripla dinnye\/\u0151szibarack anan\u00e1sz\/passionate kiss<\/li>\n<li>\u00c1fonya j\u00e9g\/g\u00f6r\u00f6gdinnye r\u00e1g\u00f3gumi\/savany\u00fa alma m\u00e1lna\/l\u00f3tuszgy\u00fcm\u00f6lcs mang\u00f3 dinnye\/passi\u00f3gy\u00fcm\u00f6lcs kiwi lime<\/li>\n<li>G\u00f6r\u00f6gdinnye j\u00e9g\/vegyes bogy\u00f3s gy\u00fcm\u00f6lcs\u00f6k\/alma k\u00f6rte\/\u00e1fonya menta\/ny\u00e1ri id\u0151<\/li>\n<li>G\u00f6r\u00f6gdinnye Ice\/Eper Mango\/Kaliforniai cseresznye\/\u00c1fonya \u0150szibarack Ice\/Berry Cool<\/li>\n<li>Eper, g\u00f6r\u00f6gdinnye\/sz\u0151l\u0151, j\u00e9g\/v\u00f6r\u00f6s mojito\/ban\u00e1n, j\u00e9g\/citrom, lime<\/li>\n<li>Eper, g\u00f6r\u00f6gdinnye\/kantalup, alma\/kola, j\u00e9g\/mang\u00f3, \u0151szibarack\/Love 66<\/li>\n<li>Eper Kiwi\/Eper Ban\u00e1n\/Licsi J\u00e9g\/G\u00f6r\u00f6gdinnye Bogy\u00f3s gy\u00fcm\u00f6lcs\/Passi\u00f3gy\u00fcm\u00f6lcs Mang\u00f3<\/li>\n<li>Eper Kiwi\/\u00c1fonya G\u00f6r\u00f6gdinnye\/Medve Fudge\/\u00c1fonya R\u00e1g\u00f3gumi\/Savany\u00fa mang\u00f3 Anan\u00e1sz<\/li>\n<\/ol>\n<h2><strong>Gyakran feltett k\u00e9rd\u00e9sek a Bang Legend 120K-r\u00f3l<\/strong><\/h2>\n<p><strong>F1: Mi az a Bang Legend 120K?<\/strong> A Bang Legend 120K egy nagy kapacit\u00e1s\u00fa, egyszer haszn\u00e1latos e-cigaretta, amely ak\u00e1r 120 000 slukkot is k\u00e9pes leadni, t\u00f6bb \u00edzkombin\u00e1ci\u00f3t egyes\u00edt egy eszk\u00f6zben, \u00e9s tart\u00f3s, els\u0151 oszt\u00e1ly\u00fa g\u0151z\u00f6lg\u00e9si \u00e9lm\u00e9nyt ny\u00fajt.<\/p>\n<p><strong>F2: Hogyan v\u00e1lthatok \u00edzeket?<\/strong> Egyszer\u0171en forgassa el az \u00edzv\u00e1laszt\u00f3 gombot, vagy haszn\u00e1lja az \u00e9rint\u0151k\u00e9perny\u0151s vez\u00e9rl\u0151t (modellt\u0151l f\u00fcgg\u0151en), hogy kiv\u00e1lassza a el\u0151re be\u00e1ll\u00edtott \u00edzkombin\u00e1ci\u00f3k k\u00f6z\u00fcl a k\u00edv\u00e1ntat.<\/p>\n<p><strong>F3: Fel lehet t\u00f6lteni a Bang Legend 120K-t?<\/strong> Igen. A k\u00e9sz\u00fcl\u00e9k USB-C-n kereszt\u00fcl \u00fajrat\u00f6lthet\u0151 akkumul\u00e1torral rendelkezik, amely \u00e1lland\u00f3 teljes\u00edtm\u00e9nyt biztos\u00edt, am\u00edg az \u00f6sszes folyad\u00e9k el nem fogy.<\/p>\n<p><strong>F4: Honnan tudom, mikor kell t\u00f6lteni az akkumul\u00e1tort?<\/strong> A LED-kijelz\u0151 villog vagy sz\u00ednt v\u00e1lt, ha az akkumul\u00e1tor lemer\u00fclt. T\u00f6ltse fel a k\u00e9sz\u00fcl\u00e9ket egy kompatibilis USB-C k\u00e1bellel, am\u00edg a kijelz\u0151 folyamatosan vil\u00e1g\u00edt.<\/p>\n<p><strong>F5: \u00dajrat\u00f6lthet\u0151?<\/strong> Nem. A Bang Legend 120K egy el\u0151re felt\u00f6lt\u00f6tt, eldobhat\u00f3 e-cigaretta. Amint a folyad\u00e9k elfogy, \u00faj eszk\u00f6zzel kell kicser\u00e9lni.<\/p>\n<h2 class=\"font-claude-response-body whitespace-normal break-words\"><strong>Fedezze fel tov\u00e1bbi pr\u00e9mium g\u0151zterm\u00e9keket:<\/strong><\/h2>\n<p class=\"font-claude-response-body whitespace-normal break-words\">L\u00e1togasson el honlapunkra <strong><a class=\"underline\" href=\"https:\/\/apexvape.de\/hu\/\">honlap<\/a><\/strong> a leg\u00fajabb e-cigarett\u00e1k \u00e9s vape-aj\u00e1nlatok\u00e9rt. A Bang Legend 120K r\u00e9sze a sz\u00e9les k\u00f6r\u0171 <strong><a class=\"underline\" href=\"https:\/\/apexvape.de\/hu\/product-category\/bang-vape\/\">BANG VAPE<\/a><\/strong> Kollekci\u00f3, ahol tov\u00e1bbi kiv\u00e1l\u00f3 min\u0151s\u00e9g\u0171 eldobhat\u00f3 e-cigarett\u00e1kat \u00e9s innovat\u00edv g\u0151zk\u00e9sz\u00fcl\u00e9keket tal\u00e1lhat a Bang m\u00e1rk\u00e1t\u00f3l. Haszn\u00e1lja ki a vonz\u00f3 nagykereskedelmi \u00e1rakat, a gyors sz\u00e1ll\u00edt\u00e1st \u00e9s az els\u0151 oszt\u00e1ly\u00fa \u00fcgyf\u00e9lszolg\u00e1latot g\u0151z\u00f6l\u00e9si ig\u00e9nyeinek kiel\u00e9g\u00edt\u00e9s\u00e9re.<\/p>","protected":false},"excerpt":{"rendered":"<p class=\"font-claude-response-body whitespace-normal break-words\">A Bang Legend 120K e-cigaretta 120 000 slukkot biztos\u00edt innovat\u00edv 5 az 1-ben \u00edzrendszerrel \u00e9s 50 ml-es tart\u00e1llyal. 1,0 \u03a9-os h\u00e1l\u00f3s tekercsel, 850 mAh-s akkumul\u00e1torral, LCD-kijelz\u0151vel \u00e9s USB-C gyors t\u00f6lt\u00e9ssel rendelkezik. Nikotintartalom 0-5%. 12 pr\u00e9mium \u00edz a maxim\u00e1lis sokoldal\u00fas\u00e1g \u00e9s g\u0151z\u00e9lvezet\u00e9s \u00e9rdek\u00e9ben.<\/p>","protected":false},"featured_media":3925,"comment_status":"open","ping_status":"closed","template":"","meta":[],"product_brand":[],"product_cat":[76],"product_tag":[],"class_list":{"0":"post-3924","1":"product","2":"type-product","3":"status-publish","4":"has-post-thumbnail","6":"product_cat-bang-vape","8":"first","9":"instock","10":"shipping-taxable","11":"purchasable","12":"product-type-variable"},"_links":{"self":[{"href":"https:\/\/apexvape.de\/hu\/wp-json\/wp\/v2\/product\/3924","targetHints":{"allow":["GET"]}}],"collection":[{"href":"https:\/\/apexvape.de\/hu\/wp-json\/wp\/v2\/product"}],"about":[{"href":"https:\/\/apexvape.de\/hu\/wp-json\/wp\/v2\/types\/product"}],"replies":[{"embeddable":true,"href":"https:\/\/apexvape.de\/hu\/wp-json\/wp\/v2\/comments?post=3924"}],"version-history":[{"count":0,"href":"https:\/\/apexvape.de\/hu\/wp-json\/wp\/v2\/product\/3924\/revisions"}],"wp:featuredmedia":[{"embeddable":true,"href":"https:\/\/apexvape.de\/hu\/wp-json\/wp\/v2\/media\/3925"}],"wp:attachment":[{"href":"https:\/\/apexvape.de\/hu\/wp-json\/wp\/v2\/media?parent=3924"}],"wp:term":[{"taxonomy":"product_brand","embeddable":true,"href":"https:\/\/apexvape.de\/hu\/wp-json\/wp\/v2\/product_brand?post=3924"},{"taxonomy":"product_cat","embeddable":true,"href":"https:\/\/apexvape.de\/hu\/wp-json\/wp\/v2\/product_cat?post=3924"},{"taxonomy":"product_tag","embeddable":true,"href":"https:\/\/apexvape.de\/hu\/wp-json\/wp\/v2\/product_tag?post=3924"}],"curies":[{"name":"wp","href":"https:\/\/api.w.org\/{rel}","templated":true}]}}