{"id":3857,"date":"2025-11-27T13:59:04","date_gmt":"2025-11-27T12:59:04","guid":{"rendered":"https:\/\/apexvape.de\/?post_type=product&#038;p=3857"},"modified":"2025-11-27T13:59:28","modified_gmt":"2025-11-27T12:59:28","slug":"bang-legend-110k","status":"publish","type":"product","link":"https:\/\/apexvape.de\/hu\/product\/bang-legend-110k\/","title":{"rendered":"Bang Legend 110k sz\u00edv\u00e1s\u00fa eldobhat\u00f3 vape"},"content":{"rendered":"<h1>Bang Legend 110k sz\u00edv\u00e1s 3in1 e-cigaretta \u2013 rendk\u00edv\u00fcl tart\u00f3s, h\u00e1l\u00f3s tekercs, Type-C t\u00f6lt\u00e9s, 12 \u00edzkombin\u00e1ci\u00f3<\/h1>\n<p>A Bang Legend 110k 3 az 1-ben eldobhat\u00f3 e-cigaretta. Innovat\u00edv h\u00e1rmas \u00edzv\u00e1lt\u00f3 technol\u00f3gi\u00e1j\u00e1val ez a nagy teljes\u00edtm\u00e9ny\u0171 eszk\u00f6z hihetetlen 110 000 slukk tel\u00edtett, arom\u00e1s g\u0151zt biztos\u00edt. A fejlett h\u00e1l\u00f3s tekercs \u00e9s a digit\u00e1lis kijelz\u0151 lehet\u0151v\u00e9 teszi a teljes\u00edtm\u00e9ny t\u00f6k\u00e9letes ellen\u0151rz\u00e9s\u00e9t, m\u00edg a st\u00edlusos majom diz\u00e1jn kiemeli a Bang Vape-et. V\u00e1lasszon 12 izgalmas \u00edzkombin\u00e1ci\u00f3 k\u00f6z\u00fcl, \u00e9s hat\u00e1rozza meg a k\u00edv\u00e1nt nikotinszintet (0%, 2%, 3% vagy 5%). \u00dajrat\u00f6lthet\u0151 akkumul\u00e1tor\u00e1val \u00e9s hatalmas e-liquid kapacit\u00e1s\u00e1val a Bang Legend Big Puff 3 in 1 Vape \u00fajrafogalmazza a t\u00f6k\u00e9letess\u00e9get az eldobhat\u00f3 e-cigarett\u00e1k ter\u00e9n.<\/p>\n<h2>A Bang Legend 110k sz\u00edv\u00e1sok legfontosabb jellemz\u0151i:<\/h2>\n<p>A Bang Legend 110K \u00fajrafogalmazza a kiv\u00e1l\u00f3 vaping \u00e9lm\u00e9nyt hatalmas, 110 000 sz\u00edv\u00e1s kapacit\u00e1s\u00e1val, amely rendk\u00edv\u00fcl hossz\u00fa \u00e9lettartamot biztos\u00edt a hosszabb haszn\u00e1lat \u00e9rdek\u00e9ben, \u00e9s teljesen kik\u00fcsz\u00f6b\u00f6li a gyakori cser\u00e9k sz\u00fcks\u00e9gess\u00e9g\u00e9t \u2013 ez egy \u00faj m\u00e9rce az ipar\u00e1gban. Ez a kiv\u00e9teles eszk\u00f6z nagy t\u00e9rfogat\u00fa e-liquid tart\u00e1llyal rendelkezik, amelyhez intelligens digit\u00e1lis kijelz\u0151 t\u00e1rsul, amely egy\u00e9rtelm\u0171en jelzi az e-liquid szintj\u00e9t \u00e9s a fennmarad\u00f3 akkumul\u00e1tor kapacit\u00e1st, \u00e9s k\u00f6nny\u0171 nyomon k\u00f6vet\u00e9st tesz lehet\u0151v\u00e9, \u00edgy mindig t\u00e1j\u00e9kozott maradhat \u00e9s teljes ellen\u0151rz\u00e9st gyakorolhat a g\u0151z\u00f6l\u00e9si \u00e9lm\u00e9nye felett.<\/p>\n<p>A Bang Legend 110K egy hat\u00e9kony, 600 mAh-\u00e1s \u00fajrat\u00f6lthet\u0151 akkumul\u00e1torral \u00e9s Type-C t\u00f6lt\u00e9si technol\u00f3gi\u00e1val rendelkezik, amely gyors \u00e9s k\u00e9nyelmes t\u00f6lt\u00e9st biztos\u00edt, t\u00e1mogatja a leny\u0171g\u00f6z\u0151 sz\u00edv\u00e1ssz\u00e1mot \u00e9s minimaliz\u00e1lja az \u00fczemsz\u00fcneteket. A k\u00e9sz\u00fcl\u00e9k integr\u00e1lt intelligens energiahat\u00e9konys\u00e1gi rendszerrel rendelkezik, amely optimaliz\u00e1lt energiagazd\u00e1lkod\u00e1ssal biztos\u00edtja az egyenletes teljes\u00edtm\u00e9nyt \u00e9s a megb\u00edzhat\u00f3 m\u0171k\u00f6d\u00e9st a teljes \u00e9lettartam alatt, kieg\u00e9sz\u00edtve a fejlett 1,0\u03a9-os h\u00e1l\u00f3s tekercs technol\u00f3gi\u00e1val, amely kiv\u00e1l\u00f3 \u00edz\u00e1tad\u00e1st \u00e9s s\u0171r\u0171, kiel\u00e9g\u00edt\u0151 g\u0151zfelh\u0151ket biztos\u00edt minden sz\u00edv\u00e1sn\u00e1l.<\/p>\n<p>Fedezze fel az innovat\u00edv 3 az 1-ben \u00edzrendszert 12 k\u00e9zzel v\u00e1logatott gy\u00fcm\u00f6lcs\u00f6s \u00e9s j\u00e9ghideg \u00edzkombin\u00e1ci\u00f3val, mint p\u00e9ld\u00e1ul vegyes bogy\u00f3s gy\u00fcm\u00f6lcs\u00f6k \u00e9s passi\u00f3gy\u00fcm\u00f6lcs, mang\u00f3 \u00e9s Love66, \u00e9s m\u00e9g sok m\u00e1s \u2013 egy igaz\u00e1n szem\u00e9lyre szabhat\u00f3 \u00edz\u00e9lm\u00e9ny, amely izgatja \u00e9s akt\u00edvv\u00e1 teszi az \u00edzlel\u0151bimb\u00f3it. T\u00f6bb nikotinszintben kaphat\u00f3: 0%, 2%, 3% \u00e9s 5%. A Bang Legend 110K kiel\u00e9g\u00edti a k\u00fcl\u00f6nb\u00f6z\u0151 felhaszn\u00e1l\u00f3i preferenci\u00e1kat \u00e9s a piac soksz\u00edn\u0171s\u00e9g ir\u00e1nti ig\u00e9ny\u00e9t, \u00edgy minden t\u00edpus\u00fa vaper sz\u00e1m\u00e1ra \u2013 a kezd\u0151kt\u0151l a tapasztalt rajong\u00f3kig \u2013 megtal\u00e1lhat\u00f3 a t\u00f6k\u00e9letes opci\u00f3.<\/p>\n<p>A felhaszn\u00e1l\u00f3bar\u00e1t, sz\u00edv\u00e1ssal aktiv\u00e1lt Bang Legend 110K Vape divatos majom diz\u00e1jnnal rendelkezik, amely jelenleg nagyon n\u00e9pszer\u0171, \u00e9s a felt\u0171n\u0151 eszt\u00e9tik\u00e1t praktikus funkcionalit\u00e1ssal \u00f6tv\u00f6zi egy st\u00edlusos csomagban. A legmodernebb technol\u00f3gia, a kiv\u00e9teles teljes\u00edtm\u00e9ny, a testreszabhat\u00f3 opci\u00f3k \u00e9s a kort\u00e1rs design t\u00f6k\u00e9letes \u00f6tv\u00f6zete teszi a Bang Legend 110K-t a v\u00e9gs\u0151 v\u00e1laszt\u00e1ss\u00e1 azok sz\u00e1m\u00e1ra, akik nem hajland\u00f3k kompromisszumot k\u00f6tni a min\u0151s\u00e9g, a tart\u00f3ss\u00e1g vagy a st\u00edlus ter\u00e9n.<\/p>\n<h2>M\u0171szaki specifik\u00e1ci\u00f3k:<\/h2>\n<p><strong>Vonatsz\u00e1m:<\/strong> 110 000 vonat<br \/>\n<strong>Akkumul\u00e1tor:<\/strong> 600 mAh \u00fajrat\u00f6lthet\u0151 Type-C<br \/>\n<strong>E-liquid kapacit\u00e1s:<\/strong> 18 ml (nagy t\u00e9rfogat\u00fa tart\u00e1ly)<br \/>\n<strong>Tekercs:<\/strong> 1,0 \u03a9 h\u00e1l\u00f3s tekercs<br \/>\n<strong>Nikotin er\u0151ss\u00e9ge:<\/strong> 0%, 2%, 3%, 5%<br \/>\n<strong>\u00cdzrendszer:<\/strong> 3 az 1-ben cser\u00e9lhet\u0151 \u00edzek \u00d7 12 profil<br \/>\n<strong>Aktiv\u00e1l\u00e1s:<\/strong> Vonat \u00e1ltal aktiv\u00e1lt<br \/>\n<strong>T\u00f6lt\u00e9si id\u0151:<\/strong> 40 perc (0-100%)<\/p>\n<h2>A Bang Legend 110k \u00edzv\u00e1laszt\u00e9k:<\/h2>\n<ol>\n<li>G\u00f6r\u00f6gdinnye j\u00e9gkr\u00e9m \/ Alma-k\u00f6rte \/ Szenved\u00e9lyes cs\u00f3k<\/li>\n<li>\u00c1fonya j\u00e9gkr\u00e9m \/ Cantaloupe alma \/ Lime-rom\u00e1nc<\/li>\n<li>Energiaital \/ Alma Sz\u0151l\u0151 \/ Mang\u00f3 \u0150szibarack S\u00e1rgabarack<\/li>\n<li>Eper Mango \/ \u00c1fonya \u0150szibarack \/ G\u00f6r\u00f6gdinnye Bogy\u00f3s gy\u00fcm\u00f6lcs\u00f6k<\/li>\n<li>\u00c1fonya, m\u00e1lna \/ gumicukorka \/ g\u00f6r\u00f6gdinnye, pitaya<\/li>\n<li>Eper Kiwi \/ Fekete s\u00e1rk\u00e1ny j\u00e9gkr\u00e9m \/ Citrom-lime<\/li>\n<li>\u00c1fonya g\u00f6r\u00f6gdinnye \/ sz\u0151l\u0151 j\u00e9gkr\u00e9m \/ Fuji j\u00e9gkr\u00e9m<\/li>\n<li>Eper, g\u00f6r\u00f6gdinnye \/ sz\u0151l\u0151, szeder \/ lime-rom\u00e1nc<\/li>\n<li>Eper Ban\u00e1n \/ \u0150szibarack J\u00e9gkr\u00e9m \/ G\u00f6r\u00f6gdinnye Savany\u00fa \u0151szibarack<\/li>\n<li>\u0150szibarack, mang\u00f3, g\u00f6r\u00f6gdinnye \/ csereszny\u00e9s k\u00f3la \/ passi\u00f3gy\u00fcm\u00f6lcs, kiwi, lime<\/li>\n<li>G\u00f6r\u00f6gdinnye r\u00e1g\u00f3gumi \/ Kiwi passi\u00f3gy\u00fcm\u00f6lcs guava \/ Mamba<\/li>\n<li>Vegyes bogy\u00f3s gy\u00fcm\u00f6lcs\u00f6k \/ Passi\u00f3gy\u00fcm\u00f6lcs Mango \/ Love66<\/li>\n<\/ol>\n<h2>Gyakran ism\u00e9telt k\u00e9rd\u00e9sek (GYIK)<\/h2>\n<p><strong>F1: Mi k\u00fcl\u00f6nb\u00f6zteti meg a Bang Legend 110K-t m\u00e1s eldobhat\u00f3 e-cigarett\u00e1kt\u00f3l?<\/strong><br \/>\nA1: A Bang Legend 110K ipar\u00e1gvezet\u0151 110 000 sz\u00edv\u00e1ssal, hatalmas folyad\u00e9ktart\u00e1llyal \u00e9s t\u00f6bb \u00edz\u0171 rendszerrel rendelkezik, amelynek k\u00f6sz\u00f6nhet\u0151en egyetlen eszk\u00f6zzel t\u00f6bb \u00edz\u00e9lm\u00e9nyt is \u00e9lvezhet.<\/p>\n<p><strong>F2: A Bang Legend 110K t\u00e1mogatja az \u00e1ll\u00edthat\u00f3 funkci\u00f3kat?<\/strong><br \/>\nA2: Igen, \u00e1ll\u00edthat\u00f3 l\u00e9g\u00e1raml\u00e1ssal \u00e9s teljes\u00edtm\u00e9nym\u00f3dokkal rendelkezik, \u00edgy kedved szerint v\u00e1lthatsz a l\u00e1gy, gazdag felh\u0151k \u00e9s az \u00e9les, j\u00e9ghideg slukkok k\u00f6z\u00f6tt.<\/p>\n<p><strong>F3: Milyen az akkumul\u00e1tor teljes\u00edtm\u00e9nye?<\/strong><br \/>\nA3: Nagy kapacit\u00e1s\u00fa \u00fajrat\u00f6lthet\u0151 akkumul\u00e1torral \u00e9s C t\u00edpus\u00fa gyorst\u00f6lt\u00e9ssel ell\u00e1tva hosszabb, megszak\u00edt\u00e1s n\u00e9lk\u00fcli g\u0151z\u00f6l\u00e9si id\u0151t biztos\u00edt.<\/p>\n<p><strong>F4: K\u00f6nnyen megv\u00e1ltoztathatom az \u00edzeket?<\/strong><br \/>\nA4: Igen, a 3 az 1-ben \u00edzrendszerrel egy egyszer\u0171 kapcsol\u00f3val k\u00f6nnyed\u00e9n v\u00e1lthat az \u00edzek k\u00f6z\u00f6tt, \u00e9s \u00e9lvezheti a v\u00e1ltozatoss\u00e1got an\u00e9lk\u00fcl, hogy k\u00e9sz\u00fcl\u00e9ket kellene cser\u00e9lnie.<\/p>\n<p><strong>F5: Kiknek k\u00e9sz\u00fclt a Bang Legend 110K?<\/strong><br \/>\nA5: T\u00f6k\u00e9letes v\u00e1laszt\u00e1s azoknak a hossz\u00fa t\u00e1v\u00fa e-cigaretta-haszn\u00e1l\u00f3knak, \u00edzvad\u00e1szoknak \u00e9s trenddikt\u00e1toroknak, akik pr\u00e9mium teljes\u00edtm\u00e9nyt \u00e9s az eldobhat\u00f3 e-cigaretta k\u00e9nyelm\u00e9t keresik.<\/p>\n<h2>Fedezze fel a teljes Bang Vape kollekci\u00f3t az Apexvape-n\u00e9l<\/h2>\n<p>A Bang Legend 110K csak egy a sok kiv\u00e1l\u00f3 min\u0151s\u00e9g\u0171 term\u00e9k k\u00f6z\u00fcl, amelyek megtal\u00e1lhat\u00f3k a k\u00edn\u00e1latunkban. <strong><a href=\"https:\/\/apexvape.de\/hu\/\">Apexvape<\/a><\/strong> kiterjedt v\u00e1laszt\u00e9kot tal\u00e1l pr\u00e9mium e-cigarett\u00e1kb\u00f3l \u00e9s vaping kieg\u00e9sz\u00edt\u0151kb\u0151l, minden \u00edzl\u00e9snek \u00e9s preferenci\u00e1nak megfelel\u0151en. Fedezze fel teljes k\u00edn\u00e1latunkat <strong><a href=\"https:\/\/apexvape.de\/hu\/product-category\/bang-vape\/\">BANG VAPE kollekci\u00f3<\/a><\/strong> \u00e9s fedezze fel tov\u00e1bbi innovat\u00edv eszk\u00f6z\u00f6ket, amelyek kiv\u00e9teles teljes\u00edtm\u00e9nyt, sokf\u00e9le \u00edzt \u00e9s a legmodernebb technol\u00f3gi\u00e1t k\u00edn\u00e1lnak. Ak\u00e1r kezd\u0151, ak\u00e1r tapasztalt vaper, az Apexvape-n\u00e9l garant\u00e1ltan megtal\u00e1lja a t\u00f6k\u00e9letes term\u00e9ket az ultim\u00e1lis g\u0151z\u00f6l\u00e9si \u00e9lm\u00e9nyhez.<\/p>","protected":false},"excerpt":{"rendered":"<p class=\"font-claude-response-body whitespace-normal break-words\">A Bang Legend 110k e-cigaretta rekordot d\u00f6nt\u0151 110 000 slukkot biztos\u00edt 3 az 1-ben \u00edzrendszerrel \u00e9s 18 ml-es tart\u00e1llyal. 1,0 \u03a9-os h\u00e1l\u00f3s tekercsel, 600 mAh-s akkumul\u00e1torral, digit\u00e1lis kijelz\u0151vel, USB-C gyorst\u00f6lt\u00e9ssel \u00e9s trendi majom diz\u00e1jnnal rendelkezik. Nikotintartalom 0-5%, 12 \u00edzkombin\u00e1ci\u00f3.<\/p>","protected":false},"featured_media":3858,"comment_status":"open","ping_status":"closed","template":"","meta":[],"product_brand":[],"product_cat":[76],"product_tag":[],"class_list":{"0":"post-3857","1":"product","2":"type-product","3":"status-publish","4":"has-post-thumbnail","6":"product_cat-bang-vape","8":"first","9":"instock","10":"shipping-taxable","11":"purchasable","12":"product-type-variable"},"_links":{"self":[{"href":"https:\/\/apexvape.de\/hu\/wp-json\/wp\/v2\/product\/3857","targetHints":{"allow":["GET"]}}],"collection":[{"href":"https:\/\/apexvape.de\/hu\/wp-json\/wp\/v2\/product"}],"about":[{"href":"https:\/\/apexvape.de\/hu\/wp-json\/wp\/v2\/types\/product"}],"replies":[{"embeddable":true,"href":"https:\/\/apexvape.de\/hu\/wp-json\/wp\/v2\/comments?post=3857"}],"version-history":[{"count":0,"href":"https:\/\/apexvape.de\/hu\/wp-json\/wp\/v2\/product\/3857\/revisions"}],"wp:featuredmedia":[{"embeddable":true,"href":"https:\/\/apexvape.de\/hu\/wp-json\/wp\/v2\/media\/3858"}],"wp:attachment":[{"href":"https:\/\/apexvape.de\/hu\/wp-json\/wp\/v2\/media?parent=3857"}],"wp:term":[{"taxonomy":"product_brand","embeddable":true,"href":"https:\/\/apexvape.de\/hu\/wp-json\/wp\/v2\/product_brand?post=3857"},{"taxonomy":"product_cat","embeddable":true,"href":"https:\/\/apexvape.de\/hu\/wp-json\/wp\/v2\/product_cat?post=3857"},{"taxonomy":"product_tag","embeddable":true,"href":"https:\/\/apexvape.de\/hu\/wp-json\/wp\/v2\/product_tag?post=3857"}],"curies":[{"name":"wp","href":"https:\/\/api.w.org\/{rel}","templated":true}]}}