{"id":3643,"date":"2025-11-26T14:19:30","date_gmt":"2025-11-26T13:19:30","guid":{"rendered":"https:\/\/apexvape.de\/?post_type=product&#038;p=3643"},"modified":"2025-11-26T14:19:56","modified_gmt":"2025-11-26T13:19:56","slug":"bang-king-85000","status":"publish","type":"product","link":"https:\/\/apexvape.de\/hu\/product\/bang-king-85000\/","title":{"rendered":"Bang King 85000 sz\u00edv\u00e1sos eldobhat\u00f3 e-cigaretta"},"content":{"rendered":"<h1>Bang King 85000 3 az 1-ben 85k sz\u00edv\u00e1s | H\u00e1rmas aroma e-cigaretta egyszer haszn\u00e1latos nagykereskedelmi<\/h1>\n<p>A Bang King 85000 sz\u00edv\u00e1sos eldobhat\u00f3 e-cigaretta rendk\u00edv\u00fcli teljes\u00edtm\u00e9ny\u00e9vel gy\u0151zi meg a felhaszn\u00e1l\u00f3kat, be\u00e1ll\u00edthat\u00f3 3 az 1-ben aromarendszer\u00e9vel, amely minden haszn\u00e1lat alkalm\u00e1val v\u00e1ltozatoss\u00e1got k\u00edn\u00e1l. \u00c9lvezze a 600 mAh-s akkumul\u00e1torral m\u0171k\u00f6d\u0151, ak\u00e1r 85 000 sz\u00edv\u00e1sra k\u00e9pes e-cigarett\u00e1t, amelyet h\u00e1rmas h\u00e1l\u00f3s tekercs er\u0151s\u00edt az intenz\u00edv \u00edz \u00e9s a l\u00e1gy g\u0151z \u00e9rdek\u00e9ben. A 63 ml-es folyad\u00e9kkapacit\u00e1s hossz\u00fa \u00e9lettartamot biztos\u00edt, m\u00edg a LED-kijelz\u0151 \u00e9s a Type-C t\u00f6lt\u00e9s modern k\u00e9nyelmet ny\u00fajt. 16 intenz\u00edv \u00edzben kaphat\u00f3, ez a k\u00e9sz\u00fcl\u00e9k t\u00f6k\u00e9letes azoknak a felhaszn\u00e1l\u00f3knak, akik nagy kapacit\u00e1s\u00fa, t\u00f6bbf\u00e9le arom\u00e1val rendelkez\u0151, intelligens funkci\u00f3kkal ell\u00e1tott eldobhat\u00f3 e-cigarett\u00e1t keresnek.<\/p>\n<h2>Bang King 85000 sz\u00edv\u00e1s F\u0151bb jellemz\u0151k<\/h2>\n<p>A Bang King 85000 \u00fajrafogalmazza a g\u0151z kiv\u00e1l\u00f3s\u00e1g\u00e1t, p\u00e9ld\u00e1tlan, ak\u00e1r 85 000 sz\u00edv\u00e1s kapacit\u00e1s\u00e1val, amely ide\u00e1lis hossz\u00fa t\u00e1v\u00fa, nagy volumen\u0171 haszn\u00e1latra, gyakori cser\u00e9k n\u00e9lk\u00fcl. Leny\u0171g\u00f6z\u0151 63 ml-es folyad\u00e9kkapacit\u00e1s\u00e1val, amely h\u00e1rom k\u00fcl\u00f6n\u00e1ll\u00f3 21 ml-es tart\u00e1lyra oszlik, ez a k\u00e9sz\u00fcl\u00e9k hossz\u00fa t\u00e1v\u00fa haszn\u00e1latra lett tervezve, \u00e9s p\u00e1ratlan sokoldal\u00fas\u00e1got k\u00edn\u00e1l, amelynek k\u00f6sz\u00f6nhet\u0151en hosszabb ideig \u00e9s kiel\u00e9g\u00edt\u0151bben g\u0151z\u00f6lhet, mint valaha.<\/p>\n<p>Fedezze fel a forradalmian \u00faj, \u00e1ll\u00edthat\u00f3 \u00edzekkel rendelkez\u0151 3 az 1-ben aromarendszert, amely lehet\u0151v\u00e9 teszi a h\u00e1rom be\u00e9p\u00edtett aroma k\u00f6z\u00f6tti z\u00f6kken\u0151mentes v\u00e1lt\u00e1st, \u00e9s dinamikus, teljesen testreszabhat\u00f3 g\u0151z\u00f6l\u00e9si \u00e9lm\u00e9nyt ny\u00fajt, amely az \u00d6n hangulat\u00e1hoz \u00e9s preferenci\u00e1ihoz igazodik. A fejlett Triple Mesh Coil technol\u00f3gia 1,0 \u03a9 ellen\u00e1ll\u00e1ssal s\u0171r\u0171 g\u0151zfelh\u0151ket \u00e9s konzisztens, gazdag \u00edzt biztos\u00edt gyors felmeleged\u00e9si hat\u00e9konys\u00e1ggal, \u00edgy minden slukk ugyanolyan kiel\u00e9g\u00edt\u0151, mint az els\u0151, \u00e9s maxim\u00e1lisan kihaszn\u00e1lhat\u00f3 az egyes aromaprofilok potenci\u00e1lja.<\/p>\n<p>Maradjon t\u00e1j\u00e9kozott \u00e9s tartsa k\u00e9zben az ir\u00e1ny\u00edt\u00e1st az intuit\u00edv LED-kijelz\u0151vel, amely val\u00f3s id\u0151ben figyeli a sz\u00edv\u00e1sok sz\u00e1m\u00e1t \u00e9s az akkumul\u00e1tor t\u00f6lt\u00f6tts\u00e9gi szintj\u00e9t, \u00e9s egyszer\u0171en nyomon k\u00f6vethet\u0151v\u00e9 teszi a haszn\u00e1latot, \u00edgy soha nem \u00e9rheti meglepet\u00e9s. A megb\u00edzhat\u00f3 600 mAh-s akkumul\u00e1torral \u00e9s Type-C t\u00f6lt\u0151csatlakoz\u00f3val ell\u00e1tott k\u00e9sz\u00fcl\u00e9k gyors, k\u00e9nyelmes t\u00f6lt\u00e9st \u00e9s megb\u00edzhat\u00f3 energi\u00e1t biztos\u00edt a hosszabb g\u0151z\u00f6l\u00e9si szakaszokhoz, minimaliz\u00e1lva az \u00fczemsz\u00fcneteket \u00e9s maximaliz\u00e1lva az \u00e9lvezetet.<\/p>\n<p>A Bang King 85000 k\u00fcl\u00f6nb\u00f6z\u0151 nikotintartalommal (0%, 2%, 3% \u00e9s 5%) kaphat\u00f3, hogy minden ig\u00e9nyt kiel\u00e9g\u00edtsen, \u00e9s 16 izgalmas, egyedi \u00edzzel v\u00e1rja a felhaszn\u00e1l\u00f3kat, akik igaz\u00e1n szem\u00e9lyre szabott g\u0151z\u00f6l\u00e9si \u00e9lm\u00e9nyre v\u00e1gynak. Praktikus, 10 darabos csomagol\u00e1sban kaphat\u00f3, ez a k\u00e9sz\u00fcl\u00e9k ide\u00e1lis mind kiskereskedelmi, mind nagykereskedelmi forgalmaz\u00e1shoz, \u00e9s professzion\u00e1lis teljes\u00edtm\u00e9nyt \u00e9s innov\u00e1ci\u00f3t ny\u00fajt, amely \u00faj magass\u00e1gokba emeli a g\u0151z\u00f6l\u00e9s \u00e9lm\u00e9ny\u00e9t.<\/p>\n<h2>M\u0171szaki adatok<\/h2>\n<p><strong>Vonatok:<\/strong> Ak\u00e1r 85 000 vonat<br \/>\n<strong>Nikotin:<\/strong> 0% \/ 2% \/ 3% \/ 5%<br \/>\n<strong>Arom\u00e1k:<\/strong> 3 \u00e1ll\u00edthat\u00f3<br \/>\n<strong>E-folyad\u00e9k:<\/strong> 21 ml \u00d7 3 (\u00f6sszesen 63 ml)<br \/>\n<strong>Akkumul\u00e1tor:<\/strong> 600 mAh \u00fajrat\u00f6lthet\u0151<br \/>\n<strong>Tekercs:<\/strong> H\u00e1rmas h\u00e1l\u00f3 1,0 \u03a9 \u00d7 3<br \/>\n<strong>Kijelz\u0151:<\/strong> LCD-kijelz\u0151<br \/>\n<strong>T\u00f6lt\u00e9s:<\/strong> C t\u00edpus<br \/>\n<strong>Csomagol\u00e1s:<\/strong> 10 darab\/csomag<br \/>\n<strong>\u00cdzv\u00e1laszt\u00e9k:<\/strong> 16 v\u00e1laszt\u00e1si lehet\u0151s\u00e9g<\/p>\n<h2>Bang King 85000 slukk \u00cdzv\u00e1laszt\u00e9k<\/h2>\n<ol>\n<li>G\u00f6r\u00f6gdinnye\/Red Bull\/Eper Kiwi<\/li>\n<li>Citrom-lime\/eper-g\u00f6r\u00f6gdinnye\/\u00e1fonya-j\u00e9g<\/li>\n<li>Eper Ban\u00e1n\/m\u00e1lna G\u00f6r\u00f6gdinnye\/r\u00f3zsasz\u00edn limon\u00e1d\u00e9<\/li>\n<li>K\u00e9k razz cseresznye\/h\u0171s menta\/\u0151szibarack-mang\u00f3<\/li>\n<li>Tr\u00f3pusi gy\u00fcm\u00f6lcs\u00f6k\/eper G\u00f6r\u00f6gdinnye\/citrom \u0150szibarack<\/li>\n<li>Anan\u00e1sz-k\u00f3kusz\/eper-ban\u00e1n\/k\u00e9k m\u00e1lna<\/li>\n<li>Eper-g\u00f6r\u00f6gdinnye\/h\u00e1romszoros dinnye\/eper-j\u00e9gkr\u00e9m<\/li>\n<li>Vegyes gy\u00fcm\u00f6lcs\u00f6k\/mang\u00f3, \u0151szibarack\/sz\u0151l\u0151 Ice<\/li>\n<li>Eper Van\u00edlia Cola\/\u0150szibarack Ice\/Fekete S\u00e1rk\u00e1ny Ice<\/li>\n<li>Lush Ice\/Kivi Passi\u00f3gy\u00fcm\u00f6lcs Guava\/Eper Mang\u00f3<\/li>\n<li>Eper-g\u00f6r\u00f6gdinnye\/g\u00f6r\u00f6gdinnye\/Blue Razz Ice<\/li>\n<li>Bogy\u00f3s limon\u00e1d\u00e9\/eper Red Bull\/eper Pomp<\/li>\n<li>Dupla alma\/gy\u00fcm\u00f6lcs\u00f6s f\u00fazi\u00f3\/anan\u00e1sz j\u00e9g<\/li>\n<li>Cola Ice\/Mr Blue\/Csereszny\u00e9s k\u00f3la<\/li>\n<li>Eper f\u00e1nk\/Ban\u00e1n j\u00e9gkr\u00e9m\/Love66<\/li>\n<li>J\u00e9gtea citrom Ice\/Mango On Ice\/Licsi Ice<\/li>\n<\/ol>\n<h2>Gyakran feltett k\u00e9rd\u00e9sek a Bang King 85000 3 az 1-ben eldobhat\u00f3 e-cigarett\u00e1r\u00f3l<\/h2>\n<p><strong>1. H\u00e1ny mozdulatot k\u00edn\u00e1l a Bang King 85000?<\/strong><br \/>\n\u00d6sszesen ak\u00e1r 85 000 slukk \u2013 k\u00f6r\u00fclbel\u00fcl 28 000 slukk arom\u00e1s kapszul\u00e1nk\u00e9nt, a szem\u00e9lyes haszn\u00e1lati szok\u00e1sokt\u00f3l f\u00fcgg\u0151en.<\/p>\n<p><strong>2. Mit jelent a \u201eTriple 3-in-1\u201c kifejez\u00e9s?<\/strong><br \/>\nA k\u00e9sz\u00fcl\u00e9k h\u00e1rom k\u00fcl\u00f6n\u00e1ll\u00f3 aroma kapszul\u00e1t tartalmaz, amelyek k\u00f6z\u00f6tt egy be\u00e9p\u00edtett \u00edzv\u00e1laszt\u00f3 kapcsol\u00f3val v\u00e1lthat \u2013 \u00e9lvezze h\u00e1rom \u00edzt egy k\u00e9sz\u00fcl\u00e9kben.<\/p>\n<p><strong>3. Ez az e-cigaretta \u00fajrat\u00f6lthet\u0151?<\/strong><br \/>\nIgen. Type-C gyors t\u00f6lt\u0151csatlakoz\u00f3val \u00e9s be\u00e9p\u00edtett 600 mAh-s akkumul\u00e1torral rendelkezik, amely hosszabb haszn\u00e1latot \u00e9s gyorsabb t\u00f6lt\u00e9st biztos\u00edt.<\/p>\n<p><strong>4. Mekkora a teljes likvidit\u00e1si kapacit\u00e1s?<\/strong><br \/>\nA k\u00e9sz\u00fcl\u00e9k \u00f6sszesen 63 ml e-liquidet tud befogadni (minden pod 21 ml saj\u00e1t arom\u00e1t tartalmaz).<\/p>\n<p><strong>5. Hogyan v\u00e1lthatok arom\u00e1t?<\/strong><br \/>\nCs\u00fasztassa az aroma v\u00e1laszt\u00f3t, hogy kiv\u00e1lassza a h\u00e1rom bels\u0151 kapszula k\u00f6z\u00fcl a k\u00edv\u00e1ntat. Gyors \u00e9s k\u00e9nyelmes \u2013 nincs sz\u00fcks\u00e9g gombokra vagy ut\u00e1nt\u00f6lt\u00e9sre.<\/p>\n<p><strong>6. A k\u00e9sz\u00fcl\u00e9k alkalmas kezd\u0151k sz\u00e1m\u00e1ra?<\/strong><br \/>\nTerm\u00e9szetesen. \u00c9rint\u00e9s\u00e9rz\u00e9keny, nincs gomb vagy be\u00e1ll\u00edt\u00e1s \u2013 ide\u00e1lis kezd\u0151knek \u00e9s halad\u00f3knak egyar\u00e1nt.<\/p>\n<h2>Fedezze fel tov\u00e1bbi pr\u00e9mium e-cigarett\u00e1kat<\/h2>\n<p>A Bang King 85000 a kiv\u00e1l\u00f3 min\u0151s\u00e9g\u0171 eldobhat\u00f3 e-cigarett\u00e1k sz\u00e9les v\u00e1laszt\u00e9k\u00e1nak r\u00e9sze. L\u00e1togasson el weboldalunkra! <strong><a href=\"https:\/\/apexvape.de\/hu\/\">honlap<\/a><\/strong> tov\u00e1bbi innovat\u00edv g\u0151zterm\u00e9kek\u00e9rt \u00e9s exkluz\u00edv aj\u00e1nlatok\u00e9rt. Ha kifejezetten a Bang term\u00e9kek \u00e9rdeklik, fedezze fel teljes k\u00edn\u00e1latunkat <strong><a href=\"https:\/\/apexvape.de\/hu\/product-category\/bang-vape\/\">BANG VAPE kateg\u00f3ria<\/a><\/strong> a leg\u00fajabb modellekkel \u00e9s \u00edzekkel. \u00c9lvezze a gyors sz\u00e1ll\u00edt\u00e1st, az els\u0151 oszt\u00e1ly\u00fa \u00fcgyf\u00e9lszolg\u00e1latot \u00e9s az eredeti term\u00e9keket k\u00f6zvetlen\u00fcl a megb\u00edzhat\u00f3 e-cigaretta keresked\u0151j\u00e9t\u0151l.<\/p>","protected":false},"excerpt":{"rendered":"<p class=\"font-claude-response-body whitespace-normal break-words\">A Bang King 85000 forradalmian \u00faj, 85 000 sz\u00edv\u00e1sra alkalmas, innovat\u00edv 3 az 1-ben \u00edzv\u00e1lt\u00f3 funkci\u00f3val rendelkezik. H\u00e1rom 21 ml-es tart\u00e1ly (\u00f6sszesen 63 ml), 1,0 \u03a9-os h\u00e1rmas h\u00e1l\u00f3s tekercsek az intenz\u00edv \u00edz\u00e9rt. 600 mAh-s akkumul\u00e1tor, C t\u00edpus\u00fa, LCD-kijelz\u0151 a sz\u00edv\u00e1sok \u00e9s az akkumul\u00e1tor t\u00f6lt\u00f6tts\u00e9gi szintj\u00e9nek megjelen\u00edt\u00e9s\u00e9hez. 0%-5% nikotin, 16 pr\u00e9mium aroma. Ide\u00e1lis nagykeresked\u0151knek \u00e9s ig\u00e9nyes g\u0151z\u00f6l\u0151knek.<\/p>","protected":false},"featured_media":3644,"comment_status":"open","ping_status":"closed","template":"","meta":[],"product_brand":[],"product_cat":[76],"product_tag":[],"class_list":{"0":"post-3643","1":"product","2":"type-product","3":"status-publish","4":"has-post-thumbnail","6":"product_cat-bang-vape","8":"first","9":"instock","10":"shipping-taxable","11":"purchasable","12":"product-type-variable"},"_links":{"self":[{"href":"https:\/\/apexvape.de\/hu\/wp-json\/wp\/v2\/product\/3643","targetHints":{"allow":["GET"]}}],"collection":[{"href":"https:\/\/apexvape.de\/hu\/wp-json\/wp\/v2\/product"}],"about":[{"href":"https:\/\/apexvape.de\/hu\/wp-json\/wp\/v2\/types\/product"}],"replies":[{"embeddable":true,"href":"https:\/\/apexvape.de\/hu\/wp-json\/wp\/v2\/comments?post=3643"}],"version-history":[{"count":0,"href":"https:\/\/apexvape.de\/hu\/wp-json\/wp\/v2\/product\/3643\/revisions"}],"wp:featuredmedia":[{"embeddable":true,"href":"https:\/\/apexvape.de\/hu\/wp-json\/wp\/v2\/media\/3644"}],"wp:attachment":[{"href":"https:\/\/apexvape.de\/hu\/wp-json\/wp\/v2\/media?parent=3643"}],"wp:term":[{"taxonomy":"product_brand","embeddable":true,"href":"https:\/\/apexvape.de\/hu\/wp-json\/wp\/v2\/product_brand?post=3643"},{"taxonomy":"product_cat","embeddable":true,"href":"https:\/\/apexvape.de\/hu\/wp-json\/wp\/v2\/product_cat?post=3643"},{"taxonomy":"product_tag","embeddable":true,"href":"https:\/\/apexvape.de\/hu\/wp-json\/wp\/v2\/product_tag?post=3643"}],"curies":[{"name":"wp","href":"https:\/\/api.w.org\/{rel}","templated":true}]}}