{"id":3533,"date":"2025-11-26T13:59:38","date_gmt":"2025-11-26T12:59:38","guid":{"rendered":"https:\/\/apexvape.de\/?post_type=product&#038;p=3533"},"modified":"2026-03-15T16:18:11","modified_gmt":"2026-03-15T15:18:11","slug":"bang-king-50000","status":"publish","type":"product","link":"https:\/\/apexvape.de\/hu\/product\/bang-king-50000\/","title":{"rendered":"Bang King 50000 sz\u00edv\u00e1sos eldobhat\u00f3 e-cigaretta"},"content":{"rendered":"<h1>Bang King 50000 slukk | Kett\u0151s \u00edz, tart\u00f3s e-cigaretta nagykereskedelmi v\u00e1s\u00e1rl\u00e1shoz<\/h1>\n<p>A <strong>Bang King 50 000 slukkos eldobhat\u00f3 e-cigaretta<\/strong> Ak\u00e1r 50 000 sz\u00edv\u00e1sig is elegend\u0151, 50 ml-es e-liquid kapacit\u00e1ssal, kett\u0151s \u00edzv\u00e1laszt\u00e9kkal \u00e9s \u00e1ll\u00edthat\u00f3 l\u00e9g\u00e1raml\u00e1ssal. 1,0 \u03a9-os h\u00e1l\u00f3s tekercs \u00e9s \u00fajrat\u00f6lthet\u0151 850 mAh-s akkumul\u00e1torral m\u0171k\u00f6dik, sima, intenz\u00edv \u00edzt \u00e9s \u00e1lland\u00f3 g\u0151ztermel\u00e9st biztos\u00edt. 12 v\u00e1ltozatos \u00edzzel \u00e9s intelligens kijelz\u0151vel az akkumul\u00e1tor \u00e9s az e-liquid t\u00f6lt\u00f6tts\u00e9gi szintj\u00e9nek megjelen\u00edt\u00e9s\u00e9re t\u00f6k\u00e9letes v\u00e1laszt\u00e1s a tart\u00f3s, szem\u00e9lyre szabhat\u00f3 g\u0151z\u00f6l\u00e9si \u00e9lm\u00e9nyhez. A Type-C t\u00f6lt\u00e9s gyors energiaell\u00e1t\u00e1st biztos\u00edt, a hatalmas sz\u00edv\u00e1si kapacit\u00e1s pedig tart\u00f3s \u00e9lvezetet garant\u00e1l.<\/p>\n<h2>Bang King 50000 sz\u00edv\u00e1s F\u0151bb jellemz\u0151k:<\/h2>\n<p>A <strong>Bang King 50000<\/strong> ig\u00e9nyes felhaszn\u00e1l\u00f3k sz\u00e1m\u00e1ra lett kifejlesztve, akik a legmagasabb teljes\u00edtm\u00e9nyt \u00e9s tart\u00f3s \u00e9lvezetet v\u00e1rnak el. Leny\u0171g\u00f6z\u0151, ak\u00e1r 50 000 sz\u00edv\u00e1ssal ez a k\u00e9sz\u00fcl\u00e9k hosszabb \u00e9s megszak\u00edt\u00e1smentes g\u0151z\u00f6l\u00e9si \u00e9lm\u00e9nyt ny\u00fajt. A b\u0151s\u00e9ges, 50 ml-es e-liquid kapacit\u00e1s garant\u00e1lja a hosszabb haszn\u00e1latot an\u00e9lk\u00fcl, hogy gyakran kellene ut\u00e1nt\u00f6lteni \u2013 ide\u00e1lis azoknak az intenz\u00edv g\u0151z\u00f6l\u0151knek, akik nem hajland\u00f3k kompromisszumot k\u00f6tni a min\u0151s\u00e9g \u00e9s a k\u00e9nyelem ter\u00e9n.<\/p>\n<p>A prec\u00edzi\u00f3san gy\u00e1rtott 1,0 \u03a9-os h\u00e1l\u00f3s tekercsel\u00e9ssel ell\u00e1tott Bang King 50000 minden sz\u00edv\u00e1sn\u00e1l sima, gazdag \u00e9s arom\u00e1s g\u0151zt biztos\u00edt, \u00e9s teljes \u00e9lettartama alatt optim\u00e1lis \u00edzt \u00e9s g\u0151zfelh\u0151t garant\u00e1l. Az innovat\u00edv kett\u0151s \u00edzrendszer lehet\u0151v\u00e9 teszi a k\u00e9t k\u00fcl\u00f6nb\u00f6z\u0151 \u00edz k\u00f6z\u00f6tti z\u00f6kken\u0151mentes v\u00e1lt\u00e1st, \u00edgy egyedi \u00e9s friss\u00edt\u0151 \u00e9lm\u00e9nyt ny\u00fajt. A digit\u00e1lis LCD-kijelz\u0151 val\u00f3s idej\u0171 inform\u00e1ci\u00f3kat jelen\u00edt meg az akkumul\u00e1tor \u00e1llapot\u00e1r\u00f3l \u00e9s az e-liquid szintj\u00e9r\u0151l, \u00edgy mindig teljes k\u00f6r\u0171en t\u00e1j\u00e9kozott \u00e9s ellen\u0151rz\u00e9s alatt tarthatja a k\u00e9sz\u00fcl\u00e9ket.<\/p>\n<p>A robusztus, \u00fajrat\u00f6lthet\u0151 850 mAh-s akkumul\u00e1torral m\u0171k\u00f6d\u0151 k\u00e9sz\u00fcl\u00e9k t\u00e1mogatja a Type-C gyors t\u00f6lt\u00e9si technol\u00f3gi\u00e1t, amely minim\u00e1lisra cs\u00f6kkenti a g\u0151z\u00f6l\u00e9s k\u00f6z\u00f6tti sz\u00fcneteket. A jelent\u0151s akkumul\u00e1tor-kapacit\u00e1s \u00e9s a gyors t\u00f6lt\u00e9si funkci\u00f3 egy\u00fcttesen azt jelentik, hogy t\u00f6bb id\u0151t t\u00f6lthet a k\u00e9sz\u00fcl\u00e9k \u00e9lvez\u00e9s\u00e9vel, \u00e9s kevesebbet a t\u00f6lt\u00e9ssel val\u00f3 v\u00e1rakoz\u00e1ssal.<\/p>\n<p>A Bang King 50000 0%, 2%, 3% \u00e9s 5% nikotintartalommal kaphat\u00f3, \u00edgy a legk\u00fcl\u00f6nb\u00f6z\u0151bb \u00edzl\u00e9svil\u00e1gnak megfelel, \u00e9s t\u00f6k\u00e9letes egyens\u00falyt biztos\u00edt a l\u00e1gy \u00e9s intenz\u00edv \u00edz k\u00f6z\u00f6tt, az \u00d6n egy\u00e9ni ig\u00e9nyeinek megfelel\u0151en. V\u00e1lassza a Bang King 50000-et a p\u00e1ratlan teljes\u00edtm\u00e9ny, k\u00e9nyelem \u00e9s innov\u00e1ci\u00f3 \u00e9rdek\u00e9ben \u2013 mert a g\u0151z\u00f6l\u00e9si \u00e9lm\u00e9ny\u00e9t soha nem szabad korl\u00e1tozni, \u00e9s \u00d6n meg\u00e9rdemel egy olyan eszk\u00f6zt, amely l\u00e9p\u00e9st tart az \u00e9letst\u00edlus\u00e1val.<\/p>\n<h2>M\u0171szaki adatok:<\/h2>\n<ul>\n<li><strong>Vonatkapacit\u00e1s:<\/strong> Ak\u00e1r 50 000 vonat<\/li>\n<li><strong>E-liquid kapacit\u00e1s:<\/strong> 50 ml (el\u0151re t\u00f6ltve)<\/li>\n<li><strong>Nikotin er\u0151ss\u00e9ge:<\/strong> 0%, 2%, 3% vagy 5%<\/li>\n<li><strong>Tekercsrendszer:<\/strong> 1,0 \u03a9-os h\u00e1l\u00f3s tekercs a sima g\u0151ztermel\u00e9s \u00e9s az intenz\u00edv \u00edz\u00e1tad\u00e1s \u00e9rdek\u00e9ben<\/li>\n<li><strong>Akkumul\u00e1tor kapacit\u00e1s:<\/strong> 850 mAh \u00fajrat\u00f6lthet\u0151 akkumul\u00e1tor<\/li>\n<li><strong>T\u00f6lt\u00e9s:<\/strong> C t\u00edpus\u00fa gyors t\u00f6lt\u00e9s<\/li>\n<li><strong>L\u00e9g\u00e1raml\u00e1s-szab\u00e1lyoz\u00e1s:<\/strong> \u00c1ll\u00edthat\u00f3 l\u00e9g\u00e1ram az egy\u00e9ni inhal\u00e1l\u00e1shoz<\/li>\n<li><strong>Kijelz\u0151:<\/strong> Akkul\u00e1tor t\u00f6lt\u00f6tts\u00e9gi szint \u00e9s e-liquid t\u00f6lt\u00f6tts\u00e9gi szint kijelz\u0151<\/li>\n<li><strong>Csomagol\u00e1s:<\/strong> 10 darab\/doboz (ide\u00e1lis nagy mennyis\u00e9g\u0171 megrendel\u00e9sekhez)<\/li>\n<\/ul>\n<h2>Bang King 50000 slukk \u00cdzv\u00e1laszt\u00e9k:<\/h2>\n<ol>\n<li>G\u00f6r\u00f6gdinnye j\u00e9g\/\u00e1fonya menta<\/li>\n<li>G\u00f6r\u00f6gdinnye\/\u00e1fonya Cseresznye<\/li>\n<li>\u00c1fonya j\u00e9g\/\u0150szibarack Mang\u00f3 G\u00f6r\u00f6gdinnye<\/li>\n<li>\u00c1fonya j\u00e9gkr\u00e9m\/\u0150szibarack j\u00e9gkr\u00e9m<\/li>\n<li>\u00c1fonya, m\u00e1lna\/vegyes bogy\u00f3s gy\u00fcm\u00f6lcs\u00f6k<\/li>\n<li>\u00c1fonya m\u00e1lna\/sz\u0151l\u0151 j\u00e9gkr\u00e9m<\/li>\n<li>Red Bull\/Eper Ban\u00e1n<\/li>\n<li>Red Bull\/\u00e1fonya g\u00f6r\u00f6gdinnye<\/li>\n<li>Eper-mang\u00f3\/g\u00f6r\u00f6gdinnye r\u00e1g\u00f3gumi<\/li>\n<li>Eper-mang\u00f3\/eper-kiwi<\/li>\n<li>Eper-g\u00f6r\u00f6gdinnye\/Black Dragon Ice<\/li>\n<li>Eper, g\u00f6r\u00f6gdinnye\/kiwi, passi\u00f3gy\u00fcm\u00f6lcs, guava<\/li>\n<\/ol>\n<h2>Gyakran ism\u00e9telt k\u00e9rd\u00e9sek (GYIK)<\/h2>\n<p><strong>F1: H\u00e1ny slukkot lehet elsz\u00edvni a Bang King 50K-val?<\/strong><br \/>\nV: Ak\u00e1r 50 000 sz\u00edv\u00e1st is biztos\u00edt, \u00edgy az egyik legtart\u00f3sabb eldobhat\u00f3 e-cigaretta a piacon.<\/p>\n<p><strong>F2: \u00dajrat\u00f6lthet\u0151-e a k\u00e9sz\u00fcl\u00e9k?<\/strong><br \/>\nV: Igen. Be\u00e9p\u00edtett 850 mAh-s akkumul\u00e1torral rendelkezik, amely Type-C t\u00edpus\u00fa t\u00f6lt\u0151vel \u00fajrat\u00f6lthet\u0151.<\/p>\n<p><strong>F3: Hogyan m\u0171k\u00f6dik a kett\u0151s \u00edzrendszer?<\/strong><br \/>\nV: Minden eszk\u00f6z k\u00e9t k\u00fcl\u00f6n\u00e1ll\u00f3 e-liquid tart\u00e1lyt tartalmaz, \u00e9s az \u00edzeket egy egyszer\u0171 vez\u00e9rl\u0151vel lehet v\u00e1ltani.<\/p>\n<p><strong>F4: Alkalmas kezd\u0151knek?<\/strong><br \/>\nV: Term\u00e9szetesen. Nincs sz\u00fcks\u00e9g be\u00e1ll\u00edt\u00e1sra \u2013 csak kicsomagolja \u00e9s m\u00e1ris haszn\u00e1lhatja.<\/p>\n<p><strong>F5: Milyen nikotintartalmak \u00e1llnak rendelkez\u00e9sre?<\/strong><br \/>\nV: Szem\u00e9lyes preferenci\u00e1it\u00f3l f\u00fcgg\u0151en v\u00e1laszthat a 0%, 2%, 3% vagy 5% nikotin k\u00f6z\u00f6tt.<\/p>\n<h2>Fedezze fel az ApexVape tov\u00e1bbi k\u00edn\u00e1lat\u00e1t<\/h2>\n<p>A Bang King 50000 csak egy a sok kiv\u00e1l\u00f3 min\u0151s\u00e9g\u0171 term\u00e9k k\u00f6z\u00fcl, amelyek megtal\u00e1lhat\u00f3k k\u00edn\u00e1latunkban. L\u00e1togasson el weboldalunkra! <strong><a href=\"https:\/\/apexvape.de\/hu\/\">honlap<\/a><\/strong>, hogy felfedezze a pr\u00e9mium e-cigarett\u00e1k \u00e9s kieg\u00e9sz\u00edt\u0151k teljes v\u00e1laszt\u00e9k\u00e1t. A Bang sorozat tov\u00e1bbi innovat\u00edv k\u00e9sz\u00fcl\u00e9kei, amelyek kiv\u00e9teles teljes\u00edtm\u00e9nyt \u00e9s \u00edzv\u00e1laszt\u00e9kot k\u00edn\u00e1lnak, megtekinthet\u0151k a <strong><a href=\"https:\/\/apexvape.de\/hu\/product-category\/bang-vape\/\">BANG VAPE kateg\u00f3ria<\/a><\/strong> Az ApexVape-n\u00e9l mindig megtal\u00e1lja a leg\u00fajabb, kiv\u00e1l\u00f3 min\u0151s\u00e9g\u0171 \u00e9s gyors sz\u00e1ll\u00edt\u00e1s\u00fa g\u0151zterm\u00e9keket.<\/p>","protected":false},"excerpt":{"rendered":"<p class=\"font-claude-response-body whitespace-normal break-words\">A Bang King 50000 50 000 sz\u00edv\u00e1ssal \u00e9s 50 ml e-liquid kapacit\u00e1ssal gy\u0151zi meg a felhaszn\u00e1l\u00f3kat. A kett\u0151s \u00edzrendszer lehet\u0151v\u00e9 teszi a k\u00e9t \u00edz k\u00f6z\u00f6tti v\u00e1lt\u00e1st. Az LCD-kijelz\u0151n l\u00e1that\u00f3 az akkumul\u00e1tor \u00e9s a folyad\u00e9k szintje. 850 mAh-s akkumul\u00e1tor, Type-C gyors t\u00f6lt\u00e9s, 1,0 \u03a9-os h\u00e1l\u00f3s tekercs, \u00e1ll\u00edthat\u00f3 l\u00e9g\u00e1raml\u00e1s. 0%-5% nikotin, 12 \u00edz. Pr\u00e9mium nagykereskedelmi e-cigaretta.<\/p>","protected":false},"featured_media":6565,"comment_status":"open","ping_status":"closed","template":"","meta":[],"product_brand":[],"product_cat":[76],"product_tag":[],"class_list":{"0":"post-3533","1":"product","2":"type-product","3":"status-publish","4":"has-post-thumbnail","6":"product_cat-bang-vape","8":"first","9":"instock","10":"shipping-taxable","11":"purchasable","12":"product-type-variable"},"_links":{"self":[{"href":"https:\/\/apexvape.de\/hu\/wp-json\/wp\/v2\/product\/3533","targetHints":{"allow":["GET"]}}],"collection":[{"href":"https:\/\/apexvape.de\/hu\/wp-json\/wp\/v2\/product"}],"about":[{"href":"https:\/\/apexvape.de\/hu\/wp-json\/wp\/v2\/types\/product"}],"replies":[{"embeddable":true,"href":"https:\/\/apexvape.de\/hu\/wp-json\/wp\/v2\/comments?post=3533"}],"version-history":[{"count":0,"href":"https:\/\/apexvape.de\/hu\/wp-json\/wp\/v2\/product\/3533\/revisions"}],"wp:featuredmedia":[{"embeddable":true,"href":"https:\/\/apexvape.de\/hu\/wp-json\/wp\/v2\/media\/6565"}],"wp:attachment":[{"href":"https:\/\/apexvape.de\/hu\/wp-json\/wp\/v2\/media?parent=3533"}],"wp:term":[{"taxonomy":"product_brand","embeddable":true,"href":"https:\/\/apexvape.de\/hu\/wp-json\/wp\/v2\/product_brand?post=3533"},{"taxonomy":"product_cat","embeddable":true,"href":"https:\/\/apexvape.de\/hu\/wp-json\/wp\/v2\/product_cat?post=3533"},{"taxonomy":"product_tag","embeddable":true,"href":"https:\/\/apexvape.de\/hu\/wp-json\/wp\/v2\/product_tag?post=3533"}],"curies":[{"name":"wp","href":"https:\/\/api.w.org\/{rel}","templated":true}]}}