{"id":3335,"date":"2025-11-26T13:34:53","date_gmt":"2025-11-26T12:34:53","guid":{"rendered":"https:\/\/apexvape.de\/?post_type=product&#038;p=3335"},"modified":"2025-11-26T13:35:14","modified_gmt":"2025-11-26T12:35:14","slug":"bang-king-25000","status":"publish","type":"product","link":"https:\/\/apexvape.de\/hu\/product\/bang-king-25000\/","title":{"rendered":"Bang King 25000 sz\u00edv\u00e1sos eldobhat\u00f3 vape"},"content":{"rendered":"<h1>Bang King 25000 sz\u00edv\u00e1s | Dupla podok 0%-5% nikotin, 46 ml 650 mAh egyszer haszn\u00e1latos vape nagykereskedelmi \u00e1ron<\/h1>\n<p>A Bang King 25000 Z\u00fcge egy nagy kapacit\u00e1s\u00fa, egyszer haszn\u00e1latos vape eszk\u00f6z, amelyet \u00fagy terveztek, hogy p\u00e1ratlan g\u0151z\u00f6l\u00e9si \u00e9lm\u00e9nyt ny\u00fajtson ak\u00e1r 25 000 sz\u00edv\u00e1ssal. A g\u0151z\u00f6l\u00e9s szerelmeseinek \u00e9s keresked\u0151knek egyar\u00e1nt k\u00e9sz\u00fclt eszk\u00f6z \u00f6tv\u00f6zi a k\u00e9nyelmet, a teljes\u00edtm\u00e9nyt \u00e9s a tart\u00f3ss\u00e1got. A b\u0151s\u00e9ges 46 ml-es e-liquid kapacit\u00e1s (2 db 23 ml-es podra osztva) minim\u00e1lisra cs\u00f6kkenti az ut\u00e1nt\u00f6lt\u00e9s sz\u00fcks\u00e9gess\u00e9g\u00e9t, m\u00edg a nagy teljes\u00edtm\u00e9ny\u0171 650 mAh-s \u00fajrat\u00f6lthet\u0151 akkumul\u00e1tor tart\u00f3s haszn\u00e1latot biztos\u00edt. 0%, 2%, 3% \u00e9s 5% nikotintartalommal kaphat\u00f3, \u00edgy sokf\u00e9le ig\u00e9nyt kiel\u00e9g\u00edt.<\/p>\n<h2>Bang King 25000 sz\u00edv\u00e1s F\u0151bb jellemz\u0151k:<\/h2>\n<p>\u00c9lvezze a rendk\u00edv\u00fcli g\u0151z\u00e9lm\u00e9nyt, amelynek kapacit\u00e1sa ak\u00e1r 25 000 slukkra is kiterjed, \u00e9s amelyet k\u00e9t 23 ml-es el\u0151re felt\u00f6lt\u00f6tt e-liquid kapszula biztos\u00edt, \u00f6sszesen 46 ml-es t\u00e9rfogattal. Ez a megn\u00f6velt kapacit\u00e1s garant\u00e1lja a tart\u00f3s \u00e9lvezetet an\u00e9lk\u00fcl, hogy folyamatosan cser\u00e9lni kellene, \u00e9s t\u00f6k\u00e9letesen alkalmas mind alkalmi felhaszn\u00e1l\u00f3k, mind g\u0151z\u00f6l\u00e9s rajong\u00f3k sz\u00e1m\u00e1ra.<\/p>\n<p>Szem\u00e9lyre szabhatja \u00e9lm\u00e9ny\u00e9t a rugalmas nikotintartalom-opci\u00f3kkal, amelyek 0%, 2%, 3% \u00e9s 5% er\u0151ss\u00e9gben kaphat\u00f3k, hogy megfeleljenek egy\u00e9ni preferenci\u00e1inak \u00e9s ig\u00e9nyeinek. Ak\u00e1r cs\u00f6kkenteni szeretn\u00e9 a nikotinbevitelt, ak\u00e1r er\u0151sebb hat\u00e1st prefer\u00e1l \u2013 van egy opci\u00f3, amelyet kifejezetten \u00d6nnek fejlesztettek ki.<\/p>\n<p>A k\u00e9sz\u00fcl\u00e9k fejlett technol\u00f3gi\u00e1val rendelkezik, 1,0 ohmos h\u00e1l\u00f3s tekercsel\u00e9ssel, amely minden slukk ut\u00e1n jobb \u00edzprofilt \u00e9s leny\u0171g\u00f6z\u0151 g\u0151ztermel\u00e9st biztos\u00edt. A megb\u00edzhat\u00f3 650 mAh-s \u00fajrat\u00f6lthet\u0151 akkumul\u00e1torral eg\u00e9sz nap \u00e1lland\u00f3 teljes\u00edtm\u00e9nyre sz\u00e1m\u00edthat, m\u00edg a praktikus C-t\u00edpus\u00fa t\u00f6lt\u0151csatlakoz\u00f3 sz\u00fcks\u00e9g eset\u00e9n gyors \u00e9s hat\u00e9kony t\u00f6lt\u00e9st biztos\u00edt.<\/p>\n<p>V\u00e1lasszon 12 \u00edzletes \u00edz k\u00f6z\u00fcl, amelyeket gondosan \u00fagy alkottak meg, hogy minden \u00edzl\u00e9snek \u00e9s preferenci\u00e1nak megfeleljenek. A klasszikus kedvencekt\u0151l az egyedi kever\u00e9kekig \u2013 ez a soksz\u00edn\u0171 \u00edzv\u00e1laszt\u00e9k garant\u00e1lja, hogy megtal\u00e1lja a hangulat\u00e1hoz ill\u0151 t\u00f6k\u00e9letes \u00edzt, amely gazdagabb\u00e1 teszi a g\u0151z\u00f6l\u00e9si \u00e9lm\u00e9nyt.<\/p>\n<h2>Term\u00e9kle\u00edr\u00e1s:<\/h2>\n<ul>\n<li><strong>Vonatok:<\/strong> Ak\u00e1r 25 000 vonat<\/li>\n<li><strong>Foly\u00e9kony:<\/strong> 46 ml el\u0151re felt\u00f6lt\u00f6tt e-liquid (2 PODS, 23 ml + 23 ml)<\/li>\n<li><strong>Nikotin:<\/strong> 0%, 2%, 3%, 5%<\/li>\n<li><strong>T\u00edpus:<\/strong> eldobhat\u00f3<\/li>\n<li><strong>Akkumul\u00e1tor:<\/strong> 650 mAh akkumul\u00e1tor<\/li>\n<li><strong>\u00c1ll\u00edthat\u00f3 l\u00e9g\u00e1raml\u00e1s<\/strong><\/li>\n<li><strong>C t\u00edpus\u00fa t\u00f6lt\u00e9s<\/strong><\/li>\n<li><strong>12 \u00edzben kaphat\u00f3<\/strong><\/li>\n<\/ul>\n<h2>\u00cdzjegyz\u00e9k:<\/h2>\n<ol>\n<li>K\u00e9k Razz Ice<\/li>\n<li>L\u00e9d\u00fas \u0151szibarack j\u00e9gkr\u00e9m<\/li>\n<li>Eper-g\u00f6r\u00f6gdinnye<\/li>\n<li>G\u00f6r\u00f6gdinnye j\u00e9gkr\u00e9m<\/li>\n<li>Eper-ban\u00e1n<\/li>\n<li>Savany\u00fa alma j\u00e9g<\/li>\n<li>H\u00e1rmas bogy\u00f3s j\u00e9gkr\u00e9m<\/li>\n<li>Tr\u00f3pusi gy\u00fcm\u00f6lcs\u00f6k<\/li>\n<li>Cseresznyebomba<\/li>\n<li>Sz\u0151l\u0151j\u00e9g<\/li>\n<li>\u0150szibarack mang\u00f3<\/li>\n<li>Eper-mang\u00f3<\/li>\n<\/ol>\n<h2>Gyakran ism\u00e9telt k\u00e9rd\u00e9sek (GYIK)<\/h2>\n<p><strong>1. Mennyi ideig tart a Bang King 25000 sz\u00edv\u00e1s?<\/strong><\/p>\n<p>A Bang King 25000 Z\u00fcge ak\u00e1r 25 000 sz\u00edv\u00e1sra is k\u00e9pes, a haszn\u00e1latt\u00f3l f\u00fcgg\u0151en. Ez l\u00e9nyegesen t\u00f6bb, mint a legt\u00f6bb eldobhat\u00f3 e-cigaretta, \u00edgy ide\u00e1lis az intenz\u00edv haszn\u00e1latra.<\/p>\n<p><strong>2. Milyen \u00edzek \u00e9rhet\u0151k el a Bang King 25000 sz\u00edv\u00e1shoz?<\/strong><\/p>\n<p>A Bang King 25000 Z\u00fcge sz\u00e1mos \u00edzben kaphat\u00f3, t\u00f6bbek k\u00f6z\u00f6tt gy\u00fcm\u00f6lcs\u00f6s, mentolos \u00e9s desszert \u00edzekben. A n\u00e9pszer\u0171 v\u00e1laszt\u00e9kok k\u00f6z\u00f6tt megtal\u00e1lhat\u00f3 a Blueberry Mint, a Mango Ice \u00e9s a Strawberry Banana.<\/p>\n<p><strong>3. Hogyan \u00e1rtalmatlan\u00edtsam a haszn\u00e1lt Bang King 25000 Z\u00fcge-t?<\/strong><\/p>\n<p>Minden \u00fcgyfel\u00fcnket arra b\u00e1tor\u00edtjuk, hogy a haszn\u00e1lt eldobhat\u00f3 e-cigarett\u00e1kat felel\u0151ss\u00e9gteljesen \u00e1rtalmatlan\u00edts\u00e1k. T\u00e1j\u00e9koz\u00f3djon a helyi \u00fajrahasznos\u00edt\u00e1si programokr\u00f3l a megfelel\u0151 \u00e1rtalmatlan\u00edt\u00e1si m\u00f3dszerekr\u0151l, k\u00fcl\u00f6n\u00f6sen mivel az eldobhat\u00f3 e-cigarett\u00e1k sz\u00e1mos alkatr\u00e9sze \u00fajrahasznos\u00edthat\u00f3.<\/p>\n<h2 class=\"font-claude-response-heading text-text-100 mt-1 -mb-0.5\">Fedezze fel az Apex Vape k\u00edn\u00e1lat\u00e1t!<\/h2>\n<p class=\"font-claude-response-body whitespace-normal break-words\">Tov\u00e1bbi pr\u00e9mium vape term\u00e9keket keres? L\u00e1togasson el weboldalunkra! <strong><a class=\"underline\" href=\"https:\/\/apexvape.de\/hu\/\">honlap<\/a><\/strong>, hogy felfedezze teljes v\u00e1laszt\u00e9kunkat a kiv\u00e1l\u00f3 min\u0151s\u00e9g\u0171 eldobhat\u00f3 e-cigik \u00e9s g\u0151zterm\u00e9kek ter\u00e9n. A Bang King 25000 Z\u00fcge r\u00e9sze exkluz\u00edv <strong><a class=\"underline\" href=\"https:\/\/apexvape.de\/hu\/product-category\/bang-vape\/\">BANG VAPE kollekci\u00f3<\/a><\/strong>, amely sz\u00e9les v\u00e1laszt\u00e9kot k\u00edn\u00e1l innovat\u00edv eszk\u00f6z\u00f6kb\u0151l, kiv\u00e9teles teljes\u00edtm\u00e9nnyel \u00e9s \u00edzvil\u00e1gral. Az Apex Vape-n\u00e9l a min\u0151s\u00e9gre, a megb\u00edzhat\u00f3s\u00e1gra \u00e9s az \u00fcgyf\u00e9lel\u00e9gedetts\u00e9gre helyezz\u00fck a hangs\u00falyt \u2013 mi vagyunk az \u00d6n megb\u00edzhat\u00f3 partnere az els\u0151 oszt\u00e1ly\u00fa vape term\u00e9kek ter\u00e9n N\u00e9metorsz\u00e1gban.<\/p>","protected":false},"excerpt":{"rendered":"<p class=\"font-claude-response-body whitespace-normal break-words\">A Bang King 25000 rendk\u00edv\u00fcli 25 000 sz\u00edv\u00e1st k\u00edn\u00e1l innovat\u00edv dupla pod rendszerrel (2x23 ml). 650 mAh-s akkumul\u00e1torral, C-t\u00edpus\u00fa t\u00f6lt\u00e9ssel, 1,0 \u03a9-os h\u00e1l\u00f3s tekercsel\u00e9ssel \u00e9s \u00e1ll\u00edthat\u00f3 l\u00e9g\u00e1raml\u00e1ssal rendelkezik. 0%-5% nikotintartalommal \u00e9s 12 pr\u00e9mium \u00edzzel kaphat\u00f3. Ide\u00e1lis nagykeresked\u0151knek \u00e9s ig\u00e9nyes g\u0151z\u00f6l\u0151knek.<\/p>","protected":false},"featured_media":3336,"comment_status":"open","ping_status":"closed","template":"","meta":[],"product_brand":[],"product_cat":[76],"product_tag":[],"class_list":{"0":"post-3335","1":"product","2":"type-product","3":"status-publish","4":"has-post-thumbnail","6":"product_cat-bang-vape","8":"first","9":"instock","10":"shipping-taxable","11":"purchasable","12":"product-type-variable"},"_links":{"self":[{"href":"https:\/\/apexvape.de\/hu\/wp-json\/wp\/v2\/product\/3335","targetHints":{"allow":["GET"]}}],"collection":[{"href":"https:\/\/apexvape.de\/hu\/wp-json\/wp\/v2\/product"}],"about":[{"href":"https:\/\/apexvape.de\/hu\/wp-json\/wp\/v2\/types\/product"}],"replies":[{"embeddable":true,"href":"https:\/\/apexvape.de\/hu\/wp-json\/wp\/v2\/comments?post=3335"}],"version-history":[{"count":0,"href":"https:\/\/apexvape.de\/hu\/wp-json\/wp\/v2\/product\/3335\/revisions"}],"wp:featuredmedia":[{"embeddable":true,"href":"https:\/\/apexvape.de\/hu\/wp-json\/wp\/v2\/media\/3336"}],"wp:attachment":[{"href":"https:\/\/apexvape.de\/hu\/wp-json\/wp\/v2\/media?parent=3335"}],"wp:term":[{"taxonomy":"product_brand","embeddable":true,"href":"https:\/\/apexvape.de\/hu\/wp-json\/wp\/v2\/product_brand?post=3335"},{"taxonomy":"product_cat","embeddable":true,"href":"https:\/\/apexvape.de\/hu\/wp-json\/wp\/v2\/product_cat?post=3335"},{"taxonomy":"product_tag","embeddable":true,"href":"https:\/\/apexvape.de\/hu\/wp-json\/wp\/v2\/product_tag?post=3335"}],"curies":[{"name":"wp","href":"https:\/\/api.w.org\/{rel}","templated":true}]}}