{"id":3212,"date":"2025-11-25T14:10:05","date_gmt":"2025-11-25T13:10:05","guid":{"rendered":"https:\/\/apexvape.de\/?post_type=product&#038;p=3212"},"modified":"2025-11-25T14:10:26","modified_gmt":"2025-11-25T13:10:26","slug":"bang-blaze-100000","status":"publish","type":"product","link":"https:\/\/apexvape.de\/hu\/product\/bang-blaze-100000\/","title":{"rendered":"Bang Blaze 100000 sz\u00edv\u00e1sos eldobhat\u00f3 e-cigaretta"},"content":{"rendered":"<h1>Bang Blaze 100000 6 az 1-ben 100k sz\u00edv\u00e1s | \u00dajrat\u00f6lthet\u0151 eldobhat\u00f3 e-cigaretta h\u00e1rom tart\u00e1llyal \u00e9s LED-kijelz\u0151vel<\/h1>\n<p>A <strong>Bang Blaze 100000 sz\u00edv\u00e1s 6in1<\/strong> a Bang sorozat leger\u0151sebb eldobhat\u00f3 e-cigarett\u00e1ja, amelyet tapasztalt g\u0151z\u00f6l\u0151k \u00e9s \u00edzrajong\u00f3k sz\u00e1m\u00e1ra fejlesztettek ki. Leny\u0171g\u00f6z\u0151 100 000 sz\u00edv\u00e1ssal ez a k\u00e9sz\u00fcl\u00e9k rendk\u00edv\u00fcl hossz\u00fa \u00e9lettartamot biztos\u00edt, an\u00e9lk\u00fcl, hogy gyakran kellene cser\u00e9lni. 850 mAh-s \u00fajrat\u00f6lthet\u0151 akkumul\u00e1torral \u00e9s Type-C gyorst\u00f6lt\u00e9si funkci\u00f3val ell\u00e1tva ez az e-cigaretta tart\u00f3s \u00e9s megb\u00edzhat\u00f3 teljes\u00edtm\u00e9nyt garant\u00e1l. A 60 ml-es e-liquid kapacit\u00e1s h\u00e1rom k\u00fcl\u00f6n\u00e1ll\u00f3 20 ml-es tart\u00e1lyra oszlik, amelyek 1,0 \u03a9-os h\u00e1l\u00f3s tekercsel\u00e9ssel vannak ell\u00e1tva, \u00e9s \u00edzletes, l\u00e1gy g\u0151zt termelnek. A LED-kijelz\u0151n l\u00e1that\u00f3 az akkumul\u00e1tor t\u00f6lt\u00f6tts\u00e9gi szintje \u00e9s a haszn\u00e1lati adatok, m\u00edg a tiszta \u00edz m\u00f3d \u00e9s az \u00edzkombin\u00e1ci\u00f3s m\u00f3d egyedi vagy kevert \u00edz\u00e9lm\u00e9nyt tesz lehet\u0151v\u00e9. V\u00e1lassza ki a k\u00edv\u00e1nt nikotintartalmat 0%, 2%, 3% vagy 5% k\u00f6z\u00fcl, \u00e9s \u00e9lvezze a teljesen testreszabhat\u00f3 g\u0151z\u00f6l\u00e9si \u00e9lm\u00e9nyt.<\/p>\n<h2>Bang Blaze 100000 sz\u00edv\u00e1s F\u0151bb jellemz\u0151k:<\/h2>\n<p>A Bang Blaze 100000 sz\u00edv\u00e1sos e-cigaretta rendk\u00edv\u00fcli tart\u00f3ss\u00e1g\u00e1val, ak\u00e1r 100 000 sz\u00edv\u00e1ssal meggy\u0151z\u0151, \u00edgy nincs sz\u00fcks\u00e9g gyakori ut\u00e1nv\u00e1s\u00e1rl\u00e1sra. Az 1,0 \u03a9-os h\u00e1l\u00f3s tekercs \u00edzletes, l\u00e1gy g\u0151zt biztos\u00edt, m\u00edg a b\u0151s\u00e9ges 60 ml-es e-liquid kapacit\u00e1s h\u00e1rom f\u00fcggetlen 20 ml-es tart\u00e1lyra oszlik, \u00e9s p\u00e9ld\u00e1tlan sokoldal\u00fas\u00e1got k\u00edn\u00e1l. A Type-C gyors t\u00f6lt\u00e9si funkci\u00f3 megb\u00edzhat\u00f3 energiaell\u00e1t\u00e1st garant\u00e1l, \u00edgy b\u00e1rmikor \u00e9s b\u00e1rhol g\u0151z\u00f6lhet.<\/p>\n<p>\u00c9lvezze a maxim\u00e1lis \u00edzv\u00e1laszt\u00e9kot az innovat\u00edv h\u00e1rmas tart\u00e1lyrendszerrel, amely ak\u00e1r 6 k\u00fcl\u00f6nb\u00f6z\u0151 \u00edzt is t\u00e1rolhat k\u00fcl\u00f6n kamr\u00e1kban. K\u00f6nnyed\u00e9n v\u00e1lthat a tiszta m\u00f3d \u00e9s az egyes \u00edzek, illetve a kombin\u00e1lt m\u00f3d k\u00f6z\u00f6tt, hogy izgalmas \u00edzkombin\u00e1ci\u00f3kat hozzon l\u00e9tre. Az intelligens kapcsol\u00f3 kialak\u00edt\u00e1snak k\u00f6sz\u00f6nhet\u0151en az opci\u00f3k k\u00f6z\u00f6tti v\u00e1lt\u00e1s z\u00f6kken\u0151mentes \u00e9s intuit\u00edv.<\/p>\n<p>Szem\u00e9lyre szabhatja a g\u0151z\u00f6l\u00e9s \u00e9lm\u00e9ny\u00e9t az 0%, 2%, 3% vagy 5% nikotintartalommal, \u00edzl\u00e9s\u00e9nek megfelel\u0151en. A be\u00e9p\u00edtett LED-kijelz\u0151 val\u00f3s idej\u0171 inform\u00e1ci\u00f3kat ny\u00fajt az akkumul\u00e1tor \u00e1llapot\u00e1r\u00f3l, az aktu\u00e1lis \u00edz m\u00f3dr\u00f3l \u00e9s a sz\u00edv\u00e1sok sz\u00e1m\u00e1r\u00f3l, \u00edgy mindig naprak\u00e9sz lehet.<\/p>\n<p>A Bang Blaze 100000 Z\u00fcge a legmodernebb technol\u00f3gi\u00e1t, hatalmas kapacit\u00e1st \u00e9s \u00edzinnov\u00e1ci\u00f3t \u00f6tv\u00f6zi egy pr\u00e9mium k\u00e9sz\u00fcl\u00e9kben, amely ig\u00e9nyes g\u0151z\u00f6l\u0151knek k\u00e9sz\u00fclt.<\/p>\n<h2>Term\u00e9kle\u00edr\u00e1s:<\/h2>\n<ul>\n<li><strong>Nikotin er\u0151ss\u00e9ge:<\/strong> 0% \/ 2% \/ 3% \/ 5%<\/li>\n<li><strong>Vonatsz\u00e1m:<\/strong> Ak\u00e1r 100 000 vonat<\/li>\n<li><strong>\u00cdzmodok:<\/strong> A, B, C, A+B, A+C, B+C<\/li>\n<li><strong>Folyad\u00e9ktart\u00e1lyok:<\/strong> 3 tart\u00e1ly<\/li>\n<li><strong>Akkumul\u00e1tor:<\/strong> 850 mAh \u00fajrat\u00f6lthet\u0151<\/li>\n<li><strong>Tekercs:<\/strong> H\u00e1rmas h\u00e1l\u00f3s tekercs<\/li>\n<li><strong>LED-kijelz\u0151:<\/strong> Igen<\/li>\n<li><strong>T\u00f6lt\u0151csatlakoz\u00f3:<\/strong> C t\u00edpus<\/li>\n<li><strong>Csomagol\u00e1s:<\/strong> 10 darab\/csomag<\/li>\n<li><strong>\u00cdzek:<\/strong> 10 opci\u00f3<\/li>\n<\/ul>\n<h2>Bang Blaze 100000 sz\u00edv\u00e1s \u00cdzv\u00e1laszt\u00e9k:<\/h2>\n<ol>\n<li>G\u00f6r\u00f6gdinnye j\u00e9gkr\u00e9m \/ Eper Mamba \/ Eper G\u00f6r\u00f6gdinnye<\/li>\n<li>Fuji j\u00e9gkr\u00e9m \/ alma sz\u0151l\u0151 \/ cseresznye gr\u00e1n\u00e1talma<\/li>\n<li>\u00c1fonya j\u00e9gkr\u00e9m \/ m\u00e1lna-citrom \/ g\u00f6r\u00f6gdinnye r\u00e1g\u00f3gumi<\/li>\n<li>\u00c1fonya, m\u00e1lna \/ Savany\u00fa anan\u00e1sz, narancs \/ M\u00e1lna, g\u00f6r\u00f6gdinnye<\/li>\n<li>Sz\u0151l\u0151 j\u00e9gkr\u00e9m \/ Mang\u00f3 \u0151szibarack \/ \u00c1fonya g\u00f6r\u00f6gdinnye<\/li>\n<li>Eper j\u00e9gkr\u00e9m \/ \u0151szibarack citrom \/ kiwi passi\u00f3gy\u00fcm\u00f6lcs guava<\/li>\n<li>Anan\u00e1szos k\u00f3kusz \/ \u00e1fony\u00e1s Red Bull \/ g\u00f6r\u00f6gdinnye j\u00e9gkr\u00e9m<\/li>\n<li>Eper-kiwi \/ \u00c1fonya-k\u00f3kusz \/ Vegyes bogy\u00f3s gy\u00fcm\u00f6lcs\u00f6k<\/li>\n<li>Citrom Romance \/ \u00c1fonya-m\u00e1lna \/ \u0150szibarack-mentol<\/li>\n<li>\u0150szibarack j\u00e9gkr\u00e9m \/ Fekete ribizli Anan\u00e1sz j\u00e9gkr\u00e9m \/ Z\u00f6ld alma Kivi<\/li>\n<\/ol>\n<h2>Gyakran ism\u00e9telt k\u00e9rd\u00e9sek (GYIK)<\/h2>\n<p><strong>1. Mennyi ideig tart a Bang Blaze 100000 sz\u00edv\u00e1s?<\/strong> A Bang Blaze 100000 sz\u00edv\u00e1sos e-cigaretta ak\u00e1r 100 000 sz\u00edv\u00e1sra is k\u00e9pes, \u00edgy az eldobhat\u00f3 e-cigarett\u00e1k k\u00f6z\u00fcl az egyik leghosszabb \u00e9lettartammal rendelkezik.<\/p>\n<p><strong>2. Milyen \u00edzeket tartalmaz a 6 az 1-ben \u00edzv\u00e1laszt\u00e9k?<\/strong> Minden k\u00e9sz\u00fcl\u00e9k 6 \u00edzkombin\u00e1ci\u00f3t tartalmaz, p\u00e9ld\u00e1ul g\u00f6r\u00f6gdinnye j\u00e9gkr\u00e9m, Fuji j\u00e9gkr\u00e9m, \u00e1fonya j\u00e9gkr\u00e9m \u00e9s m\u00e9g sok m\u00e1s. A konkr\u00e9t kever\u00e9k k\u00e9sz\u00fcl\u00e9kenk\u00e9nt v\u00e1ltozhat, de mindig 6 egyedi \u00edzprofilt tartalmaz.<\/p>\n<p><strong>3. A Bang Blaze 100k sz\u00edv\u00e1sos e-cigaretta \u00fajrat\u00f6lthet\u0151?<\/strong> Igen, be\u00e9p\u00edtett 850 mAh-s akkumul\u00e1torral \u00e9s Type-C t\u00f6lt\u0151csatlakoz\u00f3val rendelkezik a gyors \u00e9s egyszer\u0171 t\u00f6lt\u00e9s \u00e9rdek\u00e9ben.<\/p>\n<p><strong>4. Kiv\u00e1laszthatom a nikotin er\u0151ss\u00e9g\u00e9t?<\/strong> Igen, a nikotintartalom be\u00e1ll\u00edthat\u00f3: 0%, 2%, 3% \u00e9s 5% opci\u00f3k \u00e1llnak rendelkez\u00e9sre, hogy megfeleljenek az \u00d6n ig\u00e9nyeinek.<\/p>\n<h2 class=\"font-claude-response-heading text-text-100 mt-1 -mb-0.5\">Fedezze fel tov\u00e1bbi pr\u00e9mium min\u0151s\u00e9g\u0171 vaping term\u00e9keket<\/h2>\n<p class=\"font-claude-response-body whitespace-normal break-words\">Fedezze fel a kiv\u00e1l\u00f3 min\u0151s\u00e9g\u0171 e-cigarett\u00e1k teljes v\u00e1laszt\u00e9k\u00e1t a mi <strong><a class=\"underline\" href=\"https:\/\/apexvape.de\/hu\/\">online \u00e1ruh\u00e1z<\/a><\/strong>. A Bang Blaze 100000 Z\u00fcge csak egy a sok kiv\u00e1l\u00f3 term\u00e9k k\u00f6z\u00fcl, amelyek sz\u00e9les v\u00e1laszt\u00e9k\u00e1ban megtal\u00e1lhat\u00f3k. Ha tov\u00e1bbi innovat\u00edv eszk\u00f6z\u00f6ket szeretne felfedezni a Bang sorozatb\u00f3l, l\u00e1togasson el weboldalunkra <strong><a class=\"underline\" href=\"https:\/\/apexvape.de\/hu\/product-category\/bang-vape\/\">BANG VAPE kateg\u00f3ria<\/a><\/strong>, ahol nagy v\u00e1laszt\u00e9kban tal\u00e1lhat\u00f3k a legmodernebb technol\u00f3gi\u00e1val \u00e9s kiv\u00e9teles \u00edz\u00e9lm\u00e9nyt ny\u00fajt\u00f3, nagy teljes\u00edtm\u00e9ny\u0171 eldobhat\u00f3 e-cigarett\u00e1k. Az Apex Vape-n\u00e9l els\u0151 oszt\u00e1ly\u00fa min\u0151s\u00e9get, gyors sz\u00e1ll\u00edt\u00e1st \u00e9s kompetens \u00fcgyf\u00e9lszolg\u00e1latot k\u00edn\u00e1lunk a t\u00f6k\u00e9letes g\u0151z\u00f6l\u00e9si \u00e9lm\u00e9ny \u00e9rdek\u00e9ben.<\/p>","protected":false},"excerpt":{"rendered":"<p class=\"font-claude-response-body whitespace-normal break-words\">A Bang Blaze 100000 forradalmas\u00edtja a g\u0151z\u00f6l\u00e9st 100 000 sz\u00edv\u00e1ssal \u00e9s innovat\u00edv 6 az 1-ben rendszerrel. H\u00e1rom 20 ml-es tart\u00e1ly 6 \u00edzkombin\u00e1ci\u00f3t tesz lehet\u0151v\u00e9 (A, B, C, A+B, A+C, B+C). LED-kijelz\u0151, 850 mAh Type-C akkumul\u00e1tor, h\u00e1rmas h\u00e1l\u00f3s tekercs. 10 \u00edz 4 nikotinszinttel. Maxim\u00e1lis teljes\u00edtm\u00e9ny a legmagasabb ig\u00e9nyeket is kiel\u00e9g\u00edtve.<\/p>","protected":false},"featured_media":3214,"comment_status":"open","ping_status":"closed","template":"","meta":[],"product_brand":[],"product_cat":[76],"product_tag":[],"class_list":{"0":"post-3212","1":"product","2":"type-product","3":"status-publish","4":"has-post-thumbnail","6":"product_cat-bang-vape","8":"first","9":"instock","10":"shipping-taxable","11":"purchasable","12":"product-type-variable"},"_links":{"self":[{"href":"https:\/\/apexvape.de\/hu\/wp-json\/wp\/v2\/product\/3212","targetHints":{"allow":["GET"]}}],"collection":[{"href":"https:\/\/apexvape.de\/hu\/wp-json\/wp\/v2\/product"}],"about":[{"href":"https:\/\/apexvape.de\/hu\/wp-json\/wp\/v2\/types\/product"}],"replies":[{"embeddable":true,"href":"https:\/\/apexvape.de\/hu\/wp-json\/wp\/v2\/comments?post=3212"}],"version-history":[{"count":0,"href":"https:\/\/apexvape.de\/hu\/wp-json\/wp\/v2\/product\/3212\/revisions"}],"wp:featuredmedia":[{"embeddable":true,"href":"https:\/\/apexvape.de\/hu\/wp-json\/wp\/v2\/media\/3214"}],"wp:attachment":[{"href":"https:\/\/apexvape.de\/hu\/wp-json\/wp\/v2\/media?parent=3212"}],"wp:term":[{"taxonomy":"product_brand","embeddable":true,"href":"https:\/\/apexvape.de\/hu\/wp-json\/wp\/v2\/product_brand?post=3212"},{"taxonomy":"product_cat","embeddable":true,"href":"https:\/\/apexvape.de\/hu\/wp-json\/wp\/v2\/product_cat?post=3212"},{"taxonomy":"product_tag","embeddable":true,"href":"https:\/\/apexvape.de\/hu\/wp-json\/wp\/v2\/product_tag?post=3212"}],"curies":[{"name":"wp","href":"https:\/\/api.w.org\/{rel}","templated":true}]}}