{"id":3146,"date":"2025-11-25T13:56:25","date_gmt":"2025-11-25T12:56:25","guid":{"rendered":"https:\/\/apexvape.de\/?post_type=product&#038;p=3146"},"modified":"2025-11-25T13:57:13","modified_gmt":"2025-11-25T12:57:13","slug":"bang-blaze-60000","status":"publish","type":"product","link":"https:\/\/apexvape.de\/hu\/product\/bang-blaze-60000\/","title":{"rendered":"Bang Blaze 60000 sz\u00edv\u00e1sos eldobhat\u00f3 vape"},"content":{"rendered":"<h1>Bang Blaze 60000 sz\u00edv\u00e1s 4 az 1-ben vape | 60 ml e-liquid, 650 mAh akkumul\u00e1tor, Type-C t\u00f6lthet\u0151, 12 \u00edzv\u00e1laszt\u00e9k<\/h1>\n<p>A Bang Blaze 60000 60k Puffs eldobhat\u00f3 vape pen 4 az 1-ben \u00edzmodokkal \u00e9s 60 ml-es el\u0151re felt\u00f6lt\u00f6tt tart\u00e1llyal biztos\u00edtja a p\u00e1rolg\u00e1s v\u00e9gs\u0151 sokoldal\u00fas\u00e1g\u00e1t. \u00c1ll\u00edthat\u00f3 nikotinszinttel (0%, 2%, 3% \u00e9s 5%) \u00e9s egy nagy teljes\u00edtm\u00e9ny\u0171 1,0\u03a9-os h\u00e1l\u00f3s tekercsel\u00e9ssel sima, intenz\u00edv g\u0151zt biztos\u00edt. A 650 mAh-s \u00fajrat\u00f6lthet\u0151 akkumul\u00e1tor \u00e9s a Type-C t\u00f6lt\u0151csatlakoz\u00f3 maxim\u00e1lis k\u00e9nyelmet biztos\u00edt, m\u00edg az intelligens digit\u00e1lis kijelz\u0151 val\u00f3s id\u0151ben jelzi az akkumul\u00e1tor \u00e9s az e-liquid t\u00f6lt\u00f6tts\u00e9gi szintj\u00e9t. V\u00e1lasszon 12 pr\u00e9mium \u00edz k\u00f6z\u00fcl egy egyedi g\u0151z\u00f6l\u00e9si \u00e9lm\u00e9ny\u00e9rt, amely mind a kezd\u0151, mind a halad\u00f3 felhaszn\u00e1l\u00f3kat el fogja var\u00e1zsolni.<\/p>\n<h2>Bang Blaze 60000 Puffs F\u0151bb jellemz\u0151k:<\/h2>\n<p>A leny\u0171g\u00f6z\u0151 60 ml-es pr\u00e9mium e-liquid kapacit\u00e1ssal ez az eszk\u00f6z rendk\u00edv\u00fcli kapacit\u00e1st k\u00edn\u00e1l hossz\u00fa t\u00e1v\u00fa haszn\u00e1latra \u00fajrat\u00f6lt\u00e9s n\u00e9lk\u00fcl \u2013 ide\u00e1lis azoknak a gyakori haszn\u00e1l\u00f3knak, akik k\u00e9nyelmet \u00e9s teljes\u00edtm\u00e9nyt ig\u00e9nyelnek. A 650 mAh-s \u00fajrat\u00f6lthet\u0151 akkumul\u00e1tor Type-C t\u00f6lt\u0151csatlakoz\u00f3val garant\u00e1lja a eg\u00e9sz napos haszn\u00e1lathoz sz\u00fcks\u00e9ges energi\u00e1t, m\u00edg a gyors t\u00f6lt\u00e9si funkci\u00f3val k\u00e9sz\u00fcl\u00e9ke mindig k\u00e9szen \u00e1ll a haszn\u00e1latra.<\/p>\n<p>Az 1,0 ohmos h\u00e1l\u00f3s tekercs minden slukk ut\u00e1n \u00e1lland\u00f3, l\u00e1gy g\u0151zt biztos\u00edt, teljes \u00edzzel, \u00e9s kiel\u00e9g\u00edt\u0151 \u00e9lm\u00e9nyt ny\u00fajt mind a tapasztalt, mind az \u00faj felhaszn\u00e1l\u00f3k sz\u00e1m\u00e1ra. Szem\u00e9lyre szabhatja g\u0151z\u00f6l\u00e9si \u00e9lm\u00e9ny\u00e9t 4 nikotintartalom-opci\u00f3val \u2013 0%, 2%, 3% \u00e9s 5% \u2013, f\u00fcggetlen\u00fcl att\u00f3l, hogy nikotinmenteset prefer\u00e1l, vagy er\u0151sebb \u00e9lm\u00e9nyre v\u00e1gyik.<\/p>\n<p>V\u00e1lasszon 12 finom \u00edz k\u00f6z\u00fcl, amelyek minden \u00edzl\u00e9snek megfelelnek \u2013 a friss\u00edt\u0151 gy\u00fcm\u00f6lcskever\u00e9kekt\u0151l a h\u0171s mentolig. Minden hangulatnak \u00e9s \u00edzl\u00e9snek megfelel\u0151 lehet\u0151s\u00e9gek k\u00f6z\u00fcl mindenki megtal\u00e1lja a sz\u00e1m\u00e1ra legmegfelel\u0151bbet.<\/p>\n<p>A Bang Blaze 60000 Puffs 4-in-1 Vape egyes\u00edti a kapacit\u00e1st, a teljes\u00edtm\u00e9nyt, az \u00edzt \u00e9s az egy\u00e9nis\u00e9get egy pr\u00e9mium eszk\u00f6zben, hogy a v\u00e9gs\u0151 g\u0151z\u00f6l\u00e9si \u00e9lm\u00e9nyt ny\u00fajtsa.<\/p>\n<h2>M\u0171szaki adatok:<\/h2>\n<ul>\n<li><strong>Nikotin er\u0151ss\u00e9ge:<\/strong> 0%, 2%, 3%, 5%<\/li>\n<li><strong>Vonatkapacit\u00e1s:<\/strong> Ak\u00e1r 60 000 vonat<\/li>\n<li><strong>Tekercs t\u00edpus:<\/strong> 1,0 \u03a9-os h\u00e1l\u00f3s tekercs a jobb g\u0151z- \u00e9s \u00edzfejl\u0151d\u00e9s\u00e9rt<\/li>\n<li><strong>E-liquid kapacit\u00e1s:<\/strong> 60 ml el\u0151re felt\u00f6ltve, \u00edgy kevesebb ut\u00e1nt\u00f6lt\u00e9s sz\u00fcks\u00e9ges<\/li>\n<li><strong>Akkumul\u00e1tor:<\/strong> 650 mAh \u00fajrat\u00f6lthet\u0151 akkumul\u00e1tor Type-C gyors t\u00f6lt\u00e9ssel<\/li>\n<li><strong>Kijelz\u0151:<\/strong> Intelligens digit\u00e1lis kijelz\u0151 az akkumul\u00e1tor t\u00f6lt\u00f6tts\u00e9gi szintj\u00e9nek \u00e9s az e-liquid szintj\u00e9nek megjelen\u00edt\u00e9s\u00e9vel<\/li>\n<li><strong>T\u00f6lt\u00e9s:<\/strong> Type-C gyors t\u00f6lt\u0151csatlakoz\u00f3 a gyors \u00e9s k\u00e9nyelmes t\u00f6lt\u00e9shez<\/li>\n<li><strong>\u00cdzv\u00e1laszt\u00e9k:<\/strong> 12 izgalmas \u00edzkombin\u00e1ci\u00f3<\/li>\n<\/ul>\n<h2>Bang Blaze 60000 Puffs \u00edzv\u00e1laszt\u00e9k:<\/h2>\n<ol>\n<li>G\u00f6r\u00f6gdinnye j\u00e9g\/\u00c1fonya menta\/Fuii j\u00e9g\/Lime Romance<\/li>\n<li>G\u00f6r\u00f6gdinnye j\u00e9g\/\u00c1fonya cseresznye\/Ny\u00e1ri id\u0151\/Savany\u00fa mang\u00f3 anan\u00e1sz<\/li>\n<li>\u00c1fonya j\u00e9g\/\u0150szibarack j\u00e9g\/Sziv\u00e1rv\u00e1ny cukorka\/Citrom savany\u00fa narancs<\/li>\n<li>\u00c1fonya j\u00e9g\/\u0150szibarack mang\u00f3 g\u00f6r\u00f6gdinnye\/Passi\u00f3gy\u00fcm\u00f6lcs cs\u00f3k\/Dinnye alma<\/li>\n<li>\u00c1fonya-m\u00e1lna\/vegyes bogy\u00f3s gy\u00fcm\u00f6lcs\u00f6k\/kaliforniai cseresznye\/passi\u00f3gy\u00fcm\u00f6lcs-mang\u00f3<\/li>\n<li>\u00c1fonya-m\u00e1lna\/sz\u0151l\u0151-j\u00e9g\/bogy\u00f3s gy\u00fcm\u00f6lcs-j\u00e9g\/aloe-mang\u00f3-dinnye<\/li>\n<li>Energiaital\/Eper-ban\u00e1n\/Mang\u00f3-barack-s\u00e1rgabarack\/Passi\u00f3gy\u00fcm\u00f6lcs-kiwi-lime<\/li>\n<li>Energiaital\/\u00c1fonya-g\u00f6r\u00f6gdinnye\/Savany\u00fa alma-m\u00e1lna\/Gumicukorka<\/li>\n<li>Eper-mang\u00f3\/g\u00f6r\u00f6gdinnye Bubble Gum\/Red Mojito\/Love66<\/li>\n<li>Eper-mang\u00f3\/Eper-kiwi\/Alma-sz\u0151l\u0151\/G\u00f6r\u00f6gdinnye-s\u00e1rk\u00e1nygy\u00fcm\u00f6lcs<\/li>\n<li>Eper-g\u00f6r\u00f6gdinnye\/Fekete j\u00e9g\/Tizenh\u00e1rom dinnye\/\u00c1fonya-sz\u0151l\u0151<\/li>\n<li>Eper-g\u00f6r\u00f6gdinnye\/kiwi-passi\u00f3gy\u00fcm\u00f6lcs Guava\/mang\u00f3 j\u00e9g\/g\u00f6r\u00f6gdinnye savany\u00fa \u0151szibarack<\/li>\n<\/ol>\n<h2>Gyakran ism\u00e9telt k\u00e9rd\u00e9sek (GYIK)<\/h2>\n<p><strong>K: H\u00e1ny slukkot k\u00edn\u00e1l a Bang Blaze 60K 4-in-1?<\/strong><br \/>\nA: \u00d6sszesen ak\u00e1r 60 000 slukk \u2013 ez k\u00f6r\u00fclbel\u00fcl 15 000 slukknak felel meg \u00edztart\u00e1lyonk\u00e9nt.<\/p>\n<p><strong>K: V\u00e1lthatok az \u00edzek k\u00f6z\u00f6tt?<\/strong><br \/>\nA: Igen! A k\u00e9sz\u00fcl\u00e9k n\u00e9gy k\u00fcl\u00f6n\u00e1ll\u00f3 e-liquid tart\u00e1llyal rendelkezik, amelyek k\u00f6z\u00f6tt az \u00edzv\u00e1laszt\u00f3 kapcsol\u00f3val k\u00f6nnyed\u00e9n v\u00e1lthat.<\/p>\n<p><strong>K: A Bang Blaze 60K \u00fajrat\u00f6lthet\u0151?<\/strong><br \/>\nV: Igen. 650 mAh-s \u00fajrat\u00f6lthet\u0151 akkumul\u00e1torral rendelkezik, \u00e9s t\u00e1mogatja a Type-C gyors t\u00f6lt\u00e9st.<\/p>\n<p><strong>K: \u00dajrat\u00f6lthet\u0151 vagy \u00fajrafelhaszn\u00e1lhat\u00f3?<\/strong><br \/>\nV: Nem. A Bang Blaze 60K egy eldobhat\u00f3 eszk\u00f6z \u2013 miut\u00e1n mind a n\u00e9gy tart\u00e1ly ki\u00fcr\u00fclt, az eszk\u00f6zt szakszer\u0171en kell \u00e1rtalmatlan\u00edtani.<\/p>\n<p><strong>K: Mennyi id\u0151 alatt t\u00f6lt\u0151dik fel teljesen?<\/strong><br \/>\nV: A Type-C gyors t\u00f6lt\u00e9ssel a teljes felt\u00f6lt\u00e9s k\u00f6r\u00fclbel\u00fcl 45\u201360 percet vesz ig\u00e9nybe.<\/p>\n<h2 class=\"font-claude-response-heading text-text-100 mt-1 -mb-0.5\">Fedezze fel tov\u00e1bbi pr\u00e9mium min\u0151s\u00e9g\u0171 vaping term\u00e9keket<\/h2>\n<p class=\"font-claude-response-body whitespace-normal break-words\">A Bang Blaze 60000 csak egy a sok kiv\u00e1l\u00f3 min\u0151s\u00e9g\u0171 g\u0151zk\u00e9sz\u00fcl\u00e9k k\u00f6z\u00fcl, amelyeket a <strong><a class=\"underline\" href=\"https:\/\/apexvape.de\/hu\/\">Apex Vape<\/a><\/strong> tal\u00e1lhat. Ha tov\u00e1bbi innovat\u00edv vaping megold\u00e1sokat keres, fedezze fel teljes k\u00edn\u00e1latunkat <strong><a class=\"underline\" href=\"https:\/\/apexvape.de\/hu\/product-category\/bang-vape\/\">BANG VAPE kollekci\u00f3<\/a><\/strong>, ahol nagy v\u00e1laszt\u00e9kban tal\u00e1lhat nagy teljes\u00edtm\u00e9ny\u0171 eldobhat\u00f3 e-cigarett\u00e1kat \u00e9s els\u0151 oszt\u00e1ly\u00fa \u00edzv\u00e1laszt\u00e9kot. A leg\u00fajabb term\u00e9keket, gyors sz\u00e1ll\u00edt\u00e1st \u00e9s els\u0151 oszt\u00e1ly\u00fa \u00fcgyf\u00e9lszolg\u00e1latot k\u00edn\u00e1lunk \u00d6nnek a t\u00f6k\u00e9letes e-cigaretta \u00e9lm\u00e9ny \u00e9rdek\u00e9ben.<\/p>","protected":false},"excerpt":{"rendered":"<p class=\"font-claude-response-body whitespace-normal break-words\">A Bang Blaze 60000 \u00faj m\u00e9rc\u00e9t \u00e1ll\u00edt fel 60 ml e-liquiddel \u00e9s 4 az 1-ben \u00edzmodokkal. Az intelligens digit\u00e1lis kijelz\u0151 val\u00f3s id\u0151ben mutatja az akkumul\u00e1tor \u00e9s a folyad\u00e9k szintj\u00e9t. 1,0 \u03a9-os h\u00e1l\u00f3s tekercs, 650 mAh-s Type-C akkumul\u00e1tor \u00e9s 12 pr\u00e9mium \u00edz 4 nikotinszinttel. A maxim\u00e1lis kapacit\u00e1s tal\u00e1lkozik az intelligens technol\u00f3gi\u00e1val.<\/p>","protected":false},"featured_media":3147,"comment_status":"open","ping_status":"closed","template":"","meta":[],"product_brand":[],"product_cat":[76],"product_tag":[],"class_list":{"0":"post-3146","1":"product","2":"type-product","3":"status-publish","4":"has-post-thumbnail","6":"product_cat-bang-vape","8":"first","9":"instock","10":"shipping-taxable","11":"purchasable","12":"product-type-variable"},"_links":{"self":[{"href":"https:\/\/apexvape.de\/hu\/wp-json\/wp\/v2\/product\/3146","targetHints":{"allow":["GET"]}}],"collection":[{"href":"https:\/\/apexvape.de\/hu\/wp-json\/wp\/v2\/product"}],"about":[{"href":"https:\/\/apexvape.de\/hu\/wp-json\/wp\/v2\/types\/product"}],"replies":[{"embeddable":true,"href":"https:\/\/apexvape.de\/hu\/wp-json\/wp\/v2\/comments?post=3146"}],"version-history":[{"count":0,"href":"https:\/\/apexvape.de\/hu\/wp-json\/wp\/v2\/product\/3146\/revisions"}],"wp:featuredmedia":[{"embeddable":true,"href":"https:\/\/apexvape.de\/hu\/wp-json\/wp\/v2\/media\/3147"}],"wp:attachment":[{"href":"https:\/\/apexvape.de\/hu\/wp-json\/wp\/v2\/media?parent=3146"}],"wp:term":[{"taxonomy":"product_brand","embeddable":true,"href":"https:\/\/apexvape.de\/hu\/wp-json\/wp\/v2\/product_brand?post=3146"},{"taxonomy":"product_cat","embeddable":true,"href":"https:\/\/apexvape.de\/hu\/wp-json\/wp\/v2\/product_cat?post=3146"},{"taxonomy":"product_tag","embeddable":true,"href":"https:\/\/apexvape.de\/hu\/wp-json\/wp\/v2\/product_tag?post=3146"}],"curies":[{"name":"wp","href":"https:\/\/api.w.org\/{rel}","templated":true}]}}