{"id":2934,"date":"2025-11-25T13:33:07","date_gmt":"2025-11-25T12:33:07","guid":{"rendered":"https:\/\/apexvape.de\/?post_type=product&#038;p=2934"},"modified":"2025-11-25T14:00:08","modified_gmt":"2025-11-25T13:00:08","slug":"bang-blaze-40000","status":"publish","type":"product","link":"https:\/\/apexvape.de\/hu\/product\/bang-blaze-40000\/","title":{"rendered":"Bang Blaze 40000 sz\u00edv\u00e1sos eldobhat\u00f3 vape"},"content":{"rendered":"<h1>Bang Blaze 40000 kett\u0151s \u00edz\u0171 eldobhat\u00f3 e-cigi | 40 000 slukk | 40 ml e-liquid | kett\u0151s h\u00e1l\u00f3s tekercs | Type-C t\u00f6lthet\u0151<\/h1>\n<p>A Bang Blaze 40000 sz\u00edv\u00e1sos, kett\u0151s \u00edz\u0171, eldobhat\u00f3 e-cigaretta ak\u00e1r 40 000 sz\u00edv\u00e1st, 40 ml e-liquid kapacit\u00e1st \u00e9s 650 mAh \u00fajrat\u00f6lthet\u0151 akkumul\u00e1tort k\u00edn\u00e1l a hossz\u00fa \u00e9lvezet \u00e9rdek\u00e9ben. Az innovat\u00edv kett\u0151s \u00edz\u0171 cs\u00faszka rendszerrel k\u00f6nnyed\u00e9n v\u00e1lthat k\u00e9t \u00edz k\u00f6z\u00f6tt, \u00e9s \u00edgy minden haszn\u00e1lat alkalm\u00e1val v\u00e1ltozatosabb\u00e1 teheti az \u00e9lm\u00e9nyt. Kett\u0151s h\u00e1l\u00f3s tekercsel\u00e9ssel (1,2 \u03a9) az intenz\u00edvebb \u00edz \u00e9s a l\u00e1gy g\u0151z \u00e9rdek\u00e9ben, 32 \u00edzben \u00e9s 4 nikotinszintben (0%, 2%, 3%, 5%) kaphat\u00f3, ez a k\u00e9sz\u00fcl\u00e9k t\u00f6k\u00e9letes v\u00e1laszt\u00e1s minden g\u0151z\u00f6l\u0151 sz\u00e1m\u00e1ra. A Type-C gyorst\u00f6lt\u00e9s gyors felt\u00f6lt\u00e9st biztos\u00edt, \u00edgy mindig k\u00e9szen \u00e1ll a haszn\u00e1latra.<\/p>\n<h2>Bang Blaze 40000 sz\u00edv\u00e1s F\u0151bb jellemz\u0151k:<\/h2>\n<p>A Bang Blaze 40000 sz\u00edv\u00e1sos e-cigaretta \u00faj \u00e9rtelmet ad a tart\u00f3s teljes\u00edtm\u00e9nynek, \u00e9s rendk\u00edv\u00fcli 40 000 sz\u00edv\u00e1st biztos\u00edt tart\u00f3s \u00e9lvezethez, an\u00e9lk\u00fcl, hogy gyakran kellene cser\u00e9lni. Leny\u0171g\u00f6z\u0151 40 ml-es kett\u0151s \u00edz\u0171 e-liquiddel el\u0151re felt\u00f6ltve minden eszk\u00f6z egyed\u00fcl\u00e1ll\u00f3 h\u00e1rmas \u00edz\u00e9lm\u00e9nyt ny\u00fajt \u2013 \u00e9lvezze az A \u00edzt, a B \u00edzt, vagy keverje \u00f6ssze mindkett\u0151t egy harmadik, kombin\u00e1lt \u00edzprofil\u00e9rt. Ez az innovat\u00edv kialak\u00edt\u00e1s h\u00e1rom k\u00fcl\u00f6nb\u00f6z\u0151 g\u0151z\u00f6l\u00e9si \u00e9lm\u00e9nyt k\u00edn\u00e1l egy eleg\u00e1ns eszk\u00f6zben \u2013 t\u00f6k\u00e9letes azoknak a felhaszn\u00e1l\u00f3knak, akik \u00e9rt\u00e9kelik a v\u00e1ltozatoss\u00e1got \u00e9s a rugalmass\u00e1got a mindennapi rutinjukban.<\/p>\n<p>Az optim\u00e1lis teljes\u00edtm\u00e9ny \u00e9rdek\u00e9ben a Bang Blaze megb\u00edzhat\u00f3, 650 mAh-s \u00fajrat\u00f6lthet\u0151 akkumul\u00e1torral rendelkezik, amely Type-C gyors t\u00f6lt\u00e9ssel minim\u00e1lis le\u00e1ll\u00e1si id\u0151t \u00e9s maxim\u00e1lis g\u0151z\u00e9lm\u00e9nyt biztos\u00edt. A fejlett 0,6 \u03a9-os kett\u0151s h\u00e1l\u00f3s tekercsrendszer fokozza a g\u0151ztermel\u00e9st \u00e9s az \u00edz intenzit\u00e1s\u00e1t, \u00e9s minden slukk ut\u00e1n s\u0171r\u0171, egyenletes g\u0151zfelh\u0151ket biztos\u00edt. Kompakt, karcs\u00fa kialak\u00edt\u00e1sa ellen\u00e9re ez az eszk\u00f6z jelent\u0151s teljes\u00edtm\u00e9nyt \u00e9s funkcionalit\u00e1st k\u00edn\u00e1l, amely felveszi a versenyt a nagyobb alternat\u00edv\u00e1kkal.<\/p>\n<p>A Bang Blaze 40000 0%, 2%, 3% \u00e9s 5% nikotintartalommal kaphat\u00f3, \u00edgy alkalmi \u00e9s tapasztalt vaperoknak egyar\u00e1nt megfelel, akik szem\u00e9lyre szabhat\u00f3 \u00e9lm\u00e9nyt keresnek. Ak\u00e1r \u00faj \u00edzkombin\u00e1ci\u00f3kat szeretne felfedezni, ak\u00e1r a eg\u00e9sz napos \u00e9lvezetet r\u00e9szes\u00edti el\u0151nyben, ez a k\u00e9sz\u00fcl\u00e9k kiv\u00e9teles tart\u00f3ss\u00e1got, innovat\u00edv \u00edztechnol\u00f3gi\u00e1t \u00e9s l\u00e1gy g\u0151ztermel\u00e9st \u00f6tv\u00f6z egy hat\u00e9kony csomagban a modern g\u0151z\u00f6l\u0151k sz\u00e1m\u00e1ra.<\/p>\n<h2>M\u0171szaki adatok:<\/h2>\n<p><strong>Vonatok sz\u00e1ma:<\/strong> Ak\u00e1r 40 000 vonat<br \/>\n<strong>E-liquid kapacit\u00e1s:<\/strong> 40 ml<br \/>\n<strong>Nikotin er\u0151ss\u00e9ge:<\/strong> 0%, 2%, 3%, 5%<br \/>\n<strong>Akkumul\u00e1tor kapacit\u00e1s:<\/strong> 650 mAh (\u00fajrat\u00f6lthet\u0151)<br \/>\n<strong>T\u00f6lt\u0151csatlakoz\u00f3:<\/strong> C t\u00edpus<br \/>\n<strong>Tekercs t\u00edpus:<\/strong> Kett\u0151s h\u00e1l\u00f3s tekercs (1,2 \u03a9)<br \/>\n<strong>\u00cdzrendszer:<\/strong> Kett\u0151s \u00edz\u0171 tol\u00f3kapcsol\u00f3<br \/>\n<strong>K\u00e9sz\u00fcl\u00e9k s\u00falya:<\/strong> Kb. 120 g<\/p>\n<h2>Bang Blaze 40000 sz\u00edv\u00e1s \u00cdzek:<\/h2>\n<ol>\n<li>G\u00f6r\u00f6gdinnye\/eper-g\u00f6r\u00f6gdinnye<\/li>\n<li>\u00c1fonya Ice\/\u00c1fonya-m\u00e1lna<\/li>\n<li>Mang\u00f3 j\u00e9g\/eper-mang\u00f3<\/li>\n<li>G\u00f6r\u00f6gdinnye\/g\u00f6r\u00f6gdinnye r\u00e1g\u00f3gumi<\/li>\n<li>Anan\u00e1sz j\u00e9g\/anan\u00e1sz-k\u00f3kusz<\/li>\n<li>Gy\u00fcm\u00f6lcskever\u00e9k\/Triple Berry<\/li>\n<li>\u0150szibarack j\u00e9g\/mang\u00f3-\u0151szibarack<\/li>\n<li>Cseresznye\/csereszny\u00e9s k\u00f3la<\/li>\n<li>Sz\u0151l\u0151\/\u00e1fonya-sz\u0151l\u0151<\/li>\n<li>Menta\/\u00e1fonya-menta<\/li>\n<li>Fekete S\u00e1rk\u00e1ny J\u00e9g\/Red Bull<\/li>\n<li>Erdbeere Ice\/Erdbeer-Kiwi<\/li>\n<li>Tr\u00f3pusi gy\u00fcm\u00f6lcs\u00f6k\/Tripla g\u00f6r\u00f6gdinnye<\/li>\n<li>Savany\u00fa mang\u00f3-anan\u00e1sz\/citrom-lime<\/li>\n<li>Summer Time\/Alma Ice<\/li>\n<li>Sziv\u00e1rv\u00e1ny cukorka\/Arctic Freezing<\/li>\n<li>M\u00e1lna-g\u00f6r\u00f6gdinnye\/Jieshuang<\/li>\n<li>Citromrom\u00e1nc\/Kaliforniai cseresznye<\/li>\n<li>Mang\u00f3-\u0151szibarack-s\u00e1rgabarack\/feh\u00e9r gumicukorka<\/li>\n<li>Mary\u2019s Dream\/Aloe-mango-dinnye j\u00e9gkr\u00e9m<\/li>\n<li>Kivi-passi\u00f3gy\u00fcm\u00f6lcs-guava\/\u00e1fonya-cseresznye<\/li>\n<li>Anan\u00e1sz-mang\u00f3\/anan\u00e1sz-k\u00f3kusz j\u00e9gkr\u00e9m<\/li>\n<li>M\u00e1lna-g\u00f6r\u00f6gdinnye\/aloe vera-sz\u0151l\u0151<\/li>\n<li>Licsi j\u00e9g\/eper-licsi<\/li>\n<li>Strand szex\/m\u00e1lna-g\u00f6r\u00f6gdinnye<\/li>\n<li>Gumicukorka\/m\u00e1lna-fekete csillog\u00e1s<\/li>\n<li>Beeren Cool g\u00f6r\u00f6gdinnye\/savany\u00fa \u0151szibarack<\/li>\n<li>Eper-ban\u00e1n\/passi\u00f3gy\u00fcm\u00f6lcs-kiwi<\/li>\n<li>Acai Storm Ice\/Love 66<\/li>\n<li>R\u00f3zsasz\u00edn limon\u00e1d\u00e9\/\u00e1fonya-cseresznye-citrom<\/li>\n<li>Eperfagylalt\/eper-van\u00edlia<\/li>\n<li>\u00c1fonya-\u00e1fonya-cseresznye\/g\u00f6r\u00f6gdinnye-cseresznye<\/li>\n<\/ol>\n<h2>Gyakran ism\u00e9telt k\u00e9rd\u00e9sek (GYIK)<\/h2>\n<p><strong>1. H\u00e1ny mozdulatot k\u00edn\u00e1l a Bang Blaze 40K?<\/strong><br \/>\nA Bang Blaze 40K \u00f6sszesen ak\u00e1r 40 000 sz\u00edv\u00e1st biztos\u00edt \u2013 k\u00f6r\u00fclbel\u00fcl 20 000 sz\u00edv\u00e1st \u00edztart\u00e1lyonk\u00e9nt.<\/p>\n<p><strong>2. V\u00e1lthatok az \u00edzek k\u00f6z\u00f6tt?<\/strong><br \/>\nIgen! Ez a k\u00e9sz\u00fcl\u00e9k kett\u0151s \u00edzrendszerrel van felszerelve. A k\u00e9t k\u00fcl\u00f6nb\u00f6z\u0151 \u00edztart\u00e1ly k\u00f6z\u00f6tt azonnal v\u00e1lthat, ha elcs\u00fasztatja a cs\u00faszk\u00e1t.<\/p>\n<p><strong>3. Az eszk\u00f6z \u00fajrat\u00f6lthet\u0151?<\/strong><br \/>\nIgen, 650 mAh-s \u00fajrat\u00f6lthet\u0151 akkumul\u00e1torral rendelkezik, \u00e9s t\u00e1mogatja a Type-C gyors t\u00f6lt\u00e9st a gyors \u00e9s hat\u00e9kony felt\u00f6lt\u00e9s \u00e9rdek\u00e9ben.<\/p>\n<p><strong>4. Milyen nikotintartalmak \u00e1llnak rendelkez\u00e9sre?<\/strong><br \/>\nA rendelkez\u00e9sre \u00e1ll\u00f3 nikotintartalmak: 0%, 2%, 3%, 5%, a r\u00e9gi\u00f3t\u00f3l vagy a keresked\u0151t\u0151l f\u00fcgg\u0151en.<\/p>\n<p><strong>5. A Bang Blaze 40K \u00fajrat\u00f6lthet\u0151 vagy \u00fajrafelhaszn\u00e1lhat\u00f3?<\/strong><br \/>\nNem, ez egy eldobhat\u00f3 e-cigaretta. Amint mindk\u00e9t \u00edztart\u00e1ly ki\u00fcr\u00fcl, a k\u00e9sz\u00fcl\u00e9ket felel\u0151ss\u00e9gteljesen kell megsemmis\u00edteni.<\/p>\n<p><strong>6. Mennyi id\u0151 alatt t\u00f6lt\u0151dik fel teljesen?<\/strong><br \/>\nA k\u00e9sz\u00fcl\u00e9k teljes felt\u00f6lt\u00e9se Type-C k\u00e1bellel \u00e1ltal\u00e1ban 45-60 percet vesz ig\u00e9nybe.<\/p>\n<h2 class=\"font-claude-response-heading text-text-100 mt-1 -mb-0.5\">Fedezze fel az Apex Vape k\u00edn\u00e1lat\u00e1t!<\/h2>\n<p class=\"font-claude-response-body whitespace-normal break-words\">Kiv\u00e1l\u00f3 min\u0151s\u00e9g\u0171 eldobhat\u00f3 e-cigarett\u00e1kat \u00e9s innovat\u00edv vape term\u00e9keket keres? L\u00e1togasson el a <strong><a class=\"underline\" href=\"https:\/\/apexvape.de\/hu\/\">Apex Vape<\/a><\/strong>, a megb\u00edzhat\u00f3 online \u00e1ruh\u00e1zunk pr\u00e9mium g\u0151zterm\u00e9kekhez N\u00e9metorsz\u00e1gban. A Bang Blaze 40000 r\u00e9sze a sz\u00e9les v\u00e1laszt\u00e9kunknak. <strong><a class=\"underline\" href=\"https:\/\/apexvape.de\/hu\/product-category\/bang-vape\/\">BANG VAPE kollekci\u00f3<\/a><\/strong>, amely sz\u00e9les v\u00e1laszt\u00e9kot k\u00edn\u00e1l nagy teljes\u00edtm\u00e9ny\u0171, innovat\u00edv technol\u00f3gi\u00e1val \u00e9s kiv\u00e9teles \u00edzzel rendelkez\u0151 eldobhat\u00f3 e-cigarett\u00e1kb\u00f3l. Fedezze fel tov\u00e1bbi modelleket, hasonl\u00edtsa \u00f6ssze a specifik\u00e1ci\u00f3kat, \u00e9s tal\u00e1lja meg az egy\u00e9ni ig\u00e9nyeinek legink\u00e1bb megfelel\u0151 eszk\u00f6zt. Az Apex Vape-n\u00e9l garant\u00e1ljuk az eredeti term\u00e9keket, a gyors sz\u00e1ll\u00edt\u00e1st \u00e9s az els\u0151 oszt\u00e1ly\u00fa \u00fcgyf\u00e9lszolg\u00e1latot minden e-cigaretta rajong\u00f3 sz\u00e1m\u00e1ra.<\/p>","protected":false},"excerpt":{"rendered":"<p class=\"font-claude-response-body whitespace-normal break-words\">A Bang Blaze 40000 forradalmas\u00edtja a g\u0151z\u00f6l\u00e9si \u00e9lm\u00e9nyt ak\u00e1r 40 000 slukk \u00e9s egyed\u00fcl\u00e1ll\u00f3 kett\u0151s \u00edzrendszerrel. K\u00f6nnyed\u00e9n v\u00e1lthatsz k\u00e9t \u00edz k\u00f6z\u00f6tt, vagy keverheted \u0151ket egy harmadik \u00edzprofilhoz. 40 ml e-liquid, 650 mAh Type-C akkumul\u00e1tor, kett\u0151s h\u00e1l\u00f3s tekercs \u00e9s 32 \u00edz 4 nikotinszinttel.<\/p>","protected":false},"featured_media":2935,"comment_status":"open","ping_status":"closed","template":"","meta":[],"product_brand":[],"product_cat":[76],"product_tag":[],"class_list":{"0":"post-2934","1":"product","2":"type-product","3":"status-publish","4":"has-post-thumbnail","6":"product_cat-bang-vape","8":"first","9":"instock","10":"shipping-taxable","11":"purchasable","12":"product-type-variable"},"_links":{"self":[{"href":"https:\/\/apexvape.de\/hu\/wp-json\/wp\/v2\/product\/2934","targetHints":{"allow":["GET"]}}],"collection":[{"href":"https:\/\/apexvape.de\/hu\/wp-json\/wp\/v2\/product"}],"about":[{"href":"https:\/\/apexvape.de\/hu\/wp-json\/wp\/v2\/types\/product"}],"replies":[{"embeddable":true,"href":"https:\/\/apexvape.de\/hu\/wp-json\/wp\/v2\/comments?post=2934"}],"version-history":[{"count":0,"href":"https:\/\/apexvape.de\/hu\/wp-json\/wp\/v2\/product\/2934\/revisions"}],"wp:featuredmedia":[{"embeddable":true,"href":"https:\/\/apexvape.de\/hu\/wp-json\/wp\/v2\/media\/2935"}],"wp:attachment":[{"href":"https:\/\/apexvape.de\/hu\/wp-json\/wp\/v2\/media?parent=2934"}],"wp:term":[{"taxonomy":"product_brand","embeddable":true,"href":"https:\/\/apexvape.de\/hu\/wp-json\/wp\/v2\/product_brand?post=2934"},{"taxonomy":"product_cat","embeddable":true,"href":"https:\/\/apexvape.de\/hu\/wp-json\/wp\/v2\/product_cat?post=2934"},{"taxonomy":"product_tag","embeddable":true,"href":"https:\/\/apexvape.de\/hu\/wp-json\/wp\/v2\/product_tag?post=2934"}],"curies":[{"name":"wp","href":"https:\/\/api.w.org\/{rel}","templated":true}]}}