{"id":2849,"date":"2025-11-23T10:54:44","date_gmt":"2025-11-23T09:54:44","guid":{"rendered":"https:\/\/apexvape.de\/?post_type=product&#038;p=2849"},"modified":"2025-11-23T10:56:16","modified_gmt":"2025-11-23T09:56:16","slug":"waspe-6-in-1-150000","status":"publish","type":"product","link":"https:\/\/apexvape.de\/hu\/product\/waspe-6-in-1-150000\/","title":{"rendered":"WASPE 6 az 1-ben 150000 puff eldobhat\u00f3 vape"},"content":{"rendered":"<h2>WASPE 6 az 1-ben 150 000 slukk | 6 \u00edz egy 150K 64 ml-es eldobhat\u00f3 e-cigarett\u00e1ban, hossz\u00fa hat\u00e1startammal<\/h2>\n<p>A WASPE 6-in-1 150000 p\u00e1ratlan 150 000 sz\u00edv\u00e1st k\u00edn\u00e1l \u2013 ez a legnagyobb kapacit\u00e1s a piacon. Az innovat\u00edv 6-in-1 \u00edzv\u00e1lt\u00f3 rendszer lehet\u0151v\u00e9 teszi az egyedi vagy kevert \u00edzek haszn\u00e1lat\u00e1t. A h\u00e1rmas h\u00e1l\u00f3s tekercsek garant\u00e1lj\u00e1k a kiv\u00e1l\u00f3 \u00edzt \u00e9s g\u0151zk\u00e9pz\u0151d\u00e9st. Nagy, 64 ml-es kapacit\u00e1s \u00fajrat\u00f6lthet\u0151 650 mAh-s Type-C akkumul\u00e1torral. Intelligens LED-kijelz\u0151 az akkumul\u00e1tor t\u00f6lt\u00f6tts\u00e9gi szintj\u00e9nek, az e-liquid szintj\u00e9nek \u00e9s a be\u00e1ll\u00edt\u00e1soknak a figyelemmel k\u00eds\u00e9r\u00e9s\u00e9hez. 0 %, 2 % vagy 5 % nikotintartalommal kaphat\u00f3. K\u00f6nny\u0171, 140 g s\u00faly\u00fa, st\u00edlusos majom diz\u00e1jn. T\u00f6k\u00e9letes a tart\u00f3s, egyszer\u0171 g\u0151z\u00f6l\u00e9shez.<\/p>\n<h3>WASPE 6-in-1 150000 sz\u00edv\u00e1s F\u0151bb jellemz\u0151k:<\/h3>\n<p>A WASPE 6-in-1 150000 eldobhat\u00f3 e-cigaretta leny\u0171g\u00f6z\u0151 150 000 slukkot k\u00edn\u00e1l, \u00e9s ipar\u00e1gvezet\u0151, tart\u00f3s g\u0151z\u00f6l\u00e9si \u00e9lm\u00e9nyt ny\u00fajt, amely messze fel\u00fclm\u00falja a hagyom\u00e1nyos eldobhat\u00f3 term\u00e9keket. Az innovat\u00edv hat az egyben \u00edzrendszer lehet\u0151v\u00e9 teszi hat k\u00fcl\u00f6nb\u00f6z\u0151 \u00edzprofil k\u00f6z\u00f6tti v\u00e1lt\u00e1st egyetlen eszk\u00f6z\u00f6n bel\u00fcl, ami maxim\u00e1lis v\u00e1ltozatoss\u00e1got biztos\u00edt \u00e9s kik\u00fcsz\u00f6b\u00f6li a t\u00f6bbf\u00e9le e-cigaretta haszn\u00e1lat\u00e1nak sz\u00fcks\u00e9gess\u00e9g\u00e9t. A hatalmas, 64 ml-es el\u0151re felt\u00f6lt\u00f6tt e-liquid kapacit\u00e1snak k\u00f6sz\u00f6nhet\u0151en hosszabb g\u0151z\u00f6l\u00e9si \u00e9lm\u00e9nyt \u00e9lvezhet an\u00e9lk\u00fcl, hogy agg\u00f3dnia kellene a gyors elfogy\u00e1s miatt.<\/p>\n<p>A megb\u00edzhat\u00f3, \u00fajrat\u00f6lthet\u0151 650 mAh-s akkumul\u00e1torral ell\u00e1tott k\u00e9sz\u00fcl\u00e9k eg\u00e9sz nap folyamatos teljes\u00edtm\u00e9nyt ny\u00fajt, \u00e9s a modern Type-C csatlakoz\u00f3n kereszt\u00fcl gyorsan \u00e9s k\u00e9nyelmesen \u00fajrat\u00f6lthet\u0151. Az intelligens LED-kijelz\u0151 val\u00f3s idej\u0171 friss\u00edt\u00e9sekkel t\u00e1j\u00e9koztatja \u00d6nt az akkumul\u00e1tor \u00e9s az e-liquid szintj\u00e9r\u0151l, \u00edgy mindig tudja, mikor kell t\u00f6lteni, \u00e9s soha nem \u00e9rheti meglepet\u00e9s.<\/p>\n<p>A kiv\u00e1l\u00f3 min\u0151s\u00e9g\u0171 Triple Mesh Coil rendszer (3 x 1,0 \u03a9) rendk\u00edv\u00fcli \u00edz\u00e9lm\u00e9nyt ny\u00fajt, \u00e9s minden slukk ut\u00e1n l\u00e1gy, intenz\u00edv \u00e9s egyenletes g\u0151zt termel, \u00edgy els\u0151 oszt\u00e1ly\u00fa g\u0151z\u00f6l\u00e9si \u00e9lm\u00e9nyt biztos\u00edt. 0 %, 2 % vagy 5 % nikotintartalommal kaphat\u00f3, a WASPE 150000 minden ig\u00e9nyt kiel\u00e9g\u00edt \u2013 legyen sz\u00f3 nikotinmentes g\u0151z\u00f6l\u00e9sr\u0151l vagy er\u0151sebb \u00e9lm\u00e9nyr\u0151l.<\/p>\n<h3>Term\u00e9kle\u00edr\u00e1s:<\/h3>\n<ul>\n<li>Vonatok: 150 000<\/li>\n<li>H\u00e1l\u00f3s tekercs: 3 x 1,0 ohm<\/li>\n<li>E-liquid kapacit\u00e1s: 64 ml<\/li>\n<li>Nikotin tartalom: 0 % \/ 2 % \/ 5 %<\/li>\n<li>Akkukapacit\u00e1s: 650 mAh<\/li>\n<li>T\u00f6lt\u00e9s: Type-C (\u00fajrat\u00f6lthet\u0151)<\/li>\n<li>K\u00fcl\u00f6nleges jellemz\u0151: LED-kijelz\u0151<\/li>\n<li>Term\u00e9k s\u00falya: 140 g\/darab<\/li>\n<li>Term\u00e9k m\u00e9rete: 53 x 46 x 138 mm<\/li>\n<\/ul>\n<h3>WASPE 6-in-1 150000 sz\u00edv\u00e1s \u00cdzv\u00e1laszt\u00e9k:<\/h3>\n<ol>\n<li>G\u00f6r\u00f6gdinnye j\u00e9g \/ citrom lime \/ citrom \u0151szibarack<\/li>\n<li>\u00c1fonya j\u00e9gkr\u00e9m \/ Eper kiwi \/ Cseresznye eper j\u00e9gkr\u00e9m<\/li>\n<li>Red Bull Ice \/ m\u00e1lna-gr\u00e1n\u00e1talma \/ savany\u00fa mang\u00f3-eper<\/li>\n<li>Eper-g\u00f6r\u00f6gdinnye \/ L\u00e9d\u00fas \u0151szibarack j\u00e9gkr\u00e9m \/ H\u00e1rmas bogy\u00f3s gy\u00fcm\u00f6lcs j\u00e9gkr\u00e9m<\/li>\n<li>Csereszny\u00e9s k\u00f3la j\u00e9g \/ Eper Red Bull j\u00e9g \/ G\u00f6r\u00f6gdinnye m\u00e1lna<\/li>\n<li>Sz\u0151l\u0151 Ice \/ K\u00e9k Razz Cseresznye \/ Eper Ice<\/li>\n<li>Vegyes bogy\u00f3s gy\u00fcm\u00f6lcs\u00f6k \/ Fekete s\u00e1rk\u00e1ny j\u00e9g \/ Eper-cseresznye k\u00f3la<\/li>\n<li>Pezsg\u0151 Cola Ice \/ energiaital \/ cseresznye Ice<\/li>\n<li>Eper Ban\u00e1n \/ Kivi G\u00f6r\u00f6gdinnye \/ K\u00f3kuszdi\u00f3 Eper<\/li>\n<li>Red Bull Cola Ice \/ Eper, m\u00e1lna, cseresznye \/ Szeder, s\u00e1rk\u00e1nygy\u00fcm\u00f6lcs<\/li>\n<li>Eper-g\u00f6r\u00f6gdinnye r\u00e1g\u00f3gumi \/ Savany\u00fa mang\u00f3 j\u00e9g \/ Eper-sz\u0151l\u0151 j\u00e9g<\/li>\n<li>Dinnye Passi\u00f3gy\u00fcm\u00f6lcs \/ Szeder J\u00e9g \/ Alma Kiwi<\/li>\n<\/ol>\n<h3>Gyakran feltett k\u00e9rd\u00e9sek a WASPE Aiviou 6 in 1 150K-r\u00f3l<\/h3>\n<p><strong>Mennyi ideig tart a WASPE 6-in-1 150000?<\/strong><\/p>\n<p>A WASPE Aiviou 150K leny\u0171g\u00f6z\u0151 150 000 sz\u00edv\u00e1sra van tervezve. A t\u00e9nyleges \u00e9lettartam nagym\u00e9rt\u00e9kben f\u00fcgg az \u00d6n szem\u00e9lyes g\u0151zhaszn\u00e1lati szok\u00e1sait\u00f3l, de a 64 ml-es e-liquid kapacit\u00e1snak \u00e9s a magas sz\u00edv\u00e1ssz\u00e1mnak k\u00f6sz\u00f6nhet\u0151en rendk\u00edv\u00fcl hossz\u00fa \u00e9lettartamot biztos\u00edt.<\/p>\n<p><strong>\u00dajrat\u00f6lthet\u0151-e a WASPE Aiviou?<\/strong><\/p>\n<p>Igen, ez lehets\u00e9ges! B\u00e1r a WASPE Aiviou egy eldobhat\u00f3 e-cigaretta, 650 mAh-s \u00fajrat\u00f6lthet\u0151 akkumul\u00e1torral rendelkezik. A k\u00e9sz\u00fcl\u00e9ket egyszer\u0171en felt\u00f6ltheti a Type-C porton kereszt\u00fcl, \u00edgy biztos\u00edtva, hogy a 64 ml-es e-folyad\u00e9k teljes mennyis\u00e9g\u00e9t felhaszn\u00e1lhassa.<\/p>\n<p><strong>Hogyan m\u0171k\u00f6dik a 6 az 1-ben \u00edzv\u00e1lt\u00e1s?<\/strong><\/p>\n<p>A WASPE Aiviou 6 in 1-et \u00fagy fejlesztett\u00e9k ki, hogy maxim\u00e1lis sokoldal\u00fas\u00e1got ny\u00fajtson \u00d6nnek. Az \u00e1tkapcsol\u00e1s \u00e1ltal\u00e1ban egy intuit\u00edv mechanizmus vagy kapcsol\u00f3 seg\u00edts\u00e9g\u00e9vel t\u00f6rt\u00e9nik a k\u00e9sz\u00fcl\u00e9ken, amely lehet\u0151v\u00e9 teszi a hat el\u0151re be\u00e1ll\u00edtott \u00edz gyors v\u00e1lt\u00e1s\u00e1t.<\/p>\n<h3 class=\"font-claude-response-heading text-text-100 mt-1 -mb-0.5\">Fedezze fel az Apex Vape k\u00edn\u00e1lat\u00e1t!<\/h3>\n<p class=\"font-claude-response-body whitespace-normal break-words\">Tov\u00e1bbi kiv\u00e1l\u00f3 min\u0151s\u00e9g\u0171 e-cigarett\u00e1kat \u00e9s vape term\u00e9keket keres? L\u00e1togasson el weboldalunkra! <strong><a class=\"underline\" href=\"https:\/\/apexvape.de\/hu\/\">honlap<\/a><\/strong>, hogy felfedezze teljes term\u00e9kv\u00e1laszt\u00e9kunkat. Minden WASPE-rajong\u00f3 sz\u00e1m\u00e1ra k\u00edn\u00e1lunk <strong><a class=\"underline\" href=\"https:\/\/apexvape.de\/hu\/product-category\/waspe-vape\/\">WASPE VAPE kateg\u00f3ria<\/a><\/strong> kiterjedt v\u00e1laszt\u00e9k innovat\u00edv eszk\u00f6z\u00f6kb\u0151l, a legmodernebb technol\u00f3gi\u00e1val \u00e9s sokf\u00e9le \u00edzzel. Tapasztalja meg az els\u0151 oszt\u00e1ly\u00fa min\u0151s\u00e9get \u00e9s a megb\u00edzhat\u00f3 szolg\u00e1ltat\u00e1st az Apex Vape-n\u00e9l \u2013 a kiv\u00e9teles g\u0151z\u00f6l\u00e9si \u00e9lm\u00e9ny megb\u00edzhat\u00f3 partner\u00e9n\u00e9l.<\/p>","protected":false},"excerpt":{"rendered":"<p class=\"font-claude-response-body whitespace-normal break-words\">A WASPE 6-in-1 150000 sz\u00edv\u00e1sos eldobhat\u00f3 e-cigaretta piacvezet\u0151 kapacit\u00e1st k\u00edn\u00e1l 6-in-1 \u00edzv\u00e1lt\u00f3 rendszerrel. Triple-Mesh-Coils (3\u00d71,0\u03a9), 64 ml e-liquid, 650 mAh akkumul\u00e1tor Type-C t\u00f6lt\u00e9ssel \u00e9s LED-kijelz\u0151vel. 0%, 2% vagy 5% nikotintartalommal kaphat\u00f3. St\u00edlusos majom diz\u00e1jn, mind\u00f6ssze 140 g s\u00faly\u00fa.<\/p>","protected":false},"featured_media":2850,"comment_status":"open","ping_status":"closed","template":"","meta":[],"product_brand":[],"product_cat":[75],"product_tag":[],"class_list":{"0":"post-2849","1":"product","2":"type-product","3":"status-publish","4":"has-post-thumbnail","6":"product_cat-waspe-vape","8":"first","9":"instock","10":"shipping-taxable","11":"purchasable","12":"product-type-variable"},"_links":{"self":[{"href":"https:\/\/apexvape.de\/hu\/wp-json\/wp\/v2\/product\/2849","targetHints":{"allow":["GET"]}}],"collection":[{"href":"https:\/\/apexvape.de\/hu\/wp-json\/wp\/v2\/product"}],"about":[{"href":"https:\/\/apexvape.de\/hu\/wp-json\/wp\/v2\/types\/product"}],"replies":[{"embeddable":true,"href":"https:\/\/apexvape.de\/hu\/wp-json\/wp\/v2\/comments?post=2849"}],"version-history":[{"count":0,"href":"https:\/\/apexvape.de\/hu\/wp-json\/wp\/v2\/product\/2849\/revisions"}],"wp:featuredmedia":[{"embeddable":true,"href":"https:\/\/apexvape.de\/hu\/wp-json\/wp\/v2\/media\/2850"}],"wp:attachment":[{"href":"https:\/\/apexvape.de\/hu\/wp-json\/wp\/v2\/media?parent=2849"}],"wp:term":[{"taxonomy":"product_brand","embeddable":true,"href":"https:\/\/apexvape.de\/hu\/wp-json\/wp\/v2\/product_brand?post=2849"},{"taxonomy":"product_cat","embeddable":true,"href":"https:\/\/apexvape.de\/hu\/wp-json\/wp\/v2\/product_cat?post=2849"},{"taxonomy":"product_tag","embeddable":true,"href":"https:\/\/apexvape.de\/hu\/wp-json\/wp\/v2\/product_tag?post=2849"}],"curies":[{"name":"wp","href":"https:\/\/api.w.org\/{rel}","templated":true}]}}