{"id":2796,"date":"2025-11-23T10:45:46","date_gmt":"2025-11-23T09:45:46","guid":{"rendered":"https:\/\/apexvape.de\/?post_type=product&#038;p=2796"},"modified":"2025-11-23T10:46:04","modified_gmt":"2025-11-23T09:46:04","slug":"waspe-4-in-1-100000","status":"publish","type":"product","link":"https:\/\/apexvape.de\/hu\/product\/waspe-4-in-1-100000\/","title":{"rendered":"WASPE 4 az 1-ben 100000 puff eldobhat\u00f3 vape"},"content":{"rendered":"<h2>WASPE 4 az 1-ben 100 000 slukk | 100K slukk n\u00e9gyf\u00e9le \u00edz\u0171 egyszer haszn\u00e1latos e-cigaretta nagykereskedelmi \u00e1ron<\/h2>\n<p>A <strong>WASPE 4 az 1-ben 100000<\/strong> innovat\u00edv 4 az 1-ben \u00edzrendszerrel rendelkezik, amely minden slukk ut\u00e1n m\u00e1s \u00e9s m\u00e1s g\u0151z\u00e9lm\u00e9nyt ny\u00fajt. Er\u0151teljes 650 mAh-s akkumul\u00e1torral \u00e9s b\u0151s\u00e9ges 56 ml-es kapacit\u00e1ssal rendelkezik, \u00edgy ide\u00e1lis azok sz\u00e1m\u00e1ra, akik intenz\u00edv \u00e9s sima g\u0151z\u00e9lm\u00e9nyt szeretn\u00e9nek. A WASPE 4-in-1 k\u00e9szlet ak\u00e1r 100 000 sz\u00edv\u00e1st is biztos\u00edt \u2013 elk\u00e9pzelhetetlen\u00fcl hossz\u00fa \u00e9lettartamot. A k\u00e9sz\u00fcl\u00e9k LED-kijelz\u0151vel is rendelkezik, amely inform\u00e1ci\u00f3kat jelen\u00edt meg az \u00edzekr\u0151l, az akkumul\u00e1tor \u00e1llapot\u00e1r\u00f3l \u00e9s egy\u00e9b r\u00e9szletekr\u0151l. Fedezze fel az \u00faj g\u0151z\u00f6l\u00e9si \u00e9lm\u00e9nyt a WASPE 4-in-1 100000 Vape k\u00e9szlettel.<\/p>\n<h3>WASPE 4-in-1 100000 sz\u00edv\u00e1s F\u0151bb jellemz\u0151k:<\/h3>\n<p>A <strong>WASPE 100000 100K h\u00faz\u00e1s\u00fa eldobhat\u00f3 e-cigaretta<\/strong> leny\u0171g\u00f6z\u0151 100 000 sz\u00edv\u00e1st k\u00edn\u00e1l egyetlen eszk\u00f6zben, \u00e9s garant\u00e1lja a tart\u00f3s teljes\u00edtm\u00e9nyt an\u00e9lk\u00fcl, hogy folyamatosan cser\u00e9lni kellene. 0%, 2% \u00e9s 5% nikotintartalommal kaphat\u00f3, \u00edgy t\u00f6k\u00e9letesen alkalmas \u00e1t\u00e1ll\u00f3knak vagy a nikotinbevitel szab\u00e1lyoz\u00e1s\u00e1ra. A 4 az 1-ben \u00edzrendszer lehet\u0151v\u00e9 teszi n\u00e9gy k\u00fcl\u00f6nb\u00f6z\u0151 \u00edz k\u00f6z\u00f6tti v\u00e1lt\u00e1st egy eszk\u00f6z\u00f6n bel\u00fcl \u2013 a k\u00edv\u00e1nt v\u00e1ltozatoss\u00e1g \u00e9rdek\u00e9ben.<\/p>\n<p>A <strong>1,0 \u03a9-os n\u00e9gyes h\u00e1l\u00f3s tekercsek<\/strong> Ez az eszk\u00f6z minden slukk ut\u00e1n b\u00e1rsonyos g\u0151zt \u00e9s intenz\u00edv arom\u00e1t biztos\u00edt. A nagy, 56 ml-es e-liquid kapacit\u00e1s kevesebb ut\u00e1nt\u00f6lt\u00e9st \u00e9s hosszabb g\u0151z\u00f6l\u00e9si id\u0151t jelent. A 650 mAh-s akkumul\u00e1tor eg\u00e9sz nap kitart, \u00e9s a Type-C csatlakoz\u00f3nak k\u00f6sz\u00f6nhet\u0151en mind\u00f6ssze 30 perc alatt teljesen felt\u00f6lthet\u0151 \u2013 \u00edgy soha nem kell sok\u00e1ig n\u00e9lk\u00fcl\u00f6znie a vaporiz\u00e1tor\u00e1t.<\/p>\n<p>Az intelligens LED-k\u00e9perny\u0151 val\u00f3s id\u0151ben jelzi az akkumul\u00e1tor t\u00f6lt\u00f6tts\u00e9gi \u00e1llapot\u00e1t \u00e9s az e-liquid szintj\u00e9t, \u00edgy mindig szem el\u0151tt tarthatja k\u00e9sz\u00fcl\u00e9k\u00e9t. A kompakt kialak\u00edt\u00e1s hordozhat\u00f3 \u00e9s praktikus \u2013 k\u00f6nnyed\u00e9n elf\u00e9r a t\u00e1sk\u00e1ban vagy a h\u00e1tizs\u00e1kban, ha \u00faton van.<\/p>\n<p>V\u00e1lassza a WASPE 100000-et, ha megb\u00edzhat\u00f3, \u00edzl\u00e9ses g\u0151z\u00f6l\u00e9si \u00e9lm\u00e9nyt szeretne, amely \u00f6tv\u00f6zi a k\u00e9nyelmet \u00e9s a teljes\u00edtm\u00e9nyt. Leny\u0171g\u00f6z\u0151 sz\u00edv\u00f3erej\u00e9vel, sokf\u00e9le \u00edzv\u00e1laszt\u00e9k\u00e1val \u00e9s felhaszn\u00e1l\u00f3bar\u00e1t funkci\u00f3ival ez a k\u00e9sz\u00fcl\u00e9k minden alkalommal el\u00e9gedetts\u00e9get ny\u00fajt.<\/p>\n<h3>M\u0171szaki adatok:<\/h3>\n<ul>\n<li><strong>Vonatok:<\/strong> 100 000 vonat<\/li>\n<li><strong>N\u00e9gy \u00edz<\/strong><\/li>\n<li><strong>H\u00e1l\u00f3s tekercs:<\/strong> 1,0 ohm x 4<\/li>\n<li><strong>E-folyad\u00e9k:<\/strong> 56 ml<\/li>\n<li><strong>Akkumul\u00e1tor:<\/strong> 650 mAh<\/li>\n<li><strong>Nikotin:<\/strong> 0% \/ 2% \/ 5%<\/li>\n<li><strong>\u00dajrat\u00f6lthet\u0151:<\/strong> C t\u00edpus<\/li>\n<li><strong>LED-kijelz\u0151<\/strong><\/li>\n<\/ul>\n<h3>WASPE 4-in-1 100000 sz\u00edv\u00e1s \u00cdzv\u00e1laszt\u00e9k:<\/h3>\n<ol>\n<li>G\u00f6r\u00f6gdinnye j\u00e9gkr\u00e9m \/ Eper-kiwi \/ M\u00e1lna-g\u00f6r\u00f6gdinnye \/ Citrom-lime<\/li>\n<li>Eper, g\u00f6r\u00f6gdinnye \/ Mr. Blue \/ Sz\u0151l\u0151, j\u00e9gkr\u00e9m \/ Sziv\u00e1rv\u00e1ny cukorka<\/li>\n<li>Red Bull j\u00e9gkr\u00e9m \/ ban\u00e1n j\u00e9gkr\u00e9m \/ anan\u00e1sz-k\u00f3kusz j\u00e9gkr\u00e9m \/ h\u00e1rmas mang\u00f3 j\u00e9gkr\u00e9m<\/li>\n<li>Eper, m\u00e1lna, cseresznye \/ Crazy Cherry j\u00e9gkr\u00e9m \/ K\u00e9k cseresznye j\u00e9gkr\u00e9m \/ Cola j\u00e9gkr\u00e9m<\/li>\n<li>Eper ban\u00e1n \/ Eper Red Bull \/ Eper mang\u00f3 \/ R\u00f3zsasz\u00edn limon\u00e1d\u00e9<\/li>\n<li>\u00c1fonya j\u00e9gkr\u00e9m \/ Fekete lovag \/ Eper j\u00e9gkr\u00e9m \/ Eper g\u00f6r\u00f6gdinnye<\/li>\n<li>Csereszny\u00e9s k\u00f3la j\u00e9gkr\u00e9m \/ Eper-csereszny\u00e9s j\u00e9gkr\u00e9m \/ Eper-k\u00f3la j\u00e9gkr\u00e9m \/ Eper-g\u00f6r\u00f6gdinnye r\u00e1g\u00f3gumi<\/li>\n<li>L\u00e9d\u00fas \u0151szibarack j\u00e9gkr\u00e9m \/ Tr\u00f3pusi gy\u00fcm\u00f6lcs\u00f6k \/ Gy\u00fcm\u00f6lcsrobban\u00e1s \/ \u0150szibarack bogy\u00f3s gy\u00fcm\u00f6lcs<\/li>\n<li>Sz\u0151l\u0151 j\u00e9gkr\u00e9m \/ Eper Kiwi \/ Eper M\u00e1lna Cseresznye \/ Black Knight<\/li>\n<li>Vegyes bogy\u00f3s gy\u00fcm\u00f6lcs\u00f6k \/ Dupla alm\u00e1s j\u00e9gkr\u00e9m \/ \u00c1fonya-m\u00e1lna \/ \u00c1fonya-m\u00e9z<\/li>\n<li>Erdbeere Red Bull \/ Erdbeere Wassermelone Kaugummi \/ Red Bull Eis \/ Kirsch Cola Eis<\/li>\n<li>\u00c1fonya-m\u00e1lna \/ \u00c1fonya-limon\u00e1d\u00e9 \/ Vegyes bogy\u00f3s gy\u00fcm\u00f6lcs\u00f6k \/ Sz\u0151l\u0151-m\u00e9z j\u00e9gkr\u00e9m<\/li>\n<\/ol>\n<h3>Gyakran ism\u00e9telt k\u00e9rd\u00e9sek (GYIK)<\/h3>\n<p><strong>K: H\u00e1ny \u00edzv\u00e1laszt\u00e9kot k\u00edn\u00e1l ez a k\u00e9sz\u00fcl\u00e9k?<\/strong><br \/>\nV: Ez az innovat\u00edv eszk\u00f6z n\u00e9gy k\u00fcl\u00f6nb\u00f6z\u0151 \u00edzt k\u00edn\u00e1l egyetlen k\u00e9sz\u00fcl\u00e9kben, amelyek k\u00f6z\u00f6tt v\u00e1lthat, hogy v\u00e1ltozatos g\u0151z\u00f6l\u00e9si \u00e9lm\u00e9nyt \u00e9lvezhessen.<\/p>\n<p><strong>K: A WASPE 100K 4-in-1 \u00fajrat\u00f6lthet\u0151?<\/strong><br \/>\nV: Igen, 650 mAh-s akkumul\u00e1torral rendelkezik, amely Type-C csatlakoz\u00f3n kereszt\u00fcl t\u00f6lthet\u0151.<\/p>\n<p><strong>K: Milyen nikotintartalmak \u00e1llnak rendelkez\u00e9sre?<\/strong><br \/>\nA: A WASPE 100K 4-in-1 nikotintartalma 0%, 2% \u00e9s 5%.<\/p>\n<p><strong>K: Van kijelz\u0151je?<\/strong><br \/>\nA: Igen, LED-kijelz\u0151vel rendelkezik, amely fontos inform\u00e1ci\u00f3kat jelen\u00edt meg, mint p\u00e9ld\u00e1ul a vonatsz\u00e1m \u00e9s az akkumul\u00e1tor t\u00f6lt\u00f6tts\u00e9gi szintje.<\/p>\n<p><strong>K: Milyen t\u00edpus\u00fa tekercseket haszn\u00e1l?<\/strong><br \/>\nV: N\u00e9gy 1,0 ohmos h\u00e1l\u00f3s tekercset haszn\u00e1l az optim\u00e1lis \u00edz \u00e9s g\u0151ztermel\u00e9s \u00e9rdek\u00e9ben.<\/p>\n<h3 class=\"font-claude-response-heading text-text-100 mt-1 -mb-0.5\">Fedezze fel az ApexVape tov\u00e1bbi k\u00edn\u00e1lat\u00e1t<\/h3>\n<p class=\"font-claude-response-body whitespace-normal break-words\">Kiv\u00e1l\u00f3 min\u0151s\u00e9g\u0171 vape term\u00e9keket \u00e9s innovat\u00edv g\u0151z\u00f6l\u00e9si megold\u00e1sokat keres? L\u00e1togasson el a <strong><a class=\"underline\" href=\"https:\/\/apexvape.de\/hu\/\">ApexVape<\/a><\/strong>, a pr\u00e9mium e-cigarett\u00e1k \u00e9s kieg\u00e9sz\u00edt\u0151k megb\u00edzhat\u00f3 online \u00e1ruh\u00e1z\u00e1ban. Kiterjedt k\u00edn\u00e1latunkban <strong><a class=\"underline\" href=\"https:\/\/apexvape.de\/hu\/product-category\/waspe-vape\/\">WASPE VAPE kateg\u00f3ria<\/a><\/strong> Tal\u00e1lhat egy sz\u00e9les v\u00e1laszt\u00e9kot a WASPE term\u00e9kekb\u0151l, bele\u00e9rtve a leg\u00fajabb modelleket innovat\u00edv funkci\u00f3kkal \u00e9s sokf\u00e9le \u00edzzel. Haszn\u00e1lja ki a gyors sz\u00e1ll\u00edt\u00e1st, a kiv\u00e1l\u00f3 \u00fcgyf\u00e9lszolg\u00e1latot \u00e9s a versenyk\u00e9pes \u00e1rakat. Fedezze fel most az ApexVape vil\u00e1g\u00e1t, \u00e9s tal\u00e1lja meg az \u00d6n ig\u00e9nyeinek legink\u00e1bb megfelel\u0151 eszk\u00f6zt.<\/p>","protected":false},"excerpt":{"rendered":"<p class=\"font-claude-response-body whitespace-normal break-words\">A WASPE 4-in-1 100000 sz\u00edv\u00e1sos eldobhat\u00f3 e-cigaretta forradalmian \u00faj, n\u00e9gyf\u00e9le \u00edzzel rendelkez\u0151 Quad \u00edzrendszert k\u00edn\u00e1l. N\u00e9gyszeres h\u00e1l\u00f3s tekercsek (1,0 \u03a9), 56 ml e-liquid, 650 mAh akkumul\u00e1tor 30 perces gyorst\u00f6lt\u00e9ssel \u00e9s LED-kijelz\u0151vel. 0%, 2% vagy 5% nikotintartalommal kaphat\u00f3, hossz\u00fa \u00e9lvezetet biztos\u00edtva.<\/p>","protected":false},"featured_media":2836,"comment_status":"open","ping_status":"closed","template":"","meta":[],"product_brand":[],"product_cat":[75],"product_tag":[],"class_list":{"0":"post-2796","1":"product","2":"type-product","3":"status-publish","4":"has-post-thumbnail","6":"product_cat-waspe-vape","8":"first","9":"instock","10":"shipping-taxable","11":"purchasable","12":"product-type-variable"},"_links":{"self":[{"href":"https:\/\/apexvape.de\/hu\/wp-json\/wp\/v2\/product\/2796","targetHints":{"allow":["GET"]}}],"collection":[{"href":"https:\/\/apexvape.de\/hu\/wp-json\/wp\/v2\/product"}],"about":[{"href":"https:\/\/apexvape.de\/hu\/wp-json\/wp\/v2\/types\/product"}],"replies":[{"embeddable":true,"href":"https:\/\/apexvape.de\/hu\/wp-json\/wp\/v2\/comments?post=2796"}],"version-history":[{"count":0,"href":"https:\/\/apexvape.de\/hu\/wp-json\/wp\/v2\/product\/2796\/revisions"}],"wp:featuredmedia":[{"embeddable":true,"href":"https:\/\/apexvape.de\/hu\/wp-json\/wp\/v2\/media\/2836"}],"wp:attachment":[{"href":"https:\/\/apexvape.de\/hu\/wp-json\/wp\/v2\/media?parent=2796"}],"wp:term":[{"taxonomy":"product_brand","embeddable":true,"href":"https:\/\/apexvape.de\/hu\/wp-json\/wp\/v2\/product_brand?post=2796"},{"taxonomy":"product_cat","embeddable":true,"href":"https:\/\/apexvape.de\/hu\/wp-json\/wp\/v2\/product_cat?post=2796"},{"taxonomy":"product_tag","embeddable":true,"href":"https:\/\/apexvape.de\/hu\/wp-json\/wp\/v2\/product_tag?post=2796"}],"curies":[{"name":"wp","href":"https:\/\/api.w.org\/{rel}","templated":true}]}}