{"id":2743,"date":"2025-11-23T10:35:05","date_gmt":"2025-11-23T09:35:05","guid":{"rendered":"https:\/\/apexvape.de\/?post_type=product&#038;p=2743"},"modified":"2025-11-23T10:36:18","modified_gmt":"2025-11-23T09:36:18","slug":"waspe-crystal-40000","status":"publish","type":"product","link":"https:\/\/apexvape.de\/hu\/product\/waspe-crystal-40000\/","title":{"rendered":"Waspe Crystal 40000 puff eldobhat\u00f3 vape"},"content":{"rendered":"<h2>Waspe Crystal 40000 Puffs | Kett\u0151s \u00edz\u0171 \u00fajrat\u00f6lthet\u0151 eldobhat\u00f3 e-cigaretta nagykereskedelem<\/h2>\n<p>A <strong>Waspe Crystal 40000 40K Puffs kett\u0151s \u00edz\u0171 eldobhat\u00f3 e-cigaretta<\/strong> 40 000 sz\u00edv\u00e1st, 32 ml e-liquidet \u00e9s kett\u0151s h\u00e1l\u00f3s tekercsrendszert (0,9 \u03a9) k\u00edn\u00e1l intenz\u00edv \u00edz \u00e9s l\u00e1gy g\u0151z \u00e9rdek\u00e9ben. 850 mAh-s \u00fajrat\u00f6lthet\u0151 akkumul\u00e1torral, C t\u00edpus\u00fa gyorst\u00f6lt\u00e9ssel \u00e9s innovat\u00edv kett\u0151s \u00edzrendszerrel kellemes \u00e9s szem\u00e9lyre szabhat\u00f3 g\u0151z\u00f6l\u00e9si \u00e9lm\u00e9nyt ny\u00fajt. Az intelligens LED-kijelz\u0151 val\u00f3s id\u0151ben jelzi az akkumul\u00e1tor \u00e9s az e-liquid t\u00f6lt\u00f6tts\u00e9gi szintj\u00e9t, m\u00edg a kompakt kialak\u00edt\u00e1s t\u00f6k\u00e9letess\u00e9 teszi utaz\u00e1shoz. V\u00e1lasszon 12 egyedi \u00edz k\u00f6z\u00fcl a szem\u00e9lyre szabott g\u0151z\u00f6l\u00e9si \u00e9lm\u00e9ny\u00e9rt.<\/p>\n<h3>Waspe Crystal 40000 Puffs term\u00e9kjellemz\u0151k:<\/h3>\n<p>A Waspe Crystal 40000 40K Puffs eldobhat\u00f3 e-cigaretta rendk\u00edv\u00fcli sokoldal\u00fas\u00e1g\u00e1val gy\u0151zi meg a felhaszn\u00e1l\u00f3kat, 0 %, 2 % vagy 5 % nikotinopci\u00f3kkal, \u00edgy mindenki kiv\u00e1laszthatja az ide\u00e1lis er\u0151ss\u00e9get. Ak\u00e1r 40 000 slukkig terjed\u0151 \u00e9lvezetet garant\u00e1l ez a k\u00e9sz\u00fcl\u00e9k az innovat\u00edv Dual-Flavor rendszernek k\u00f6sz\u00f6nhet\u0151en, amely lehet\u0151v\u00e9 teszi, hogy k\u00e9t k\u00fcl\u00f6nb\u00f6z\u0151 \u00edz k\u00f6z\u00f6tt v\u00e1lthasson, \u00edgy tov\u00e1bbi v\u00e1ltozatoss\u00e1got \u00e9s izgalmat biztos\u00edtva.<\/p>\n<p>A fejlett kett\u0151s 0,9 \u03a9-os h\u00e1l\u00f3s tekercs technol\u00f3gi\u00e1nak k\u00f6sz\u00f6nhet\u0151en a Waspe Crystal 40000 minden sz\u00edv\u00e1sn\u00e1l l\u00e1gy g\u0151zt \u00e9s intenz\u00edvebb \u00edzt biztos\u00edt. A b\u0151s\u00e9ges 32 ml-es e-liquid kapacit\u00e1s minim\u00e1lisra cs\u00f6kkenti a gyakori ut\u00e1nt\u00f6lt\u00e9s sz\u00fcks\u00e9gess\u00e9g\u00e9t, m\u00edg a 850 mAh-s \u00fajrat\u00f6lthet\u0151 akkumul\u00e1tor folyamatos teljes\u00edtm\u00e9nyt biztos\u00edt hosszabb haszn\u00e1lat eset\u00e9n is. A Type-C gyors t\u00f6lt\u00e9s gyors \u00e9s hat\u00e9kony felt\u00f6lt\u00e9st biztos\u00edt, amikor sz\u00fcks\u00e9ges.<\/p>\n<p>Az intelligens LED-kijelz\u0151 lehet\u0151v\u00e9 teszi az akkumul\u00e1tor \u00e9s az e-liquid szintj\u00e9nek val\u00f3s idej\u0171 figyelemmel k\u00eds\u00e9r\u00e9s\u00e9t a k\u00e9nyelmes ellen\u0151rz\u00e9s \u00e9rdek\u00e9ben, m\u00edg a 12 finom \u00edzv\u00e1laszt\u00e9k a legk\u00fcl\u00f6nb\u00f6z\u0151bb \u00edzl\u00e9svil\u00e1gnak is megfelel. A k\u00f6nny\u0171 \u00e9s hordozhat\u00f3 kialak\u00edt\u00e1s t\u00f6k\u00e9letess\u00e9 teszi az utaz\u00e1s k\u00f6zbeni g\u0151z\u00f6l\u00e9shez, \u00e9s k\u00e9nyelmesen elf\u00e9r a t\u00e1sk\u00e1j\u00e1ban.<\/p>\n<p>A Waspe Crystal 40000 10 darabos, kereskedelmi forgalomra alkalmas dobozokban csomagolva ide\u00e1lis nagykereskedelmi v\u00e1s\u00e1rl\u00e1sokhoz \u00e9s kiskereskedelmi forgalmaz\u00e1shoz. V\u00e1lassza ezt az innovat\u00edv eszk\u00f6zt \u00edzl\u00e9ses, testreszabhat\u00f3 \u00e9s egyszer\u0171 vaping \u00e9lm\u00e9ny\u00e9rt, amely \u00f6tv\u00f6zi a teljes\u00edtm\u00e9nyt, a k\u00e9nyelmet \u00e9s a st\u00edlust.<\/p>\n<h3>M\u0171szaki adatok:<\/h3>\n<ul>\n<li><strong>Nikotin:<\/strong> 0 % \/ 2 % \/ 5 %<\/li>\n<li><strong>Vonatok:<\/strong> 40 000 puff<\/li>\n<li><strong>E-liquid kapacit\u00e1s:<\/strong> 32 ml<\/li>\n<li>Kett\u0151s 0,9 ohmos h\u00e1l\u00f3s tekercsek a l\u00e1gy, \u00edzletes sz\u00edv\u00e1sok\u00e9rt<\/li>\n<li>Type-C \u00fajrat\u00f6lthet\u0151, gyors t\u00f6lt\u00e9shez<\/li>\n<li>850 mAh \u00fajrat\u00f6lthet\u0151 akkumul\u00e1tor<\/li>\n<li>Intelligens LED-kijelz\u0151 jelzi az akkumul\u00e1tor t\u00f6lt\u00f6tts\u00e9gi \u00e1llapot\u00e1t \u00e9s az e-liquid szintj\u00e9t<\/li>\n<li>Kett\u0151s \u00edz\u00e9lm\u00e9ny<\/li>\n<li>12 \u00edz k\u00f6z\u00fcl v\u00e1laszthat<\/li>\n<\/ul>\n<h3>Waspe Crystal 40000 Puffs \u00edzv\u00e1laszt\u00e9k:<\/h3>\n<ol>\n<li>G\u00f6r\u00f6gdinnye j\u00e9g \/ citrom-lime<\/li>\n<li>Red Bull Ice \/ Eper-mang\u00f3<\/li>\n<li>Eper Red Bull \/ \u00c1fonya-cseresznye<\/li>\n<li>\u00c1fonya-cukorka \/ Eper-g\u00f6r\u00f6gdinnye<\/li>\n<li>Eper-kiwi \/ Eper-cseresznye<\/li>\n<li>\u00c1fonya-m\u00e1lna \/ \u0151szibarack-bogy\u00f3s gy\u00fcm\u00f6lcs\u00f6k Ice<\/li>\n<li>Eper-m\u00e1lna-cseresznye \/ Love 666<\/li>\n<li>\u0150szibarack j\u00e9gkr\u00e9m \/ G\u00f6r\u00f6gdinnye-mang\u00f3-\u0151szibarack<\/li>\n<li>Eper-ban\u00e1n \/ Anan\u00e1sz-k\u00f3kusz j\u00e9gkr\u00e9m<\/li>\n<li>Sz\u0151l\u0151 Ice \/ Fekete S\u00e1rk\u00e1ny Ice<\/li>\n<li>Vegyes bogy\u00f3s gy\u00fcm\u00f6lcs\u00f6k \/ m\u00e1lna limon\u00e1d\u00e9<\/li>\n<li>\u00c1fonya Ice \/ Cseresznye-Cola Ice<\/li>\n<\/ol>\n<h3>Gyakran feltett k\u00e9rd\u00e9sek:<\/h3>\n<p><strong>K: Mi az a kett\u0151s \u00edzrendszer \u00e9s hogyan m\u0171k\u00f6dik?<\/strong><br \/>\nV: A kett\u0151s \u00edzrendszer lehet\u0151v\u00e9 teszi, hogy ugyanazon eszk\u00f6z\u00f6n bel\u00fcl k\u00e9t k\u00fcl\u00f6nb\u00f6z\u0151, el\u0151re felt\u00f6lt\u00f6tt \u00edz k\u00f6z\u00f6tt v\u00e1lthasson, \u00edgy szem\u00e9lyre szabott \u00e9s v\u00e1ltozatos g\u0151z\u00f6l\u00e9si \u00e9lm\u00e9nyt ny\u00fajt, an\u00e9lk\u00fcl, hogy m\u00e1sodik eszk\u00f6zre lenne sz\u00fcks\u00e9ge.<\/p>\n<p><strong>K: Mi\u00e9rt jobbak a kett\u0151s h\u00e1l\u00f3s tekercsek az \u00edz szempontj\u00e1b\u00f3l?<\/strong><br \/>\nV: A kett\u0151s 0,9 \u03a9-os h\u00e1l\u00f3s tekercsek nagyobb fel\u00fcletet biztos\u00edtanak az e-liquid meleg\u00edt\u00e9s\u00e9hez. Ez l\u00e1gyabb g\u0151zt, intenz\u00edvebb \u00edzt \u00e9s nagyobb konzisztenci\u00e1t eredm\u00e9nyez, \u00e9s kik\u00fcsz\u00f6b\u00f6li a sz\u00e1raz vagy \u00e9gett \u00edzt, amely a standard tekercsekn\u00e9l gyakran el\u0151fordul.<\/p>\n<p><strong>K: Mennyi ideig tart a WASPE Crystal 40000?<\/strong><br \/>\nV: A k\u00e9sz\u00fcl\u00e9k legfeljebb 40 000 sz\u00edv\u00e1sra van tervezve. A t\u00e9nyleges \u00e9lettartam az egy\u00e9ni szok\u00e1sokt\u00f3l f\u00fcgg\u0151en v\u00e1ltozik, de \u00fagy van kialak\u00edtva, hogy l\u00e9nyegesen hosszabb ideig tartson, mint a hagyom\u00e1nyos eldobhat\u00f3 e-cigarett\u00e1k.<\/p>\n<h3 class=\"font-claude-response-body whitespace-normal break-words\"><strong>Az Apex Vape-r\u0151l \u2013 megb\u00edzhat\u00f3 partnere a pr\u00e9mium e-cigarett\u00e1k ter\u00e9n:<\/strong><\/h3>\n<p class=\"font-claude-response-body whitespace-normal break-words\">Fedezze fel a Waspe Crystal 40000-et \u00e9s m\u00e1s kiv\u00e1l\u00f3 min\u0151s\u00e9g\u0171 vaping term\u00e9keket a <strong><a class=\"underline\" href=\"https:\/\/apexvape.de\/hu\/\">Apex Vape<\/a><\/strong>, N\u00e9metorsz\u00e1g vezet\u0151 online boltja az e-cigarett\u00e1k \u00e9s a vaporiz\u00e1l\u00f3 kieg\u00e9sz\u00edt\u0151k ter\u00e9n. Kiterjedt k\u00edn\u00e1latunkban <strong><a class=\"underline\" href=\"https:\/\/apexvape.de\/hu\/product-category\/waspe-vape\/\">WASPE VAPE kateg\u00f3ria<\/a><\/strong> tal\u00e1lja meg a WASPE m\u00e1rka leg\u00fajabb modelljeit \u00e9s innovat\u00edv k\u00e9sz\u00fcl\u00e9keit vonz\u00f3 nagykereskedelmi \u00e1ron. Haszn\u00e1lja ki a gyors sz\u00e1ll\u00edt\u00e1s, az els\u0151 oszt\u00e1ly\u00fa \u00fcgyf\u00e9lszolg\u00e1lat \u00e9s a minden \u00edzl\u00e9snek megfelel\u0151 pr\u00e9mium term\u00e9kek sz\u00e9les v\u00e1laszt\u00e9k\u00e1nak el\u0151nyeit. Rendelje meg m\u00e9g ma Waspe Crystal 40000 k\u00e9sz\u00fcl\u00e9k\u00e9t, \u00e9s \u00e9lvezze a g\u0151z\u00f6l\u00e9s legmagasabb szint\u0171 \u00e9lm\u00e9ny\u00e9t!<\/p>","protected":false},"excerpt":{"rendered":"<p class=\"font-claude-response-body whitespace-normal break-words\">A Waspe Crystal 40000 Puffs eldobhat\u00f3 e-cigaretta kett\u0151s \u00edzrendszer\u00e9vel k\u00e9t \u00edz k\u00f6z\u00f6tt v\u00e1lthat. Kett\u0151s h\u00e1l\u00f3s tekercsek (0,9 \u03a9), 32 ml e-liquid, 850 mAh akkumul\u00e1tor Type-C gyorst\u00f6lt\u00e9ssel \u00e9s LED-kijelz\u0151vel. 0%, 2% vagy 5% nikotintartalommal, 12 \u00edz k\u00f6z\u00fcl v\u00e1laszthat.<\/p>","protected":false},"featured_media":2783,"comment_status":"open","ping_status":"closed","template":"","meta":[],"product_brand":[],"product_cat":[75],"product_tag":[],"class_list":{"0":"post-2743","1":"product","2":"type-product","3":"status-publish","4":"has-post-thumbnail","6":"product_cat-waspe-vape","8":"first","9":"instock","10":"shipping-taxable","11":"purchasable","12":"product-type-variable"},"_links":{"self":[{"href":"https:\/\/apexvape.de\/hu\/wp-json\/wp\/v2\/product\/2743","targetHints":{"allow":["GET"]}}],"collection":[{"href":"https:\/\/apexvape.de\/hu\/wp-json\/wp\/v2\/product"}],"about":[{"href":"https:\/\/apexvape.de\/hu\/wp-json\/wp\/v2\/types\/product"}],"replies":[{"embeddable":true,"href":"https:\/\/apexvape.de\/hu\/wp-json\/wp\/v2\/comments?post=2743"}],"version-history":[{"count":0,"href":"https:\/\/apexvape.de\/hu\/wp-json\/wp\/v2\/product\/2743\/revisions"}],"wp:featuredmedia":[{"embeddable":true,"href":"https:\/\/apexvape.de\/hu\/wp-json\/wp\/v2\/media\/2783"}],"wp:attachment":[{"href":"https:\/\/apexvape.de\/hu\/wp-json\/wp\/v2\/media?parent=2743"}],"wp:term":[{"taxonomy":"product_brand","embeddable":true,"href":"https:\/\/apexvape.de\/hu\/wp-json\/wp\/v2\/product_brand?post=2743"},{"taxonomy":"product_cat","embeddable":true,"href":"https:\/\/apexvape.de\/hu\/wp-json\/wp\/v2\/product_cat?post=2743"},{"taxonomy":"product_tag","embeddable":true,"href":"https:\/\/apexvape.de\/hu\/wp-json\/wp\/v2\/product_tag?post=2743"}],"curies":[{"name":"wp","href":"https:\/\/api.w.org\/{rel}","templated":true}]}}