{"id":2612,"date":"2025-11-23T10:13:15","date_gmt":"2025-11-23T09:13:15","guid":{"rendered":"https:\/\/apexvape.de\/?post_type=product&#038;p=2612"},"modified":"2025-11-23T10:13:40","modified_gmt":"2025-11-23T09:13:40","slug":"waspe-aiviou-40000","status":"publish","type":"product","link":"https:\/\/apexvape.de\/hu\/product\/waspe-aiviou-40000\/","title":{"rendered":"WASPE AIVIOU 40000 Puffs eldobhat\u00f3 vape"},"content":{"rendered":"<h2>WASPE AIVIOU 40000 sz\u00edv\u00e1s | 36 ml, kett\u0151s h\u00e1l\u00f3, 0%-5% nikotin, kett\u0151s aroma, eldobhat\u00f3 e-cigaretta<\/h2>\n<p>A WASPE AIVIOU 40000 sz\u00edv\u00e1sos, egyszer haszn\u00e1latos e-cigaretta kett\u0151s arom\u00e1val az ipar\u00e1gban vezet\u0151 40 000 sz\u00edv\u00e1sos kapacit\u00e1st k\u00edn\u00e1l. Az innovat\u00edv kett\u0151s aroma rendszer lehet\u0151v\u00e9 teszi a 20 aromav\u00e1laszt\u00e9kb\u00f3l k\u00e9t k\u00fcl\u00f6nb\u00f6z\u0151 \u00edz k\u00f6z\u00f6tti azonnali v\u00e1lt\u00e1st. Az intelligens LCD-kijelz\u0151 val\u00f3s idej\u0171 inform\u00e1ci\u00f3kat ny\u00fajt az akkumul\u00e1tor t\u00f6lt\u00f6tts\u00e9gi \u00e1llapot\u00e1r\u00f3l \u00e9s az e-folyad\u00e9k szintj\u00e9r\u0151l, m\u00edg a kett\u0151s h\u00e1l\u00f3s tekercsek intenz\u00edv \u00edz\u00e9lm\u00e9nyt biztos\u00edtanak. 850 mAh-s \u00fajrat\u00f6lthet\u0151 akkumul\u00e1torral m\u0171k\u00f6dik, Type-C t\u00f6lt\u00e9ssel, \u00e9s 0%\/2%\/5% nikotintartalommal kaphat\u00f3.<\/p>\n<h3>WASPE AIVIOU 40000 sz\u00edv\u00e1s F\u0151bb jellemz\u0151k:<\/h3>\n<p>A WASPE 40000 40K egyedi e-cigaretta egy ultramodern eszk\u00f6z azoknak a g\u0151z\u00f6l\u0151knek, akik innov\u00e1ci\u00f3t \u00e9s kiv\u00e9teles teljes\u00edtm\u00e9nyt keresnek. Ak\u00e1r 40 000 sz\u00edv\u00e1ssal \u00e9s kett\u0151s 0,9 ohmos h\u00e1l\u00f3s tekercsekkel garant\u00e1lja a sima, arom\u00e1s g\u0151ztermel\u00e9st \u00e9s a kiel\u00e9g\u00edt\u0151 torok\u00e9rzetet. A kett\u0151s tekercsek gondoskodnak arr\u00f3l, hogy minden sz\u00edv\u00e1s gazdag \u00e9s tel\u00edtett legyen, jav\u00edtva a g\u0151z\u00f6l\u00e9si \u00e9lm\u00e9nyt.<\/p>\n<p>A nagylelk\u0171 36 ml-es e-liquid kapacit\u00e1ssal \u00e9s 850 mAh-s \u00fajrat\u00f6lthet\u0151 akkumul\u00e1torral ez az e-cigaretta hossz\u00fa g\u0151z\u00f6l\u00e9si id\u0151t biztos\u00edt, an\u00e9lk\u00fcl, hogy gyakran kellene ut\u00e1nt\u00f6lteni vagy felt\u00f6lteni. A Type-C gyors t\u00f6lt\u00e9s gyors \u00e9s k\u00e9nyelmes t\u00f6lt\u00e9st biztos\u00edt, \u00edgy mindig k\u00e9szen \u00e1ll a haszn\u00e1latra. Az intelligens LED-kijelz\u0151 val\u00f3s idej\u0171 friss\u00edt\u00e9seket ny\u00fajt az akkumul\u00e1tor \u00e9s az e-liquid t\u00f6lt\u00f6tts\u00e9gi szintj\u00e9r\u0151l, \u00edgy mindig t\u00e1j\u00e9kozott marad a k\u00e9sz\u00fcl\u00e9k \u00e1llapot\u00e1r\u00f3l.<\/p>\n<p>A kett\u0151s aroma funkci\u00f3 lehet\u0151v\u00e9 teszi, hogy k\u00e9t k\u00fcl\u00f6nb\u00f6z\u0151 \u00edz k\u00f6z\u00f6tt v\u00e1lthasson, \u00e9s v\u00e9gtelen lehet\u0151s\u00e9geket k\u00edn\u00e1l\u00f3, szem\u00e9lyre szabhat\u00f3 g\u0151z\u00f6l\u00e9si \u00e9lm\u00e9nyt biztos\u00edt. 0%, 2% \u00e9s 5% nikotintartalommal kaphat\u00f3, a WASPE 40000 mind az alkalmi, mind a tapasztalt felhaszn\u00e1l\u00f3knak sz\u00f3l, 20 k\u00fcl\u00f6nb\u00f6z\u0151 \u00edzzel, minden \u00edzl\u00e9snek megfelel\u0151en.<\/p>\n<h3>M\u0171szaki adatok:<\/h3>\n<ul>\n<li><strong>Nikotin:<\/strong> 0%\/2%\/5%<\/li>\n<li><strong>Vonatok:<\/strong> 40 000 vonat<\/li>\n<li><strong>E-liquid kapacit\u00e1s:<\/strong> 36 ml<\/li>\n<li>Kett\u0151s 0,9 ohmos h\u00e1l\u00f3s tekercsek a l\u00e1gy, arom\u00e1s sz\u00edv\u00e1sok\u00e9rt<\/li>\n<li>Type-C \u00fajrat\u00f6lthet\u0151, gyors t\u00f6lt\u00e9shez<\/li>\n<li>850 mAh \u00fajrat\u00f6lthet\u0151 akkumul\u00e1tor<\/li>\n<li>Intelligens LED-kijelz\u0151 jelzi az akkumul\u00e1tor t\u00f6lt\u00f6tts\u00e9gi \u00e1llapot\u00e1t \u00e9s az e-liquid szintj\u00e9t<\/li>\n<li>Kett\u0151s arom\u00e1s \u00e9lm\u00e9ny<\/li>\n<li>20 \u00edz k\u00f6z\u00fcl v\u00e1laszthat<\/li>\n<\/ul>\n<h3>WASPE AIVIOU 40000 sz\u00edv\u00e1s \u00cdzv\u00e1laszt\u00e9k:<\/h3>\n<ol>\n<li>G\u00f6r\u00f6gdinnye j\u00e9gkr\u00e9m\/citrom-lime<\/li>\n<li>Pezsg\u0151 cseresznye j\u00e9gkr\u00e9m\/\u00e1fonya vattacukor<\/li>\n<li>Eper, g\u00f6r\u00f6gdinnye\/\u00e1fonya, m\u00e1lna<\/li>\n<li>Red Bull j\u00e9gkr\u00e9m\/eper-mang\u00f3<\/li>\n<li>\u0150szibarack j\u00e9gkr\u00e9m\/anan\u00e1sz mang\u00f3 \u0151szibarack<\/li>\n<li>Sz\u0151l\u0151 j\u00e9gkr\u00e9m\/eper kiwi<\/li>\n<li>Vegyes bogy\u00f3s gy\u00fcm\u00f6lcs\u00f6k\/dupla alma j\u00e9gkr\u00e9m<\/li>\n<li>Blue Razz limon\u00e1d\u00e9\/g\u00f6r\u00f6gdinnye r\u00e1g\u00f3gumi<\/li>\n<li>Eper, m\u00e1lna, cseresznye\/Love 666<\/li>\n<li>Eper Ban\u00e1n\/Anan\u00e1sz K\u00f3kusz J\u00e9gkr\u00e9m<\/li>\n<li>Eper, g\u00f6r\u00f6gdinnye, r\u00e1g\u00f3gumi\/vegyes gy\u00fcm\u00f6lcs\u00f6k<\/li>\n<li>Csereszny\u00e9s k\u00f3la j\u00e9gkr\u00e9m\/eper-m\u00e1lna cukorka<\/li>\n<li>Savany\u00fa alma m\u00e1lna\/eper Big Bang<\/li>\n<li>\u0150szibarack Bogy\u00f3s gy\u00fcm\u00f6lcs\/g\u00f6r\u00f6gdinnye Mang\u00f3 \u0150szibarack<\/li>\n<li>\u00c1fonya j\u00e9gkr\u00e9m\/Fekete S\u00e1rk\u00e1ny j\u00e9gkr\u00e9m<\/li>\n<li>Eper Cseresznye\/Kivi Passi\u00f3gy\u00fcm\u00f6lcs<\/li>\n<li>Gumicukorka\/eperk\u00f3l\u00e1s<\/li>\n<li>Ban\u00e1n-anan\u00e1sz j\u00e9gkr\u00e9m\/Red Bull j\u00e9gkr\u00e9m<\/li>\n<li>Red Bull eper\/fekete ribizli j\u00e9gkr\u00e9m<\/li>\n<li>Tripla dinnye j\u00e9gkr\u00e9m\/m\u00e1lna g\u00f6r\u00f6gdinnye<\/li>\n<\/ol>\n<h3>Gyakran ism\u00e9telt k\u00e9rd\u00e9sek (GYIK)<\/h3>\n<p><strong>K: Hogyan v\u00e1lthatok a WASPE 40000-n\u00e9l a k\u00e9t aroma k\u00f6z\u00f6tt?<\/strong><\/p>\n<p>V: A fels\u0151 sz\u00e1jr\u00e9sz balra \u00e9s jobbra cs\u00fasztathat\u00f3. A bal oldalon tal\u00e1lhat\u00f3 az els\u0151 aroma, a jobb oldalon pedig a m\u00e1sodik aroma. A fels\u0151 sz\u00e1jr\u00e9szt balra vagy jobbra cs\u00fasztatva b\u00e1rmikor megv\u00e1ltoztathatja a k\u00edv\u00e1nt arom\u00e1t.<\/p>\n<p><strong>K: Mennyi ideig tart a WASPE 40K e-cigaretta 850 mAh-s akkumul\u00e1tora?<\/strong><\/p>\n<p>V: Az akkumul\u00e1tor \u00e9lettartama a haszn\u00e1latt\u00f3l f\u00fcgg\u0151en v\u00e1ltozik. Az \u00fajrat\u00f6lthet\u0151 Type-C akkumul\u00e1tor t\u00f6bbsz\u00f6ri felt\u00f6lt\u00e9st tesz lehet\u0151v\u00e9, \u00e9s biztos\u00edtja, hogy az eg\u00e9sz 36 ml-es e-liquid kapacit\u00e1shoz elegend\u0151 legyen.<\/p>\n<p><strong>K: Mit mutat a WASPE eldobhat\u00f3 e-cigaretta 40K sz\u00edv\u00e1s LED-kijelz\u0151je?<\/strong><\/p>\n<p>A: A LED-kijelz\u0151 egy\u00e9rtelm\u0171en mutatja a marad\u00e9k akkumul\u00e1tor t\u00f6lt\u00f6tts\u00e9gi szintj\u00e9t \u00e9s azt, hogy a k\u00e9t aroma k\u00f6z\u00fcl melyik van jelenleg kiv\u00e1lasztva a g\u0151z\u00f6l\u00e9shez.<\/p>\n<h3>Fedezze fel az Apex Vape k\u00edn\u00e1lat\u00e1t!<\/h3>\n<p>Kiv\u00e1l\u00f3 min\u0151s\u00e9g\u0171 e-cigarett\u00e1kat \u00e9s vape term\u00e9keket keres? L\u00e1togasson el a <strong><a href=\"https:\/\/apexvape.de\/hu\/\">Apex Vape<\/a><\/strong>, a pr\u00e9mium g\u0151zterm\u00e9kek megb\u00edzhat\u00f3 online \u00e1ruh\u00e1za N\u00e9metorsz\u00e1gban. A WASPE AIVIOU 40000 sz\u00edv\u00e1s a sz\u00e9les v\u00e1laszt\u00e9kunk r\u00e9sze. <strong><a href=\"https:\/\/apexvape.de\/hu\/product-category\/waspe-vape\/\">WASPE VAPE kollekci\u00f3<\/a><\/strong>, amely a legmodernebb technol\u00f3gi\u00e1val rendelkez\u0151 innovat\u00edv eldobhat\u00f3 e-cigarett\u00e1kat k\u00edn\u00e1l. Fedezze fel a WASPE tov\u00e1bbi modelljeit, \u00e9s \u00e9lvezze a gyors sz\u00e1ll\u00edt\u00e1st, az eredeti term\u00e9keket \u00e9s az els\u0151 oszt\u00e1ly\u00fa \u00fcgyf\u00e9lszolg\u00e1latot. Ak\u00e1r kezd\u0151, ak\u00e1r tapasztalt e-cigaretta-haszn\u00e1l\u00f3, az Apex Vape-n\u00e9l megtal\u00e1lja az ig\u00e9nyeinek legink\u00e1bb megfelel\u0151 e-cigarett\u00e1t.<\/p>","protected":false},"excerpt":{"rendered":"<p class=\"font-claude-response-body whitespace-normal break-words\">A WASPE AIVIOU 40000 sz\u00edv\u00e1sos eldobhat\u00f3 e-cigaretta innovat\u00edv kett\u0151s aromarendszer\u00e9vel leny\u0171g\u00f6z, amely 20 \u00edz k\u00f6z\u00f6tt lehet v\u00e1ltani. Kett\u0151s h\u00e1l\u00f3s tekercsek, 36 ml e-liquid, 850 mAh akkumul\u00e1tor C-t\u00edpus\u00fa t\u00f6lt\u00e9ssel \u00e9s LCD-kijelz\u0151vel az akkumul\u00e1tor \u00e9s a folyad\u00e9k szintj\u00e9nek megjelen\u00edt\u00e9s\u00e9hez. 0%, 2% vagy 5% nikotintartalommal kaphat\u00f3.<\/p>","protected":false},"featured_media":2676,"comment_status":"open","ping_status":"closed","template":"","meta":[],"product_brand":[],"product_cat":[75],"product_tag":[],"class_list":{"0":"post-2612","1":"product","2":"type-product","3":"status-publish","4":"has-post-thumbnail","6":"product_cat-waspe-vape","8":"first","9":"instock","10":"shipping-taxable","11":"purchasable","12":"product-type-variable"},"_links":{"self":[{"href":"https:\/\/apexvape.de\/hu\/wp-json\/wp\/v2\/product\/2612","targetHints":{"allow":["GET"]}}],"collection":[{"href":"https:\/\/apexvape.de\/hu\/wp-json\/wp\/v2\/product"}],"about":[{"href":"https:\/\/apexvape.de\/hu\/wp-json\/wp\/v2\/types\/product"}],"replies":[{"embeddable":true,"href":"https:\/\/apexvape.de\/hu\/wp-json\/wp\/v2\/comments?post=2612"}],"version-history":[{"count":0,"href":"https:\/\/apexvape.de\/hu\/wp-json\/wp\/v2\/product\/2612\/revisions"}],"wp:featuredmedia":[{"embeddable":true,"href":"https:\/\/apexvape.de\/hu\/wp-json\/wp\/v2\/media\/2676"}],"wp:attachment":[{"href":"https:\/\/apexvape.de\/hu\/wp-json\/wp\/v2\/media?parent=2612"}],"wp:term":[{"taxonomy":"product_brand","embeddable":true,"href":"https:\/\/apexvape.de\/hu\/wp-json\/wp\/v2\/product_brand?post=2612"},{"taxonomy":"product_cat","embeddable":true,"href":"https:\/\/apexvape.de\/hu\/wp-json\/wp\/v2\/product_cat?post=2612"},{"taxonomy":"product_tag","embeddable":true,"href":"https:\/\/apexvape.de\/hu\/wp-json\/wp\/v2\/product_tag?post=2612"}],"curies":[{"name":"wp","href":"https:\/\/api.w.org\/{rel}","templated":true}]}}