{"id":2517,"date":"2025-11-22T15:00:35","date_gmt":"2025-11-22T14:00:35","guid":{"rendered":"https:\/\/apexvape.de\/?post_type=product&#038;p=2517"},"modified":"2025-11-22T15:00:58","modified_gmt":"2025-11-22T14:00:58","slug":"fumot-leopard-40000","status":"publish","type":"product","link":"https:\/\/apexvape.de\/hu\/product\/fumot-leopard-40000\/","title":{"rendered":"Fumot Leopard 40000 sz\u00edv\u00e1s\u00fa eldobhat\u00f3 e-cigaretta"},"content":{"rendered":"<h2>Fumot Leopard 40000 | 40 000 sz\u00edv\u00e1s RGB kett\u0151s h\u00e1l\u00f3s e-cigaretta nagykereskedelemben<\/h2>\n<p>A Fumot Leopard 40000 eldobhat\u00f3 e-cigaretta ak\u00e1r 40 000 slukknyi l\u00e1gy, arom\u00e1s g\u0151zt biztos\u00edt. A kett\u0151s h\u00e1l\u00f3s tekercsek intenz\u00edv \u00edzt biztos\u00edtanak, \u00e9s 2 %, 3 % vagy 5 % nikotintartalom k\u00f6z\u00fcl v\u00e1laszthat. A 700 mAh-s akkumul\u00e1tor hossz\u00fa \u00e9lettartam\u00fa teljes\u00edtm\u00e9nyt biztos\u00edt, a C t\u00edpus\u00fa t\u00f6lt\u0151csatlakoz\u00f3 pedig gyors felt\u00f6lt\u00e9st tesz lehet\u0151v\u00e9. Ezenk\u00edv\u00fcl a digit\u00e1lis kijelz\u0151 folyamatosan t\u00e1j\u00e9koztatja \u00d6nt az e-liquid \u00e9s az akkumul\u00e1tor \u00e1llapot\u00e1r\u00f3l.<\/p>\n<h3>Fumot Leopard 40000 sz\u00edv\u00e1s F\u0151bb jellemz\u0151k:<\/h3>\n<p>A Fumot Leopard 40000 \u00f6tv\u00f6zi a teljes\u00edtm\u00e9nyt \u00e9s a st\u00edlust egy nagy teljes\u00edtm\u00e9ny\u0171, eldobhat\u00f3 e-cigarett\u00e1ban, amely hihetetlen 40 000 slukkot biztos\u00edt. Komoly teljes\u00edtm\u00e9nyre tervezve, kett\u0151s h\u00e1l\u00f3s tekercsrendszerrel rendelkezik, amely az els\u0151t\u0151l az utols\u00f3 slukkig \u00e1lland\u00f3an intenz\u00edv \u00edzt \u00e9s l\u00e1gy g\u0151zt biztos\u00edt. 2 %, 3 % \u00e9s 5 % nikotintartalommal kaphat\u00f3, \u00edgy a k\u00e9sz\u00fcl\u00e9k az \u00d6n szem\u00e9lyes preferenci\u00e1ihoz \u00e9s g\u0151z\u00f6l\u00e9si st\u00edlus\u00e1hoz igazodik.<\/p>\n<p>A Leopard 40000 egy 700 mAh-s akkumul\u00e1torral m\u0171k\u00f6dik, amely t\u00f6lt\u00e9si funkci\u00f3val rendelkezik, \u00e9s tart\u00f3s teljes\u00edtm\u00e9nyt ny\u00fajt a g\u0151z\u00f6l\u00e9s sor\u00e1n. A gyors Type-C t\u00f6lt\u00e9snek k\u00f6sz\u00f6nhet\u0151en gyorsan felt\u00f6ltheti \u00e9s minim\u00e1lis le\u00e1ll\u00e1si id\u0151vel folytathatja a g\u0151z\u00f6l\u00e9st, \u00edgy soha nem kell sok\u00e1ig n\u00e9lk\u00fcl\u00f6znie k\u00e9sz\u00fcl\u00e9k\u00e9t.<\/p>\n<p>Ami ezt az e-cigarett\u00e1t k\u00fcl\u00f6nlegess\u00e9 teszi, az a felt\u0171n\u0151 RGB forg\u00f3 f\u00e9nye, amely minden slukkhoz \u00e9l\u00e9nk vizu\u00e1lis elemet ad. A digit\u00e1lis cs\u0151 kijelz\u0151 val\u00f3s idej\u0171 friss\u00edt\u00e9sekkel t\u00e1j\u00e9koztatja \u00d6nt az e-liquid \u00e9s az akkumul\u00e1tor \u00e1llapot\u00e1r\u00f3l, \u00e9s teljes ellen\u0151rz\u00e9st biztos\u00edt a g\u0151z\u00f6l\u00e9si \u00e9lm\u00e9ny felett. Mindig pontosan tudja, mikor kell t\u00f6lteni, vagy mikor fog elfogyni az e-liquid.<\/p>\n<p>25 finom \u00edzben kaphat\u00f3, praktikus 10 darabos csomagol\u00e1sban, a Fumot Leopard 40000 azoknak a g\u0151z\u00f6l\u0151knek k\u00e9sz\u00fclt, akik \u00e9rt\u00e9kelik a st\u00edlust \u00e9s a tartalmat egyar\u00e1nt. Jellegzetes megjelen\u00e9s\u00e9vel, er\u0151teljes sz\u00edv\u00e1s\u00e1val \u00e9s intelligens fel\u00fcgyeleti funkci\u00f3ival ez a k\u00e9sz\u00fcl\u00e9k kiv\u00e9teles g\u0151z\u00f6l\u00e9si \u00e9lm\u00e9nyt ny\u00fajt, amelynek sor\u00e1n az elej\u00e9t\u0151l a v\u00e9g\u00e9ig \u00d6n tartja k\u00e9zben az ir\u00e1ny\u00edt\u00e1st.<\/p>\n<h3>Term\u00e9kle\u00edr\u00e1s:<\/h3>\n<ul>\n<li><strong>Vonatok:<\/strong> Ak\u00e1r 40 000<\/li>\n<li><strong>Nikotin:<\/strong> 2 % \/ 3 % \/ 5 %<\/li>\n<li><strong>Akkumul\u00e1tor:<\/strong> 700 mAh \u00fajrat\u00f6lthet\u0151<\/li>\n<li><strong>Tekercs:<\/strong> Kett\u0151s h\u00e1l\u00f3s tekercs<\/li>\n<li><strong>T\u00f6lt\u00e9s:<\/strong> C t\u00edpus<\/li>\n<li><strong>Vil\u00e1g\u00edt\u00e1s:<\/strong> RGB forg\u00f3 f\u00e9ny<\/li>\n<li><strong>Kijelz\u0151:<\/strong> Digit\u00e1lis e-liquid \u00e9s akkumul\u00e1tor t\u00f6lt\u00f6tts\u00e9gi szint kijelz\u0151<\/li>\n<li><strong>Csomagol\u00e1s:<\/strong> 10 darab\/csomag<\/li>\n<li><strong>\u00cdzek:<\/strong> 25 opci\u00f3<\/li>\n<\/ul>\n<h3>\u00cdzjegyz\u00e9k:<\/h3>\n<ol>\n<li>Vegyes bogy\u00f3s gy\u00fcm\u00f6lcs\u00f6k<\/li>\n<li>\u00c1fonya m\u00e1lna<\/li>\n<li>Eper G\u00f6r\u00f6gdinnye<\/li>\n<li>Eper j\u00e9gkr\u00e9m<\/li>\n<li>Cseresznye Ice<\/li>\n<li>G\u00f6r\u00f6gdinnye j\u00e9g<\/li>\n<li>Kivi Passi\u00f3gy\u00fcm\u00f6lcs Guava<\/li>\n<li>Dr. Blue<\/li>\n<li>\u00c1fonya j\u00e9gen<\/li>\n<li>\u0150szibarack bogy\u00f3<\/li>\n<li>R\u00f3zsasz\u00edn limon\u00e1d\u00e9<\/li>\n<li>Eper Ban\u00e1n<\/li>\n<li>G\u00f6r\u00f6gdinnye r\u00e1g\u00f3gumi<\/li>\n<li>\u0150szibarack Mang\u00f3 Anan\u00e1sz<\/li>\n<li>Fekete S\u00e1rk\u00e1ny J\u00e9g<\/li>\n<li>\u00c1fonya Cseresznye \u00c1fonya<\/li>\n<li>Blue Razz gumicukorka<\/li>\n<li>Szeder V\u00f6r\u00f6s m\u00e1lna<\/li>\n<li>Z\u00f6ld alma \u0151szibarack<\/li>\n<li>\u00daj k\u00e9k cseresznye-\u00e1fonya<\/li>\n<li>Passi\u00f3gy\u00fcm\u00f6lcs Kiwi<\/li>\n<li>Mang\u00f3 Passi\u00f3gy\u00fcm\u00f6lcs<\/li>\n<li>K\u00e9k Razz cseresznye<\/li>\n<li>Cseresznye-g\u00f6r\u00f6gdinnye fagyasztott<\/li>\n<li>\u00c1fonya-gr\u00e1n\u00e1talma j\u00e9gkr\u00e9m<\/li>\n<\/ol>\n<h3>Gyakran ism\u00e9telt k\u00e9rd\u00e9sek (GYIK):<\/h3>\n<p><strong>F1: H\u00e1ny slukkot k\u00edn\u00e1l a Fumot Leopard 40000 slukkos e-cigaretta?<\/strong><br \/>\nA1: A Fumot Leopard 40000 sz\u00edv\u00e1sos e-cigaretta ak\u00e1r 40 000 sz\u00edv\u00e1st is biztos\u00edt, \u00edgy az egyik legtart\u00f3sabb eldobhat\u00f3 e-cigaretta a piacon.<\/p>\n<p><strong>F2: Mi k\u00fcl\u00f6nb\u00f6zteti meg a Fumot Leopard 40k E-cigarett\u00e1t a t\u00f6bbit\u0151l?<\/strong><br \/>\nA2: A Fumot Leopard 40k vonal RGB forg\u00f3 f\u00e9ny\u00e9vel, digit\u00e1lis e-liquid \u00e9s akkumul\u00e1tor kijelz\u0151j\u00e9vel, kett\u0151s h\u00e1l\u00f3s tekercs\u00e9vel \u00e9s \u00fajrat\u00f6lthet\u0151 700 mAh-s akkumul\u00e1tor\u00e1val t\u0171nik ki.<\/p>\n<p><strong>F3: A 40k e-cigaretta \u00fajrat\u00f6lthet\u0151?<\/strong><br \/>\nA3: Igen, ez a 40k e-cigaretta egy C t\u00edpus\u00fa akkumul\u00e1torral rendelkezik, amely k\u00e9nyelmes \u00e9s gyors t\u00f6lt\u00e9st biztos\u00edt.<\/p>\n<h3>Fedezze fel a FUMOT VAPE term\u00e9keit az apexvape weboldalon<\/h3>\n<p>Fedezze fel a Fumot Leopard 40000-et \u00e9s m\u00e1s pr\u00e9mium e-cigarett\u00e1kat a <strong><a href=\"https:\/\/apexvape.de\/hu\/\">Apex Vape<\/a><\/strong>, az \u00d6n megb\u00edzhat\u00f3 partnere a kiv\u00e1l\u00f3 min\u0151s\u00e9g\u0171 nagykereskedelmi vape term\u00e9kek ter\u00e9n. Kiterjedt k\u00edn\u00e1latunkban <strong><a href=\"https:\/\/apexvape.de\/hu\/product-category\/fumot-vape\/\">FUMOT VAPE kateg\u00f3ria<\/a><\/strong> tal\u00e1lja meg a Fumot m\u00e1rka leg\u00fajabb modelljeit \u00e9s leginnovat\u00edvabb k\u00e9sz\u00fcl\u00e9keit. Haszn\u00e1lja ki a vonz\u00f3 nagykereskedelmi \u00e1rakat, a gyors sz\u00e1ll\u00edt\u00e1st \u00e9s az els\u0151 oszt\u00e1ly\u00fa \u00fcgyf\u00e9lszolg\u00e1latot a vape \u00fczlet\u00e9hez.<\/p>","protected":false},"excerpt":{"rendered":"<p class=\"font-claude-response-body whitespace-normal break-words\">A Fumot Leopard 40000 ak\u00e1r 40 000 sz\u00edv\u00e1st biztos\u00edt a kett\u0151s h\u00e1l\u00f3s tekercs technol\u00f3gi\u00e1val az intenz\u00edv \u00edz \u00e9rdek\u00e9ben. Az RGB forg\u00f3 f\u00e9ny vizu\u00e1lis hat\u00e1st biztos\u00edt, m\u00edg a digit\u00e1lis kijelz\u0151 az e-liquid \u00e9s az akkumul\u00e1tor t\u00f6lt\u00f6tts\u00e9gi szintj\u00e9t jelzi. 700 mAh-s akkumul\u00e1tor Type-C t\u00f6lt\u00e9ssel, 2%-5% nikotin, 25 \u00edzben kaphat\u00f3.<\/p>","protected":false},"featured_media":2596,"comment_status":"open","ping_status":"closed","template":"","meta":[],"product_brand":[],"product_cat":[74],"product_tag":[],"class_list":{"0":"post-2517","1":"product","2":"type-product","3":"status-publish","4":"has-post-thumbnail","6":"product_cat-fumot-vape","8":"first","9":"instock","10":"shipping-taxable","11":"purchasable","12":"product-type-variable"},"_links":{"self":[{"href":"https:\/\/apexvape.de\/hu\/wp-json\/wp\/v2\/product\/2517","targetHints":{"allow":["GET"]}}],"collection":[{"href":"https:\/\/apexvape.de\/hu\/wp-json\/wp\/v2\/product"}],"about":[{"href":"https:\/\/apexvape.de\/hu\/wp-json\/wp\/v2\/types\/product"}],"replies":[{"embeddable":true,"href":"https:\/\/apexvape.de\/hu\/wp-json\/wp\/v2\/comments?post=2517"}],"version-history":[{"count":0,"href":"https:\/\/apexvape.de\/hu\/wp-json\/wp\/v2\/product\/2517\/revisions"}],"wp:featuredmedia":[{"embeddable":true,"href":"https:\/\/apexvape.de\/hu\/wp-json\/wp\/v2\/media\/2596"}],"wp:attachment":[{"href":"https:\/\/apexvape.de\/hu\/wp-json\/wp\/v2\/media?parent=2517"}],"wp:term":[{"taxonomy":"product_brand","embeddable":true,"href":"https:\/\/apexvape.de\/hu\/wp-json\/wp\/v2\/product_brand?post=2517"},{"taxonomy":"product_cat","embeddable":true,"href":"https:\/\/apexvape.de\/hu\/wp-json\/wp\/v2\/product_cat?post=2517"},{"taxonomy":"product_tag","embeddable":true,"href":"https:\/\/apexvape.de\/hu\/wp-json\/wp\/v2\/product_tag?post=2517"}],"curies":[{"name":"wp","href":"https:\/\/api.w.org\/{rel}","templated":true}]}}