{"id":2424,"date":"2025-11-22T14:49:42","date_gmt":"2025-11-22T13:49:42","guid":{"rendered":"https:\/\/apexvape.de\/?post_type=product&#038;p=2424"},"modified":"2025-11-22T15:04:39","modified_gmt":"2025-11-22T14:04:39","slug":"fumot-tornado-25000","status":"publish","type":"product","link":"https:\/\/apexvape.de\/hu\/product\/fumot-tornado-25000\/","title":{"rendered":"Fumot Tornado 25000 slukk eldobhat\u00f3 vape"},"content":{"rendered":"<h2>Fumot Tornado 25000 sz\u00edv\u00e1s 2% 3% 5% alacsony nikotintartalom Nagykereskedelmi v\u00e1s\u00e1rl\u00e1s Nagykereskedelmi \u00fajrat\u00f6lthet\u0151 e-cigaretta digit\u00e1lis kijelz\u0151vel<\/h2>\n<p>A <strong>Fumot Tornado 25000<\/strong> egy eldobhat\u00f3 e-cigaretta kett\u0151s h\u00e1l\u00f3s tekercsrendszerrel \u00e9s intelligens \u00e9rint\u0151k\u00e9perny\u0151vel. A k\u00e9sz\u00fcl\u00e9k 20 ml e-folyad\u00e9kot tartalmaz \u00e9s ak\u00e1r 25 000 slukkot is lehet\u0151v\u00e9 tesz. A Tornado 25000 4 nikotinszintben kaphat\u00f3: 0%, 2%, 3% \u00e9s 5%, valamint 26 k\u00fcl\u00f6nb\u00f6z\u0151 \u00edzben. Az alj\u00e1n tal\u00e1lhat\u00f3 gyorsan t\u00f6lthet\u0151 Type-C csatlakoz\u00f3val biztos\u00edthatja, hogy minden e-liquidet teljesen felhaszn\u00e1lhasson.<\/p>\n<h3>Fumot Tornado 25000 sz\u00edv\u00e1s \u2013 Term\u00e9kjellemz\u0151k:<\/h3>\n<p>A Fumot Tornado 25000 leny\u0171g\u00f6z\u0151 25 000 sz\u00edv\u00e1ssal rendelkezik, \u00edgy az egyik legtart\u00f3sabb e-cigaretta a piacon. Finom \u00edzekben kaphat\u00f3, p\u00e9ld\u00e1ul \u00e1fonya-m\u00e1lna \u00e9s eper-menta cukorka \u00edzben, \u00e9s minden sz\u00edv\u00e1sn\u00e1l intenz\u00edv \u00edzt biztos\u00edt. A kett\u0151s h\u00e1l\u00f3s tekercsrendszer l\u00e1gy, arom\u00e1s g\u0151zt hoz l\u00e9tre, kiv\u00e1l\u00f3 g\u0151ztermel\u00e9ssel, hogy az \u00e9lm\u00e9ny v\u00e9gig kiel\u00e9g\u00edt\u0151 legyen.<\/p>\n<p>A k\u00e9sz\u00fcl\u00e9k egy \u00fajrat\u00f6lthet\u0151 700 mAh-s akkumul\u00e1torral rendelkezik, amelynek Type-C t\u00f6lt\u0151csatlakoz\u00f3ja gyors \u00e9s k\u00e9nyelmes t\u00f6lt\u00e9st biztos\u00edt. Ennek az e-cigarett\u00e1nak a k\u00fcl\u00f6nlegess\u00e9ge a 1,77 h\u00fcvelykes \u00e9rint\u0151k\u00e9perny\u0151s kijelz\u0151, amely fontos inform\u00e1ci\u00f3kat jelen\u00edt meg, mint p\u00e9ld\u00e1ul az akkumul\u00e1tor t\u00f6lt\u00f6tts\u00e9gi szintje, a sz\u00edv\u00e1sok sz\u00e1ma \u00e9s a teljes\u00edtm\u00e9nybe\u00e1ll\u00edt\u00e1sok. Ez a j\u00f3l olvashat\u00f3 k\u00e9perny\u0151 lehet\u0151v\u00e9 teszi, hogy n\u00e9h\u00e1ny \u00e9rint\u00e9ssel figyelemmel k\u00eds\u00e9rje \u00e9s testreszabja a g\u0151z\u00f6l\u00e9si \u00e9lm\u00e9nyt.<\/p>\n<p>Kiemelked\u0151 jellemz\u0151je az integr\u00e1lt j\u00e1t\u00e9km\u00f3d, amely sz\u00f3rakoztat\u00f3 interakt\u00edv elemet ad a g\u0151z\u00f6l\u00e9shez. A sz\u00fcnetekben r\u00f6vid j\u00e1t\u00e9kokat \u00e9lvezhet, ami a Fumot Tornado 25000-et t\u00f6bb\u00e9 teszi egy egyszer\u0171 e-cigarett\u00e1n\u00e1l. Az eleg\u00e1ns \u00e9rint\u0151k\u00e9perny\u0151s kezel\u0151fel\u00fclet lehet\u0151v\u00e9 teszi az \u00f6sszes be\u00e1ll\u00edt\u00e1s \u00e9s funkci\u00f3 egyszer\u0171 navig\u00e1l\u00e1s\u00e1t.<\/p>\n<p>A be\u00e1ll\u00edthat\u00f3 teljes\u00edtm\u00e9ny 24 W \u00e9s 80 W k\u00f6z\u00f6tt mozog, \u00edgy \u00d6n a saj\u00e1t g\u0151z\u00f6l\u00e9si st\u00edlus\u00e1hoz igaz\u00edthatja. V\u00e1lasszon alacsonyabb watt\u00e9rt\u00e9keket a l\u00e1gy, k\u00f6nny\u0171 sz\u00edv\u00e1sokhoz, vagy n\u00f6velje 80 W-ra az er\u0151teljes, intenz\u00edv g\u0151zk\u00e9pz\u0151d\u00e9shez. Ez a rugalmass\u00e1g teszi a Fumot Tornado 25000-et mindenki sz\u00e1m\u00e1ra alkalmas eszk\u00f6zz\u00e9 \u2013 f\u00fcggetlen\u00fcl att\u00f3l, hogy \u00faj a g\u0151z\u00f6l\u00e9sben, vagy tapasztalt felhaszn\u00e1l\u00f3, aki egy sokfunkci\u00f3s eszk\u00f6zt keres.<\/p>\n<h3>M\u0171szaki adatok:<\/h3>\n<ul>\n<li>Nikotintartalom: 2% \/ 3% \/ 5%<\/li>\n<li>700 mAh \u00fajrat\u00f6lthet\u0151 akkumul\u00e1tor<\/li>\n<li>Vonatok: 25 000 vonat<\/li>\n<li>Tart\u00e1ly kapacit\u00e1s: 20 ml<\/li>\n<li>\u00e9rint\u0151kapcsol\u00f3<\/li>\n<li>1,77 h\u00fcvelykes TFT k\u00e9perny\u0151<\/li>\n<li>Teljes\u00edtm\u00e9ny be\u00e1ll\u00edt\u00e1sa a touchscreen h\u00e1romszori megnyom\u00e1s\u00e1val<\/li>\n<li>Kijelz\u0151 t\u00f6lt\u00f6tts\u00e9gi szintjelz\u0151vel \u00e9s akkumul\u00e1tor-kijelz\u0151vel<\/li>\n<li>C t\u00edpus\u00fa csatlakoz\u00f3<\/li>\n<li>26 \u00edz el\u00e9rhet\u0151<\/li>\n<li>Kett\u0151s h\u00e1l\u00f3s tekercsrendszer<\/li>\n<\/ul>\n<h3>\u00cdzek:<\/h3>\n<ol>\n<li>Banana Ice (Ban\u00e1n j\u00e9gkr\u00e9m)<\/li>\n<li>Eper-g\u00f6r\u00f6gdinnye (Erdbeere Wassermelone)<\/li>\n<li>Miami Mint (Miami-menta)<\/li>\n<li>Blueberry Raspberry (\u00e1fonya-m\u00e1lna)<\/li>\n<li>Black Ice (Fekete j\u00e9g)<\/li>\n<li>White Gummy Ice (Feh\u00e9r gumicukorka j\u00e9gkr\u00e9m)<\/li>\n<li>Watermelon Ice (G\u00f6r\u00f6gdinnye j\u00e9gkr\u00e9m)<\/li>\n<li>Juicy Peach Ice (L\u00e9d\u00fas \u0151szibarack j\u00e9gkr\u00e9m)<\/li>\n<li>Pink Lemonade (r\u00f3zsasz\u00edn limon\u00e1d\u00e9)<\/li>\n<li>Eper-mang\u00f3 (Erdbeere Mango)<\/li>\n<li>Peach Mango Watermelon (\u0150szibarack, mang\u00f3, g\u00f6r\u00f6gdinnye)<\/li>\n<li>Grape Lemon (sz\u0151l\u0151 citrom)<\/li>\n<li>Tropical Rainbow Blast (Tr\u00f3pusi sziv\u00e1rv\u00e1ny)<\/li>\n<li>Cherry Bomb (Cseresznyebomba)<\/li>\n<li>Eper-menta cukorka<\/li>\n<li>Double Apple (Dupla alma)<\/li>\n<li>Blueberry On Ice (\u00c1fonya j\u00e9gen)<\/li>\n<li>Strawberry Ice (Eper j\u00e9gkr\u00e9m)<\/li>\n<li>Lush Ice (B\u0151s\u00e9ges j\u00e9g)<\/li>\n<li>Pineapple Ice (Anan\u00e1sz j\u00e9gkr\u00e9m)<\/li>\n<li>Grape Ice (sz\u0151l\u0151 j\u00e9g)<\/li>\n<li>Dr Blue (Dr. Blau)<\/li>\n<li>Kiwi Passi\u00f3gy\u00fcm\u00f6lcs Guava (Kiwi Maracuja Guava)<\/li>\n<li>Cherry Cola (csereszny\u00e9s k\u00f3la)<\/li>\n<li>Cool Mint (H\u0171s\u00edt\u0151 menta)<\/li>\n<li>Strawberry Red Bull (Erdbeere Red Bull)<\/li>\n<\/ol>\n<h3>Gyakran ism\u00e9telt k\u00e9rd\u00e9sek (GYIK)<\/h3>\n<p><strong>1. H\u00e1ny mozdulatot k\u00edn\u00e1l a Fumot Tornado 25k?<\/strong> A Fumot Tornado 25000 20 ml-es e-liquid kapacit\u00e1s\u00e1val ak\u00e1r 25 000 sz\u00edv\u00e1st is biztos\u00edt.<\/p>\n<p><strong>2. Milyen nikotintartalmak \u00e1llnak rendelkez\u00e9sre?<\/strong> A 0%, 2%, 3% vagy 5% nikotin opci\u00f3k k\u00f6z\u00fcl v\u00e1laszthat.<\/p>\n<p><strong>3. Van-e az eszk\u00f6znek \u00fajrat\u00f6lthet\u0151 akkumul\u00e1tora?<\/strong> Igen, 700 mAh-s akkumul\u00e1torral rendelkezik, amely Type-C t\u00f6lt\u0151csatlakoz\u00f3n kereszt\u00fcl gyorsan \u00e9s hat\u00e9konyan t\u00f6lthet\u0151.<\/p>\n<p><strong>4. Mi az a \u201ej\u00e1t\u00e9km\u00f3d\u201c?<\/strong> A j\u00e1t\u00e9km\u00f3d lehet\u0151v\u00e9 teszi a felhaszn\u00e1l\u00f3k sz\u00e1m\u00e1ra, hogy cyber-kock\u00e1kat dobjanak, \u00e9s interakt\u00edv, sz\u00f3rakoztat\u00f3 elemet ad a g\u0151z\u00f6l\u00e9shez.<\/p>\n<p><strong>5. Hogyan m\u0171k\u00f6dik az \u00e9rint\u0151k\u00e9perny\u0151?<\/strong> A Tornado 25k intelligens \u00e9rint\u0151kapcsol\u00f3val rendelkezik, amelynek seg\u00edts\u00e9g\u00e9vel a teljes\u00edtm\u00e9ny egyszer\u0171en be\u00e1ll\u00edthat\u00f3, \u00e9s a j\u00e1t\u00e9km\u00f3d a k\u00e9perny\u0151 meg\u00e9rint\u00e9s\u00e9vel aktiv\u00e1lhat\u00f3.<\/p>\n<h3 class=\"font-claude-response-heading text-text-100 mt-1 -mb-0.5\">Tov\u00e1bbi inform\u00e1ci\u00f3k \u00e9s term\u00e9kek<\/h3>\n<p class=\"font-claude-response-body whitespace-normal break-words\">Fedezze fel a Fumot Tornado 25000-et \u00e9s m\u00e1s kiv\u00e1l\u00f3 min\u0151s\u00e9g\u0171 e-cigarett\u00e1kat online \u00e1ruh\u00e1zunkban. L\u00e1togasson el weboldalunkra! <strong><a class=\"underline\" href=\"https:\/\/apexvape.de\/hu\/\">honlap<\/a><\/strong> a pr\u00e9mium g\u0151zterm\u00e9kek teljes v\u00e1laszt\u00e9k\u00e1\u00e9rt \u00e9s vonz\u00f3 aj\u00e1nlatok\u00e9rt. Ha kifejezetten a Fumot term\u00e9kek \u00e9rdeklik, akkor a <strong><a class=\"underline\" href=\"https:\/\/apexvape.de\/hu\/product-category\/fumot-vape\/\">FUMOT VAPE kateg\u00f3ria<\/a><\/strong> \u00e1tfog\u00f3 v\u00e1laszt\u00e9k innovat\u00edv, legmodernebb technol\u00f3gi\u00e1val k\u00e9sz\u00fclt eldobhat\u00f3 e-cigarett\u00e1kb\u00f3l. Haszn\u00e1lja ki gyors sz\u00e1ll\u00edt\u00e1sunkat, kompetens \u00fcgyf\u00e9lszolg\u00e1latunkat \u00e9s vonz\u00f3 nagykereskedelmi \u00e1rainkat \u00fczleti \u00fcgyfeleink sz\u00e1m\u00e1ra.<\/p>","protected":false},"excerpt":{"rendered":"<p class=\"font-claude-response-body whitespace-normal break-words\">A Fumot Tornado 25000 ak\u00e1r 25 000 sz\u00edv\u00e1st biztos\u00edt 20 ml e-liquiddel \u00e9s kett\u0151s h\u00e1l\u00f3s tekercsrendszerrel. Az 1,77 h\u00fcvelykes \u00e9rint\u0151k\u00e9perny\u0151s kijelz\u0151n l\u00e1that\u00f3 az akkumul\u00e1tor, a sz\u00edv\u00e1sok \u00e9s a teljes\u00edtm\u00e9ny (24-80 W). J\u00e1t\u00e9km\u00f3ddal, 700 mAh-s akkumul\u00e1torral, Type-C gyors t\u00f6lt\u00e9ssel \u00e9s 26 \u00edzzel. Innovat\u00edv \u00e9s nagy teljes\u00edtm\u00e9ny\u0171.<\/p>","protected":false},"featured_media":2506,"comment_status":"open","ping_status":"closed","template":"","meta":[],"product_brand":[],"product_cat":[74],"product_tag":[],"class_list":{"0":"post-2424","1":"product","2":"type-product","3":"status-publish","4":"has-post-thumbnail","6":"product_cat-fumot-vape","8":"first","9":"instock","10":"shipping-taxable","11":"purchasable","12":"product-type-variable"},"_links":{"self":[{"href":"https:\/\/apexvape.de\/hu\/wp-json\/wp\/v2\/product\/2424","targetHints":{"allow":["GET"]}}],"collection":[{"href":"https:\/\/apexvape.de\/hu\/wp-json\/wp\/v2\/product"}],"about":[{"href":"https:\/\/apexvape.de\/hu\/wp-json\/wp\/v2\/types\/product"}],"replies":[{"embeddable":true,"href":"https:\/\/apexvape.de\/hu\/wp-json\/wp\/v2\/comments?post=2424"}],"version-history":[{"count":0,"href":"https:\/\/apexvape.de\/hu\/wp-json\/wp\/v2\/product\/2424\/revisions"}],"wp:featuredmedia":[{"embeddable":true,"href":"https:\/\/apexvape.de\/hu\/wp-json\/wp\/v2\/media\/2506"}],"wp:attachment":[{"href":"https:\/\/apexvape.de\/hu\/wp-json\/wp\/v2\/media?parent=2424"}],"wp:term":[{"taxonomy":"product_brand","embeddable":true,"href":"https:\/\/apexvape.de\/hu\/wp-json\/wp\/v2\/product_brand?post=2424"},{"taxonomy":"product_cat","embeddable":true,"href":"https:\/\/apexvape.de\/hu\/wp-json\/wp\/v2\/product_cat?post=2424"},{"taxonomy":"product_tag","embeddable":true,"href":"https:\/\/apexvape.de\/hu\/wp-json\/wp\/v2\/product_tag?post=2424"}],"curies":[{"name":"wp","href":"https:\/\/api.w.org\/{rel}","templated":true}]}}