{"id":2235,"date":"2025-11-22T14:32:22","date_gmt":"2025-11-22T13:32:22","guid":{"rendered":"https:\/\/apexvape.de\/?post_type=product&#038;p=2235"},"modified":"2025-11-22T14:38:09","modified_gmt":"2025-11-22T13:38:09","slug":"fumot-tornado-20000","status":"publish","type":"product","link":"https:\/\/apexvape.de\/hu\/product\/fumot-tornado-20000\/","title":{"rendered":"Fumot Tornado 20000 sz\u00edv\u00e1sos eldobhat\u00f3 vape"},"content":{"rendered":"<h2>Fumot Tornado 20000 | 20 000 sz\u00edv\u00e1sos kett\u0151s h\u00e1l\u00f3s e-cigaretta nagykereskedelmi v\u00e1s\u00e1rl\u00e1shoz<\/h2>\n<p>A <strong>Fumot Tornado 20000 eldobhat\u00f3 e-cigaretta<\/strong> egy kett\u0151s h\u00e1l\u00f3s tekercses vape eszk\u00f6z intelligens LED kijelz\u0151vel. A k\u00e9t h\u00e1l\u00f3s tekercsnek k\u00f6sz\u00f6nhet\u0151en minden slukk ut\u00e1n intenz\u00edvebb \u00e9s teltebb \u00edzt \u00e9lvezhet. Az intelligens LED kijelz\u0151 val\u00f3s idej\u0171 inform\u00e1ci\u00f3kat ny\u00fajt, \u00e9s egy pillant\u00e1sra megmutatja a fontos r\u00e9szleteket, mint p\u00e9ld\u00e1ul az akkumul\u00e1tor t\u00f6lt\u00f6tts\u00e9gi szintj\u00e9t \u00e9s az e-liquid t\u00f6lt\u00f6tts\u00e9gi szintj\u00e9t. A k\u00e9sz\u00fcl\u00e9k 20 ml e-liquiddel van felt\u00f6ltve, \u00e9s ak\u00e1r 20 000 sz\u00edv\u00e1sra is alkalmas. 0 %, 2 %, 3 % \u00e9s 5 % nikotintartalommal, valamint 59 k\u00fcl\u00f6nb\u00f6z\u0151 \u00edzben kaphat\u00f3. A 850 mAh-s \u00fajrat\u00f6lthet\u0151 akkumul\u00e1torral felszerelt, nagy teljes\u00edtm\u00e9ny\u0171 elem hossz\u00fa \u00e9lettartamot biztos\u00edt, \u00e9s k\u00e9nyelmesen felt\u00f6lthet\u0151 a C-t\u00edpus\u00fa csatlakoz\u00f3n kereszt\u00fcl. Nincs t\u00f6bb\u00e9 olyan eldobhat\u00f3 e-cigaretta, amelynek akkumul\u00e1tora t\u00fal gyorsan lemer\u00fcl!<\/p>\n<h3>Fumot Tornado 20000 sz\u00edv\u00e1s \u2013 A legfontosabb jellemz\u0151k:<\/h3>\n<p>A Fumot Tornado 20000 innovat\u00edv Dual-Mesh-Coil technol\u00f3gi\u00e1j\u00e1val gy\u0151zi meg a felhaszn\u00e1l\u00f3kat, amely lehet\u0151v\u00e9 teszi az egy- \u00e9s kett\u0151s teljes\u00edtm\u00e9ny\u0171 m\u00f3dok k\u00f6z\u00f6tti v\u00e1lt\u00e1st. Az egyedi \u00fczemm\u00f3d egyenletes, l\u00e1gy g\u0151zt biztos\u00edt a pihentet\u0151 g\u0151z\u00f6l\u00e9shez, m\u00edg a kett\u0151s \u00fczemm\u00f3d intenz\u00edvebb g\u0151zfelh\u0151ket \u00e9s er\u0151sebb \u00edzt eredm\u00e9nyez. Ez a rugalmass\u00e1g lehet\u0151v\u00e9 teszi, hogy a g\u0151z\u00f6l\u00e9st b\u00e1rmikor hangulat\u00e1hoz \u00e9s preferenci\u00e1ihoz igaz\u00edtsa.<\/p>\n<p>Leny\u0171g\u00f6z\u0151, ak\u00e1r 20 000 sz\u00edv\u00e1sig terjed\u0151 kapacit\u00e1s\u00e1val a Fumot Tornado 20000 az egyik legtart\u00f3sabb eldobhat\u00f3 e-cigaretta a piacon. Ez a rendk\u00edv\u00fcli sz\u00edv\u00e1ssz\u00e1m hossz\u00fa \u00e9lvezetet jelent gyakori cser\u00e9k n\u00e9lk\u00fcl \u2013 ide\u00e1lis alkalmi \u00e9s napi haszn\u00e1latra egyar\u00e1nt. A k\u00e9sz\u00fcl\u00e9k intelligens LED-kijelz\u0151vel rendelkezik, amely val\u00f3s idej\u0171 inform\u00e1ci\u00f3kat jelen\u00edt meg az akkumul\u00e1tor \u00e1llapot\u00e1r\u00f3l \u00e9s a marad\u00e9k folyad\u00e9kmennyis\u00e9gr\u0151l, \u00edgy mindig tudni fogja, mikor kell t\u00f6lteni vagy mikor fog elfogyni az e-folyad\u00e9k.<\/p>\n<p>A k\u00e9sz\u00fcl\u00e9ket egy \u00fajrat\u00f6lthet\u0151 850 mAh-s akkumul\u00e1tor hajtja, amely t\u00f6bbsz\u00f6r is felt\u00f6lthet\u0151, \u00edgy az e-liquid teljes potenci\u00e1lj\u00e1t kihaszn\u00e1lhatja an\u00e9lk\u00fcl, hogy lemer\u00fclne. Ez a nagyobb akkumul\u00e1tor-kapacit\u00e1s a Dual Mesh technol\u00f3gi\u00e1val \u00e9s az \u00e1ll\u00edthat\u00f3 teljes\u00edtm\u00e9nym\u00f3dokkal kombin\u00e1lva garant\u00e1lja a rugalmas \u00e9s tart\u00f3s g\u0151z\u00f6l\u00e9si \u00e9lm\u00e9nyt, amely alkalmazkodik a napi haszn\u00e1lati szok\u00e1saihoz.<\/p>\n<p>A Fumot Tornado 20000 sz\u00e9les \u00edzv\u00e1laszt\u00e9kot k\u00edn\u00e1l minden \u00edzl\u00e9snek \u2013 legyen az gy\u00fcm\u00f6lcs\u00f6s, \u00e9des vagy friss\u00edt\u0151. Minden \u00edz az els\u0151t\u0151l az utols\u00f3 slukkig egyenletesen magas min\u0151s\u00e9get biztos\u00edt, \u00e9s kiel\u00e9g\u00edt\u0151 \u00e9lm\u00e9nyt garant\u00e1l a k\u00e9sz\u00fcl\u00e9k leny\u0171g\u00f6z\u0151 \u00e9lettartama alatt.<\/p>\n<h3>M\u0171szaki adatok:<\/h3>\n<ul>\n<li><strong>Vonatsz\u00e1m:<\/strong> Ak\u00e1r 20 000<\/li>\n<li><strong>Nikotintartalom:<\/strong> 0 % \/ 2 % \/ 3 % \/ 5 %<\/li>\n<li><strong>Akkumul\u00e1tor:<\/strong> 850 mAh (\u00fajrat\u00f6lthet\u0151)<\/li>\n<li><strong>E-liquid kapacit\u00e1s:<\/strong> 20 ml<\/li>\n<li><strong>S\u00faly:<\/strong> 120 g<\/li>\n<li><strong>Tekercsel\u0151 ellen\u00e1ll\u00e1s:<\/strong> 0,9 \u03a9<\/li>\n<li><strong>Kijelz\u0151:<\/strong> E-liquid \u00e9s akkumul\u00e1tor t\u00f6lt\u00f6tts\u00e9gi szintjelz\u0151<\/li>\n<\/ul>\n<h3>\u00cdzek:<\/h3>\n<ol>\n<li>\u00c1fonya-m\u00e1lna kem\u00e9ny cukorka<\/li>\n<li>K\u00e9k Razz<\/li>\n<li>Eper-kivi<\/li>\n<li>\u0150szibarack Anan\u00e1sz Narancs<\/li>\n<li>Skittles<\/li>\n<li>\u0150szibarack, mang\u00f3, g\u00f6r\u00f6gdinnye<\/li>\n<li>Epres fagylalt<\/li>\n<li>Pear Ice<\/li>\n<li>Vattacukor<\/li>\n<li>Zsel\u00e9s cukorka<\/li>\n<li>Uborka limon\u00e1d\u00e9<\/li>\n<li>Pina Colada<\/li>\n<li>Huckleberry<\/li>\n<li>G\u00f6r\u00f6gdinnye j\u00e9gkr\u00e9m<\/li>\n<li>Eper-g\u00f6r\u00f6gdinnye<\/li>\n<li>Vegyes bogy\u00f3s gy\u00fcm\u00f6lcs\u00f6k<\/li>\n<li>Licsi Hami dinnye<\/li>\n<li>Cseresznye-lime<\/li>\n<li>Anan\u00e1sz Citrom Z\u00f6ld alma<\/li>\n<li>Ban\u00e1n torta<\/li>\n<li>Mr Blue<\/li>\n<li>Cseresznye<\/li>\n<li>\u00c1fonya M\u00e1lna<\/li>\n<li>Csereszny\u00e9s k\u00f3la<\/li>\n<li>Kivi Passi\u00f3gy\u00fcm\u00f6lcs Guava<\/li>\n<li>Eper j\u00e9gkr\u00e9m<\/li>\n<li>Eper-m\u00e1lna-cseresznye j\u00e9gkr\u00e9m<\/li>\n<li>Cseresznye-bogy\u00f3<\/li>\n<li>\u00c1fonya-savany\u00fa m\u00e1lna<\/li>\n<li>\u0150szibarackos-m\u00e1ln\u00e1s<\/li>\n<li>K\u00e9k Razz gumicukorka<\/li>\n<li>H\u0171s\u00edt\u0151 menta<\/li>\n<li>Blueberry j\u00e9gen<\/li>\n<li>Cactus Ice<\/li>\n<li>V\u00f6r\u00f6s sz\u0151l\u0151 \u00e9s lime<\/li>\n<li>Cola Lemon<\/li>\n<li>Fekete ribizli alma<\/li>\n<li>Kaktusz kivi<\/li>\n<li>Cola Ice<\/li>\n<li>Apeg grapefruit<\/li>\n<li>\u00c1fonya kaktusz j\u00e9g<\/li>\n<li>Mang\u00f3-sz\u0151l\u0151 j\u00e9gkr\u00e9m<\/li>\n<li>Sz\u0151l\u0151-kivi<\/li>\n<\/ol>\n<h3>Gyakran ism\u00e9telt k\u00e9rd\u00e9sek (GYIK):<\/h3>\n<p><strong>F1: Mennyi ideig tart a Fumot Tornado 20000 sz\u00edv\u00e1sos e-cigaretta?<\/strong> A1: Ak\u00e1r 20 000 sz\u00edv\u00e1st is biztos\u00edt, ami az egy\u00e9ni g\u0151zhaszn\u00e1lati szok\u00e1sokt\u00f3l f\u00fcgg\u0151en hossz\u00fa \u00e9lettartamot tesz lehet\u0151v\u00e9.<\/p>\n<p><strong>F2: A Fumot Tornado 20k \u00fajrat\u00f6lthet\u0151?<\/strong> A2: Igen, be\u00e9p\u00edtett 850 mAh-s akkumul\u00e1torral rendelkezik, amely C t\u00edpus\u00fa k\u00e1bellel t\u00f6lthet\u0151.<\/p>\n<p><strong>F3: Milyen nikotintartalmak \u00e1llnak rendelkez\u00e9sre?<\/strong> A3: Ez a k\u00e9sz\u00fcl\u00e9k n\u00e9gy v\u00e1ltozatban kaphat\u00f3: 0 %, 2 %, 3 % \u00e9s 5 % nikotin, hogy minden ig\u00e9nyt kiel\u00e9g\u00edtsen.<\/p>\n<p><strong>F4: Hogyan tudom, mikor kell felt\u00f6lteni vagy kicser\u00e9lni az e-cigarett\u00e1t?<\/strong> A4: Az e-cigaretta digit\u00e1lis kijelz\u0151vel rendelkezik, amely egy\u00e9rtelm\u0171en jelzi az e-liquid \u00e9s az akkumul\u00e1tor t\u00f6lt\u00f6tts\u00e9gi szintj\u00e9t.<\/p>\n<h3 class=\"font-claude-response-heading text-text-100 mt-1 -mb-0.5\">Tov\u00e1bbi inform\u00e1ci\u00f3k \u00e9s term\u00e9kek<\/h3>\n<p class=\"font-claude-response-body whitespace-normal break-words\">Fedezze fel a Fumot Tornado 20000-et \u00e9s m\u00e1s kiv\u00e1l\u00f3 min\u0151s\u00e9g\u0171 e-cigarett\u00e1kat sz\u00e9les v\u00e1laszt\u00e9kunkban. <strong><a class=\"underline\" href=\"https:\/\/apexvape.de\/hu\/\">Apex Vape<\/a><\/strong> sz\u00e9les v\u00e1laszt\u00e9kban tal\u00e1lhat eldobhat\u00f3 e-cigarett\u00e1kat, pr\u00e9mium folyad\u00e9kokat \u00e9s vape-kieg\u00e9sz\u00edt\u0151ket vonz\u00f3 \u00e1ron. L\u00e1togasson el weboldalunkra <strong><a class=\"underline\" href=\"https:\/\/apexvape.de\/hu\/product-category\/fumot-vape\/\">FUMOT VAPE kateg\u00f3ria<\/a><\/strong>, hogy felfedezze a Fumot m\u00e1rka teljes term\u00e9kpalett\u00e1j\u00e1t, \u00e9s megtal\u00e1lja az \u00d6n ig\u00e9nyeinek legink\u00e1bb megfelel\u0151 k\u00e9sz\u00fcl\u00e9ket. Gyors sz\u00e1ll\u00edt\u00e1s, biztons\u00e1gos fizet\u00e9s \u00e9s els\u0151 oszt\u00e1ly\u00fa \u00fcgyf\u00e9lszolg\u00e1lat v\u00e1rja \u00d6nt.<\/p>","protected":false},"excerpt":{"rendered":"<p class=\"font-claude-response-body whitespace-normal break-words\">A Fumot Tornado 20000 kett\u0151s h\u00e1l\u00f3s tekercs technol\u00f3gi\u00e1j\u00e1val \u00e9s 20 ml e-liquidb\u0151l ak\u00e1r 20 000 slukkot biztos\u00edt. V\u00e1lasszon az egy- \u00e9s kett\u0151s teljes\u00edtm\u00e9ny\u0171 m\u00f3d k\u00f6z\u00f6tt az egy\u00e9ni \u00e9lvezet \u00e9rdek\u00e9ben. A LED-kijelz\u0151n l\u00e1that\u00f3 az akkumul\u00e1tor \u00e9s a folyad\u00e9k szintje, a 850 mAh-s akkumul\u00e1tor Type-C-vel t\u00f6lthet\u0151. 59 \u00edzben kaphat\u00f3.<\/p>","protected":false},"featured_media":2236,"comment_status":"open","ping_status":"closed","template":"","meta":[],"product_brand":[],"product_cat":[74],"product_tag":[],"class_list":{"0":"post-2235","1":"product","2":"type-product","3":"status-publish","4":"has-post-thumbnail","6":"product_cat-fumot-vape","8":"first","9":"instock","10":"shipping-taxable","11":"purchasable","12":"product-type-variable"},"_links":{"self":[{"href":"https:\/\/apexvape.de\/hu\/wp-json\/wp\/v2\/product\/2235","targetHints":{"allow":["GET"]}}],"collection":[{"href":"https:\/\/apexvape.de\/hu\/wp-json\/wp\/v2\/product"}],"about":[{"href":"https:\/\/apexvape.de\/hu\/wp-json\/wp\/v2\/types\/product"}],"replies":[{"embeddable":true,"href":"https:\/\/apexvape.de\/hu\/wp-json\/wp\/v2\/comments?post=2235"}],"version-history":[{"count":0,"href":"https:\/\/apexvape.de\/hu\/wp-json\/wp\/v2\/product\/2235\/revisions"}],"wp:featuredmedia":[{"embeddable":true,"href":"https:\/\/apexvape.de\/hu\/wp-json\/wp\/v2\/media\/2236"}],"wp:attachment":[{"href":"https:\/\/apexvape.de\/hu\/wp-json\/wp\/v2\/media?parent=2235"}],"wp:term":[{"taxonomy":"product_brand","embeddable":true,"href":"https:\/\/apexvape.de\/hu\/wp-json\/wp\/v2\/product_brand?post=2235"},{"taxonomy":"product_cat","embeddable":true,"href":"https:\/\/apexvape.de\/hu\/wp-json\/wp\/v2\/product_cat?post=2235"},{"taxonomy":"product_tag","embeddable":true,"href":"https:\/\/apexvape.de\/hu\/wp-json\/wp\/v2\/product_tag?post=2235"}],"curies":[{"name":"wp","href":"https:\/\/api.w.org\/{rel}","templated":true}]}}