{"id":1975,"date":"2025-11-22T14:11:46","date_gmt":"2025-11-22T13:11:46","guid":{"rendered":"https:\/\/apexvape.de\/?post_type=product&#038;p=1975"},"modified":"2025-11-22T14:22:28","modified_gmt":"2025-11-22T13:22:28","slug":"fumot-tornado-15000","status":"publish","type":"product","link":"https:\/\/apexvape.de\/hu\/product\/fumot-tornado-15000\/","title":{"rendered":"Fumot Tornado 15000 sz\u00edv\u00e1sos eldobhat\u00f3 e-cigaretta"},"content":{"rendered":"<h2>Fumot Tornado 15000 sz\u00edv\u00e1s | 0%-5% nikotin, 25 ml, egyszer haszn\u00e1latos e-cigaretta nagykereskedelemben<\/h2>\n<p>A Fumot Tornado 15000 ak\u00e1r 15 000 sz\u00edv\u00e1st biztos\u00edt 25 ml el\u0151re felt\u00f6lt\u00f6tt e-liquid kapacit\u00e1ssal \u00e9s 0%\/2%\/3%\/5% nikotintartalommal. A k\u00e9sz\u00fcl\u00e9k 850 mAh-s \u00fajrat\u00f6lthet\u0151 akkumul\u00e1torral m\u0171k\u00f6dik, h\u00e1l\u00f3s tekercsel\u00e9ssel rendelkezik az egyenletes meleg\u00edt\u00e9s \u00e9rdek\u00e9ben, valamint kijelz\u0151vel az akkumul\u00e1tor \u00e9s a folyad\u00e9k szintj\u00e9nek figyelemmel k\u00eds\u00e9r\u00e9s\u00e9hez. K\u00fcl\u00f6nb\u00f6z\u0151 \u00edzekben kaphat\u00f3, p\u00e9ld\u00e1ul Peach Ice, Blue Razz Lemonade \u00e9s Kiwi Passion Fruit Guava.<\/p>\n<h3>Fumot Tornado 15000 slukk F\u0151bb jellemz\u0151k<\/h3>\n<p>A Fumot Tornado 15000 leny\u0171g\u00f6z\u0151 15 000 sz\u00edv\u00e1s kapacit\u00e1s\u00e1r\u00f3l \u00e9s kiv\u00e1l\u00f3 teljes\u00edtm\u00e9ny\u00e9r\u0151l ismert. Ez az \u00fajrat\u00f6lthet\u0151, el\u0151re felt\u00f6lt\u00f6tt e-cigaretta praktikus kijelz\u0151vel rendelkezik, amely mind az akkumul\u00e1tor, mind a folyad\u00e9k szintj\u00e9t jelzi, \u00edgy mindig tudni fogja, mikor kell t\u00f6lteni. A k\u00e9sz\u00fcl\u00e9k fejlett technol\u00f3gi\u00e1t haszn\u00e1l, hogy minden sz\u00edv\u00e1sn\u00e1l kiv\u00e1l\u00f3 \u00edzeket \u00e9s kiel\u00e9g\u00edt\u0151 g\u0151ztermel\u00e9st biztos\u00edtson.<\/p>\n<p>A Fumot Tornado 15000 haszn\u00e1lata rendk\u00edv\u00fcl egyszer\u0171 a sz\u00edv\u00e1s \u00e1ltal aktiv\u00e1lt kialak\u00edt\u00e1s\u00e1nak k\u00f6sz\u00f6nhet\u0151en. Nincsenek bonyolult be\u00e1ll\u00edt\u00e1sok vagy gombok \u2013 csak sz\u00edvjon \u00e9s \u00e9lvezze! Ez az egyszer\u0171 megk\u00f6zel\u00edt\u00e9s teszi a k\u00e9sz\u00fcl\u00e9ket t\u00f6k\u00e9letess\u00e9 mind az \u00faj, mind a tapasztalt felhaszn\u00e1l\u00f3k sz\u00e1m\u00e1ra, akik probl\u00e9mamentes g\u0151z\u00f6l\u00e9si \u00e9lm\u00e9nyt szeretn\u00e9nek.<\/p>\n<p>A k\u00e9sz\u00fcl\u00e9k egy nagy teljes\u00edtm\u00e9ny\u0171, 850 mAh-s \u00fajrat\u00f6lthet\u0151 akkumul\u00e1torral m\u0171k\u00f6dik, amely USB Type-C k\u00e1bellel k\u00f6nnyen felt\u00f6lthet\u0151. Ha az akkumul\u00e1tor lemer\u00fcl, egyszer\u0171en csatlakoztassa a t\u00f6lt\u0151h\u00f6z, hogy felt\u00f6ltse, \u00e9s folytathassa a g\u0151z\u00f6l\u00e9st. Az \u00fajrat\u00f6lthet\u0151 akkumul\u00e1tor \u00e9s a 15 000 sz\u00edv\u00e1s kapacit\u00e1s kombin\u00e1ci\u00f3ja azt jelenti, hogy hosszabb ideig, megszak\u00edt\u00e1s n\u00e9lk\u00fcl g\u0151z\u00f6lhet.<\/p>\n<p>A kompakt \u00e9s zsebben hordozhat\u00f3 kialak\u00edt\u00e1snak k\u00f6sz\u00f6nhet\u0151en a Fumot Tornado 15000 k\u00f6nnyen sz\u00e1ll\u00edthat\u00f3. Ak\u00e1r munk\u00e1ban, ak\u00e1r bar\u00e1taival kir\u00e1ndulva, ak\u00e1r utaz\u00e1s k\u00f6zben \u2013 ezt a k\u00e9sz\u00fcl\u00e9ket a zseb\u00e9be teheti, \u00e9s eg\u00e9sz nap k\u00e9nyelmesen haszn\u00e1lhatja.<\/p>\n<h3>M\u0171szaki adatok<\/h3>\n<ul>\n<li><strong>Vonatok:<\/strong> 15 000 vonat<\/li>\n<li><strong>Folyad\u00e9k kapacit\u00e1s:<\/strong> 25 ml el\u0151re megt\u00f6lt\u00f6tt patron<\/li>\n<li><strong>T\u00edpus:<\/strong> Eldobhat\u00f3 e-cigaretta<\/li>\n<li><strong>Ellen\u00e1ll\u00e1s:<\/strong> 0,9 ohm<\/li>\n<li><strong>Akkumul\u00e1tor:<\/strong> Be\u00e9p\u00edtett 850 mAh akkumul\u00e1tor<\/li>\n<li><strong>Tekercs:<\/strong> H\u00e1l\u00f3s tekercs<\/li>\n<li><strong>T\u00f6lt\u00e9s:<\/strong> USB Type-C k\u00e1bel<\/li>\n<li><strong>Kijelz\u0151:<\/strong> LCD k\u00e9perny\u0151<\/li>\n<\/ul>\n<h3>\u00cdzek<\/h3>\n<ol>\n<li>K\u00e9k Razz limon\u00e1d\u00e9<\/li>\n<li>Peach Ice<\/li>\n<li>Savany\u00fa alma<\/li>\n<li>G\u00f6r\u00f6gdinnye j\u00e9gkr\u00e9m<\/li>\n<li>Blueberry j\u00e9gen<\/li>\n<li>\u00c1fonya M\u00e1lna<\/li>\n<li>Anan\u00e1sz j\u00e9g<\/li>\n<li>Cseresznye<\/li>\n<li>Eper j\u00e9gkr\u00e9m<\/li>\n<li>Vimto<\/li>\n<li>Sz\u0151l\u0151j\u00e9g<\/li>\n<li>Cola Ice<\/li>\n<li>Eper-g\u00f6r\u00f6gdinnye<\/li>\n<li>R\u00f3zsasz\u00edn limon\u00e1d\u00e9<\/li>\n<li>Vegyes bogy\u00f3s gy\u00fcm\u00f6lcs\u00f6k<\/li>\n<li>\u0150szibarack mang\u00f3<\/li>\n<li>S\u00e1rk\u00e1nygy\u00fcm\u00f6lcs<\/li>\n<li>Eper sz\u0151l\u0151<\/li>\n<li>Mr Blue<\/li>\n<li>Lush Ice<\/li>\n<li>J\u00e9gkr\u00e9m<\/li>\n<li>Eper-kivi<\/li>\n<li>Kivi Passi\u00f3gy\u00fcm\u00f6lcs Guava<\/li>\n<li>H\u00e1rmas bogy\u00f3s gy\u00fcm\u00f6lcs<\/li>\n<li>Ban\u00e1n j\u00e9gkr\u00e9m<\/li>\n<li>\u0150szibarack-\u00e1fonya cukorka<\/li>\n<li>Alma, \u0151szibarack, k\u00f6rte<\/li>\n<li>Bogy\u00f3s limon\u00e1d\u00e9<\/li>\n<li>K\u00e9k razz cseresznye<\/li>\n<li>\u00c1fonya r\u00e1g\u00f3gumi<\/li>\n<li>\u00c1fonya Cseresznye \u00c1fonya<\/li>\n<li>\u00c1fonya-gr\u00e1n\u00e1talma<\/li>\n<li>Bluesour m\u00e1lna<\/li>\n<li>Csereszny\u00e9s k\u00f3la<\/li>\n<li>Gumicuk<\/li>\n<li>Citrom \u00e9s lime<\/li>\n<li>Mang\u00f3 j\u00e9ggel<\/li>\n<li>Red Energy Ice<\/li>\n<li>Eper-ban\u00e1n<\/li>\n<li>Eper Red Bull<\/li>\n<li>Eper-g\u00f6r\u00f6gdinnye limon\u00e1d\u00e9<\/li>\n<li>J\u00e9gtea citrommal<\/li>\n<li>J\u00e9gtea \u0151szibarackos<\/li>\n<li>Fizzy Cherry<\/li>\n<li>Skittles<\/li>\n<li>H\u0171s\u00edt\u0151 menta<\/li>\n<li>Pina Colada<\/li>\n<li>Huckleberry<\/li>\n<li>\u00c1fonya-barack j\u00e9gkr\u00e9m<\/li>\n<li>Sz\u0151l\u0151-citrom<\/li>\n<li>Fanta<\/li>\n<li>Friss mentolos mojito<\/li>\n<li>Aloe Lemon Berries<\/li>\n<li>Z\u00f6ld alma, citrus, mentol<\/li>\n<li>Z\u00f6ld sz\u0151l\u0151 dinnye<\/li>\n<li>Kaktusz kivi<\/li>\n<li>Cola Lemon<\/li>\n<li>Cactus Ice<\/li>\n<li>K\u00e9k Razz gumicukorka<\/li>\n<\/ol>\n<h3>Gyakran ism\u00e9telt k\u00e9rd\u00e9sek (GYIK)<\/h3>\n<p><strong>K: Hogyan kell haszn\u00e1lni a Fumot 15000-et?<\/strong><\/p>\n<p>V: Amikor megkapja a Fumot csomagot, a TORNADO 15000 k\u00e9sz\u00fcl\u00e9ket egy lez\u00e1rt, k\u00f6nnyen felnyithat\u00f3 m\u0171anyag tasakban tal\u00e1lja. Egyszer\u0171en vegye ki a Fumot 15000 Vape Pen-t a csomagol\u00e1sb\u00f3l, \u00e9s vegyen egy els\u0151 slukkot \u2013 nincsenek gombok vagy men\u00fcrendszerek, \u00edgy a be\u00e1ll\u00edt\u00e1s egyszer\u0171.<\/p>\n<p><strong>K: Mi a leger\u0151sebb e-cigaretta?<\/strong><\/p>\n<p>V: Az e-cigaretta sz\u00edv\u00e1si \u00e9rz\u00e9s\u00e9nek er\u0151ss\u00e9ge olyan t\u00e9nyez\u0151kt\u0151l f\u00fcgg, mint a nikotinkoncentr\u00e1ci\u00f3, a tekercs kialak\u00edt\u00e1sa \u00e9s a l\u00e9g\u00e1raml\u00e1s. Egyes e-cigarett\u00e1k \u00fagy vannak kialak\u00edtva, hogy er\u0151sebb torok\u00e9rzetet ny\u00fajtsanak, mint m\u00e1sok. Ez\u00e9rt aj\u00e1nlatos megn\u00e9zni a term\u00e9kle\u00edr\u00e1sokat vagy a felhaszn\u00e1l\u00f3i \u00e9rt\u00e9kel\u00e9seket, hogy konkr\u00e9t aj\u00e1nl\u00e1sokat kapjon.<\/p>\n<p><strong>K: Az el\u0151re felt\u00f6lt\u00f6tt e-cigarett\u00e1k val\u00f3ban 15 000 slukkra elegend\u0151ek?<\/strong><\/p>\n<p>V: Az el\u0151re felt\u00f6lt\u00f6tt e-cigarett\u00e1k \u00e1ltal\u00e1ban egy el\u0151re meghat\u00e1rozott sz\u00e1m\u00fa slukkot tartalmaznak, de hogy ez a sz\u00e1m val\u00f3ban el\u00e9rhet\u0151-e, az az egy\u00e9ni haszn\u00e1lati szok\u00e1sokt\u00f3l, a bel\u00e9legz\u00e9s id\u0151tartam\u00e1t\u00f3l \u00e9s egy\u00e9b t\u00e9nyez\u0151kt\u0151l f\u00fcgg. N\u00e9mely e-cigaretta gy\u00e1rt\u00f3i k\u00f6r\u00fclbel\u00fcl 15 000 slukkot \u00edg\u00e9rnek, de a t\u00e9nyleges haszn\u00e1lat elt\u00e9rhet ett\u0151l.<\/p>\n<h3>Fedezze fel az ApexVape tov\u00e1bbi pr\u00e9mium e-cigarett\u00e1it<\/h3>\n<p>A Fumot Tornado 15000 csak egy a sok kiv\u00e1l\u00f3 min\u0151s\u00e9g\u0171 term\u00e9k k\u00f6z\u00fcl, amelyek megtal\u00e1lhat\u00f3k a k\u00edn\u00e1latunkban. <strong><a href=\"https:\/\/apexvape.de\/hu\/\">Apex Vape<\/a><\/strong> kiterjedt v\u00e1laszt\u00e9kot tal\u00e1l els\u0151 oszt\u00e1ly\u00fa e-cigarett\u00e1kb\u00f3l \u00e9s vaping kieg\u00e9sz\u00edt\u0151kb\u0151l minden ig\u00e9nyhez. Ha kifejezetten tov\u00e1bbi innovat\u00edv Fumot term\u00e9kek ir\u00e1nt \u00e9rdekl\u0151dik, l\u00e1togasson el weboldalunkra <strong><a href=\"https:\/\/apexvape.de\/hu\/product-category\/fumot-vape\/\">FUMOT VAPE kateg\u00f3ria<\/a><\/strong>, ahol felfedezheti ennek a n\u00e9pszer\u0171 m\u00e1rk\u00e1nak a teljes term\u00e9kpalett\u00e1j\u00e1t. Haszn\u00e1lja ki versenyk\u00e9pes nagykereskedelmi \u00e1rainkat, gyors sz\u00e1ll\u00edt\u00e1sunkat \u00e9s kiv\u00e1l\u00f3 \u00fcgyf\u00e9lszolg\u00e1latunkat. Rendeljen m\u00e9g ma, \u00e9s tapasztalja meg az Apex Vape min\u0151s\u00e9g\u00e9t.<\/p>","protected":false},"excerpt":{"rendered":"<p>A Fumot Tornado 15000 25 ml-es e-liquid tart\u00e1ly\u00e1nak k\u00f6sz\u00f6nhet\u0151en ak\u00e1r 15 000 slukkot is biztos\u00edt. LCD kijelz\u0151vel az akkumul\u00e1tor \u00e9s a folyad\u00e9k szintj\u00e9nek megjelen\u00edt\u00e9s\u00e9hez, 850 mAh-s \u00fajrat\u00f6lthet\u0151 akkumul\u00e1torral \u00e9s C t\u00edpus\u00fa t\u00f6lt\u0151vel. A 0,9 \u03a9-os h\u00e1l\u00f3s tekercs intenz\u00edv \u00edzt garant\u00e1l. Sz\u00edv\u00e1sra aktiv\u00e1l\u00f3d\u00f3, kompakt \u00e9s sokf\u00e9le v\u00e1ltozatban kaphat\u00f3. Ide\u00e1lis utaz\u00e1shoz.<\/p>","protected":false},"featured_media":1976,"comment_status":"open","ping_status":"closed","template":"","meta":[],"product_brand":[],"product_cat":[74],"product_tag":[],"class_list":{"0":"post-1975","1":"product","2":"type-product","3":"status-publish","4":"has-post-thumbnail","6":"product_cat-fumot-vape","8":"first","9":"instock","10":"shipping-taxable","11":"purchasable","12":"product-type-variable"},"_links":{"self":[{"href":"https:\/\/apexvape.de\/hu\/wp-json\/wp\/v2\/product\/1975","targetHints":{"allow":["GET"]}}],"collection":[{"href":"https:\/\/apexvape.de\/hu\/wp-json\/wp\/v2\/product"}],"about":[{"href":"https:\/\/apexvape.de\/hu\/wp-json\/wp\/v2\/types\/product"}],"replies":[{"embeddable":true,"href":"https:\/\/apexvape.de\/hu\/wp-json\/wp\/v2\/comments?post=1975"}],"version-history":[{"count":0,"href":"https:\/\/apexvape.de\/hu\/wp-json\/wp\/v2\/product\/1975\/revisions"}],"wp:featuredmedia":[{"embeddable":true,"href":"https:\/\/apexvape.de\/hu\/wp-json\/wp\/v2\/media\/1976"}],"wp:attachment":[{"href":"https:\/\/apexvape.de\/hu\/wp-json\/wp\/v2\/media?parent=1975"}],"wp:term":[{"taxonomy":"product_brand","embeddable":true,"href":"https:\/\/apexvape.de\/hu\/wp-json\/wp\/v2\/product_brand?post=1975"},{"taxonomy":"product_cat","embeddable":true,"href":"https:\/\/apexvape.de\/hu\/wp-json\/wp\/v2\/product_cat?post=1975"},{"taxonomy":"product_tag","embeddable":true,"href":"https:\/\/apexvape.de\/hu\/wp-json\/wp\/v2\/product_tag?post=1975"}],"curies":[{"name":"wp","href":"https:\/\/api.w.org\/{rel}","templated":true}]}}