{"id":1752,"date":"2025-11-22T13:57:43","date_gmt":"2025-11-22T12:57:43","guid":{"rendered":"https:\/\/apexvape.de\/?post_type=product&#038;p=1752"},"modified":"2025-11-22T14:02:19","modified_gmt":"2025-11-22T13:02:19","slug":"fumot-digital-box-12000","status":"publish","type":"product","link":"https:\/\/apexvape.de\/hu\/product\/fumot-digital-box-12000\/","title":{"rendered":"Fumot Digital Box 12000 sz\u00edv\u00e1sos eldobhat\u00f3 e-cigaretta"},"content":{"rendered":"<h2>Fumot Digital Box 12000 sz\u00edv\u00e1s | 20 ml e-liquid, 550 mAh akkumul\u00e1tor, LCD-kijelz\u0151, eldobhat\u00f3 vape<\/h2>\n<p>A Fumot Digital Box 12000 egy kiv\u00e1l\u00f3 min\u0151s\u00e9g\u0171, eldobhat\u00f3 e-cigaretta, amely 20 ml-es tart\u00e1ly\u00e1b\u00f3l leny\u0171g\u00f6z\u0151 12 000 slukkot biztos\u00edt. LED-kijelz\u0151vel rendelkezik, amelyen az akkumul\u00e1tor t\u00f6lt\u00f6tts\u00e9gi szintje \u00e9s az e-liquid t\u00f6lt\u00f6tts\u00e9gi szintje l\u00e1that\u00f3, \u00fajrat\u00f6lthet\u0151 550-850 mAh-s akkumul\u00e1torral rendelkezik, Type-C gyors t\u00f6lt\u00e9si funkci\u00f3val (30-45 perc), valamint 0,8 \u03a9-os h\u00e1l\u00f3s tekercsel, amely intenz\u00edv \u00edzt biztos\u00edt. 0-5% nikotintartalommal \u00e9s t\u00f6bb mint 15 \u00edzben kaphat\u00f3, MTL l\u00e9g\u00e1raml\u00e1ssal, biztons\u00e1gi \u00e1ramk\u00f6r\u00f6kkel \u00e9s tart\u00f3s alum\u00ednium h\u00e1zzal rendelkezik, s\u00falya mind\u00f6ssze 67 g. A sz\u00ednes jelz\u0151k \u00e9s a be\u00e9p\u00edtett v\u00e9delmi funkci\u00f3k megb\u00edzhat\u00f3 \u00e9s k\u00e9nyelmes g\u0151z\u00f6l\u00e9st biztos\u00edtanak eg\u00e9sz nap.<\/p>\n<h3>Fumot Digital Box 12000 sz\u00edv\u00e1s \u2013 K\u00fcl\u00f6nleges jellemz\u0151k:<\/h3>\n<p>A Fumot Digital Box 12000 rendk\u00edv\u00fcli, 20 milliliteres e-liquid kapacit\u00e1s\u00e1val gy\u0151zi meg a felhaszn\u00e1l\u00f3kat, amely hossz\u00fa g\u0151z\u00f6l\u00e9si id\u0151t biztos\u00edt an\u00e9lk\u00fcl, hogy folyamatosan ut\u00e1nt\u00f6lteni kellene. Ez a b\u0151s\u00e9ges kapacit\u00e1s k\u00e9z a k\u00e9zben j\u00e1r a leny\u0171g\u00f6z\u0151 12 000 sz\u00edv\u00e1ssal k\u00e9sz\u00fcl\u00e9kenk\u00e9nt, \u00e9s tart\u00f3s g\u0151z\u00f6l\u00e9si \u00e9lm\u00e9nyt ny\u00fajt, amely mind az alkalmi felhaszn\u00e1l\u00f3kat, mind a szenved\u00e9lyes g\u0151z\u00f6l\u0151ket kiel\u00e9g\u00edti.<\/p>\n<p>Az egyik leginnovat\u00edvabb funkci\u00f3 az integr\u00e1lt akkumul\u00e1tor- \u00e9s e-liquid-kijelz\u0151, amely folyamatosan t\u00e1j\u00e9koztatja \u00d6nt \u00e9s ellen\u0151rz\u00e9se alatt tartja a g\u0151z\u00f6l\u00e9si \u00e9lm\u00e9nyt. Ez a kett\u0151s ellen\u0151rz\u0151 rendszer lehet\u0151v\u00e9 teszi, hogy val\u00f3s id\u0151ben k\u00f6vesse nyomon mind az akkumul\u00e1tor teljes\u00edtm\u00e9ny\u00e9t, mind a fennmarad\u00f3 e-liquid szintet, \u00edgy soha nem \u00e9rheti meglepet\u00e9s a g\u0151z\u00f6l\u00e9s k\u00f6zben.<\/p>\n<p>A k\u00e9sz\u00fcl\u00e9k egy be\u00e9p\u00edtett 550 mAh-s akkumul\u00e1torral m\u0171k\u00f6dik, amely megb\u00edzhat\u00f3 \u00e9s \u00e1lland\u00f3 energiaell\u00e1t\u00e1st biztos\u00edt az eg\u00e9sz g\u0151z\u00f6l\u00e9s sor\u00e1n. B\u00e1r a Fumot Digital Box 12000 m\u00e1r eleve leny\u0171g\u00f6z\u0151 tart\u00f3ss\u00e1ggal rendelkezik, az akkumul\u00e1tor sz\u00fcks\u00e9g eset\u00e9n \u00fajrat\u00f6lthet\u0151, ami m\u00e9g tov\u00e1bb n\u00f6veli a k\u00e9sz\u00fcl\u00e9k haszn\u00e1lhat\u00f3s\u00e1g\u00e1t.<\/p>\n<p>Ez az \u00fajrat\u00f6lt\u00e9si funkci\u00f3 nemcsak lehet\u0151v\u00e9 teszi, hogy hosszabb ideig \u00e9lvezze az e-cigarett\u00e1j\u00e1t, hanem k\u00f6rnyezetbar\u00e1tabb v\u00e1laszt\u00e1s is, mivel lehet\u0151v\u00e9 teszi a k\u00e9sz\u00fcl\u00e9k \u00fajrafelhaszn\u00e1l\u00e1s\u00e1t \u00e9s cs\u00f6kkenti a hullad\u00e9kot. A nagy kapacit\u00e1s, a meghosszabb\u00edtott sz\u00edv\u00e1ssz\u00e1m \u00e9s az \u00fajrat\u00f6lthet\u0151s\u00e9g kombin\u00e1ci\u00f3ja a Fumot Digital Box 12000-et praktikus \u00e9s fenntarthat\u00f3 v\u00e1laszt\u00e1ss\u00e1 teszi azoknak a g\u0151z\u00f6l\u0151knek, akik tart\u00f3s teljes\u00edtm\u00e9nyt keresnek.<\/p>\n<h3>M\u0171szaki adatok:<\/h3>\n<ul>\n<li><strong>Nikotins\u00f3:<\/strong> 0% \/ 2% \/ 3% \/ 5%<\/li>\n<li><strong>E-folyad\u00e9k:<\/strong> 20 ml<\/li>\n<li><strong>Vonatok:<\/strong> ak\u00e1r 12 000<\/li>\n<li><strong>Kijelz\u0151:<\/strong> Akkumul\u00e1tor \u00e9s e-liquid kijelz\u0151<\/li>\n<li><strong>Akkumul\u00e1tor:<\/strong> \u00dajrat\u00f6lthet\u0151, 550 mAh<\/li>\n<li><strong>\u00cdzek:<\/strong> 53 v\u00e1ltozat<\/li>\n<li><strong>Csomagol\u00e1s:<\/strong> 10 darab\/doboz<\/li>\n<\/ul>\n<h3>\u00cdzjegyz\u00e9k:<\/h3>\n<ol>\n<li>H\u0171s\u00edt\u0151 menta<\/li>\n<li>G\u00f6r\u00f6gdinnye j\u00e9gkr\u00e9m<\/li>\n<li>Sz\u0151l\u0151j\u00e9g<\/li>\n<li>\u00c1fonya M\u00e1lna<\/li>\n<li>Eper-g\u00f6r\u00f6gdinnye<\/li>\n<li>Eper-ban\u00e1n<\/li>\n<li>Lush Ice<\/li>\n<li>Cseresznye<\/li>\n<li>Eper j\u00e9gkr\u00e9m<\/li>\n<li>J\u00e9gkr\u00e9m<\/li>\n<li>R\u00f3zsasz\u00edn limon\u00e1d\u00e9<\/li>\n<li>Mang\u00f3 j\u00e9ggel<\/li>\n<li>Vegyes bogy\u00f3s gy\u00fcm\u00f6lcs\u00f6k<\/li>\n<li>Epres f\u00e1nk<\/li>\n<li>Eper sz\u0151l\u0151<\/li>\n<li>Csereszny\u00e9s k\u00f3la<\/li>\n<li>Dr. Blue<\/li>\n<li>Blueberry j\u00e9gen<\/li>\n<li>Kivi Passi\u00f3gy\u00fcm\u00f6lcs Guava<\/li>\n<li>Eper-kivi<\/li>\n<li>\u0150szibarack mang\u00f3<\/li>\n<li>Peach Ice<\/li>\n<li>V\u00f6r\u00f6s alma j\u00e9g<\/li>\n<li>\u00c1fonya r\u00e1g\u00f3gumi<\/li>\n<li>Bogy\u00f3s limon\u00e1d\u00e9<\/li>\n<li>K\u00e9k Razz limon\u00e1d\u00e9<\/li>\n<li>Bluesour m\u00e1lna<\/li>\n<li>Eper Red Bull<\/li>\n<li>Alma-bogy\u00f3s gy\u00fcm\u00f6lcs robban\u00e1s<\/li>\n<li>G\u00f6r\u00f6gdinnye r\u00e1g\u00f3gumi<\/li>\n<li>M\u00e1lna-g\u00f6r\u00f6gdinnye<\/li>\n<li>Fekete j\u00e9g<\/li>\n<li>\u00c1fonya Cseresznye \u00c1fonya<\/li>\n<li>Strawberry Pomp (gr\u00e1n\u00e1talma)<\/li>\n<li>Vimto<\/li>\n<li>Cseresznye-bogy\u00f3<\/li>\n<li>Citrom \u00e9s lime<\/li>\n<li>Bing\u00f3 Crush<\/li>\n<li>\u00c1fonya-kivi<\/li>\n<li>Ban\u00e1n j\u00e9gkr\u00e9m<\/li>\n<li>S\u00e1rk\u00e1nygy\u00fcm\u00f6lcs j\u00e9gkr\u00e9m<\/li>\n<li>Gy\u00fcm\u00f6lcs\u00f6s f\u00fazi\u00f3<\/li>\n<li>Sz\u0151l\u0151-menta<\/li>\n<li>Szerelem 66<\/li>\n<li>Anan\u00e1sz j\u00e9g<\/li>\n<li>Red Energy Ice<\/li>\n<li>K\u00e9t alma<\/li>\n<li>Cola Ice<\/li>\n<li>J\u00e9gtea citrommal<\/li>\n<li>J\u00e9gtea \u0151szibarackos<\/li>\n<li>K\u00e9k Razz gumicukorka<\/li>\n<\/ol>\n<h3>Gyakran feltett k\u00e9rd\u00e9sek:<\/h3>\n<p><strong>F1: H\u00e1ny l\u00e9p\u00e9st k\u00edn\u00e1l a Fumot Digital Box 12K?<\/strong> Eszk\u00f6z\u00f6nk\u00e9nt ak\u00e1r 12 000 mozdulatot is k\u00e9pes v\u00e9grehajtani.<\/p>\n<p><strong>F2: Mi teszi k\u00fcl\u00f6nlegess\u00e9 a Digital Box verzi\u00f3t?<\/strong> Digit\u00e1lis kijelz\u0151vel rendelkezik, amely mind az akkumul\u00e1tor teljes\u00edtm\u00e9ny\u00e9t, mind az e-liquid szintj\u00e9t jelzi.<\/p>\n<p><strong>F3: Az eszk\u00f6z \u00fajrat\u00f6lthet\u0151?<\/strong> Igen, \u00fajrat\u00f6lthet\u0151 akkumul\u00e1torral \u00e9s Type-C t\u00f6lt\u00e9si funkci\u00f3val rendelkezik.<\/p>\n<h3>Tov\u00e1bbi inform\u00e1ci\u00f3k \u00e9s term\u00e9kek<\/h3>\n<p>Fedezze fel a kiv\u00e1l\u00f3 min\u0151s\u00e9g\u0171 e-cigarett\u00e1k \u00e9s vape term\u00e9kek teljes v\u00e1laszt\u00e9k\u00e1t a weboldalunkon. <strong><a href=\"https:\/\/apexvape.de\/hu\/\">honlap<\/a><\/strong>. A Fumot Digital Box 12000 r\u00e9sze a kiterjedt <strong>FUMOT VAPE<\/strong> Kollekci\u00f3, amelyben tov\u00e1bbi innovat\u00edv g\u0151zk\u00e9sz\u00fcl\u00e9keket \u00e9s egyszer haszn\u00e1latos e-cigarett\u00e1kat tal\u00e1lhat a Fumot-t\u00f3l. L\u00e1togasson el weboldalunkra <strong><a href=\"https:\/\/apexvape.de\/hu\/product-category\/fumot-vape\/\">FUMOT VAPE kateg\u00f3ria<\/a><\/strong>, hogy \u00f6sszehasonl\u00edtsa az \u00f6sszes el\u00e9rhet\u0151 modellt, \u00edzt \u00e9s nikotintartalmat, \u00e9s megtal\u00e1lja az \u00d6n ig\u00e9nyeinek legink\u00e1bb megfelel\u0151 term\u00e9ket.<\/p>","protected":false},"excerpt":{"rendered":"<p class=\"font-claude-response-body whitespace-normal break-words\">A Fumot Digital Box 12000 ak\u00e1r 12 000 sz\u00edv\u00e1st biztos\u00edt 20 ml e-liquid kapacit\u00e1ssal. Az LCD-kijelz\u0151n l\u00e1that\u00f3 az akkumul\u00e1tor t\u00f6lt\u00f6tts\u00e9gi szintje \u00e9s a folyad\u00e9k szintje, m\u00edg az \u00fajrat\u00f6lthet\u0151 550 mAh-s akkumul\u00e1tor gyors Type-C t\u00f6lt\u00e9st tesz lehet\u0151v\u00e9. A 0,8 \u03a9-os h\u00e1l\u00f3s tekercs t\u00f6bb mint 15 \u00edzben biztos\u00edt intenz\u00edv \u00edz\u00e9lm\u00e9nyt. Kompakt \u00e9s megb\u00edzhat\u00f3.<\/p>","protected":false},"featured_media":1753,"comment_status":"open","ping_status":"closed","template":"","meta":[],"product_brand":[],"product_cat":[74],"product_tag":[],"class_list":{"0":"post-1752","1":"product","2":"type-product","3":"status-publish","4":"has-post-thumbnail","6":"product_cat-fumot-vape","8":"first","9":"instock","10":"shipping-taxable","11":"purchasable","12":"product-type-variable"},"_links":{"self":[{"href":"https:\/\/apexvape.de\/hu\/wp-json\/wp\/v2\/product\/1752","targetHints":{"allow":["GET"]}}],"collection":[{"href":"https:\/\/apexvape.de\/hu\/wp-json\/wp\/v2\/product"}],"about":[{"href":"https:\/\/apexvape.de\/hu\/wp-json\/wp\/v2\/types\/product"}],"replies":[{"embeddable":true,"href":"https:\/\/apexvape.de\/hu\/wp-json\/wp\/v2\/comments?post=1752"}],"version-history":[{"count":0,"href":"https:\/\/apexvape.de\/hu\/wp-json\/wp\/v2\/product\/1752\/revisions"}],"wp:featuredmedia":[{"embeddable":true,"href":"https:\/\/apexvape.de\/hu\/wp-json\/wp\/v2\/media\/1753"}],"wp:attachment":[{"href":"https:\/\/apexvape.de\/hu\/wp-json\/wp\/v2\/media?parent=1752"}],"wp:term":[{"taxonomy":"product_brand","embeddable":true,"href":"https:\/\/apexvape.de\/hu\/wp-json\/wp\/v2\/product_brand?post=1752"},{"taxonomy":"product_cat","embeddable":true,"href":"https:\/\/apexvape.de\/hu\/wp-json\/wp\/v2\/product_cat?post=1752"},{"taxonomy":"product_tag","embeddable":true,"href":"https:\/\/apexvape.de\/hu\/wp-json\/wp\/v2\/product_tag?post=1752"}],"curies":[{"name":"wp","href":"https:\/\/api.w.org\/{rel}","templated":true}]}}